{"id":62644,"date":"2024-10-09T17:31:52","date_gmt":"2024-10-09T14:31:52","guid":{"rendered":"https:\/\/gohike.lv\/produkts\/gregory-pargajienu-mugursoma-gregory-deva-60-rc-sieviesu\/"},"modified":"2025-12-30T17:25:02","modified_gmt":"2025-12-30T14:25:02","slug":"gregory-deva-60-rc-pargajienu-mugursoma-sieviesu","status":"publish","type":"product","link":"https:\/\/gohike.lv\/ru\/produkts\/gregory-deva-60-rc-pargajienu-mugursoma-sieviesu\/","title":{"rendered":"Gregory &#8212; DEVA 60 RC p\u0101rg\u0101jienu mugursoma, sievie\u0161u"},"content":{"rendered":"<p>Ar antibakteri\u0101lu un elpojo\u0161u sieta materi\u0101lu muguras un gurnu da\u013c\u0101 un lielu U veida priek\u0161\u0113jo atveri, kas \u013cauj \u0113rti p\u0101rskat\u012bt somas saturu. Somai ir \u0113rta piek\u013cuve s\u0101nu kabat\u0101m un citas p\u0101rdom\u0101tas deta\u013cas. \u0160\u012b soma ir lab\u0101k\u0101 izv\u0113le vair\u0101ku dienu p\u0101rg\u0101jieniem.<br \/>\nRaksturlielumi:<br \/>\nTilpums: 60 litri;<br \/>\nIzm\u0113rs: 78H x 34W x 33D cm;<br \/>\nMaksim\u0101lais rekomend\u0113tais svars: 23 kg;<br \/>\nGurnu josta: 66 &#8212; 121 cm;<br \/>\nSvars: 2.09 kg;<br \/>\nGalvenais audums: 210D augsta bl\u012bvuma 40% p\u0101rstr\u0101d\u0101ts neilons ar C0 DWR: izstr\u0101d\u0101ts bez PFAS un 420D augsta bl\u012bvuma 45% p\u0101rstr\u0101d\u0101ts neilons ar C0 DWR: izstr\u0101d\u0101ts bez PFAS;<br \/>\nPamatne: 630D augsta bl\u012bvuma neilons ar C0 DWR: izstr\u0101d\u0101ts bez PFAS;<br \/>\nPlecu lences, gurnu josta, mugura: EVA putas un AirCushion siets;<br \/>\nR\u0101mis: Le\u0123\u0113tais t\u0113rauds, stikl\u0161\u0137iedras \u0161\u0137\u0113rsstie\u0146i un HDPE;<br \/>\nOdere: 40% p\u0113c pat\u0113ri\u0146a p\u0101rstr\u0101d\u0101ts 135d poliesters ar C0 DWR: izstr\u0101d\u0101ts bez PFAS;<br \/>\nBluesign apstiprin\u0101tas spr\u0101dzes;<br \/>\nLietus p\u0101rvalks: Taffeta neilons;<br \/>\nMuguras garums: XS 35-43 cm; S 38-46.<br \/>\nGalven\u0101s \u012bpa\u0161\u012bbas:<br \/>\nFreeFloat A3 r\u0101mis ar dinamiskiem elast\u012bgiem pane\u013ciem un autom\u0101tiski rot\u0113jo\u0161\u0101m plecu siksn\u0101m, kas kustas l\u012bdzi \u0137erme\u0146a dabiskaj\u0101m kust\u012bb\u0101m.<br \/>\nAirCushion Foamless aizmugures panelis nodro\u0161ina elpojam\u012bbu, nov\u0113r\u0161 spiediena punktus, izvada mitrumu un nekars\u0113.<br \/>\n3D plecu jostas un gurnu jostas konstrukcija nov\u0113r\u0161 kroku veido\u0161anos un spiediena punktus.<br \/>\nMuguras r\u0101mis apstr\u0101d\u0101ts ar Polygiene\u00ae Stays Fresh tehnolo\u0123ijum, kas kav\u0113 smaku izraiso\u0161u bakt\u0113riju vairo\u0161anos.<br \/>\nAutom\u0101tiski rot\u0113jo\u0161a, divu bl\u012bvumu plecu siksna ar kr\u016b\u0161u kaula siksnu ar integr\u0113tu dro\u0161\u012bbas svilpi un dzer\u0161anas sist\u0113mas trubi\u0146as klipsi<br \/>\nComfortGrip gurnu josta pal\u012bdz nov\u0113rst mugursomas sl\u012bd\u0113\u0161anu un notur somu augstu uz gurniem bez nepiecie\u0161am\u012bbas p\u0101rspriegot gurnu jostu.<br \/>\nPerimetra r\u0101mis no alum\u012bnija sakaus\u0113juma un stikla \u0161\u0137iedras \u0161\u0137\u0113rsstie\u0146\u012b stabilai slodzes tur\u0113\u0161anai.<br \/>\nPriek\u0161\u0113j\u0101 U-veida r\u0101v\u0113jsl\u0113dz\u0113ja piek\u013cuve mugursomas saturam.<br \/>\nDivas priek\u0161\u0113j\u0101s kabatas ar r\u0101v\u0113jsl\u0113dz\u0113ju ar starpsienu.<br \/>\nSaulesbri\u013c\u013cu QuickStow sist\u0113ma uz plecu jost\u0101m, lai \u0101tri, dro\u0161i un bez skr\u0101p\u0113jumiem piestiprin\u0101tu saulesbrilles.<br \/>\nIek\u0161\u0113j\u0101 dzer\u0161anas sist\u0113mas kabata ar SpeedClip pakaramo, kas sader\u012bgs ar Gregory&#8217;s 3D Hydro Trek dzer\u0161anas sist\u0113m\u0101m (dzer\u0161anas sist\u0113ma nop\u0113rkama atsevi\u0161\u0137i).<br \/>\nPeldo\u0161a aug\u0161\u0113j\u0101 kabata ar lielu nodal\u012bjumu ar r\u0101v\u0113jsl\u0113dz\u0113ju, mazu, \u0101tri pieejamu kabatu un apak\u0161\u0113jo kabatu ar r\u0101v\u0113jsl\u0113dz\u0113ju, atstarojo\u0161iem stiprin\u0101juma punktiem un atsl\u0113gas klipsi.<br \/>\nSideWinder kabata, kas \u013cauj piek\u013c\u016bt \u016bdens pudelei neno\u0146emot mugursomu.<br \/>\nLiela izm\u0113ra gurnu jostas kabatas ar r\u0101v\u0113jsl\u0113dz\u0113ju.<br \/>\nPriek\u0161\u0113j\u0101 lielizm\u0113ra, elast\u012bga t\u012bkla kabata ar dro\u0161u spr\u0101dzes aizdari.<br \/>\n\u0100tri pavelkama auklas aizdare un aug\u0161\u0113j\u0101s kompresijas siksnas.<br \/>\nApak\u0161\u0113jais nodal\u012bjums gu\u013cammaisam ar no\u0146emamu sadal\u012bt\u0101ju.<br \/>\nPiederumu stiprin\u0101juma sist\u0113ma, kas atrodas viegli pieejam\u0101 viet\u0101 uz gurniem aerosola maci\u0146am vai piederumu maisi\u0146iem.<br \/>\nRegul\u0113jamas stiprin\u0101juma cilpas un aug\u0161\u0113jie fiksatori trekinga n\u016bj\u0101m vai ledus cirtnim.<br \/>\nComfortGrip r\u0101v\u0113jsl\u0113dz\u0113ju \u013cipi\u0146as.<br \/>\nNANO CONNECT klip\u0161i \u013cauj savienot ar Nano 14 mugursomu (nav iek\u013cauta komplekt\u0101).<br \/>\nKop\u0161anas nor\u0101d\u012bjumi:<br \/>\nV\u0113lies, lai produkts kalpotu ilgi un uzticami? Tad piev\u0113rs uzman\u012bbu kop\u0161anas nor\u0101d\u012bjumiem!<br \/>\nT\u012br\u012bt ar m\u012bkstu birsti un remdenu \u016bdeni;<br \/>\nNet\u012br\u012bt \u0137\u012bmiski un neizmantot \u0161\u0137\u012bdin\u0101t\u0101jus traipu no\u0146em\u0161anai;<br \/>\nNeizmantot balin\u0101t\u0101jus;<br \/>\nNedr\u012bkst izmantot \u017e\u0101v\u0113t\u0101ju;<br \/>\nMazg\u0101t ve\u013cas ma\u0161\u012bn\u0101 delik\u0101t\u0101\/vilnas re\u017e\u012bm\u0101 (maks. 30\u00b0C);<br \/>\nMinim\u0101li centrif\u016bgas apgriezieni (max 400 rpm).<br \/>\nIlgtsp\u0113ja:<br \/>\n\u0160is produkts satur p\u0101rstr\u0101d\u0101tus materi\u0101lus ar bezkompromisu veiktsp\u0113ju un funkcionalit\u0101ti. P\u0101rstr\u0101d\u0101tu materi\u0101lu izv\u0113le samazina neapstr\u0101d\u0101tu resursu izmanto\u0161anu un pal\u012bdz veicin\u0101t aprites ekonomiku.<br \/>\n<iframe title=\"How to Fit Your Backpack | Gregory Mountain Products\" width=\"1200\" height=\"675\" src=\"https:\/\/www.youtube.com\/embed\/iCG6C_a5NIE?feature=oembed\" frameborder=\"0\" allow=\"accelerometer; autoplay; clipboard-write; encrypted-media; gyroscope; picture-in-picture; web-share\" referrerpolicy=\"strict-origin-when-cross-origin\" allowfullscreen><\/iframe><\/p>\n","protected":false},"excerpt":{"rendered":"<p>Gregory Deva 60 p\u0101rg\u0101jienu mugursoma izstr\u0101d\u0101ta gariem p\u0101rg\u0101jieniem un ir piemerota lielam svaram.<\/p>\n","protected":false},"featured_media":62647,"template":"","meta":[],"product_brand":[9717],"product_cat":[1827],"product_tag":[],"class_list":{"0":"post-62644","1":"product","2":"type-product","3":"status-publish","4":"has-post-thumbnail","6":"product_brand-gregory","7":"product_cat-mugursomas","8":"pa_izmers-s","9":"pa_izmers-xs","10":"pa_izmerscm-14940","11":"pa_produkta-tips-pargajienu-mugursomas","12":"pa_spalva-peleks","13":"pa_spalva-zals","14":"pa_tilpums-60l","16":"first","17":"instock","18":"taxable","19":"shipping-taxable","20":"purchasable","21":"product-type-variable"},"raw_content":{"name":"Gregory - DEVA 60 RC p\u0101rg\u0101jienu mugursoma, sievie\u0161u","description":"Ar antibakteri\u0101lu un elpojo\u0161u sieta materi\u0101lu muguras un gurnu da\u013c\u0101 un lielu U veida priek\u0161\u0113jo atveri, kas \u013cauj \u0113rti p\u0101rskat\u012bt somas saturu. Somai ir \u0113rta piek\u013cuve s\u0101nu kabat\u0101m un citas p\u0101rdom\u0101tas deta\u013cas. \u0160\u012b soma ir lab\u0101k\u0101 izv\u0113le vair\u0101ku dienu p\u0101rg\u0101jieniem.\nRaksturlielumi:\nTilpums: 60 litri;\nIzm\u0113rs: 78H x 34W x 33D cm;\nMaksim\u0101lais rekomend\u0113tais svars: 23 kg;\nGurnu josta: 66 - 121 cm;\nSvars: 2.09 kg;\nGalvenais audums: 210D augsta bl\u012bvuma 40% p\u0101rstr\u0101d\u0101ts neilons ar C0 DWR: izstr\u0101d\u0101ts bez PFAS un 420D augsta bl\u012bvuma 45% p\u0101rstr\u0101d\u0101ts neilons ar C0 DWR: izstr\u0101d\u0101ts bez PFAS;\nPamatne: 630D augsta bl\u012bvuma neilons ar C0 DWR: izstr\u0101d\u0101ts bez PFAS;\nPlecu lences, gurnu josta, mugura: EVA putas un AirCushion siets;\nR\u0101mis: Le\u0123\u0113tais t\u0113rauds, stikl\u0161\u0137iedras \u0161\u0137\u0113rsstie\u0146i un HDPE;\nOdere: 40% p\u0113c pat\u0113ri\u0146a p\u0101rstr\u0101d\u0101ts 135d poliesters ar C0 DWR: izstr\u0101d\u0101ts bez PFAS;\nBluesign apstiprin\u0101tas spr\u0101dzes;\nLietus p\u0101rvalks: Taffeta neilons;\nMuguras garums: XS 35-43 cm; S 38-46.\nGalven\u0101s \u012bpa\u0161\u012bbas:\nFreeFloat A3 r\u0101mis ar dinamiskiem elast\u012bgiem pane\u013ciem un autom\u0101tiski rot\u0113jo\u0161\u0101m plecu siksn\u0101m, kas kustas l\u012bdzi \u0137erme\u0146a dabiskaj\u0101m kust\u012bb\u0101m.\nAirCushion Foamless aizmugures panelis nodro\u0161ina elpojam\u012bbu, nov\u0113r\u0161 spiediena punktus, izvada mitrumu un nekars\u0113.\n3D plecu jostas un gurnu jostas konstrukcija nov\u0113r\u0161 kroku veido\u0161anos un spiediena punktus.\nMuguras r\u0101mis apstr\u0101d\u0101ts ar Polygiene\u00ae Stays Fresh tehnolo\u0123ijum, kas kav\u0113 smaku izraiso\u0161u bakt\u0113riju vairo\u0161anos.\nAutom\u0101tiski rot\u0113jo\u0161a, divu bl\u012bvumu plecu siksna ar kr\u016b\u0161u kaula siksnu ar integr\u0113tu dro\u0161\u012bbas svilpi un dzer\u0161anas sist\u0113mas trubi\u0146as klipsi\nComfortGrip gurnu josta pal\u012bdz nov\u0113rst mugursomas sl\u012bd\u0113\u0161anu un notur somu augstu uz gurniem bez nepiecie\u0161am\u012bbas p\u0101rspriegot gurnu jostu.\nPerimetra r\u0101mis no alum\u012bnija sakaus\u0113juma un stikla \u0161\u0137iedras \u0161\u0137\u0113rsstie\u0146\u012b stabilai slodzes tur\u0113\u0161anai.\nPriek\u0161\u0113j\u0101 U-veida r\u0101v\u0113jsl\u0113dz\u0113ja piek\u013cuve mugursomas saturam.\nDivas priek\u0161\u0113j\u0101s kabatas ar r\u0101v\u0113jsl\u0113dz\u0113ju ar starpsienu.\nSaulesbri\u013c\u013cu QuickStow sist\u0113ma uz plecu jost\u0101m, lai \u0101tri, dro\u0161i un bez skr\u0101p\u0113jumiem piestiprin\u0101tu saulesbrilles.\nIek\u0161\u0113j\u0101 dzer\u0161anas sist\u0113mas kabata ar SpeedClip pakaramo, kas sader\u012bgs ar Gregory's 3D Hydro Trek dzer\u0161anas sist\u0113m\u0101m (dzer\u0161anas sist\u0113ma nop\u0113rkama atsevi\u0161\u0137i).\nPeldo\u0161a aug\u0161\u0113j\u0101 kabata ar lielu nodal\u012bjumu ar r\u0101v\u0113jsl\u0113dz\u0113ju, mazu, \u0101tri pieejamu kabatu un apak\u0161\u0113jo kabatu ar r\u0101v\u0113jsl\u0113dz\u0113ju, atstarojo\u0161iem stiprin\u0101juma punktiem un atsl\u0113gas klipsi.\nSideWinder kabata, kas \u013cauj piek\u013c\u016bt \u016bdens pudelei neno\u0146emot mugursomu.\nLiela izm\u0113ra gurnu jostas kabatas ar r\u0101v\u0113jsl\u0113dz\u0113ju.\nPriek\u0161\u0113j\u0101 lielizm\u0113ra, elast\u012bga t\u012bkla kabata ar dro\u0161u spr\u0101dzes aizdari.\n\u0100tri pavelkama auklas aizdare un aug\u0161\u0113j\u0101s kompresijas siksnas.\nApak\u0161\u0113jais nodal\u012bjums gu\u013cammaisam ar no\u0146emamu sadal\u012bt\u0101ju.\nPiederumu stiprin\u0101juma sist\u0113ma, kas atrodas viegli pieejam\u0101 viet\u0101 uz gurniem aerosola maci\u0146am vai piederumu maisi\u0146iem.\nRegul\u0113jamas stiprin\u0101juma cilpas un aug\u0161\u0113jie fiksatori trekinga n\u016bj\u0101m vai ledus cirtnim.\nComfortGrip r\u0101v\u0113jsl\u0113dz\u0113ju \u013cipi\u0146as.\nNANO CONNECT klip\u0161i \u013cauj savienot ar Nano 14 mugursomu (nav iek\u013cauta komplekt\u0101).\nKop\u0161anas nor\u0101d\u012bjumi:\nV\u0113lies, lai produkts kalpotu ilgi un uzticami? Tad piev\u0113rs uzman\u012bbu kop\u0161anas nor\u0101d\u012bjumiem!\nT\u012br\u012bt ar m\u012bkstu birsti un remdenu \u016bdeni;\nNet\u012br\u012bt \u0137\u012bmiski un neizmantot \u0161\u0137\u012bdin\u0101t\u0101jus traipu no\u0146em\u0161anai;\nNeizmantot balin\u0101t\u0101jus;\nNedr\u012bkst izmantot \u017e\u0101v\u0113t\u0101ju;\nMazg\u0101t ve\u013cas ma\u0161\u012bn\u0101 delik\u0101t\u0101\/vilnas re\u017e\u012bm\u0101 (maks. 30\u00b0C);\nMinim\u0101li centrif\u016bgas apgriezieni (max 400 rpm).\nIlgtsp\u0113ja:\n\u0160is produkts satur p\u0101rstr\u0101d\u0101tus materi\u0101lus ar bezkompromisu veiktsp\u0113ju un funkcionalit\u0101ti. P\u0101rstr\u0101d\u0101tu materi\u0101lu izv\u0113le samazina neapstr\u0101d\u0101tu resursu izmanto\u0161anu un pal\u012bdz veicin\u0101t aprites ekonomiku.\nhttps:\/\/www.youtube.com\/watch?v=iCG6C_a5NIE","short_description":"Gregory Deva 60 p\u0101rg\u0101jienu mugursoma izstr\u0101d\u0101ta gariem p\u0101rg\u0101jieniem un ir piemerota lielam svaram.","status":"publish","sku":"greg0001","original":62644},"wpml":{"translation_type":1,"has_translations":true,"original":62644,"duplicates":[],"translations":{"lv":62644,"en":67084,"ru":null}},"supplier_id":null,"supplier_sku":"","barcode":null,"atum_controlled":true,"out_stock_date":null,"out_stock_threshold":null,"inheritable":false,"inbound_stock":0,"stock_on_hold":0,"sold_today":0,"sales_last_days":0,"reserved_stock":0,"customer_returns":0,"warehouse_damage":0,"lost_in_post":0,"other_logs":0,"out_stock_days":0,"lost_sales":0,"has_location":false,"update_date":"2025-12-30T14:30:31","atum_locations":[],"atum_stock_status":"instock","restock_status":false,"low_stock_amount":"","sales_update_date":"2025-11-13T14:07:27","calc_backorders":null,"yoast_head":"<!-- This site is optimized with the Yoast SEO plugin v27.3 - https:\/\/yoast.com\/product\/yoast-seo-wordpress\/ -->\n<title>Gregory - DEVA 60 RC p\u0101rg\u0101jienu mugursoma, sievie\u0161u<\/title>\n<meta name=\"description\" content=\"Gregory Deva 60 p\u0101rg\u0101jienu mugursoma izstr\u0101d\u0101ta gariem p\u0101rg\u0101jieniem un ir piemerota lielam svaram.\" \/>\n<meta name=\"robots\" content=\"index, follow, max-snippet:-1, max-image-preview:large, max-video-preview:-1\" \/>\n<link rel=\"canonical\" href=\"https:\/\/gohike.lv\/ru\/produkts\/gregory-deva-60-rc-pargajienu-mugursoma-sieviesu\/\" \/>\n<meta property=\"og:locale\" content=\"ru_RU\" \/>\n<meta property=\"og:type\" content=\"article\" \/>\n<meta property=\"og:title\" content=\"P\u0101rg\u0101jienu mugursoma Gregory DEVA 60 RC sievie\u0161u\" \/>\n<meta property=\"og:description\" content=\"Gregory Deva 60 p\u0101rg\u0101jienu mugursoma izstr\u0101d\u0101ta gariem p\u0101rg\u0101jieniem un ir piemerota lielam svaram.\" \/>\n<meta property=\"og:url\" content=\"https:\/\/gohike.lv\/ru\/produkts\/gregory-deva-60-rc-pargajienu-mugursoma-sieviesu\/\" \/>\n<meta property=\"og:site_name\" content=\"GoHike\" \/>\n<meta property=\"article:publisher\" content=\"https:\/\/www.facebook.com\/gohike.shop\/\" \/>\n<meta property=\"article:modified_time\" content=\"2025-12-30T14:25:02+00:00\" \/>\n<meta property=\"og:image\" content=\"https:\/\/gohike.lv\/wp-content\/uploads\/2024\/10\/Deva60_XS_green_-1.webp\" \/>\n\t<meta property=\"og:image:width\" content=\"600\" \/>\n\t<meta property=\"og:image:height\" content=\"600\" \/>\n\t<meta property=\"og:image:type\" content=\"image\/webp\" \/>\n<meta name=\"twitter:card\" content=\"summary_large_image\" \/>\n<meta name=\"twitter:title\" content=\"P\u0101rg\u0101jienu mugursoma Gregory DEVA 60 RC sievie\u0161u\" \/>\n<meta name=\"twitter:label1\" content=\"\u041f\u0440\u0438\u043c\u0435\u0440\u043d\u043e\u0435 \u0432\u0440\u0435\u043c\u044f \u0434\u043b\u044f \u0447\u0442\u0435\u043d\u0438\u044f\" \/>\n\t<meta name=\"twitter:data1\" content=\"3 \u043c\u0438\u043d\u0443\u0442\u0430\" \/>\n<script type=\"application\/ld+json\" class=\"yoast-schema-graph\">{\"@context\":\"https:\\\/\\\/schema.org\",\"@graph\":[{\"@type\":[\"WebPage\",\"ItemPage\"],\"@id\":\"https:\\\/\\\/gohike.lv\\\/ru\\\/produkts\\\/gregory-deva-60-rc-pargajienu-mugursoma-sieviesu\\\/\",\"url\":\"https:\\\/\\\/gohike.lv\\\/ru\\\/produkts\\\/gregory-deva-60-rc-pargajienu-mugursoma-sieviesu\\\/\",\"name\":\"Gregory - DEVA 60 RC p\u0101rg\u0101jienu mugursoma, sievie\u0161u\",\"isPartOf\":{\"@id\":\"https:\\\/\\\/gohike.lv\\\/ru\\\/#website\"},\"primaryImageOfPage\":{\"@id\":\"https:\\\/\\\/gohike.lv\\\/ru\\\/produkts\\\/gregory-deva-60-rc-pargajienu-mugursoma-sieviesu\\\/#primaryimage\"},\"image\":{\"@id\":\"https:\\\/\\\/gohike.lv\\\/ru\\\/produkts\\\/gregory-deva-60-rc-pargajienu-mugursoma-sieviesu\\\/#primaryimage\"},\"thumbnailUrl\":\"https:\\\/\\\/gohike.lv\\\/wp-content\\\/uploads\\\/2024\\\/10\\\/Deva60_XS_green_-1.webp\",\"datePublished\":\"2024-10-09T14:31:52+00:00\",\"dateModified\":\"2025-12-30T14:25:02+00:00\",\"description\":\"Gregory Deva 60 p\u0101rg\u0101jienu mugursoma izstr\u0101d\u0101ta gariem p\u0101rg\u0101jieniem un ir piemerota lielam svaram.\",\"breadcrumb\":{\"@id\":\"https:\\\/\\\/gohike.lv\\\/ru\\\/produkts\\\/gregory-deva-60-rc-pargajienu-mugursoma-sieviesu\\\/#breadcrumb\"},\"inLanguage\":\"ru-RU\",\"potentialAction\":[{\"@type\":\"ReadAction\",\"target\":[\"https:\\\/\\\/gohike.lv\\\/ru\\\/produkts\\\/gregory-deva-60-rc-pargajienu-mugursoma-sieviesu\\\/\"]}]},{\"@type\":\"ImageObject\",\"inLanguage\":\"ru-RU\",\"@id\":\"https:\\\/\\\/gohike.lv\\\/ru\\\/produkts\\\/gregory-deva-60-rc-pargajienu-mugursoma-sieviesu\\\/#primaryimage\",\"url\":\"https:\\\/\\\/gohike.lv\\\/wp-content\\\/uploads\\\/2024\\\/10\\\/Deva60_XS_green_-1.webp\",\"contentUrl\":\"https:\\\/\\\/gohike.lv\\\/wp-content\\\/uploads\\\/2024\\\/10\\\/Deva60_XS_green_-1.webp\",\"width\":600,\"height\":600},{\"@type\":\"BreadcrumbList\",\"@id\":\"https:\\\/\\\/gohike.lv\\\/ru\\\/produkts\\\/gregory-deva-60-rc-pargajienu-mugursoma-sieviesu\\\/#breadcrumb\",\"itemListElement\":[{\"@type\":\"ListItem\",\"position\":1,\"name\":\"\u0413\u043b\u0430\u0432\u043d\u0430\u044f\",\"item\":\"https:\\\/\\\/gohike.lv\\\/ru\\\/\"},{\"@type\":\"ListItem\",\"position\":2,\"name\":\"\u041a\u0430\u0442\u0435\u0433\u043e\u0440\u0438\u0438 \u0442\u043e\u0432\u0430\u0440\u043e\u0432\",\"item\":\"https:\\\/\\\/gohike.lv\\\/%d0%ba%d0%b0%d1%82%d0%b5%d0%b3%d0%be%d1%80%d0%b8%d0%b8-%d1%82%d0%be%d0%b2%d0%b0%d1%80%d0%be%d0%b2\\\/\"},{\"@type\":\"ListItem\",\"position\":3,\"name\":\"Gregory &#8211; DEVA 60 RC p\u0101rg\u0101jienu mugursoma, sievie\u0161u\"}]},{\"@type\":\"WebSite\",\"@id\":\"https:\\\/\\\/gohike.lv\\\/ru\\\/#website\",\"url\":\"https:\\\/\\\/gohike.lv\\\/ru\\\/\",\"name\":\"GoHike\",\"description\":\"\",\"publisher\":{\"@id\":\"https:\\\/\\\/gohike.lv\\\/ru\\\/#organization\"},\"potentialAction\":[{\"@type\":\"SearchAction\",\"target\":{\"@type\":\"EntryPoint\",\"urlTemplate\":\"https:\\\/\\\/gohike.lv\\\/ru\\\/?s={search_term_string}\"},\"query-input\":{\"@type\":\"PropertyValueSpecification\",\"valueRequired\":true,\"valueName\":\"search_term_string\"}}],\"inLanguage\":\"ru-RU\"},{\"@type\":\"Organization\",\"@id\":\"https:\\\/\\\/gohike.lv\\\/ru\\\/#organization\",\"name\":\"GoHike\",\"url\":\"https:\\\/\\\/gohike.lv\\\/ru\\\/\",\"logo\":{\"@type\":\"ImageObject\",\"inLanguage\":\"ru-RU\",\"@id\":\"https:\\\/\\\/gohike.lv\\\/ru\\\/#\\\/schema\\\/logo\\\/image\\\/\",\"url\":\"https:\\\/\\\/gohike.lv\\\/wp-content\\\/uploads\\\/2023\\\/08\\\/Logo_GoHike.webp\",\"contentUrl\":\"https:\\\/\\\/gohike.lv\\\/wp-content\\\/uploads\\\/2023\\\/08\\\/Logo_GoHike.webp\",\"width\":512,\"height\":512,\"caption\":\"GoHike\"},\"image\":{\"@id\":\"https:\\\/\\\/gohike.lv\\\/ru\\\/#\\\/schema\\\/logo\\\/image\\\/\"},\"sameAs\":[\"https:\\\/\\\/www.facebook.com\\\/gohike.shop\\\/\",\"https:\\\/\\\/www.instagram.com\\\/gohike.shop\\\/\"]}]}<\/script>\n<!-- \/ Yoast SEO plugin. -->","yoast_head_json":{"title":"Gregory - DEVA 60 RC p\u0101rg\u0101jienu mugursoma, sievie\u0161u","description":"Gregory Deva 60 p\u0101rg\u0101jienu mugursoma izstr\u0101d\u0101ta gariem p\u0101rg\u0101jieniem un ir piemerota lielam svaram.","robots":{"index":"index","follow":"follow","max-snippet":"max-snippet:-1","max-image-preview":"max-image-preview:large","max-video-preview":"max-video-preview:-1"},"canonical":"https:\/\/gohike.lv\/ru\/produkts\/gregory-deva-60-rc-pargajienu-mugursoma-sieviesu\/","og_locale":"ru_RU","og_type":"article","og_title":"P\u0101rg\u0101jienu mugursoma Gregory DEVA 60 RC sievie\u0161u","og_description":"Gregory Deva 60 p\u0101rg\u0101jienu mugursoma izstr\u0101d\u0101ta gariem p\u0101rg\u0101jieniem un ir piemerota lielam svaram.","og_url":"https:\/\/gohike.lv\/ru\/produkts\/gregory-deva-60-rc-pargajienu-mugursoma-sieviesu\/","og_site_name":"GoHike","article_publisher":"https:\/\/www.facebook.com\/gohike.shop\/","article_modified_time":"2025-12-30T14:25:02+00:00","og_image":[{"width":600,"height":600,"url":"https:\/\/gohike.lv\/wp-content\/uploads\/2024\/10\/Deva60_XS_green_-1.webp","type":"image\/webp"}],"twitter_card":"summary_large_image","twitter_title":"P\u0101rg\u0101jienu mugursoma Gregory DEVA 60 RC sievie\u0161u","twitter_misc":{"\u041f\u0440\u0438\u043c\u0435\u0440\u043d\u043e\u0435 \u0432\u0440\u0435\u043c\u044f \u0434\u043b\u044f \u0447\u0442\u0435\u043d\u0438\u044f":"3 \u043c\u0438\u043d\u0443\u0442\u0430"},"schema":{"@context":"https:\/\/schema.org","@graph":[{"@type":["WebPage","ItemPage"],"@id":"https:\/\/gohike.lv\/ru\/produkts\/gregory-deva-60-rc-pargajienu-mugursoma-sieviesu\/","url":"https:\/\/gohike.lv\/ru\/produkts\/gregory-deva-60-rc-pargajienu-mugursoma-sieviesu\/","name":"Gregory - DEVA 60 RC p\u0101rg\u0101jienu mugursoma, sievie\u0161u","isPartOf":{"@id":"https:\/\/gohike.lv\/ru\/#website"},"primaryImageOfPage":{"@id":"https:\/\/gohike.lv\/ru\/produkts\/gregory-deva-60-rc-pargajienu-mugursoma-sieviesu\/#primaryimage"},"image":{"@id":"https:\/\/gohike.lv\/ru\/produkts\/gregory-deva-60-rc-pargajienu-mugursoma-sieviesu\/#primaryimage"},"thumbnailUrl":"https:\/\/gohike.lv\/wp-content\/uploads\/2024\/10\/Deva60_XS_green_-1.webp","datePublished":"2024-10-09T14:31:52+00:00","dateModified":"2025-12-30T14:25:02+00:00","description":"Gregory Deva 60 p\u0101rg\u0101jienu mugursoma izstr\u0101d\u0101ta gariem p\u0101rg\u0101jieniem un ir piemerota lielam svaram.","breadcrumb":{"@id":"https:\/\/gohike.lv\/ru\/produkts\/gregory-deva-60-rc-pargajienu-mugursoma-sieviesu\/#breadcrumb"},"inLanguage":"ru-RU","potentialAction":[{"@type":"ReadAction","target":["https:\/\/gohike.lv\/ru\/produkts\/gregory-deva-60-rc-pargajienu-mugursoma-sieviesu\/"]}]},{"@type":"ImageObject","inLanguage":"ru-RU","@id":"https:\/\/gohike.lv\/ru\/produkts\/gregory-deva-60-rc-pargajienu-mugursoma-sieviesu\/#primaryimage","url":"https:\/\/gohike.lv\/wp-content\/uploads\/2024\/10\/Deva60_XS_green_-1.webp","contentUrl":"https:\/\/gohike.lv\/wp-content\/uploads\/2024\/10\/Deva60_XS_green_-1.webp","width":600,"height":600},{"@type":"BreadcrumbList","@id":"https:\/\/gohike.lv\/ru\/produkts\/gregory-deva-60-rc-pargajienu-mugursoma-sieviesu\/#breadcrumb","itemListElement":[{"@type":"ListItem","position":1,"name":"\u0413\u043b\u0430\u0432\u043d\u0430\u044f","item":"https:\/\/gohike.lv\/ru\/"},{"@type":"ListItem","position":2,"name":"\u041a\u0430\u0442\u0435\u0433\u043e\u0440\u0438\u0438 \u0442\u043e\u0432\u0430\u0440\u043e\u0432","item":"https:\/\/gohike.lv\/%d0%ba%d0%b0%d1%82%d0%b5%d0%b3%d0%be%d1%80%d0%b8%d0%b8-%d1%82%d0%be%d0%b2%d0%b0%d1%80%d0%be%d0%b2\/"},{"@type":"ListItem","position":3,"name":"Gregory &#8211; DEVA 60 RC p\u0101rg\u0101jienu mugursoma, sievie\u0161u"}]},{"@type":"WebSite","@id":"https:\/\/gohike.lv\/ru\/#website","url":"https:\/\/gohike.lv\/ru\/","name":"GoHike","description":"","publisher":{"@id":"https:\/\/gohike.lv\/ru\/#organization"},"potentialAction":[{"@type":"SearchAction","target":{"@type":"EntryPoint","urlTemplate":"https:\/\/gohike.lv\/ru\/?s={search_term_string}"},"query-input":{"@type":"PropertyValueSpecification","valueRequired":true,"valueName":"search_term_string"}}],"inLanguage":"ru-RU"},{"@type":"Organization","@id":"https:\/\/gohike.lv\/ru\/#organization","name":"GoHike","url":"https:\/\/gohike.lv\/ru\/","logo":{"@type":"ImageObject","inLanguage":"ru-RU","@id":"https:\/\/gohike.lv\/ru\/#\/schema\/logo\/image\/","url":"https:\/\/gohike.lv\/wp-content\/uploads\/2023\/08\/Logo_GoHike.webp","contentUrl":"https:\/\/gohike.lv\/wp-content\/uploads\/2023\/08\/Logo_GoHike.webp","width":512,"height":512,"caption":"GoHike"},"image":{"@id":"https:\/\/gohike.lv\/ru\/#\/schema\/logo\/image\/"},"sameAs":["https:\/\/www.facebook.com\/gohike.shop\/","https:\/\/www.instagram.com\/gohike.shop\/"]}]}},"jetpack_sharing_enabled":true,"_links":{"self":[{"href":"https:\/\/gohike.lv\/ru\/wp-json\/wp\/v2\/product\/62644","targetHints":{"allow":["GET"]}}],"collection":[{"href":"https:\/\/gohike.lv\/ru\/wp-json\/wp\/v2\/product"}],"about":[{"href":"https:\/\/gohike.lv\/ru\/wp-json\/wp\/v2\/types\/product"}],"version-history":[{"count":0,"href":"https:\/\/gohike.lv\/ru\/wp-json\/wp\/v2\/product\/62644\/revisions"}],"wp:featuredmedia":[{"embeddable":true,"href":"https:\/\/gohike.lv\/ru\/wp-json\/wp\/v2\/media\/62647"}],"wp:attachment":[{"href":"https:\/\/gohike.lv\/ru\/wp-json\/wp\/v2\/media?parent=62644"}],"wp:term":[{"taxonomy":"product_brand","embeddable":true,"href":"https:\/\/gohike.lv\/ru\/wp-json\/wp\/v2\/product_brand?post=62644"},{"taxonomy":"product_cat","embeddable":true,"href":"https:\/\/gohike.lv\/ru\/wp-json\/wp\/v2\/product_cat?post=62644"},{"taxonomy":"product_tag","embeddable":true,"href":"https:\/\/gohike.lv\/ru\/wp-json\/wp\/v2\/product_tag?post=62644"}],"curies":[{"name":"wp","href":"https:\/\/api.w.org\/{rel}","templated":true}]}}