{"id":62327,"date":"2024-10-09T16:25:25","date_gmt":"2024-10-09T13:25:25","guid":{"rendered":"https:\/\/gohike.lv\/produkts\/gregory-hidratacijas-piederums-soft-sip-bite-valve\/"},"modified":"2025-12-30T17:24:30","modified_gmt":"2025-12-30T14:24:30","slug":"gregory-hidratacijas-piederums-soft-sip-bite-valve","status":"publish","type":"product","link":"https:\/\/gohike.lv\/ru\/produkts\/gregory-hidratacijas-piederums-soft-sip-bite-valve\/","title":{"rendered":"Gregory &#8212; Hidrat\u0101cijas piederums Soft Sip Bite Valve"},"content":{"rendered":"<p>Tehnisk\u0101 specifik\u0101cija:<br \/>\n\u2022 Aizv\u0113r\u0161anas meh\u0101nisms: Lever action, bez nopl\u016bdes sl\u0113g\u0161ana.<br \/>\n\u2022 Savietojam\u012bba: sader\u012bgs ar 0.25&#8243; \/ 0.635 cm iek\u0161\u0113j\u0101 diametra \u0161\u013c\u016bteni.<br \/>\n\u2022 Magn\u0113tisk\u0101 piestiprin\u0101\u0161ana: iek\u013cauts magn\u0113tisks aksesu\u0101rs kr\u016b\u0161kurvja siksnai.<br \/>\n\u2022 Produkta izm\u0113ri: 2.5 cm H x 5.8 cm L x 3.8 cm W.<br \/>\n\u2022 Svars: 8.5 g.<br \/>\n\u2022 \u0100r\u0113jais materi\u0101ls: LDPE, MDPE, PP un silikons.<br \/>\nProdukta #: 1452905583.<\/p>\n","protected":false},"excerpt":{"rendered":"<p>\u0160is bitu v\u0101rsts ar lever action on\/off meh\u0101nismu nodro\u0161ina dro\u0161u, beznopl\u016bdes uzglab\u0101\u0161anu ce\u013cojuma laik\u0101 (iek\u013cauts magn\u0113tisks aksesu\u0101rs kr\u016b\u0161kurvja siksnai.)<\/p>\n","protected":false},"featured_media":62329,"template":"","meta":[],"product_brand":[9717],"product_cat":[1827],"product_tag":[],"class_list":{"0":"post-62327","1":"product","2":"type-product","3":"status-publish","4":"has-post-thumbnail","6":"product_brand-gregory","7":"product_cat-mugursomas","8":"pa_izmerscm-2-55-8-3-8","9":"pa_produkta-tips-dzersanas-sistemas","11":"first","12":"instock","13":"taxable","14":"shipping-taxable","15":"purchasable","16":"product-type-simple"},"raw_content":{"name":"Gregory - Hidrat\u0101cijas piederums Soft Sip Bite Valve","description":"Tehnisk\u0101 specifik\u0101cija:\n\u2022 Aizv\u0113r\u0161anas meh\u0101nisms: Lever action, bez nopl\u016bdes sl\u0113g\u0161ana.\n\u2022 Savietojam\u012bba: sader\u012bgs ar 0.25\" \/ 0.635 cm iek\u0161\u0113j\u0101 diametra \u0161\u013c\u016bteni.\n\u2022 Magn\u0113tisk\u0101 piestiprin\u0101\u0161ana: iek\u013cauts magn\u0113tisks aksesu\u0101rs kr\u016b\u0161kurvja siksnai.\n\u2022 Produkta izm\u0113ri: 2.5 cm H x 5.8 cm L x 3.8 cm W.\n\u2022 Svars: 8.5 g.\n\u2022 \u0100r\u0113jais materi\u0101ls: LDPE, MDPE, PP un silikons.\nProdukta #: 1452905583.","short_description":"\u0160is bitu v\u0101rsts ar lever action on\/off meh\u0101nismu nodro\u0161ina dro\u0161u, beznopl\u016bdes uzglab\u0101\u0161anu ce\u013cojuma laik\u0101 (iek\u013cauts magn\u0113tisks aksesu\u0101rs kr\u016b\u0161kurvja siksnai.)","status":"publish","sku":"5400520209559","original":62327},"wpml":{"translation_type":1,"has_translations":true,"original":62327,"duplicates":[],"translations":{"lv":62327,"en":67030,"ru":null}},"supplier_id":null,"supplier_sku":"","barcode":null,"atum_controlled":true,"out_stock_date":null,"out_stock_threshold":null,"inheritable":false,"inbound_stock":0,"stock_on_hold":0,"sold_today":0,"sales_last_days":0,"reserved_stock":0,"customer_returns":0,"warehouse_damage":0,"lost_in_post":0,"other_logs":0,"out_stock_days":0,"lost_sales":0,"has_location":false,"update_date":"2025-12-30T14:30:31","atum_locations":[],"atum_stock_status":"instock","restock_status":false,"low_stock_amount":"","sales_update_date":"2025-11-13T14:07:58","calc_backorders":null,"yoast_head":"<!-- This site is optimized with the Yoast SEO plugin v27.3 - https:\/\/yoast.com\/product\/yoast-seo-wordpress\/ -->\n<title>Gregory - Hidrat\u0101cijas piederums Soft Sip Bite Valve<\/title>\n<meta name=\"description\" content=\"\u0160is bitu v\u0101rsts ar lever action on\/off meh\u0101nismu nodro\u0161ina dro\u0161u, beznopl\u016bdes uzglab\u0101\u0161anu ce\u013cojuma laik\u0101 (iek\u013cauts magn\u0113tisks aksesu\u0101rs kr\u016b\u0161kurvja siksnai.)\" \/>\n<meta name=\"robots\" content=\"index, follow, max-snippet:-1, max-image-preview:large, max-video-preview:-1\" \/>\n<link rel=\"canonical\" href=\"https:\/\/gohike.lv\/ru\/produkts\/gregory-hidratacijas-piederums-soft-sip-bite-valve\/\" \/>\n<meta property=\"og:locale\" content=\"ru_RU\" \/>\n<meta property=\"og:type\" content=\"article\" \/>\n<meta property=\"og:title\" content=\"Gregory - Dzer\u0161anas sist\u0113mas - Hidrat\u0101cijas piederums Soft Sip Bite Valve\" \/>\n<meta property=\"og:description\" content=\"\u0160is bitu v\u0101rsts ar lever action on\/off meh\u0101nismu nodro\u0161ina dro\u0161u, beznopl\u016bdes uzglab\u0101\u0161anu ce\u013cojuma laik\u0101 (iek\u013cauts magn\u0113tisks aksesu\u0101rs kr\u016b\u0161kurvja siksnai.)\" \/>\n<meta property=\"og:url\" content=\"https:\/\/gohike.lv\/ru\/produkts\/gregory-hidratacijas-piederums-soft-sip-bite-valve\/\" \/>\n<meta property=\"og:site_name\" content=\"GoHike\" \/>\n<meta property=\"article:publisher\" content=\"https:\/\/www.facebook.com\/gohike.shop\/\" \/>\n<meta property=\"article:modified_time\" content=\"2025-12-30T14:24:30+00:00\" \/>\n<meta property=\"og:image\" content=\"https:\/\/gohike.lv\/wp-content\/uploads\/2024\/10\/BiteValve_-scaled.jpg\" \/>\n\t<meta property=\"og:image:width\" content=\"2560\" \/>\n\t<meta property=\"og:image:height\" content=\"2560\" \/>\n\t<meta property=\"og:image:type\" content=\"image\/jpeg\" \/>\n<meta name=\"twitter:card\" content=\"summary_large_image\" \/>\n<meta name=\"twitter:title\" content=\"Gregory - Dzer\u0161anas sist\u0113mas - Hidrat\u0101cijas piederums Soft Sip Bite Valve\" \/>\n<meta name=\"twitter:label1\" content=\"\u041f\u0440\u0438\u043c\u0435\u0440\u043d\u043e\u0435 \u0432\u0440\u0435\u043c\u044f \u0434\u043b\u044f \u0447\u0442\u0435\u043d\u0438\u044f\" \/>\n\t<meta name=\"twitter:data1\" content=\"1 \u043c\u0438\u043d\u0443\u0442\u0430\" \/>\n<script type=\"application\/ld+json\" class=\"yoast-schema-graph\">{\"@context\":\"https:\\\/\\\/schema.org\",\"@graph\":[{\"@type\":[\"WebPage\",\"ItemPage\"],\"@id\":\"https:\\\/\\\/gohike.lv\\\/ru\\\/produkts\\\/gregory-hidratacijas-piederums-soft-sip-bite-valve\\\/\",\"url\":\"https:\\\/\\\/gohike.lv\\\/ru\\\/produkts\\\/gregory-hidratacijas-piederums-soft-sip-bite-valve\\\/\",\"name\":\"Gregory - Hidrat\u0101cijas piederums Soft Sip Bite Valve\",\"isPartOf\":{\"@id\":\"https:\\\/\\\/gohike.lv\\\/ru\\\/#website\"},\"primaryImageOfPage\":{\"@id\":\"https:\\\/\\\/gohike.lv\\\/ru\\\/produkts\\\/gregory-hidratacijas-piederums-soft-sip-bite-valve\\\/#primaryimage\"},\"image\":{\"@id\":\"https:\\\/\\\/gohike.lv\\\/ru\\\/produkts\\\/gregory-hidratacijas-piederums-soft-sip-bite-valve\\\/#primaryimage\"},\"thumbnailUrl\":\"https:\\\/\\\/gohike.lv\\\/wp-content\\\/uploads\\\/2024\\\/10\\\/BiteValve_-scaled.jpg\",\"datePublished\":\"2024-10-09T13:25:25+00:00\",\"dateModified\":\"2025-12-30T14:24:30+00:00\",\"description\":\"\u0160is bitu v\u0101rsts ar lever action on\\\/off meh\u0101nismu nodro\u0161ina dro\u0161u, beznopl\u016bdes uzglab\u0101\u0161anu ce\u013cojuma laik\u0101 (iek\u013cauts magn\u0113tisks aksesu\u0101rs kr\u016b\u0161kurvja siksnai.)\",\"breadcrumb\":{\"@id\":\"https:\\\/\\\/gohike.lv\\\/ru\\\/produkts\\\/gregory-hidratacijas-piederums-soft-sip-bite-valve\\\/#breadcrumb\"},\"inLanguage\":\"ru-RU\",\"potentialAction\":[{\"@type\":\"ReadAction\",\"target\":[\"https:\\\/\\\/gohike.lv\\\/ru\\\/produkts\\\/gregory-hidratacijas-piederums-soft-sip-bite-valve\\\/\"]}]},{\"@type\":\"ImageObject\",\"inLanguage\":\"ru-RU\",\"@id\":\"https:\\\/\\\/gohike.lv\\\/ru\\\/produkts\\\/gregory-hidratacijas-piederums-soft-sip-bite-valve\\\/#primaryimage\",\"url\":\"https:\\\/\\\/gohike.lv\\\/wp-content\\\/uploads\\\/2024\\\/10\\\/BiteValve_-scaled.jpg\",\"contentUrl\":\"https:\\\/\\\/gohike.lv\\\/wp-content\\\/uploads\\\/2024\\\/10\\\/BiteValve_-scaled.jpg\",\"width\":2560,\"height\":2560},{\"@type\":\"BreadcrumbList\",\"@id\":\"https:\\\/\\\/gohike.lv\\\/ru\\\/produkts\\\/gregory-hidratacijas-piederums-soft-sip-bite-valve\\\/#breadcrumb\",\"itemListElement\":[{\"@type\":\"ListItem\",\"position\":1,\"name\":\"\u0413\u043b\u0430\u0432\u043d\u0430\u044f\",\"item\":\"https:\\\/\\\/gohike.lv\\\/ru\\\/\"},{\"@type\":\"ListItem\",\"position\":2,\"name\":\"\u041a\u0430\u0442\u0435\u0433\u043e\u0440\u0438\u0438 \u0442\u043e\u0432\u0430\u0440\u043e\u0432\",\"item\":\"https:\\\/\\\/gohike.lv\\\/%d0%ba%d0%b0%d1%82%d0%b5%d0%b3%d0%be%d1%80%d0%b8%d0%b8-%d1%82%d0%be%d0%b2%d0%b0%d1%80%d0%be%d0%b2\\\/\"},{\"@type\":\"ListItem\",\"position\":3,\"name\":\"Gregory &#8211; Hidrat\u0101cijas piederums Soft Sip Bite Valve\"}]},{\"@type\":\"WebSite\",\"@id\":\"https:\\\/\\\/gohike.lv\\\/ru\\\/#website\",\"url\":\"https:\\\/\\\/gohike.lv\\\/ru\\\/\",\"name\":\"GoHike\",\"description\":\"\",\"publisher\":{\"@id\":\"https:\\\/\\\/gohike.lv\\\/ru\\\/#organization\"},\"potentialAction\":[{\"@type\":\"SearchAction\",\"target\":{\"@type\":\"EntryPoint\",\"urlTemplate\":\"https:\\\/\\\/gohike.lv\\\/ru\\\/?s={search_term_string}\"},\"query-input\":{\"@type\":\"PropertyValueSpecification\",\"valueRequired\":true,\"valueName\":\"search_term_string\"}}],\"inLanguage\":\"ru-RU\"},{\"@type\":\"Organization\",\"@id\":\"https:\\\/\\\/gohike.lv\\\/ru\\\/#organization\",\"name\":\"GoHike\",\"url\":\"https:\\\/\\\/gohike.lv\\\/ru\\\/\",\"logo\":{\"@type\":\"ImageObject\",\"inLanguage\":\"ru-RU\",\"@id\":\"https:\\\/\\\/gohike.lv\\\/ru\\\/#\\\/schema\\\/logo\\\/image\\\/\",\"url\":\"https:\\\/\\\/gohike.lv\\\/wp-content\\\/uploads\\\/2023\\\/08\\\/Logo_GoHike.webp\",\"contentUrl\":\"https:\\\/\\\/gohike.lv\\\/wp-content\\\/uploads\\\/2023\\\/08\\\/Logo_GoHike.webp\",\"width\":512,\"height\":512,\"caption\":\"GoHike\"},\"image\":{\"@id\":\"https:\\\/\\\/gohike.lv\\\/ru\\\/#\\\/schema\\\/logo\\\/image\\\/\"},\"sameAs\":[\"https:\\\/\\\/www.facebook.com\\\/gohike.shop\\\/\",\"https:\\\/\\\/www.instagram.com\\\/gohike.shop\\\/\"]}]}<\/script>\n<!-- \/ Yoast SEO plugin. -->","yoast_head_json":{"title":"Gregory - Hidrat\u0101cijas piederums Soft Sip Bite Valve","description":"\u0160is bitu v\u0101rsts ar lever action on\/off meh\u0101nismu nodro\u0161ina dro\u0161u, beznopl\u016bdes uzglab\u0101\u0161anu ce\u013cojuma laik\u0101 (iek\u013cauts magn\u0113tisks aksesu\u0101rs kr\u016b\u0161kurvja siksnai.)","robots":{"index":"index","follow":"follow","max-snippet":"max-snippet:-1","max-image-preview":"max-image-preview:large","max-video-preview":"max-video-preview:-1"},"canonical":"https:\/\/gohike.lv\/ru\/produkts\/gregory-hidratacijas-piederums-soft-sip-bite-valve\/","og_locale":"ru_RU","og_type":"article","og_title":"Gregory - Dzer\u0161anas sist\u0113mas - Hidrat\u0101cijas piederums Soft Sip Bite Valve","og_description":"\u0160is bitu v\u0101rsts ar lever action on\/off meh\u0101nismu nodro\u0161ina dro\u0161u, beznopl\u016bdes uzglab\u0101\u0161anu ce\u013cojuma laik\u0101 (iek\u013cauts magn\u0113tisks aksesu\u0101rs kr\u016b\u0161kurvja siksnai.)","og_url":"https:\/\/gohike.lv\/ru\/produkts\/gregory-hidratacijas-piederums-soft-sip-bite-valve\/","og_site_name":"GoHike","article_publisher":"https:\/\/www.facebook.com\/gohike.shop\/","article_modified_time":"2025-12-30T14:24:30+00:00","og_image":[{"width":2560,"height":2560,"url":"https:\/\/gohike.lv\/wp-content\/uploads\/2024\/10\/BiteValve_-scaled.jpg","type":"image\/jpeg"}],"twitter_card":"summary_large_image","twitter_title":"Gregory - Dzer\u0161anas sist\u0113mas - Hidrat\u0101cijas piederums Soft Sip Bite Valve","twitter_misc":{"\u041f\u0440\u0438\u043c\u0435\u0440\u043d\u043e\u0435 \u0432\u0440\u0435\u043c\u044f \u0434\u043b\u044f \u0447\u0442\u0435\u043d\u0438\u044f":"1 \u043c\u0438\u043d\u0443\u0442\u0430"},"schema":{"@context":"https:\/\/schema.org","@graph":[{"@type":["WebPage","ItemPage"],"@id":"https:\/\/gohike.lv\/ru\/produkts\/gregory-hidratacijas-piederums-soft-sip-bite-valve\/","url":"https:\/\/gohike.lv\/ru\/produkts\/gregory-hidratacijas-piederums-soft-sip-bite-valve\/","name":"Gregory - Hidrat\u0101cijas piederums Soft Sip Bite Valve","isPartOf":{"@id":"https:\/\/gohike.lv\/ru\/#website"},"primaryImageOfPage":{"@id":"https:\/\/gohike.lv\/ru\/produkts\/gregory-hidratacijas-piederums-soft-sip-bite-valve\/#primaryimage"},"image":{"@id":"https:\/\/gohike.lv\/ru\/produkts\/gregory-hidratacijas-piederums-soft-sip-bite-valve\/#primaryimage"},"thumbnailUrl":"https:\/\/gohike.lv\/wp-content\/uploads\/2024\/10\/BiteValve_-scaled.jpg","datePublished":"2024-10-09T13:25:25+00:00","dateModified":"2025-12-30T14:24:30+00:00","description":"\u0160is bitu v\u0101rsts ar lever action on\/off meh\u0101nismu nodro\u0161ina dro\u0161u, beznopl\u016bdes uzglab\u0101\u0161anu ce\u013cojuma laik\u0101 (iek\u013cauts magn\u0113tisks aksesu\u0101rs kr\u016b\u0161kurvja siksnai.)","breadcrumb":{"@id":"https:\/\/gohike.lv\/ru\/produkts\/gregory-hidratacijas-piederums-soft-sip-bite-valve\/#breadcrumb"},"inLanguage":"ru-RU","potentialAction":[{"@type":"ReadAction","target":["https:\/\/gohike.lv\/ru\/produkts\/gregory-hidratacijas-piederums-soft-sip-bite-valve\/"]}]},{"@type":"ImageObject","inLanguage":"ru-RU","@id":"https:\/\/gohike.lv\/ru\/produkts\/gregory-hidratacijas-piederums-soft-sip-bite-valve\/#primaryimage","url":"https:\/\/gohike.lv\/wp-content\/uploads\/2024\/10\/BiteValve_-scaled.jpg","contentUrl":"https:\/\/gohike.lv\/wp-content\/uploads\/2024\/10\/BiteValve_-scaled.jpg","width":2560,"height":2560},{"@type":"BreadcrumbList","@id":"https:\/\/gohike.lv\/ru\/produkts\/gregory-hidratacijas-piederums-soft-sip-bite-valve\/#breadcrumb","itemListElement":[{"@type":"ListItem","position":1,"name":"\u0413\u043b\u0430\u0432\u043d\u0430\u044f","item":"https:\/\/gohike.lv\/ru\/"},{"@type":"ListItem","position":2,"name":"\u041a\u0430\u0442\u0435\u0433\u043e\u0440\u0438\u0438 \u0442\u043e\u0432\u0430\u0440\u043e\u0432","item":"https:\/\/gohike.lv\/%d0%ba%d0%b0%d1%82%d0%b5%d0%b3%d0%be%d1%80%d0%b8%d0%b8-%d1%82%d0%be%d0%b2%d0%b0%d1%80%d0%be%d0%b2\/"},{"@type":"ListItem","position":3,"name":"Gregory &#8211; Hidrat\u0101cijas piederums Soft Sip Bite Valve"}]},{"@type":"WebSite","@id":"https:\/\/gohike.lv\/ru\/#website","url":"https:\/\/gohike.lv\/ru\/","name":"GoHike","description":"","publisher":{"@id":"https:\/\/gohike.lv\/ru\/#organization"},"potentialAction":[{"@type":"SearchAction","target":{"@type":"EntryPoint","urlTemplate":"https:\/\/gohike.lv\/ru\/?s={search_term_string}"},"query-input":{"@type":"PropertyValueSpecification","valueRequired":true,"valueName":"search_term_string"}}],"inLanguage":"ru-RU"},{"@type":"Organization","@id":"https:\/\/gohike.lv\/ru\/#organization","name":"GoHike","url":"https:\/\/gohike.lv\/ru\/","logo":{"@type":"ImageObject","inLanguage":"ru-RU","@id":"https:\/\/gohike.lv\/ru\/#\/schema\/logo\/image\/","url":"https:\/\/gohike.lv\/wp-content\/uploads\/2023\/08\/Logo_GoHike.webp","contentUrl":"https:\/\/gohike.lv\/wp-content\/uploads\/2023\/08\/Logo_GoHike.webp","width":512,"height":512,"caption":"GoHike"},"image":{"@id":"https:\/\/gohike.lv\/ru\/#\/schema\/logo\/image\/"},"sameAs":["https:\/\/www.facebook.com\/gohike.shop\/","https:\/\/www.instagram.com\/gohike.shop\/"]}]}},"jetpack_sharing_enabled":true,"_links":{"self":[{"href":"https:\/\/gohike.lv\/ru\/wp-json\/wp\/v2\/product\/62327","targetHints":{"allow":["GET"]}}],"collection":[{"href":"https:\/\/gohike.lv\/ru\/wp-json\/wp\/v2\/product"}],"about":[{"href":"https:\/\/gohike.lv\/ru\/wp-json\/wp\/v2\/types\/product"}],"version-history":[{"count":0,"href":"https:\/\/gohike.lv\/ru\/wp-json\/wp\/v2\/product\/62327\/revisions"}],"wp:featuredmedia":[{"embeddable":true,"href":"https:\/\/gohike.lv\/ru\/wp-json\/wp\/v2\/media\/62329"}],"wp:attachment":[{"href":"https:\/\/gohike.lv\/ru\/wp-json\/wp\/v2\/media?parent=62327"}],"wp:term":[{"taxonomy":"product_brand","embeddable":true,"href":"https:\/\/gohike.lv\/ru\/wp-json\/wp\/v2\/product_brand?post=62327"},{"taxonomy":"product_cat","embeddable":true,"href":"https:\/\/gohike.lv\/ru\/wp-json\/wp\/v2\/product_cat?post=62327"},{"taxonomy":"product_tag","embeddable":true,"href":"https:\/\/gohike.lv\/ru\/wp-json\/wp\/v2\/product_tag?post=62327"}],"curies":[{"name":"wp","href":"https:\/\/api.w.org\/{rel}","templated":true}]}}