{"id":62043,"date":"2024-08-26T12:12:10","date_gmt":"2024-08-26T09:12:10","guid":{"rendered":"https:\/\/gohike.lv\/produkts\/cocoon-descrete-viegls-mantu-organizators\/"},"modified":"2026-03-27T20:23:06","modified_gmt":"2026-03-27T17:23:06","slug":"cocoon-descrete-viegls-mantu-organizators","status":"publish","type":"product","link":"https:\/\/gohike.lv\/ru\/produkts\/cocoon-descrete-viegls-mantu-organizators\/","title":{"rendered":"Cocoon &#8212; Descrete viegls mantu organizators"},"content":{"rendered":"<p>Necaursp\u012bd\u012bgs Packing Cube Light &#8212; Discrete garant\u0113 perfektu ce\u013cojumu mantu organiz\u0113\u0161anu.<br \/>\nSpecifik\u0101cijas:<br \/>\n-sl\u0113gta aug\u0161da\u013ca<br \/>\n-YKK r\u0101v\u0113jsl\u0113dz\u0113js<br \/>\n-praktisks rokturis<br \/>\nMazg\u0101jiet ar rok\u0101m vai noslaukiet ar mitru dr\u0101nu. Nebalin\u0101t. Negludin\u0101t. Nedr\u012bkst \u0137\u012bmiski t\u012br\u012bt. Ne\u017e\u0101v\u0113t ve\u013cas \u017e\u0101v\u0113t\u0101j\u0101.<\/p>\n","protected":false},"excerpt":{"rendered":"<p>Tr\u012bs da\u017e\u0101du izm\u0113ru maisu organizators \u2013 izv\u0113lies sev piem\u0113rot\u0101ko, lai ce\u013cojuma laik\u0101 katrai lietai b\u016btu sava vieta.<\/p>\n","protected":false},"featured_media":62070,"template":"","meta":[],"product_brand":[15062],"product_cat":[1463],"product_tag":[],"class_list":{"0":"post-62043","1":"product","2":"type-product","3":"status-publish","4":"has-post-thumbnail","6":"product_brand-cooon","7":"product_cat-somas-un-maki","8":"pa_izmeriscm-9673","9":"pa_izmeriscm-9676","10":"pa_izmeriscm-9678","11":"pa_izmers-l","12":"pa_izmers-m","13":"pa_izmers-s","14":"pa_materiali-100-parstradats-30-denier-diamond-ripstop-poliesters","15":"pa_produkta-tips-mantu-organizatori","16":"pa_tilpums-1500ml","17":"pa_tilpums-4000ml","18":"pa_tilpums-7300ml","20":"first","21":"instock","22":"taxable","23":"shipping-taxable","24":"purchasable","25":"product-type-variable","26":"has-default-attributes"},"raw_content":{"name":"Cocoon - Descrete viegls mantu organizators","description":"Necaursp\u012bd\u012bgs Packing Cube Light - Discrete garant\u0113 perfektu ce\u013cojumu mantu organiz\u0113\u0161anu.\nSpecifik\u0101cijas:\n-sl\u0113gta aug\u0161da\u013ca\n-YKK r\u0101v\u0113jsl\u0113dz\u0113js\n-praktisks rokturis\nMazg\u0101jiet ar rok\u0101m vai noslaukiet ar mitru dr\u0101nu. Nebalin\u0101t. Negludin\u0101t. Nedr\u012bkst \u0137\u012bmiski t\u012br\u012bt. Ne\u017e\u0101v\u0113t ve\u013cas \u017e\u0101v\u0113t\u0101j\u0101.","short_description":"Tr\u012bs da\u017e\u0101du izm\u0113ru maisu organizators \u2013 izv\u0113lies sev piem\u0113rot\u0101ko, lai ce\u013cojuma laik\u0101 katrai lietai b\u016btu sava vieta.","status":"publish","sku":"coco456","original":62043},"wpml":{"translation_type":1,"has_translations":true,"original":62043,"duplicates":[],"translations":{"lv":62043,"en":67201,"ru":null}},"supplier_id":null,"supplier_sku":"","barcode":null,"atum_controlled":true,"out_stock_date":null,"out_stock_threshold":null,"inheritable":false,"inbound_stock":0,"stock_on_hold":0,"sold_today":0,"sales_last_days":0,"reserved_stock":0,"customer_returns":0,"warehouse_damage":0,"lost_in_post":0,"other_logs":0,"out_stock_days":0,"lost_sales":0,"has_location":false,"update_date":"2025-12-30T14:30:32","atum_locations":[],"atum_stock_status":"instock","restock_status":false,"low_stock_amount":"","sales_update_date":"2025-11-13T14:07:31","calc_backorders":null,"yoast_head":"<!-- This site is optimized with the Yoast SEO plugin v27.3 - https:\/\/yoast.com\/product\/yoast-seo-wordpress\/ -->\n<title>Cocoon - Somas un maki - Descrete viegls mantu organizators<\/title>\n<meta name=\"robots\" content=\"index, follow, max-snippet:-1, max-image-preview:large, max-video-preview:-1\" \/>\n<link rel=\"canonical\" href=\"https:\/\/gohike.lv\/ru\/produkts\/cocoon-descrete-viegls-mantu-organizators\/\" \/>\n<meta property=\"og:locale\" content=\"ru_RU\" \/>\n<meta property=\"og:type\" content=\"article\" \/>\n<meta property=\"og:title\" content=\"Cocoon - Somas un maki - Descrete viegls mantu organizators\" \/>\n<meta property=\"og:description\" content=\"Tr\u012bs da\u017e\u0101du izm\u0113ru maisu organizators \u2013 izv\u0113lies sev piem\u0113rot\u0101ko, lai ce\u013cojuma laik\u0101 katrai lietai b\u016btu sava vieta.\" \/>\n<meta property=\"og:url\" content=\"https:\/\/gohike.lv\/ru\/produkts\/cocoon-descrete-viegls-mantu-organizators\/\" \/>\n<meta property=\"og:site_name\" content=\"GoHike\" \/>\n<meta property=\"article:publisher\" content=\"https:\/\/www.facebook.com\/gohike.shop\/\" \/>\n<meta property=\"article:modified_time\" content=\"2026-03-27T17:23:06+00:00\" \/>\n<meta property=\"og:image\" content=\"https:\/\/gohike.lv\/wp-content\/uploads\/2024\/08\/discrete-light.webp\" \/>\n\t<meta property=\"og:image:width\" content=\"720\" \/>\n\t<meta property=\"og:image:height\" content=\"720\" \/>\n\t<meta property=\"og:image:type\" content=\"image\/webp\" \/>\n<meta name=\"twitter:card\" content=\"summary_large_image\" \/>\n<meta name=\"twitter:title\" content=\"Cocoon - Somas un maki - Descrete viegls mantu organizators\" \/>\n<meta name=\"twitter:label1\" content=\"\u041f\u0440\u0438\u043c\u0435\u0440\u043d\u043e\u0435 \u0432\u0440\u0435\u043c\u044f \u0434\u043b\u044f \u0447\u0442\u0435\u043d\u0438\u044f\" \/>\n\t<meta name=\"twitter:data1\" content=\"1 \u043c\u0438\u043d\u0443\u0442\u0430\" \/>\n<script type=\"application\/ld+json\" class=\"yoast-schema-graph\">{\"@context\":\"https:\\\/\\\/schema.org\",\"@graph\":[{\"@type\":[\"WebPage\",\"ItemPage\"],\"@id\":\"https:\\\/\\\/gohike.lv\\\/ru\\\/produkts\\\/cocoon-descrete-viegls-mantu-organizators\\\/\",\"url\":\"https:\\\/\\\/gohike.lv\\\/ru\\\/produkts\\\/cocoon-descrete-viegls-mantu-organizators\\\/\",\"name\":\"Cocoon - Somas un maki - Descrete viegls mantu organizators\",\"isPartOf\":{\"@id\":\"https:\\\/\\\/gohike.lv\\\/ru\\\/#website\"},\"primaryImageOfPage\":{\"@id\":\"https:\\\/\\\/gohike.lv\\\/ru\\\/produkts\\\/cocoon-descrete-viegls-mantu-organizators\\\/#primaryimage\"},\"image\":{\"@id\":\"https:\\\/\\\/gohike.lv\\\/ru\\\/produkts\\\/cocoon-descrete-viegls-mantu-organizators\\\/#primaryimage\"},\"thumbnailUrl\":\"https:\\\/\\\/gohike.lv\\\/wp-content\\\/uploads\\\/2024\\\/08\\\/discrete-light.webp\",\"datePublished\":\"2024-08-26T09:12:10+00:00\",\"dateModified\":\"2026-03-27T17:23:06+00:00\",\"breadcrumb\":{\"@id\":\"https:\\\/\\\/gohike.lv\\\/ru\\\/produkts\\\/cocoon-descrete-viegls-mantu-organizators\\\/#breadcrumb\"},\"inLanguage\":\"ru-RU\",\"potentialAction\":[{\"@type\":\"ReadAction\",\"target\":[\"https:\\\/\\\/gohike.lv\\\/ru\\\/produkts\\\/cocoon-descrete-viegls-mantu-organizators\\\/\"]}]},{\"@type\":\"ImageObject\",\"inLanguage\":\"ru-RU\",\"@id\":\"https:\\\/\\\/gohike.lv\\\/ru\\\/produkts\\\/cocoon-descrete-viegls-mantu-organizators\\\/#primaryimage\",\"url\":\"https:\\\/\\\/gohike.lv\\\/wp-content\\\/uploads\\\/2024\\\/08\\\/discrete-light.webp\",\"contentUrl\":\"https:\\\/\\\/gohike.lv\\\/wp-content\\\/uploads\\\/2024\\\/08\\\/discrete-light.webp\",\"width\":720,\"height\":720},{\"@type\":\"BreadcrumbList\",\"@id\":\"https:\\\/\\\/gohike.lv\\\/ru\\\/produkts\\\/cocoon-descrete-viegls-mantu-organizators\\\/#breadcrumb\",\"itemListElement\":[{\"@type\":\"ListItem\",\"position\":1,\"name\":\"\u0413\u043b\u0430\u0432\u043d\u0430\u044f\",\"item\":\"https:\\\/\\\/gohike.lv\\\/ru\\\/\"},{\"@type\":\"ListItem\",\"position\":2,\"name\":\"\u041a\u0430\u0442\u0435\u0433\u043e\u0440\u0438\u0438 \u0442\u043e\u0432\u0430\u0440\u043e\u0432\",\"item\":\"https:\\\/\\\/gohike.lv\\\/%d0%ba%d0%b0%d1%82%d0%b5%d0%b3%d0%be%d1%80%d0%b8%d0%b8-%d1%82%d0%be%d0%b2%d0%b0%d1%80%d0%be%d0%b2\\\/\"},{\"@type\":\"ListItem\",\"position\":3,\"name\":\"Cocoon &#8211; Descrete viegls mantu organizators\"}]},{\"@type\":\"WebSite\",\"@id\":\"https:\\\/\\\/gohike.lv\\\/ru\\\/#website\",\"url\":\"https:\\\/\\\/gohike.lv\\\/ru\\\/\",\"name\":\"GoHike\",\"description\":\"\",\"publisher\":{\"@id\":\"https:\\\/\\\/gohike.lv\\\/ru\\\/#organization\"},\"potentialAction\":[{\"@type\":\"SearchAction\",\"target\":{\"@type\":\"EntryPoint\",\"urlTemplate\":\"https:\\\/\\\/gohike.lv\\\/ru\\\/?s={search_term_string}\"},\"query-input\":{\"@type\":\"PropertyValueSpecification\",\"valueRequired\":true,\"valueName\":\"search_term_string\"}}],\"inLanguage\":\"ru-RU\"},{\"@type\":\"Organization\",\"@id\":\"https:\\\/\\\/gohike.lv\\\/ru\\\/#organization\",\"name\":\"GoHike\",\"url\":\"https:\\\/\\\/gohike.lv\\\/ru\\\/\",\"logo\":{\"@type\":\"ImageObject\",\"inLanguage\":\"ru-RU\",\"@id\":\"https:\\\/\\\/gohike.lv\\\/ru\\\/#\\\/schema\\\/logo\\\/image\\\/\",\"url\":\"https:\\\/\\\/gohike.lv\\\/wp-content\\\/uploads\\\/2023\\\/08\\\/Logo_GoHike.webp\",\"contentUrl\":\"https:\\\/\\\/gohike.lv\\\/wp-content\\\/uploads\\\/2023\\\/08\\\/Logo_GoHike.webp\",\"width\":512,\"height\":512,\"caption\":\"GoHike\"},\"image\":{\"@id\":\"https:\\\/\\\/gohike.lv\\\/ru\\\/#\\\/schema\\\/logo\\\/image\\\/\"},\"sameAs\":[\"https:\\\/\\\/www.facebook.com\\\/gohike.shop\\\/\",\"https:\\\/\\\/www.instagram.com\\\/gohike.shop\\\/\"]}]}<\/script>\n<!-- \/ Yoast SEO plugin. -->","yoast_head_json":{"title":"Cocoon - Somas un maki - Descrete viegls mantu organizators","robots":{"index":"index","follow":"follow","max-snippet":"max-snippet:-1","max-image-preview":"max-image-preview:large","max-video-preview":"max-video-preview:-1"},"canonical":"https:\/\/gohike.lv\/ru\/produkts\/cocoon-descrete-viegls-mantu-organizators\/","og_locale":"ru_RU","og_type":"article","og_title":"Cocoon - Somas un maki - Descrete viegls mantu organizators","og_description":"Tr\u012bs da\u017e\u0101du izm\u0113ru maisu organizators \u2013 izv\u0113lies sev piem\u0113rot\u0101ko, lai ce\u013cojuma laik\u0101 katrai lietai b\u016btu sava vieta.","og_url":"https:\/\/gohike.lv\/ru\/produkts\/cocoon-descrete-viegls-mantu-organizators\/","og_site_name":"GoHike","article_publisher":"https:\/\/www.facebook.com\/gohike.shop\/","article_modified_time":"2026-03-27T17:23:06+00:00","og_image":[{"width":720,"height":720,"url":"https:\/\/gohike.lv\/wp-content\/uploads\/2024\/08\/discrete-light.webp","type":"image\/webp"}],"twitter_card":"summary_large_image","twitter_title":"Cocoon - Somas un maki - Descrete viegls mantu organizators","twitter_misc":{"\u041f\u0440\u0438\u043c\u0435\u0440\u043d\u043e\u0435 \u0432\u0440\u0435\u043c\u044f \u0434\u043b\u044f \u0447\u0442\u0435\u043d\u0438\u044f":"1 \u043c\u0438\u043d\u0443\u0442\u0430"},"schema":{"@context":"https:\/\/schema.org","@graph":[{"@type":["WebPage","ItemPage"],"@id":"https:\/\/gohike.lv\/ru\/produkts\/cocoon-descrete-viegls-mantu-organizators\/","url":"https:\/\/gohike.lv\/ru\/produkts\/cocoon-descrete-viegls-mantu-organizators\/","name":"Cocoon - Somas un maki - Descrete viegls mantu organizators","isPartOf":{"@id":"https:\/\/gohike.lv\/ru\/#website"},"primaryImageOfPage":{"@id":"https:\/\/gohike.lv\/ru\/produkts\/cocoon-descrete-viegls-mantu-organizators\/#primaryimage"},"image":{"@id":"https:\/\/gohike.lv\/ru\/produkts\/cocoon-descrete-viegls-mantu-organizators\/#primaryimage"},"thumbnailUrl":"https:\/\/gohike.lv\/wp-content\/uploads\/2024\/08\/discrete-light.webp","datePublished":"2024-08-26T09:12:10+00:00","dateModified":"2026-03-27T17:23:06+00:00","breadcrumb":{"@id":"https:\/\/gohike.lv\/ru\/produkts\/cocoon-descrete-viegls-mantu-organizators\/#breadcrumb"},"inLanguage":"ru-RU","potentialAction":[{"@type":"ReadAction","target":["https:\/\/gohike.lv\/ru\/produkts\/cocoon-descrete-viegls-mantu-organizators\/"]}]},{"@type":"ImageObject","inLanguage":"ru-RU","@id":"https:\/\/gohike.lv\/ru\/produkts\/cocoon-descrete-viegls-mantu-organizators\/#primaryimage","url":"https:\/\/gohike.lv\/wp-content\/uploads\/2024\/08\/discrete-light.webp","contentUrl":"https:\/\/gohike.lv\/wp-content\/uploads\/2024\/08\/discrete-light.webp","width":720,"height":720},{"@type":"BreadcrumbList","@id":"https:\/\/gohike.lv\/ru\/produkts\/cocoon-descrete-viegls-mantu-organizators\/#breadcrumb","itemListElement":[{"@type":"ListItem","position":1,"name":"\u0413\u043b\u0430\u0432\u043d\u0430\u044f","item":"https:\/\/gohike.lv\/ru\/"},{"@type":"ListItem","position":2,"name":"\u041a\u0430\u0442\u0435\u0433\u043e\u0440\u0438\u0438 \u0442\u043e\u0432\u0430\u0440\u043e\u0432","item":"https:\/\/gohike.lv\/%d0%ba%d0%b0%d1%82%d0%b5%d0%b3%d0%be%d1%80%d0%b8%d0%b8-%d1%82%d0%be%d0%b2%d0%b0%d1%80%d0%be%d0%b2\/"},{"@type":"ListItem","position":3,"name":"Cocoon &#8211; Descrete viegls mantu organizators"}]},{"@type":"WebSite","@id":"https:\/\/gohike.lv\/ru\/#website","url":"https:\/\/gohike.lv\/ru\/","name":"GoHike","description":"","publisher":{"@id":"https:\/\/gohike.lv\/ru\/#organization"},"potentialAction":[{"@type":"SearchAction","target":{"@type":"EntryPoint","urlTemplate":"https:\/\/gohike.lv\/ru\/?s={search_term_string}"},"query-input":{"@type":"PropertyValueSpecification","valueRequired":true,"valueName":"search_term_string"}}],"inLanguage":"ru-RU"},{"@type":"Organization","@id":"https:\/\/gohike.lv\/ru\/#organization","name":"GoHike","url":"https:\/\/gohike.lv\/ru\/","logo":{"@type":"ImageObject","inLanguage":"ru-RU","@id":"https:\/\/gohike.lv\/ru\/#\/schema\/logo\/image\/","url":"https:\/\/gohike.lv\/wp-content\/uploads\/2023\/08\/Logo_GoHike.webp","contentUrl":"https:\/\/gohike.lv\/wp-content\/uploads\/2023\/08\/Logo_GoHike.webp","width":512,"height":512,"caption":"GoHike"},"image":{"@id":"https:\/\/gohike.lv\/ru\/#\/schema\/logo\/image\/"},"sameAs":["https:\/\/www.facebook.com\/gohike.shop\/","https:\/\/www.instagram.com\/gohike.shop\/"]}]}},"jetpack_sharing_enabled":true,"_links":{"self":[{"href":"https:\/\/gohike.lv\/ru\/wp-json\/wp\/v2\/product\/62043","targetHints":{"allow":["GET"]}}],"collection":[{"href":"https:\/\/gohike.lv\/ru\/wp-json\/wp\/v2\/product"}],"about":[{"href":"https:\/\/gohike.lv\/ru\/wp-json\/wp\/v2\/types\/product"}],"version-history":[{"count":0,"href":"https:\/\/gohike.lv\/ru\/wp-json\/wp\/v2\/product\/62043\/revisions"}],"wp:featuredmedia":[{"embeddable":true,"href":"https:\/\/gohike.lv\/ru\/wp-json\/wp\/v2\/media\/62070"}],"wp:attachment":[{"href":"https:\/\/gohike.lv\/ru\/wp-json\/wp\/v2\/media?parent=62043"}],"wp:term":[{"taxonomy":"product_brand","embeddable":true,"href":"https:\/\/gohike.lv\/ru\/wp-json\/wp\/v2\/product_brand?post=62043"},{"taxonomy":"product_cat","embeddable":true,"href":"https:\/\/gohike.lv\/ru\/wp-json\/wp\/v2\/product_cat?post=62043"},{"taxonomy":"product_tag","embeddable":true,"href":"https:\/\/gohike.lv\/ru\/wp-json\/wp\/v2\/product_tag?post=62043"}],"curies":[{"name":"wp","href":"https:\/\/api.w.org\/{rel}","templated":true}]}}