{"id":61990,"date":"2024-08-26T12:10:18","date_gmt":"2024-08-26T09:10:18","guid":{"rendered":"https:\/\/gohike.lv\/produkts\/lifeventure-ellipse-saliekama-kruze\/"},"modified":"2026-01-02T07:29:39","modified_gmt":"2026-01-02T04:29:39","slug":"lifeventure-ellipse-saliekama-kruze","status":"publish","type":"product","link":"https:\/\/gohike.lv\/ru\/produkts\/lifeventure-ellipse-saliekama-kruze\/","title":{"rendered":"Lifeventure &#8212; Ellipse saliekama kr\u016bze"},"content":{"rendered":"<p>Izgatavota no p\u0101rtikas kvalit\u0101tes materi\u0101liem;<br \/>\nIztur temperat\u016bru no -40 l\u012bdz 230\u00b0C;<br \/>\nBez BPA;<br \/>\nVar mazg\u0101t trauku mazg\u0101jam\u0101 ma\u0161\u012bn\u0101.<br \/>\n<iframe title=\"Lifeventure Silicone Cookware\" width=\"1200\" height=\"675\" src=\"https:\/\/www.youtube.com\/embed\/jSLtbsFglvk?feature=oembed\" frameborder=\"0\" allow=\"accelerometer; autoplay; clipboard-write; encrypted-media; gyroscope; picture-in-picture; web-share\" referrerpolicy=\"strict-origin-when-cross-origin\" allowfullscreen><\/iframe><\/p>\n","protected":false},"excerpt":{"rendered":"<p>Daudzfunkcion\u0101la, saliekama b\u013coda, izgatavota no kvalitat\u012bviem materi\u0101liem.<br \/>\nStingra neilona pamatne un elast\u012bgi neilona s\u0101ni.<br \/>\nPiln\u012bb\u0101 saloc\u012bta aiz\u0146em maz vietas.<\/p>\n","protected":false},"featured_media":61992,"template":"","meta":[],"product_brand":[1308],"product_cat":[1012],"product_tag":[],"class_list":{"0":"post-61990","1":"product","2":"type-product","3":"status-publish","4":"has-post-thumbnail","6":"product_brand-lifeventure-lv","7":"product_cat-virtuves-piederumi","8":"pa_izmeriscm-9-8-9-88-3","9":"pa_produkta-tips-12740","10":"pa_spalva-melns","11":"pa_spalva-roza","12":"pa_spalva-tumsi-zils","13":"pa_spalva-violets","14":"pa_spalva-zals","15":"pa_spalva-zils","16":"pa_tilpums-350ml","18":"first","19":"instock","20":"taxable","21":"shipping-taxable","22":"purchasable","23":"product-type-variable","24":"has-default-attributes"},"raw_content":{"name":"Lifeventure - Ellipse saliekama kr\u016bze","description":"Izgatavota no p\u0101rtikas kvalit\u0101tes materi\u0101liem;\nIztur temperat\u016bru no -40 l\u012bdz 230\u00b0C;\nBez BPA;\nVar mazg\u0101t trauku mazg\u0101jam\u0101 ma\u0161\u012bn\u0101.\nhttps:\/\/youtu.be\/jSLtbsFglvk?list=TLGG6lSVHVCU-l0yMTA4MjAyNA","short_description":"Daudzfunkcion\u0101la, saliekama b\u013coda, izgatavota no kvalitat\u012bviem materi\u0101liem.\r\nStingra neilona pamatne un elast\u012bgi neilona s\u0101ni.\r\nPiln\u012bb\u0101 saloc\u012bta aiz\u0146em maz vietas.","status":"publish","sku":"lf00095","original":61990},"wpml":{"translation_type":1,"has_translations":true,"original":61990,"duplicates":[],"translations":{"lv":61990,"en":67177,"ru":null}},"supplier_id":null,"supplier_sku":"","barcode":null,"atum_controlled":true,"out_stock_date":null,"out_stock_threshold":null,"inheritable":false,"inbound_stock":0,"stock_on_hold":0,"sold_today":0,"sales_last_days":0,"reserved_stock":0,"customer_returns":0,"warehouse_damage":0,"lost_in_post":0,"other_logs":0,"out_stock_days":0,"lost_sales":0,"has_location":false,"update_date":"2025-12-30T14:30:32","atum_locations":[],"atum_stock_status":"instock","restock_status":false,"low_stock_amount":"","sales_update_date":"2025-11-13T14:07:35","calc_backorders":null,"yoast_head":"<!-- This site is optimized with the Yoast SEO plugin v27.3 - https:\/\/yoast.com\/product\/yoast-seo-wordpress\/ -->\n<title>Lifeventure - Ellipse saliekama kr\u016bze<\/title>\n<meta name=\"description\" content=\"Daudzfunkcion\u0101la, saliekama b\u013coda, izgatavota no kvalitat\u012bviem materi\u0101liem.Stingra neilona pamatne un elast\u012bgi neilona s\u0101ni.\" \/>\n<meta name=\"robots\" content=\"index, follow, max-snippet:-1, max-image-preview:large, max-video-preview:-1\" \/>\n<link rel=\"canonical\" href=\"https:\/\/gohike.lv\/ru\/produkts\/lifeventure-ellipse-saliekama-kruze\/\" \/>\n<meta property=\"og:locale\" content=\"ru_RU\" \/>\n<meta property=\"og:type\" content=\"article\" \/>\n<meta property=\"og:title\" content=\"Lifeventure - Virtuves piederumi - Ellipse saliekam\u0101 kr\u016bze\" \/>\n<meta property=\"og:description\" content=\"Daudzfunkcion\u0101la, saliekama b\u013coda, izgatavota no kvalitat\u012bviem materi\u0101liem.Stingra neilona pamatne un elast\u012bgi neilona s\u0101ni.\" \/>\n<meta property=\"og:url\" content=\"https:\/\/gohike.lv\/ru\/produkts\/lifeventure-ellipse-saliekama-kruze\/\" \/>\n<meta property=\"og:site_name\" content=\"GoHike\" \/>\n<meta property=\"article:publisher\" content=\"https:\/\/www.facebook.com\/gohike.shop\/\" \/>\n<meta property=\"article:modified_time\" content=\"2026-01-02T04:29:39+00:00\" \/>\n<meta property=\"og:image\" content=\"https:\/\/gohike.lv\/wp-content\/uploads\/2024\/08\/FlexiMug_violet_2.webp\" \/>\n\t<meta property=\"og:image:width\" content=\"550\" \/>\n\t<meta property=\"og:image:height\" content=\"550\" \/>\n\t<meta property=\"og:image:type\" content=\"image\/webp\" \/>\n<meta name=\"twitter:card\" content=\"summary_large_image\" \/>\n<meta name=\"twitter:title\" content=\"Lifeventure - Virtuves piederumi - Ellipse saliekam\u0101 kr\u016bze\" \/>\n<meta name=\"twitter:label1\" content=\"\u041f\u0440\u0438\u043c\u0435\u0440\u043d\u043e\u0435 \u0432\u0440\u0435\u043c\u044f \u0434\u043b\u044f \u0447\u0442\u0435\u043d\u0438\u044f\" \/>\n\t<meta name=\"twitter:data1\" content=\"1 \u043c\u0438\u043d\u0443\u0442\u0430\" \/>\n<script type=\"application\/ld+json\" class=\"yoast-schema-graph\">{\"@context\":\"https:\\\/\\\/schema.org\",\"@graph\":[{\"@type\":[\"WebPage\",\"ItemPage\"],\"@id\":\"https:\\\/\\\/gohike.lv\\\/ru\\\/produkts\\\/lifeventure-ellipse-saliekama-kruze\\\/\",\"url\":\"https:\\\/\\\/gohike.lv\\\/ru\\\/produkts\\\/lifeventure-ellipse-saliekama-kruze\\\/\",\"name\":\"Lifeventure - Ellipse saliekama kr\u016bze\",\"isPartOf\":{\"@id\":\"https:\\\/\\\/gohike.lv\\\/ru\\\/#website\"},\"primaryImageOfPage\":{\"@id\":\"https:\\\/\\\/gohike.lv\\\/ru\\\/produkts\\\/lifeventure-ellipse-saliekama-kruze\\\/#primaryimage\"},\"image\":{\"@id\":\"https:\\\/\\\/gohike.lv\\\/ru\\\/produkts\\\/lifeventure-ellipse-saliekama-kruze\\\/#primaryimage\"},\"thumbnailUrl\":\"https:\\\/\\\/gohike.lv\\\/wp-content\\\/uploads\\\/2024\\\/08\\\/FlexiMug_violet_2.webp\",\"datePublished\":\"2024-08-26T09:10:18+00:00\",\"dateModified\":\"2026-01-02T04:29:39+00:00\",\"description\":\"Daudzfunkcion\u0101la, saliekama b\u013coda, izgatavota no kvalitat\u012bviem materi\u0101liem.Stingra neilona pamatne un elast\u012bgi neilona s\u0101ni.\",\"breadcrumb\":{\"@id\":\"https:\\\/\\\/gohike.lv\\\/ru\\\/produkts\\\/lifeventure-ellipse-saliekama-kruze\\\/#breadcrumb\"},\"inLanguage\":\"ru-RU\",\"potentialAction\":[{\"@type\":\"ReadAction\",\"target\":[\"https:\\\/\\\/gohike.lv\\\/ru\\\/produkts\\\/lifeventure-ellipse-saliekama-kruze\\\/\"]}]},{\"@type\":\"ImageObject\",\"inLanguage\":\"ru-RU\",\"@id\":\"https:\\\/\\\/gohike.lv\\\/ru\\\/produkts\\\/lifeventure-ellipse-saliekama-kruze\\\/#primaryimage\",\"url\":\"https:\\\/\\\/gohike.lv\\\/wp-content\\\/uploads\\\/2024\\\/08\\\/FlexiMug_violet_2.webp\",\"contentUrl\":\"https:\\\/\\\/gohike.lv\\\/wp-content\\\/uploads\\\/2024\\\/08\\\/FlexiMug_violet_2.webp\",\"width\":550,\"height\":550},{\"@type\":\"BreadcrumbList\",\"@id\":\"https:\\\/\\\/gohike.lv\\\/ru\\\/produkts\\\/lifeventure-ellipse-saliekama-kruze\\\/#breadcrumb\",\"itemListElement\":[{\"@type\":\"ListItem\",\"position\":1,\"name\":\"\u0413\u043b\u0430\u0432\u043d\u0430\u044f\",\"item\":\"https:\\\/\\\/gohike.lv\\\/ru\\\/\"},{\"@type\":\"ListItem\",\"position\":2,\"name\":\"\u041a\u0430\u0442\u0435\u0433\u043e\u0440\u0438\u0438 \u0442\u043e\u0432\u0430\u0440\u043e\u0432\",\"item\":\"https:\\\/\\\/gohike.lv\\\/%d0%ba%d0%b0%d1%82%d0%b5%d0%b3%d0%be%d1%80%d0%b8%d0%b8-%d1%82%d0%be%d0%b2%d0%b0%d1%80%d0%be%d0%b2\\\/\"},{\"@type\":\"ListItem\",\"position\":3,\"name\":\"Lifeventure &#8211; Ellipse saliekama kr\u016bze\"}]},{\"@type\":\"WebSite\",\"@id\":\"https:\\\/\\\/gohike.lv\\\/ru\\\/#website\",\"url\":\"https:\\\/\\\/gohike.lv\\\/ru\\\/\",\"name\":\"GoHike\",\"description\":\"\",\"publisher\":{\"@id\":\"https:\\\/\\\/gohike.lv\\\/ru\\\/#organization\"},\"potentialAction\":[{\"@type\":\"SearchAction\",\"target\":{\"@type\":\"EntryPoint\",\"urlTemplate\":\"https:\\\/\\\/gohike.lv\\\/ru\\\/?s={search_term_string}\"},\"query-input\":{\"@type\":\"PropertyValueSpecification\",\"valueRequired\":true,\"valueName\":\"search_term_string\"}}],\"inLanguage\":\"ru-RU\"},{\"@type\":\"Organization\",\"@id\":\"https:\\\/\\\/gohike.lv\\\/ru\\\/#organization\",\"name\":\"GoHike\",\"url\":\"https:\\\/\\\/gohike.lv\\\/ru\\\/\",\"logo\":{\"@type\":\"ImageObject\",\"inLanguage\":\"ru-RU\",\"@id\":\"https:\\\/\\\/gohike.lv\\\/ru\\\/#\\\/schema\\\/logo\\\/image\\\/\",\"url\":\"https:\\\/\\\/gohike.lv\\\/wp-content\\\/uploads\\\/2023\\\/08\\\/Logo_GoHike.webp\",\"contentUrl\":\"https:\\\/\\\/gohike.lv\\\/wp-content\\\/uploads\\\/2023\\\/08\\\/Logo_GoHike.webp\",\"width\":512,\"height\":512,\"caption\":\"GoHike\"},\"image\":{\"@id\":\"https:\\\/\\\/gohike.lv\\\/ru\\\/#\\\/schema\\\/logo\\\/image\\\/\"},\"sameAs\":[\"https:\\\/\\\/www.facebook.com\\\/gohike.shop\\\/\",\"https:\\\/\\\/www.instagram.com\\\/gohike.shop\\\/\"]}]}<\/script>\n<!-- \/ Yoast SEO plugin. -->","yoast_head_json":{"title":"Lifeventure - Ellipse saliekama kr\u016bze","description":"Daudzfunkcion\u0101la, saliekama b\u013coda, izgatavota no kvalitat\u012bviem materi\u0101liem.Stingra neilona pamatne un elast\u012bgi neilona s\u0101ni.","robots":{"index":"index","follow":"follow","max-snippet":"max-snippet:-1","max-image-preview":"max-image-preview:large","max-video-preview":"max-video-preview:-1"},"canonical":"https:\/\/gohike.lv\/ru\/produkts\/lifeventure-ellipse-saliekama-kruze\/","og_locale":"ru_RU","og_type":"article","og_title":"Lifeventure - Virtuves piederumi - Ellipse saliekam\u0101 kr\u016bze","og_description":"Daudzfunkcion\u0101la, saliekama b\u013coda, izgatavota no kvalitat\u012bviem materi\u0101liem.Stingra neilona pamatne un elast\u012bgi neilona s\u0101ni.","og_url":"https:\/\/gohike.lv\/ru\/produkts\/lifeventure-ellipse-saliekama-kruze\/","og_site_name":"GoHike","article_publisher":"https:\/\/www.facebook.com\/gohike.shop\/","article_modified_time":"2026-01-02T04:29:39+00:00","og_image":[{"width":550,"height":550,"url":"https:\/\/gohike.lv\/wp-content\/uploads\/2024\/08\/FlexiMug_violet_2.webp","type":"image\/webp"}],"twitter_card":"summary_large_image","twitter_title":"Lifeventure - Virtuves piederumi - Ellipse saliekam\u0101 kr\u016bze","twitter_misc":{"\u041f\u0440\u0438\u043c\u0435\u0440\u043d\u043e\u0435 \u0432\u0440\u0435\u043c\u044f \u0434\u043b\u044f \u0447\u0442\u0435\u043d\u0438\u044f":"1 \u043c\u0438\u043d\u0443\u0442\u0430"},"schema":{"@context":"https:\/\/schema.org","@graph":[{"@type":["WebPage","ItemPage"],"@id":"https:\/\/gohike.lv\/ru\/produkts\/lifeventure-ellipse-saliekama-kruze\/","url":"https:\/\/gohike.lv\/ru\/produkts\/lifeventure-ellipse-saliekama-kruze\/","name":"Lifeventure - Ellipse saliekama kr\u016bze","isPartOf":{"@id":"https:\/\/gohike.lv\/ru\/#website"},"primaryImageOfPage":{"@id":"https:\/\/gohike.lv\/ru\/produkts\/lifeventure-ellipse-saliekama-kruze\/#primaryimage"},"image":{"@id":"https:\/\/gohike.lv\/ru\/produkts\/lifeventure-ellipse-saliekama-kruze\/#primaryimage"},"thumbnailUrl":"https:\/\/gohike.lv\/wp-content\/uploads\/2024\/08\/FlexiMug_violet_2.webp","datePublished":"2024-08-26T09:10:18+00:00","dateModified":"2026-01-02T04:29:39+00:00","description":"Daudzfunkcion\u0101la, saliekama b\u013coda, izgatavota no kvalitat\u012bviem materi\u0101liem.Stingra neilona pamatne un elast\u012bgi neilona s\u0101ni.","breadcrumb":{"@id":"https:\/\/gohike.lv\/ru\/produkts\/lifeventure-ellipse-saliekama-kruze\/#breadcrumb"},"inLanguage":"ru-RU","potentialAction":[{"@type":"ReadAction","target":["https:\/\/gohike.lv\/ru\/produkts\/lifeventure-ellipse-saliekama-kruze\/"]}]},{"@type":"ImageObject","inLanguage":"ru-RU","@id":"https:\/\/gohike.lv\/ru\/produkts\/lifeventure-ellipse-saliekama-kruze\/#primaryimage","url":"https:\/\/gohike.lv\/wp-content\/uploads\/2024\/08\/FlexiMug_violet_2.webp","contentUrl":"https:\/\/gohike.lv\/wp-content\/uploads\/2024\/08\/FlexiMug_violet_2.webp","width":550,"height":550},{"@type":"BreadcrumbList","@id":"https:\/\/gohike.lv\/ru\/produkts\/lifeventure-ellipse-saliekama-kruze\/#breadcrumb","itemListElement":[{"@type":"ListItem","position":1,"name":"\u0413\u043b\u0430\u0432\u043d\u0430\u044f","item":"https:\/\/gohike.lv\/ru\/"},{"@type":"ListItem","position":2,"name":"\u041a\u0430\u0442\u0435\u0433\u043e\u0440\u0438\u0438 \u0442\u043e\u0432\u0430\u0440\u043e\u0432","item":"https:\/\/gohike.lv\/%d0%ba%d0%b0%d1%82%d0%b5%d0%b3%d0%be%d1%80%d0%b8%d0%b8-%d1%82%d0%be%d0%b2%d0%b0%d1%80%d0%be%d0%b2\/"},{"@type":"ListItem","position":3,"name":"Lifeventure &#8211; Ellipse saliekama kr\u016bze"}]},{"@type":"WebSite","@id":"https:\/\/gohike.lv\/ru\/#website","url":"https:\/\/gohike.lv\/ru\/","name":"GoHike","description":"","publisher":{"@id":"https:\/\/gohike.lv\/ru\/#organization"},"potentialAction":[{"@type":"SearchAction","target":{"@type":"EntryPoint","urlTemplate":"https:\/\/gohike.lv\/ru\/?s={search_term_string}"},"query-input":{"@type":"PropertyValueSpecification","valueRequired":true,"valueName":"search_term_string"}}],"inLanguage":"ru-RU"},{"@type":"Organization","@id":"https:\/\/gohike.lv\/ru\/#organization","name":"GoHike","url":"https:\/\/gohike.lv\/ru\/","logo":{"@type":"ImageObject","inLanguage":"ru-RU","@id":"https:\/\/gohike.lv\/ru\/#\/schema\/logo\/image\/","url":"https:\/\/gohike.lv\/wp-content\/uploads\/2023\/08\/Logo_GoHike.webp","contentUrl":"https:\/\/gohike.lv\/wp-content\/uploads\/2023\/08\/Logo_GoHike.webp","width":512,"height":512,"caption":"GoHike"},"image":{"@id":"https:\/\/gohike.lv\/ru\/#\/schema\/logo\/image\/"},"sameAs":["https:\/\/www.facebook.com\/gohike.shop\/","https:\/\/www.instagram.com\/gohike.shop\/"]}]}},"jetpack_sharing_enabled":true,"_links":{"self":[{"href":"https:\/\/gohike.lv\/ru\/wp-json\/wp\/v2\/product\/61990","targetHints":{"allow":["GET"]}}],"collection":[{"href":"https:\/\/gohike.lv\/ru\/wp-json\/wp\/v2\/product"}],"about":[{"href":"https:\/\/gohike.lv\/ru\/wp-json\/wp\/v2\/types\/product"}],"version-history":[{"count":0,"href":"https:\/\/gohike.lv\/ru\/wp-json\/wp\/v2\/product\/61990\/revisions"}],"wp:featuredmedia":[{"embeddable":true,"href":"https:\/\/gohike.lv\/ru\/wp-json\/wp\/v2\/media\/61992"}],"wp:attachment":[{"href":"https:\/\/gohike.lv\/ru\/wp-json\/wp\/v2\/media?parent=61990"}],"wp:term":[{"taxonomy":"product_brand","embeddable":true,"href":"https:\/\/gohike.lv\/ru\/wp-json\/wp\/v2\/product_brand?post=61990"},{"taxonomy":"product_cat","embeddable":true,"href":"https:\/\/gohike.lv\/ru\/wp-json\/wp\/v2\/product_cat?post=61990"},{"taxonomy":"product_tag","embeddable":true,"href":"https:\/\/gohike.lv\/ru\/wp-json\/wp\/v2\/product_tag?post=61990"}],"curies":[{"name":"wp","href":"https:\/\/api.w.org\/{rel}","templated":true}]}}