{"id":61977,"date":"2024-08-26T11:31:54","date_gmt":"2024-08-26T08:31:54","guid":{"rendered":"https:\/\/gohike.lv\/produkts\/cocoon-thermolite-radiator-iekspalags\/"},"modified":"2026-02-14T19:37:18","modified_gmt":"2026-02-14T16:37:18","slug":"cocoon-thermolite-radiator-iekspalags","status":"publish","type":"product","link":"https:\/\/gohike.lv\/ru\/produkts\/cocoon-thermolite-radiator-iekspalags\/","title":{"rendered":"Cocoon &#8212; Thermolite Radiator iek\u0161palags"},"content":{"rendered":"<p>Iek\u0161palags palielina gu\u013cammaisa temperat\u016bras r\u0101d\u012bt\u0101ju par 9\u00b0C!<br \/>\nTemperat\u016bra var at\u0161\u0137irties par vienu gr\u0101du p\u0113c Celsija abos virzienos.<br \/>\nThermolite EcoMade nodro\u0161ina siltumu un komfortu pat ja tas ir slapj\u0161.<br \/>\nMateri\u0101la \u0161\u0137iedra aiztur gaisu, lai nodro\u0161in\u0101tu lab\u0101ku izol\u0101ciju.<br \/>\nThermolite EcoMade iz\u017e\u016bst par 20% \u0101tr\u0101k nek\u0101 citi izol\u0101cijas audumi un par 50% \u0101tr\u0101k nek\u0101 kokvilna.<br \/>\nTas novada mitrumu no \u0101das uz auduma virsmu, kur tas \u0101tri iztvaiko.<br \/>\nBez s\u0101nu atv\u0113r\u0161anas optim\u0101lam siltumam un veiktsp\u0113jai.<br \/>\nKabata spilvenam.<\/p>\n","protected":false},"excerpt":{"rendered":"<p>Thermolite EcoMade Radiator TravelSheets ir \u0101tri \u017e\u016bsto\u0161i, absorb\u0113jo\u0161s iek\u0161palags ar \u013coti augstu izol\u0101ciju.<\/p>\n","protected":false},"featured_media":62082,"template":"","meta":[],"product_brand":[15062],"product_cat":[1888],"product_tag":[],"class_list":{"0":"post-61977","1":"product","2":"type-product","3":"status-publish","4":"has-post-thumbnail","6":"product_brand-cooon","7":"product_cat-gulammaisi","8":"pa_izmeriscm-9660","9":"pa_produkta-izmers-kvadrats","10":"pa_produkta-izmers-mumija","11":"pa_produkta-tips-iekspalagi","12":"pa_saliktas-preces-izmerscm-9661","14":"first","15":"instock","16":"taxable","17":"shipping-taxable","18":"purchasable","19":"product-type-variable"},"raw_content":{"name":"Cocoon - Thermolite Radiator iek\u0161palags","description":"Iek\u0161palags palielina gu\u013cammaisa temperat\u016bras r\u0101d\u012bt\u0101ju par 9\u00b0C!\nTemperat\u016bra var at\u0161\u0137irties par vienu gr\u0101du p\u0113c Celsija abos virzienos.\nThermolite EcoMade nodro\u0161ina siltumu un komfortu pat ja tas ir slapj\u0161.\nMateri\u0101la \u0161\u0137iedra aiztur gaisu, lai nodro\u0161in\u0101tu lab\u0101ku izol\u0101ciju.\nThermolite EcoMade iz\u017e\u016bst par 20% \u0101tr\u0101k nek\u0101 citi izol\u0101cijas audumi un par 50% \u0101tr\u0101k nek\u0101 kokvilna.\nTas novada mitrumu no \u0101das uz auduma virsmu, kur tas \u0101tri iztvaiko.\nBez s\u0101nu atv\u0113r\u0161anas optim\u0101lam siltumam un veiktsp\u0113jai.\nKabata spilvenam.","short_description":"Thermolite EcoMade Radiator TravelSheets ir \u0101tri \u017e\u016bsto\u0161i, absorb\u0113jo\u0161s iek\u0161palags ar \u013coti augstu izol\u0101ciju.","status":"publish","sku":"799696108274","original":61977},"wpml":{"translation_type":1,"has_translations":true,"original":61977,"duplicates":[],"translations":{"lv":61977,"en":67182,"ru":null}},"supplier_id":null,"supplier_sku":"","barcode":null,"atum_controlled":true,"out_stock_date":null,"out_stock_threshold":null,"inheritable":false,"inbound_stock":0,"stock_on_hold":0,"sold_today":0,"sales_last_days":0,"reserved_stock":0,"customer_returns":0,"warehouse_damage":0,"lost_in_post":0,"other_logs":0,"out_stock_days":0,"lost_sales":0,"has_location":false,"update_date":"2025-12-30T14:13:26","atum_locations":[],"atum_stock_status":"instock","restock_status":false,"low_stock_amount":"","sales_update_date":"2025-11-13T14:07:23","calc_backorders":null,"yoast_head":"<!-- This site is optimized with the Yoast SEO plugin v27.3 - https:\/\/yoast.com\/product\/yoast-seo-wordpress\/ -->\n<title>Cocoon - Thermolite Radiator iek\u0161palags<\/title>\n<meta name=\"description\" content=\"Thermolite EcoMade Radiator TravelSheets ir \u0101tri \u017e\u016bsto\u0161i, absorb\u0113jo\u0161s iek\u0161palags ar \u013coti augstu izol\u0101ciju.\" \/>\n<meta name=\"robots\" content=\"index, follow, max-snippet:-1, max-image-preview:large, max-video-preview:-1\" \/>\n<link rel=\"canonical\" href=\"https:\/\/gohike.lv\/ru\/produkts\/cocoon-thermolite-radiator-iekspalags\/\" \/>\n<meta property=\"og:locale\" content=\"ru_RU\" \/>\n<meta property=\"og:type\" content=\"article\" \/>\n<meta property=\"og:title\" content=\"Cocoon - Gu\u013cammaisi - Thermolite Radiator iek\u0161palags\" \/>\n<meta property=\"og:description\" content=\"Thermolite EcoMade Radiator TravelSheets ir \u0101tri \u017e\u016bsto\u0161i, absorb\u0113jo\u0161s iek\u0161palags ar \u013coti augstu izol\u0101ciju.\" \/>\n<meta property=\"og:url\" content=\"https:\/\/gohike.lv\/ru\/produkts\/cocoon-thermolite-radiator-iekspalags\/\" \/>\n<meta property=\"og:site_name\" content=\"GoHike\" \/>\n<meta property=\"article:publisher\" content=\"https:\/\/www.facebook.com\/gohike.shop\/\" \/>\n<meta property=\"article:modified_time\" content=\"2026-02-14T16:37:18+00:00\" \/>\n<meta property=\"og:image\" content=\"https:\/\/gohike.lv\/wp-content\/uploads\/2024\/08\/thermolite-radiator-.png\" \/>\n\t<meta property=\"og:image:width\" content=\"800\" \/>\n\t<meta property=\"og:image:height\" content=\"800\" \/>\n\t<meta property=\"og:image:type\" content=\"image\/png\" \/>\n<meta name=\"twitter:card\" content=\"summary_large_image\" \/>\n<meta name=\"twitter:title\" content=\"Cocoon - Gu\u013cammaisi - Thermolite Radiator iek\u0161palags\" \/>\n<meta name=\"twitter:label1\" content=\"\u041f\u0440\u0438\u043c\u0435\u0440\u043d\u043e\u0435 \u0432\u0440\u0435\u043c\u044f \u0434\u043b\u044f \u0447\u0442\u0435\u043d\u0438\u044f\" \/>\n\t<meta name=\"twitter:data1\" content=\"1 \u043c\u0438\u043d\u0443\u0442\u0430\" \/>\n<script type=\"application\/ld+json\" class=\"yoast-schema-graph\">{\"@context\":\"https:\\\/\\\/schema.org\",\"@graph\":[{\"@type\":[\"WebPage\",\"ItemPage\"],\"@id\":\"https:\\\/\\\/gohike.lv\\\/ru\\\/produkts\\\/cocoon-thermolite-radiator-iekspalags\\\/\",\"url\":\"https:\\\/\\\/gohike.lv\\\/ru\\\/produkts\\\/cocoon-thermolite-radiator-iekspalags\\\/\",\"name\":\"Cocoon - Thermolite Radiator iek\u0161palags\",\"isPartOf\":{\"@id\":\"https:\\\/\\\/gohike.lv\\\/ru\\\/#website\"},\"primaryImageOfPage\":{\"@id\":\"https:\\\/\\\/gohike.lv\\\/ru\\\/produkts\\\/cocoon-thermolite-radiator-iekspalags\\\/#primaryimage\"},\"image\":{\"@id\":\"https:\\\/\\\/gohike.lv\\\/ru\\\/produkts\\\/cocoon-thermolite-radiator-iekspalags\\\/#primaryimage\"},\"thumbnailUrl\":\"https:\\\/\\\/gohike.lv\\\/wp-content\\\/uploads\\\/2024\\\/08\\\/thermolite-radiator-.png\",\"datePublished\":\"2024-08-26T08:31:54+00:00\",\"dateModified\":\"2026-02-14T16:37:18+00:00\",\"description\":\"Thermolite EcoMade Radiator TravelSheets ir \u0101tri \u017e\u016bsto\u0161i, absorb\u0113jo\u0161s iek\u0161palags ar \u013coti augstu izol\u0101ciju.\",\"breadcrumb\":{\"@id\":\"https:\\\/\\\/gohike.lv\\\/ru\\\/produkts\\\/cocoon-thermolite-radiator-iekspalags\\\/#breadcrumb\"},\"inLanguage\":\"ru-RU\",\"potentialAction\":[{\"@type\":\"ReadAction\",\"target\":[\"https:\\\/\\\/gohike.lv\\\/ru\\\/produkts\\\/cocoon-thermolite-radiator-iekspalags\\\/\"]}]},{\"@type\":\"ImageObject\",\"inLanguage\":\"ru-RU\",\"@id\":\"https:\\\/\\\/gohike.lv\\\/ru\\\/produkts\\\/cocoon-thermolite-radiator-iekspalags\\\/#primaryimage\",\"url\":\"https:\\\/\\\/gohike.lv\\\/wp-content\\\/uploads\\\/2024\\\/08\\\/thermolite-radiator-.png\",\"contentUrl\":\"https:\\\/\\\/gohike.lv\\\/wp-content\\\/uploads\\\/2024\\\/08\\\/thermolite-radiator-.png\",\"width\":800,\"height\":800},{\"@type\":\"BreadcrumbList\",\"@id\":\"https:\\\/\\\/gohike.lv\\\/ru\\\/produkts\\\/cocoon-thermolite-radiator-iekspalags\\\/#breadcrumb\",\"itemListElement\":[{\"@type\":\"ListItem\",\"position\":1,\"name\":\"\u0413\u043b\u0430\u0432\u043d\u0430\u044f\",\"item\":\"https:\\\/\\\/gohike.lv\\\/ru\\\/\"},{\"@type\":\"ListItem\",\"position\":2,\"name\":\"\u041a\u0430\u0442\u0435\u0433\u043e\u0440\u0438\u0438 \u0442\u043e\u0432\u0430\u0440\u043e\u0432\",\"item\":\"https:\\\/\\\/gohike.lv\\\/%d0%ba%d0%b0%d1%82%d0%b5%d0%b3%d0%be%d1%80%d0%b8%d0%b8-%d1%82%d0%be%d0%b2%d0%b0%d1%80%d0%be%d0%b2\\\/\"},{\"@type\":\"ListItem\",\"position\":3,\"name\":\"Cocoon &#8211; Thermolite Radiator iek\u0161palags\"}]},{\"@type\":\"WebSite\",\"@id\":\"https:\\\/\\\/gohike.lv\\\/ru\\\/#website\",\"url\":\"https:\\\/\\\/gohike.lv\\\/ru\\\/\",\"name\":\"GoHike\",\"description\":\"\",\"publisher\":{\"@id\":\"https:\\\/\\\/gohike.lv\\\/ru\\\/#organization\"},\"potentialAction\":[{\"@type\":\"SearchAction\",\"target\":{\"@type\":\"EntryPoint\",\"urlTemplate\":\"https:\\\/\\\/gohike.lv\\\/ru\\\/?s={search_term_string}\"},\"query-input\":{\"@type\":\"PropertyValueSpecification\",\"valueRequired\":true,\"valueName\":\"search_term_string\"}}],\"inLanguage\":\"ru-RU\"},{\"@type\":\"Organization\",\"@id\":\"https:\\\/\\\/gohike.lv\\\/ru\\\/#organization\",\"name\":\"GoHike\",\"url\":\"https:\\\/\\\/gohike.lv\\\/ru\\\/\",\"logo\":{\"@type\":\"ImageObject\",\"inLanguage\":\"ru-RU\",\"@id\":\"https:\\\/\\\/gohike.lv\\\/ru\\\/#\\\/schema\\\/logo\\\/image\\\/\",\"url\":\"https:\\\/\\\/gohike.lv\\\/wp-content\\\/uploads\\\/2023\\\/08\\\/Logo_GoHike.webp\",\"contentUrl\":\"https:\\\/\\\/gohike.lv\\\/wp-content\\\/uploads\\\/2023\\\/08\\\/Logo_GoHike.webp\",\"width\":512,\"height\":512,\"caption\":\"GoHike\"},\"image\":{\"@id\":\"https:\\\/\\\/gohike.lv\\\/ru\\\/#\\\/schema\\\/logo\\\/image\\\/\"},\"sameAs\":[\"https:\\\/\\\/www.facebook.com\\\/gohike.shop\\\/\",\"https:\\\/\\\/www.instagram.com\\\/gohike.shop\\\/\"]}]}<\/script>\n<!-- \/ Yoast SEO plugin. -->","yoast_head_json":{"title":"Cocoon - Thermolite Radiator iek\u0161palags","description":"Thermolite EcoMade Radiator TravelSheets ir \u0101tri \u017e\u016bsto\u0161i, absorb\u0113jo\u0161s iek\u0161palags ar \u013coti augstu izol\u0101ciju.","robots":{"index":"index","follow":"follow","max-snippet":"max-snippet:-1","max-image-preview":"max-image-preview:large","max-video-preview":"max-video-preview:-1"},"canonical":"https:\/\/gohike.lv\/ru\/produkts\/cocoon-thermolite-radiator-iekspalags\/","og_locale":"ru_RU","og_type":"article","og_title":"Cocoon - Gu\u013cammaisi - Thermolite Radiator iek\u0161palags","og_description":"Thermolite EcoMade Radiator TravelSheets ir \u0101tri \u017e\u016bsto\u0161i, absorb\u0113jo\u0161s iek\u0161palags ar \u013coti augstu izol\u0101ciju.","og_url":"https:\/\/gohike.lv\/ru\/produkts\/cocoon-thermolite-radiator-iekspalags\/","og_site_name":"GoHike","article_publisher":"https:\/\/www.facebook.com\/gohike.shop\/","article_modified_time":"2026-02-14T16:37:18+00:00","og_image":[{"width":800,"height":800,"url":"https:\/\/gohike.lv\/wp-content\/uploads\/2024\/08\/thermolite-radiator-.png","type":"image\/png"}],"twitter_card":"summary_large_image","twitter_title":"Cocoon - Gu\u013cammaisi - Thermolite Radiator iek\u0161palags","twitter_misc":{"\u041f\u0440\u0438\u043c\u0435\u0440\u043d\u043e\u0435 \u0432\u0440\u0435\u043c\u044f \u0434\u043b\u044f \u0447\u0442\u0435\u043d\u0438\u044f":"1 \u043c\u0438\u043d\u0443\u0442\u0430"},"schema":{"@context":"https:\/\/schema.org","@graph":[{"@type":["WebPage","ItemPage"],"@id":"https:\/\/gohike.lv\/ru\/produkts\/cocoon-thermolite-radiator-iekspalags\/","url":"https:\/\/gohike.lv\/ru\/produkts\/cocoon-thermolite-radiator-iekspalags\/","name":"Cocoon - Thermolite Radiator iek\u0161palags","isPartOf":{"@id":"https:\/\/gohike.lv\/ru\/#website"},"primaryImageOfPage":{"@id":"https:\/\/gohike.lv\/ru\/produkts\/cocoon-thermolite-radiator-iekspalags\/#primaryimage"},"image":{"@id":"https:\/\/gohike.lv\/ru\/produkts\/cocoon-thermolite-radiator-iekspalags\/#primaryimage"},"thumbnailUrl":"https:\/\/gohike.lv\/wp-content\/uploads\/2024\/08\/thermolite-radiator-.png","datePublished":"2024-08-26T08:31:54+00:00","dateModified":"2026-02-14T16:37:18+00:00","description":"Thermolite EcoMade Radiator TravelSheets ir \u0101tri \u017e\u016bsto\u0161i, absorb\u0113jo\u0161s iek\u0161palags ar \u013coti augstu izol\u0101ciju.","breadcrumb":{"@id":"https:\/\/gohike.lv\/ru\/produkts\/cocoon-thermolite-radiator-iekspalags\/#breadcrumb"},"inLanguage":"ru-RU","potentialAction":[{"@type":"ReadAction","target":["https:\/\/gohike.lv\/ru\/produkts\/cocoon-thermolite-radiator-iekspalags\/"]}]},{"@type":"ImageObject","inLanguage":"ru-RU","@id":"https:\/\/gohike.lv\/ru\/produkts\/cocoon-thermolite-radiator-iekspalags\/#primaryimage","url":"https:\/\/gohike.lv\/wp-content\/uploads\/2024\/08\/thermolite-radiator-.png","contentUrl":"https:\/\/gohike.lv\/wp-content\/uploads\/2024\/08\/thermolite-radiator-.png","width":800,"height":800},{"@type":"BreadcrumbList","@id":"https:\/\/gohike.lv\/ru\/produkts\/cocoon-thermolite-radiator-iekspalags\/#breadcrumb","itemListElement":[{"@type":"ListItem","position":1,"name":"\u0413\u043b\u0430\u0432\u043d\u0430\u044f","item":"https:\/\/gohike.lv\/ru\/"},{"@type":"ListItem","position":2,"name":"\u041a\u0430\u0442\u0435\u0433\u043e\u0440\u0438\u0438 \u0442\u043e\u0432\u0430\u0440\u043e\u0432","item":"https:\/\/gohike.lv\/%d0%ba%d0%b0%d1%82%d0%b5%d0%b3%d0%be%d1%80%d0%b8%d0%b8-%d1%82%d0%be%d0%b2%d0%b0%d1%80%d0%be%d0%b2\/"},{"@type":"ListItem","position":3,"name":"Cocoon &#8211; Thermolite Radiator iek\u0161palags"}]},{"@type":"WebSite","@id":"https:\/\/gohike.lv\/ru\/#website","url":"https:\/\/gohike.lv\/ru\/","name":"GoHike","description":"","publisher":{"@id":"https:\/\/gohike.lv\/ru\/#organization"},"potentialAction":[{"@type":"SearchAction","target":{"@type":"EntryPoint","urlTemplate":"https:\/\/gohike.lv\/ru\/?s={search_term_string}"},"query-input":{"@type":"PropertyValueSpecification","valueRequired":true,"valueName":"search_term_string"}}],"inLanguage":"ru-RU"},{"@type":"Organization","@id":"https:\/\/gohike.lv\/ru\/#organization","name":"GoHike","url":"https:\/\/gohike.lv\/ru\/","logo":{"@type":"ImageObject","inLanguage":"ru-RU","@id":"https:\/\/gohike.lv\/ru\/#\/schema\/logo\/image\/","url":"https:\/\/gohike.lv\/wp-content\/uploads\/2023\/08\/Logo_GoHike.webp","contentUrl":"https:\/\/gohike.lv\/wp-content\/uploads\/2023\/08\/Logo_GoHike.webp","width":512,"height":512,"caption":"GoHike"},"image":{"@id":"https:\/\/gohike.lv\/ru\/#\/schema\/logo\/image\/"},"sameAs":["https:\/\/www.facebook.com\/gohike.shop\/","https:\/\/www.instagram.com\/gohike.shop\/"]}]}},"jetpack_sharing_enabled":true,"_links":{"self":[{"href":"https:\/\/gohike.lv\/ru\/wp-json\/wp\/v2\/product\/61977","targetHints":{"allow":["GET"]}}],"collection":[{"href":"https:\/\/gohike.lv\/ru\/wp-json\/wp\/v2\/product"}],"about":[{"href":"https:\/\/gohike.lv\/ru\/wp-json\/wp\/v2\/types\/product"}],"version-history":[{"count":0,"href":"https:\/\/gohike.lv\/ru\/wp-json\/wp\/v2\/product\/61977\/revisions"}],"wp:featuredmedia":[{"embeddable":true,"href":"https:\/\/gohike.lv\/ru\/wp-json\/wp\/v2\/media\/62082"}],"wp:attachment":[{"href":"https:\/\/gohike.lv\/ru\/wp-json\/wp\/v2\/media?parent=61977"}],"wp:term":[{"taxonomy":"product_brand","embeddable":true,"href":"https:\/\/gohike.lv\/ru\/wp-json\/wp\/v2\/product_brand?post=61977"},{"taxonomy":"product_cat","embeddable":true,"href":"https:\/\/gohike.lv\/ru\/wp-json\/wp\/v2\/product_cat?post=61977"},{"taxonomy":"product_tag","embeddable":true,"href":"https:\/\/gohike.lv\/ru\/wp-json\/wp\/v2\/product_tag?post=61977"}],"curies":[{"name":"wp","href":"https:\/\/api.w.org\/{rel}","templated":true}]}}