{"id":61965,"date":"2024-08-26T11:30:50","date_gmt":"2024-08-26T08:30:50","guid":{"rendered":"https:\/\/gohike.lv\/produkts\/lifeventure-piepusams-kakla-spilvens\/"},"modified":"2025-12-30T17:24:31","modified_gmt":"2025-12-30T14:24:31","slug":"lifeventure-piepusams-kakla-spilvens","status":"publish","type":"product","link":"https:\/\/gohike.lv\/ru\/produkts\/lifeventure-piepusams-kakla-spilvens\/","title":{"rendered":"Lifeventure &#8212; Piep\u016b\u0161ams kakla spilvens"},"content":{"rendered":"<p>Divk\u0101r\u0161\u0101s darb\u012bbas v\u0101rsts \u013cauj piep\u016bst vai izlaist gaisu da\u017eu sekun\u017eu laik\u0101.<br \/>\nPoliestera un TPU audums.<br \/>\nErgonomiska forma.<br \/>\nIztur\u012bga ripstop soma.<\/p>\n","protected":false},"excerpt":{"rendered":"<p>Kompakts un viegls U veida spilvens izgatavots no kvalitat\u012bviem un iztur\u012bgiem materi\u0101liem.<\/p>\n","protected":false},"featured_media":61967,"template":"","meta":[],"product_brand":[1308],"product_cat":[1510],"product_tag":[],"class_list":{"0":"post-61965","1":"product","2":"type-product","3":"status-publish","4":"has-post-thumbnail","6":"product_brand-lifeventure-lv","7":"product_cat-paklajini-un-spilveni","8":"pa_izmeriscm-9659","9":"pa_produkta-tips-spilveni","11":"first","12":"outofstock","13":"taxable","14":"shipping-taxable","15":"purchasable","16":"product-type-simple"},"raw_content":{"name":"Lifeventure - Piep\u016b\u0161ams kakla spilvens","description":"Divk\u0101r\u0161\u0101s darb\u012bbas v\u0101rsts \u013cauj piep\u016bst vai izlaist gaisu da\u017eu sekun\u017eu laik\u0101.\nPoliestera un TPU audums.\nErgonomiska forma.\nIztur\u012bga ripstop soma.","short_description":"Kompakts un viegls U veida spilvens izgatavots no kvalitat\u012bviem un iztur\u012bgiem materi\u0101liem.","status":"publish","sku":"5031863653800","original":61965},"wpml":{"translation_type":1,"has_translations":true,"original":61965,"duplicates":[],"translations":{"lv":61965,"en":67178,"ru":null}},"supplier_id":null,"supplier_sku":"","barcode":null,"atum_controlled":true,"out_stock_date":"2025-07-23 10:29:56","out_stock_threshold":null,"inheritable":false,"inbound_stock":null,"stock_on_hold":0,"sold_today":0,"sales_last_days":0,"reserved_stock":null,"customer_returns":null,"warehouse_damage":null,"lost_in_post":null,"other_logs":null,"out_stock_days":113,"lost_sales":0,"has_location":null,"update_date":"2025-12-30T14:30:32","atum_locations":[],"atum_stock_status":"outofstock","restock_status":false,"low_stock_amount":"","sales_update_date":"2025-11-13T14:07:50","calc_backorders":null,"yoast_head":"<!-- This site is optimized with the Yoast SEO plugin v27.3 - https:\/\/yoast.com\/product\/yoast-seo-wordpress\/ -->\n<title>Lifeventure - Piep\u016b\u0161ams kakla spilvens<\/title>\n<meta name=\"description\" content=\"Kompakts un viegls U veida spilvens izgatavots no kvalitat\u012bviem un iztur\u012bgiem materi\u0101liem.\u00a0\" \/>\n<meta name=\"robots\" content=\"index, follow, max-snippet:-1, max-image-preview:large, max-video-preview:-1\" \/>\n<link rel=\"canonical\" href=\"https:\/\/gohike.lv\/ru\/produkts\/lifeventure-piepusams-kakla-spilvens\/\" \/>\n<meta property=\"og:locale\" content=\"ru_RU\" \/>\n<meta property=\"og:type\" content=\"article\" \/>\n<meta property=\"og:title\" content=\"Lifeventure - Pakl\u0101ji\u0146i - Piep\u016b\u0161ams kakla spilvens\" \/>\n<meta property=\"og:description\" content=\"Kompakts un viegls U veida spilvens izgatavots no kvalitat\u012bviem un iztur\u012bgiem materi\u0101liem.\u00a0\" \/>\n<meta property=\"og:url\" content=\"https:\/\/gohike.lv\/ru\/produkts\/lifeventure-piepusams-kakla-spilvens\/\" \/>\n<meta property=\"og:site_name\" content=\"GoHike\" \/>\n<meta property=\"article:publisher\" content=\"https:\/\/www.facebook.com\/gohike.shop\/\" \/>\n<meta property=\"article:modified_time\" content=\"2025-12-30T14:24:31+00:00\" \/>\n<meta property=\"og:image\" content=\"https:\/\/gohike.lv\/wp-content\/uploads\/2024\/08\/LifenturePillow_.webp\" \/>\n\t<meta property=\"og:image:width\" content=\"900\" \/>\n\t<meta property=\"og:image:height\" content=\"900\" \/>\n\t<meta property=\"og:image:type\" content=\"image\/webp\" \/>\n<meta name=\"twitter:card\" content=\"summary_large_image\" \/>\n<meta name=\"twitter:title\" content=\"Lifeventure - Pakl\u0101ji\u0146i - Piep\u016b\u0161ams kakla spilvens\" \/>\n<meta name=\"twitter:label1\" content=\"\u041f\u0440\u0438\u043c\u0435\u0440\u043d\u043e\u0435 \u0432\u0440\u0435\u043c\u044f \u0434\u043b\u044f \u0447\u0442\u0435\u043d\u0438\u044f\" \/>\n\t<meta name=\"twitter:data1\" content=\"1 \u043c\u0438\u043d\u0443\u0442\u0430\" \/>\n<script type=\"application\/ld+json\" class=\"yoast-schema-graph\">{\"@context\":\"https:\\\/\\\/schema.org\",\"@graph\":[{\"@type\":[\"WebPage\",\"ItemPage\"],\"@id\":\"https:\\\/\\\/gohike.lv\\\/ru\\\/produkts\\\/lifeventure-piepusams-kakla-spilvens\\\/\",\"url\":\"https:\\\/\\\/gohike.lv\\\/ru\\\/produkts\\\/lifeventure-piepusams-kakla-spilvens\\\/\",\"name\":\"Lifeventure - Piep\u016b\u0161ams kakla spilvens\",\"isPartOf\":{\"@id\":\"https:\\\/\\\/gohike.lv\\\/ru\\\/#website\"},\"primaryImageOfPage\":{\"@id\":\"https:\\\/\\\/gohike.lv\\\/ru\\\/produkts\\\/lifeventure-piepusams-kakla-spilvens\\\/#primaryimage\"},\"image\":{\"@id\":\"https:\\\/\\\/gohike.lv\\\/ru\\\/produkts\\\/lifeventure-piepusams-kakla-spilvens\\\/#primaryimage\"},\"thumbnailUrl\":\"https:\\\/\\\/gohike.lv\\\/wp-content\\\/uploads\\\/2024\\\/08\\\/LifenturePillow_.webp\",\"datePublished\":\"2024-08-26T08:30:50+00:00\",\"dateModified\":\"2025-12-30T14:24:31+00:00\",\"description\":\"Kompakts un viegls U veida spilvens izgatavots no kvalitat\u012bviem un iztur\u012bgiem materi\u0101liem.\u00a0\",\"breadcrumb\":{\"@id\":\"https:\\\/\\\/gohike.lv\\\/ru\\\/produkts\\\/lifeventure-piepusams-kakla-spilvens\\\/#breadcrumb\"},\"inLanguage\":\"ru-RU\",\"potentialAction\":[{\"@type\":\"ReadAction\",\"target\":[\"https:\\\/\\\/gohike.lv\\\/ru\\\/produkts\\\/lifeventure-piepusams-kakla-spilvens\\\/\"]}]},{\"@type\":\"ImageObject\",\"inLanguage\":\"ru-RU\",\"@id\":\"https:\\\/\\\/gohike.lv\\\/ru\\\/produkts\\\/lifeventure-piepusams-kakla-spilvens\\\/#primaryimage\",\"url\":\"https:\\\/\\\/gohike.lv\\\/wp-content\\\/uploads\\\/2024\\\/08\\\/LifenturePillow_.webp\",\"contentUrl\":\"https:\\\/\\\/gohike.lv\\\/wp-content\\\/uploads\\\/2024\\\/08\\\/LifenturePillow_.webp\",\"width\":900,\"height\":900},{\"@type\":\"BreadcrumbList\",\"@id\":\"https:\\\/\\\/gohike.lv\\\/ru\\\/produkts\\\/lifeventure-piepusams-kakla-spilvens\\\/#breadcrumb\",\"itemListElement\":[{\"@type\":\"ListItem\",\"position\":1,\"name\":\"\u0413\u043b\u0430\u0432\u043d\u0430\u044f\",\"item\":\"https:\\\/\\\/gohike.lv\\\/ru\\\/\"},{\"@type\":\"ListItem\",\"position\":2,\"name\":\"\u041a\u0430\u0442\u0435\u0433\u043e\u0440\u0438\u0438 \u0442\u043e\u0432\u0430\u0440\u043e\u0432\",\"item\":\"https:\\\/\\\/gohike.lv\\\/%d0%ba%d0%b0%d1%82%d0%b5%d0%b3%d0%be%d1%80%d0%b8%d0%b8-%d1%82%d0%be%d0%b2%d0%b0%d1%80%d0%be%d0%b2\\\/\"},{\"@type\":\"ListItem\",\"position\":3,\"name\":\"Lifeventure &#8211; Piep\u016b\u0161ams kakla spilvens\"}]},{\"@type\":\"WebSite\",\"@id\":\"https:\\\/\\\/gohike.lv\\\/ru\\\/#website\",\"url\":\"https:\\\/\\\/gohike.lv\\\/ru\\\/\",\"name\":\"GoHike\",\"description\":\"\",\"publisher\":{\"@id\":\"https:\\\/\\\/gohike.lv\\\/ru\\\/#organization\"},\"potentialAction\":[{\"@type\":\"SearchAction\",\"target\":{\"@type\":\"EntryPoint\",\"urlTemplate\":\"https:\\\/\\\/gohike.lv\\\/ru\\\/?s={search_term_string}\"},\"query-input\":{\"@type\":\"PropertyValueSpecification\",\"valueRequired\":true,\"valueName\":\"search_term_string\"}}],\"inLanguage\":\"ru-RU\"},{\"@type\":\"Organization\",\"@id\":\"https:\\\/\\\/gohike.lv\\\/ru\\\/#organization\",\"name\":\"GoHike\",\"url\":\"https:\\\/\\\/gohike.lv\\\/ru\\\/\",\"logo\":{\"@type\":\"ImageObject\",\"inLanguage\":\"ru-RU\",\"@id\":\"https:\\\/\\\/gohike.lv\\\/ru\\\/#\\\/schema\\\/logo\\\/image\\\/\",\"url\":\"https:\\\/\\\/gohike.lv\\\/wp-content\\\/uploads\\\/2023\\\/08\\\/Logo_GoHike.webp\",\"contentUrl\":\"https:\\\/\\\/gohike.lv\\\/wp-content\\\/uploads\\\/2023\\\/08\\\/Logo_GoHike.webp\",\"width\":512,\"height\":512,\"caption\":\"GoHike\"},\"image\":{\"@id\":\"https:\\\/\\\/gohike.lv\\\/ru\\\/#\\\/schema\\\/logo\\\/image\\\/\"},\"sameAs\":[\"https:\\\/\\\/www.facebook.com\\\/gohike.shop\\\/\",\"https:\\\/\\\/www.instagram.com\\\/gohike.shop\\\/\"]}]}<\/script>\n<!-- \/ Yoast SEO plugin. -->","yoast_head_json":{"title":"Lifeventure - Piep\u016b\u0161ams kakla spilvens","description":"Kompakts un viegls U veida spilvens izgatavots no kvalitat\u012bviem un iztur\u012bgiem materi\u0101liem.\u00a0","robots":{"index":"index","follow":"follow","max-snippet":"max-snippet:-1","max-image-preview":"max-image-preview:large","max-video-preview":"max-video-preview:-1"},"canonical":"https:\/\/gohike.lv\/ru\/produkts\/lifeventure-piepusams-kakla-spilvens\/","og_locale":"ru_RU","og_type":"article","og_title":"Lifeventure - Pakl\u0101ji\u0146i - Piep\u016b\u0161ams kakla spilvens","og_description":"Kompakts un viegls U veida spilvens izgatavots no kvalitat\u012bviem un iztur\u012bgiem materi\u0101liem.\u00a0","og_url":"https:\/\/gohike.lv\/ru\/produkts\/lifeventure-piepusams-kakla-spilvens\/","og_site_name":"GoHike","article_publisher":"https:\/\/www.facebook.com\/gohike.shop\/","article_modified_time":"2025-12-30T14:24:31+00:00","og_image":[{"width":900,"height":900,"url":"https:\/\/gohike.lv\/wp-content\/uploads\/2024\/08\/LifenturePillow_.webp","type":"image\/webp"}],"twitter_card":"summary_large_image","twitter_title":"Lifeventure - Pakl\u0101ji\u0146i - Piep\u016b\u0161ams kakla spilvens","twitter_misc":{"\u041f\u0440\u0438\u043c\u0435\u0440\u043d\u043e\u0435 \u0432\u0440\u0435\u043c\u044f \u0434\u043b\u044f \u0447\u0442\u0435\u043d\u0438\u044f":"1 \u043c\u0438\u043d\u0443\u0442\u0430"},"schema":{"@context":"https:\/\/schema.org","@graph":[{"@type":["WebPage","ItemPage"],"@id":"https:\/\/gohike.lv\/ru\/produkts\/lifeventure-piepusams-kakla-spilvens\/","url":"https:\/\/gohike.lv\/ru\/produkts\/lifeventure-piepusams-kakla-spilvens\/","name":"Lifeventure - Piep\u016b\u0161ams kakla spilvens","isPartOf":{"@id":"https:\/\/gohike.lv\/ru\/#website"},"primaryImageOfPage":{"@id":"https:\/\/gohike.lv\/ru\/produkts\/lifeventure-piepusams-kakla-spilvens\/#primaryimage"},"image":{"@id":"https:\/\/gohike.lv\/ru\/produkts\/lifeventure-piepusams-kakla-spilvens\/#primaryimage"},"thumbnailUrl":"https:\/\/gohike.lv\/wp-content\/uploads\/2024\/08\/LifenturePillow_.webp","datePublished":"2024-08-26T08:30:50+00:00","dateModified":"2025-12-30T14:24:31+00:00","description":"Kompakts un viegls U veida spilvens izgatavots no kvalitat\u012bviem un iztur\u012bgiem materi\u0101liem.\u00a0","breadcrumb":{"@id":"https:\/\/gohike.lv\/ru\/produkts\/lifeventure-piepusams-kakla-spilvens\/#breadcrumb"},"inLanguage":"ru-RU","potentialAction":[{"@type":"ReadAction","target":["https:\/\/gohike.lv\/ru\/produkts\/lifeventure-piepusams-kakla-spilvens\/"]}]},{"@type":"ImageObject","inLanguage":"ru-RU","@id":"https:\/\/gohike.lv\/ru\/produkts\/lifeventure-piepusams-kakla-spilvens\/#primaryimage","url":"https:\/\/gohike.lv\/wp-content\/uploads\/2024\/08\/LifenturePillow_.webp","contentUrl":"https:\/\/gohike.lv\/wp-content\/uploads\/2024\/08\/LifenturePillow_.webp","width":900,"height":900},{"@type":"BreadcrumbList","@id":"https:\/\/gohike.lv\/ru\/produkts\/lifeventure-piepusams-kakla-spilvens\/#breadcrumb","itemListElement":[{"@type":"ListItem","position":1,"name":"\u0413\u043b\u0430\u0432\u043d\u0430\u044f","item":"https:\/\/gohike.lv\/ru\/"},{"@type":"ListItem","position":2,"name":"\u041a\u0430\u0442\u0435\u0433\u043e\u0440\u0438\u0438 \u0442\u043e\u0432\u0430\u0440\u043e\u0432","item":"https:\/\/gohike.lv\/%d0%ba%d0%b0%d1%82%d0%b5%d0%b3%d0%be%d1%80%d0%b8%d0%b8-%d1%82%d0%be%d0%b2%d0%b0%d1%80%d0%be%d0%b2\/"},{"@type":"ListItem","position":3,"name":"Lifeventure &#8211; Piep\u016b\u0161ams kakla spilvens"}]},{"@type":"WebSite","@id":"https:\/\/gohike.lv\/ru\/#website","url":"https:\/\/gohike.lv\/ru\/","name":"GoHike","description":"","publisher":{"@id":"https:\/\/gohike.lv\/ru\/#organization"},"potentialAction":[{"@type":"SearchAction","target":{"@type":"EntryPoint","urlTemplate":"https:\/\/gohike.lv\/ru\/?s={search_term_string}"},"query-input":{"@type":"PropertyValueSpecification","valueRequired":true,"valueName":"search_term_string"}}],"inLanguage":"ru-RU"},{"@type":"Organization","@id":"https:\/\/gohike.lv\/ru\/#organization","name":"GoHike","url":"https:\/\/gohike.lv\/ru\/","logo":{"@type":"ImageObject","inLanguage":"ru-RU","@id":"https:\/\/gohike.lv\/ru\/#\/schema\/logo\/image\/","url":"https:\/\/gohike.lv\/wp-content\/uploads\/2023\/08\/Logo_GoHike.webp","contentUrl":"https:\/\/gohike.lv\/wp-content\/uploads\/2023\/08\/Logo_GoHike.webp","width":512,"height":512,"caption":"GoHike"},"image":{"@id":"https:\/\/gohike.lv\/ru\/#\/schema\/logo\/image\/"},"sameAs":["https:\/\/www.facebook.com\/gohike.shop\/","https:\/\/www.instagram.com\/gohike.shop\/"]}]}},"jetpack_sharing_enabled":true,"_links":{"self":[{"href":"https:\/\/gohike.lv\/ru\/wp-json\/wp\/v2\/product\/61965","targetHints":{"allow":["GET"]}}],"collection":[{"href":"https:\/\/gohike.lv\/ru\/wp-json\/wp\/v2\/product"}],"about":[{"href":"https:\/\/gohike.lv\/ru\/wp-json\/wp\/v2\/types\/product"}],"version-history":[{"count":0,"href":"https:\/\/gohike.lv\/ru\/wp-json\/wp\/v2\/product\/61965\/revisions"}],"wp:featuredmedia":[{"embeddable":true,"href":"https:\/\/gohike.lv\/ru\/wp-json\/wp\/v2\/media\/61967"}],"wp:attachment":[{"href":"https:\/\/gohike.lv\/ru\/wp-json\/wp\/v2\/media?parent=61965"}],"wp:term":[{"taxonomy":"product_brand","embeddable":true,"href":"https:\/\/gohike.lv\/ru\/wp-json\/wp\/v2\/product_brand?post=61965"},{"taxonomy":"product_cat","embeddable":true,"href":"https:\/\/gohike.lv\/ru\/wp-json\/wp\/v2\/product_cat?post=61965"},{"taxonomy":"product_tag","embeddable":true,"href":"https:\/\/gohike.lv\/ru\/wp-json\/wp\/v2\/product_tag?post=61965"}],"curies":[{"name":"wp","href":"https:\/\/api.w.org\/{rel}","templated":true}]}}