{"id":61939,"date":"2024-08-26T11:29:34","date_gmt":"2024-08-26T08:29:34","guid":{"rendered":"https:\/\/gohike.lv\/produkts\/cocoon-ultralight-supultikls-ar-pret-odu-tiklu\/"},"modified":"2025-12-30T17:24:32","modified_gmt":"2025-12-30T14:24:32","slug":"cocoon-ultralight-supultikls-ar-pret-odu-tiklu","status":"publish","type":"product","link":"https:\/\/gohike.lv\/ru\/produkts\/cocoon-ultralight-supultikls-ar-pret-odu-tiklu\/","title":{"rendered":"Cocoon &#8212; Ultralight \u0161\u016bpu\u013ct\u012bkls ar mosk\u012btu t\u012bklu"},"content":{"rendered":"<p>Izgatavots no elpojo\u0161a, \u012bpa\u0161i viegla un sp\u0113c\u012bga 20D se\u0161st\u016bra ripstop neilona.<br \/>\nCocoon Ultralight \u0161\u016bpu\u013ct\u012bklam ir YKK r\u0101v\u0113jsl\u0113dz\u0113js, kas \u013cauj piln\u012bb\u0101 atv\u0113rt s\u0101nu malas.<br \/>\nPla\u0161ajam, \u012bpa\u0161i vieglajam \u0161\u016bpu\u013ct\u012bklam ir ieb\u016bv\u0113ts mosk\u012btu t\u012bkls, kura acs izm\u0113rs ir 90 caurumi uz kvadr\u0101tmetru.<br \/>\nTam ir divas 12kN alum\u012bnija karab\u012bnes.<\/p>\n","protected":false},"excerpt":{"rendered":"<p>Cocoon Ultralight \u0161\u016bpu\u013ct\u012bkls ar mosk\u012btu t\u012bklu ir lieliski piem\u0113rots \u0113rtai gul\u0113\u0161anai un atp\u016btai br\u012bv\u0101 dab\u0101.<\/p>\n","protected":false},"featured_media":61941,"template":"","meta":[],"product_brand":[15062],"product_cat":[4526],"product_tag":[],"class_list":{"0":"post-61939","1":"product","2":"type-product","3":"status-publish","4":"has-post-thumbnail","6":"product_brand-cooon","7":"product_cat-supultikli","8":"pa_izmeriscm-9653","9":"pa_izturiba-lidz-140kg","10":"pa_produkta-tips-supultikli","11":"pa_saliktas-preces-izmerscm-9654","13":"first","14":"outofstock","15":"taxable","16":"shipping-taxable","17":"purchasable","18":"product-type-simple"},"raw_content":{"name":"Cocoon - Ultralight \u0161\u016bpu\u013ct\u012bkls ar mosk\u012btu t\u012bklu","description":"Izgatavots no elpojo\u0161a, \u012bpa\u0161i viegla un sp\u0113c\u012bga 20D se\u0161st\u016bra ripstop neilona.\nCocoon Ultralight \u0161\u016bpu\u013ct\u012bklam ir YKK r\u0101v\u0113jsl\u0113dz\u0113js, kas \u013cauj piln\u012bb\u0101 atv\u0113rt s\u0101nu malas.\nPla\u0161ajam, \u012bpa\u0161i vieglajam \u0161\u016bpu\u013ct\u012bklam ir ieb\u016bv\u0113ts mosk\u012btu t\u012bkls, kura acs izm\u0113rs ir 90 caurumi uz kvadr\u0101tmetru.\nTam ir divas 12kN alum\u012bnija karab\u012bnes.","short_description":"Cocoon Ultralight \u0161\u016bpu\u013ct\u012bkls ar mosk\u012btu t\u012bklu ir lieliski piem\u0113rots \u0113rtai gul\u0113\u0161anai un atp\u016btai br\u012bv\u0101 dab\u0101.","status":"publish","sku":"799696116033","original":61939},"wpml":{"translation_type":1,"has_translations":true,"original":61939,"duplicates":[],"translations":{"lv":61939,"en":67170,"ru":null}},"supplier_id":null,"supplier_sku":"","barcode":null,"atum_controlled":true,"out_stock_date":null,"out_stock_threshold":null,"inheritable":false,"inbound_stock":null,"stock_on_hold":0,"sold_today":0,"sales_last_days":0,"reserved_stock":null,"customer_returns":null,"warehouse_damage":null,"lost_in_post":null,"other_logs":null,"out_stock_days":0,"lost_sales":0,"has_location":false,"update_date":"2025-12-30T14:30:32","atum_locations":[],"atum_stock_status":"outofstock","restock_status":false,"low_stock_amount":"","sales_update_date":"2025-11-13T14:09:03","calc_backorders":null,"yoast_head":"<!-- This site is optimized with the Yoast SEO plugin v27.3 - https:\/\/yoast.com\/product\/yoast-seo-wordpress\/ -->\n<title>Cocoon - Ultralight \u0161\u016bpu\u013ct\u012bkls ar mosk\u012btu t\u012bklu<\/title>\n<meta name=\"description\" content=\"Cocoon Ultralight \u0161\u016bpu\u013ct\u012bkls ar mosk\u012btu t\u012bklu ir lieliski piem\u0113rots \u0113rtai gul\u0113\u0161anai un atp\u016btai br\u012bv\u0101 dab\u0101.\u00a0\" \/>\n<meta name=\"robots\" content=\"index, follow, max-snippet:-1, max-image-preview:large, max-video-preview:-1\" \/>\n<link rel=\"canonical\" href=\"https:\/\/gohike.lv\/ru\/produkts\/cocoon-ultralight-supultikls-ar-pret-odu-tiklu\/\" \/>\n<meta property=\"og:locale\" content=\"ru_RU\" \/>\n<meta property=\"og:type\" content=\"article\" \/>\n<meta property=\"og:title\" content=\"Cocoon - \u0160upu\u013ct\u012bkli - Ultralight \u0161\u016bpu\u013ct\u012bkls ar pret odu t\u012bklu\" \/>\n<meta property=\"og:description\" content=\"Cocoon Ultralight \u0161\u016bpu\u013ct\u012bkls ar mosk\u012btu t\u012bklu ir lieliski piem\u0113rots \u0113rtai gul\u0113\u0161anai un atp\u016btai br\u012bv\u0101 dab\u0101.\u00a0\" \/>\n<meta property=\"og:url\" content=\"https:\/\/gohike.lv\/ru\/produkts\/cocoon-ultralight-supultikls-ar-pret-odu-tiklu\/\" \/>\n<meta property=\"og:site_name\" content=\"GoHike\" \/>\n<meta property=\"article:publisher\" content=\"https:\/\/www.facebook.com\/gohike.shop\/\" \/>\n<meta property=\"article:modified_time\" content=\"2025-12-30T14:24:32+00:00\" \/>\n<meta property=\"og:image\" content=\"https:\/\/gohike.lv\/wp-content\/uploads\/2024\/08\/Cocoon_hammack_.jpg\" \/>\n\t<meta property=\"og:image:width\" content=\"800\" \/>\n\t<meta property=\"og:image:height\" content=\"800\" \/>\n\t<meta property=\"og:image:type\" content=\"image\/jpeg\" \/>\n<meta name=\"twitter:card\" content=\"summary_large_image\" \/>\n<meta name=\"twitter:title\" content=\"Cocoon - \u0160upu\u013ct\u012bkli - Ultralight \u0161\u016bpu\u013ct\u012bkls ar pret odu t\u012bklu\" \/>\n<meta name=\"twitter:label1\" content=\"\u041f\u0440\u0438\u043c\u0435\u0440\u043d\u043e\u0435 \u0432\u0440\u0435\u043c\u044f \u0434\u043b\u044f \u0447\u0442\u0435\u043d\u0438\u044f\" \/>\n\t<meta name=\"twitter:data1\" content=\"1 \u043c\u0438\u043d\u0443\u0442\u0430\" \/>\n<script type=\"application\/ld+json\" class=\"yoast-schema-graph\">{\"@context\":\"https:\\\/\\\/schema.org\",\"@graph\":[{\"@type\":[\"WebPage\",\"ItemPage\"],\"@id\":\"https:\\\/\\\/gohike.lv\\\/ru\\\/produkts\\\/cocoon-ultralight-supultikls-ar-pret-odu-tiklu\\\/\",\"url\":\"https:\\\/\\\/gohike.lv\\\/ru\\\/produkts\\\/cocoon-ultralight-supultikls-ar-pret-odu-tiklu\\\/\",\"name\":\"Cocoon - Ultralight \u0161\u016bpu\u013ct\u012bkls ar mosk\u012btu t\u012bklu\",\"isPartOf\":{\"@id\":\"https:\\\/\\\/gohike.lv\\\/ru\\\/#website\"},\"primaryImageOfPage\":{\"@id\":\"https:\\\/\\\/gohike.lv\\\/ru\\\/produkts\\\/cocoon-ultralight-supultikls-ar-pret-odu-tiklu\\\/#primaryimage\"},\"image\":{\"@id\":\"https:\\\/\\\/gohike.lv\\\/ru\\\/produkts\\\/cocoon-ultralight-supultikls-ar-pret-odu-tiklu\\\/#primaryimage\"},\"thumbnailUrl\":\"https:\\\/\\\/gohike.lv\\\/wp-content\\\/uploads\\\/2024\\\/08\\\/Cocoon_hammack_.jpg\",\"datePublished\":\"2024-08-26T08:29:34+00:00\",\"dateModified\":\"2025-12-30T14:24:32+00:00\",\"description\":\"Cocoon Ultralight \u0161\u016bpu\u013ct\u012bkls ar mosk\u012btu t\u012bklu ir lieliski piem\u0113rots \u0113rtai gul\u0113\u0161anai un atp\u016btai br\u012bv\u0101 dab\u0101.\u00a0\",\"breadcrumb\":{\"@id\":\"https:\\\/\\\/gohike.lv\\\/ru\\\/produkts\\\/cocoon-ultralight-supultikls-ar-pret-odu-tiklu\\\/#breadcrumb\"},\"inLanguage\":\"ru-RU\",\"potentialAction\":[{\"@type\":\"ReadAction\",\"target\":[\"https:\\\/\\\/gohike.lv\\\/ru\\\/produkts\\\/cocoon-ultralight-supultikls-ar-pret-odu-tiklu\\\/\"]}]},{\"@type\":\"ImageObject\",\"inLanguage\":\"ru-RU\",\"@id\":\"https:\\\/\\\/gohike.lv\\\/ru\\\/produkts\\\/cocoon-ultralight-supultikls-ar-pret-odu-tiklu\\\/#primaryimage\",\"url\":\"https:\\\/\\\/gohike.lv\\\/wp-content\\\/uploads\\\/2024\\\/08\\\/Cocoon_hammack_.jpg\",\"contentUrl\":\"https:\\\/\\\/gohike.lv\\\/wp-content\\\/uploads\\\/2024\\\/08\\\/Cocoon_hammack_.jpg\",\"width\":800,\"height\":800},{\"@type\":\"BreadcrumbList\",\"@id\":\"https:\\\/\\\/gohike.lv\\\/ru\\\/produkts\\\/cocoon-ultralight-supultikls-ar-pret-odu-tiklu\\\/#breadcrumb\",\"itemListElement\":[{\"@type\":\"ListItem\",\"position\":1,\"name\":\"\u0413\u043b\u0430\u0432\u043d\u0430\u044f\",\"item\":\"https:\\\/\\\/gohike.lv\\\/ru\\\/\"},{\"@type\":\"ListItem\",\"position\":2,\"name\":\"\u041a\u0430\u0442\u0435\u0433\u043e\u0440\u0438\u0438 \u0442\u043e\u0432\u0430\u0440\u043e\u0432\",\"item\":\"https:\\\/\\\/gohike.lv\\\/%d0%ba%d0%b0%d1%82%d0%b5%d0%b3%d0%be%d1%80%d0%b8%d0%b8-%d1%82%d0%be%d0%b2%d0%b0%d1%80%d0%be%d0%b2\\\/\"},{\"@type\":\"ListItem\",\"position\":3,\"name\":\"Cocoon &#8211; Ultralight \u0161\u016bpu\u013ct\u012bkls ar mosk\u012btu t\u012bklu\"}]},{\"@type\":\"WebSite\",\"@id\":\"https:\\\/\\\/gohike.lv\\\/ru\\\/#website\",\"url\":\"https:\\\/\\\/gohike.lv\\\/ru\\\/\",\"name\":\"GoHike\",\"description\":\"\",\"publisher\":{\"@id\":\"https:\\\/\\\/gohike.lv\\\/ru\\\/#organization\"},\"potentialAction\":[{\"@type\":\"SearchAction\",\"target\":{\"@type\":\"EntryPoint\",\"urlTemplate\":\"https:\\\/\\\/gohike.lv\\\/ru\\\/?s={search_term_string}\"},\"query-input\":{\"@type\":\"PropertyValueSpecification\",\"valueRequired\":true,\"valueName\":\"search_term_string\"}}],\"inLanguage\":\"ru-RU\"},{\"@type\":\"Organization\",\"@id\":\"https:\\\/\\\/gohike.lv\\\/ru\\\/#organization\",\"name\":\"GoHike\",\"url\":\"https:\\\/\\\/gohike.lv\\\/ru\\\/\",\"logo\":{\"@type\":\"ImageObject\",\"inLanguage\":\"ru-RU\",\"@id\":\"https:\\\/\\\/gohike.lv\\\/ru\\\/#\\\/schema\\\/logo\\\/image\\\/\",\"url\":\"https:\\\/\\\/gohike.lv\\\/wp-content\\\/uploads\\\/2023\\\/08\\\/Logo_GoHike.webp\",\"contentUrl\":\"https:\\\/\\\/gohike.lv\\\/wp-content\\\/uploads\\\/2023\\\/08\\\/Logo_GoHike.webp\",\"width\":512,\"height\":512,\"caption\":\"GoHike\"},\"image\":{\"@id\":\"https:\\\/\\\/gohike.lv\\\/ru\\\/#\\\/schema\\\/logo\\\/image\\\/\"},\"sameAs\":[\"https:\\\/\\\/www.facebook.com\\\/gohike.shop\\\/\",\"https:\\\/\\\/www.instagram.com\\\/gohike.shop\\\/\"]}]}<\/script>\n<!-- \/ Yoast SEO plugin. -->","yoast_head_json":{"title":"Cocoon - Ultralight \u0161\u016bpu\u013ct\u012bkls ar mosk\u012btu t\u012bklu","description":"Cocoon Ultralight \u0161\u016bpu\u013ct\u012bkls ar mosk\u012btu t\u012bklu ir lieliski piem\u0113rots \u0113rtai gul\u0113\u0161anai un atp\u016btai br\u012bv\u0101 dab\u0101.\u00a0","robots":{"index":"index","follow":"follow","max-snippet":"max-snippet:-1","max-image-preview":"max-image-preview:large","max-video-preview":"max-video-preview:-1"},"canonical":"https:\/\/gohike.lv\/ru\/produkts\/cocoon-ultralight-supultikls-ar-pret-odu-tiklu\/","og_locale":"ru_RU","og_type":"article","og_title":"Cocoon - \u0160upu\u013ct\u012bkli - Ultralight \u0161\u016bpu\u013ct\u012bkls ar pret odu t\u012bklu","og_description":"Cocoon Ultralight \u0161\u016bpu\u013ct\u012bkls ar mosk\u012btu t\u012bklu ir lieliski piem\u0113rots \u0113rtai gul\u0113\u0161anai un atp\u016btai br\u012bv\u0101 dab\u0101.\u00a0","og_url":"https:\/\/gohike.lv\/ru\/produkts\/cocoon-ultralight-supultikls-ar-pret-odu-tiklu\/","og_site_name":"GoHike","article_publisher":"https:\/\/www.facebook.com\/gohike.shop\/","article_modified_time":"2025-12-30T14:24:32+00:00","og_image":[{"width":800,"height":800,"url":"https:\/\/gohike.lv\/wp-content\/uploads\/2024\/08\/Cocoon_hammack_.jpg","type":"image\/jpeg"}],"twitter_card":"summary_large_image","twitter_title":"Cocoon - \u0160upu\u013ct\u012bkli - Ultralight \u0161\u016bpu\u013ct\u012bkls ar pret odu t\u012bklu","twitter_misc":{"\u041f\u0440\u0438\u043c\u0435\u0440\u043d\u043e\u0435 \u0432\u0440\u0435\u043c\u044f \u0434\u043b\u044f \u0447\u0442\u0435\u043d\u0438\u044f":"1 \u043c\u0438\u043d\u0443\u0442\u0430"},"schema":{"@context":"https:\/\/schema.org","@graph":[{"@type":["WebPage","ItemPage"],"@id":"https:\/\/gohike.lv\/ru\/produkts\/cocoon-ultralight-supultikls-ar-pret-odu-tiklu\/","url":"https:\/\/gohike.lv\/ru\/produkts\/cocoon-ultralight-supultikls-ar-pret-odu-tiklu\/","name":"Cocoon - Ultralight \u0161\u016bpu\u013ct\u012bkls ar mosk\u012btu t\u012bklu","isPartOf":{"@id":"https:\/\/gohike.lv\/ru\/#website"},"primaryImageOfPage":{"@id":"https:\/\/gohike.lv\/ru\/produkts\/cocoon-ultralight-supultikls-ar-pret-odu-tiklu\/#primaryimage"},"image":{"@id":"https:\/\/gohike.lv\/ru\/produkts\/cocoon-ultralight-supultikls-ar-pret-odu-tiklu\/#primaryimage"},"thumbnailUrl":"https:\/\/gohike.lv\/wp-content\/uploads\/2024\/08\/Cocoon_hammack_.jpg","datePublished":"2024-08-26T08:29:34+00:00","dateModified":"2025-12-30T14:24:32+00:00","description":"Cocoon Ultralight \u0161\u016bpu\u013ct\u012bkls ar mosk\u012btu t\u012bklu ir lieliski piem\u0113rots \u0113rtai gul\u0113\u0161anai un atp\u016btai br\u012bv\u0101 dab\u0101.\u00a0","breadcrumb":{"@id":"https:\/\/gohike.lv\/ru\/produkts\/cocoon-ultralight-supultikls-ar-pret-odu-tiklu\/#breadcrumb"},"inLanguage":"ru-RU","potentialAction":[{"@type":"ReadAction","target":["https:\/\/gohike.lv\/ru\/produkts\/cocoon-ultralight-supultikls-ar-pret-odu-tiklu\/"]}]},{"@type":"ImageObject","inLanguage":"ru-RU","@id":"https:\/\/gohike.lv\/ru\/produkts\/cocoon-ultralight-supultikls-ar-pret-odu-tiklu\/#primaryimage","url":"https:\/\/gohike.lv\/wp-content\/uploads\/2024\/08\/Cocoon_hammack_.jpg","contentUrl":"https:\/\/gohike.lv\/wp-content\/uploads\/2024\/08\/Cocoon_hammack_.jpg","width":800,"height":800},{"@type":"BreadcrumbList","@id":"https:\/\/gohike.lv\/ru\/produkts\/cocoon-ultralight-supultikls-ar-pret-odu-tiklu\/#breadcrumb","itemListElement":[{"@type":"ListItem","position":1,"name":"\u0413\u043b\u0430\u0432\u043d\u0430\u044f","item":"https:\/\/gohike.lv\/ru\/"},{"@type":"ListItem","position":2,"name":"\u041a\u0430\u0442\u0435\u0433\u043e\u0440\u0438\u0438 \u0442\u043e\u0432\u0430\u0440\u043e\u0432","item":"https:\/\/gohike.lv\/%d0%ba%d0%b0%d1%82%d0%b5%d0%b3%d0%be%d1%80%d0%b8%d0%b8-%d1%82%d0%be%d0%b2%d0%b0%d1%80%d0%be%d0%b2\/"},{"@type":"ListItem","position":3,"name":"Cocoon &#8211; Ultralight \u0161\u016bpu\u013ct\u012bkls ar mosk\u012btu t\u012bklu"}]},{"@type":"WebSite","@id":"https:\/\/gohike.lv\/ru\/#website","url":"https:\/\/gohike.lv\/ru\/","name":"GoHike","description":"","publisher":{"@id":"https:\/\/gohike.lv\/ru\/#organization"},"potentialAction":[{"@type":"SearchAction","target":{"@type":"EntryPoint","urlTemplate":"https:\/\/gohike.lv\/ru\/?s={search_term_string}"},"query-input":{"@type":"PropertyValueSpecification","valueRequired":true,"valueName":"search_term_string"}}],"inLanguage":"ru-RU"},{"@type":"Organization","@id":"https:\/\/gohike.lv\/ru\/#organization","name":"GoHike","url":"https:\/\/gohike.lv\/ru\/","logo":{"@type":"ImageObject","inLanguage":"ru-RU","@id":"https:\/\/gohike.lv\/ru\/#\/schema\/logo\/image\/","url":"https:\/\/gohike.lv\/wp-content\/uploads\/2023\/08\/Logo_GoHike.webp","contentUrl":"https:\/\/gohike.lv\/wp-content\/uploads\/2023\/08\/Logo_GoHike.webp","width":512,"height":512,"caption":"GoHike"},"image":{"@id":"https:\/\/gohike.lv\/ru\/#\/schema\/logo\/image\/"},"sameAs":["https:\/\/www.facebook.com\/gohike.shop\/","https:\/\/www.instagram.com\/gohike.shop\/"]}]}},"jetpack_sharing_enabled":true,"_links":{"self":[{"href":"https:\/\/gohike.lv\/ru\/wp-json\/wp\/v2\/product\/61939","targetHints":{"allow":["GET"]}}],"collection":[{"href":"https:\/\/gohike.lv\/ru\/wp-json\/wp\/v2\/product"}],"about":[{"href":"https:\/\/gohike.lv\/ru\/wp-json\/wp\/v2\/types\/product"}],"version-history":[{"count":1,"href":"https:\/\/gohike.lv\/ru\/wp-json\/wp\/v2\/product\/61939\/revisions"}],"predecessor-version":[{"id":118716,"href":"https:\/\/gohike.lv\/ru\/wp-json\/wp\/v2\/product\/61939\/revisions\/118716"}],"wp:featuredmedia":[{"embeddable":true,"href":"https:\/\/gohike.lv\/ru\/wp-json\/wp\/v2\/media\/61941"}],"wp:attachment":[{"href":"https:\/\/gohike.lv\/ru\/wp-json\/wp\/v2\/media?parent=61939"}],"wp:term":[{"taxonomy":"product_brand","embeddable":true,"href":"https:\/\/gohike.lv\/ru\/wp-json\/wp\/v2\/product_brand?post=61939"},{"taxonomy":"product_cat","embeddable":true,"href":"https:\/\/gohike.lv\/ru\/wp-json\/wp\/v2\/product_cat?post=61939"},{"taxonomy":"product_tag","embeddable":true,"href":"https:\/\/gohike.lv\/ru\/wp-json\/wp\/v2\/product_tag?post=61939"}],"curies":[{"name":"wp","href":"https:\/\/api.w.org\/{rel}","templated":true}]}}