{"id":61925,"date":"2024-08-26T11:29:34","date_gmt":"2024-08-26T08:29:34","guid":{"rendered":"https:\/\/gohike.lv\/produkts\/highlander-crusader-udensizturigs-supultikls\/"},"modified":"2025-12-30T17:24:32","modified_gmt":"2025-12-30T14:24:32","slug":"highlander-crusader-udensizturigs-supultikls","status":"publish","type":"product","link":"https:\/\/gohike.lv\/ru\/produkts\/highlander-crusader-udensizturigs-supultikls\/","title":{"rendered":"Highlander &#8212; Crusader \u016bdensiztur\u012bgs \u0161\u016bpu\u013ct\u012bkls"},"content":{"rendered":"<p>Komplekt\u0101 ietilpst integr\u0113ts mosk\u012btu t\u012bkls un \u016bdensnecaurlaid\u012bgs brezents.<br \/>\n\u016adensiztur\u012bgais \u0161\u016bpu\u013ct\u012bkls ir ide\u0101li piem\u0113rots milit\u0101r\u0101m vajadz\u012bb\u0101m, piedz\u012bvojumu p\u0101rg\u0101jieniem un \u0101ra aktivit\u0101t\u0113m.<br \/>\nSpecifik\u0101cija:<br \/>\nViegls un kompakts;<br \/>\n\u0100tri un vienk\u0101r\u0161i uzst\u0101d\u0101ms;<br \/>\nKomplekt\u0101 ietilpst piln\u012bgas instrukcijas un piekarin\u0101\u0161anas komplekts, kur\u0101 ietilpst 2 stingras siksnas, 2 karab\u012bnes klip\u0161i, virves un kna\u0123i.<br \/>\nIek\u0161\u0113j\u0101s kabatas, k\u0101 ar\u012b mantu maiss \u0113rtai uzglab\u0101\u0161anai un transport\u0113\u0161anai;<br \/>\nAudums: poliam\u012bds.<\/p>\n","protected":false},"excerpt":{"rendered":"<p>Highlander Crusader Hammock ir praktisks un viegli uzst\u0101d\u0101ms \u0161\u016bpu\u013ct\u012bkls ar mosk\u012btu t\u012bklu un brezentu, kas azisarg\u0101s no lietus.<\/p>\n","protected":false},"featured_media":61927,"template":"","meta":[],"product_brand":[9652],"product_cat":[4526],"product_tag":[],"class_list":{"0":"post-61925","1":"product","2":"type-product","3":"status-publish","4":"has-post-thumbnail","6":"product_brand-highlander","7":"product_cat-supultikli","8":"pa_izmeriscm-9648","9":"pa_izturiba-lidz-110kg-lidz-200-kg","10":"pa_materiali-poliamids","11":"pa_materiali-pu2000","12":"pa_produkta-tips-supultikli","13":"pa_saliktas-preces-izmerscm-9649","15":"first","16":"outofstock","17":"taxable","18":"shipping-taxable","19":"purchasable","20":"product-type-simple"},"raw_content":{"name":"Highlander - Crusader \u016bdensiztur\u012bgs \u0161\u016bpu\u013ct\u012bkls","description":"Komplekt\u0101 ietilpst integr\u0113ts mosk\u012btu t\u012bkls un \u016bdensnecaurlaid\u012bgs brezents.\n\u016adensiztur\u012bgais \u0161\u016bpu\u013ct\u012bkls ir ide\u0101li piem\u0113rots milit\u0101r\u0101m vajadz\u012bb\u0101m, piedz\u012bvojumu p\u0101rg\u0101jieniem un \u0101ra aktivit\u0101t\u0113m.\nSpecifik\u0101cija:\nViegls un kompakts;\n\u0100tri un vienk\u0101r\u0161i uzst\u0101d\u0101ms;\nKomplekt\u0101 ietilpst piln\u012bgas instrukcijas un piekarin\u0101\u0161anas komplekts, kur\u0101 ietilpst 2 stingras siksnas, 2 karab\u012bnes klip\u0161i, virves un kna\u0123i.\nIek\u0161\u0113j\u0101s kabatas, k\u0101 ar\u012b mantu maiss \u0113rtai uzglab\u0101\u0161anai un transport\u0113\u0161anai;\nAudums: poliam\u012bds.","short_description":"Highlander Crusader Hammock ir praktisks un viegli uzst\u0101d\u0101ms \u0161\u016bpu\u013ct\u012bkls ar mosk\u012btu t\u012bklu un brezentu, kas azisarg\u0101s no lietus.","status":"publish","sku":"5034358070649","original":61925},"wpml":{"translation_type":1,"has_translations":true,"original":61925,"duplicates":[],"translations":{"lv":61925,"en":67171,"ru":null}},"supplier_id":null,"supplier_sku":"","barcode":null,"atum_controlled":true,"out_stock_date":"2025-06-17 12:49:31","out_stock_threshold":null,"inheritable":false,"inbound_stock":null,"stock_on_hold":0,"sold_today":0,"sales_last_days":0,"reserved_stock":null,"customer_returns":null,"warehouse_damage":null,"lost_in_post":null,"other_logs":null,"out_stock_days":149,"lost_sales":0,"has_location":null,"update_date":"2025-12-30T14:30:32","atum_locations":[],"atum_stock_status":"outofstock","restock_status":false,"low_stock_amount":"","sales_update_date":"2025-11-13T14:07:41","calc_backorders":null,"yoast_head":"<!-- This site is optimized with the Yoast SEO plugin v27.3 - https:\/\/yoast.com\/product\/yoast-seo-wordpress\/ -->\n<title>Highlander - Crusader \u016bdensiztur\u012bgs \u0161\u016bpu\u013ct\u012bkls<\/title>\n<meta name=\"description\" content=\"Highlander Crusader Hammock ir praktisks un viegli uzst\u0101d\u0101ms \u0161\u016bpu\u013ct\u012bkls ar mosk\u012btu t\u012bklu un brezentu, kas azisarg\u0101s no lietus.\" \/>\n<meta name=\"robots\" content=\"index, follow, max-snippet:-1, max-image-preview:large, max-video-preview:-1\" \/>\n<link rel=\"canonical\" href=\"https:\/\/gohike.lv\/ru\/produkts\/highlander-crusader-udensizturigs-supultikls\/\" \/>\n<meta property=\"og:locale\" content=\"ru_RU\" \/>\n<meta property=\"og:type\" content=\"article\" \/>\n<meta property=\"og:title\" content=\"Highlander - \u0160upu\u013ct\u012bkli - Crusader \u016bdensiztur\u012bgs \u0161\u016bpu\u013ct\u012bkls\" \/>\n<meta property=\"og:description\" content=\"Highlander Crusader Hammock ir praktisks un viegli uzst\u0101d\u0101ms \u0161\u016bpu\u013ct\u012bkls ar mosk\u012btu t\u012bklu un brezentu, kas azisarg\u0101s no lietus.\" \/>\n<meta property=\"og:url\" content=\"https:\/\/gohike.lv\/ru\/produkts\/highlander-crusader-udensizturigs-supultikls\/\" \/>\n<meta property=\"og:site_name\" content=\"GoHike\" \/>\n<meta property=\"article:publisher\" content=\"https:\/\/www.facebook.com\/gohike.shop\/\" \/>\n<meta property=\"article:modified_time\" content=\"2025-12-30T14:24:32+00:00\" \/>\n<meta property=\"og:image\" content=\"https:\/\/gohike.lv\/wp-content\/uploads\/2024\/08\/HoghlanderHammock_.jpeg\" \/>\n\t<meta property=\"og:image:width\" content=\"2500\" \/>\n\t<meta property=\"og:image:height\" content=\"2500\" \/>\n\t<meta property=\"og:image:type\" content=\"image\/jpeg\" \/>\n<meta name=\"twitter:card\" content=\"summary_large_image\" \/>\n<meta name=\"twitter:title\" content=\"Highlander - \u0160upu\u013ct\u012bkli - Crusader \u016bdensiztur\u012bgs \u0161\u016bpu\u013ct\u012bkls\" \/>\n<meta name=\"twitter:label1\" content=\"\u041f\u0440\u0438\u043c\u0435\u0440\u043d\u043e\u0435 \u0432\u0440\u0435\u043c\u044f \u0434\u043b\u044f \u0447\u0442\u0435\u043d\u0438\u044f\" \/>\n\t<meta name=\"twitter:data1\" content=\"1 \u043c\u0438\u043d\u0443\u0442\u0430\" \/>\n<script type=\"application\/ld+json\" class=\"yoast-schema-graph\">{\"@context\":\"https:\\\/\\\/schema.org\",\"@graph\":[{\"@type\":[\"WebPage\",\"ItemPage\"],\"@id\":\"https:\\\/\\\/gohike.lv\\\/ru\\\/produkts\\\/highlander-crusader-udensizturigs-supultikls\\\/\",\"url\":\"https:\\\/\\\/gohike.lv\\\/ru\\\/produkts\\\/highlander-crusader-udensizturigs-supultikls\\\/\",\"name\":\"Highlander - Crusader \u016bdensiztur\u012bgs \u0161\u016bpu\u013ct\u012bkls\",\"isPartOf\":{\"@id\":\"https:\\\/\\\/gohike.lv\\\/ru\\\/#website\"},\"primaryImageOfPage\":{\"@id\":\"https:\\\/\\\/gohike.lv\\\/ru\\\/produkts\\\/highlander-crusader-udensizturigs-supultikls\\\/#primaryimage\"},\"image\":{\"@id\":\"https:\\\/\\\/gohike.lv\\\/ru\\\/produkts\\\/highlander-crusader-udensizturigs-supultikls\\\/#primaryimage\"},\"thumbnailUrl\":\"https:\\\/\\\/gohike.lv\\\/wp-content\\\/uploads\\\/2024\\\/08\\\/HoghlanderHammock_.jpeg\",\"datePublished\":\"2024-08-26T08:29:34+00:00\",\"dateModified\":\"2025-12-30T14:24:32+00:00\",\"description\":\"Highlander Crusader Hammock ir praktisks un viegli uzst\u0101d\u0101ms \u0161\u016bpu\u013ct\u012bkls ar mosk\u012btu t\u012bklu un brezentu, kas azisarg\u0101s no lietus.\",\"breadcrumb\":{\"@id\":\"https:\\\/\\\/gohike.lv\\\/ru\\\/produkts\\\/highlander-crusader-udensizturigs-supultikls\\\/#breadcrumb\"},\"inLanguage\":\"ru-RU\",\"potentialAction\":[{\"@type\":\"ReadAction\",\"target\":[\"https:\\\/\\\/gohike.lv\\\/ru\\\/produkts\\\/highlander-crusader-udensizturigs-supultikls\\\/\"]}]},{\"@type\":\"ImageObject\",\"inLanguage\":\"ru-RU\",\"@id\":\"https:\\\/\\\/gohike.lv\\\/ru\\\/produkts\\\/highlander-crusader-udensizturigs-supultikls\\\/#primaryimage\",\"url\":\"https:\\\/\\\/gohike.lv\\\/wp-content\\\/uploads\\\/2024\\\/08\\\/HoghlanderHammock_.jpeg\",\"contentUrl\":\"https:\\\/\\\/gohike.lv\\\/wp-content\\\/uploads\\\/2024\\\/08\\\/HoghlanderHammock_.jpeg\",\"width\":2500,\"height\":2500},{\"@type\":\"BreadcrumbList\",\"@id\":\"https:\\\/\\\/gohike.lv\\\/ru\\\/produkts\\\/highlander-crusader-udensizturigs-supultikls\\\/#breadcrumb\",\"itemListElement\":[{\"@type\":\"ListItem\",\"position\":1,\"name\":\"\u0413\u043b\u0430\u0432\u043d\u0430\u044f\",\"item\":\"https:\\\/\\\/gohike.lv\\\/ru\\\/\"},{\"@type\":\"ListItem\",\"position\":2,\"name\":\"\u041a\u0430\u0442\u0435\u0433\u043e\u0440\u0438\u0438 \u0442\u043e\u0432\u0430\u0440\u043e\u0432\",\"item\":\"https:\\\/\\\/gohike.lv\\\/%d0%ba%d0%b0%d1%82%d0%b5%d0%b3%d0%be%d1%80%d0%b8%d0%b8-%d1%82%d0%be%d0%b2%d0%b0%d1%80%d0%be%d0%b2\\\/\"},{\"@type\":\"ListItem\",\"position\":3,\"name\":\"Highlander &#8211; Crusader \u016bdensiztur\u012bgs \u0161\u016bpu\u013ct\u012bkls\"}]},{\"@type\":\"WebSite\",\"@id\":\"https:\\\/\\\/gohike.lv\\\/ru\\\/#website\",\"url\":\"https:\\\/\\\/gohike.lv\\\/ru\\\/\",\"name\":\"GoHike\",\"description\":\"\",\"publisher\":{\"@id\":\"https:\\\/\\\/gohike.lv\\\/ru\\\/#organization\"},\"potentialAction\":[{\"@type\":\"SearchAction\",\"target\":{\"@type\":\"EntryPoint\",\"urlTemplate\":\"https:\\\/\\\/gohike.lv\\\/ru\\\/?s={search_term_string}\"},\"query-input\":{\"@type\":\"PropertyValueSpecification\",\"valueRequired\":true,\"valueName\":\"search_term_string\"}}],\"inLanguage\":\"ru-RU\"},{\"@type\":\"Organization\",\"@id\":\"https:\\\/\\\/gohike.lv\\\/ru\\\/#organization\",\"name\":\"GoHike\",\"url\":\"https:\\\/\\\/gohike.lv\\\/ru\\\/\",\"logo\":{\"@type\":\"ImageObject\",\"inLanguage\":\"ru-RU\",\"@id\":\"https:\\\/\\\/gohike.lv\\\/ru\\\/#\\\/schema\\\/logo\\\/image\\\/\",\"url\":\"https:\\\/\\\/gohike.lv\\\/wp-content\\\/uploads\\\/2023\\\/08\\\/Logo_GoHike.webp\",\"contentUrl\":\"https:\\\/\\\/gohike.lv\\\/wp-content\\\/uploads\\\/2023\\\/08\\\/Logo_GoHike.webp\",\"width\":512,\"height\":512,\"caption\":\"GoHike\"},\"image\":{\"@id\":\"https:\\\/\\\/gohike.lv\\\/ru\\\/#\\\/schema\\\/logo\\\/image\\\/\"},\"sameAs\":[\"https:\\\/\\\/www.facebook.com\\\/gohike.shop\\\/\",\"https:\\\/\\\/www.instagram.com\\\/gohike.shop\\\/\"]}]}<\/script>\n<!-- \/ Yoast SEO plugin. -->","yoast_head_json":{"title":"Highlander - Crusader \u016bdensiztur\u012bgs \u0161\u016bpu\u013ct\u012bkls","description":"Highlander Crusader Hammock ir praktisks un viegli uzst\u0101d\u0101ms \u0161\u016bpu\u013ct\u012bkls ar mosk\u012btu t\u012bklu un brezentu, kas azisarg\u0101s no lietus.","robots":{"index":"index","follow":"follow","max-snippet":"max-snippet:-1","max-image-preview":"max-image-preview:large","max-video-preview":"max-video-preview:-1"},"canonical":"https:\/\/gohike.lv\/ru\/produkts\/highlander-crusader-udensizturigs-supultikls\/","og_locale":"ru_RU","og_type":"article","og_title":"Highlander - \u0160upu\u013ct\u012bkli - Crusader \u016bdensiztur\u012bgs \u0161\u016bpu\u013ct\u012bkls","og_description":"Highlander Crusader Hammock ir praktisks un viegli uzst\u0101d\u0101ms \u0161\u016bpu\u013ct\u012bkls ar mosk\u012btu t\u012bklu un brezentu, kas azisarg\u0101s no lietus.","og_url":"https:\/\/gohike.lv\/ru\/produkts\/highlander-crusader-udensizturigs-supultikls\/","og_site_name":"GoHike","article_publisher":"https:\/\/www.facebook.com\/gohike.shop\/","article_modified_time":"2025-12-30T14:24:32+00:00","og_image":[{"width":2500,"height":2500,"url":"https:\/\/gohike.lv\/wp-content\/uploads\/2024\/08\/HoghlanderHammock_.jpeg","type":"image\/jpeg"}],"twitter_card":"summary_large_image","twitter_title":"Highlander - \u0160upu\u013ct\u012bkli - Crusader \u016bdensiztur\u012bgs \u0161\u016bpu\u013ct\u012bkls","twitter_misc":{"\u041f\u0440\u0438\u043c\u0435\u0440\u043d\u043e\u0435 \u0432\u0440\u0435\u043c\u044f \u0434\u043b\u044f \u0447\u0442\u0435\u043d\u0438\u044f":"1 \u043c\u0438\u043d\u0443\u0442\u0430"},"schema":{"@context":"https:\/\/schema.org","@graph":[{"@type":["WebPage","ItemPage"],"@id":"https:\/\/gohike.lv\/ru\/produkts\/highlander-crusader-udensizturigs-supultikls\/","url":"https:\/\/gohike.lv\/ru\/produkts\/highlander-crusader-udensizturigs-supultikls\/","name":"Highlander - Crusader \u016bdensiztur\u012bgs \u0161\u016bpu\u013ct\u012bkls","isPartOf":{"@id":"https:\/\/gohike.lv\/ru\/#website"},"primaryImageOfPage":{"@id":"https:\/\/gohike.lv\/ru\/produkts\/highlander-crusader-udensizturigs-supultikls\/#primaryimage"},"image":{"@id":"https:\/\/gohike.lv\/ru\/produkts\/highlander-crusader-udensizturigs-supultikls\/#primaryimage"},"thumbnailUrl":"https:\/\/gohike.lv\/wp-content\/uploads\/2024\/08\/HoghlanderHammock_.jpeg","datePublished":"2024-08-26T08:29:34+00:00","dateModified":"2025-12-30T14:24:32+00:00","description":"Highlander Crusader Hammock ir praktisks un viegli uzst\u0101d\u0101ms \u0161\u016bpu\u013ct\u012bkls ar mosk\u012btu t\u012bklu un brezentu, kas azisarg\u0101s no lietus.","breadcrumb":{"@id":"https:\/\/gohike.lv\/ru\/produkts\/highlander-crusader-udensizturigs-supultikls\/#breadcrumb"},"inLanguage":"ru-RU","potentialAction":[{"@type":"ReadAction","target":["https:\/\/gohike.lv\/ru\/produkts\/highlander-crusader-udensizturigs-supultikls\/"]}]},{"@type":"ImageObject","inLanguage":"ru-RU","@id":"https:\/\/gohike.lv\/ru\/produkts\/highlander-crusader-udensizturigs-supultikls\/#primaryimage","url":"https:\/\/gohike.lv\/wp-content\/uploads\/2024\/08\/HoghlanderHammock_.jpeg","contentUrl":"https:\/\/gohike.lv\/wp-content\/uploads\/2024\/08\/HoghlanderHammock_.jpeg","width":2500,"height":2500},{"@type":"BreadcrumbList","@id":"https:\/\/gohike.lv\/ru\/produkts\/highlander-crusader-udensizturigs-supultikls\/#breadcrumb","itemListElement":[{"@type":"ListItem","position":1,"name":"\u0413\u043b\u0430\u0432\u043d\u0430\u044f","item":"https:\/\/gohike.lv\/ru\/"},{"@type":"ListItem","position":2,"name":"\u041a\u0430\u0442\u0435\u0433\u043e\u0440\u0438\u0438 \u0442\u043e\u0432\u0430\u0440\u043e\u0432","item":"https:\/\/gohike.lv\/%d0%ba%d0%b0%d1%82%d0%b5%d0%b3%d0%be%d1%80%d0%b8%d0%b8-%d1%82%d0%be%d0%b2%d0%b0%d1%80%d0%be%d0%b2\/"},{"@type":"ListItem","position":3,"name":"Highlander &#8211; Crusader \u016bdensiztur\u012bgs \u0161\u016bpu\u013ct\u012bkls"}]},{"@type":"WebSite","@id":"https:\/\/gohike.lv\/ru\/#website","url":"https:\/\/gohike.lv\/ru\/","name":"GoHike","description":"","publisher":{"@id":"https:\/\/gohike.lv\/ru\/#organization"},"potentialAction":[{"@type":"SearchAction","target":{"@type":"EntryPoint","urlTemplate":"https:\/\/gohike.lv\/ru\/?s={search_term_string}"},"query-input":{"@type":"PropertyValueSpecification","valueRequired":true,"valueName":"search_term_string"}}],"inLanguage":"ru-RU"},{"@type":"Organization","@id":"https:\/\/gohike.lv\/ru\/#organization","name":"GoHike","url":"https:\/\/gohike.lv\/ru\/","logo":{"@type":"ImageObject","inLanguage":"ru-RU","@id":"https:\/\/gohike.lv\/ru\/#\/schema\/logo\/image\/","url":"https:\/\/gohike.lv\/wp-content\/uploads\/2023\/08\/Logo_GoHike.webp","contentUrl":"https:\/\/gohike.lv\/wp-content\/uploads\/2023\/08\/Logo_GoHike.webp","width":512,"height":512,"caption":"GoHike"},"image":{"@id":"https:\/\/gohike.lv\/ru\/#\/schema\/logo\/image\/"},"sameAs":["https:\/\/www.facebook.com\/gohike.shop\/","https:\/\/www.instagram.com\/gohike.shop\/"]}]}},"jetpack_sharing_enabled":true,"_links":{"self":[{"href":"https:\/\/gohike.lv\/ru\/wp-json\/wp\/v2\/product\/61925","targetHints":{"allow":["GET"]}}],"collection":[{"href":"https:\/\/gohike.lv\/ru\/wp-json\/wp\/v2\/product"}],"about":[{"href":"https:\/\/gohike.lv\/ru\/wp-json\/wp\/v2\/types\/product"}],"version-history":[{"count":0,"href":"https:\/\/gohike.lv\/ru\/wp-json\/wp\/v2\/product\/61925\/revisions"}],"wp:featuredmedia":[{"embeddable":true,"href":"https:\/\/gohike.lv\/ru\/wp-json\/wp\/v2\/media\/61927"}],"wp:attachment":[{"href":"https:\/\/gohike.lv\/ru\/wp-json\/wp\/v2\/media?parent=61925"}],"wp:term":[{"taxonomy":"product_brand","embeddable":true,"href":"https:\/\/gohike.lv\/ru\/wp-json\/wp\/v2\/product_brand?post=61925"},{"taxonomy":"product_cat","embeddable":true,"href":"https:\/\/gohike.lv\/ru\/wp-json\/wp\/v2\/product_cat?post=61925"},{"taxonomy":"product_tag","embeddable":true,"href":"https:\/\/gohike.lv\/ru\/wp-json\/wp\/v2\/product_tag?post=61925"}],"curies":[{"name":"wp","href":"https:\/\/api.w.org\/{rel}","templated":true}]}}