{"id":61784,"date":"2024-08-15T18:45:37","date_gmt":"2024-08-15T15:45:37","guid":{"rendered":"https:\/\/gohike.lv\/?post_type=product&#038;p=61784"},"modified":"2025-12-30T17:24:32","modified_gmt":"2025-12-30T14:24:32","slug":"naturehike-ultralight-supultikls-uzlabota-versija-peleks","status":"publish","type":"product","link":"https:\/\/gohike.lv\/ru\/produkts\/naturehike-ultralight-supultikls-uzlabota-versija-peleks\/","title":{"rendered":"Naturehike &#8212; Ultralight \u0161\u016bpu\u013ct\u012bkls (uzlabota versija) &#8212; pel\u0113ks"},"content":{"rendered":"<p>\u0160\u016bpu\u013ct\u012bkla dizainam ir \u012bpa\u0161a forma, pateicoties kurai tas ir \u0113rts un stabils.<br \/>\nAudums ir m\u012bksts un pat\u012bkams ar labu gaisa cirkul\u0101ciju.<br \/>\nKomplekt\u0101 ietilpst virve, 2 karab\u012bnes un futl\u0101ris.<\/p>\n","protected":false},"excerpt":{"rendered":"<p>Naturehike 340T poliestera \u0161\u016bpu\u013ct\u012bkls ir izgatavots no iztur\u012bga sint\u0113tiska materi\u0101la.<\/p>\n","protected":false},"featured_media":61785,"template":"","meta":[],"product_brand":[],"product_cat":[4526],"product_tag":[],"class_list":{"0":"post-61784","1":"product","2":"type-product","3":"status-publish","4":"has-post-thumbnail","6":"product_cat-supultikli","7":"pa_izturiba-180kg","8":"pa_izversts-izmers-290x148cm","9":"pa_materiali-izturigs-pret-plisumiem","10":"pa_materiali-suklis-340t","11":"pa_produkta-tips-supultikli","12":"pa_spalva-oranzs","14":"first","15":"outofstock","16":"taxable","17":"shipping-taxable","18":"purchasable","19":"product-type-simple"},"raw_content":{"name":"Naturehike - Ultralight \u0161\u016bpu\u013ct\u012bkls (uzlabota versija) - pel\u0113ks","description":"\u0160\u016bpu\u013ct\u012bkla dizainam ir \u012bpa\u0161a forma, pateicoties kurai tas ir \u0113rts un stabils.\nAudums ir m\u012bksts un pat\u012bkams ar labu gaisa cirkul\u0101ciju.\nKomplekt\u0101 ietilpst virve, 2 karab\u012bnes un futl\u0101ris.","short_description":"Naturehike 340T poliestera \u0161\u016bpu\u013ct\u012bkls ir izgatavots no iztur\u012bga sint\u0113tiska materi\u0101la.","status":"publish","sku":"6927595722152","original":61784},"wpml":{"translation_type":1,"has_translations":true,"original":61784,"duplicates":[],"translations":{"lv":61784,"en":67161,"ru":null}},"supplier_id":null,"supplier_sku":"","barcode":null,"atum_controlled":true,"out_stock_date":"2025-06-10 10:38:27","out_stock_threshold":null,"inheritable":false,"inbound_stock":null,"stock_on_hold":0,"sold_today":0,"sales_last_days":0,"reserved_stock":null,"customer_returns":null,"warehouse_damage":null,"lost_in_post":null,"other_logs":null,"out_stock_days":156,"lost_sales":0,"has_location":null,"update_date":"2025-12-30T14:30:32","atum_locations":[],"atum_stock_status":"outofstock","restock_status":false,"low_stock_amount":"","sales_update_date":"2025-11-13T14:07:41","calc_backorders":null,"yoast_head":"<!-- This site is optimized with the Yoast SEO plugin v27.3 - https:\/\/yoast.com\/product\/yoast-seo-wordpress\/ -->\n<title>Naturehike - Ultralight \u0161\u016bpu\u013ct\u012bkls (uzlabota versija)<\/title>\n<meta name=\"description\" content=\"Naturehike 340T poliestera \u0161\u016bpu\u013ct\u012bkls ir izgatavots no iztur\u012bga sint\u0113tiska materi\u0101la. Audums ir m\u012bksts un pat\u012bkams ar labu gaisa cirkul\u0101ciju.\" \/>\n<meta name=\"robots\" content=\"index, follow, max-snippet:-1, max-image-preview:large, max-video-preview:-1\" \/>\n<link rel=\"canonical\" href=\"https:\/\/gohike.lv\/ru\/produkts\/naturehike-ultralight-supultikls-uzlabota-versija-peleks\/\" \/>\n<meta property=\"og:locale\" content=\"ru_RU\" \/>\n<meta property=\"og:type\" content=\"article\" \/>\n<meta property=\"og:title\" content=\"Naturehike - \u0160\u016bpu\u013ct\u012bkls\" \/>\n<meta property=\"og:description\" content=\"Naturehike 340T poliestera \u0161\u016bpu\u013ct\u012bkls ir izgatavots no iztur\u012bga sint\u0113tiska materi\u0101la. Audums ir m\u012bksts un pat\u012bkams ar labu gaisa cirkul\u0101ciju.\" \/>\n<meta property=\"og:url\" content=\"https:\/\/gohike.lv\/ru\/produkts\/naturehike-ultralight-supultikls-uzlabota-versija-peleks\/\" \/>\n<meta property=\"og:site_name\" content=\"GoHike\" \/>\n<meta property=\"article:publisher\" content=\"https:\/\/www.facebook.com\/gohike.shop\/\" \/>\n<meta property=\"article:modified_time\" content=\"2025-12-30T14:24:32+00:00\" \/>\n<meta property=\"og:image\" content=\"https:\/\/gohike.lv\/wp-content\/uploads\/2024\/08\/naturehike-ultraviegls-supultikls-vienvietigs-peleks-nh17d012-c-6927595722152.spm_.188646-b3674520.jpeg\" \/>\n\t<meta property=\"og:image:width\" content=\"400\" \/>\n\t<meta property=\"og:image:height\" content=\"400\" \/>\n\t<meta property=\"og:image:type\" content=\"image\/jpeg\" \/>\n<meta name=\"twitter:card\" content=\"summary_large_image\" \/>\n<meta name=\"twitter:title\" content=\"Naturehike - \u0160\u016bpu\u013ct\u012bkls\" \/>\n<meta name=\"twitter:label1\" content=\"\u041f\u0440\u0438\u043c\u0435\u0440\u043d\u043e\u0435 \u0432\u0440\u0435\u043c\u044f \u0434\u043b\u044f \u0447\u0442\u0435\u043d\u0438\u044f\" \/>\n\t<meta name=\"twitter:data1\" content=\"1 \u043c\u0438\u043d\u0443\u0442\u0430\" \/>\n<script type=\"application\/ld+json\" class=\"yoast-schema-graph\">{\"@context\":\"https:\\\/\\\/schema.org\",\"@graph\":[{\"@type\":[\"WebPage\",\"ItemPage\"],\"@id\":\"https:\\\/\\\/gohike.lv\\\/ru\\\/produkts\\\/naturehike-ultralight-supultikls-uzlabota-versija-peleks\\\/\",\"url\":\"https:\\\/\\\/gohike.lv\\\/ru\\\/produkts\\\/naturehike-ultralight-supultikls-uzlabota-versija-peleks\\\/\",\"name\":\"Naturehike - Ultralight \u0161\u016bpu\u013ct\u012bkls (uzlabota versija)\",\"isPartOf\":{\"@id\":\"https:\\\/\\\/gohike.lv\\\/ru\\\/#website\"},\"primaryImageOfPage\":{\"@id\":\"https:\\\/\\\/gohike.lv\\\/ru\\\/produkts\\\/naturehike-ultralight-supultikls-uzlabota-versija-peleks\\\/#primaryimage\"},\"image\":{\"@id\":\"https:\\\/\\\/gohike.lv\\\/ru\\\/produkts\\\/naturehike-ultralight-supultikls-uzlabota-versija-peleks\\\/#primaryimage\"},\"thumbnailUrl\":\"https:\\\/\\\/gohike.lv\\\/wp-content\\\/uploads\\\/2024\\\/08\\\/naturehike-ultraviegls-supultikls-vienvietigs-peleks-nh17d012-c-6927595722152.spm_.188646-b3674520.jpeg\",\"datePublished\":\"2024-08-15T15:45:37+00:00\",\"dateModified\":\"2025-12-30T14:24:32+00:00\",\"description\":\"Naturehike 340T poliestera \u0161\u016bpu\u013ct\u012bkls ir izgatavots no iztur\u012bga sint\u0113tiska materi\u0101la. Audums ir m\u012bksts un pat\u012bkams ar labu gaisa cirkul\u0101ciju.\",\"breadcrumb\":{\"@id\":\"https:\\\/\\\/gohike.lv\\\/ru\\\/produkts\\\/naturehike-ultralight-supultikls-uzlabota-versija-peleks\\\/#breadcrumb\"},\"inLanguage\":\"ru-RU\",\"potentialAction\":[{\"@type\":\"ReadAction\",\"target\":[\"https:\\\/\\\/gohike.lv\\\/ru\\\/produkts\\\/naturehike-ultralight-supultikls-uzlabota-versija-peleks\\\/\"]}]},{\"@type\":\"ImageObject\",\"inLanguage\":\"ru-RU\",\"@id\":\"https:\\\/\\\/gohike.lv\\\/ru\\\/produkts\\\/naturehike-ultralight-supultikls-uzlabota-versija-peleks\\\/#primaryimage\",\"url\":\"https:\\\/\\\/gohike.lv\\\/wp-content\\\/uploads\\\/2024\\\/08\\\/naturehike-ultraviegls-supultikls-vienvietigs-peleks-nh17d012-c-6927595722152.spm_.188646-b3674520.jpeg\",\"contentUrl\":\"https:\\\/\\\/gohike.lv\\\/wp-content\\\/uploads\\\/2024\\\/08\\\/naturehike-ultraviegls-supultikls-vienvietigs-peleks-nh17d012-c-6927595722152.spm_.188646-b3674520.jpeg\",\"width\":400,\"height\":400},{\"@type\":\"BreadcrumbList\",\"@id\":\"https:\\\/\\\/gohike.lv\\\/ru\\\/produkts\\\/naturehike-ultralight-supultikls-uzlabota-versija-peleks\\\/#breadcrumb\",\"itemListElement\":[{\"@type\":\"ListItem\",\"position\":1,\"name\":\"\u0413\u043b\u0430\u0432\u043d\u0430\u044f\",\"item\":\"https:\\\/\\\/gohike.lv\\\/ru\\\/\"},{\"@type\":\"ListItem\",\"position\":2,\"name\":\"\u041a\u0430\u0442\u0435\u0433\u043e\u0440\u0438\u0438 \u0442\u043e\u0432\u0430\u0440\u043e\u0432\",\"item\":\"https:\\\/\\\/gohike.lv\\\/%d0%ba%d0%b0%d1%82%d0%b5%d0%b3%d0%be%d1%80%d0%b8%d0%b8-%d1%82%d0%be%d0%b2%d0%b0%d1%80%d0%be%d0%b2\\\/\"},{\"@type\":\"ListItem\",\"position\":3,\"name\":\"Naturehike &#8211; Ultralight \u0161\u016bpu\u013ct\u012bkls (uzlabota versija) &#8211; pel\u0113ks\"}]},{\"@type\":\"WebSite\",\"@id\":\"https:\\\/\\\/gohike.lv\\\/ru\\\/#website\",\"url\":\"https:\\\/\\\/gohike.lv\\\/ru\\\/\",\"name\":\"GoHike\",\"description\":\"\",\"publisher\":{\"@id\":\"https:\\\/\\\/gohike.lv\\\/ru\\\/#organization\"},\"potentialAction\":[{\"@type\":\"SearchAction\",\"target\":{\"@type\":\"EntryPoint\",\"urlTemplate\":\"https:\\\/\\\/gohike.lv\\\/ru\\\/?s={search_term_string}\"},\"query-input\":{\"@type\":\"PropertyValueSpecification\",\"valueRequired\":true,\"valueName\":\"search_term_string\"}}],\"inLanguage\":\"ru-RU\"},{\"@type\":\"Organization\",\"@id\":\"https:\\\/\\\/gohike.lv\\\/ru\\\/#organization\",\"name\":\"GoHike\",\"url\":\"https:\\\/\\\/gohike.lv\\\/ru\\\/\",\"logo\":{\"@type\":\"ImageObject\",\"inLanguage\":\"ru-RU\",\"@id\":\"https:\\\/\\\/gohike.lv\\\/ru\\\/#\\\/schema\\\/logo\\\/image\\\/\",\"url\":\"https:\\\/\\\/gohike.lv\\\/wp-content\\\/uploads\\\/2023\\\/08\\\/Logo_GoHike.webp\",\"contentUrl\":\"https:\\\/\\\/gohike.lv\\\/wp-content\\\/uploads\\\/2023\\\/08\\\/Logo_GoHike.webp\",\"width\":512,\"height\":512,\"caption\":\"GoHike\"},\"image\":{\"@id\":\"https:\\\/\\\/gohike.lv\\\/ru\\\/#\\\/schema\\\/logo\\\/image\\\/\"},\"sameAs\":[\"https:\\\/\\\/www.facebook.com\\\/gohike.shop\\\/\",\"https:\\\/\\\/www.instagram.com\\\/gohike.shop\\\/\"]}]}<\/script>\n<!-- \/ Yoast SEO plugin. -->","yoast_head_json":{"title":"Naturehike - Ultralight \u0161\u016bpu\u013ct\u012bkls (uzlabota versija)","description":"Naturehike 340T poliestera \u0161\u016bpu\u013ct\u012bkls ir izgatavots no iztur\u012bga sint\u0113tiska materi\u0101la. Audums ir m\u012bksts un pat\u012bkams ar labu gaisa cirkul\u0101ciju.","robots":{"index":"index","follow":"follow","max-snippet":"max-snippet:-1","max-image-preview":"max-image-preview:large","max-video-preview":"max-video-preview:-1"},"canonical":"https:\/\/gohike.lv\/ru\/produkts\/naturehike-ultralight-supultikls-uzlabota-versija-peleks\/","og_locale":"ru_RU","og_type":"article","og_title":"Naturehike - \u0160\u016bpu\u013ct\u012bkls","og_description":"Naturehike 340T poliestera \u0161\u016bpu\u013ct\u012bkls ir izgatavots no iztur\u012bga sint\u0113tiska materi\u0101la. Audums ir m\u012bksts un pat\u012bkams ar labu gaisa cirkul\u0101ciju.","og_url":"https:\/\/gohike.lv\/ru\/produkts\/naturehike-ultralight-supultikls-uzlabota-versija-peleks\/","og_site_name":"GoHike","article_publisher":"https:\/\/www.facebook.com\/gohike.shop\/","article_modified_time":"2025-12-30T14:24:32+00:00","og_image":[{"width":400,"height":400,"url":"https:\/\/gohike.lv\/wp-content\/uploads\/2024\/08\/naturehike-ultraviegls-supultikls-vienvietigs-peleks-nh17d012-c-6927595722152.spm_.188646-b3674520.jpeg","type":"image\/jpeg"}],"twitter_card":"summary_large_image","twitter_title":"Naturehike - \u0160\u016bpu\u013ct\u012bkls","twitter_misc":{"\u041f\u0440\u0438\u043c\u0435\u0440\u043d\u043e\u0435 \u0432\u0440\u0435\u043c\u044f \u0434\u043b\u044f \u0447\u0442\u0435\u043d\u0438\u044f":"1 \u043c\u0438\u043d\u0443\u0442\u0430"},"schema":{"@context":"https:\/\/schema.org","@graph":[{"@type":["WebPage","ItemPage"],"@id":"https:\/\/gohike.lv\/ru\/produkts\/naturehike-ultralight-supultikls-uzlabota-versija-peleks\/","url":"https:\/\/gohike.lv\/ru\/produkts\/naturehike-ultralight-supultikls-uzlabota-versija-peleks\/","name":"Naturehike - Ultralight \u0161\u016bpu\u013ct\u012bkls (uzlabota versija)","isPartOf":{"@id":"https:\/\/gohike.lv\/ru\/#website"},"primaryImageOfPage":{"@id":"https:\/\/gohike.lv\/ru\/produkts\/naturehike-ultralight-supultikls-uzlabota-versija-peleks\/#primaryimage"},"image":{"@id":"https:\/\/gohike.lv\/ru\/produkts\/naturehike-ultralight-supultikls-uzlabota-versija-peleks\/#primaryimage"},"thumbnailUrl":"https:\/\/gohike.lv\/wp-content\/uploads\/2024\/08\/naturehike-ultraviegls-supultikls-vienvietigs-peleks-nh17d012-c-6927595722152.spm_.188646-b3674520.jpeg","datePublished":"2024-08-15T15:45:37+00:00","dateModified":"2025-12-30T14:24:32+00:00","description":"Naturehike 340T poliestera \u0161\u016bpu\u013ct\u012bkls ir izgatavots no iztur\u012bga sint\u0113tiska materi\u0101la. Audums ir m\u012bksts un pat\u012bkams ar labu gaisa cirkul\u0101ciju.","breadcrumb":{"@id":"https:\/\/gohike.lv\/ru\/produkts\/naturehike-ultralight-supultikls-uzlabota-versija-peleks\/#breadcrumb"},"inLanguage":"ru-RU","potentialAction":[{"@type":"ReadAction","target":["https:\/\/gohike.lv\/ru\/produkts\/naturehike-ultralight-supultikls-uzlabota-versija-peleks\/"]}]},{"@type":"ImageObject","inLanguage":"ru-RU","@id":"https:\/\/gohike.lv\/ru\/produkts\/naturehike-ultralight-supultikls-uzlabota-versija-peleks\/#primaryimage","url":"https:\/\/gohike.lv\/wp-content\/uploads\/2024\/08\/naturehike-ultraviegls-supultikls-vienvietigs-peleks-nh17d012-c-6927595722152.spm_.188646-b3674520.jpeg","contentUrl":"https:\/\/gohike.lv\/wp-content\/uploads\/2024\/08\/naturehike-ultraviegls-supultikls-vienvietigs-peleks-nh17d012-c-6927595722152.spm_.188646-b3674520.jpeg","width":400,"height":400},{"@type":"BreadcrumbList","@id":"https:\/\/gohike.lv\/ru\/produkts\/naturehike-ultralight-supultikls-uzlabota-versija-peleks\/#breadcrumb","itemListElement":[{"@type":"ListItem","position":1,"name":"\u0413\u043b\u0430\u0432\u043d\u0430\u044f","item":"https:\/\/gohike.lv\/ru\/"},{"@type":"ListItem","position":2,"name":"\u041a\u0430\u0442\u0435\u0433\u043e\u0440\u0438\u0438 \u0442\u043e\u0432\u0430\u0440\u043e\u0432","item":"https:\/\/gohike.lv\/%d0%ba%d0%b0%d1%82%d0%b5%d0%b3%d0%be%d1%80%d0%b8%d0%b8-%d1%82%d0%be%d0%b2%d0%b0%d1%80%d0%be%d0%b2\/"},{"@type":"ListItem","position":3,"name":"Naturehike &#8211; Ultralight \u0161\u016bpu\u013ct\u012bkls (uzlabota versija) &#8211; pel\u0113ks"}]},{"@type":"WebSite","@id":"https:\/\/gohike.lv\/ru\/#website","url":"https:\/\/gohike.lv\/ru\/","name":"GoHike","description":"","publisher":{"@id":"https:\/\/gohike.lv\/ru\/#organization"},"potentialAction":[{"@type":"SearchAction","target":{"@type":"EntryPoint","urlTemplate":"https:\/\/gohike.lv\/ru\/?s={search_term_string}"},"query-input":{"@type":"PropertyValueSpecification","valueRequired":true,"valueName":"search_term_string"}}],"inLanguage":"ru-RU"},{"@type":"Organization","@id":"https:\/\/gohike.lv\/ru\/#organization","name":"GoHike","url":"https:\/\/gohike.lv\/ru\/","logo":{"@type":"ImageObject","inLanguage":"ru-RU","@id":"https:\/\/gohike.lv\/ru\/#\/schema\/logo\/image\/","url":"https:\/\/gohike.lv\/wp-content\/uploads\/2023\/08\/Logo_GoHike.webp","contentUrl":"https:\/\/gohike.lv\/wp-content\/uploads\/2023\/08\/Logo_GoHike.webp","width":512,"height":512,"caption":"GoHike"},"image":{"@id":"https:\/\/gohike.lv\/ru\/#\/schema\/logo\/image\/"},"sameAs":["https:\/\/www.facebook.com\/gohike.shop\/","https:\/\/www.instagram.com\/gohike.shop\/"]}]}},"jetpack_sharing_enabled":true,"_links":{"self":[{"href":"https:\/\/gohike.lv\/ru\/wp-json\/wp\/v2\/product\/61784","targetHints":{"allow":["GET"]}}],"collection":[{"href":"https:\/\/gohike.lv\/ru\/wp-json\/wp\/v2\/product"}],"about":[{"href":"https:\/\/gohike.lv\/ru\/wp-json\/wp\/v2\/types\/product"}],"version-history":[{"count":0,"href":"https:\/\/gohike.lv\/ru\/wp-json\/wp\/v2\/product\/61784\/revisions"}],"wp:featuredmedia":[{"embeddable":true,"href":"https:\/\/gohike.lv\/ru\/wp-json\/wp\/v2\/media\/61785"}],"wp:attachment":[{"href":"https:\/\/gohike.lv\/ru\/wp-json\/wp\/v2\/media?parent=61784"}],"wp:term":[{"taxonomy":"product_brand","embeddable":true,"href":"https:\/\/gohike.lv\/ru\/wp-json\/wp\/v2\/product_brand?post=61784"},{"taxonomy":"product_cat","embeddable":true,"href":"https:\/\/gohike.lv\/ru\/wp-json\/wp\/v2\/product_cat?post=61784"},{"taxonomy":"product_tag","embeddable":true,"href":"https:\/\/gohike.lv\/ru\/wp-json\/wp\/v2\/product_tag?post=61784"}],"curies":[{"name":"wp","href":"https:\/\/api.w.org\/{rel}","templated":true}]}}