{"id":61682,"date":"2024-08-15T11:30:07","date_gmt":"2024-08-15T08:30:07","guid":{"rendered":"https:\/\/gohike.lv\/produkts\/sunslice-gravity-5000-mah-viegla-parnesajama-power-banka\/"},"modified":"2025-12-31T19:45:26","modified_gmt":"2025-12-31T16:45:26","slug":"sunslice-gravity-5000-mah-viegla-parnesajama-power-banka","status":"publish","type":"product","link":"https:\/\/gohike.lv\/ru\/produkts\/sunslice-gravity-5000-mah-viegla-parnesajama-power-banka\/","title":{"rendered":"Sunslice Gravity &#8212; P\u0101rn\u0113s\u0101jams Power bank l\u0101d\u0113t\u0101js-akumulators 5&#8217;000 mAh"},"content":{"rendered":"<p>Gravity 5 jauda ir 5000 mAh. Ar pilnu akumulatora uzl\u0101di var uzl\u0101d\u0113t l\u012bdz diviem viedt\u0101lru\u0146iem.<br \/>\nGravity 5 ir mazs un kompakts, t\u0101p\u0113c to var n\u0113s\u0101t kabat\u0101 un tas neaiz\u0146em daudz vietas.<br \/>\nGravity 5 svars ir tikai 125 g, kas ir ide\u0101la svara un jaudas kombin\u0101cija.<br \/>\nPower bank\u0101 ir integr\u0113ta \u0101tr\u0101s uzl\u0101des tehnolo\u0123ija. Katrs ports nodro\u0161ina 10 W jaudu un vienlaikus var uzl\u0101d\u0113t 2 ier\u012bces.<\/p>\n","protected":false},"excerpt":{"rendered":"<p>Sunslice Gravity 5 ir mazs un viegls \u0101r\u0113jais akumulators, kas paredz\u0113ts \u0101trai un efekt\u012bvai ier\u012b\u010du uzl\u0101dei. To var l\u0101d\u0113t ar\u012b izmantojot p\u0101rn\u0113s\u0101jamos saules pane\u013cus.<\/p>\n","protected":false},"featured_media":61684,"template":"","meta":[],"product_brand":[9561],"product_cat":[1643],"product_tag":[],"class_list":{"0":"post-61682","1":"product","2":"type-product","3":"status-publish","4":"has-post-thumbnail","6":"product_brand-sunslice","7":"product_cat-elektronika","8":"pa_akumulatora-ietilpiba-5000-mah","9":"pa_ievade-1-x-usb-c-10-w-5-v-2-a-1-mikro-usb-10-w-5-v-2-a","10":"pa_izeja-2-x-usb-a-10w-5v-2a","11":"pa_izmers-98-x-64-x-14-mm","12":"pa_kopeja-maksimala-jauda-10w","13":"pa_produkta-tips-power-bankas","14":"pa_saules-uzlades-statuss-4-x-led-indikatori-balti","16":"first","17":"outofstock","18":"purchasable","19":"product-type-simple"},"raw_content":{"name":"Sunslice Gravity - P\u0101rn\u0113s\u0101jams Power bank l\u0101d\u0113t\u0101js-akumulators 5'000 mAh","description":"Gravity 5 jauda ir 5000 mAh. Ar pilnu akumulatora uzl\u0101di var uzl\u0101d\u0113t l\u012bdz diviem viedt\u0101lru\u0146iem.\nGravity 5 ir mazs un kompakts, t\u0101p\u0113c to var n\u0113s\u0101t kabat\u0101 un tas neaiz\u0146em daudz vietas.\nGravity 5 svars ir tikai 125 g, kas ir ide\u0101la svara un jaudas kombin\u0101cija.\nPower bank\u0101 ir integr\u0113ta \u0101tr\u0101s uzl\u0101des tehnolo\u0123ija. Katrs ports nodro\u0161ina 10 W jaudu un vienlaikus var uzl\u0101d\u0113t 2 ier\u012bces.","short_description":"Sunslice Gravity 5 ir mazs un viegls \u0101r\u0113jais akumulators, kas paredz\u0113ts \u0101trai un efekt\u012bvai ier\u012b\u010du uzl\u0101dei. To var l\u0101d\u0113t ar\u012b izmantojot p\u0101rn\u0113s\u0101jamos saules pane\u013cus.","status":"publish","sku":"5430003494110","original":61682},"wpml":{"translation_type":1,"has_translations":true,"original":61682,"duplicates":[],"translations":{"lv":61682,"en":67754,"ru":null}},"supplier_id":null,"supplier_sku":"","barcode":null,"atum_controlled":true,"out_stock_date":"2025-12-29 11:45:20","out_stock_threshold":null,"inheritable":false,"inbound_stock":null,"stock_on_hold":0,"sold_today":0,"sales_last_days":1,"reserved_stock":null,"customer_returns":null,"warehouse_damage":null,"lost_in_post":null,"other_logs":null,"out_stock_days":1,"lost_sales":2,"has_location":null,"update_date":"2025-12-31T16:45:29","atum_locations":[],"atum_stock_status":"outofstock","restock_status":false,"low_stock_amount":"","sales_update_date":"2025-12-30T14:04:48","calc_backorders":null,"yoast_head":"<!-- This site is optimized with the Yoast SEO plugin v27.3 - https:\/\/yoast.com\/product\/yoast-seo-wordpress\/ -->\n<title>Sunslice Gravity - P\u0101rn\u0113s\u0101jams Power bank l\u0101d\u0113t\u0101js-akumulators 5&#039;000 mAh<\/title>\n<meta name=\"description\" content=\"Sunslice Gravity 5 ir mazs un viegls \u0101r\u0113jais akumulators, kas paredz\u0113ts \u0101trai un efekt\u012bvai ier\u012b\u010du uzl\u0101dei. To var l\u0101d\u0113t ar\u012b izmantojot p\u0101rn\u0113s\u0101jamos saules pane\u013cus.\" \/>\n<meta name=\"robots\" content=\"index, follow, max-snippet:-1, max-image-preview:large, max-video-preview:-1\" \/>\n<link rel=\"canonical\" href=\"https:\/\/gohike.lv\/ru\/produkts\/sunslice-gravity-5000-mah-viegla-parnesajama-power-banka\/\" \/>\n<meta property=\"og:locale\" content=\"ru_RU\" \/>\n<meta property=\"og:type\" content=\"article\" \/>\n<meta property=\"og:title\" content=\"Sunslice -\" \/>\n<meta property=\"og:description\" content=\"Sunslice Gravity 5 ir mazs un viegls \u0101r\u0113jais akumulators, kas paredz\u0113ts \u0101trai un efekt\u012bvai ier\u012b\u010du uzl\u0101dei. To var l\u0101d\u0113t ar\u012b izmantojot p\u0101rn\u0113s\u0101jamos saules pane\u013cus.\" \/>\n<meta property=\"og:url\" content=\"https:\/\/gohike.lv\/ru\/produkts\/sunslice-gravity-5000-mah-viegla-parnesajama-power-banka\/\" \/>\n<meta property=\"og:site_name\" content=\"GoHike\" \/>\n<meta property=\"article:publisher\" content=\"https:\/\/www.facebook.com\/gohike.shop\/\" \/>\n<meta property=\"article:modified_time\" content=\"2025-12-31T16:45:26+00:00\" \/>\n<meta property=\"og:image\" content=\"https:\/\/gohike.lv\/wp-content\/uploads\/2024\/08\/Gravity5_.webp\" \/>\n\t<meta property=\"og:image:width\" content=\"900\" \/>\n\t<meta property=\"og:image:height\" content=\"900\" \/>\n\t<meta property=\"og:image:type\" content=\"image\/webp\" \/>\n<meta name=\"twitter:card\" content=\"summary_large_image\" \/>\n<meta name=\"twitter:title\" content=\"Sunslice -\" \/>\n<meta name=\"twitter:label1\" content=\"\u041f\u0440\u0438\u043c\u0435\u0440\u043d\u043e\u0435 \u0432\u0440\u0435\u043c\u044f \u0434\u043b\u044f \u0447\u0442\u0435\u043d\u0438\u044f\" \/>\n\t<meta name=\"twitter:data1\" content=\"1 \u043c\u0438\u043d\u0443\u0442\u0430\" \/>\n<script type=\"application\/ld+json\" class=\"yoast-schema-graph\">{\"@context\":\"https:\\\/\\\/schema.org\",\"@graph\":[{\"@type\":[\"WebPage\",\"ItemPage\"],\"@id\":\"https:\\\/\\\/gohike.lv\\\/ru\\\/produkts\\\/sunslice-gravity-5000-mah-viegla-parnesajama-power-banka\\\/\",\"url\":\"https:\\\/\\\/gohike.lv\\\/ru\\\/produkts\\\/sunslice-gravity-5000-mah-viegla-parnesajama-power-banka\\\/\",\"name\":\"Sunslice Gravity - P\u0101rn\u0113s\u0101jams Power bank l\u0101d\u0113t\u0101js-akumulators 5'000 mAh\",\"isPartOf\":{\"@id\":\"https:\\\/\\\/gohike.lv\\\/ru\\\/#website\"},\"primaryImageOfPage\":{\"@id\":\"https:\\\/\\\/gohike.lv\\\/ru\\\/produkts\\\/sunslice-gravity-5000-mah-viegla-parnesajama-power-banka\\\/#primaryimage\"},\"image\":{\"@id\":\"https:\\\/\\\/gohike.lv\\\/ru\\\/produkts\\\/sunslice-gravity-5000-mah-viegla-parnesajama-power-banka\\\/#primaryimage\"},\"thumbnailUrl\":\"https:\\\/\\\/gohike.lv\\\/wp-content\\\/uploads\\\/2024\\\/08\\\/Gravity5_.webp\",\"datePublished\":\"2024-08-15T08:30:07+00:00\",\"dateModified\":\"2025-12-31T16:45:26+00:00\",\"description\":\"Sunslice Gravity 5 ir mazs un viegls \u0101r\u0113jais akumulators, kas paredz\u0113ts \u0101trai un efekt\u012bvai ier\u012b\u010du uzl\u0101dei. To var l\u0101d\u0113t ar\u012b izmantojot p\u0101rn\u0113s\u0101jamos saules pane\u013cus.\",\"breadcrumb\":{\"@id\":\"https:\\\/\\\/gohike.lv\\\/ru\\\/produkts\\\/sunslice-gravity-5000-mah-viegla-parnesajama-power-banka\\\/#breadcrumb\"},\"inLanguage\":\"ru-RU\",\"potentialAction\":[{\"@type\":\"ReadAction\",\"target\":[\"https:\\\/\\\/gohike.lv\\\/ru\\\/produkts\\\/sunslice-gravity-5000-mah-viegla-parnesajama-power-banka\\\/\"]}]},{\"@type\":\"ImageObject\",\"inLanguage\":\"ru-RU\",\"@id\":\"https:\\\/\\\/gohike.lv\\\/ru\\\/produkts\\\/sunslice-gravity-5000-mah-viegla-parnesajama-power-banka\\\/#primaryimage\",\"url\":\"https:\\\/\\\/gohike.lv\\\/wp-content\\\/uploads\\\/2024\\\/08\\\/Gravity5_.webp\",\"contentUrl\":\"https:\\\/\\\/gohike.lv\\\/wp-content\\\/uploads\\\/2024\\\/08\\\/Gravity5_.webp\",\"width\":900,\"height\":900},{\"@type\":\"BreadcrumbList\",\"@id\":\"https:\\\/\\\/gohike.lv\\\/ru\\\/produkts\\\/sunslice-gravity-5000-mah-viegla-parnesajama-power-banka\\\/#breadcrumb\",\"itemListElement\":[{\"@type\":\"ListItem\",\"position\":1,\"name\":\"\u0413\u043b\u0430\u0432\u043d\u0430\u044f\",\"item\":\"https:\\\/\\\/gohike.lv\\\/ru\\\/\"},{\"@type\":\"ListItem\",\"position\":2,\"name\":\"\u041a\u0430\u0442\u0435\u0433\u043e\u0440\u0438\u0438 \u0442\u043e\u0432\u0430\u0440\u043e\u0432\",\"item\":\"https:\\\/\\\/gohike.lv\\\/%d0%ba%d0%b0%d1%82%d0%b5%d0%b3%d0%be%d1%80%d0%b8%d0%b8-%d1%82%d0%be%d0%b2%d0%b0%d1%80%d0%be%d0%b2\\\/\"},{\"@type\":\"ListItem\",\"position\":3,\"name\":\"Sunslice Gravity &#8211; P\u0101rn\u0113s\u0101jams Power bank l\u0101d\u0113t\u0101js-akumulators 5&#8217;000 mAh\"}]},{\"@type\":\"WebSite\",\"@id\":\"https:\\\/\\\/gohike.lv\\\/ru\\\/#website\",\"url\":\"https:\\\/\\\/gohike.lv\\\/ru\\\/\",\"name\":\"GoHike\",\"description\":\"\",\"publisher\":{\"@id\":\"https:\\\/\\\/gohike.lv\\\/ru\\\/#organization\"},\"potentialAction\":[{\"@type\":\"SearchAction\",\"target\":{\"@type\":\"EntryPoint\",\"urlTemplate\":\"https:\\\/\\\/gohike.lv\\\/ru\\\/?s={search_term_string}\"},\"query-input\":{\"@type\":\"PropertyValueSpecification\",\"valueRequired\":true,\"valueName\":\"search_term_string\"}}],\"inLanguage\":\"ru-RU\"},{\"@type\":\"Organization\",\"@id\":\"https:\\\/\\\/gohike.lv\\\/ru\\\/#organization\",\"name\":\"GoHike\",\"url\":\"https:\\\/\\\/gohike.lv\\\/ru\\\/\",\"logo\":{\"@type\":\"ImageObject\",\"inLanguage\":\"ru-RU\",\"@id\":\"https:\\\/\\\/gohike.lv\\\/ru\\\/#\\\/schema\\\/logo\\\/image\\\/\",\"url\":\"https:\\\/\\\/gohike.lv\\\/wp-content\\\/uploads\\\/2023\\\/08\\\/Logo_GoHike.webp\",\"contentUrl\":\"https:\\\/\\\/gohike.lv\\\/wp-content\\\/uploads\\\/2023\\\/08\\\/Logo_GoHike.webp\",\"width\":512,\"height\":512,\"caption\":\"GoHike\"},\"image\":{\"@id\":\"https:\\\/\\\/gohike.lv\\\/ru\\\/#\\\/schema\\\/logo\\\/image\\\/\"},\"sameAs\":[\"https:\\\/\\\/www.facebook.com\\\/gohike.shop\\\/\",\"https:\\\/\\\/www.instagram.com\\\/gohike.shop\\\/\"]}]}<\/script>\n<!-- \/ Yoast SEO plugin. -->","yoast_head_json":{"title":"Sunslice Gravity - P\u0101rn\u0113s\u0101jams Power bank l\u0101d\u0113t\u0101js-akumulators 5'000 mAh","description":"Sunslice Gravity 5 ir mazs un viegls \u0101r\u0113jais akumulators, kas paredz\u0113ts \u0101trai un efekt\u012bvai ier\u012b\u010du uzl\u0101dei. To var l\u0101d\u0113t ar\u012b izmantojot p\u0101rn\u0113s\u0101jamos saules pane\u013cus.","robots":{"index":"index","follow":"follow","max-snippet":"max-snippet:-1","max-image-preview":"max-image-preview:large","max-video-preview":"max-video-preview:-1"},"canonical":"https:\/\/gohike.lv\/ru\/produkts\/sunslice-gravity-5000-mah-viegla-parnesajama-power-banka\/","og_locale":"ru_RU","og_type":"article","og_title":"Sunslice -","og_description":"Sunslice Gravity 5 ir mazs un viegls \u0101r\u0113jais akumulators, kas paredz\u0113ts \u0101trai un efekt\u012bvai ier\u012b\u010du uzl\u0101dei. To var l\u0101d\u0113t ar\u012b izmantojot p\u0101rn\u0113s\u0101jamos saules pane\u013cus.","og_url":"https:\/\/gohike.lv\/ru\/produkts\/sunslice-gravity-5000-mah-viegla-parnesajama-power-banka\/","og_site_name":"GoHike","article_publisher":"https:\/\/www.facebook.com\/gohike.shop\/","article_modified_time":"2025-12-31T16:45:26+00:00","og_image":[{"width":900,"height":900,"url":"https:\/\/gohike.lv\/wp-content\/uploads\/2024\/08\/Gravity5_.webp","type":"image\/webp"}],"twitter_card":"summary_large_image","twitter_title":"Sunslice -","twitter_misc":{"\u041f\u0440\u0438\u043c\u0435\u0440\u043d\u043e\u0435 \u0432\u0440\u0435\u043c\u044f \u0434\u043b\u044f \u0447\u0442\u0435\u043d\u0438\u044f":"1 \u043c\u0438\u043d\u0443\u0442\u0430"},"schema":{"@context":"https:\/\/schema.org","@graph":[{"@type":["WebPage","ItemPage"],"@id":"https:\/\/gohike.lv\/ru\/produkts\/sunslice-gravity-5000-mah-viegla-parnesajama-power-banka\/","url":"https:\/\/gohike.lv\/ru\/produkts\/sunslice-gravity-5000-mah-viegla-parnesajama-power-banka\/","name":"Sunslice Gravity - P\u0101rn\u0113s\u0101jams Power bank l\u0101d\u0113t\u0101js-akumulators 5'000 mAh","isPartOf":{"@id":"https:\/\/gohike.lv\/ru\/#website"},"primaryImageOfPage":{"@id":"https:\/\/gohike.lv\/ru\/produkts\/sunslice-gravity-5000-mah-viegla-parnesajama-power-banka\/#primaryimage"},"image":{"@id":"https:\/\/gohike.lv\/ru\/produkts\/sunslice-gravity-5000-mah-viegla-parnesajama-power-banka\/#primaryimage"},"thumbnailUrl":"https:\/\/gohike.lv\/wp-content\/uploads\/2024\/08\/Gravity5_.webp","datePublished":"2024-08-15T08:30:07+00:00","dateModified":"2025-12-31T16:45:26+00:00","description":"Sunslice Gravity 5 ir mazs un viegls \u0101r\u0113jais akumulators, kas paredz\u0113ts \u0101trai un efekt\u012bvai ier\u012b\u010du uzl\u0101dei. To var l\u0101d\u0113t ar\u012b izmantojot p\u0101rn\u0113s\u0101jamos saules pane\u013cus.","breadcrumb":{"@id":"https:\/\/gohike.lv\/ru\/produkts\/sunslice-gravity-5000-mah-viegla-parnesajama-power-banka\/#breadcrumb"},"inLanguage":"ru-RU","potentialAction":[{"@type":"ReadAction","target":["https:\/\/gohike.lv\/ru\/produkts\/sunslice-gravity-5000-mah-viegla-parnesajama-power-banka\/"]}]},{"@type":"ImageObject","inLanguage":"ru-RU","@id":"https:\/\/gohike.lv\/ru\/produkts\/sunslice-gravity-5000-mah-viegla-parnesajama-power-banka\/#primaryimage","url":"https:\/\/gohike.lv\/wp-content\/uploads\/2024\/08\/Gravity5_.webp","contentUrl":"https:\/\/gohike.lv\/wp-content\/uploads\/2024\/08\/Gravity5_.webp","width":900,"height":900},{"@type":"BreadcrumbList","@id":"https:\/\/gohike.lv\/ru\/produkts\/sunslice-gravity-5000-mah-viegla-parnesajama-power-banka\/#breadcrumb","itemListElement":[{"@type":"ListItem","position":1,"name":"\u0413\u043b\u0430\u0432\u043d\u0430\u044f","item":"https:\/\/gohike.lv\/ru\/"},{"@type":"ListItem","position":2,"name":"\u041a\u0430\u0442\u0435\u0433\u043e\u0440\u0438\u0438 \u0442\u043e\u0432\u0430\u0440\u043e\u0432","item":"https:\/\/gohike.lv\/%d0%ba%d0%b0%d1%82%d0%b5%d0%b3%d0%be%d1%80%d0%b8%d0%b8-%d1%82%d0%be%d0%b2%d0%b0%d1%80%d0%be%d0%b2\/"},{"@type":"ListItem","position":3,"name":"Sunslice Gravity &#8211; P\u0101rn\u0113s\u0101jams Power bank l\u0101d\u0113t\u0101js-akumulators 5&#8217;000 mAh"}]},{"@type":"WebSite","@id":"https:\/\/gohike.lv\/ru\/#website","url":"https:\/\/gohike.lv\/ru\/","name":"GoHike","description":"","publisher":{"@id":"https:\/\/gohike.lv\/ru\/#organization"},"potentialAction":[{"@type":"SearchAction","target":{"@type":"EntryPoint","urlTemplate":"https:\/\/gohike.lv\/ru\/?s={search_term_string}"},"query-input":{"@type":"PropertyValueSpecification","valueRequired":true,"valueName":"search_term_string"}}],"inLanguage":"ru-RU"},{"@type":"Organization","@id":"https:\/\/gohike.lv\/ru\/#organization","name":"GoHike","url":"https:\/\/gohike.lv\/ru\/","logo":{"@type":"ImageObject","inLanguage":"ru-RU","@id":"https:\/\/gohike.lv\/ru\/#\/schema\/logo\/image\/","url":"https:\/\/gohike.lv\/wp-content\/uploads\/2023\/08\/Logo_GoHike.webp","contentUrl":"https:\/\/gohike.lv\/wp-content\/uploads\/2023\/08\/Logo_GoHike.webp","width":512,"height":512,"caption":"GoHike"},"image":{"@id":"https:\/\/gohike.lv\/ru\/#\/schema\/logo\/image\/"},"sameAs":["https:\/\/www.facebook.com\/gohike.shop\/","https:\/\/www.instagram.com\/gohike.shop\/"]}]}},"jetpack_sharing_enabled":true,"_links":{"self":[{"href":"https:\/\/gohike.lv\/ru\/wp-json\/wp\/v2\/product\/61682","targetHints":{"allow":["GET"]}}],"collection":[{"href":"https:\/\/gohike.lv\/ru\/wp-json\/wp\/v2\/product"}],"about":[{"href":"https:\/\/gohike.lv\/ru\/wp-json\/wp\/v2\/types\/product"}],"version-history":[{"count":1,"href":"https:\/\/gohike.lv\/ru\/wp-json\/wp\/v2\/product\/61682\/revisions"}],"predecessor-version":[{"id":118714,"href":"https:\/\/gohike.lv\/ru\/wp-json\/wp\/v2\/product\/61682\/revisions\/118714"}],"wp:featuredmedia":[{"embeddable":true,"href":"https:\/\/gohike.lv\/ru\/wp-json\/wp\/v2\/media\/61684"}],"wp:attachment":[{"href":"https:\/\/gohike.lv\/ru\/wp-json\/wp\/v2\/media?parent=61682"}],"wp:term":[{"taxonomy":"product_brand","embeddable":true,"href":"https:\/\/gohike.lv\/ru\/wp-json\/wp\/v2\/product_brand?post=61682"},{"taxonomy":"product_cat","embeddable":true,"href":"https:\/\/gohike.lv\/ru\/wp-json\/wp\/v2\/product_cat?post=61682"},{"taxonomy":"product_tag","embeddable":true,"href":"https:\/\/gohike.lv\/ru\/wp-json\/wp\/v2\/product_tag?post=61682"}],"curies":[{"name":"wp","href":"https:\/\/api.w.org\/{rel}","templated":true}]}}