{"id":61670,"date":"2024-08-15T11:30:07","date_gmt":"2024-08-15T08:30:07","guid":{"rendered":"https:\/\/gohike.lv\/produkts\/sunslice-fusion-flex-48-vati-parnesajams-saules-panelis\/"},"modified":"2025-12-30T17:09:55","modified_gmt":"2025-12-30T14:09:55","slug":"sunslice-fusion-flex-48-vati-parnesajams-saules-panelis","status":"publish","type":"product","link":"https:\/\/gohike.lv\/ru\/produkts\/sunslice-fusion-flex-48-vati-parnesajams-saules-panelis\/","title":{"rendered":"Sunslice Fusion FLEX &#8212; P\u0101rn\u0113s\u0101jams saules panelis 48w"},"content":{"rendered":"<p>Fusion Flex 48 saules panelis ir mazs, viegls un elast\u012bgs, tas ir lieliski piem\u0113rots kempingiem un p\u0101rg\u0101jieniem. T\u0101 svars ir tikai 900 g.<br \/>\nAtloc\u012bt\u0101 veid\u0101 panelis nodro\u0161ina lielu virsmu saules ener\u0123ijas uz\u0146em\u0161anai, kas nodro\u0161ina lielu uzl\u0101des \u0101trumu.<br \/>\nFusion FLEX elast\u012bg\u0101s CIGS \u0161\u016bnas tika izstr\u0101d\u0101tas Kalifornij\u0101, un t\u0101s pied\u0101v\u0101 lab\u0101kos elast\u012bgos saules pane\u013cus tirg\u016b, kuriem veiktsp\u0113jas r\u0101d\u012bt\u0101ji ir ar 16,5% lielu efektivit\u0101ti.<br \/>\nP\u0101rn\u0113s\u0101jamie saules pane\u013ci tika izstr\u0101d\u0101ti kop\u0101 ar ekspertiem un entuziastiem.<br \/>\nPane\u013ca st\u016bros ir ieb\u016bv\u0113ti asto\u0146i sp\u0113c\u012bgi stiprin\u0101juma punkti.<br \/>\nKomplekt\u0101 ir iek\u013cautas \u010detras karab\u012bnes un \u010detras elast\u012bgas, regul\u0113jamas lentas, lai paneli \u0113rti var\u0113tu piestiprin\u0101t pie mugursomas, velosip\u0113da vai telts.<br \/>\nSaules pane\u013cu elast\u012bba un iztur\u012bgais ETFE p\u0101rkl\u0101jums padara to par praktiski neizn\u012bcin\u0101mu un \u013coti iztur\u012bgu.<br \/>\nFusion Flex 48 saules panelis ir iztur\u012bgs pret triecieniem, skr\u0101p\u0113jumiem, putek\u013ciem, smilt\u012bm, \u016bdens vai deform\u0113\u0161anos.<br \/>\nElast\u012bgo pane\u013cu biezums ir tikai 1 mm.<br \/>\n<iframe title=\"Fusion Flex by Sunslice - Presentation\" width=\"1200\" height=\"675\" src=\"https:\/\/www.youtube.com\/embed\/nzjH0iB9-b0?feature=oembed\" frameborder=\"0\" allow=\"accelerometer; autoplay; clipboard-write; encrypted-media; gyroscope; picture-in-picture; web-share\" referrerpolicy=\"strict-origin-when-cross-origin\" allowfullscreen><\/iframe><\/p>\n","protected":false},"excerpt":{"rendered":"<p>Sunslice Fusion FLEX 48 ir viegls, kompakts un praktisks saules ener\u0123ijas l\u0101d\u0113t\u0101js, ko Sunslice izstr\u0101d\u0101jis, lai sniegtu maksim\u0101lu labumu no saules ar minim\u0101lu svaru un izm\u0113ru. Atloc\u012bt\u0101 veid\u0101 Fusion FLEX 48 nodro\u0161ina lielu virsmu, kas \u0101tri un efekt\u012bvi uzkr\u0101j saules ener\u0123iju.<\/p>\n","protected":false},"featured_media":61672,"template":"","meta":[],"product_brand":[9561],"product_cat":[1643],"product_tag":[],"class_list":{"0":"post-61670","1":"product","2":"type-product","3":"status-publish","4":"has-post-thumbnail","6":"product_brand-sunslice","7":"product_cat-elektronika","8":"pa_izeja-12-1","9":"pa_izeja-12-3-a","10":"pa_izeja-15-v-3-a","11":"pa_izeja-2-x-usb-a-qc3-0-18-w-5-v-3-a","12":"pa_izeja-20-v-2","13":"pa_izeja-25-a-1-x-dc-5521-48w-18v-neregulets","14":"pa_izeja-5-a-1-x-usb-c-pd-45-w-5-v-3-a","15":"pa_izeja-9-v-2-a","16":"pa_izeja-9-v-3-a","17":"pa_izmers-slegts-365-x-225-x-10-mm-atverts-786-x-660-x-1-mm","18":"pa_kopeja-maksimala-jauda-48w","19":"pa_piestiprinasanas-punkti-9600","20":"pa_produkta-tips-saules-paneli","21":"pa_saules-energija-48-vati","22":"pa_saules-tehnologija-5-elastigi-saules-elementi","23":"pa_saules-tehnologija-cigs-16","24":"pa_saules-uzlades-statuss-1-x-led-indikators","26":"first","27":"instock","28":"purchasable","29":"product-type-simple"},"raw_content":{"name":"Sunslice Fusion FLEX - P\u0101rn\u0113s\u0101jams saules panelis 48w","description":"Fusion Flex 48 saules panelis ir mazs, viegls un elast\u012bgs, tas ir lieliski piem\u0113rots kempingiem un p\u0101rg\u0101jieniem. T\u0101 svars ir tikai 900 g.\nAtloc\u012bt\u0101 veid\u0101 panelis nodro\u0161ina lielu virsmu saules ener\u0123ijas uz\u0146em\u0161anai, kas nodro\u0161ina lielu uzl\u0101des \u0101trumu.\nFusion FLEX elast\u012bg\u0101s CIGS \u0161\u016bnas tika izstr\u0101d\u0101tas Kalifornij\u0101, un t\u0101s pied\u0101v\u0101 lab\u0101kos elast\u012bgos saules pane\u013cus tirg\u016b, kuriem veiktsp\u0113jas r\u0101d\u012bt\u0101ji ir ar 16,5% lielu efektivit\u0101ti.\nP\u0101rn\u0113s\u0101jamie saules pane\u013ci tika izstr\u0101d\u0101ti kop\u0101 ar ekspertiem un entuziastiem.\nPane\u013ca st\u016bros ir ieb\u016bv\u0113ti asto\u0146i sp\u0113c\u012bgi stiprin\u0101juma punkti.\nKomplekt\u0101 ir iek\u013cautas \u010detras karab\u012bnes un \u010detras elast\u012bgas, regul\u0113jamas lentas, lai paneli \u0113rti var\u0113tu piestiprin\u0101t pie mugursomas, velosip\u0113da vai telts.\nSaules pane\u013cu elast\u012bba un iztur\u012bgais ETFE p\u0101rkl\u0101jums padara to par praktiski neizn\u012bcin\u0101mu un \u013coti iztur\u012bgu.\nFusion Flex 48 saules panelis ir iztur\u012bgs pret triecieniem, skr\u0101p\u0113jumiem, putek\u013ciem, smilt\u012bm, \u016bdens vai deform\u0113\u0161anos.\nElast\u012bgo pane\u013cu biezums ir tikai 1 mm.\nhttps:\/\/youtu.be\/nzjH0iB9-b0","short_description":"Sunslice Fusion FLEX 48 ir viegls, kompakts un praktisks saules ener\u0123ijas l\u0101d\u0113t\u0101js, ko Sunslice izstr\u0101d\u0101jis, lai sniegtu maksim\u0101lu labumu no saules ar minim\u0101lu svaru un izm\u0113ru. Atloc\u012bt\u0101 veid\u0101 Fusion FLEX 48 nodro\u0161ina lielu virsmu, kas \u0101tri un efekt\u012bvi uzkr\u0101j saules ener\u0123iju.","status":"publish","sku":"5430003494202","original":61670},"wpml":{"translation_type":1,"has_translations":true,"original":61670,"duplicates":[],"translations":{"lv":61670,"en":67756,"ru":null}},"supplier_id":null,"supplier_sku":"","barcode":null,"atum_controlled":true,"out_stock_date":null,"out_stock_threshold":null,"inheritable":false,"inbound_stock":null,"stock_on_hold":0,"sold_today":0,"sales_last_days":0,"reserved_stock":null,"customer_returns":null,"warehouse_damage":null,"lost_in_post":null,"other_logs":null,"out_stock_days":0,"lost_sales":0,"has_location":null,"update_date":"2025-12-30T14:13:26","atum_locations":[],"atum_stock_status":"instock","restock_status":false,"low_stock_amount":"","sales_update_date":"2025-11-13T14:09:06","calc_backorders":null,"yoast_head":"<!-- This site is optimized with the Yoast SEO plugin v27.3 - https:\/\/yoast.com\/product\/yoast-seo-wordpress\/ -->\n<title>Sunslice Fusion FLEX - P\u0101rn\u0113s\u0101jams saules panelis 48v<\/title>\n<meta name=\"description\" content=\"Sunslice Fusion FLEX 48 ir viegls, kompakts un praktisks saules ener\u0123ijas l\u0101d\u0113t\u0101js, ko Sunslice izstr\u0101d\u0101jis, lai sniegtu maksim\u0101lu labumu no saules.\" \/>\n<meta name=\"robots\" content=\"index, follow, max-snippet:-1, max-image-preview:large, max-video-preview:-1\" \/>\n<link rel=\"canonical\" href=\"https:\/\/gohike.lv\/ru\/produkts\/sunslice-fusion-flex-48-vati-parnesajams-saules-panelis\/\" \/>\n<meta property=\"og:locale\" content=\"ru_RU\" \/>\n<meta property=\"og:type\" content=\"article\" \/>\n<meta property=\"og:title\" content=\"Sunslice - 48 VATI\" \/>\n<meta property=\"og:description\" content=\"Sunslice Fusion FLEX 48 ir viegls, kompakts un praktisks saules ener\u0123ijas l\u0101d\u0113t\u0101js, ko Sunslice izstr\u0101d\u0101jis, lai sniegtu maksim\u0101lu labumu no saules.\" \/>\n<meta property=\"og:url\" content=\"https:\/\/gohike.lv\/ru\/produkts\/sunslice-fusion-flex-48-vati-parnesajams-saules-panelis\/\" \/>\n<meta property=\"og:site_name\" content=\"GoHike\" \/>\n<meta property=\"article:publisher\" content=\"https:\/\/www.facebook.com\/gohike.shop\/\" \/>\n<meta property=\"article:modified_time\" content=\"2025-12-30T14:09:55+00:00\" \/>\n<meta property=\"og:image\" content=\"https:\/\/gohike.lv\/wp-content\/uploads\/2024\/08\/Flex48_.jpg\" \/>\n\t<meta property=\"og:image:width\" content=\"900\" \/>\n\t<meta property=\"og:image:height\" content=\"900\" \/>\n\t<meta property=\"og:image:type\" content=\"image\/jpeg\" \/>\n<meta name=\"twitter:card\" content=\"summary_large_image\" \/>\n<meta name=\"twitter:title\" content=\"Sunslice - 48 VATI\" \/>\n<meta name=\"twitter:label1\" content=\"\u041f\u0440\u0438\u043c\u0435\u0440\u043d\u043e\u0435 \u0432\u0440\u0435\u043c\u044f \u0434\u043b\u044f \u0447\u0442\u0435\u043d\u0438\u044f\" \/>\n\t<meta name=\"twitter:data1\" content=\"1 \u043c\u0438\u043d\u0443\u0442\u0430\" \/>\n<script type=\"application\/ld+json\" class=\"yoast-schema-graph\">{\"@context\":\"https:\\\/\\\/schema.org\",\"@graph\":[{\"@type\":[\"WebPage\",\"ItemPage\"],\"@id\":\"https:\\\/\\\/gohike.lv\\\/ru\\\/produkts\\\/sunslice-fusion-flex-48-vati-parnesajams-saules-panelis\\\/\",\"url\":\"https:\\\/\\\/gohike.lv\\\/ru\\\/produkts\\\/sunslice-fusion-flex-48-vati-parnesajams-saules-panelis\\\/\",\"name\":\"Sunslice Fusion FLEX - P\u0101rn\u0113s\u0101jams saules panelis 48v\",\"isPartOf\":{\"@id\":\"https:\\\/\\\/gohike.lv\\\/ru\\\/#website\"},\"primaryImageOfPage\":{\"@id\":\"https:\\\/\\\/gohike.lv\\\/ru\\\/produkts\\\/sunslice-fusion-flex-48-vati-parnesajams-saules-panelis\\\/#primaryimage\"},\"image\":{\"@id\":\"https:\\\/\\\/gohike.lv\\\/ru\\\/produkts\\\/sunslice-fusion-flex-48-vati-parnesajams-saules-panelis\\\/#primaryimage\"},\"thumbnailUrl\":\"https:\\\/\\\/gohike.lv\\\/wp-content\\\/uploads\\\/2024\\\/08\\\/Flex48_.jpg\",\"datePublished\":\"2024-08-15T08:30:07+00:00\",\"dateModified\":\"2025-12-30T14:09:55+00:00\",\"description\":\"Sunslice Fusion FLEX 48 ir viegls, kompakts un praktisks saules ener\u0123ijas l\u0101d\u0113t\u0101js, ko Sunslice izstr\u0101d\u0101jis, lai sniegtu maksim\u0101lu labumu no saules.\",\"breadcrumb\":{\"@id\":\"https:\\\/\\\/gohike.lv\\\/ru\\\/produkts\\\/sunslice-fusion-flex-48-vati-parnesajams-saules-panelis\\\/#breadcrumb\"},\"inLanguage\":\"ru-RU\",\"potentialAction\":[{\"@type\":\"ReadAction\",\"target\":[\"https:\\\/\\\/gohike.lv\\\/ru\\\/produkts\\\/sunslice-fusion-flex-48-vati-parnesajams-saules-panelis\\\/\"]}]},{\"@type\":\"ImageObject\",\"inLanguage\":\"ru-RU\",\"@id\":\"https:\\\/\\\/gohike.lv\\\/ru\\\/produkts\\\/sunslice-fusion-flex-48-vati-parnesajams-saules-panelis\\\/#primaryimage\",\"url\":\"https:\\\/\\\/gohike.lv\\\/wp-content\\\/uploads\\\/2024\\\/08\\\/Flex48_.jpg\",\"contentUrl\":\"https:\\\/\\\/gohike.lv\\\/wp-content\\\/uploads\\\/2024\\\/08\\\/Flex48_.jpg\",\"width\":900,\"height\":900},{\"@type\":\"BreadcrumbList\",\"@id\":\"https:\\\/\\\/gohike.lv\\\/ru\\\/produkts\\\/sunslice-fusion-flex-48-vati-parnesajams-saules-panelis\\\/#breadcrumb\",\"itemListElement\":[{\"@type\":\"ListItem\",\"position\":1,\"name\":\"\u0413\u043b\u0430\u0432\u043d\u0430\u044f\",\"item\":\"https:\\\/\\\/gohike.lv\\\/ru\\\/\"},{\"@type\":\"ListItem\",\"position\":2,\"name\":\"\u041a\u0430\u0442\u0435\u0433\u043e\u0440\u0438\u0438 \u0442\u043e\u0432\u0430\u0440\u043e\u0432\",\"item\":\"https:\\\/\\\/gohike.lv\\\/%d0%ba%d0%b0%d1%82%d0%b5%d0%b3%d0%be%d1%80%d0%b8%d0%b8-%d1%82%d0%be%d0%b2%d0%b0%d1%80%d0%be%d0%b2\\\/\"},{\"@type\":\"ListItem\",\"position\":3,\"name\":\"Sunslice Fusion FLEX &#8211; P\u0101rn\u0113s\u0101jams saules panelis 48w\"}]},{\"@type\":\"WebSite\",\"@id\":\"https:\\\/\\\/gohike.lv\\\/ru\\\/#website\",\"url\":\"https:\\\/\\\/gohike.lv\\\/ru\\\/\",\"name\":\"GoHike\",\"description\":\"\",\"publisher\":{\"@id\":\"https:\\\/\\\/gohike.lv\\\/ru\\\/#organization\"},\"potentialAction\":[{\"@type\":\"SearchAction\",\"target\":{\"@type\":\"EntryPoint\",\"urlTemplate\":\"https:\\\/\\\/gohike.lv\\\/ru\\\/?s={search_term_string}\"},\"query-input\":{\"@type\":\"PropertyValueSpecification\",\"valueRequired\":true,\"valueName\":\"search_term_string\"}}],\"inLanguage\":\"ru-RU\"},{\"@type\":\"Organization\",\"@id\":\"https:\\\/\\\/gohike.lv\\\/ru\\\/#organization\",\"name\":\"GoHike\",\"url\":\"https:\\\/\\\/gohike.lv\\\/ru\\\/\",\"logo\":{\"@type\":\"ImageObject\",\"inLanguage\":\"ru-RU\",\"@id\":\"https:\\\/\\\/gohike.lv\\\/ru\\\/#\\\/schema\\\/logo\\\/image\\\/\",\"url\":\"https:\\\/\\\/gohike.lv\\\/wp-content\\\/uploads\\\/2023\\\/08\\\/Logo_GoHike.webp\",\"contentUrl\":\"https:\\\/\\\/gohike.lv\\\/wp-content\\\/uploads\\\/2023\\\/08\\\/Logo_GoHike.webp\",\"width\":512,\"height\":512,\"caption\":\"GoHike\"},\"image\":{\"@id\":\"https:\\\/\\\/gohike.lv\\\/ru\\\/#\\\/schema\\\/logo\\\/image\\\/\"},\"sameAs\":[\"https:\\\/\\\/www.facebook.com\\\/gohike.shop\\\/\",\"https:\\\/\\\/www.instagram.com\\\/gohike.shop\\\/\"]}]}<\/script>\n<!-- \/ Yoast SEO plugin. -->","yoast_head_json":{"title":"Sunslice Fusion FLEX - P\u0101rn\u0113s\u0101jams saules panelis 48v","description":"Sunslice Fusion FLEX 48 ir viegls, kompakts un praktisks saules ener\u0123ijas l\u0101d\u0113t\u0101js, ko Sunslice izstr\u0101d\u0101jis, lai sniegtu maksim\u0101lu labumu no saules.","robots":{"index":"index","follow":"follow","max-snippet":"max-snippet:-1","max-image-preview":"max-image-preview:large","max-video-preview":"max-video-preview:-1"},"canonical":"https:\/\/gohike.lv\/ru\/produkts\/sunslice-fusion-flex-48-vati-parnesajams-saules-panelis\/","og_locale":"ru_RU","og_type":"article","og_title":"Sunslice - 48 VATI","og_description":"Sunslice Fusion FLEX 48 ir viegls, kompakts un praktisks saules ener\u0123ijas l\u0101d\u0113t\u0101js, ko Sunslice izstr\u0101d\u0101jis, lai sniegtu maksim\u0101lu labumu no saules.","og_url":"https:\/\/gohike.lv\/ru\/produkts\/sunslice-fusion-flex-48-vati-parnesajams-saules-panelis\/","og_site_name":"GoHike","article_publisher":"https:\/\/www.facebook.com\/gohike.shop\/","article_modified_time":"2025-12-30T14:09:55+00:00","og_image":[{"width":900,"height":900,"url":"https:\/\/gohike.lv\/wp-content\/uploads\/2024\/08\/Flex48_.jpg","type":"image\/jpeg"}],"twitter_card":"summary_large_image","twitter_title":"Sunslice - 48 VATI","twitter_misc":{"\u041f\u0440\u0438\u043c\u0435\u0440\u043d\u043e\u0435 \u0432\u0440\u0435\u043c\u044f \u0434\u043b\u044f \u0447\u0442\u0435\u043d\u0438\u044f":"1 \u043c\u0438\u043d\u0443\u0442\u0430"},"schema":{"@context":"https:\/\/schema.org","@graph":[{"@type":["WebPage","ItemPage"],"@id":"https:\/\/gohike.lv\/ru\/produkts\/sunslice-fusion-flex-48-vati-parnesajams-saules-panelis\/","url":"https:\/\/gohike.lv\/ru\/produkts\/sunslice-fusion-flex-48-vati-parnesajams-saules-panelis\/","name":"Sunslice Fusion FLEX - P\u0101rn\u0113s\u0101jams saules panelis 48v","isPartOf":{"@id":"https:\/\/gohike.lv\/ru\/#website"},"primaryImageOfPage":{"@id":"https:\/\/gohike.lv\/ru\/produkts\/sunslice-fusion-flex-48-vati-parnesajams-saules-panelis\/#primaryimage"},"image":{"@id":"https:\/\/gohike.lv\/ru\/produkts\/sunslice-fusion-flex-48-vati-parnesajams-saules-panelis\/#primaryimage"},"thumbnailUrl":"https:\/\/gohike.lv\/wp-content\/uploads\/2024\/08\/Flex48_.jpg","datePublished":"2024-08-15T08:30:07+00:00","dateModified":"2025-12-30T14:09:55+00:00","description":"Sunslice Fusion FLEX 48 ir viegls, kompakts un praktisks saules ener\u0123ijas l\u0101d\u0113t\u0101js, ko Sunslice izstr\u0101d\u0101jis, lai sniegtu maksim\u0101lu labumu no saules.","breadcrumb":{"@id":"https:\/\/gohike.lv\/ru\/produkts\/sunslice-fusion-flex-48-vati-parnesajams-saules-panelis\/#breadcrumb"},"inLanguage":"ru-RU","potentialAction":[{"@type":"ReadAction","target":["https:\/\/gohike.lv\/ru\/produkts\/sunslice-fusion-flex-48-vati-parnesajams-saules-panelis\/"]}]},{"@type":"ImageObject","inLanguage":"ru-RU","@id":"https:\/\/gohike.lv\/ru\/produkts\/sunslice-fusion-flex-48-vati-parnesajams-saules-panelis\/#primaryimage","url":"https:\/\/gohike.lv\/wp-content\/uploads\/2024\/08\/Flex48_.jpg","contentUrl":"https:\/\/gohike.lv\/wp-content\/uploads\/2024\/08\/Flex48_.jpg","width":900,"height":900},{"@type":"BreadcrumbList","@id":"https:\/\/gohike.lv\/ru\/produkts\/sunslice-fusion-flex-48-vati-parnesajams-saules-panelis\/#breadcrumb","itemListElement":[{"@type":"ListItem","position":1,"name":"\u0413\u043b\u0430\u0432\u043d\u0430\u044f","item":"https:\/\/gohike.lv\/ru\/"},{"@type":"ListItem","position":2,"name":"\u041a\u0430\u0442\u0435\u0433\u043e\u0440\u0438\u0438 \u0442\u043e\u0432\u0430\u0440\u043e\u0432","item":"https:\/\/gohike.lv\/%d0%ba%d0%b0%d1%82%d0%b5%d0%b3%d0%be%d1%80%d0%b8%d0%b8-%d1%82%d0%be%d0%b2%d0%b0%d1%80%d0%be%d0%b2\/"},{"@type":"ListItem","position":3,"name":"Sunslice Fusion FLEX &#8211; P\u0101rn\u0113s\u0101jams saules panelis 48w"}]},{"@type":"WebSite","@id":"https:\/\/gohike.lv\/ru\/#website","url":"https:\/\/gohike.lv\/ru\/","name":"GoHike","description":"","publisher":{"@id":"https:\/\/gohike.lv\/ru\/#organization"},"potentialAction":[{"@type":"SearchAction","target":{"@type":"EntryPoint","urlTemplate":"https:\/\/gohike.lv\/ru\/?s={search_term_string}"},"query-input":{"@type":"PropertyValueSpecification","valueRequired":true,"valueName":"search_term_string"}}],"inLanguage":"ru-RU"},{"@type":"Organization","@id":"https:\/\/gohike.lv\/ru\/#organization","name":"GoHike","url":"https:\/\/gohike.lv\/ru\/","logo":{"@type":"ImageObject","inLanguage":"ru-RU","@id":"https:\/\/gohike.lv\/ru\/#\/schema\/logo\/image\/","url":"https:\/\/gohike.lv\/wp-content\/uploads\/2023\/08\/Logo_GoHike.webp","contentUrl":"https:\/\/gohike.lv\/wp-content\/uploads\/2023\/08\/Logo_GoHike.webp","width":512,"height":512,"caption":"GoHike"},"image":{"@id":"https:\/\/gohike.lv\/ru\/#\/schema\/logo\/image\/"},"sameAs":["https:\/\/www.facebook.com\/gohike.shop\/","https:\/\/www.instagram.com\/gohike.shop\/"]}]}},"jetpack_sharing_enabled":true,"_links":{"self":[{"href":"https:\/\/gohike.lv\/ru\/wp-json\/wp\/v2\/product\/61670","targetHints":{"allow":["GET"]}}],"collection":[{"href":"https:\/\/gohike.lv\/ru\/wp-json\/wp\/v2\/product"}],"about":[{"href":"https:\/\/gohike.lv\/ru\/wp-json\/wp\/v2\/types\/product"}],"version-history":[{"count":1,"href":"https:\/\/gohike.lv\/ru\/wp-json\/wp\/v2\/product\/61670\/revisions"}],"predecessor-version":[{"id":118746,"href":"https:\/\/gohike.lv\/ru\/wp-json\/wp\/v2\/product\/61670\/revisions\/118746"}],"wp:featuredmedia":[{"embeddable":true,"href":"https:\/\/gohike.lv\/ru\/wp-json\/wp\/v2\/media\/61672"}],"wp:attachment":[{"href":"https:\/\/gohike.lv\/ru\/wp-json\/wp\/v2\/media?parent=61670"}],"wp:term":[{"taxonomy":"product_brand","embeddable":true,"href":"https:\/\/gohike.lv\/ru\/wp-json\/wp\/v2\/product_brand?post=61670"},{"taxonomy":"product_cat","embeddable":true,"href":"https:\/\/gohike.lv\/ru\/wp-json\/wp\/v2\/product_cat?post=61670"},{"taxonomy":"product_tag","embeddable":true,"href":"https:\/\/gohike.lv\/ru\/wp-json\/wp\/v2\/product_tag?post=61670"}],"curies":[{"name":"wp","href":"https:\/\/api.w.org\/{rel}","templated":true}]}}