{"id":61638,"date":"2024-08-15T11:29:50","date_gmt":"2024-08-15T08:29:50","guid":{"rendered":"https:\/\/gohike.lv\/produkts\/sunslice-fusion-flex-18-vati-parnesajams-saules-panelis\/"},"modified":"2025-12-30T17:09:55","modified_gmt":"2025-12-30T14:09:55","slug":"sunslice-fusion-flex-18-vati-parnesajams-saules-panelis","status":"publish","type":"product","link":"https:\/\/gohike.lv\/ru\/produkts\/sunslice-fusion-flex-18-vati-parnesajams-saules-panelis\/","title":{"rendered":"Sunslice Fusion FLEX &#8212; P\u0101rn\u0113s\u0101jams saules panelis 18w"},"content":{"rendered":"<p>Fusion Flex 18 saules panelis ir \u013coti mazs, viegls un elast\u012bgs, tas ir lieliski piem\u0113rots kempingiem un p\u0101rg\u0101jieniem. T\u0101 svars ir tikai 390 g.<br \/>\nFusion FLEX elast\u012bg\u0101s CIGS \u0161\u016bnas tika izstr\u0101d\u0101tas Kalifornij\u0101, un t\u0101s pied\u0101v\u0101 lab\u0101kos elast\u012bgos saules pane\u013cus tirg\u016b, kuriem veiktsp\u0113jas r\u0101d\u012bt\u0101ji ir ar 16,5% lielu efektivit\u0101ti.<br \/>\nP\u0101rn\u0113s\u0101jamie saules pane\u013ci tika izstr\u0101d\u0101ti kop\u0101 ar ekspertiem un entuziastiem.<br \/>\nPane\u013ca st\u016bros ir ieb\u016bv\u0113ti \u010detri sp\u0113c\u012bgi stiprin\u0101juma punkti.<br \/>\nKomplekt\u0101 ir iek\u013cautas divas karab\u012bnes un divas elast\u012bgas, regul\u0113jamas lentas, lai paneli \u0113rti var\u0113tu piestiprin\u0101t pie mugursomas, velosip\u0113da vai telts.<br \/>\nSaules pane\u013cu elast\u012bba un iztur\u012bgais ETFE p\u0101rkl\u0101jums padara to par praktiski neizn\u012bcin\u0101mu un \u013coti iztur\u012bgu.<br \/>\nFusion Flex 18 saules panelis ir iztur\u012bgs pret triecieniem, skr\u0101p\u0113jumiem, putek\u013ciem, smilt\u012bm, \u016bdens vai deform\u0113\u0161anos.<br \/>\nElast\u012bgo pane\u013cu biezums ir tikai 1 mm.<br \/>\n<iframe title=\"REVUE PANNEAU SOLAIRE FUSION FLEX 18W SUNSLICE | VALID\u00c9 GR20\" width=\"1200\" height=\"675\" src=\"https:\/\/www.youtube.com\/embed\/cIWfk5tIWqs?feature=oembed\" frameborder=\"0\" allow=\"accelerometer; autoplay; clipboard-write; encrypted-media; gyroscope; picture-in-picture; web-share\" referrerpolicy=\"strict-origin-when-cross-origin\" allowfullscreen><\/iframe><\/p>\n","protected":false},"excerpt":{"rendered":"<p>Sunslice Fusion FLEX 18 ir viegls, kompakts un praktisks saules ener\u0123ijas l\u0101d\u0113t\u0101js, ko Sunslice izstr\u0101d\u0101jis, lai sniegtu maksim\u0101lu labumu no saules ar minim\u0101lu svaru un izm\u0113ru.<\/p>\n","protected":false},"featured_media":61640,"template":"","meta":[],"product_brand":[9561],"product_cat":[1643],"product_tag":[],"class_list":{"0":"post-61638","1":"product","2":"type-product","3":"status-publish","4":"has-post-thumbnail","6":"product_brand-sunslice","7":"product_cat-elektronika","8":"pa_izeja-2-x-usb-a-18w-5v-2-7a","9":"pa_izmers-slegts-288-x-200-x-3-mm-atverts-288-x-590-x-1-mm","10":"pa_kopeja-maksimala-jauda-18w","11":"pa_piestiprinasanas-punkti-9578","12":"pa_produkta-tips-saules-paneli","13":"pa_saules-energija-18-vati","14":"pa_saules-tehnologija-5-elastigi-saules-elementi","15":"pa_saules-tehnologija-cigs-16","16":"pa_saules-uzlades-statuss-1-x-led-indikators","18":"first","19":"outofstock","20":"purchasable","21":"product-type-simple"},"raw_content":{"name":"Sunslice Fusion FLEX - P\u0101rn\u0113s\u0101jams saules panelis 18w","description":"Fusion Flex 18 saules panelis ir \u013coti mazs, viegls un elast\u012bgs, tas ir lieliski piem\u0113rots kempingiem un p\u0101rg\u0101jieniem. T\u0101 svars ir tikai 390 g.\nFusion FLEX elast\u012bg\u0101s CIGS \u0161\u016bnas tika izstr\u0101d\u0101tas Kalifornij\u0101, un t\u0101s pied\u0101v\u0101 lab\u0101kos elast\u012bgos saules pane\u013cus tirg\u016b, kuriem veiktsp\u0113jas r\u0101d\u012bt\u0101ji ir ar 16,5% lielu efektivit\u0101ti.\nP\u0101rn\u0113s\u0101jamie saules pane\u013ci tika izstr\u0101d\u0101ti kop\u0101 ar ekspertiem un entuziastiem.\nPane\u013ca st\u016bros ir ieb\u016bv\u0113ti \u010detri sp\u0113c\u012bgi stiprin\u0101juma punkti.\nKomplekt\u0101 ir iek\u013cautas divas karab\u012bnes un divas elast\u012bgas, regul\u0113jamas lentas, lai paneli \u0113rti var\u0113tu piestiprin\u0101t pie mugursomas, velosip\u0113da vai telts.\nSaules pane\u013cu elast\u012bba un iztur\u012bgais ETFE p\u0101rkl\u0101jums padara to par praktiski neizn\u012bcin\u0101mu un \u013coti iztur\u012bgu.\nFusion Flex 18 saules panelis ir iztur\u012bgs pret triecieniem, skr\u0101p\u0113jumiem, putek\u013ciem, smilt\u012bm, \u016bdens vai deform\u0113\u0161anos.\nElast\u012bgo pane\u013cu biezums ir tikai 1 mm.\nhttps:\/\/youtu.be\/cIWfk5tIWqs","short_description":"Sunslice Fusion FLEX 18 ir viegls, kompakts un praktisks saules ener\u0123ijas l\u0101d\u0113t\u0101js, ko Sunslice izstr\u0101d\u0101jis, lai sniegtu maksim\u0101lu labumu no saules ar minim\u0101lu svaru un izm\u0113ru.","status":"publish","sku":"5430003494189","original":61638},"wpml":{"translation_type":1,"has_translations":true,"original":61638,"duplicates":[],"translations":{"lv":61638,"en":67755,"ru":null}},"supplier_id":null,"supplier_sku":"","barcode":null,"atum_controlled":true,"out_stock_date":null,"out_stock_threshold":null,"inheritable":false,"inbound_stock":null,"stock_on_hold":0,"sold_today":0,"sales_last_days":0,"reserved_stock":null,"customer_returns":null,"warehouse_damage":null,"lost_in_post":null,"other_logs":null,"out_stock_days":0,"lost_sales":0,"has_location":null,"update_date":"2025-12-30T14:13:26","atum_locations":[],"atum_stock_status":"outofstock","restock_status":false,"low_stock_amount":"","sales_update_date":"2025-11-13T14:09:03","calc_backorders":null,"yoast_head":"<!-- This site is optimized with the Yoast SEO plugin v27.3 - https:\/\/yoast.com\/product\/yoast-seo-wordpress\/ -->\n<title>Sunslice Fusion FLEX - P\u0101rn\u0113s\u0101jams saules panelis 18v<\/title>\n<meta name=\"description\" content=\"Sunslice Fusion FLEX 18 ir viegls, kompakts un praktisks saules ener\u0123ijas l\u0101d\u0113t\u0101js, ko Sunslice izstr\u0101d\u0101jis, lai sniegtu maksim\u0101lu labumu no saules.\" \/>\n<meta name=\"robots\" content=\"index, follow, max-snippet:-1, max-image-preview:large, max-video-preview:-1\" \/>\n<link rel=\"canonical\" href=\"https:\/\/gohike.lv\/ru\/produkts\/sunslice-fusion-flex-18-vati-parnesajams-saules-panelis\/\" \/>\n<meta property=\"og:locale\" content=\"ru_RU\" \/>\n<meta property=\"og:type\" content=\"article\" \/>\n<meta property=\"og:title\" content=\"Sunslice - 18 VATI\" \/>\n<meta property=\"og:description\" content=\"Sunslice Fusion FLEX 18 ir viegls, kompakts un praktisks saules ener\u0123ijas l\u0101d\u0113t\u0101js, ko Sunslice izstr\u0101d\u0101jis, lai sniegtu maksim\u0101lu labumu no saules.\" \/>\n<meta property=\"og:url\" content=\"https:\/\/gohike.lv\/ru\/produkts\/sunslice-fusion-flex-18-vati-parnesajams-saules-panelis\/\" \/>\n<meta property=\"og:site_name\" content=\"GoHike\" \/>\n<meta property=\"article:publisher\" content=\"https:\/\/www.facebook.com\/gohike.shop\/\" \/>\n<meta property=\"article:modified_time\" content=\"2025-12-30T14:09:55+00:00\" \/>\n<meta property=\"og:image\" content=\"https:\/\/gohike.lv\/wp-content\/uploads\/2024\/08\/Flex18_.webp\" \/>\n\t<meta property=\"og:image:width\" content=\"900\" \/>\n\t<meta property=\"og:image:height\" content=\"900\" \/>\n\t<meta property=\"og:image:type\" content=\"image\/webp\" \/>\n<meta name=\"twitter:card\" content=\"summary_large_image\" \/>\n<meta name=\"twitter:title\" content=\"Sunslice - 18 VATI\" \/>\n<meta name=\"twitter:label1\" content=\"\u041f\u0440\u0438\u043c\u0435\u0440\u043d\u043e\u0435 \u0432\u0440\u0435\u043c\u044f \u0434\u043b\u044f \u0447\u0442\u0435\u043d\u0438\u044f\" \/>\n\t<meta name=\"twitter:data1\" content=\"1 \u043c\u0438\u043d\u0443\u0442\u0430\" \/>\n<script type=\"application\/ld+json\" class=\"yoast-schema-graph\">{\"@context\":\"https:\\\/\\\/schema.org\",\"@graph\":[{\"@type\":[\"WebPage\",\"ItemPage\"],\"@id\":\"https:\\\/\\\/gohike.lv\\\/ru\\\/produkts\\\/sunslice-fusion-flex-18-vati-parnesajams-saules-panelis\\\/\",\"url\":\"https:\\\/\\\/gohike.lv\\\/ru\\\/produkts\\\/sunslice-fusion-flex-18-vati-parnesajams-saules-panelis\\\/\",\"name\":\"Sunslice Fusion FLEX - P\u0101rn\u0113s\u0101jams saules panelis 18v\",\"isPartOf\":{\"@id\":\"https:\\\/\\\/gohike.lv\\\/ru\\\/#website\"},\"primaryImageOfPage\":{\"@id\":\"https:\\\/\\\/gohike.lv\\\/ru\\\/produkts\\\/sunslice-fusion-flex-18-vati-parnesajams-saules-panelis\\\/#primaryimage\"},\"image\":{\"@id\":\"https:\\\/\\\/gohike.lv\\\/ru\\\/produkts\\\/sunslice-fusion-flex-18-vati-parnesajams-saules-panelis\\\/#primaryimage\"},\"thumbnailUrl\":\"https:\\\/\\\/gohike.lv\\\/wp-content\\\/uploads\\\/2024\\\/08\\\/Flex18_.webp\",\"datePublished\":\"2024-08-15T08:29:50+00:00\",\"dateModified\":\"2025-12-30T14:09:55+00:00\",\"description\":\"Sunslice Fusion FLEX 18 ir viegls, kompakts un praktisks saules ener\u0123ijas l\u0101d\u0113t\u0101js, ko Sunslice izstr\u0101d\u0101jis, lai sniegtu maksim\u0101lu labumu no saules.\",\"breadcrumb\":{\"@id\":\"https:\\\/\\\/gohike.lv\\\/ru\\\/produkts\\\/sunslice-fusion-flex-18-vati-parnesajams-saules-panelis\\\/#breadcrumb\"},\"inLanguage\":\"ru-RU\",\"potentialAction\":[{\"@type\":\"ReadAction\",\"target\":[\"https:\\\/\\\/gohike.lv\\\/ru\\\/produkts\\\/sunslice-fusion-flex-18-vati-parnesajams-saules-panelis\\\/\"]}]},{\"@type\":\"ImageObject\",\"inLanguage\":\"ru-RU\",\"@id\":\"https:\\\/\\\/gohike.lv\\\/ru\\\/produkts\\\/sunslice-fusion-flex-18-vati-parnesajams-saules-panelis\\\/#primaryimage\",\"url\":\"https:\\\/\\\/gohike.lv\\\/wp-content\\\/uploads\\\/2024\\\/08\\\/Flex18_.webp\",\"contentUrl\":\"https:\\\/\\\/gohike.lv\\\/wp-content\\\/uploads\\\/2024\\\/08\\\/Flex18_.webp\",\"width\":900,\"height\":900},{\"@type\":\"BreadcrumbList\",\"@id\":\"https:\\\/\\\/gohike.lv\\\/ru\\\/produkts\\\/sunslice-fusion-flex-18-vati-parnesajams-saules-panelis\\\/#breadcrumb\",\"itemListElement\":[{\"@type\":\"ListItem\",\"position\":1,\"name\":\"\u0413\u043b\u0430\u0432\u043d\u0430\u044f\",\"item\":\"https:\\\/\\\/gohike.lv\\\/ru\\\/\"},{\"@type\":\"ListItem\",\"position\":2,\"name\":\"\u041a\u0430\u0442\u0435\u0433\u043e\u0440\u0438\u0438 \u0442\u043e\u0432\u0430\u0440\u043e\u0432\",\"item\":\"https:\\\/\\\/gohike.lv\\\/%d0%ba%d0%b0%d1%82%d0%b5%d0%b3%d0%be%d1%80%d0%b8%d0%b8-%d1%82%d0%be%d0%b2%d0%b0%d1%80%d0%be%d0%b2\\\/\"},{\"@type\":\"ListItem\",\"position\":3,\"name\":\"Sunslice Fusion FLEX &#8211; P\u0101rn\u0113s\u0101jams saules panelis 18w\"}]},{\"@type\":\"WebSite\",\"@id\":\"https:\\\/\\\/gohike.lv\\\/ru\\\/#website\",\"url\":\"https:\\\/\\\/gohike.lv\\\/ru\\\/\",\"name\":\"GoHike\",\"description\":\"\",\"publisher\":{\"@id\":\"https:\\\/\\\/gohike.lv\\\/ru\\\/#organization\"},\"potentialAction\":[{\"@type\":\"SearchAction\",\"target\":{\"@type\":\"EntryPoint\",\"urlTemplate\":\"https:\\\/\\\/gohike.lv\\\/ru\\\/?s={search_term_string}\"},\"query-input\":{\"@type\":\"PropertyValueSpecification\",\"valueRequired\":true,\"valueName\":\"search_term_string\"}}],\"inLanguage\":\"ru-RU\"},{\"@type\":\"Organization\",\"@id\":\"https:\\\/\\\/gohike.lv\\\/ru\\\/#organization\",\"name\":\"GoHike\",\"url\":\"https:\\\/\\\/gohike.lv\\\/ru\\\/\",\"logo\":{\"@type\":\"ImageObject\",\"inLanguage\":\"ru-RU\",\"@id\":\"https:\\\/\\\/gohike.lv\\\/ru\\\/#\\\/schema\\\/logo\\\/image\\\/\",\"url\":\"https:\\\/\\\/gohike.lv\\\/wp-content\\\/uploads\\\/2023\\\/08\\\/Logo_GoHike.webp\",\"contentUrl\":\"https:\\\/\\\/gohike.lv\\\/wp-content\\\/uploads\\\/2023\\\/08\\\/Logo_GoHike.webp\",\"width\":512,\"height\":512,\"caption\":\"GoHike\"},\"image\":{\"@id\":\"https:\\\/\\\/gohike.lv\\\/ru\\\/#\\\/schema\\\/logo\\\/image\\\/\"},\"sameAs\":[\"https:\\\/\\\/www.facebook.com\\\/gohike.shop\\\/\",\"https:\\\/\\\/www.instagram.com\\\/gohike.shop\\\/\"]}]}<\/script>\n<!-- \/ Yoast SEO plugin. -->","yoast_head_json":{"title":"Sunslice Fusion FLEX - P\u0101rn\u0113s\u0101jams saules panelis 18v","description":"Sunslice Fusion FLEX 18 ir viegls, kompakts un praktisks saules ener\u0123ijas l\u0101d\u0113t\u0101js, ko Sunslice izstr\u0101d\u0101jis, lai sniegtu maksim\u0101lu labumu no saules.","robots":{"index":"index","follow":"follow","max-snippet":"max-snippet:-1","max-image-preview":"max-image-preview:large","max-video-preview":"max-video-preview:-1"},"canonical":"https:\/\/gohike.lv\/ru\/produkts\/sunslice-fusion-flex-18-vati-parnesajams-saules-panelis\/","og_locale":"ru_RU","og_type":"article","og_title":"Sunslice - 18 VATI","og_description":"Sunslice Fusion FLEX 18 ir viegls, kompakts un praktisks saules ener\u0123ijas l\u0101d\u0113t\u0101js, ko Sunslice izstr\u0101d\u0101jis, lai sniegtu maksim\u0101lu labumu no saules.","og_url":"https:\/\/gohike.lv\/ru\/produkts\/sunslice-fusion-flex-18-vati-parnesajams-saules-panelis\/","og_site_name":"GoHike","article_publisher":"https:\/\/www.facebook.com\/gohike.shop\/","article_modified_time":"2025-12-30T14:09:55+00:00","og_image":[{"width":900,"height":900,"url":"https:\/\/gohike.lv\/wp-content\/uploads\/2024\/08\/Flex18_.webp","type":"image\/webp"}],"twitter_card":"summary_large_image","twitter_title":"Sunslice - 18 VATI","twitter_misc":{"\u041f\u0440\u0438\u043c\u0435\u0440\u043d\u043e\u0435 \u0432\u0440\u0435\u043c\u044f \u0434\u043b\u044f \u0447\u0442\u0435\u043d\u0438\u044f":"1 \u043c\u0438\u043d\u0443\u0442\u0430"},"schema":{"@context":"https:\/\/schema.org","@graph":[{"@type":["WebPage","ItemPage"],"@id":"https:\/\/gohike.lv\/ru\/produkts\/sunslice-fusion-flex-18-vati-parnesajams-saules-panelis\/","url":"https:\/\/gohike.lv\/ru\/produkts\/sunslice-fusion-flex-18-vati-parnesajams-saules-panelis\/","name":"Sunslice Fusion FLEX - P\u0101rn\u0113s\u0101jams saules panelis 18v","isPartOf":{"@id":"https:\/\/gohike.lv\/ru\/#website"},"primaryImageOfPage":{"@id":"https:\/\/gohike.lv\/ru\/produkts\/sunslice-fusion-flex-18-vati-parnesajams-saules-panelis\/#primaryimage"},"image":{"@id":"https:\/\/gohike.lv\/ru\/produkts\/sunslice-fusion-flex-18-vati-parnesajams-saules-panelis\/#primaryimage"},"thumbnailUrl":"https:\/\/gohike.lv\/wp-content\/uploads\/2024\/08\/Flex18_.webp","datePublished":"2024-08-15T08:29:50+00:00","dateModified":"2025-12-30T14:09:55+00:00","description":"Sunslice Fusion FLEX 18 ir viegls, kompakts un praktisks saules ener\u0123ijas l\u0101d\u0113t\u0101js, ko Sunslice izstr\u0101d\u0101jis, lai sniegtu maksim\u0101lu labumu no saules.","breadcrumb":{"@id":"https:\/\/gohike.lv\/ru\/produkts\/sunslice-fusion-flex-18-vati-parnesajams-saules-panelis\/#breadcrumb"},"inLanguage":"ru-RU","potentialAction":[{"@type":"ReadAction","target":["https:\/\/gohike.lv\/ru\/produkts\/sunslice-fusion-flex-18-vati-parnesajams-saules-panelis\/"]}]},{"@type":"ImageObject","inLanguage":"ru-RU","@id":"https:\/\/gohike.lv\/ru\/produkts\/sunslice-fusion-flex-18-vati-parnesajams-saules-panelis\/#primaryimage","url":"https:\/\/gohike.lv\/wp-content\/uploads\/2024\/08\/Flex18_.webp","contentUrl":"https:\/\/gohike.lv\/wp-content\/uploads\/2024\/08\/Flex18_.webp","width":900,"height":900},{"@type":"BreadcrumbList","@id":"https:\/\/gohike.lv\/ru\/produkts\/sunslice-fusion-flex-18-vati-parnesajams-saules-panelis\/#breadcrumb","itemListElement":[{"@type":"ListItem","position":1,"name":"\u0413\u043b\u0430\u0432\u043d\u0430\u044f","item":"https:\/\/gohike.lv\/ru\/"},{"@type":"ListItem","position":2,"name":"\u041a\u0430\u0442\u0435\u0433\u043e\u0440\u0438\u0438 \u0442\u043e\u0432\u0430\u0440\u043e\u0432","item":"https:\/\/gohike.lv\/%d0%ba%d0%b0%d1%82%d0%b5%d0%b3%d0%be%d1%80%d0%b8%d0%b8-%d1%82%d0%be%d0%b2%d0%b0%d1%80%d0%be%d0%b2\/"},{"@type":"ListItem","position":3,"name":"Sunslice Fusion FLEX &#8211; P\u0101rn\u0113s\u0101jams saules panelis 18w"}]},{"@type":"WebSite","@id":"https:\/\/gohike.lv\/ru\/#website","url":"https:\/\/gohike.lv\/ru\/","name":"GoHike","description":"","publisher":{"@id":"https:\/\/gohike.lv\/ru\/#organization"},"potentialAction":[{"@type":"SearchAction","target":{"@type":"EntryPoint","urlTemplate":"https:\/\/gohike.lv\/ru\/?s={search_term_string}"},"query-input":{"@type":"PropertyValueSpecification","valueRequired":true,"valueName":"search_term_string"}}],"inLanguage":"ru-RU"},{"@type":"Organization","@id":"https:\/\/gohike.lv\/ru\/#organization","name":"GoHike","url":"https:\/\/gohike.lv\/ru\/","logo":{"@type":"ImageObject","inLanguage":"ru-RU","@id":"https:\/\/gohike.lv\/ru\/#\/schema\/logo\/image\/","url":"https:\/\/gohike.lv\/wp-content\/uploads\/2023\/08\/Logo_GoHike.webp","contentUrl":"https:\/\/gohike.lv\/wp-content\/uploads\/2023\/08\/Logo_GoHike.webp","width":512,"height":512,"caption":"GoHike"},"image":{"@id":"https:\/\/gohike.lv\/ru\/#\/schema\/logo\/image\/"},"sameAs":["https:\/\/www.facebook.com\/gohike.shop\/","https:\/\/www.instagram.com\/gohike.shop\/"]}]}},"jetpack_sharing_enabled":true,"_links":{"self":[{"href":"https:\/\/gohike.lv\/ru\/wp-json\/wp\/v2\/product\/61638","targetHints":{"allow":["GET"]}}],"collection":[{"href":"https:\/\/gohike.lv\/ru\/wp-json\/wp\/v2\/product"}],"about":[{"href":"https:\/\/gohike.lv\/ru\/wp-json\/wp\/v2\/types\/product"}],"version-history":[{"count":1,"href":"https:\/\/gohike.lv\/ru\/wp-json\/wp\/v2\/product\/61638\/revisions"}],"predecessor-version":[{"id":118802,"href":"https:\/\/gohike.lv\/ru\/wp-json\/wp\/v2\/product\/61638\/revisions\/118802"}],"wp:featuredmedia":[{"embeddable":true,"href":"https:\/\/gohike.lv\/ru\/wp-json\/wp\/v2\/media\/61640"}],"wp:attachment":[{"href":"https:\/\/gohike.lv\/ru\/wp-json\/wp\/v2\/media?parent=61638"}],"wp:term":[{"taxonomy":"product_brand","embeddable":true,"href":"https:\/\/gohike.lv\/ru\/wp-json\/wp\/v2\/product_brand?post=61638"},{"taxonomy":"product_cat","embeddable":true,"href":"https:\/\/gohike.lv\/ru\/wp-json\/wp\/v2\/product_cat?post=61638"},{"taxonomy":"product_tag","embeddable":true,"href":"https:\/\/gohike.lv\/ru\/wp-json\/wp\/v2\/product_tag?post=61638"}],"curies":[{"name":"wp","href":"https:\/\/api.w.org\/{rel}","templated":true}]}}