{"id":61574,"date":"2024-08-15T11:29:50","date_gmt":"2024-08-15T08:29:50","guid":{"rendered":"https:\/\/gohike.lv\/produkts\/sunslice-photon-pasaule-mazaka-parnesajama-power-bank-ar-saules-bateriju\/"},"modified":"2025-12-30T17:09:55","modified_gmt":"2025-12-30T14:09:55","slug":"sunslice-photon-pasaule-mazaka-parnesajama-power-bank-ar-saules-bateriju","status":"publish","type":"product","link":"https:\/\/gohike.lv\/ru\/produkts\/sunslice-photon-pasaule-mazaka-parnesajama-power-bank-ar-saules-bateriju\/","title":{"rendered":"Sunslice &#8212; Photon &#8212; Power bank ar saules pane\u013ciem"},"content":{"rendered":"<p>Apr\u012bkota ar 5 maziem saules pane\u013ciem ar augstas efektivit\u0101tes fotoelementiem un integr\u0113tu jaud\u012bgu power banku ar USB portu.<br \/>\nVidei draudz\u012bgs, \u0113rts un kompakts saules ener\u0123ijas l\u0101d\u0113t\u0101js.<br \/>\nPateicoties kvalitat\u012bviem saules pane\u013ciem, Photon nodro\u0161ina optim\u0101lu uzl\u0101des laiku, piln\u012bb\u0101 izmantojot saules ener\u0123iju, ko uztver t\u0101 fotoelektriskie pane\u013ci.<br \/>\nViedie uzl\u0101des kontrolieri nodro\u0161ina past\u0101v\u012bgu un stabilu ener\u0123ijas pl\u016bsmu, optimiz\u0113jot saules gaismas p\u0101rv\u0113r\u0161anu elektroener\u0123ij\u0101.<br \/>\nTas ne tikai nodro\u0161ina \u0101tru viedt\u0101lru\u0146a uzl\u0101di, bet ar\u012b plan\u0161etdatoru, kameru un citu ier\u012bcu uzl\u0101di.<br \/>\nPhoton saules pane\u013ci saloc\u012bt\u0101 veid\u0101 ir maka lielum\u0101, t\u0101p\u0113c tos ir viegli transport\u0113t.<br \/>\nNeatkar\u012bgi no t\u0101, vai dodaties p\u0101rg\u0101jien\u0101, kemping\u0101 vai ce\u013cojum\u0101, Photon p\u0101rv\u0113rt\u012bs saules ener\u0123iju &#8212; elektroener\u0123ij\u0101.<br \/>\n<iframe title=\"Sunslice Photon\" width=\"1200\" height=\"675\" src=\"https:\/\/www.youtube.com\/embed\/tAsEoRSCIIU?feature=oembed\" frameborder=\"0\" allow=\"accelerometer; autoplay; clipboard-write; encrypted-media; gyroscope; picture-in-picture; web-share\" referrerpolicy=\"strict-origin-when-cross-origin\" allowfullscreen><\/iframe><\/p>\n","protected":false},"excerpt":{"rendered":"<p>Photon &#8212; pasaul\u0113 maz\u0101k\u0101 p\u0101rn\u0113s\u0101jam\u0101 baterija, kas uzl\u0101d\u0113jama ar saules ener\u0123iju. Lieliski piem\u0113rota p\u0101rg\u0101jieniem un \u0101ra aktivit\u0101t\u0113m.<\/p>\n","protected":false},"featured_media":61576,"template":"","meta":[],"product_brand":[9561],"product_cat":[1643],"product_tag":[],"class_list":{"0":"post-61574","1":"product","2":"type-product","3":"status-publish","4":"has-post-thumbnail","6":"product_brand-sunslice","7":"product_cat-elektronika","8":"pa_akumulatora-ietilpiba-4000-mah","9":"pa_izeja-1-x-usb-a-12w-5v-2-4a","10":"pa_izmers-slegts-100-x-80-x-25-mm-atverts-100-x-550-x-3-mm","11":"pa_kopeja-maksimala-jauda-12w","12":"pa_piestiprinasanas-punkti-9559","13":"pa_produkta-tips-power-bankas","14":"pa_saules-energija-4-vati","15":"pa_saules-tehnologija-monokristaliska-saules-energijas-saules-tehnologija","16":"pa_saules-uzlades-statuss-1-x-led-indikators-zals","18":"first","19":"instock","20":"purchasable","21":"product-type-simple"},"raw_content":{"name":"Sunslice - Photon - Power bank ar saules pane\u013ciem","description":"Apr\u012bkota ar 5 maziem saules pane\u013ciem ar augstas efektivit\u0101tes fotoelementiem un integr\u0113tu jaud\u012bgu power banku ar USB portu.\nVidei draudz\u012bgs, \u0113rts un kompakts saules ener\u0123ijas l\u0101d\u0113t\u0101js.\nPateicoties kvalitat\u012bviem saules pane\u013ciem, Photon nodro\u0161ina optim\u0101lu uzl\u0101des laiku, piln\u012bb\u0101 izmantojot saules ener\u0123iju, ko uztver t\u0101 fotoelektriskie pane\u013ci.\nViedie uzl\u0101des kontrolieri nodro\u0161ina past\u0101v\u012bgu un stabilu ener\u0123ijas pl\u016bsmu, optimiz\u0113jot saules gaismas p\u0101rv\u0113r\u0161anu elektroener\u0123ij\u0101.\nTas ne tikai nodro\u0161ina \u0101tru viedt\u0101lru\u0146a uzl\u0101di, bet ar\u012b plan\u0161etdatoru, kameru un citu ier\u012bcu uzl\u0101di.\nPhoton saules pane\u013ci saloc\u012bt\u0101 veid\u0101 ir maka lielum\u0101, t\u0101p\u0113c tos ir viegli transport\u0113t.\nNeatkar\u012bgi no t\u0101, vai dodaties p\u0101rg\u0101jien\u0101, kemping\u0101 vai ce\u013cojum\u0101, Photon p\u0101rv\u0113rt\u012bs saules ener\u0123iju - elektroener\u0123ij\u0101.\nhttps:\/\/youtu.be\/tAsEoRSCIIU","short_description":"Photon - pasaul\u0113 maz\u0101k\u0101 p\u0101rn\u0113s\u0101jam\u0101 baterija, kas uzl\u0101d\u0113jama ar saules ener\u0123iju. Lieliski piem\u0113rota p\u0101rg\u0101jieniem un \u0101ra aktivit\u0101t\u0113m.","status":"publish","sku":"5430003494080","original":61574},"wpml":{"translation_type":1,"has_translations":true,"original":61574,"duplicates":[],"translations":{"lv":61574,"en":67763,"ru":null}},"supplier_id":null,"supplier_sku":"","barcode":null,"atum_controlled":true,"out_stock_date":null,"out_stock_threshold":null,"inheritable":false,"inbound_stock":null,"stock_on_hold":0,"sold_today":0,"sales_last_days":0,"reserved_stock":null,"customer_returns":null,"warehouse_damage":null,"lost_in_post":null,"other_logs":null,"out_stock_days":0,"lost_sales":0,"has_location":null,"update_date":"2025-12-30T14:13:26","atum_locations":[],"atum_stock_status":"instock","restock_status":false,"low_stock_amount":"","sales_update_date":"2025-11-13T14:09:03","calc_backorders":null,"yoast_head":"<!-- This site is optimized with the Yoast SEO plugin v27.5 - https:\/\/yoast.com\/product\/yoast-seo-wordpress\/ -->\n<title>Sunslice - Photon - Power banka ar saules pane\u013ciem<\/title>\n<meta name=\"description\" content=\"Photon - pasaul\u0113 maz\u0101k\u0101 p\u0101rn\u0113s\u0101jam\u0101 baterija, kas uzl\u0101d\u0113jama ar saules ener\u0123iju. Lieliski piem\u0113rota p\u0101rg\u0101jieniem un \u0101ra aktivit\u0101t\u0113m.\" \/>\n<meta name=\"robots\" content=\"index, follow, max-snippet:-1, max-image-preview:large, max-video-preview:-1\" \/>\n<link rel=\"canonical\" href=\"https:\/\/gohike.lv\/ru\/produkts\/sunslice-photon-pasaule-mazaka-parnesajama-power-bank-ar-saules-bateriju\/\" \/>\n<meta property=\"og:locale\" content=\"ru_RU\" \/>\n<meta property=\"og:type\" content=\"article\" \/>\n<meta property=\"og:title\" content=\"Sunslice - 4 VATI\" \/>\n<meta property=\"og:description\" content=\"Photon - pasaul\u0113 maz\u0101k\u0101 p\u0101rn\u0113s\u0101jam\u0101 baterija, kas uzl\u0101d\u0113jama ar saules ener\u0123iju. Lieliski piem\u0113rota p\u0101rg\u0101jieniem un \u0101ra aktivit\u0101t\u0113m.\" \/>\n<meta property=\"og:url\" content=\"https:\/\/gohike.lv\/ru\/produkts\/sunslice-photon-pasaule-mazaka-parnesajama-power-bank-ar-saules-bateriju\/\" \/>\n<meta property=\"og:site_name\" content=\"GoHike\" \/>\n<meta property=\"article:publisher\" content=\"https:\/\/www.facebook.com\/gohike.shop\/\" \/>\n<meta property=\"article:modified_time\" content=\"2025-12-30T14:09:55+00:00\" \/>\n<meta property=\"og:image\" content=\"https:\/\/gohike.lv\/wp-content\/uploads\/2024\/08\/Photon_red_.webp\" \/>\n\t<meta property=\"og:image:width\" content=\"900\" \/>\n\t<meta property=\"og:image:height\" content=\"938\" \/>\n\t<meta property=\"og:image:type\" content=\"image\/webp\" \/>\n<meta name=\"twitter:card\" content=\"summary_large_image\" \/>\n<meta name=\"twitter:title\" content=\"Sunslice - 4 VATI\" \/>\n<meta name=\"twitter:label1\" content=\"\u041f\u0440\u0438\u043c\u0435\u0440\u043d\u043e\u0435 \u0432\u0440\u0435\u043c\u044f \u0434\u043b\u044f \u0447\u0442\u0435\u043d\u0438\u044f\" \/>\n\t<meta name=\"twitter:data1\" content=\"1 \u043c\u0438\u043d\u0443\u0442\u0430\" \/>\n<script type=\"application\/ld+json\" class=\"yoast-schema-graph\">{\"@context\":\"https:\\\/\\\/schema.org\",\"@graph\":[{\"@type\":[\"WebPage\",\"ItemPage\"],\"@id\":\"https:\\\/\\\/gohike.lv\\\/ru\\\/produkts\\\/sunslice-photon-pasaule-mazaka-parnesajama-power-bank-ar-saules-bateriju\\\/\",\"url\":\"https:\\\/\\\/gohike.lv\\\/ru\\\/produkts\\\/sunslice-photon-pasaule-mazaka-parnesajama-power-bank-ar-saules-bateriju\\\/\",\"name\":\"Sunslice - Photon - Power banka ar saules pane\u013ciem\",\"isPartOf\":{\"@id\":\"https:\\\/\\\/gohike.lv\\\/ru\\\/#website\"},\"primaryImageOfPage\":{\"@id\":\"https:\\\/\\\/gohike.lv\\\/ru\\\/produkts\\\/sunslice-photon-pasaule-mazaka-parnesajama-power-bank-ar-saules-bateriju\\\/#primaryimage\"},\"image\":{\"@id\":\"https:\\\/\\\/gohike.lv\\\/ru\\\/produkts\\\/sunslice-photon-pasaule-mazaka-parnesajama-power-bank-ar-saules-bateriju\\\/#primaryimage\"},\"thumbnailUrl\":\"https:\\\/\\\/gohike.lv\\\/wp-content\\\/uploads\\\/2024\\\/08\\\/Photon_red_.webp\",\"datePublished\":\"2024-08-15T08:29:50+00:00\",\"dateModified\":\"2025-12-30T14:09:55+00:00\",\"description\":\"Photon - pasaul\u0113 maz\u0101k\u0101 p\u0101rn\u0113s\u0101jam\u0101 baterija, kas uzl\u0101d\u0113jama ar saules ener\u0123iju. Lieliski piem\u0113rota p\u0101rg\u0101jieniem un \u0101ra aktivit\u0101t\u0113m.\",\"breadcrumb\":{\"@id\":\"https:\\\/\\\/gohike.lv\\\/ru\\\/produkts\\\/sunslice-photon-pasaule-mazaka-parnesajama-power-bank-ar-saules-bateriju\\\/#breadcrumb\"},\"inLanguage\":\"ru-RU\",\"potentialAction\":[{\"@type\":\"ReadAction\",\"target\":[\"https:\\\/\\\/gohike.lv\\\/ru\\\/produkts\\\/sunslice-photon-pasaule-mazaka-parnesajama-power-bank-ar-saules-bateriju\\\/\"]}]},{\"@type\":\"ImageObject\",\"inLanguage\":\"ru-RU\",\"@id\":\"https:\\\/\\\/gohike.lv\\\/ru\\\/produkts\\\/sunslice-photon-pasaule-mazaka-parnesajama-power-bank-ar-saules-bateriju\\\/#primaryimage\",\"url\":\"https:\\\/\\\/gohike.lv\\\/wp-content\\\/uploads\\\/2024\\\/08\\\/Photon_red_.webp\",\"contentUrl\":\"https:\\\/\\\/gohike.lv\\\/wp-content\\\/uploads\\\/2024\\\/08\\\/Photon_red_.webp\",\"width\":900,\"height\":938},{\"@type\":\"BreadcrumbList\",\"@id\":\"https:\\\/\\\/gohike.lv\\\/ru\\\/produkts\\\/sunslice-photon-pasaule-mazaka-parnesajama-power-bank-ar-saules-bateriju\\\/#breadcrumb\",\"itemListElement\":[{\"@type\":\"ListItem\",\"position\":1,\"name\":\"\u0413\u043b\u0430\u0432\u043d\u0430\u044f\",\"item\":\"https:\\\/\\\/gohike.lv\\\/ru\\\/\"},{\"@type\":\"ListItem\",\"position\":2,\"name\":\"\u041a\u0430\u0442\u0435\u0433\u043e\u0440\u0438\u0438 \u0442\u043e\u0432\u0430\u0440\u043e\u0432\",\"item\":\"https:\\\/\\\/gohike.lv\\\/%d0%ba%d0%b0%d1%82%d0%b5%d0%b3%d0%be%d1%80%d0%b8%d0%b8-%d1%82%d0%be%d0%b2%d0%b0%d1%80%d0%be%d0%b2\\\/\"},{\"@type\":\"ListItem\",\"position\":3,\"name\":\"Sunslice &#8211; Photon &#8211; Power bank ar saules pane\u013ciem\"}]},{\"@type\":\"WebSite\",\"@id\":\"https:\\\/\\\/gohike.lv\\\/ru\\\/#website\",\"url\":\"https:\\\/\\\/gohike.lv\\\/ru\\\/\",\"name\":\"GoHike\",\"description\":\"\",\"publisher\":{\"@id\":\"https:\\\/\\\/gohike.lv\\\/ru\\\/#organization\"},\"potentialAction\":[{\"@type\":\"SearchAction\",\"target\":{\"@type\":\"EntryPoint\",\"urlTemplate\":\"https:\\\/\\\/gohike.lv\\\/ru\\\/?s={search_term_string}\"},\"query-input\":{\"@type\":\"PropertyValueSpecification\",\"valueRequired\":true,\"valueName\":\"search_term_string\"}}],\"inLanguage\":\"ru-RU\"},{\"@type\":\"Organization\",\"@id\":\"https:\\\/\\\/gohike.lv\\\/ru\\\/#organization\",\"name\":\"GoHike\",\"url\":\"https:\\\/\\\/gohike.lv\\\/ru\\\/\",\"logo\":{\"@type\":\"ImageObject\",\"inLanguage\":\"ru-RU\",\"@id\":\"https:\\\/\\\/gohike.lv\\\/ru\\\/#\\\/schema\\\/logo\\\/image\\\/\",\"url\":\"https:\\\/\\\/gohike.lv\\\/wp-content\\\/uploads\\\/2023\\\/08\\\/Logo_GoHike.webp\",\"contentUrl\":\"https:\\\/\\\/gohike.lv\\\/wp-content\\\/uploads\\\/2023\\\/08\\\/Logo_GoHike.webp\",\"width\":512,\"height\":512,\"caption\":\"GoHike\"},\"image\":{\"@id\":\"https:\\\/\\\/gohike.lv\\\/ru\\\/#\\\/schema\\\/logo\\\/image\\\/\"},\"sameAs\":[\"https:\\\/\\\/www.facebook.com\\\/gohike.shop\\\/\",\"https:\\\/\\\/www.instagram.com\\\/gohike.shop\\\/\"]}]}<\/script>\n<!-- \/ Yoast SEO plugin. -->","yoast_head_json":{"title":"Sunslice - Photon - Power banka ar saules pane\u013ciem","description":"Photon - pasaul\u0113 maz\u0101k\u0101 p\u0101rn\u0113s\u0101jam\u0101 baterija, kas uzl\u0101d\u0113jama ar saules ener\u0123iju. Lieliski piem\u0113rota p\u0101rg\u0101jieniem un \u0101ra aktivit\u0101t\u0113m.","robots":{"index":"index","follow":"follow","max-snippet":"max-snippet:-1","max-image-preview":"max-image-preview:large","max-video-preview":"max-video-preview:-1"},"canonical":"https:\/\/gohike.lv\/ru\/produkts\/sunslice-photon-pasaule-mazaka-parnesajama-power-bank-ar-saules-bateriju\/","og_locale":"ru_RU","og_type":"article","og_title":"Sunslice - 4 VATI","og_description":"Photon - pasaul\u0113 maz\u0101k\u0101 p\u0101rn\u0113s\u0101jam\u0101 baterija, kas uzl\u0101d\u0113jama ar saules ener\u0123iju. Lieliski piem\u0113rota p\u0101rg\u0101jieniem un \u0101ra aktivit\u0101t\u0113m.","og_url":"https:\/\/gohike.lv\/ru\/produkts\/sunslice-photon-pasaule-mazaka-parnesajama-power-bank-ar-saules-bateriju\/","og_site_name":"GoHike","article_publisher":"https:\/\/www.facebook.com\/gohike.shop\/","article_modified_time":"2025-12-30T14:09:55+00:00","og_image":[{"width":900,"height":938,"url":"https:\/\/gohike.lv\/wp-content\/uploads\/2024\/08\/Photon_red_.webp","type":"image\/webp"}],"twitter_card":"summary_large_image","twitter_title":"Sunslice - 4 VATI","twitter_misc":{"\u041f\u0440\u0438\u043c\u0435\u0440\u043d\u043e\u0435 \u0432\u0440\u0435\u043c\u044f \u0434\u043b\u044f \u0447\u0442\u0435\u043d\u0438\u044f":"1 \u043c\u0438\u043d\u0443\u0442\u0430"},"schema":{"@context":"https:\/\/schema.org","@graph":[{"@type":["WebPage","ItemPage"],"@id":"https:\/\/gohike.lv\/ru\/produkts\/sunslice-photon-pasaule-mazaka-parnesajama-power-bank-ar-saules-bateriju\/","url":"https:\/\/gohike.lv\/ru\/produkts\/sunslice-photon-pasaule-mazaka-parnesajama-power-bank-ar-saules-bateriju\/","name":"Sunslice - Photon - Power banka ar saules pane\u013ciem","isPartOf":{"@id":"https:\/\/gohike.lv\/ru\/#website"},"primaryImageOfPage":{"@id":"https:\/\/gohike.lv\/ru\/produkts\/sunslice-photon-pasaule-mazaka-parnesajama-power-bank-ar-saules-bateriju\/#primaryimage"},"image":{"@id":"https:\/\/gohike.lv\/ru\/produkts\/sunslice-photon-pasaule-mazaka-parnesajama-power-bank-ar-saules-bateriju\/#primaryimage"},"thumbnailUrl":"https:\/\/gohike.lv\/wp-content\/uploads\/2024\/08\/Photon_red_.webp","datePublished":"2024-08-15T08:29:50+00:00","dateModified":"2025-12-30T14:09:55+00:00","description":"Photon - pasaul\u0113 maz\u0101k\u0101 p\u0101rn\u0113s\u0101jam\u0101 baterija, kas uzl\u0101d\u0113jama ar saules ener\u0123iju. Lieliski piem\u0113rota p\u0101rg\u0101jieniem un \u0101ra aktivit\u0101t\u0113m.","breadcrumb":{"@id":"https:\/\/gohike.lv\/ru\/produkts\/sunslice-photon-pasaule-mazaka-parnesajama-power-bank-ar-saules-bateriju\/#breadcrumb"},"inLanguage":"ru-RU","potentialAction":[{"@type":"ReadAction","target":["https:\/\/gohike.lv\/ru\/produkts\/sunslice-photon-pasaule-mazaka-parnesajama-power-bank-ar-saules-bateriju\/"]}]},{"@type":"ImageObject","inLanguage":"ru-RU","@id":"https:\/\/gohike.lv\/ru\/produkts\/sunslice-photon-pasaule-mazaka-parnesajama-power-bank-ar-saules-bateriju\/#primaryimage","url":"https:\/\/gohike.lv\/wp-content\/uploads\/2024\/08\/Photon_red_.webp","contentUrl":"https:\/\/gohike.lv\/wp-content\/uploads\/2024\/08\/Photon_red_.webp","width":900,"height":938},{"@type":"BreadcrumbList","@id":"https:\/\/gohike.lv\/ru\/produkts\/sunslice-photon-pasaule-mazaka-parnesajama-power-bank-ar-saules-bateriju\/#breadcrumb","itemListElement":[{"@type":"ListItem","position":1,"name":"\u0413\u043b\u0430\u0432\u043d\u0430\u044f","item":"https:\/\/gohike.lv\/ru\/"},{"@type":"ListItem","position":2,"name":"\u041a\u0430\u0442\u0435\u0433\u043e\u0440\u0438\u0438 \u0442\u043e\u0432\u0430\u0440\u043e\u0432","item":"https:\/\/gohike.lv\/%d0%ba%d0%b0%d1%82%d0%b5%d0%b3%d0%be%d1%80%d0%b8%d0%b8-%d1%82%d0%be%d0%b2%d0%b0%d1%80%d0%be%d0%b2\/"},{"@type":"ListItem","position":3,"name":"Sunslice &#8211; Photon &#8211; Power bank ar saules pane\u013ciem"}]},{"@type":"WebSite","@id":"https:\/\/gohike.lv\/ru\/#website","url":"https:\/\/gohike.lv\/ru\/","name":"GoHike","description":"","publisher":{"@id":"https:\/\/gohike.lv\/ru\/#organization"},"potentialAction":[{"@type":"SearchAction","target":{"@type":"EntryPoint","urlTemplate":"https:\/\/gohike.lv\/ru\/?s={search_term_string}"},"query-input":{"@type":"PropertyValueSpecification","valueRequired":true,"valueName":"search_term_string"}}],"inLanguage":"ru-RU"},{"@type":"Organization","@id":"https:\/\/gohike.lv\/ru\/#organization","name":"GoHike","url":"https:\/\/gohike.lv\/ru\/","logo":{"@type":"ImageObject","inLanguage":"ru-RU","@id":"https:\/\/gohike.lv\/ru\/#\/schema\/logo\/image\/","url":"https:\/\/gohike.lv\/wp-content\/uploads\/2023\/08\/Logo_GoHike.webp","contentUrl":"https:\/\/gohike.lv\/wp-content\/uploads\/2023\/08\/Logo_GoHike.webp","width":512,"height":512,"caption":"GoHike"},"image":{"@id":"https:\/\/gohike.lv\/ru\/#\/schema\/logo\/image\/"},"sameAs":["https:\/\/www.facebook.com\/gohike.shop\/","https:\/\/www.instagram.com\/gohike.shop\/"]}]}},"jetpack_sharing_enabled":true,"_links":{"self":[{"href":"https:\/\/gohike.lv\/ru\/wp-json\/wp\/v2\/product\/61574","targetHints":{"allow":["GET"]}}],"collection":[{"href":"https:\/\/gohike.lv\/ru\/wp-json\/wp\/v2\/product"}],"about":[{"href":"https:\/\/gohike.lv\/ru\/wp-json\/wp\/v2\/types\/product"}],"version-history":[{"count":1,"href":"https:\/\/gohike.lv\/ru\/wp-json\/wp\/v2\/product\/61574\/revisions"}],"predecessor-version":[{"id":118828,"href":"https:\/\/gohike.lv\/ru\/wp-json\/wp\/v2\/product\/61574\/revisions\/118828"}],"wp:featuredmedia":[{"embeddable":true,"href":"https:\/\/gohike.lv\/ru\/wp-json\/wp\/v2\/media\/61576"}],"wp:attachment":[{"href":"https:\/\/gohike.lv\/ru\/wp-json\/wp\/v2\/media?parent=61574"}],"wp:term":[{"taxonomy":"product_brand","embeddable":true,"href":"https:\/\/gohike.lv\/ru\/wp-json\/wp\/v2\/product_brand?post=61574"},{"taxonomy":"product_cat","embeddable":true,"href":"https:\/\/gohike.lv\/ru\/wp-json\/wp\/v2\/product_cat?post=61574"},{"taxonomy":"product_tag","embeddable":true,"href":"https:\/\/gohike.lv\/ru\/wp-json\/wp\/v2\/product_tag?post=61574"}],"curies":[{"name":"wp","href":"https:\/\/api.w.org\/{rel}","templated":true}]}}