{"id":61548,"date":"2024-08-14T10:55:22","date_gmt":"2024-08-14T07:55:22","guid":{"rendered":"https:\/\/gohike.lv\/?post_type=product&#038;p=61548"},"modified":"2025-12-30T17:09:55","modified_gmt":"2025-12-30T14:09:55","slug":"gum-celojumu-zobu-birste-salokama-kompakta-ar-mikstiem-sariem","status":"publish","type":"product","link":"https:\/\/gohike.lv\/ru\/produkts\/gum-celojumu-zobu-birste-salokama-kompakta-ar-mikstiem-sariem\/","title":{"rendered":"GUM &#8212; Ce\u013cojumu zobu birste, salok\u0101ma, kompakta ar m\u012bkstiem sariem"},"content":{"rendered":"<p>Tr\u012bsloc\u012bjuma dizains \u013cauj birsti saloc\u012bt roktur\u012b \u0113rtai uzglab\u0101\u0161anai kabat\u0101, som\u0101, kofer\u012b vai mugursom\u0101.<br \/>\nCe\u013cojumu zobu birstei ir daudzl\u012bme\u0146u antibakteri\u0101lie sari un m\u0113les t\u012br\u012b\u0161anas l\u012bdzeklis.<br \/>\nSaru p\u0101rkl\u0101jums pal\u012bdz birstei palikt t\u012brai, kav\u0113jot bakt\u0113riju vairo\u0161anos starp lieto\u0161anas reiz\u0113m.<br \/>\nSaros ir iek\u013cauts patent\u0113ts antibakteri\u0101ls l\u012bdzeklis, kas nodro\u0161ina nep\u0101rtrauktu saru aizsardz\u012bbu.<\/p>\n","protected":false},"excerpt":{"rendered":"<p>GUM\u00ae Travel zobu birste. Ide\u0101li piem\u0113rota ce\u013cojumiem.<\/p>\n","protected":false},"featured_media":61549,"template":"","meta":[],"product_brand":[1939],"product_cat":[1380],"product_tag":[],"class_list":{"0":"post-61548","1":"product","2":"type-product","3":"status-publish","4":"has-post-thumbnail","6":"product_brand-gum-lv","7":"product_cat-higiena","8":"pa_produkta-tips-personiga-aprupe","10":"first","11":"instock","12":"taxable","13":"shipping-taxable","14":"purchasable","15":"product-type-simple"},"raw_content":{"name":"GUM - Ce\u013cojumu zobu birste, salok\u0101ma, kompakta ar m\u012bkstiem sariem","description":"Tr\u012bsloc\u012bjuma dizains \u013cauj birsti saloc\u012bt roktur\u012b \u0113rtai uzglab\u0101\u0161anai kabat\u0101, som\u0101, kofer\u012b vai mugursom\u0101.\nCe\u013cojumu zobu birstei ir daudzl\u012bme\u0146u antibakteri\u0101lie sari un m\u0113les t\u012br\u012b\u0161anas l\u012bdzeklis.\nSaru p\u0101rkl\u0101jums pal\u012bdz birstei palikt t\u012brai, kav\u0113jot bakt\u0113riju vairo\u0161anos starp lieto\u0161anas reiz\u0113m.\nSaros ir iek\u013cauts patent\u0113ts antibakteri\u0101ls l\u012bdzeklis, kas nodro\u0161ina nep\u0101rtrauktu saru aizsardz\u012bbu.","short_description":"GUM\u00ae Travel zobu birste. Ide\u0101li piem\u0113rota ce\u013cojumiem.","status":"publish","sku":"070942125369","original":61548},"wpml":{"translation_type":1,"has_translations":true,"original":61548,"duplicates":[],"translations":{"lv":61548,"en":67748,"ru":null}},"supplier_id":null,"supplier_sku":"","barcode":null,"atum_controlled":true,"out_stock_date":null,"out_stock_threshold":null,"inheritable":false,"inbound_stock":0,"stock_on_hold":0,"sold_today":0,"sales_last_days":0,"reserved_stock":0,"customer_returns":0,"warehouse_damage":0,"lost_in_post":0,"other_logs":0,"out_stock_days":0,"lost_sales":0,"has_location":false,"update_date":"2025-12-30T14:13:26","atum_locations":[],"atum_stock_status":"instock","restock_status":false,"low_stock_amount":"","sales_update_date":"2025-11-13T14:08:17","calc_backorders":null,"yoast_head":"<!-- This site is optimized with the Yoast SEO plugin v27.3 - https:\/\/yoast.com\/product\/yoast-seo-wordpress\/ -->\n<title>GUM - Ce\u013cojumu zobu birste, salok\u0101ma un kompakta<\/title>\n<meta name=\"description\" content=\"GUM\u00ae Travel zobu birste. Ide\u0101li piem\u0113rota ce\u013cojumiem. Ce\u013cojumu zobu birstei ir daudzl\u012bme\u0146u antibakteri\u0101lie sari un m\u0113les t\u012br\u012b\u0161anas l\u012bdzeklis.\" \/>\n<meta name=\"robots\" content=\"index, follow, max-snippet:-1, max-image-preview:large, max-video-preview:-1\" \/>\n<link rel=\"canonical\" href=\"https:\/\/gohike.lv\/ru\/produkts\/gum-celojumu-zobu-birste-salokama-kompakta-ar-mikstiem-sariem\/\" \/>\n<meta property=\"og:locale\" content=\"ru_RU\" \/>\n<meta property=\"og:type\" content=\"article\" \/>\n<meta property=\"og:title\" content=\"Higi\u0113na - Zobu birste\" \/>\n<meta property=\"og:description\" content=\"GUM\u00ae Travel zobu birste. Ide\u0101li piem\u0113rota ce\u013cojumiem. Ce\u013cojumu zobu birstei ir daudzl\u012bme\u0146u antibakteri\u0101lie sari un m\u0113les t\u012br\u012b\u0161anas l\u012bdzeklis.\" \/>\n<meta property=\"og:url\" content=\"https:\/\/gohike.lv\/ru\/produkts\/gum-celojumu-zobu-birste-salokama-kompakta-ar-mikstiem-sariem\/\" \/>\n<meta property=\"og:site_name\" content=\"GoHike\" \/>\n<meta property=\"article:publisher\" content=\"https:\/\/www.facebook.com\/gohike.shop\/\" \/>\n<meta property=\"article:modified_time\" content=\"2025-12-30T14:09:55+00:00\" \/>\n<meta property=\"og:image\" content=\"https:\/\/gohike.lv\/wp-content\/uploads\/2024\/08\/158rq-product-packaging-toothbrush-travel-front-1ct.webp\" \/>\n\t<meta property=\"og:image:width\" content=\"1600\" \/>\n\t<meta property=\"og:image:height\" content=\"1600\" \/>\n\t<meta property=\"og:image:type\" content=\"image\/webp\" \/>\n<meta name=\"twitter:card\" content=\"summary_large_image\" \/>\n<meta name=\"twitter:title\" content=\"Higi\u0113na - Zobu birste\" \/>\n<meta name=\"twitter:label1\" content=\"\u041f\u0440\u0438\u043c\u0435\u0440\u043d\u043e\u0435 \u0432\u0440\u0435\u043c\u044f \u0434\u043b\u044f \u0447\u0442\u0435\u043d\u0438\u044f\" \/>\n\t<meta name=\"twitter:data1\" content=\"1 \u043c\u0438\u043d\u0443\u0442\u0430\" \/>\n<script type=\"application\/ld+json\" class=\"yoast-schema-graph\">{\"@context\":\"https:\\\/\\\/schema.org\",\"@graph\":[{\"@type\":[\"WebPage\",\"ItemPage\"],\"@id\":\"https:\\\/\\\/gohike.lv\\\/ru\\\/produkts\\\/gum-celojumu-zobu-birste-salokama-kompakta-ar-mikstiem-sariem\\\/\",\"url\":\"https:\\\/\\\/gohike.lv\\\/ru\\\/produkts\\\/gum-celojumu-zobu-birste-salokama-kompakta-ar-mikstiem-sariem\\\/\",\"name\":\"GUM - Ce\u013cojumu zobu birste, salok\u0101ma un kompakta\",\"isPartOf\":{\"@id\":\"https:\\\/\\\/gohike.lv\\\/ru\\\/#website\"},\"primaryImageOfPage\":{\"@id\":\"https:\\\/\\\/gohike.lv\\\/ru\\\/produkts\\\/gum-celojumu-zobu-birste-salokama-kompakta-ar-mikstiem-sariem\\\/#primaryimage\"},\"image\":{\"@id\":\"https:\\\/\\\/gohike.lv\\\/ru\\\/produkts\\\/gum-celojumu-zobu-birste-salokama-kompakta-ar-mikstiem-sariem\\\/#primaryimage\"},\"thumbnailUrl\":\"https:\\\/\\\/gohike.lv\\\/wp-content\\\/uploads\\\/2024\\\/08\\\/158rq-product-packaging-toothbrush-travel-front-1ct.webp\",\"datePublished\":\"2024-08-14T07:55:22+00:00\",\"dateModified\":\"2025-12-30T14:09:55+00:00\",\"description\":\"GUM\u00ae Travel zobu birste. Ide\u0101li piem\u0113rota ce\u013cojumiem. Ce\u013cojumu zobu birstei ir daudzl\u012bme\u0146u antibakteri\u0101lie sari un m\u0113les t\u012br\u012b\u0161anas l\u012bdzeklis.\",\"breadcrumb\":{\"@id\":\"https:\\\/\\\/gohike.lv\\\/ru\\\/produkts\\\/gum-celojumu-zobu-birste-salokama-kompakta-ar-mikstiem-sariem\\\/#breadcrumb\"},\"inLanguage\":\"ru-RU\",\"potentialAction\":[{\"@type\":\"ReadAction\",\"target\":[\"https:\\\/\\\/gohike.lv\\\/ru\\\/produkts\\\/gum-celojumu-zobu-birste-salokama-kompakta-ar-mikstiem-sariem\\\/\"]}]},{\"@type\":\"ImageObject\",\"inLanguage\":\"ru-RU\",\"@id\":\"https:\\\/\\\/gohike.lv\\\/ru\\\/produkts\\\/gum-celojumu-zobu-birste-salokama-kompakta-ar-mikstiem-sariem\\\/#primaryimage\",\"url\":\"https:\\\/\\\/gohike.lv\\\/wp-content\\\/uploads\\\/2024\\\/08\\\/158rq-product-packaging-toothbrush-travel-front-1ct.webp\",\"contentUrl\":\"https:\\\/\\\/gohike.lv\\\/wp-content\\\/uploads\\\/2024\\\/08\\\/158rq-product-packaging-toothbrush-travel-front-1ct.webp\",\"width\":1600,\"height\":1600},{\"@type\":\"BreadcrumbList\",\"@id\":\"https:\\\/\\\/gohike.lv\\\/ru\\\/produkts\\\/gum-celojumu-zobu-birste-salokama-kompakta-ar-mikstiem-sariem\\\/#breadcrumb\",\"itemListElement\":[{\"@type\":\"ListItem\",\"position\":1,\"name\":\"\u0413\u043b\u0430\u0432\u043d\u0430\u044f\",\"item\":\"https:\\\/\\\/gohike.lv\\\/ru\\\/\"},{\"@type\":\"ListItem\",\"position\":2,\"name\":\"\u041a\u0430\u0442\u0435\u0433\u043e\u0440\u0438\u0438 \u0442\u043e\u0432\u0430\u0440\u043e\u0432\",\"item\":\"https:\\\/\\\/gohike.lv\\\/%d0%ba%d0%b0%d1%82%d0%b5%d0%b3%d0%be%d1%80%d0%b8%d0%b8-%d1%82%d0%be%d0%b2%d0%b0%d1%80%d0%be%d0%b2\\\/\"},{\"@type\":\"ListItem\",\"position\":3,\"name\":\"GUM &#8211; Ce\u013cojumu zobu birste, salok\u0101ma, kompakta ar m\u012bkstiem sariem\"}]},{\"@type\":\"WebSite\",\"@id\":\"https:\\\/\\\/gohike.lv\\\/ru\\\/#website\",\"url\":\"https:\\\/\\\/gohike.lv\\\/ru\\\/\",\"name\":\"GoHike\",\"description\":\"\",\"publisher\":{\"@id\":\"https:\\\/\\\/gohike.lv\\\/ru\\\/#organization\"},\"potentialAction\":[{\"@type\":\"SearchAction\",\"target\":{\"@type\":\"EntryPoint\",\"urlTemplate\":\"https:\\\/\\\/gohike.lv\\\/ru\\\/?s={search_term_string}\"},\"query-input\":{\"@type\":\"PropertyValueSpecification\",\"valueRequired\":true,\"valueName\":\"search_term_string\"}}],\"inLanguage\":\"ru-RU\"},{\"@type\":\"Organization\",\"@id\":\"https:\\\/\\\/gohike.lv\\\/ru\\\/#organization\",\"name\":\"GoHike\",\"url\":\"https:\\\/\\\/gohike.lv\\\/ru\\\/\",\"logo\":{\"@type\":\"ImageObject\",\"inLanguage\":\"ru-RU\",\"@id\":\"https:\\\/\\\/gohike.lv\\\/ru\\\/#\\\/schema\\\/logo\\\/image\\\/\",\"url\":\"https:\\\/\\\/gohike.lv\\\/wp-content\\\/uploads\\\/2023\\\/08\\\/Logo_GoHike.webp\",\"contentUrl\":\"https:\\\/\\\/gohike.lv\\\/wp-content\\\/uploads\\\/2023\\\/08\\\/Logo_GoHike.webp\",\"width\":512,\"height\":512,\"caption\":\"GoHike\"},\"image\":{\"@id\":\"https:\\\/\\\/gohike.lv\\\/ru\\\/#\\\/schema\\\/logo\\\/image\\\/\"},\"sameAs\":[\"https:\\\/\\\/www.facebook.com\\\/gohike.shop\\\/\",\"https:\\\/\\\/www.instagram.com\\\/gohike.shop\\\/\"]}]}<\/script>\n<!-- \/ Yoast SEO plugin. -->","yoast_head_json":{"title":"GUM - Ce\u013cojumu zobu birste, salok\u0101ma un kompakta","description":"GUM\u00ae Travel zobu birste. Ide\u0101li piem\u0113rota ce\u013cojumiem. Ce\u013cojumu zobu birstei ir daudzl\u012bme\u0146u antibakteri\u0101lie sari un m\u0113les t\u012br\u012b\u0161anas l\u012bdzeklis.","robots":{"index":"index","follow":"follow","max-snippet":"max-snippet:-1","max-image-preview":"max-image-preview:large","max-video-preview":"max-video-preview:-1"},"canonical":"https:\/\/gohike.lv\/ru\/produkts\/gum-celojumu-zobu-birste-salokama-kompakta-ar-mikstiem-sariem\/","og_locale":"ru_RU","og_type":"article","og_title":"Higi\u0113na - Zobu birste","og_description":"GUM\u00ae Travel zobu birste. Ide\u0101li piem\u0113rota ce\u013cojumiem. Ce\u013cojumu zobu birstei ir daudzl\u012bme\u0146u antibakteri\u0101lie sari un m\u0113les t\u012br\u012b\u0161anas l\u012bdzeklis.","og_url":"https:\/\/gohike.lv\/ru\/produkts\/gum-celojumu-zobu-birste-salokama-kompakta-ar-mikstiem-sariem\/","og_site_name":"GoHike","article_publisher":"https:\/\/www.facebook.com\/gohike.shop\/","article_modified_time":"2025-12-30T14:09:55+00:00","og_image":[{"width":1600,"height":1600,"url":"https:\/\/gohike.lv\/wp-content\/uploads\/2024\/08\/158rq-product-packaging-toothbrush-travel-front-1ct.webp","type":"image\/webp"}],"twitter_card":"summary_large_image","twitter_title":"Higi\u0113na - Zobu birste","twitter_misc":{"\u041f\u0440\u0438\u043c\u0435\u0440\u043d\u043e\u0435 \u0432\u0440\u0435\u043c\u044f \u0434\u043b\u044f \u0447\u0442\u0435\u043d\u0438\u044f":"1 \u043c\u0438\u043d\u0443\u0442\u0430"},"schema":{"@context":"https:\/\/schema.org","@graph":[{"@type":["WebPage","ItemPage"],"@id":"https:\/\/gohike.lv\/ru\/produkts\/gum-celojumu-zobu-birste-salokama-kompakta-ar-mikstiem-sariem\/","url":"https:\/\/gohike.lv\/ru\/produkts\/gum-celojumu-zobu-birste-salokama-kompakta-ar-mikstiem-sariem\/","name":"GUM - Ce\u013cojumu zobu birste, salok\u0101ma un kompakta","isPartOf":{"@id":"https:\/\/gohike.lv\/ru\/#website"},"primaryImageOfPage":{"@id":"https:\/\/gohike.lv\/ru\/produkts\/gum-celojumu-zobu-birste-salokama-kompakta-ar-mikstiem-sariem\/#primaryimage"},"image":{"@id":"https:\/\/gohike.lv\/ru\/produkts\/gum-celojumu-zobu-birste-salokama-kompakta-ar-mikstiem-sariem\/#primaryimage"},"thumbnailUrl":"https:\/\/gohike.lv\/wp-content\/uploads\/2024\/08\/158rq-product-packaging-toothbrush-travel-front-1ct.webp","datePublished":"2024-08-14T07:55:22+00:00","dateModified":"2025-12-30T14:09:55+00:00","description":"GUM\u00ae Travel zobu birste. Ide\u0101li piem\u0113rota ce\u013cojumiem. Ce\u013cojumu zobu birstei ir daudzl\u012bme\u0146u antibakteri\u0101lie sari un m\u0113les t\u012br\u012b\u0161anas l\u012bdzeklis.","breadcrumb":{"@id":"https:\/\/gohike.lv\/ru\/produkts\/gum-celojumu-zobu-birste-salokama-kompakta-ar-mikstiem-sariem\/#breadcrumb"},"inLanguage":"ru-RU","potentialAction":[{"@type":"ReadAction","target":["https:\/\/gohike.lv\/ru\/produkts\/gum-celojumu-zobu-birste-salokama-kompakta-ar-mikstiem-sariem\/"]}]},{"@type":"ImageObject","inLanguage":"ru-RU","@id":"https:\/\/gohike.lv\/ru\/produkts\/gum-celojumu-zobu-birste-salokama-kompakta-ar-mikstiem-sariem\/#primaryimage","url":"https:\/\/gohike.lv\/wp-content\/uploads\/2024\/08\/158rq-product-packaging-toothbrush-travel-front-1ct.webp","contentUrl":"https:\/\/gohike.lv\/wp-content\/uploads\/2024\/08\/158rq-product-packaging-toothbrush-travel-front-1ct.webp","width":1600,"height":1600},{"@type":"BreadcrumbList","@id":"https:\/\/gohike.lv\/ru\/produkts\/gum-celojumu-zobu-birste-salokama-kompakta-ar-mikstiem-sariem\/#breadcrumb","itemListElement":[{"@type":"ListItem","position":1,"name":"\u0413\u043b\u0430\u0432\u043d\u0430\u044f","item":"https:\/\/gohike.lv\/ru\/"},{"@type":"ListItem","position":2,"name":"\u041a\u0430\u0442\u0435\u0433\u043e\u0440\u0438\u0438 \u0442\u043e\u0432\u0430\u0440\u043e\u0432","item":"https:\/\/gohike.lv\/%d0%ba%d0%b0%d1%82%d0%b5%d0%b3%d0%be%d1%80%d0%b8%d0%b8-%d1%82%d0%be%d0%b2%d0%b0%d1%80%d0%be%d0%b2\/"},{"@type":"ListItem","position":3,"name":"GUM &#8211; Ce\u013cojumu zobu birste, salok\u0101ma, kompakta ar m\u012bkstiem sariem"}]},{"@type":"WebSite","@id":"https:\/\/gohike.lv\/ru\/#website","url":"https:\/\/gohike.lv\/ru\/","name":"GoHike","description":"","publisher":{"@id":"https:\/\/gohike.lv\/ru\/#organization"},"potentialAction":[{"@type":"SearchAction","target":{"@type":"EntryPoint","urlTemplate":"https:\/\/gohike.lv\/ru\/?s={search_term_string}"},"query-input":{"@type":"PropertyValueSpecification","valueRequired":true,"valueName":"search_term_string"}}],"inLanguage":"ru-RU"},{"@type":"Organization","@id":"https:\/\/gohike.lv\/ru\/#organization","name":"GoHike","url":"https:\/\/gohike.lv\/ru\/","logo":{"@type":"ImageObject","inLanguage":"ru-RU","@id":"https:\/\/gohike.lv\/ru\/#\/schema\/logo\/image\/","url":"https:\/\/gohike.lv\/wp-content\/uploads\/2023\/08\/Logo_GoHike.webp","contentUrl":"https:\/\/gohike.lv\/wp-content\/uploads\/2023\/08\/Logo_GoHike.webp","width":512,"height":512,"caption":"GoHike"},"image":{"@id":"https:\/\/gohike.lv\/ru\/#\/schema\/logo\/image\/"},"sameAs":["https:\/\/www.facebook.com\/gohike.shop\/","https:\/\/www.instagram.com\/gohike.shop\/"]}]}},"jetpack_sharing_enabled":true,"_links":{"self":[{"href":"https:\/\/gohike.lv\/ru\/wp-json\/wp\/v2\/product\/61548","targetHints":{"allow":["GET"]}}],"collection":[{"href":"https:\/\/gohike.lv\/ru\/wp-json\/wp\/v2\/product"}],"about":[{"href":"https:\/\/gohike.lv\/ru\/wp-json\/wp\/v2\/types\/product"}],"version-history":[{"count":0,"href":"https:\/\/gohike.lv\/ru\/wp-json\/wp\/v2\/product\/61548\/revisions"}],"wp:featuredmedia":[{"embeddable":true,"href":"https:\/\/gohike.lv\/ru\/wp-json\/wp\/v2\/media\/61549"}],"wp:attachment":[{"href":"https:\/\/gohike.lv\/ru\/wp-json\/wp\/v2\/media?parent=61548"}],"wp:term":[{"taxonomy":"product_brand","embeddable":true,"href":"https:\/\/gohike.lv\/ru\/wp-json\/wp\/v2\/product_brand?post=61548"},{"taxonomy":"product_cat","embeddable":true,"href":"https:\/\/gohike.lv\/ru\/wp-json\/wp\/v2\/product_cat?post=61548"},{"taxonomy":"product_tag","embeddable":true,"href":"https:\/\/gohike.lv\/ru\/wp-json\/wp\/v2\/product_tag?post=61548"}],"curies":[{"name":"wp","href":"https:\/\/api.w.org\/{rel}","templated":true}]}}