{"id":61535,"date":"2024-08-13T13:38:06","date_gmt":"2024-08-13T10:38:06","guid":{"rendered":"https:\/\/gohike.lv\/?post_type=product&#038;p=61535"},"modified":"2026-01-30T19:55:57","modified_gmt":"2026-01-30T16:55:57","slug":"haago-kaju-pirkstu-silditajs-paris","status":"publish","type":"product","link":"https:\/\/gohike.lv\/ru\/produkts\/haago-kaju-pirkstu-silditajs-paris\/","title":{"rendered":"H\u00e4ago &#8212; K\u0101ju pirkstu sild\u012bt\u0101js (p\u0101ris)"},"content":{"rendered":"<p>K\u0101 tie str\u0101d\u0101?<br \/>\nTikl\u012bdz tiek atv\u0113rts \u0101r\u0113jais iepakojums, starp dzelzs pulveri un gais\u0101 eso\u0161o sk\u0101bekli notiek dabiska eksotermiska reakcija. S\u0101ls pal\u012bdz pa\u0101trin\u0101t procesu, savuk\u0101rt aktiv\u0113t\u0101 ogle izklied\u0113 reakcij\u0101 rad\u012bto siltumu. Tikai 5 min\u016bt\u0113s sild\u012bt\u0101ji var sasniegt 50 gr\u0101du temperat\u016bru. Vermikul\u012bts darbojas k\u0101 izolators un pal\u012bdz uztur\u0113t temperat\u016bru l\u012bdz pat 10 stund\u0101m.<br \/>\nK\u0101ju pirkstu sild\u012bt\u0101jiem vien\u0101 pus\u0113 ir lip\u012bga virsma, un tos iesp\u0113jams \u0113rti pielipin\u0101t apavu iek\u0161pus\u0113, lai nodro\u0161in\u0101tu siltumu tie\u0161i tur, kur nepiecie\u0161ams.<br \/>\nIde\u0101li sild\u012bt\u0101ji:<br \/>\nSl\u0113po\u0161anai.<br \/>\nSnovo\u0161anai.<br \/>\nZiem\u012bgiem p\u0101rg\u0101jieniem.<br \/>\nSkrie\u0161anai.<br \/>\n\u0100rtelpu aktivit\u0101t\u0113m.<br \/>\nVisp\u0101r\u0113jai izmanto\u0161anai ziem\u0101.<\/p>\n","protected":false},"excerpt":{"rendered":"<p>Atvadieties no aukstiem k\u0101ju pirkstiem ar Haago K\u0101ju pirkstu sild\u012bt\u0101jiem!<br \/>\n\u0160ie sild\u012bt\u0101ji ir ide\u0101li pavado\u0146i aukst\u0101s dien\u0101s &#8212; tos var izmantot visda\u017e\u0101d\u0101kajos apst\u0101k\u013cos, s\u0101kot no sniegot\u0101m kalnu virsotn\u0113m l\u012bdz ruden\u012bg\u0101m dien\u0101m k\u0101d\u0101 dabas tak\u0101. Katrs sild\u012bt\u0101js satur tikai dab\u012bgas sast\u0101vda\u013cas &#8212; dzelzs pulveri, aktiv\u0113to ogli, vermikul\u012btu, \u016bdeni un s\u0101li &#8212; tas noz\u012bm\u0113, ka to var 100 % p\u0101rstr\u0101d\u0101t.<\/p>\n","protected":false},"featured_media":61542,"template":"","meta":[],"product_brand":[1940],"product_cat":[1315],"product_tag":[],"class_list":{"0":"post-61535","1":"product","2":"type-product","3":"status-publish","4":"has-post-thumbnail","6":"product_brand-haago-lv","7":"product_cat-silditaji-un-aptiecinas","8":"pa_produkta-tips-pedu-silditaji","10":"first","11":"outofstock","12":"taxable","13":"shipping-taxable","14":"purchasable","15":"product-type-simple"},"raw_content":{"name":"H\u00e4ago - K\u0101ju pirkstu sild\u012bt\u0101js (p\u0101ris)","description":"K\u0101 tie str\u0101d\u0101?\nTikl\u012bdz tiek atv\u0113rts \u0101r\u0113jais iepakojums, starp dzelzs pulveri un gais\u0101 eso\u0161o sk\u0101bekli notiek dabiska eksotermiska reakcija. S\u0101ls pal\u012bdz pa\u0101trin\u0101t procesu, savuk\u0101rt aktiv\u0113t\u0101 ogle izklied\u0113 reakcij\u0101 rad\u012bto siltumu. Tikai 5 min\u016bt\u0113s sild\u012bt\u0101ji var sasniegt 50 gr\u0101du temperat\u016bru. Vermikul\u012bts darbojas k\u0101 izolators un pal\u012bdz uztur\u0113t temperat\u016bru l\u012bdz pat 10 stund\u0101m.\nK\u0101ju pirkstu sild\u012bt\u0101jiem vien\u0101 pus\u0113 ir lip\u012bga virsma, un tos iesp\u0113jams \u0113rti pielipin\u0101t apavu iek\u0161pus\u0113, lai nodro\u0161in\u0101tu siltumu tie\u0161i tur, kur nepiecie\u0161ams.\nIde\u0101li sild\u012bt\u0101ji:\nSl\u0113po\u0161anai.\nSnovo\u0161anai.\nZiem\u012bgiem p\u0101rg\u0101jieniem.\nSkrie\u0161anai.\n\u0100rtelpu aktivit\u0101t\u0113m.\nVisp\u0101r\u0113jai izmanto\u0161anai ziem\u0101.","short_description":"Atvadieties no aukstiem k\u0101ju pirkstiem ar Haago K\u0101ju pirkstu sild\u012bt\u0101jiem!\r\n\u0160ie sild\u012bt\u0101ji ir ide\u0101li pavado\u0146i aukst\u0101s dien\u0101s - tos var izmantot visda\u017e\u0101d\u0101kajos apst\u0101k\u013cos, s\u0101kot no sniegot\u0101m kalnu virsotn\u0113m l\u012bdz ruden\u012bg\u0101m dien\u0101m k\u0101d\u0101 dabas tak\u0101. Katrs sild\u012bt\u0101js satur tikai dab\u012bgas sast\u0101vda\u013cas - dzelzs pulveri, aktiv\u0113to ogli, vermikul\u012btu, \u016bdeni un s\u0101li - tas noz\u012bm\u0113, ka to var 100 % p\u0101rstr\u0101d\u0101t.","status":"publish","sku":"713153940986","original":61535},"wpml":{"translation_type":1,"has_translations":true,"original":61535,"duplicates":[],"translations":{"lv":61535,"en":67744,"ru":null}},"supplier_id":null,"supplier_sku":"","barcode":null,"atum_controlled":true,"out_stock_date":"2026-01-30 14:52:05","out_stock_threshold":null,"inheritable":false,"inbound_stock":null,"stock_on_hold":0,"sold_today":0,"sales_last_days":1,"reserved_stock":null,"customer_returns":null,"warehouse_damage":null,"lost_in_post":null,"other_logs":null,"out_stock_days":0,"lost_sales":0,"has_location":null,"update_date":"2026-01-30T16:55:59","atum_locations":[],"atum_stock_status":"outofstock","restock_status":false,"low_stock_amount":"","sales_update_date":"2026-01-15T09:49:22","calc_backorders":null,"yoast_head":"<!-- This site is optimized with the Yoast SEO plugin v27.3 - https:\/\/yoast.com\/product\/yoast-seo-wordpress\/ -->\n<title>H\u00e4ago - Roku sild\u012bt\u0101jsH\u00e4ago - K\u0101ju pirkstu sild\u012bt\u0101js (p\u0101ris)<\/title>\n<meta name=\"description\" content=\"Atvadieties no aukstiem k\u0101ju pirkstiem ar Haago K\u0101ju pirkstu sild\u012bt\u0101jiem!\u0160ie sild\u012bt\u0101ji ir ide\u0101li pavado\u0146i aukst\u0101s dien\u0101s - tos var izmantot visda\u017e\u0101d\u0101kajos apst\u0101k\u013cos, s\u0101kot no sniegot\u0101m kalnu virsotn\u0113m l\u012bdz ruden\u012bg\u0101m dien\u0101m k\u0101d\u0101 dabas tak\u0101. Katrs sild\u012bt\u0101js satur tikai dab\u012bgas sast\u0101vda\u013cas - dzelzs pulveri, aktiv\u0113to ogli, vermikul\u012btu, \u016bdeni un s\u0101li - tas noz\u012bm\u0113, ka to var 100 % p\u0101rstr\u0101d\u0101t.\" \/>\n<meta name=\"robots\" content=\"index, follow, max-snippet:-1, max-image-preview:large, max-video-preview:-1\" \/>\n<link rel=\"canonical\" href=\"https:\/\/gohike.lv\/ru\/produkts\/haago-kaju-pirkstu-silditajs-paris\/\" \/>\n<meta property=\"og:locale\" content=\"ru_RU\" \/>\n<meta property=\"og:type\" content=\"article\" \/>\n<meta property=\"og:title\" content=\"Sild\u012bt\u0101ji un izdz\u012bvo\u0161ana - Roku sild\u012bt\u0101js\" \/>\n<meta property=\"og:description\" content=\"Atvadieties no aukstiem k\u0101ju pirkstiem ar Haago K\u0101ju pirkstu sild\u012bt\u0101jiem!\u0160ie sild\u012bt\u0101ji ir ide\u0101li pavado\u0146i aukst\u0101s dien\u0101s - tos var izmantot visda\u017e\u0101d\u0101kajos apst\u0101k\u013cos, s\u0101kot no sniegot\u0101m kalnu virsotn\u0113m l\u012bdz ruden\u012bg\u0101m dien\u0101m k\u0101d\u0101 dabas tak\u0101. Katrs sild\u012bt\u0101js satur tikai dab\u012bgas sast\u0101vda\u013cas - dzelzs pulveri, aktiv\u0113to ogli, vermikul\u012btu, \u016bdeni un s\u0101li - tas noz\u012bm\u0113, ka to var 100 % p\u0101rstr\u0101d\u0101t.\" \/>\n<meta property=\"og:url\" content=\"https:\/\/gohike.lv\/ru\/produkts\/haago-kaju-pirkstu-silditajs-paris\/\" \/>\n<meta property=\"og:site_name\" content=\"GoHike\" \/>\n<meta property=\"article:publisher\" content=\"https:\/\/www.facebook.com\/gohike.shop\/\" \/>\n<meta property=\"article:modified_time\" content=\"2026-01-30T16:55:57+00:00\" \/>\n<meta property=\"og:image\" content=\"https:\/\/gohike.lv\/wp-content\/uploads\/2024\/08\/T.webp\" \/>\n\t<meta property=\"og:image:width\" content=\"1080\" \/>\n\t<meta property=\"og:image:height\" content=\"1080\" \/>\n\t<meta property=\"og:image:type\" content=\"image\/webp\" \/>\n<meta name=\"twitter:card\" content=\"summary_large_image\" \/>\n<meta name=\"twitter:title\" content=\"Sild\u012bt\u0101ji un izdz\u012bvo\u0161ana - Roku sild\u012bt\u0101js\" \/>\n<meta name=\"twitter:label1\" content=\"\u041f\u0440\u0438\u043c\u0435\u0440\u043d\u043e\u0435 \u0432\u0440\u0435\u043c\u044f \u0434\u043b\u044f \u0447\u0442\u0435\u043d\u0438\u044f\" \/>\n\t<meta name=\"twitter:data1\" content=\"1 \u043c\u0438\u043d\u0443\u0442\u0430\" \/>\n<script type=\"application\/ld+json\" class=\"yoast-schema-graph\">{\"@context\":\"https:\\\/\\\/schema.org\",\"@graph\":[{\"@type\":[\"WebPage\",\"ItemPage\"],\"@id\":\"https:\\\/\\\/gohike.lv\\\/ru\\\/produkts\\\/haago-kaju-pirkstu-silditajs-paris\\\/\",\"url\":\"https:\\\/\\\/gohike.lv\\\/ru\\\/produkts\\\/haago-kaju-pirkstu-silditajs-paris\\\/\",\"name\":\"H\u00e4ago - Roku sild\u012bt\u0101jsH\u00e4ago - K\u0101ju pirkstu sild\u012bt\u0101js (p\u0101ris)\",\"isPartOf\":{\"@id\":\"https:\\\/\\\/gohike.lv\\\/ru\\\/#website\"},\"primaryImageOfPage\":{\"@id\":\"https:\\\/\\\/gohike.lv\\\/ru\\\/produkts\\\/haago-kaju-pirkstu-silditajs-paris\\\/#primaryimage\"},\"image\":{\"@id\":\"https:\\\/\\\/gohike.lv\\\/ru\\\/produkts\\\/haago-kaju-pirkstu-silditajs-paris\\\/#primaryimage\"},\"thumbnailUrl\":\"https:\\\/\\\/gohike.lv\\\/wp-content\\\/uploads\\\/2024\\\/08\\\/T.webp\",\"datePublished\":\"2024-08-13T10:38:06+00:00\",\"dateModified\":\"2026-01-30T16:55:57+00:00\",\"description\":\"Atvadieties no aukstiem k\u0101ju pirkstiem ar Haago K\u0101ju pirkstu sild\u012bt\u0101jiem!\u0160ie sild\u012bt\u0101ji ir ide\u0101li pavado\u0146i aukst\u0101s dien\u0101s - tos var izmantot visda\u017e\u0101d\u0101kajos apst\u0101k\u013cos, s\u0101kot no sniegot\u0101m kalnu virsotn\u0113m l\u012bdz ruden\u012bg\u0101m dien\u0101m k\u0101d\u0101 dabas tak\u0101. Katrs sild\u012bt\u0101js satur tikai dab\u012bgas sast\u0101vda\u013cas - dzelzs pulveri, aktiv\u0113to ogli, vermikul\u012btu, \u016bdeni un s\u0101li - tas noz\u012bm\u0113, ka to var 100 % p\u0101rstr\u0101d\u0101t.\",\"breadcrumb\":{\"@id\":\"https:\\\/\\\/gohike.lv\\\/ru\\\/produkts\\\/haago-kaju-pirkstu-silditajs-paris\\\/#breadcrumb\"},\"inLanguage\":\"ru-RU\",\"potentialAction\":[{\"@type\":\"ReadAction\",\"target\":[\"https:\\\/\\\/gohike.lv\\\/ru\\\/produkts\\\/haago-kaju-pirkstu-silditajs-paris\\\/\"]}]},{\"@type\":\"ImageObject\",\"inLanguage\":\"ru-RU\",\"@id\":\"https:\\\/\\\/gohike.lv\\\/ru\\\/produkts\\\/haago-kaju-pirkstu-silditajs-paris\\\/#primaryimage\",\"url\":\"https:\\\/\\\/gohike.lv\\\/wp-content\\\/uploads\\\/2024\\\/08\\\/T.webp\",\"contentUrl\":\"https:\\\/\\\/gohike.lv\\\/wp-content\\\/uploads\\\/2024\\\/08\\\/T.webp\",\"width\":1080,\"height\":1080},{\"@type\":\"BreadcrumbList\",\"@id\":\"https:\\\/\\\/gohike.lv\\\/ru\\\/produkts\\\/haago-kaju-pirkstu-silditajs-paris\\\/#breadcrumb\",\"itemListElement\":[{\"@type\":\"ListItem\",\"position\":1,\"name\":\"\u0413\u043b\u0430\u0432\u043d\u0430\u044f\",\"item\":\"https:\\\/\\\/gohike.lv\\\/ru\\\/\"},{\"@type\":\"ListItem\",\"position\":2,\"name\":\"\u041a\u0430\u0442\u0435\u0433\u043e\u0440\u0438\u0438 \u0442\u043e\u0432\u0430\u0440\u043e\u0432\",\"item\":\"https:\\\/\\\/gohike.lv\\\/%d0%ba%d0%b0%d1%82%d0%b5%d0%b3%d0%be%d1%80%d0%b8%d0%b8-%d1%82%d0%be%d0%b2%d0%b0%d1%80%d0%be%d0%b2\\\/\"},{\"@type\":\"ListItem\",\"position\":3,\"name\":\"H\u00e4ago &#8211; K\u0101ju pirkstu sild\u012bt\u0101js (p\u0101ris)\"}]},{\"@type\":\"WebSite\",\"@id\":\"https:\\\/\\\/gohike.lv\\\/ru\\\/#website\",\"url\":\"https:\\\/\\\/gohike.lv\\\/ru\\\/\",\"name\":\"GoHike\",\"description\":\"\",\"publisher\":{\"@id\":\"https:\\\/\\\/gohike.lv\\\/ru\\\/#organization\"},\"potentialAction\":[{\"@type\":\"SearchAction\",\"target\":{\"@type\":\"EntryPoint\",\"urlTemplate\":\"https:\\\/\\\/gohike.lv\\\/ru\\\/?s={search_term_string}\"},\"query-input\":{\"@type\":\"PropertyValueSpecification\",\"valueRequired\":true,\"valueName\":\"search_term_string\"}}],\"inLanguage\":\"ru-RU\"},{\"@type\":\"Organization\",\"@id\":\"https:\\\/\\\/gohike.lv\\\/ru\\\/#organization\",\"name\":\"GoHike\",\"url\":\"https:\\\/\\\/gohike.lv\\\/ru\\\/\",\"logo\":{\"@type\":\"ImageObject\",\"inLanguage\":\"ru-RU\",\"@id\":\"https:\\\/\\\/gohike.lv\\\/ru\\\/#\\\/schema\\\/logo\\\/image\\\/\",\"url\":\"https:\\\/\\\/gohike.lv\\\/wp-content\\\/uploads\\\/2023\\\/08\\\/Logo_GoHike.webp\",\"contentUrl\":\"https:\\\/\\\/gohike.lv\\\/wp-content\\\/uploads\\\/2023\\\/08\\\/Logo_GoHike.webp\",\"width\":512,\"height\":512,\"caption\":\"GoHike\"},\"image\":{\"@id\":\"https:\\\/\\\/gohike.lv\\\/ru\\\/#\\\/schema\\\/logo\\\/image\\\/\"},\"sameAs\":[\"https:\\\/\\\/www.facebook.com\\\/gohike.shop\\\/\",\"https:\\\/\\\/www.instagram.com\\\/gohike.shop\\\/\"]}]}<\/script>\n<!-- \/ Yoast SEO plugin. -->","yoast_head_json":{"title":"H\u00e4ago - Roku sild\u012bt\u0101jsH\u00e4ago - K\u0101ju pirkstu sild\u012bt\u0101js (p\u0101ris)","description":"Atvadieties no aukstiem k\u0101ju pirkstiem ar Haago K\u0101ju pirkstu sild\u012bt\u0101jiem!\u0160ie sild\u012bt\u0101ji ir ide\u0101li pavado\u0146i aukst\u0101s dien\u0101s - tos var izmantot visda\u017e\u0101d\u0101kajos apst\u0101k\u013cos, s\u0101kot no sniegot\u0101m kalnu virsotn\u0113m l\u012bdz ruden\u012bg\u0101m dien\u0101m k\u0101d\u0101 dabas tak\u0101. Katrs sild\u012bt\u0101js satur tikai dab\u012bgas sast\u0101vda\u013cas - dzelzs pulveri, aktiv\u0113to ogli, vermikul\u012btu, \u016bdeni un s\u0101li - tas noz\u012bm\u0113, ka to var 100 % p\u0101rstr\u0101d\u0101t.","robots":{"index":"index","follow":"follow","max-snippet":"max-snippet:-1","max-image-preview":"max-image-preview:large","max-video-preview":"max-video-preview:-1"},"canonical":"https:\/\/gohike.lv\/ru\/produkts\/haago-kaju-pirkstu-silditajs-paris\/","og_locale":"ru_RU","og_type":"article","og_title":"Sild\u012bt\u0101ji un izdz\u012bvo\u0161ana - Roku sild\u012bt\u0101js","og_description":"Atvadieties no aukstiem k\u0101ju pirkstiem ar Haago K\u0101ju pirkstu sild\u012bt\u0101jiem!\u0160ie sild\u012bt\u0101ji ir ide\u0101li pavado\u0146i aukst\u0101s dien\u0101s - tos var izmantot visda\u017e\u0101d\u0101kajos apst\u0101k\u013cos, s\u0101kot no sniegot\u0101m kalnu virsotn\u0113m l\u012bdz ruden\u012bg\u0101m dien\u0101m k\u0101d\u0101 dabas tak\u0101. Katrs sild\u012bt\u0101js satur tikai dab\u012bgas sast\u0101vda\u013cas - dzelzs pulveri, aktiv\u0113to ogli, vermikul\u012btu, \u016bdeni un s\u0101li - tas noz\u012bm\u0113, ka to var 100 % p\u0101rstr\u0101d\u0101t.","og_url":"https:\/\/gohike.lv\/ru\/produkts\/haago-kaju-pirkstu-silditajs-paris\/","og_site_name":"GoHike","article_publisher":"https:\/\/www.facebook.com\/gohike.shop\/","article_modified_time":"2026-01-30T16:55:57+00:00","og_image":[{"width":1080,"height":1080,"url":"https:\/\/gohike.lv\/wp-content\/uploads\/2024\/08\/T.webp","type":"image\/webp"}],"twitter_card":"summary_large_image","twitter_title":"Sild\u012bt\u0101ji un izdz\u012bvo\u0161ana - Roku sild\u012bt\u0101js","twitter_misc":{"\u041f\u0440\u0438\u043c\u0435\u0440\u043d\u043e\u0435 \u0432\u0440\u0435\u043c\u044f \u0434\u043b\u044f \u0447\u0442\u0435\u043d\u0438\u044f":"1 \u043c\u0438\u043d\u0443\u0442\u0430"},"schema":{"@context":"https:\/\/schema.org","@graph":[{"@type":["WebPage","ItemPage"],"@id":"https:\/\/gohike.lv\/ru\/produkts\/haago-kaju-pirkstu-silditajs-paris\/","url":"https:\/\/gohike.lv\/ru\/produkts\/haago-kaju-pirkstu-silditajs-paris\/","name":"H\u00e4ago - Roku sild\u012bt\u0101jsH\u00e4ago - K\u0101ju pirkstu sild\u012bt\u0101js (p\u0101ris)","isPartOf":{"@id":"https:\/\/gohike.lv\/ru\/#website"},"primaryImageOfPage":{"@id":"https:\/\/gohike.lv\/ru\/produkts\/haago-kaju-pirkstu-silditajs-paris\/#primaryimage"},"image":{"@id":"https:\/\/gohike.lv\/ru\/produkts\/haago-kaju-pirkstu-silditajs-paris\/#primaryimage"},"thumbnailUrl":"https:\/\/gohike.lv\/wp-content\/uploads\/2024\/08\/T.webp","datePublished":"2024-08-13T10:38:06+00:00","dateModified":"2026-01-30T16:55:57+00:00","description":"Atvadieties no aukstiem k\u0101ju pirkstiem ar Haago K\u0101ju pirkstu sild\u012bt\u0101jiem!\u0160ie sild\u012bt\u0101ji ir ide\u0101li pavado\u0146i aukst\u0101s dien\u0101s - tos var izmantot visda\u017e\u0101d\u0101kajos apst\u0101k\u013cos, s\u0101kot no sniegot\u0101m kalnu virsotn\u0113m l\u012bdz ruden\u012bg\u0101m dien\u0101m k\u0101d\u0101 dabas tak\u0101. Katrs sild\u012bt\u0101js satur tikai dab\u012bgas sast\u0101vda\u013cas - dzelzs pulveri, aktiv\u0113to ogli, vermikul\u012btu, \u016bdeni un s\u0101li - tas noz\u012bm\u0113, ka to var 100 % p\u0101rstr\u0101d\u0101t.","breadcrumb":{"@id":"https:\/\/gohike.lv\/ru\/produkts\/haago-kaju-pirkstu-silditajs-paris\/#breadcrumb"},"inLanguage":"ru-RU","potentialAction":[{"@type":"ReadAction","target":["https:\/\/gohike.lv\/ru\/produkts\/haago-kaju-pirkstu-silditajs-paris\/"]}]},{"@type":"ImageObject","inLanguage":"ru-RU","@id":"https:\/\/gohike.lv\/ru\/produkts\/haago-kaju-pirkstu-silditajs-paris\/#primaryimage","url":"https:\/\/gohike.lv\/wp-content\/uploads\/2024\/08\/T.webp","contentUrl":"https:\/\/gohike.lv\/wp-content\/uploads\/2024\/08\/T.webp","width":1080,"height":1080},{"@type":"BreadcrumbList","@id":"https:\/\/gohike.lv\/ru\/produkts\/haago-kaju-pirkstu-silditajs-paris\/#breadcrumb","itemListElement":[{"@type":"ListItem","position":1,"name":"\u0413\u043b\u0430\u0432\u043d\u0430\u044f","item":"https:\/\/gohike.lv\/ru\/"},{"@type":"ListItem","position":2,"name":"\u041a\u0430\u0442\u0435\u0433\u043e\u0440\u0438\u0438 \u0442\u043e\u0432\u0430\u0440\u043e\u0432","item":"https:\/\/gohike.lv\/%d0%ba%d0%b0%d1%82%d0%b5%d0%b3%d0%be%d1%80%d0%b8%d0%b8-%d1%82%d0%be%d0%b2%d0%b0%d1%80%d0%be%d0%b2\/"},{"@type":"ListItem","position":3,"name":"H\u00e4ago &#8211; K\u0101ju pirkstu sild\u012bt\u0101js (p\u0101ris)"}]},{"@type":"WebSite","@id":"https:\/\/gohike.lv\/ru\/#website","url":"https:\/\/gohike.lv\/ru\/","name":"GoHike","description":"","publisher":{"@id":"https:\/\/gohike.lv\/ru\/#organization"},"potentialAction":[{"@type":"SearchAction","target":{"@type":"EntryPoint","urlTemplate":"https:\/\/gohike.lv\/ru\/?s={search_term_string}"},"query-input":{"@type":"PropertyValueSpecification","valueRequired":true,"valueName":"search_term_string"}}],"inLanguage":"ru-RU"},{"@type":"Organization","@id":"https:\/\/gohike.lv\/ru\/#organization","name":"GoHike","url":"https:\/\/gohike.lv\/ru\/","logo":{"@type":"ImageObject","inLanguage":"ru-RU","@id":"https:\/\/gohike.lv\/ru\/#\/schema\/logo\/image\/","url":"https:\/\/gohike.lv\/wp-content\/uploads\/2023\/08\/Logo_GoHike.webp","contentUrl":"https:\/\/gohike.lv\/wp-content\/uploads\/2023\/08\/Logo_GoHike.webp","width":512,"height":512,"caption":"GoHike"},"image":{"@id":"https:\/\/gohike.lv\/ru\/#\/schema\/logo\/image\/"},"sameAs":["https:\/\/www.facebook.com\/gohike.shop\/","https:\/\/www.instagram.com\/gohike.shop\/"]}]}},"jetpack_sharing_enabled":true,"_links":{"self":[{"href":"https:\/\/gohike.lv\/ru\/wp-json\/wp\/v2\/product\/61535","targetHints":{"allow":["GET"]}}],"collection":[{"href":"https:\/\/gohike.lv\/ru\/wp-json\/wp\/v2\/product"}],"about":[{"href":"https:\/\/gohike.lv\/ru\/wp-json\/wp\/v2\/types\/product"}],"version-history":[{"count":0,"href":"https:\/\/gohike.lv\/ru\/wp-json\/wp\/v2\/product\/61535\/revisions"}],"wp:featuredmedia":[{"embeddable":true,"href":"https:\/\/gohike.lv\/ru\/wp-json\/wp\/v2\/media\/61542"}],"wp:attachment":[{"href":"https:\/\/gohike.lv\/ru\/wp-json\/wp\/v2\/media?parent=61535"}],"wp:term":[{"taxonomy":"product_brand","embeddable":true,"href":"https:\/\/gohike.lv\/ru\/wp-json\/wp\/v2\/product_brand?post=61535"},{"taxonomy":"product_cat","embeddable":true,"href":"https:\/\/gohike.lv\/ru\/wp-json\/wp\/v2\/product_cat?post=61535"},{"taxonomy":"product_tag","embeddable":true,"href":"https:\/\/gohike.lv\/ru\/wp-json\/wp\/v2\/product_tag?post=61535"}],"curies":[{"name":"wp","href":"https:\/\/api.w.org\/{rel}","templated":true}]}}