{"id":61421,"date":"2024-08-13T12:11:42","date_gmt":"2024-08-13T09:11:42","guid":{"rendered":"https:\/\/gohike.lv\/produkts\/hydroflask-standard-mouth-celojumu-pudele-ar-elastigu-vaku-710-ml\/"},"modified":"2026-01-02T07:24:04","modified_gmt":"2026-01-02T04:24:04","slug":"hydroflask-standard-mouth-celojumu-pudele-ar-elastigu-vaku-710-ml","status":"publish","type":"product","link":"https:\/\/gohike.lv\/ru\/produkts\/hydroflask-standard-mouth-celojumu-pudele-ar-elastigu-vaku-710-ml\/","title":{"rendered":"HydroFlask &#8212; Standard mouth ce\u013cojumu pudele ar elast\u012bgu v\u0101ku 710 ml"},"content":{"rendered":"<p>Hydro Flask liel\u0101kaj\u0101 Standard Mouth pudel\u0113 ir izmantota TempShield\u2122 dubult\u0101s sienas vakuuma izol\u0101cija, kas \u013cauj saglab\u0101t \u016bdeni v\u0113su l\u012bdz pat 24 stund\u0101m un karstu l\u012bdz 12 stund\u0101m. T\u0101 ir notur\u012bga pret kondens\u0101ciju, t\u0101p\u0113c pudele paliek sausa.<br \/>\nIztur\u012bga 18\/8 Pro-Grade ner\u016bs\u0113jo\u0161\u0101 t\u0113rauda konstrukcija.<br \/>\nNesatur BPA un ftal\u0101tus.<br \/>\nTempShield\u2122.<br \/>\nPro-Grade ner\u016bs\u0113jo\u0161ais t\u0113rauds<br \/>\nIzgatavota no 18\/8 ner\u016bs\u0113jo\u0161\u0101 t\u0113rauda, kas neuzs\u016bc gar\u0161u un smar\u017eu.<br \/>\nColor Last\u2122 pulverkr\u0101sas p\u0101rkl\u0101jums. Patent\u0113to pulverkr\u0101sas p\u0101rkl\u0101jumu var mazg\u0101t trauku mazg\u0101jam\u0101 ma\u0161\u012bn\u0101.<br \/>\nAugstums: 31 cm;<br \/>\nTilpums: 710 ml;<br \/>\nDiametrs: 7,14 cm;<br \/>\nSvars: 375 g.<\/p>\n","protected":false},"excerpt":{"rendered":"<p>Hydro Flask standarta 710 ml pudele ir \u0113rta un paroc\u012bga, ar lielu tilpumu.<\/p>\n","protected":false},"featured_media":61423,"template":"","meta":[],"product_brand":[9496],"product_cat":[1012],"product_tag":[],"class_list":{"0":"post-61421","1":"product","2":"type-product","3":"status-publish","4":"has-post-thumbnail","6":"product_brand-hydroflask","7":"product_cat-virtuves-piederumi","8":"pa_izmeriscm-7-1431","9":"pa_produkta-tips-termosi-un-pudeles","10":"pa_spalva-armijas-zals","11":"pa_spalva-oranzs","12":"pa_spalva-roza","13":"pa_spalva-sarkans","14":"pa_tilpums-710ml","16":"first","17":"instock","18":"taxable","19":"shipping-taxable","20":"purchasable","21":"product-type-variable","22":"has-default-attributes"},"raw_content":{"name":"HydroFlask - Standard mouth ce\u013cojumu pudele ar elast\u012bgu v\u0101ku 710 ml","description":"Hydro Flask liel\u0101kaj\u0101 Standard Mouth pudel\u0113 ir izmantota TempShield\u2122 dubult\u0101s sienas vakuuma izol\u0101cija, kas \u013cauj saglab\u0101t \u016bdeni v\u0113su l\u012bdz pat 24 stund\u0101m un karstu l\u012bdz 12 stund\u0101m. T\u0101 ir notur\u012bga pret kondens\u0101ciju, t\u0101p\u0113c pudele paliek sausa.\nIztur\u012bga 18\/8 Pro-Grade ner\u016bs\u0113jo\u0161\u0101 t\u0113rauda konstrukcija.\nNesatur BPA un ftal\u0101tus.\nTempShield\u2122.\nPro-Grade ner\u016bs\u0113jo\u0161ais t\u0113rauds\nIzgatavota no 18\/8 ner\u016bs\u0113jo\u0161\u0101 t\u0113rauda, kas neuzs\u016bc gar\u0161u un smar\u017eu.\nColor Last\u2122 pulverkr\u0101sas p\u0101rkl\u0101jums. Patent\u0113to pulverkr\u0101sas p\u0101rkl\u0101jumu var mazg\u0101t trauku mazg\u0101jam\u0101 ma\u0161\u012bn\u0101.\nAugstums: 31 cm;\nTilpums: 710 ml;\nDiametrs: 7,14 cm;\nSvars: 375 g.","short_description":"Hydro Flask standarta 710 ml pudele ir \u0113rta un paroc\u012bga, ar lielu tilpumu.","status":"publish","sku":"hf0010","original":61421},"wpml":{"translation_type":1,"has_translations":true,"original":61421,"duplicates":[],"translations":{"lv":61421,"en":67717,"ru":null}},"supplier_id":null,"supplier_sku":"","barcode":null,"atum_controlled":true,"out_stock_date":null,"out_stock_threshold":null,"inheritable":false,"inbound_stock":0,"stock_on_hold":0,"sold_today":0,"sales_last_days":0,"reserved_stock":0,"customer_returns":0,"warehouse_damage":0,"lost_in_post":0,"other_logs":0,"out_stock_days":0,"lost_sales":0,"has_location":false,"update_date":"2025-12-30T14:30:33","atum_locations":[],"atum_stock_status":"instock","restock_status":false,"low_stock_amount":"","sales_update_date":"2025-11-13T14:07:35","calc_backorders":null,"yoast_head":"<!-- This site is optimized with the Yoast SEO plugin v27.3 - https:\/\/yoast.com\/product\/yoast-seo-wordpress\/ -->\n<title>Standard mouth ce\u013cojumu pudele ar elast\u012bgu v\u0101ku 710 ml<\/title>\n<meta name=\"description\" content=\"Hydro Flask standarta 710 ml pudele ir \u0113rta un paroc\u012bga, ar lielu tilpumu.\" \/>\n<meta name=\"robots\" content=\"index, follow, max-snippet:-1, max-image-preview:large, max-video-preview:-1\" \/>\n<link rel=\"canonical\" href=\"https:\/\/gohike.lv\/ru\/produkts\/hydroflask-standard-mouth-celojumu-pudele-ar-elastigu-vaku-710-ml\/\" \/>\n<meta property=\"og:locale\" content=\"ru_RU\" \/>\n<meta property=\"og:type\" content=\"article\" \/>\n<meta property=\"og:title\" content=\"Standard mouth ce\u013cojumu pudele ar elast\u012bgu v\u0101ku 710 ml\" \/>\n<meta property=\"og:description\" content=\"Hydro Flask standarta 710 ml pudele ir \u0113rta un paroc\u012bga, ar lielu tilpumu.\" \/>\n<meta property=\"og:url\" content=\"https:\/\/gohike.lv\/ru\/produkts\/hydroflask-standard-mouth-celojumu-pudele-ar-elastigu-vaku-710-ml\/\" \/>\n<meta property=\"og:site_name\" content=\"GoHike\" \/>\n<meta property=\"article:publisher\" content=\"https:\/\/www.facebook.com\/gohike.shop\/\" \/>\n<meta property=\"article:modified_time\" content=\"2026-01-02T04:24:04+00:00\" \/>\n<meta property=\"og:image\" content=\"https:\/\/gohike.lv\/wp-content\/uploads\/2024\/08\/710ml_army.webp\" \/>\n\t<meta property=\"og:image:width\" content=\"600\" \/>\n\t<meta property=\"og:image:height\" content=\"600\" \/>\n\t<meta property=\"og:image:type\" content=\"image\/webp\" \/>\n<meta name=\"twitter:card\" content=\"summary_large_image\" \/>\n<meta name=\"twitter:title\" content=\"Standard mouth ce\u013cojumu pudele ar elast\u012bgu v\u0101ku 710 ml\" \/>\n<meta name=\"twitter:label1\" content=\"\u041f\u0440\u0438\u043c\u0435\u0440\u043d\u043e\u0435 \u0432\u0440\u0435\u043c\u044f \u0434\u043b\u044f \u0447\u0442\u0435\u043d\u0438\u044f\" \/>\n\t<meta name=\"twitter:data1\" content=\"1 \u043c\u0438\u043d\u0443\u0442\u0430\" \/>\n<script type=\"application\/ld+json\" class=\"yoast-schema-graph\">{\"@context\":\"https:\\\/\\\/schema.org\",\"@graph\":[{\"@type\":[\"WebPage\",\"ItemPage\"],\"@id\":\"https:\\\/\\\/gohike.lv\\\/ru\\\/produkts\\\/hydroflask-standard-mouth-celojumu-pudele-ar-elastigu-vaku-710-ml\\\/\",\"url\":\"https:\\\/\\\/gohike.lv\\\/ru\\\/produkts\\\/hydroflask-standard-mouth-celojumu-pudele-ar-elastigu-vaku-710-ml\\\/\",\"name\":\"Standard mouth ce\u013cojumu pudele ar elast\u012bgu v\u0101ku 710 ml\",\"isPartOf\":{\"@id\":\"https:\\\/\\\/gohike.lv\\\/ru\\\/#website\"},\"primaryImageOfPage\":{\"@id\":\"https:\\\/\\\/gohike.lv\\\/ru\\\/produkts\\\/hydroflask-standard-mouth-celojumu-pudele-ar-elastigu-vaku-710-ml\\\/#primaryimage\"},\"image\":{\"@id\":\"https:\\\/\\\/gohike.lv\\\/ru\\\/produkts\\\/hydroflask-standard-mouth-celojumu-pudele-ar-elastigu-vaku-710-ml\\\/#primaryimage\"},\"thumbnailUrl\":\"https:\\\/\\\/gohike.lv\\\/wp-content\\\/uploads\\\/2024\\\/08\\\/710ml_army.webp\",\"datePublished\":\"2024-08-13T09:11:42+00:00\",\"dateModified\":\"2026-01-02T04:24:04+00:00\",\"description\":\"Hydro Flask standarta 710 ml pudele ir \u0113rta un paroc\u012bga, ar lielu tilpumu.\",\"breadcrumb\":{\"@id\":\"https:\\\/\\\/gohike.lv\\\/ru\\\/produkts\\\/hydroflask-standard-mouth-celojumu-pudele-ar-elastigu-vaku-710-ml\\\/#breadcrumb\"},\"inLanguage\":\"ru-RU\",\"potentialAction\":[{\"@type\":\"ReadAction\",\"target\":[\"https:\\\/\\\/gohike.lv\\\/ru\\\/produkts\\\/hydroflask-standard-mouth-celojumu-pudele-ar-elastigu-vaku-710-ml\\\/\"]}]},{\"@type\":\"ImageObject\",\"inLanguage\":\"ru-RU\",\"@id\":\"https:\\\/\\\/gohike.lv\\\/ru\\\/produkts\\\/hydroflask-standard-mouth-celojumu-pudele-ar-elastigu-vaku-710-ml\\\/#primaryimage\",\"url\":\"https:\\\/\\\/gohike.lv\\\/wp-content\\\/uploads\\\/2024\\\/08\\\/710ml_army.webp\",\"contentUrl\":\"https:\\\/\\\/gohike.lv\\\/wp-content\\\/uploads\\\/2024\\\/08\\\/710ml_army.webp\",\"width\":600,\"height\":600},{\"@type\":\"BreadcrumbList\",\"@id\":\"https:\\\/\\\/gohike.lv\\\/ru\\\/produkts\\\/hydroflask-standard-mouth-celojumu-pudele-ar-elastigu-vaku-710-ml\\\/#breadcrumb\",\"itemListElement\":[{\"@type\":\"ListItem\",\"position\":1,\"name\":\"\u0413\u043b\u0430\u0432\u043d\u0430\u044f\",\"item\":\"https:\\\/\\\/gohike.lv\\\/ru\\\/\"},{\"@type\":\"ListItem\",\"position\":2,\"name\":\"\u041a\u0430\u0442\u0435\u0433\u043e\u0440\u0438\u0438 \u0442\u043e\u0432\u0430\u0440\u043e\u0432\",\"item\":\"https:\\\/\\\/gohike.lv\\\/%d0%ba%d0%b0%d1%82%d0%b5%d0%b3%d0%be%d1%80%d0%b8%d0%b8-%d1%82%d0%be%d0%b2%d0%b0%d1%80%d0%be%d0%b2\\\/\"},{\"@type\":\"ListItem\",\"position\":3,\"name\":\"HydroFlask &#8211; Standard mouth ce\u013cojumu pudele ar elast\u012bgu v\u0101ku 710 ml\"}]},{\"@type\":\"WebSite\",\"@id\":\"https:\\\/\\\/gohike.lv\\\/ru\\\/#website\",\"url\":\"https:\\\/\\\/gohike.lv\\\/ru\\\/\",\"name\":\"GoHike\",\"description\":\"\",\"publisher\":{\"@id\":\"https:\\\/\\\/gohike.lv\\\/ru\\\/#organization\"},\"potentialAction\":[{\"@type\":\"SearchAction\",\"target\":{\"@type\":\"EntryPoint\",\"urlTemplate\":\"https:\\\/\\\/gohike.lv\\\/ru\\\/?s={search_term_string}\"},\"query-input\":{\"@type\":\"PropertyValueSpecification\",\"valueRequired\":true,\"valueName\":\"search_term_string\"}}],\"inLanguage\":\"ru-RU\"},{\"@type\":\"Organization\",\"@id\":\"https:\\\/\\\/gohike.lv\\\/ru\\\/#organization\",\"name\":\"GoHike\",\"url\":\"https:\\\/\\\/gohike.lv\\\/ru\\\/\",\"logo\":{\"@type\":\"ImageObject\",\"inLanguage\":\"ru-RU\",\"@id\":\"https:\\\/\\\/gohike.lv\\\/ru\\\/#\\\/schema\\\/logo\\\/image\\\/\",\"url\":\"https:\\\/\\\/gohike.lv\\\/wp-content\\\/uploads\\\/2023\\\/08\\\/Logo_GoHike.webp\",\"contentUrl\":\"https:\\\/\\\/gohike.lv\\\/wp-content\\\/uploads\\\/2023\\\/08\\\/Logo_GoHike.webp\",\"width\":512,\"height\":512,\"caption\":\"GoHike\"},\"image\":{\"@id\":\"https:\\\/\\\/gohike.lv\\\/ru\\\/#\\\/schema\\\/logo\\\/image\\\/\"},\"sameAs\":[\"https:\\\/\\\/www.facebook.com\\\/gohike.shop\\\/\",\"https:\\\/\\\/www.instagram.com\\\/gohike.shop\\\/\"]}]}<\/script>\n<!-- \/ Yoast SEO plugin. -->","yoast_head_json":{"title":"Standard mouth ce\u013cojumu pudele ar elast\u012bgu v\u0101ku 710 ml","description":"Hydro Flask standarta 710 ml pudele ir \u0113rta un paroc\u012bga, ar lielu tilpumu.","robots":{"index":"index","follow":"follow","max-snippet":"max-snippet:-1","max-image-preview":"max-image-preview:large","max-video-preview":"max-video-preview:-1"},"canonical":"https:\/\/gohike.lv\/ru\/produkts\/hydroflask-standard-mouth-celojumu-pudele-ar-elastigu-vaku-710-ml\/","og_locale":"ru_RU","og_type":"article","og_title":"Standard mouth ce\u013cojumu pudele ar elast\u012bgu v\u0101ku 710 ml","og_description":"Hydro Flask standarta 710 ml pudele ir \u0113rta un paroc\u012bga, ar lielu tilpumu.","og_url":"https:\/\/gohike.lv\/ru\/produkts\/hydroflask-standard-mouth-celojumu-pudele-ar-elastigu-vaku-710-ml\/","og_site_name":"GoHike","article_publisher":"https:\/\/www.facebook.com\/gohike.shop\/","article_modified_time":"2026-01-02T04:24:04+00:00","og_image":[{"width":600,"height":600,"url":"https:\/\/gohike.lv\/wp-content\/uploads\/2024\/08\/710ml_army.webp","type":"image\/webp"}],"twitter_card":"summary_large_image","twitter_title":"Standard mouth ce\u013cojumu pudele ar elast\u012bgu v\u0101ku 710 ml","twitter_misc":{"\u041f\u0440\u0438\u043c\u0435\u0440\u043d\u043e\u0435 \u0432\u0440\u0435\u043c\u044f \u0434\u043b\u044f \u0447\u0442\u0435\u043d\u0438\u044f":"1 \u043c\u0438\u043d\u0443\u0442\u0430"},"schema":{"@context":"https:\/\/schema.org","@graph":[{"@type":["WebPage","ItemPage"],"@id":"https:\/\/gohike.lv\/ru\/produkts\/hydroflask-standard-mouth-celojumu-pudele-ar-elastigu-vaku-710-ml\/","url":"https:\/\/gohike.lv\/ru\/produkts\/hydroflask-standard-mouth-celojumu-pudele-ar-elastigu-vaku-710-ml\/","name":"Standard mouth ce\u013cojumu pudele ar elast\u012bgu v\u0101ku 710 ml","isPartOf":{"@id":"https:\/\/gohike.lv\/ru\/#website"},"primaryImageOfPage":{"@id":"https:\/\/gohike.lv\/ru\/produkts\/hydroflask-standard-mouth-celojumu-pudele-ar-elastigu-vaku-710-ml\/#primaryimage"},"image":{"@id":"https:\/\/gohike.lv\/ru\/produkts\/hydroflask-standard-mouth-celojumu-pudele-ar-elastigu-vaku-710-ml\/#primaryimage"},"thumbnailUrl":"https:\/\/gohike.lv\/wp-content\/uploads\/2024\/08\/710ml_army.webp","datePublished":"2024-08-13T09:11:42+00:00","dateModified":"2026-01-02T04:24:04+00:00","description":"Hydro Flask standarta 710 ml pudele ir \u0113rta un paroc\u012bga, ar lielu tilpumu.","breadcrumb":{"@id":"https:\/\/gohike.lv\/ru\/produkts\/hydroflask-standard-mouth-celojumu-pudele-ar-elastigu-vaku-710-ml\/#breadcrumb"},"inLanguage":"ru-RU","potentialAction":[{"@type":"ReadAction","target":["https:\/\/gohike.lv\/ru\/produkts\/hydroflask-standard-mouth-celojumu-pudele-ar-elastigu-vaku-710-ml\/"]}]},{"@type":"ImageObject","inLanguage":"ru-RU","@id":"https:\/\/gohike.lv\/ru\/produkts\/hydroflask-standard-mouth-celojumu-pudele-ar-elastigu-vaku-710-ml\/#primaryimage","url":"https:\/\/gohike.lv\/wp-content\/uploads\/2024\/08\/710ml_army.webp","contentUrl":"https:\/\/gohike.lv\/wp-content\/uploads\/2024\/08\/710ml_army.webp","width":600,"height":600},{"@type":"BreadcrumbList","@id":"https:\/\/gohike.lv\/ru\/produkts\/hydroflask-standard-mouth-celojumu-pudele-ar-elastigu-vaku-710-ml\/#breadcrumb","itemListElement":[{"@type":"ListItem","position":1,"name":"\u0413\u043b\u0430\u0432\u043d\u0430\u044f","item":"https:\/\/gohike.lv\/ru\/"},{"@type":"ListItem","position":2,"name":"\u041a\u0430\u0442\u0435\u0433\u043e\u0440\u0438\u0438 \u0442\u043e\u0432\u0430\u0440\u043e\u0432","item":"https:\/\/gohike.lv\/%d0%ba%d0%b0%d1%82%d0%b5%d0%b3%d0%be%d1%80%d0%b8%d0%b8-%d1%82%d0%be%d0%b2%d0%b0%d1%80%d0%be%d0%b2\/"},{"@type":"ListItem","position":3,"name":"HydroFlask &#8211; Standard mouth ce\u013cojumu pudele ar elast\u012bgu v\u0101ku 710 ml"}]},{"@type":"WebSite","@id":"https:\/\/gohike.lv\/ru\/#website","url":"https:\/\/gohike.lv\/ru\/","name":"GoHike","description":"","publisher":{"@id":"https:\/\/gohike.lv\/ru\/#organization"},"potentialAction":[{"@type":"SearchAction","target":{"@type":"EntryPoint","urlTemplate":"https:\/\/gohike.lv\/ru\/?s={search_term_string}"},"query-input":{"@type":"PropertyValueSpecification","valueRequired":true,"valueName":"search_term_string"}}],"inLanguage":"ru-RU"},{"@type":"Organization","@id":"https:\/\/gohike.lv\/ru\/#organization","name":"GoHike","url":"https:\/\/gohike.lv\/ru\/","logo":{"@type":"ImageObject","inLanguage":"ru-RU","@id":"https:\/\/gohike.lv\/ru\/#\/schema\/logo\/image\/","url":"https:\/\/gohike.lv\/wp-content\/uploads\/2023\/08\/Logo_GoHike.webp","contentUrl":"https:\/\/gohike.lv\/wp-content\/uploads\/2023\/08\/Logo_GoHike.webp","width":512,"height":512,"caption":"GoHike"},"image":{"@id":"https:\/\/gohike.lv\/ru\/#\/schema\/logo\/image\/"},"sameAs":["https:\/\/www.facebook.com\/gohike.shop\/","https:\/\/www.instagram.com\/gohike.shop\/"]}]}},"jetpack_sharing_enabled":true,"_links":{"self":[{"href":"https:\/\/gohike.lv\/ru\/wp-json\/wp\/v2\/product\/61421","targetHints":{"allow":["GET"]}}],"collection":[{"href":"https:\/\/gohike.lv\/ru\/wp-json\/wp\/v2\/product"}],"about":[{"href":"https:\/\/gohike.lv\/ru\/wp-json\/wp\/v2\/types\/product"}],"version-history":[{"count":0,"href":"https:\/\/gohike.lv\/ru\/wp-json\/wp\/v2\/product\/61421\/revisions"}],"wp:featuredmedia":[{"embeddable":true,"href":"https:\/\/gohike.lv\/ru\/wp-json\/wp\/v2\/media\/61423"}],"wp:attachment":[{"href":"https:\/\/gohike.lv\/ru\/wp-json\/wp\/v2\/media?parent=61421"}],"wp:term":[{"taxonomy":"product_brand","embeddable":true,"href":"https:\/\/gohike.lv\/ru\/wp-json\/wp\/v2\/product_brand?post=61421"},{"taxonomy":"product_cat","embeddable":true,"href":"https:\/\/gohike.lv\/ru\/wp-json\/wp\/v2\/product_cat?post=61421"},{"taxonomy":"product_tag","embeddable":true,"href":"https:\/\/gohike.lv\/ru\/wp-json\/wp\/v2\/product_tag?post=61421"}],"curies":[{"name":"wp","href":"https:\/\/api.w.org\/{rel}","templated":true}]}}