{"id":61375,"date":"2024-08-13T12:10:28","date_gmt":"2024-08-13T09:10:28","guid":{"rendered":"https:\/\/gohike.lv\/produkts\/hydroflask-hermetisks-partikas-trauks-591-ml\/"},"modified":"2026-03-23T20:25:41","modified_gmt":"2026-03-23T17:25:41","slug":"hydroflask-hermetisks-partikas-trauks-591-ml","status":"publish","type":"product","link":"https:\/\/gohike.lv\/ru\/produkts\/hydroflask-hermetisks-partikas-trauks-591-ml\/","title":{"rendered":"HydroFlask &#8212; Herm\u0113tisks p\u0101rtikas trauks 591 ml"},"content":{"rendered":"<p>TempShield\u00ae\ufe0f dubultsienu vakuuma izol\u0101cija saglab\u0101 temperat\u016bru vair\u0101kas stundas.<br \/>\nIzgatavots no 18\/8 profesion\u0101l\u0101s kvalit\u0101tes ner\u016bs\u0113jo\u0161\u0101 t\u0113rauda, kas ir iztur\u012bgs un neuzs\u016bc gar\u0161as.<br \/>\nAizv\u0113rt\u0101 veid\u0101 herm\u0113tisks.<br \/>\nViegli satverams v\u0101ks.<br \/>\nIztur\u012bgs Color Last\u2122 pulverkr\u0101sas p\u0101rkl\u0101jums.<br \/>\nBez BPA.<br \/>\nVar mazg\u0101t trauku mazg\u0101jam\u0101 ma\u0161\u012bn\u0101.<br \/>\nNav paredz\u0113ts lieto\u0161anai uz pl\u012bts, mikrovi\u013c\u0146u kr\u0101sn\u012b vai sald\u0113tav\u0101.<br \/>\nIzm\u0113ri:<br \/>\nDiametrs: 10,92 cm;<br \/>\nAugstums: 11,81 cm;<br \/>\nSvars: 439 g.<\/p>\n","protected":false},"excerpt":{"rendered":"<p>Ner\u016bs\u0113jo\u0161\u0101 t\u0113rauda 591 ml herm\u0113tisks un iztur\u012bgs pusdienu trauks ir iztur\u012bgs. TempShield\u00ae saglab\u0101 karstu \u0113dienu svaigu. M\u012bksts rokturis padara atv\u0113r\u0161anu un aizv\u0113r\u0161anu \u013coti vienk\u0101r\u0161u.<\/p>\n","protected":false},"featured_media":61377,"template":"","meta":[],"product_brand":[9496],"product_cat":[1012],"product_tag":[],"class_list":{"0":"post-61375","1":"product","2":"type-product","3":"status-publish","4":"has-post-thumbnail","6":"product_brand-hydroflask","7":"product_cat-virtuves-piederumi","8":"pa_izmeriscm-10111","9":"pa_izmeriscm-10-911","10":"pa_produkta-tips-termosi-un-pudeles","11":"pa_spalva-piparmetra","12":"pa_spalva-tumsi-peleks","13":"pa_spalva-zils","14":"pa_tilpums-591ml","16":"first","17":"outofstock","18":"taxable","19":"shipping-taxable","20":"purchasable","21":"product-type-variable"},"raw_content":{"name":"HydroFlask - Herm\u0113tisks p\u0101rtikas trauks 591 ml","description":"TempShield\u00ae\ufe0f dubultsienu vakuuma izol\u0101cija saglab\u0101 temperat\u016bru vair\u0101kas stundas.\nIzgatavots no 18\/8 profesion\u0101l\u0101s kvalit\u0101tes ner\u016bs\u0113jo\u0161\u0101 t\u0113rauda, kas ir iztur\u012bgs un neuzs\u016bc gar\u0161as.\nAizv\u0113rt\u0101 veid\u0101 herm\u0113tisks.\nViegli satverams v\u0101ks.\nIztur\u012bgs Color Last\u2122 pulverkr\u0101sas p\u0101rkl\u0101jums.\nBez BPA.\nVar mazg\u0101t trauku mazg\u0101jam\u0101 ma\u0161\u012bn\u0101.\nNav paredz\u0113ts lieto\u0161anai uz pl\u012bts, mikrovi\u013c\u0146u kr\u0101sn\u012b vai sald\u0113tav\u0101.\nIzm\u0113ri:\nDiametrs: 10,92 cm;\nAugstums: 11,81 cm;\nSvars: 439 g.","short_description":"Ner\u016bs\u0113jo\u0161\u0101 t\u0113rauda 591 ml herm\u0113tisks un iztur\u012bgs pusdienu trauks ir iztur\u012bgs. TempShield\u00ae saglab\u0101 karstu \u0113dienu svaigu. M\u012bksts rokturis padara atv\u0113r\u0161anu un aizv\u0113r\u0161anu \u013coti vienk\u0101r\u0161u.","status":"publish","sku":"hf0007","original":61375},"wpml":{"translation_type":1,"has_translations":true,"original":61375,"duplicates":[],"translations":{"lv":61375,"en":67736,"ru":null}},"supplier_id":null,"supplier_sku":"","barcode":null,"atum_controlled":true,"out_stock_date":null,"out_stock_threshold":null,"inheritable":true,"inbound_stock":0,"stock_on_hold":0,"sold_today":0,"sales_last_days":0,"reserved_stock":0,"customer_returns":0,"warehouse_damage":0,"lost_in_post":0,"other_logs":0,"out_stock_days":0,"lost_sales":0,"has_location":false,"update_date":"2025-12-30T14:30:33","atum_locations":[],"atum_stock_status":"instock","restock_status":false,"low_stock_amount":"","sales_update_date":"2025-11-13T14:08:32","calc_backorders":null,"yoast_head":"<!-- This site is optimized with the Yoast SEO plugin v27.3 - https:\/\/yoast.com\/product\/yoast-seo-wordpress\/ -->\n<title>Herm\u0113tisks p\u0101rtikas trauks 591 ml<\/title>\n<meta name=\"description\" content=\"Ner\u016bs\u0113jo\u0161\u0101 t\u0113rauda 591 ml herm\u0113tisks un iztur\u012bgs pusdienu trauks ir iztur\u012bgs. TempShield\u00ae saglab\u0101 karstu \u0113dienu svaigu. M\u012bksts rokturis padara atv\u0113r\u0161anu un aizv\u0113r\u0161anu \u013coti vienk\u0101r\u0161u.\" \/>\n<meta name=\"robots\" content=\"index, follow, max-snippet:-1, max-image-preview:large, max-video-preview:-1\" \/>\n<link rel=\"canonical\" href=\"https:\/\/gohike.lv\/ru\/produkts\/hydroflask-hermetisks-partikas-trauks-591-ml\/\" \/>\n<meta property=\"og:locale\" content=\"ru_RU\" \/>\n<meta property=\"og:type\" content=\"article\" \/>\n<meta property=\"og:title\" content=\"Herm\u0113tisks p\u0101rtikas trauks 591 ml\" \/>\n<meta property=\"og:description\" content=\"Ner\u016bs\u0113jo\u0161\u0101 t\u0113rauda 591 ml herm\u0113tisks un iztur\u012bgs pusdienu trauks ir iztur\u012bgs. TempShield\u00ae saglab\u0101 karstu \u0113dienu svaigu. M\u012bksts rokturis padara atv\u0113r\u0161anu un aizv\u0113r\u0161anu \u013coti vienk\u0101r\u0161u.\" \/>\n<meta property=\"og:url\" content=\"https:\/\/gohike.lv\/ru\/produkts\/hydroflask-hermetisks-partikas-trauks-591-ml\/\" \/>\n<meta property=\"og:site_name\" content=\"GoHike\" \/>\n<meta property=\"article:publisher\" content=\"https:\/\/www.facebook.com\/gohike.shop\/\" \/>\n<meta property=\"article:modified_time\" content=\"2026-03-23T17:25:41+00:00\" \/>\n<meta property=\"og:image\" content=\"https:\/\/gohike.lv\/wp-content\/uploads\/2024\/08\/591mlBlue_.webp\" \/>\n\t<meta property=\"og:image:width\" content=\"500\" \/>\n\t<meta property=\"og:image:height\" content=\"500\" \/>\n\t<meta property=\"og:image:type\" content=\"image\/webp\" \/>\n<meta name=\"twitter:card\" content=\"summary_large_image\" \/>\n<meta name=\"twitter:title\" content=\"Herm\u0113tisks p\u0101rtikas trauks 591 ml\" \/>\n<meta name=\"twitter:label1\" content=\"\u041f\u0440\u0438\u043c\u0435\u0440\u043d\u043e\u0435 \u0432\u0440\u0435\u043c\u044f \u0434\u043b\u044f \u0447\u0442\u0435\u043d\u0438\u044f\" \/>\n\t<meta name=\"twitter:data1\" content=\"1 \u043c\u0438\u043d\u0443\u0442\u0430\" \/>\n<script type=\"application\/ld+json\" class=\"yoast-schema-graph\">{\"@context\":\"https:\\\/\\\/schema.org\",\"@graph\":[{\"@type\":[\"WebPage\",\"ItemPage\"],\"@id\":\"https:\\\/\\\/gohike.lv\\\/ru\\\/produkts\\\/hydroflask-hermetisks-partikas-trauks-591-ml\\\/\",\"url\":\"https:\\\/\\\/gohike.lv\\\/ru\\\/produkts\\\/hydroflask-hermetisks-partikas-trauks-591-ml\\\/\",\"name\":\"Herm\u0113tisks p\u0101rtikas trauks 591 ml\",\"isPartOf\":{\"@id\":\"https:\\\/\\\/gohike.lv\\\/ru\\\/#website\"},\"primaryImageOfPage\":{\"@id\":\"https:\\\/\\\/gohike.lv\\\/ru\\\/produkts\\\/hydroflask-hermetisks-partikas-trauks-591-ml\\\/#primaryimage\"},\"image\":{\"@id\":\"https:\\\/\\\/gohike.lv\\\/ru\\\/produkts\\\/hydroflask-hermetisks-partikas-trauks-591-ml\\\/#primaryimage\"},\"thumbnailUrl\":\"https:\\\/\\\/gohike.lv\\\/wp-content\\\/uploads\\\/2024\\\/08\\\/591mlBlue_.webp\",\"datePublished\":\"2024-08-13T09:10:28+00:00\",\"dateModified\":\"2026-03-23T17:25:41+00:00\",\"description\":\"Ner\u016bs\u0113jo\u0161\u0101 t\u0113rauda 591 ml herm\u0113tisks un iztur\u012bgs pusdienu trauks ir iztur\u012bgs. TempShield\u00ae saglab\u0101 karstu \u0113dienu svaigu. M\u012bksts rokturis padara atv\u0113r\u0161anu un aizv\u0113r\u0161anu \u013coti vienk\u0101r\u0161u.\",\"breadcrumb\":{\"@id\":\"https:\\\/\\\/gohike.lv\\\/ru\\\/produkts\\\/hydroflask-hermetisks-partikas-trauks-591-ml\\\/#breadcrumb\"},\"inLanguage\":\"ru-RU\",\"potentialAction\":[{\"@type\":\"ReadAction\",\"target\":[\"https:\\\/\\\/gohike.lv\\\/ru\\\/produkts\\\/hydroflask-hermetisks-partikas-trauks-591-ml\\\/\"]}]},{\"@type\":\"ImageObject\",\"inLanguage\":\"ru-RU\",\"@id\":\"https:\\\/\\\/gohike.lv\\\/ru\\\/produkts\\\/hydroflask-hermetisks-partikas-trauks-591-ml\\\/#primaryimage\",\"url\":\"https:\\\/\\\/gohike.lv\\\/wp-content\\\/uploads\\\/2024\\\/08\\\/591mlBlue_.webp\",\"contentUrl\":\"https:\\\/\\\/gohike.lv\\\/wp-content\\\/uploads\\\/2024\\\/08\\\/591mlBlue_.webp\",\"width\":500,\"height\":500},{\"@type\":\"BreadcrumbList\",\"@id\":\"https:\\\/\\\/gohike.lv\\\/ru\\\/produkts\\\/hydroflask-hermetisks-partikas-trauks-591-ml\\\/#breadcrumb\",\"itemListElement\":[{\"@type\":\"ListItem\",\"position\":1,\"name\":\"\u0413\u043b\u0430\u0432\u043d\u0430\u044f\",\"item\":\"https:\\\/\\\/gohike.lv\\\/ru\\\/\"},{\"@type\":\"ListItem\",\"position\":2,\"name\":\"\u041a\u0430\u0442\u0435\u0433\u043e\u0440\u0438\u0438 \u0442\u043e\u0432\u0430\u0440\u043e\u0432\",\"item\":\"https:\\\/\\\/gohike.lv\\\/%d0%ba%d0%b0%d1%82%d0%b5%d0%b3%d0%be%d1%80%d0%b8%d0%b8-%d1%82%d0%be%d0%b2%d0%b0%d1%80%d0%be%d0%b2\\\/\"},{\"@type\":\"ListItem\",\"position\":3,\"name\":\"HydroFlask &#8211; Herm\u0113tisks p\u0101rtikas trauks 591 ml\"}]},{\"@type\":\"WebSite\",\"@id\":\"https:\\\/\\\/gohike.lv\\\/ru\\\/#website\",\"url\":\"https:\\\/\\\/gohike.lv\\\/ru\\\/\",\"name\":\"GoHike\",\"description\":\"\",\"publisher\":{\"@id\":\"https:\\\/\\\/gohike.lv\\\/ru\\\/#organization\"},\"potentialAction\":[{\"@type\":\"SearchAction\",\"target\":{\"@type\":\"EntryPoint\",\"urlTemplate\":\"https:\\\/\\\/gohike.lv\\\/ru\\\/?s={search_term_string}\"},\"query-input\":{\"@type\":\"PropertyValueSpecification\",\"valueRequired\":true,\"valueName\":\"search_term_string\"}}],\"inLanguage\":\"ru-RU\"},{\"@type\":\"Organization\",\"@id\":\"https:\\\/\\\/gohike.lv\\\/ru\\\/#organization\",\"name\":\"GoHike\",\"url\":\"https:\\\/\\\/gohike.lv\\\/ru\\\/\",\"logo\":{\"@type\":\"ImageObject\",\"inLanguage\":\"ru-RU\",\"@id\":\"https:\\\/\\\/gohike.lv\\\/ru\\\/#\\\/schema\\\/logo\\\/image\\\/\",\"url\":\"https:\\\/\\\/gohike.lv\\\/wp-content\\\/uploads\\\/2023\\\/08\\\/Logo_GoHike.webp\",\"contentUrl\":\"https:\\\/\\\/gohike.lv\\\/wp-content\\\/uploads\\\/2023\\\/08\\\/Logo_GoHike.webp\",\"width\":512,\"height\":512,\"caption\":\"GoHike\"},\"image\":{\"@id\":\"https:\\\/\\\/gohike.lv\\\/ru\\\/#\\\/schema\\\/logo\\\/image\\\/\"},\"sameAs\":[\"https:\\\/\\\/www.facebook.com\\\/gohike.shop\\\/\",\"https:\\\/\\\/www.instagram.com\\\/gohike.shop\\\/\"]}]}<\/script>\n<!-- \/ Yoast SEO plugin. -->","yoast_head_json":{"title":"Herm\u0113tisks p\u0101rtikas trauks 591 ml","description":"Ner\u016bs\u0113jo\u0161\u0101 t\u0113rauda 591 ml herm\u0113tisks un iztur\u012bgs pusdienu trauks ir iztur\u012bgs. TempShield\u00ae saglab\u0101 karstu \u0113dienu svaigu. M\u012bksts rokturis padara atv\u0113r\u0161anu un aizv\u0113r\u0161anu \u013coti vienk\u0101r\u0161u.","robots":{"index":"index","follow":"follow","max-snippet":"max-snippet:-1","max-image-preview":"max-image-preview:large","max-video-preview":"max-video-preview:-1"},"canonical":"https:\/\/gohike.lv\/ru\/produkts\/hydroflask-hermetisks-partikas-trauks-591-ml\/","og_locale":"ru_RU","og_type":"article","og_title":"Herm\u0113tisks p\u0101rtikas trauks 591 ml","og_description":"Ner\u016bs\u0113jo\u0161\u0101 t\u0113rauda 591 ml herm\u0113tisks un iztur\u012bgs pusdienu trauks ir iztur\u012bgs. TempShield\u00ae saglab\u0101 karstu \u0113dienu svaigu. M\u012bksts rokturis padara atv\u0113r\u0161anu un aizv\u0113r\u0161anu \u013coti vienk\u0101r\u0161u.","og_url":"https:\/\/gohike.lv\/ru\/produkts\/hydroflask-hermetisks-partikas-trauks-591-ml\/","og_site_name":"GoHike","article_publisher":"https:\/\/www.facebook.com\/gohike.shop\/","article_modified_time":"2026-03-23T17:25:41+00:00","og_image":[{"width":500,"height":500,"url":"https:\/\/gohike.lv\/wp-content\/uploads\/2024\/08\/591mlBlue_.webp","type":"image\/webp"}],"twitter_card":"summary_large_image","twitter_title":"Herm\u0113tisks p\u0101rtikas trauks 591 ml","twitter_misc":{"\u041f\u0440\u0438\u043c\u0435\u0440\u043d\u043e\u0435 \u0432\u0440\u0435\u043c\u044f \u0434\u043b\u044f \u0447\u0442\u0435\u043d\u0438\u044f":"1 \u043c\u0438\u043d\u0443\u0442\u0430"},"schema":{"@context":"https:\/\/schema.org","@graph":[{"@type":["WebPage","ItemPage"],"@id":"https:\/\/gohike.lv\/ru\/produkts\/hydroflask-hermetisks-partikas-trauks-591-ml\/","url":"https:\/\/gohike.lv\/ru\/produkts\/hydroflask-hermetisks-partikas-trauks-591-ml\/","name":"Herm\u0113tisks p\u0101rtikas trauks 591 ml","isPartOf":{"@id":"https:\/\/gohike.lv\/ru\/#website"},"primaryImageOfPage":{"@id":"https:\/\/gohike.lv\/ru\/produkts\/hydroflask-hermetisks-partikas-trauks-591-ml\/#primaryimage"},"image":{"@id":"https:\/\/gohike.lv\/ru\/produkts\/hydroflask-hermetisks-partikas-trauks-591-ml\/#primaryimage"},"thumbnailUrl":"https:\/\/gohike.lv\/wp-content\/uploads\/2024\/08\/591mlBlue_.webp","datePublished":"2024-08-13T09:10:28+00:00","dateModified":"2026-03-23T17:25:41+00:00","description":"Ner\u016bs\u0113jo\u0161\u0101 t\u0113rauda 591 ml herm\u0113tisks un iztur\u012bgs pusdienu trauks ir iztur\u012bgs. TempShield\u00ae saglab\u0101 karstu \u0113dienu svaigu. M\u012bksts rokturis padara atv\u0113r\u0161anu un aizv\u0113r\u0161anu \u013coti vienk\u0101r\u0161u.","breadcrumb":{"@id":"https:\/\/gohike.lv\/ru\/produkts\/hydroflask-hermetisks-partikas-trauks-591-ml\/#breadcrumb"},"inLanguage":"ru-RU","potentialAction":[{"@type":"ReadAction","target":["https:\/\/gohike.lv\/ru\/produkts\/hydroflask-hermetisks-partikas-trauks-591-ml\/"]}]},{"@type":"ImageObject","inLanguage":"ru-RU","@id":"https:\/\/gohike.lv\/ru\/produkts\/hydroflask-hermetisks-partikas-trauks-591-ml\/#primaryimage","url":"https:\/\/gohike.lv\/wp-content\/uploads\/2024\/08\/591mlBlue_.webp","contentUrl":"https:\/\/gohike.lv\/wp-content\/uploads\/2024\/08\/591mlBlue_.webp","width":500,"height":500},{"@type":"BreadcrumbList","@id":"https:\/\/gohike.lv\/ru\/produkts\/hydroflask-hermetisks-partikas-trauks-591-ml\/#breadcrumb","itemListElement":[{"@type":"ListItem","position":1,"name":"\u0413\u043b\u0430\u0432\u043d\u0430\u044f","item":"https:\/\/gohike.lv\/ru\/"},{"@type":"ListItem","position":2,"name":"\u041a\u0430\u0442\u0435\u0433\u043e\u0440\u0438\u0438 \u0442\u043e\u0432\u0430\u0440\u043e\u0432","item":"https:\/\/gohike.lv\/%d0%ba%d0%b0%d1%82%d0%b5%d0%b3%d0%be%d1%80%d0%b8%d0%b8-%d1%82%d0%be%d0%b2%d0%b0%d1%80%d0%be%d0%b2\/"},{"@type":"ListItem","position":3,"name":"HydroFlask &#8211; Herm\u0113tisks p\u0101rtikas trauks 591 ml"}]},{"@type":"WebSite","@id":"https:\/\/gohike.lv\/ru\/#website","url":"https:\/\/gohike.lv\/ru\/","name":"GoHike","description":"","publisher":{"@id":"https:\/\/gohike.lv\/ru\/#organization"},"potentialAction":[{"@type":"SearchAction","target":{"@type":"EntryPoint","urlTemplate":"https:\/\/gohike.lv\/ru\/?s={search_term_string}"},"query-input":{"@type":"PropertyValueSpecification","valueRequired":true,"valueName":"search_term_string"}}],"inLanguage":"ru-RU"},{"@type":"Organization","@id":"https:\/\/gohike.lv\/ru\/#organization","name":"GoHike","url":"https:\/\/gohike.lv\/ru\/","logo":{"@type":"ImageObject","inLanguage":"ru-RU","@id":"https:\/\/gohike.lv\/ru\/#\/schema\/logo\/image\/","url":"https:\/\/gohike.lv\/wp-content\/uploads\/2023\/08\/Logo_GoHike.webp","contentUrl":"https:\/\/gohike.lv\/wp-content\/uploads\/2023\/08\/Logo_GoHike.webp","width":512,"height":512,"caption":"GoHike"},"image":{"@id":"https:\/\/gohike.lv\/ru\/#\/schema\/logo\/image\/"},"sameAs":["https:\/\/www.facebook.com\/gohike.shop\/","https:\/\/www.instagram.com\/gohike.shop\/"]}]}},"jetpack_sharing_enabled":true,"_links":{"self":[{"href":"https:\/\/gohike.lv\/ru\/wp-json\/wp\/v2\/product\/61375","targetHints":{"allow":["GET"]}}],"collection":[{"href":"https:\/\/gohike.lv\/ru\/wp-json\/wp\/v2\/product"}],"about":[{"href":"https:\/\/gohike.lv\/ru\/wp-json\/wp\/v2\/types\/product"}],"version-history":[{"count":0,"href":"https:\/\/gohike.lv\/ru\/wp-json\/wp\/v2\/product\/61375\/revisions"}],"wp:featuredmedia":[{"embeddable":true,"href":"https:\/\/gohike.lv\/ru\/wp-json\/wp\/v2\/media\/61377"}],"wp:attachment":[{"href":"https:\/\/gohike.lv\/ru\/wp-json\/wp\/v2\/media?parent=61375"}],"wp:term":[{"taxonomy":"product_brand","embeddable":true,"href":"https:\/\/gohike.lv\/ru\/wp-json\/wp\/v2\/product_brand?post=61375"},{"taxonomy":"product_cat","embeddable":true,"href":"https:\/\/gohike.lv\/ru\/wp-json\/wp\/v2\/product_cat?post=61375"},{"taxonomy":"product_tag","embeddable":true,"href":"https:\/\/gohike.lv\/ru\/wp-json\/wp\/v2\/product_tag?post=61375"}],"curies":[{"name":"wp","href":"https:\/\/api.w.org\/{rel}","templated":true}]}}