{"id":61306,"date":"2024-08-13T12:08:58","date_gmt":"2024-08-13T09:08:58","guid":{"rendered":"https:\/\/gohike.lv\/produkts\/hydroflask-viegla-celojumu-pudele-710-ml\/"},"modified":"2026-01-02T07:11:51","modified_gmt":"2026-01-02T04:11:51","slug":"hydroflask-viegla-celojumu-pudele-710-ml","status":"publish","type":"product","link":"https:\/\/gohike.lv\/ru\/produkts\/hydroflask-viegla-celojumu-pudele-710-ml\/","title":{"rendered":"HydroFlask &#8212; Viegla ce\u013cojumu pudele 710 ml"},"content":{"rendered":"<p>Liels pudeles kakls \u013cauj pievienot ledu. Pudeles dizains izveidots t\u0101, lai to b\u016btu \u0113rti p\u0101rn\u0113s\u0101t mugursomas s\u0101na kabat\u0101.<br \/>\nPar 25 % viegl\u0101ka nek\u0101 citas 710 ml pudeles.<br \/>\nTempShield\u00ae\ufe0f dubultsienu vakuuma izol\u0101cija saglab\u0101 dz\u0113rienus aukstus l\u012bdz 24 stund\u0101m, karstus &#8212; l\u012bdz 12 stund\u0101m.<br \/>\nIzgatavota no 18\/8 profesion\u0101l\u0101s kvalit\u0101tes ner\u016bs\u0113jo\u0161\u0101 t\u0113rauda, \u200b\u200bkas ir iztur\u012bgs un neuzs\u016bc gar\u0161as.<br \/>\nElast\u012bga perfor\u0113ta siksna un alum\u012bnija \u0161arn\u012bri samazina svaru.<br \/>\nPudele ir piem\u0113rota liel\u0101kajai da\u013cai \u016bdens filtru.<br \/>\nBez BPA.<br \/>\nNav paredz\u0113ta lieto\u0161anai uz pl\u012bts, mikrovi\u013c\u0146u kr\u0101sn\u012b vai sald\u0113tav\u0101.<br \/>\nIzm\u0113ri:<br \/>\nTilpums: 710 ml;<br \/>\nDiametrs: 8,1 cm;<br \/>\nAugstums: 25,9 cm;<br \/>\nSvars: 283 g.<\/p>\n","protected":false},"excerpt":{"rendered":"<p>Iztur\u012bga un par 25 % viegl\u0101ka nek\u0101 citas 710 ml pudeles. Ner\u016bs\u0113jo\u0161\u0101 t\u0113rauda, herm\u0113tiska \u016bdens pudele ir paredz\u0113ta p\u0101rg\u0101jieniem.<\/p>\n","protected":false},"featured_media":61308,"template":"","meta":[],"product_brand":[9496],"product_cat":[1012],"product_tag":[],"class_list":{"0":"post-61306","1":"product","2":"type-product","3":"status-publish","4":"has-post-thumbnail","6":"product_brand-hydroflask","7":"product_cat-virtuves-piederumi","8":"pa_izmeriscm-10107","9":"pa_produkta-tips-termosi-un-pudeles","10":"pa_spalva-armijas-zals","11":"pa_spalva-bruns","12":"pa_spalva-peleks","13":"pa_spalva-zils","14":"pa_tilpums-710ml","16":"first","17":"instock","18":"taxable","19":"shipping-taxable","20":"purchasable","21":"product-type-variable"},"raw_content":{"name":"HydroFlask - Viegla ce\u013cojumu pudele 710 ml","description":"Liels pudeles kakls \u013cauj pievienot ledu. Pudeles dizains izveidots t\u0101, lai to b\u016btu \u0113rti p\u0101rn\u0113s\u0101t mugursomas s\u0101na kabat\u0101.\nPar 25 % viegl\u0101ka nek\u0101 citas 710 ml pudeles.\nTempShield\u00ae\ufe0f dubultsienu vakuuma izol\u0101cija saglab\u0101 dz\u0113rienus aukstus l\u012bdz 24 stund\u0101m, karstus - l\u012bdz 12 stund\u0101m.\nIzgatavota no 18\/8 profesion\u0101l\u0101s kvalit\u0101tes ner\u016bs\u0113jo\u0161\u0101 t\u0113rauda, \u200b\u200bkas ir iztur\u012bgs un neuzs\u016bc gar\u0161as.\nElast\u012bga perfor\u0113ta siksna un alum\u012bnija \u0161arn\u012bri samazina svaru.\nPudele ir piem\u0113rota liel\u0101kajai da\u013cai \u016bdens filtru.\nBez BPA.\nNav paredz\u0113ta lieto\u0161anai uz pl\u012bts, mikrovi\u013c\u0146u kr\u0101sn\u012b vai sald\u0113tav\u0101.\nIzm\u0113ri:\nTilpums: 710 ml;\nDiametrs: 8,1 cm;\nAugstums: 25,9 cm;\nSvars: 283 g.","short_description":"Iztur\u012bga un par 25 % viegl\u0101ka nek\u0101 citas 710 ml pudeles. Ner\u016bs\u0113jo\u0161\u0101 t\u0113rauda, herm\u0113tiska \u016bdens pudele ir paredz\u0113ta p\u0101rg\u0101jieniem.","status":"publish","sku":"hf0003","original":61306},"wpml":{"translation_type":1,"has_translations":true,"original":61306,"duplicates":[],"translations":{"lv":61306,"en":67696,"ru":null}},"supplier_id":null,"supplier_sku":"","barcode":null,"atum_controlled":true,"out_stock_date":null,"out_stock_threshold":null,"inheritable":true,"inbound_stock":0,"stock_on_hold":0,"sold_today":0,"sales_last_days":0,"reserved_stock":0,"customer_returns":0,"warehouse_damage":0,"lost_in_post":0,"other_logs":0,"out_stock_days":0,"lost_sales":0,"has_location":false,"update_date":"2025-12-30T14:30:33","atum_locations":[],"atum_stock_status":"instock","restock_status":false,"low_stock_amount":"","sales_update_date":"2025-11-13T14:08:31","calc_backorders":null,"yoast_head":"<!-- This site is optimized with the Yoast SEO plugin v27.3 - https:\/\/yoast.com\/product\/yoast-seo-wordpress\/ -->\n<title>Viegla ce\u013cojumu pudele 710 ml<\/title>\n<meta name=\"description\" content=\"Iztur\u012bga un par 25 % viegl\u0101ka nek\u0101 citas 710 ml pudeles. Ner\u016bs\u0113jo\u0161\u0101 t\u0113rauda, herm\u0113tiska \u016bdens pudele ir paredz\u0113ta p\u0101rg\u0101jieniem.\" \/>\n<meta name=\"robots\" content=\"index, follow, max-snippet:-1, max-image-preview:large, max-video-preview:-1\" \/>\n<link rel=\"canonical\" href=\"https:\/\/gohike.lv\/ru\/produkts\/hydroflask-viegla-celojumu-pudele-710-ml\/\" \/>\n<meta property=\"og:locale\" content=\"ru_RU\" \/>\n<meta property=\"og:type\" content=\"article\" \/>\n<meta property=\"og:title\" content=\"Viegla ce\u013cojumu pudele 710 ml\" \/>\n<meta property=\"og:description\" content=\"Iztur\u012bga un par 25 % viegl\u0101ka nek\u0101 citas 710 ml pudeles. Ner\u016bs\u0113jo\u0161\u0101 t\u0113rauda, herm\u0113tiska \u016bdens pudele ir paredz\u0113ta p\u0101rg\u0101jieniem.\" \/>\n<meta property=\"og:url\" content=\"https:\/\/gohike.lv\/ru\/produkts\/hydroflask-viegla-celojumu-pudele-710-ml\/\" \/>\n<meta property=\"og:site_name\" content=\"GoHike\" \/>\n<meta property=\"article:publisher\" content=\"https:\/\/www.facebook.com\/gohike.shop\/\" \/>\n<meta property=\"article:modified_time\" content=\"2026-01-02T04:11:51+00:00\" \/>\n<meta property=\"og:image\" content=\"https:\/\/gohike.lv\/wp-content\/uploads\/2024\/08\/710mlFlask_brown_.webp\" \/>\n\t<meta property=\"og:image:width\" content=\"1748\" \/>\n\t<meta property=\"og:image:height\" content=\"1748\" \/>\n\t<meta property=\"og:image:type\" content=\"image\/webp\" \/>\n<meta name=\"twitter:card\" content=\"summary_large_image\" \/>\n<meta name=\"twitter:title\" content=\"Viegla ce\u013cojumu pudele 710 ml\" \/>\n<meta name=\"twitter:label1\" content=\"\u041f\u0440\u0438\u043c\u0435\u0440\u043d\u043e\u0435 \u0432\u0440\u0435\u043c\u044f \u0434\u043b\u044f \u0447\u0442\u0435\u043d\u0438\u044f\" \/>\n\t<meta name=\"twitter:data1\" content=\"1 \u043c\u0438\u043d\u0443\u0442\u0430\" \/>\n<script type=\"application\/ld+json\" class=\"yoast-schema-graph\">{\"@context\":\"https:\\\/\\\/schema.org\",\"@graph\":[{\"@type\":[\"WebPage\",\"ItemPage\"],\"@id\":\"https:\\\/\\\/gohike.lv\\\/ru\\\/produkts\\\/hydroflask-viegla-celojumu-pudele-710-ml\\\/\",\"url\":\"https:\\\/\\\/gohike.lv\\\/ru\\\/produkts\\\/hydroflask-viegla-celojumu-pudele-710-ml\\\/\",\"name\":\"Viegla ce\u013cojumu pudele 710 ml\",\"isPartOf\":{\"@id\":\"https:\\\/\\\/gohike.lv\\\/ru\\\/#website\"},\"primaryImageOfPage\":{\"@id\":\"https:\\\/\\\/gohike.lv\\\/ru\\\/produkts\\\/hydroflask-viegla-celojumu-pudele-710-ml\\\/#primaryimage\"},\"image\":{\"@id\":\"https:\\\/\\\/gohike.lv\\\/ru\\\/produkts\\\/hydroflask-viegla-celojumu-pudele-710-ml\\\/#primaryimage\"},\"thumbnailUrl\":\"https:\\\/\\\/gohike.lv\\\/wp-content\\\/uploads\\\/2024\\\/08\\\/710mlFlask_brown_.webp\",\"datePublished\":\"2024-08-13T09:08:58+00:00\",\"dateModified\":\"2026-01-02T04:11:51+00:00\",\"description\":\"Iztur\u012bga un par 25 % viegl\u0101ka nek\u0101 citas 710 ml pudeles. Ner\u016bs\u0113jo\u0161\u0101 t\u0113rauda, herm\u0113tiska \u016bdens pudele ir paredz\u0113ta p\u0101rg\u0101jieniem.\",\"breadcrumb\":{\"@id\":\"https:\\\/\\\/gohike.lv\\\/ru\\\/produkts\\\/hydroflask-viegla-celojumu-pudele-710-ml\\\/#breadcrumb\"},\"inLanguage\":\"ru-RU\",\"potentialAction\":[{\"@type\":\"ReadAction\",\"target\":[\"https:\\\/\\\/gohike.lv\\\/ru\\\/produkts\\\/hydroflask-viegla-celojumu-pudele-710-ml\\\/\"]}]},{\"@type\":\"ImageObject\",\"inLanguage\":\"ru-RU\",\"@id\":\"https:\\\/\\\/gohike.lv\\\/ru\\\/produkts\\\/hydroflask-viegla-celojumu-pudele-710-ml\\\/#primaryimage\",\"url\":\"https:\\\/\\\/gohike.lv\\\/wp-content\\\/uploads\\\/2024\\\/08\\\/710mlFlask_brown_.webp\",\"contentUrl\":\"https:\\\/\\\/gohike.lv\\\/wp-content\\\/uploads\\\/2024\\\/08\\\/710mlFlask_brown_.webp\",\"width\":1748,\"height\":1748},{\"@type\":\"BreadcrumbList\",\"@id\":\"https:\\\/\\\/gohike.lv\\\/ru\\\/produkts\\\/hydroflask-viegla-celojumu-pudele-710-ml\\\/#breadcrumb\",\"itemListElement\":[{\"@type\":\"ListItem\",\"position\":1,\"name\":\"\u0413\u043b\u0430\u0432\u043d\u0430\u044f\",\"item\":\"https:\\\/\\\/gohike.lv\\\/ru\\\/\"},{\"@type\":\"ListItem\",\"position\":2,\"name\":\"\u041a\u0430\u0442\u0435\u0433\u043e\u0440\u0438\u0438 \u0442\u043e\u0432\u0430\u0440\u043e\u0432\",\"item\":\"https:\\\/\\\/gohike.lv\\\/%d0%ba%d0%b0%d1%82%d0%b5%d0%b3%d0%be%d1%80%d0%b8%d0%b8-%d1%82%d0%be%d0%b2%d0%b0%d1%80%d0%be%d0%b2\\\/\"},{\"@type\":\"ListItem\",\"position\":3,\"name\":\"HydroFlask &#8211; Viegla ce\u013cojumu pudele 710 ml\"}]},{\"@type\":\"WebSite\",\"@id\":\"https:\\\/\\\/gohike.lv\\\/ru\\\/#website\",\"url\":\"https:\\\/\\\/gohike.lv\\\/ru\\\/\",\"name\":\"GoHike\",\"description\":\"\",\"publisher\":{\"@id\":\"https:\\\/\\\/gohike.lv\\\/ru\\\/#organization\"},\"potentialAction\":[{\"@type\":\"SearchAction\",\"target\":{\"@type\":\"EntryPoint\",\"urlTemplate\":\"https:\\\/\\\/gohike.lv\\\/ru\\\/?s={search_term_string}\"},\"query-input\":{\"@type\":\"PropertyValueSpecification\",\"valueRequired\":true,\"valueName\":\"search_term_string\"}}],\"inLanguage\":\"ru-RU\"},{\"@type\":\"Organization\",\"@id\":\"https:\\\/\\\/gohike.lv\\\/ru\\\/#organization\",\"name\":\"GoHike\",\"url\":\"https:\\\/\\\/gohike.lv\\\/ru\\\/\",\"logo\":{\"@type\":\"ImageObject\",\"inLanguage\":\"ru-RU\",\"@id\":\"https:\\\/\\\/gohike.lv\\\/ru\\\/#\\\/schema\\\/logo\\\/image\\\/\",\"url\":\"https:\\\/\\\/gohike.lv\\\/wp-content\\\/uploads\\\/2023\\\/08\\\/Logo_GoHike.webp\",\"contentUrl\":\"https:\\\/\\\/gohike.lv\\\/wp-content\\\/uploads\\\/2023\\\/08\\\/Logo_GoHike.webp\",\"width\":512,\"height\":512,\"caption\":\"GoHike\"},\"image\":{\"@id\":\"https:\\\/\\\/gohike.lv\\\/ru\\\/#\\\/schema\\\/logo\\\/image\\\/\"},\"sameAs\":[\"https:\\\/\\\/www.facebook.com\\\/gohike.shop\\\/\",\"https:\\\/\\\/www.instagram.com\\\/gohike.shop\\\/\"]}]}<\/script>\n<!-- \/ Yoast SEO plugin. -->","yoast_head_json":{"title":"Viegla ce\u013cojumu pudele 710 ml","description":"Iztur\u012bga un par 25 % viegl\u0101ka nek\u0101 citas 710 ml pudeles. Ner\u016bs\u0113jo\u0161\u0101 t\u0113rauda, herm\u0113tiska \u016bdens pudele ir paredz\u0113ta p\u0101rg\u0101jieniem.","robots":{"index":"index","follow":"follow","max-snippet":"max-snippet:-1","max-image-preview":"max-image-preview:large","max-video-preview":"max-video-preview:-1"},"canonical":"https:\/\/gohike.lv\/ru\/produkts\/hydroflask-viegla-celojumu-pudele-710-ml\/","og_locale":"ru_RU","og_type":"article","og_title":"Viegla ce\u013cojumu pudele 710 ml","og_description":"Iztur\u012bga un par 25 % viegl\u0101ka nek\u0101 citas 710 ml pudeles. Ner\u016bs\u0113jo\u0161\u0101 t\u0113rauda, herm\u0113tiska \u016bdens pudele ir paredz\u0113ta p\u0101rg\u0101jieniem.","og_url":"https:\/\/gohike.lv\/ru\/produkts\/hydroflask-viegla-celojumu-pudele-710-ml\/","og_site_name":"GoHike","article_publisher":"https:\/\/www.facebook.com\/gohike.shop\/","article_modified_time":"2026-01-02T04:11:51+00:00","og_image":[{"width":1748,"height":1748,"url":"https:\/\/gohike.lv\/wp-content\/uploads\/2024\/08\/710mlFlask_brown_.webp","type":"image\/webp"}],"twitter_card":"summary_large_image","twitter_title":"Viegla ce\u013cojumu pudele 710 ml","twitter_misc":{"\u041f\u0440\u0438\u043c\u0435\u0440\u043d\u043e\u0435 \u0432\u0440\u0435\u043c\u044f \u0434\u043b\u044f \u0447\u0442\u0435\u043d\u0438\u044f":"1 \u043c\u0438\u043d\u0443\u0442\u0430"},"schema":{"@context":"https:\/\/schema.org","@graph":[{"@type":["WebPage","ItemPage"],"@id":"https:\/\/gohike.lv\/ru\/produkts\/hydroflask-viegla-celojumu-pudele-710-ml\/","url":"https:\/\/gohike.lv\/ru\/produkts\/hydroflask-viegla-celojumu-pudele-710-ml\/","name":"Viegla ce\u013cojumu pudele 710 ml","isPartOf":{"@id":"https:\/\/gohike.lv\/ru\/#website"},"primaryImageOfPage":{"@id":"https:\/\/gohike.lv\/ru\/produkts\/hydroflask-viegla-celojumu-pudele-710-ml\/#primaryimage"},"image":{"@id":"https:\/\/gohike.lv\/ru\/produkts\/hydroflask-viegla-celojumu-pudele-710-ml\/#primaryimage"},"thumbnailUrl":"https:\/\/gohike.lv\/wp-content\/uploads\/2024\/08\/710mlFlask_brown_.webp","datePublished":"2024-08-13T09:08:58+00:00","dateModified":"2026-01-02T04:11:51+00:00","description":"Iztur\u012bga un par 25 % viegl\u0101ka nek\u0101 citas 710 ml pudeles. Ner\u016bs\u0113jo\u0161\u0101 t\u0113rauda, herm\u0113tiska \u016bdens pudele ir paredz\u0113ta p\u0101rg\u0101jieniem.","breadcrumb":{"@id":"https:\/\/gohike.lv\/ru\/produkts\/hydroflask-viegla-celojumu-pudele-710-ml\/#breadcrumb"},"inLanguage":"ru-RU","potentialAction":[{"@type":"ReadAction","target":["https:\/\/gohike.lv\/ru\/produkts\/hydroflask-viegla-celojumu-pudele-710-ml\/"]}]},{"@type":"ImageObject","inLanguage":"ru-RU","@id":"https:\/\/gohike.lv\/ru\/produkts\/hydroflask-viegla-celojumu-pudele-710-ml\/#primaryimage","url":"https:\/\/gohike.lv\/wp-content\/uploads\/2024\/08\/710mlFlask_brown_.webp","contentUrl":"https:\/\/gohike.lv\/wp-content\/uploads\/2024\/08\/710mlFlask_brown_.webp","width":1748,"height":1748},{"@type":"BreadcrumbList","@id":"https:\/\/gohike.lv\/ru\/produkts\/hydroflask-viegla-celojumu-pudele-710-ml\/#breadcrumb","itemListElement":[{"@type":"ListItem","position":1,"name":"\u0413\u043b\u0430\u0432\u043d\u0430\u044f","item":"https:\/\/gohike.lv\/ru\/"},{"@type":"ListItem","position":2,"name":"\u041a\u0430\u0442\u0435\u0433\u043e\u0440\u0438\u0438 \u0442\u043e\u0432\u0430\u0440\u043e\u0432","item":"https:\/\/gohike.lv\/%d0%ba%d0%b0%d1%82%d0%b5%d0%b3%d0%be%d1%80%d0%b8%d0%b8-%d1%82%d0%be%d0%b2%d0%b0%d1%80%d0%be%d0%b2\/"},{"@type":"ListItem","position":3,"name":"HydroFlask &#8211; Viegla ce\u013cojumu pudele 710 ml"}]},{"@type":"WebSite","@id":"https:\/\/gohike.lv\/ru\/#website","url":"https:\/\/gohike.lv\/ru\/","name":"GoHike","description":"","publisher":{"@id":"https:\/\/gohike.lv\/ru\/#organization"},"potentialAction":[{"@type":"SearchAction","target":{"@type":"EntryPoint","urlTemplate":"https:\/\/gohike.lv\/ru\/?s={search_term_string}"},"query-input":{"@type":"PropertyValueSpecification","valueRequired":true,"valueName":"search_term_string"}}],"inLanguage":"ru-RU"},{"@type":"Organization","@id":"https:\/\/gohike.lv\/ru\/#organization","name":"GoHike","url":"https:\/\/gohike.lv\/ru\/","logo":{"@type":"ImageObject","inLanguage":"ru-RU","@id":"https:\/\/gohike.lv\/ru\/#\/schema\/logo\/image\/","url":"https:\/\/gohike.lv\/wp-content\/uploads\/2023\/08\/Logo_GoHike.webp","contentUrl":"https:\/\/gohike.lv\/wp-content\/uploads\/2023\/08\/Logo_GoHike.webp","width":512,"height":512,"caption":"GoHike"},"image":{"@id":"https:\/\/gohike.lv\/ru\/#\/schema\/logo\/image\/"},"sameAs":["https:\/\/www.facebook.com\/gohike.shop\/","https:\/\/www.instagram.com\/gohike.shop\/"]}]}},"jetpack_sharing_enabled":true,"_links":{"self":[{"href":"https:\/\/gohike.lv\/ru\/wp-json\/wp\/v2\/product\/61306","targetHints":{"allow":["GET"]}}],"collection":[{"href":"https:\/\/gohike.lv\/ru\/wp-json\/wp\/v2\/product"}],"about":[{"href":"https:\/\/gohike.lv\/ru\/wp-json\/wp\/v2\/types\/product"}],"version-history":[{"count":0,"href":"https:\/\/gohike.lv\/ru\/wp-json\/wp\/v2\/product\/61306\/revisions"}],"wp:featuredmedia":[{"embeddable":true,"href":"https:\/\/gohike.lv\/ru\/wp-json\/wp\/v2\/media\/61308"}],"wp:attachment":[{"href":"https:\/\/gohike.lv\/ru\/wp-json\/wp\/v2\/media?parent=61306"}],"wp:term":[{"taxonomy":"product_brand","embeddable":true,"href":"https:\/\/gohike.lv\/ru\/wp-json\/wp\/v2\/product_brand?post=61306"},{"taxonomy":"product_cat","embeddable":true,"href":"https:\/\/gohike.lv\/ru\/wp-json\/wp\/v2\/product_cat?post=61306"},{"taxonomy":"product_tag","embeddable":true,"href":"https:\/\/gohike.lv\/ru\/wp-json\/wp\/v2\/product_tag?post=61306"}],"curies":[{"name":"wp","href":"https:\/\/api.w.org\/{rel}","templated":true}]}}