{"id":61252,"date":"2024-08-13T12:07:23","date_gmt":"2024-08-13T09:07:23","guid":{"rendered":"https:\/\/gohike.lv\/produkts\/hydroflask-termpudele-berniem-ar-salminu-un-gumijas-uzmavu-350-ml\/"},"modified":"2025-12-30T17:24:33","modified_gmt":"2025-12-30T14:24:33","slug":"hydroflask-termpudele-berniem-ar-salminu-un-gumijas-uzmavu-350-ml","status":"publish","type":"product","link":"https:\/\/gohike.lv\/ru\/produkts\/hydroflask-termpudele-berniem-ar-salminu-un-gumijas-uzmavu-350-ml\/","title":{"rendered":"HydroFlask &#8212; Termpudele b\u0113rniem ar salmi\u0146u un gumijas uzmavu 350 ml"},"content":{"rendered":"<p>Apak\u0161\u0101 vieta, kur ierakst\u012bt b\u0113rna v\u0101rdu.<br \/>\n\u0112rta pudele ar herm\u0113tiku v\u0101ci\u0146u un salmi\u0146u.<br \/>\nHydro Flask termopudeles TempShield\u00ae\ufe0f dubultsienu vakuuma izol\u0101cija saglab\u0101 dz\u0113rienus aukstus l\u012bdz 24 stund\u0101m un karstus l\u012bdz 12 stund\u0101m.<br \/>\nIzgatavota no 18\/8 augst\u0101k\u0101s klases ner\u016bs\u0113jo\u0161\u0101 t\u0113rauda, kas ir iztur\u012bgs un neuzs\u016bc gar\u0161as un smar\u017eas.<br \/>\nIztur\u012bgs Color Last\u2122 \u0101r\u0113jais pulvera p\u0101rkl\u0101jums. Plats kakli\u0146\u0161, lai viegli ieliktu ledus gabali\u0146us. Pudele ir piem\u0113rota liel\u0101kajai da\u013cai portat\u012bvo \u016bdens filtru.<br \/>\nNesatur BPA.<br \/>\nDr\u012bkst mazg\u0101t trauku mazg\u0101jam\u0101 ma\u0161\u012bn\u0101.<br \/>\nNav paredz\u0113ta lieto\u0161anai uz pl\u012bts, mikrovi\u013c\u0146u kr\u0101sn\u012b vai sald\u0113tav\u0101.<br \/>\nUzman\u012bbu! Flex Straw salmi\u0146a v\u0101ci\u0146\u0161 nav paredz\u0113ts lieto\u0161anai karstiem dz\u0113rieniem.<br \/>\nSvars: 272 grami;<br \/>\nTilpums: 350 ml.<\/p>\n","protected":false},"excerpt":{"rendered":"<p>Termopudele ar gumijas uzmavu \u012bpa\u0161i izstr\u0101d\u0101ta b\u0113rniem no 3 g.v.<\/p>\n","protected":false},"featured_media":61254,"template":"","meta":[],"product_brand":[9496],"product_cat":[1012],"product_tag":[],"class_list":{"0":"post-61252","1":"product","2":"type-product","3":"status-publish","4":"has-post-thumbnail","6":"product_brand-hydroflask","7":"product_cat-virtuves-piederumi","8":"pa_produkta-tips-termosi-un-pudeles","9":"pa_spalva-piparmetra","10":"pa_tilpums-350ml","12":"first","13":"outofstock","14":"taxable","15":"shipping-taxable","16":"purchasable","17":"product-type-simple"},"raw_content":{"name":"HydroFlask - Termpudele b\u0113rniem ar salmi\u0146u un gumijas uzmavu 350 ml","description":"Apak\u0161\u0101 vieta, kur ierakst\u012bt b\u0113rna v\u0101rdu.\n\u0112rta pudele ar herm\u0113tiku v\u0101ci\u0146u un salmi\u0146u.\nHydro Flask termopudeles TempShield\u00ae\ufe0f dubultsienu vakuuma izol\u0101cija saglab\u0101 dz\u0113rienus aukstus l\u012bdz 24 stund\u0101m un karstus l\u012bdz 12 stund\u0101m.\nIzgatavota no 18\/8 augst\u0101k\u0101s klases ner\u016bs\u0113jo\u0161\u0101 t\u0113rauda, kas ir iztur\u012bgs un neuzs\u016bc gar\u0161as un smar\u017eas.\nIztur\u012bgs Color Last\u2122 \u0101r\u0113jais pulvera p\u0101rkl\u0101jums. Plats kakli\u0146\u0161, lai viegli ieliktu ledus gabali\u0146us. Pudele ir piem\u0113rota liel\u0101kajai da\u013cai portat\u012bvo \u016bdens filtru.\nNesatur BPA.\nDr\u012bkst mazg\u0101t trauku mazg\u0101jam\u0101 ma\u0161\u012bn\u0101.\nNav paredz\u0113ta lieto\u0161anai uz pl\u012bts, mikrovi\u013c\u0146u kr\u0101sn\u012b vai sald\u0113tav\u0101.\nUzman\u012bbu! Flex Straw salmi\u0146a v\u0101ci\u0146\u0161 nav paredz\u0113ts lieto\u0161anai karstiem dz\u0113rieniem.\nSvars: 272 grami;\nTilpums: 350 ml.","short_description":"Termopudele ar gumijas uzmavu \u012bpa\u0161i izstr\u0101d\u0101ta b\u0113rniem no 3 g.v.","status":"publish","sku":"W12BSWBB441","original":61252},"wpml":{"translation_type":1,"has_translations":true,"original":61252,"duplicates":[],"translations":{"lv":61252,"en":67234,"ru":null}},"supplier_id":null,"supplier_sku":"","barcode":null,"atum_controlled":true,"out_stock_date":"2025-09-13 22:44:51","out_stock_threshold":null,"inheritable":false,"inbound_stock":0,"stock_on_hold":0,"sold_today":0,"sales_last_days":0,"reserved_stock":0,"customer_returns":0,"warehouse_damage":0,"lost_in_post":0,"other_logs":0,"out_stock_days":60,"lost_sales":0,"has_location":false,"update_date":"2025-12-30T14:30:33","atum_locations":[],"atum_stock_status":"outofstock","restock_status":false,"low_stock_amount":"","sales_update_date":"2025-11-13T14:09:00","calc_backorders":null,"yoast_head":"<!-- This site is optimized with the Yoast SEO plugin v27.3 - https:\/\/yoast.com\/product\/yoast-seo-wordpress\/ -->\n<title>HydroFlask - Termpudele b\u0113rniem ar salmi\u0146u un gumijas uzmavu 350 ml<\/title>\n<meta name=\"description\" content=\"Termopudele ar gumijas uzmavu \u012bpa\u0161i izstr\u0101d\u0101ta b\u0113rniem no 3 g.v.\" \/>\n<meta name=\"robots\" content=\"index, follow, max-snippet:-1, max-image-preview:large, max-video-preview:-1\" \/>\n<link rel=\"canonical\" href=\"https:\/\/gohike.lv\/ru\/produkts\/hydroflask-termpudele-berniem-ar-salminu-un-gumijas-uzmavu-350-ml\/\" \/>\n<meta property=\"og:locale\" content=\"ru_RU\" \/>\n<meta property=\"og:type\" content=\"article\" \/>\n<meta property=\"og:title\" content=\"HydroFlask - Termpudele b\u0113rniem ar salmi\u0146u un gumijas uzmavu 350 ml\" \/>\n<meta property=\"og:description\" content=\"Termopudele ar gumijas uzmavu \u012bpa\u0161i izstr\u0101d\u0101ta b\u0113rniem no 3 g.v.\" \/>\n<meta property=\"og:url\" content=\"https:\/\/gohike.lv\/ru\/produkts\/hydroflask-termpudele-berniem-ar-salminu-un-gumijas-uzmavu-350-ml\/\" \/>\n<meta property=\"og:site_name\" content=\"GoHike\" \/>\n<meta property=\"article:publisher\" content=\"https:\/\/www.facebook.com\/gohike.shop\/\" \/>\n<meta property=\"article:modified_time\" content=\"2025-12-30T14:24:33+00:00\" \/>\n<meta property=\"og:image\" content=\"https:\/\/gohike.lv\/wp-content\/uploads\/2024\/08\/350mlKids_.webp\" \/>\n\t<meta property=\"og:image:width\" content=\"1000\" \/>\n\t<meta property=\"og:image:height\" content=\"1000\" \/>\n\t<meta property=\"og:image:type\" content=\"image\/webp\" \/>\n<meta name=\"twitter:card\" content=\"summary_large_image\" \/>\n<meta name=\"twitter:title\" content=\"HydroFlask - Termpudele b\u0113rniem ar salmi\u0146u un gumijas uzmavu 350 ml\" \/>\n<meta name=\"twitter:label1\" content=\"\u041f\u0440\u0438\u043c\u0435\u0440\u043d\u043e\u0435 \u0432\u0440\u0435\u043c\u044f \u0434\u043b\u044f \u0447\u0442\u0435\u043d\u0438\u044f\" \/>\n\t<meta name=\"twitter:data1\" content=\"1 \u043c\u0438\u043d\u0443\u0442\u0430\" \/>\n<script type=\"application\/ld+json\" class=\"yoast-schema-graph\">{\"@context\":\"https:\\\/\\\/schema.org\",\"@graph\":[{\"@type\":[\"WebPage\",\"ItemPage\"],\"@id\":\"https:\\\/\\\/gohike.lv\\\/ru\\\/produkts\\\/hydroflask-termpudele-berniem-ar-salminu-un-gumijas-uzmavu-350-ml\\\/\",\"url\":\"https:\\\/\\\/gohike.lv\\\/ru\\\/produkts\\\/hydroflask-termpudele-berniem-ar-salminu-un-gumijas-uzmavu-350-ml\\\/\",\"name\":\"HydroFlask - Termpudele b\u0113rniem ar salmi\u0146u un gumijas uzmavu 350 ml\",\"isPartOf\":{\"@id\":\"https:\\\/\\\/gohike.lv\\\/ru\\\/#website\"},\"primaryImageOfPage\":{\"@id\":\"https:\\\/\\\/gohike.lv\\\/ru\\\/produkts\\\/hydroflask-termpudele-berniem-ar-salminu-un-gumijas-uzmavu-350-ml\\\/#primaryimage\"},\"image\":{\"@id\":\"https:\\\/\\\/gohike.lv\\\/ru\\\/produkts\\\/hydroflask-termpudele-berniem-ar-salminu-un-gumijas-uzmavu-350-ml\\\/#primaryimage\"},\"thumbnailUrl\":\"https:\\\/\\\/gohike.lv\\\/wp-content\\\/uploads\\\/2024\\\/08\\\/350mlKids_.webp\",\"datePublished\":\"2024-08-13T09:07:23+00:00\",\"dateModified\":\"2025-12-30T14:24:33+00:00\",\"description\":\"Termopudele ar gumijas uzmavu \u012bpa\u0161i izstr\u0101d\u0101ta b\u0113rniem no 3 g.v.\",\"breadcrumb\":{\"@id\":\"https:\\\/\\\/gohike.lv\\\/ru\\\/produkts\\\/hydroflask-termpudele-berniem-ar-salminu-un-gumijas-uzmavu-350-ml\\\/#breadcrumb\"},\"inLanguage\":\"ru-RU\",\"potentialAction\":[{\"@type\":\"ReadAction\",\"target\":[\"https:\\\/\\\/gohike.lv\\\/ru\\\/produkts\\\/hydroflask-termpudele-berniem-ar-salminu-un-gumijas-uzmavu-350-ml\\\/\"]}]},{\"@type\":\"ImageObject\",\"inLanguage\":\"ru-RU\",\"@id\":\"https:\\\/\\\/gohike.lv\\\/ru\\\/produkts\\\/hydroflask-termpudele-berniem-ar-salminu-un-gumijas-uzmavu-350-ml\\\/#primaryimage\",\"url\":\"https:\\\/\\\/gohike.lv\\\/wp-content\\\/uploads\\\/2024\\\/08\\\/350mlKids_.webp\",\"contentUrl\":\"https:\\\/\\\/gohike.lv\\\/wp-content\\\/uploads\\\/2024\\\/08\\\/350mlKids_.webp\",\"width\":1000,\"height\":1000},{\"@type\":\"BreadcrumbList\",\"@id\":\"https:\\\/\\\/gohike.lv\\\/ru\\\/produkts\\\/hydroflask-termpudele-berniem-ar-salminu-un-gumijas-uzmavu-350-ml\\\/#breadcrumb\",\"itemListElement\":[{\"@type\":\"ListItem\",\"position\":1,\"name\":\"\u0413\u043b\u0430\u0432\u043d\u0430\u044f\",\"item\":\"https:\\\/\\\/gohike.lv\\\/ru\\\/\"},{\"@type\":\"ListItem\",\"position\":2,\"name\":\"\u041a\u0430\u0442\u0435\u0433\u043e\u0440\u0438\u0438 \u0442\u043e\u0432\u0430\u0440\u043e\u0432\",\"item\":\"https:\\\/\\\/gohike.lv\\\/%d0%ba%d0%b0%d1%82%d0%b5%d0%b3%d0%be%d1%80%d0%b8%d0%b8-%d1%82%d0%be%d0%b2%d0%b0%d1%80%d0%be%d0%b2\\\/\"},{\"@type\":\"ListItem\",\"position\":3,\"name\":\"HydroFlask &#8211; Termpudele b\u0113rniem ar salmi\u0146u un gumijas uzmavu 350 ml\"}]},{\"@type\":\"WebSite\",\"@id\":\"https:\\\/\\\/gohike.lv\\\/ru\\\/#website\",\"url\":\"https:\\\/\\\/gohike.lv\\\/ru\\\/\",\"name\":\"GoHike\",\"description\":\"\",\"publisher\":{\"@id\":\"https:\\\/\\\/gohike.lv\\\/ru\\\/#organization\"},\"potentialAction\":[{\"@type\":\"SearchAction\",\"target\":{\"@type\":\"EntryPoint\",\"urlTemplate\":\"https:\\\/\\\/gohike.lv\\\/ru\\\/?s={search_term_string}\"},\"query-input\":{\"@type\":\"PropertyValueSpecification\",\"valueRequired\":true,\"valueName\":\"search_term_string\"}}],\"inLanguage\":\"ru-RU\"},{\"@type\":\"Organization\",\"@id\":\"https:\\\/\\\/gohike.lv\\\/ru\\\/#organization\",\"name\":\"GoHike\",\"url\":\"https:\\\/\\\/gohike.lv\\\/ru\\\/\",\"logo\":{\"@type\":\"ImageObject\",\"inLanguage\":\"ru-RU\",\"@id\":\"https:\\\/\\\/gohike.lv\\\/ru\\\/#\\\/schema\\\/logo\\\/image\\\/\",\"url\":\"https:\\\/\\\/gohike.lv\\\/wp-content\\\/uploads\\\/2023\\\/08\\\/Logo_GoHike.webp\",\"contentUrl\":\"https:\\\/\\\/gohike.lv\\\/wp-content\\\/uploads\\\/2023\\\/08\\\/Logo_GoHike.webp\",\"width\":512,\"height\":512,\"caption\":\"GoHike\"},\"image\":{\"@id\":\"https:\\\/\\\/gohike.lv\\\/ru\\\/#\\\/schema\\\/logo\\\/image\\\/\"},\"sameAs\":[\"https:\\\/\\\/www.facebook.com\\\/gohike.shop\\\/\",\"https:\\\/\\\/www.instagram.com\\\/gohike.shop\\\/\"]}]}<\/script>\n<!-- \/ Yoast SEO plugin. -->","yoast_head_json":{"title":"HydroFlask - Termpudele b\u0113rniem ar salmi\u0146u un gumijas uzmavu 350 ml","description":"Termopudele ar gumijas uzmavu \u012bpa\u0161i izstr\u0101d\u0101ta b\u0113rniem no 3 g.v.","robots":{"index":"index","follow":"follow","max-snippet":"max-snippet:-1","max-image-preview":"max-image-preview:large","max-video-preview":"max-video-preview:-1"},"canonical":"https:\/\/gohike.lv\/ru\/produkts\/hydroflask-termpudele-berniem-ar-salminu-un-gumijas-uzmavu-350-ml\/","og_locale":"ru_RU","og_type":"article","og_title":"HydroFlask - Termpudele b\u0113rniem ar salmi\u0146u un gumijas uzmavu 350 ml","og_description":"Termopudele ar gumijas uzmavu \u012bpa\u0161i izstr\u0101d\u0101ta b\u0113rniem no 3 g.v.","og_url":"https:\/\/gohike.lv\/ru\/produkts\/hydroflask-termpudele-berniem-ar-salminu-un-gumijas-uzmavu-350-ml\/","og_site_name":"GoHike","article_publisher":"https:\/\/www.facebook.com\/gohike.shop\/","article_modified_time":"2025-12-30T14:24:33+00:00","og_image":[{"width":1000,"height":1000,"url":"https:\/\/gohike.lv\/wp-content\/uploads\/2024\/08\/350mlKids_.webp","type":"image\/webp"}],"twitter_card":"summary_large_image","twitter_title":"HydroFlask - Termpudele b\u0113rniem ar salmi\u0146u un gumijas uzmavu 350 ml","twitter_misc":{"\u041f\u0440\u0438\u043c\u0435\u0440\u043d\u043e\u0435 \u0432\u0440\u0435\u043c\u044f \u0434\u043b\u044f \u0447\u0442\u0435\u043d\u0438\u044f":"1 \u043c\u0438\u043d\u0443\u0442\u0430"},"schema":{"@context":"https:\/\/schema.org","@graph":[{"@type":["WebPage","ItemPage"],"@id":"https:\/\/gohike.lv\/ru\/produkts\/hydroflask-termpudele-berniem-ar-salminu-un-gumijas-uzmavu-350-ml\/","url":"https:\/\/gohike.lv\/ru\/produkts\/hydroflask-termpudele-berniem-ar-salminu-un-gumijas-uzmavu-350-ml\/","name":"HydroFlask - Termpudele b\u0113rniem ar salmi\u0146u un gumijas uzmavu 350 ml","isPartOf":{"@id":"https:\/\/gohike.lv\/ru\/#website"},"primaryImageOfPage":{"@id":"https:\/\/gohike.lv\/ru\/produkts\/hydroflask-termpudele-berniem-ar-salminu-un-gumijas-uzmavu-350-ml\/#primaryimage"},"image":{"@id":"https:\/\/gohike.lv\/ru\/produkts\/hydroflask-termpudele-berniem-ar-salminu-un-gumijas-uzmavu-350-ml\/#primaryimage"},"thumbnailUrl":"https:\/\/gohike.lv\/wp-content\/uploads\/2024\/08\/350mlKids_.webp","datePublished":"2024-08-13T09:07:23+00:00","dateModified":"2025-12-30T14:24:33+00:00","description":"Termopudele ar gumijas uzmavu \u012bpa\u0161i izstr\u0101d\u0101ta b\u0113rniem no 3 g.v.","breadcrumb":{"@id":"https:\/\/gohike.lv\/ru\/produkts\/hydroflask-termpudele-berniem-ar-salminu-un-gumijas-uzmavu-350-ml\/#breadcrumb"},"inLanguage":"ru-RU","potentialAction":[{"@type":"ReadAction","target":["https:\/\/gohike.lv\/ru\/produkts\/hydroflask-termpudele-berniem-ar-salminu-un-gumijas-uzmavu-350-ml\/"]}]},{"@type":"ImageObject","inLanguage":"ru-RU","@id":"https:\/\/gohike.lv\/ru\/produkts\/hydroflask-termpudele-berniem-ar-salminu-un-gumijas-uzmavu-350-ml\/#primaryimage","url":"https:\/\/gohike.lv\/wp-content\/uploads\/2024\/08\/350mlKids_.webp","contentUrl":"https:\/\/gohike.lv\/wp-content\/uploads\/2024\/08\/350mlKids_.webp","width":1000,"height":1000},{"@type":"BreadcrumbList","@id":"https:\/\/gohike.lv\/ru\/produkts\/hydroflask-termpudele-berniem-ar-salminu-un-gumijas-uzmavu-350-ml\/#breadcrumb","itemListElement":[{"@type":"ListItem","position":1,"name":"\u0413\u043b\u0430\u0432\u043d\u0430\u044f","item":"https:\/\/gohike.lv\/ru\/"},{"@type":"ListItem","position":2,"name":"\u041a\u0430\u0442\u0435\u0433\u043e\u0440\u0438\u0438 \u0442\u043e\u0432\u0430\u0440\u043e\u0432","item":"https:\/\/gohike.lv\/%d0%ba%d0%b0%d1%82%d0%b5%d0%b3%d0%be%d1%80%d0%b8%d0%b8-%d1%82%d0%be%d0%b2%d0%b0%d1%80%d0%be%d0%b2\/"},{"@type":"ListItem","position":3,"name":"HydroFlask &#8211; Termpudele b\u0113rniem ar salmi\u0146u un gumijas uzmavu 350 ml"}]},{"@type":"WebSite","@id":"https:\/\/gohike.lv\/ru\/#website","url":"https:\/\/gohike.lv\/ru\/","name":"GoHike","description":"","publisher":{"@id":"https:\/\/gohike.lv\/ru\/#organization"},"potentialAction":[{"@type":"SearchAction","target":{"@type":"EntryPoint","urlTemplate":"https:\/\/gohike.lv\/ru\/?s={search_term_string}"},"query-input":{"@type":"PropertyValueSpecification","valueRequired":true,"valueName":"search_term_string"}}],"inLanguage":"ru-RU"},{"@type":"Organization","@id":"https:\/\/gohike.lv\/ru\/#organization","name":"GoHike","url":"https:\/\/gohike.lv\/ru\/","logo":{"@type":"ImageObject","inLanguage":"ru-RU","@id":"https:\/\/gohike.lv\/ru\/#\/schema\/logo\/image\/","url":"https:\/\/gohike.lv\/wp-content\/uploads\/2023\/08\/Logo_GoHike.webp","contentUrl":"https:\/\/gohike.lv\/wp-content\/uploads\/2023\/08\/Logo_GoHike.webp","width":512,"height":512,"caption":"GoHike"},"image":{"@id":"https:\/\/gohike.lv\/ru\/#\/schema\/logo\/image\/"},"sameAs":["https:\/\/www.facebook.com\/gohike.shop\/","https:\/\/www.instagram.com\/gohike.shop\/"]}]}},"jetpack_sharing_enabled":true,"_links":{"self":[{"href":"https:\/\/gohike.lv\/ru\/wp-json\/wp\/v2\/product\/61252","targetHints":{"allow":["GET"]}}],"collection":[{"href":"https:\/\/gohike.lv\/ru\/wp-json\/wp\/v2\/product"}],"about":[{"href":"https:\/\/gohike.lv\/ru\/wp-json\/wp\/v2\/types\/product"}],"version-history":[{"count":1,"href":"https:\/\/gohike.lv\/ru\/wp-json\/wp\/v2\/product\/61252\/revisions"}],"predecessor-version":[{"id":118896,"href":"https:\/\/gohike.lv\/ru\/wp-json\/wp\/v2\/product\/61252\/revisions\/118896"}],"wp:featuredmedia":[{"embeddable":true,"href":"https:\/\/gohike.lv\/ru\/wp-json\/wp\/v2\/media\/61254"}],"wp:attachment":[{"href":"https:\/\/gohike.lv\/ru\/wp-json\/wp\/v2\/media?parent=61252"}],"wp:term":[{"taxonomy":"product_brand","embeddable":true,"href":"https:\/\/gohike.lv\/ru\/wp-json\/wp\/v2\/product_brand?post=61252"},{"taxonomy":"product_cat","embeddable":true,"href":"https:\/\/gohike.lv\/ru\/wp-json\/wp\/v2\/product_cat?post=61252"},{"taxonomy":"product_tag","embeddable":true,"href":"https:\/\/gohike.lv\/ru\/wp-json\/wp\/v2\/product_tag?post=61252"}],"curies":[{"name":"wp","href":"https:\/\/api.w.org\/{rel}","templated":true}]}}