{"id":61242,"date":"2024-08-13T12:07:23","date_gmt":"2024-08-13T09:07:23","guid":{"rendered":"https:\/\/gohike.lv\/produkts\/hydroflask-galda-piederumu-komplekts-hydro-flask\/"},"modified":"2026-01-23T20:21:36","modified_gmt":"2026-01-23T17:21:36","slug":"hydroflask-galda-piederumu-komplekts-hydro-flask","status":"publish","type":"product","link":"https:\/\/gohike.lv\/ru\/produkts\/hydroflask-galda-piederumu-komplekts-hydro-flask\/","title":{"rendered":"HydroFlask &#8212; Galda piederumu komplekts"},"content":{"rendered":"<p>2-da\u013c\u012bgs ner\u016bs\u0113jo\u0161\u0101 t\u0113rauda serv\u0113\u0161anas karo\u0161u komplekts.<br \/>\nAugsta karstuma iztur\u012bba.<br \/>\nViegli transport\u0113jamas, p\u0101rn\u0113s\u0101jama un uzglab\u0101jamas.<br \/>\nVar mazg\u0101t trauku mazg\u0101jam\u0101 ma\u0161\u012bn\u0101.<br \/>\nNesatur BPA.<\/p>\n","protected":false},"excerpt":{"rendered":"<p>Augstas kvalit\u0101tes un iztur\u012bgs karo\u0161u komplekts, kas sp\u0113j iztur\u0113t augstu temperat\u016bru un ilgsto\u0161u lieto\u0161anu. HYDRO FLASK karotes &#8212; divda\u013c\u012bgs komplekts, kur\u0101 ietilpst gan rievotas karotes, gan serv\u0113\u0161anas karotes.<br \/>\n\u0160\u012bs karotes ir izgatavotas no augstas kvalit\u0101tes materi\u0101liem, t\u0101p\u0113c ir \u013coti iztur\u012bgas. T\u0101s ir viegli mazg\u0101jamas trauku mazg\u0101jamaj\u0101 ma\u0161\u012bn\u0101.<\/p>\n","protected":false},"featured_media":61244,"template":"","meta":[],"product_brand":[9496],"product_cat":[12743],"product_tag":[],"class_list":{"0":"post-61242","1":"product","2":"type-product","3":"status-publish","4":"has-post-thumbnail","6":"product_brand-hydroflask","7":"product_cat-12743","8":"pa_produkta-tips-12746","10":"first","11":"outofstock","12":"taxable","13":"shipping-taxable","14":"purchasable","15":"product-type-simple"},"raw_content":{"name":"HydroFlask - Galda piederumu komplekts","description":"2-da\u013c\u012bgs ner\u016bs\u0113jo\u0161\u0101 t\u0113rauda serv\u0113\u0161anas karo\u0161u komplekts.\nAugsta karstuma iztur\u012bba.\nViegli transport\u0113jamas, p\u0101rn\u0113s\u0101jama un uzglab\u0101jamas.\nVar mazg\u0101t trauku mazg\u0101jam\u0101 ma\u0161\u012bn\u0101.\nNesatur BPA.","short_description":"Augstas kvalit\u0101tes un iztur\u012bgs karo\u0161u komplekts, kas sp\u0113j iztur\u0113t augstu temperat\u016bru un ilgsto\u0161u lieto\u0161anu. HYDRO FLASK karotes - divda\u013c\u012bgs komplekts, kur\u0101 ietilpst gan rievotas karotes, gan serv\u0113\u0161anas karotes.\r\n\u0160\u012bs karotes ir izgatavotas no augstas kvalit\u0101tes materi\u0101liem, t\u0101p\u0113c ir \u013coti iztur\u012bgas. T\u0101s ir viegli mazg\u0101jamas trauku mazg\u0101jamaj\u0101 ma\u0161\u012bn\u0101.","status":"publish","sku":"OKSS035","original":61242},"wpml":{"translation_type":1,"has_translations":true,"original":61242,"duplicates":[],"translations":{"lv":61242,"en":67235,"ru":null}},"supplier_id":null,"supplier_sku":"","barcode":null,"atum_controlled":true,"out_stock_date":"2026-01-23 19:03:36","out_stock_threshold":null,"inheritable":false,"inbound_stock":0,"stock_on_hold":0,"sold_today":0,"sales_last_days":0,"reserved_stock":0,"customer_returns":0,"warehouse_damage":0,"lost_in_post":0,"other_logs":0,"out_stock_days":0,"lost_sales":0,"has_location":false,"update_date":"2026-01-23T17:21:38","atum_locations":[],"atum_stock_status":"outofstock","restock_status":false,"low_stock_amount":"","sales_update_date":"2025-11-13T14:08:59","calc_backorders":null,"yoast_head":"<!-- This site is optimized with the Yoast SEO plugin v27.3 - https:\/\/yoast.com\/product\/yoast-seo-wordpress\/ -->\n<title>HydroFlask - Galda piederumu komplekts<\/title>\n<meta name=\"description\" content=\"Augstas kvalit\u0101tes un iztur\u012bgs karo\u0161u komplekts, kas sp\u0113j iztur\u0113t augstu temperat\u016bru un ilgsto\u0161u lieto\u0161anu. HYDRO FLASK karotes - divda\u013c\u012bgs komplekts, kur\u0101 ietilpst gan rievotas karotes, gan serv\u0113\u0161anas karotes. \u0160\u012bs karotes ir izgatavotas no augstas kvalit\u0101tes materi\u0101liem, t\u0101p\u0113c ir \u013coti iztur\u012bgas. T\u0101s ir viegli mazg\u0101jamas trauku mazg\u0101jamaj\u0101 ma\u0161\u012bn\u0101.\" \/>\n<meta name=\"robots\" content=\"index, follow, max-snippet:-1, max-image-preview:large, max-video-preview:-1\" \/>\n<link rel=\"canonical\" href=\"https:\/\/gohike.lv\/ru\/produkts\/hydroflask-galda-piederumu-komplekts-hydro-flask\/\" \/>\n<meta property=\"og:locale\" content=\"ru_RU\" \/>\n<meta property=\"og:type\" content=\"article\" \/>\n<meta property=\"og:title\" content=\"HydroFlask - Galda piederumu komplekts\" \/>\n<meta property=\"og:description\" content=\"Augstas kvalit\u0101tes un iztur\u012bgs karo\u0161u komplekts, kas sp\u0113j iztur\u0113t augstu temperat\u016bru un ilgsto\u0161u lieto\u0161anu. HYDRO FLASK karotes - divda\u013c\u012bgs komplekts, kur\u0101 ietilpst gan rievotas karotes, gan serv\u0113\u0161anas karotes. \u0160\u012bs karotes ir izgatavotas no augstas kvalit\u0101tes materi\u0101liem, t\u0101p\u0113c ir \u013coti iztur\u012bgas. T\u0101s ir viegli mazg\u0101jamas trauku mazg\u0101jamaj\u0101 ma\u0161\u012bn\u0101.\" \/>\n<meta property=\"og:url\" content=\"https:\/\/gohike.lv\/ru\/produkts\/hydroflask-galda-piederumu-komplekts-hydro-flask\/\" \/>\n<meta property=\"og:site_name\" content=\"GoHike\" \/>\n<meta property=\"article:publisher\" content=\"https:\/\/www.facebook.com\/gohike.shop\/\" \/>\n<meta property=\"article:modified_time\" content=\"2026-01-23T17:21:36+00:00\" \/>\n<meta property=\"og:image\" content=\"https:\/\/gohike.lv\/wp-content\/uploads\/2024\/08\/GaldaPiedKomp_.webp\" \/>\n\t<meta property=\"og:image:width\" content=\"1000\" \/>\n\t<meta property=\"og:image:height\" content=\"1000\" \/>\n\t<meta property=\"og:image:type\" content=\"image\/webp\" \/>\n<meta name=\"twitter:card\" content=\"summary_large_image\" \/>\n<meta name=\"twitter:title\" content=\"HydroFlask - Galda piederumu komplekts\" \/>\n<meta name=\"twitter:label1\" content=\"\u041f\u0440\u0438\u043c\u0435\u0440\u043d\u043e\u0435 \u0432\u0440\u0435\u043c\u044f \u0434\u043b\u044f \u0447\u0442\u0435\u043d\u0438\u044f\" \/>\n\t<meta name=\"twitter:data1\" content=\"1 \u043c\u0438\u043d\u0443\u0442\u0430\" \/>\n<script type=\"application\/ld+json\" class=\"yoast-schema-graph\">{\"@context\":\"https:\\\/\\\/schema.org\",\"@graph\":[{\"@type\":[\"WebPage\",\"ItemPage\"],\"@id\":\"https:\\\/\\\/gohike.lv\\\/ru\\\/produkts\\\/hydroflask-galda-piederumu-komplekts-hydro-flask\\\/\",\"url\":\"https:\\\/\\\/gohike.lv\\\/ru\\\/produkts\\\/hydroflask-galda-piederumu-komplekts-hydro-flask\\\/\",\"name\":\"HydroFlask - Galda piederumu komplekts\",\"isPartOf\":{\"@id\":\"https:\\\/\\\/gohike.lv\\\/ru\\\/#website\"},\"primaryImageOfPage\":{\"@id\":\"https:\\\/\\\/gohike.lv\\\/ru\\\/produkts\\\/hydroflask-galda-piederumu-komplekts-hydro-flask\\\/#primaryimage\"},\"image\":{\"@id\":\"https:\\\/\\\/gohike.lv\\\/ru\\\/produkts\\\/hydroflask-galda-piederumu-komplekts-hydro-flask\\\/#primaryimage\"},\"thumbnailUrl\":\"https:\\\/\\\/gohike.lv\\\/wp-content\\\/uploads\\\/2024\\\/08\\\/GaldaPiedKomp_.webp\",\"datePublished\":\"2024-08-13T09:07:23+00:00\",\"dateModified\":\"2026-01-23T17:21:36+00:00\",\"description\":\"Augstas kvalit\u0101tes un iztur\u012bgs karo\u0161u komplekts, kas sp\u0113j iztur\u0113t augstu temperat\u016bru un ilgsto\u0161u lieto\u0161anu. HYDRO FLASK karotes - divda\u013c\u012bgs komplekts, kur\u0101 ietilpst gan rievotas karotes, gan serv\u0113\u0161anas karotes. \u0160\u012bs karotes ir izgatavotas no augstas kvalit\u0101tes materi\u0101liem, t\u0101p\u0113c ir \u013coti iztur\u012bgas. T\u0101s ir viegli mazg\u0101jamas trauku mazg\u0101jamaj\u0101 ma\u0161\u012bn\u0101.\",\"breadcrumb\":{\"@id\":\"https:\\\/\\\/gohike.lv\\\/ru\\\/produkts\\\/hydroflask-galda-piederumu-komplekts-hydro-flask\\\/#breadcrumb\"},\"inLanguage\":\"ru-RU\",\"potentialAction\":[{\"@type\":\"ReadAction\",\"target\":[\"https:\\\/\\\/gohike.lv\\\/ru\\\/produkts\\\/hydroflask-galda-piederumu-komplekts-hydro-flask\\\/\"]}]},{\"@type\":\"ImageObject\",\"inLanguage\":\"ru-RU\",\"@id\":\"https:\\\/\\\/gohike.lv\\\/ru\\\/produkts\\\/hydroflask-galda-piederumu-komplekts-hydro-flask\\\/#primaryimage\",\"url\":\"https:\\\/\\\/gohike.lv\\\/wp-content\\\/uploads\\\/2024\\\/08\\\/GaldaPiedKomp_.webp\",\"contentUrl\":\"https:\\\/\\\/gohike.lv\\\/wp-content\\\/uploads\\\/2024\\\/08\\\/GaldaPiedKomp_.webp\",\"width\":1000,\"height\":1000},{\"@type\":\"BreadcrumbList\",\"@id\":\"https:\\\/\\\/gohike.lv\\\/ru\\\/produkts\\\/hydroflask-galda-piederumu-komplekts-hydro-flask\\\/#breadcrumb\",\"itemListElement\":[{\"@type\":\"ListItem\",\"position\":1,\"name\":\"\u0413\u043b\u0430\u0432\u043d\u0430\u044f\",\"item\":\"https:\\\/\\\/gohike.lv\\\/ru\\\/\"},{\"@type\":\"ListItem\",\"position\":2,\"name\":\"\u041a\u0430\u0442\u0435\u0433\u043e\u0440\u0438\u0438 \u0442\u043e\u0432\u0430\u0440\u043e\u0432\",\"item\":\"https:\\\/\\\/gohike.lv\\\/%d0%ba%d0%b0%d1%82%d0%b5%d0%b3%d0%be%d1%80%d0%b8%d0%b8-%d1%82%d0%be%d0%b2%d0%b0%d1%80%d0%be%d0%b2\\\/\"},{\"@type\":\"ListItem\",\"position\":3,\"name\":\"HydroFlask &#8211; Galda piederumu komplekts\"}]},{\"@type\":\"WebSite\",\"@id\":\"https:\\\/\\\/gohike.lv\\\/ru\\\/#website\",\"url\":\"https:\\\/\\\/gohike.lv\\\/ru\\\/\",\"name\":\"GoHike\",\"description\":\"\",\"publisher\":{\"@id\":\"https:\\\/\\\/gohike.lv\\\/ru\\\/#organization\"},\"potentialAction\":[{\"@type\":\"SearchAction\",\"target\":{\"@type\":\"EntryPoint\",\"urlTemplate\":\"https:\\\/\\\/gohike.lv\\\/ru\\\/?s={search_term_string}\"},\"query-input\":{\"@type\":\"PropertyValueSpecification\",\"valueRequired\":true,\"valueName\":\"search_term_string\"}}],\"inLanguage\":\"ru-RU\"},{\"@type\":\"Organization\",\"@id\":\"https:\\\/\\\/gohike.lv\\\/ru\\\/#organization\",\"name\":\"GoHike\",\"url\":\"https:\\\/\\\/gohike.lv\\\/ru\\\/\",\"logo\":{\"@type\":\"ImageObject\",\"inLanguage\":\"ru-RU\",\"@id\":\"https:\\\/\\\/gohike.lv\\\/ru\\\/#\\\/schema\\\/logo\\\/image\\\/\",\"url\":\"https:\\\/\\\/gohike.lv\\\/wp-content\\\/uploads\\\/2023\\\/08\\\/Logo_GoHike.webp\",\"contentUrl\":\"https:\\\/\\\/gohike.lv\\\/wp-content\\\/uploads\\\/2023\\\/08\\\/Logo_GoHike.webp\",\"width\":512,\"height\":512,\"caption\":\"GoHike\"},\"image\":{\"@id\":\"https:\\\/\\\/gohike.lv\\\/ru\\\/#\\\/schema\\\/logo\\\/image\\\/\"},\"sameAs\":[\"https:\\\/\\\/www.facebook.com\\\/gohike.shop\\\/\",\"https:\\\/\\\/www.instagram.com\\\/gohike.shop\\\/\"]}]}<\/script>\n<!-- \/ Yoast SEO plugin. -->","yoast_head_json":{"title":"HydroFlask - Galda piederumu komplekts","description":"Augstas kvalit\u0101tes un iztur\u012bgs karo\u0161u komplekts, kas sp\u0113j iztur\u0113t augstu temperat\u016bru un ilgsto\u0161u lieto\u0161anu. HYDRO FLASK karotes - divda\u013c\u012bgs komplekts, kur\u0101 ietilpst gan rievotas karotes, gan serv\u0113\u0161anas karotes. \u0160\u012bs karotes ir izgatavotas no augstas kvalit\u0101tes materi\u0101liem, t\u0101p\u0113c ir \u013coti iztur\u012bgas. T\u0101s ir viegli mazg\u0101jamas trauku mazg\u0101jamaj\u0101 ma\u0161\u012bn\u0101.","robots":{"index":"index","follow":"follow","max-snippet":"max-snippet:-1","max-image-preview":"max-image-preview:large","max-video-preview":"max-video-preview:-1"},"canonical":"https:\/\/gohike.lv\/ru\/produkts\/hydroflask-galda-piederumu-komplekts-hydro-flask\/","og_locale":"ru_RU","og_type":"article","og_title":"HydroFlask - Galda piederumu komplekts","og_description":"Augstas kvalit\u0101tes un iztur\u012bgs karo\u0161u komplekts, kas sp\u0113j iztur\u0113t augstu temperat\u016bru un ilgsto\u0161u lieto\u0161anu. HYDRO FLASK karotes - divda\u013c\u012bgs komplekts, kur\u0101 ietilpst gan rievotas karotes, gan serv\u0113\u0161anas karotes. \u0160\u012bs karotes ir izgatavotas no augstas kvalit\u0101tes materi\u0101liem, t\u0101p\u0113c ir \u013coti iztur\u012bgas. T\u0101s ir viegli mazg\u0101jamas trauku mazg\u0101jamaj\u0101 ma\u0161\u012bn\u0101.","og_url":"https:\/\/gohike.lv\/ru\/produkts\/hydroflask-galda-piederumu-komplekts-hydro-flask\/","og_site_name":"GoHike","article_publisher":"https:\/\/www.facebook.com\/gohike.shop\/","article_modified_time":"2026-01-23T17:21:36+00:00","og_image":[{"width":1000,"height":1000,"url":"https:\/\/gohike.lv\/wp-content\/uploads\/2024\/08\/GaldaPiedKomp_.webp","type":"image\/webp"}],"twitter_card":"summary_large_image","twitter_title":"HydroFlask - Galda piederumu komplekts","twitter_misc":{"\u041f\u0440\u0438\u043c\u0435\u0440\u043d\u043e\u0435 \u0432\u0440\u0435\u043c\u044f \u0434\u043b\u044f \u0447\u0442\u0435\u043d\u0438\u044f":"1 \u043c\u0438\u043d\u0443\u0442\u0430"},"schema":{"@context":"https:\/\/schema.org","@graph":[{"@type":["WebPage","ItemPage"],"@id":"https:\/\/gohike.lv\/ru\/produkts\/hydroflask-galda-piederumu-komplekts-hydro-flask\/","url":"https:\/\/gohike.lv\/ru\/produkts\/hydroflask-galda-piederumu-komplekts-hydro-flask\/","name":"HydroFlask - Galda piederumu komplekts","isPartOf":{"@id":"https:\/\/gohike.lv\/ru\/#website"},"primaryImageOfPage":{"@id":"https:\/\/gohike.lv\/ru\/produkts\/hydroflask-galda-piederumu-komplekts-hydro-flask\/#primaryimage"},"image":{"@id":"https:\/\/gohike.lv\/ru\/produkts\/hydroflask-galda-piederumu-komplekts-hydro-flask\/#primaryimage"},"thumbnailUrl":"https:\/\/gohike.lv\/wp-content\/uploads\/2024\/08\/GaldaPiedKomp_.webp","datePublished":"2024-08-13T09:07:23+00:00","dateModified":"2026-01-23T17:21:36+00:00","description":"Augstas kvalit\u0101tes un iztur\u012bgs karo\u0161u komplekts, kas sp\u0113j iztur\u0113t augstu temperat\u016bru un ilgsto\u0161u lieto\u0161anu. HYDRO FLASK karotes - divda\u013c\u012bgs komplekts, kur\u0101 ietilpst gan rievotas karotes, gan serv\u0113\u0161anas karotes. \u0160\u012bs karotes ir izgatavotas no augstas kvalit\u0101tes materi\u0101liem, t\u0101p\u0113c ir \u013coti iztur\u012bgas. T\u0101s ir viegli mazg\u0101jamas trauku mazg\u0101jamaj\u0101 ma\u0161\u012bn\u0101.","breadcrumb":{"@id":"https:\/\/gohike.lv\/ru\/produkts\/hydroflask-galda-piederumu-komplekts-hydro-flask\/#breadcrumb"},"inLanguage":"ru-RU","potentialAction":[{"@type":"ReadAction","target":["https:\/\/gohike.lv\/ru\/produkts\/hydroflask-galda-piederumu-komplekts-hydro-flask\/"]}]},{"@type":"ImageObject","inLanguage":"ru-RU","@id":"https:\/\/gohike.lv\/ru\/produkts\/hydroflask-galda-piederumu-komplekts-hydro-flask\/#primaryimage","url":"https:\/\/gohike.lv\/wp-content\/uploads\/2024\/08\/GaldaPiedKomp_.webp","contentUrl":"https:\/\/gohike.lv\/wp-content\/uploads\/2024\/08\/GaldaPiedKomp_.webp","width":1000,"height":1000},{"@type":"BreadcrumbList","@id":"https:\/\/gohike.lv\/ru\/produkts\/hydroflask-galda-piederumu-komplekts-hydro-flask\/#breadcrumb","itemListElement":[{"@type":"ListItem","position":1,"name":"\u0413\u043b\u0430\u0432\u043d\u0430\u044f","item":"https:\/\/gohike.lv\/ru\/"},{"@type":"ListItem","position":2,"name":"\u041a\u0430\u0442\u0435\u0433\u043e\u0440\u0438\u0438 \u0442\u043e\u0432\u0430\u0440\u043e\u0432","item":"https:\/\/gohike.lv\/%d0%ba%d0%b0%d1%82%d0%b5%d0%b3%d0%be%d1%80%d0%b8%d0%b8-%d1%82%d0%be%d0%b2%d0%b0%d1%80%d0%be%d0%b2\/"},{"@type":"ListItem","position":3,"name":"HydroFlask &#8211; Galda piederumu komplekts"}]},{"@type":"WebSite","@id":"https:\/\/gohike.lv\/ru\/#website","url":"https:\/\/gohike.lv\/ru\/","name":"GoHike","description":"","publisher":{"@id":"https:\/\/gohike.lv\/ru\/#organization"},"potentialAction":[{"@type":"SearchAction","target":{"@type":"EntryPoint","urlTemplate":"https:\/\/gohike.lv\/ru\/?s={search_term_string}"},"query-input":{"@type":"PropertyValueSpecification","valueRequired":true,"valueName":"search_term_string"}}],"inLanguage":"ru-RU"},{"@type":"Organization","@id":"https:\/\/gohike.lv\/ru\/#organization","name":"GoHike","url":"https:\/\/gohike.lv\/ru\/","logo":{"@type":"ImageObject","inLanguage":"ru-RU","@id":"https:\/\/gohike.lv\/ru\/#\/schema\/logo\/image\/","url":"https:\/\/gohike.lv\/wp-content\/uploads\/2023\/08\/Logo_GoHike.webp","contentUrl":"https:\/\/gohike.lv\/wp-content\/uploads\/2023\/08\/Logo_GoHike.webp","width":512,"height":512,"caption":"GoHike"},"image":{"@id":"https:\/\/gohike.lv\/ru\/#\/schema\/logo\/image\/"},"sameAs":["https:\/\/www.facebook.com\/gohike.shop\/","https:\/\/www.instagram.com\/gohike.shop\/"]}]}},"jetpack_sharing_enabled":true,"_links":{"self":[{"href":"https:\/\/gohike.lv\/ru\/wp-json\/wp\/v2\/product\/61242","targetHints":{"allow":["GET"]}}],"collection":[{"href":"https:\/\/gohike.lv\/ru\/wp-json\/wp\/v2\/product"}],"about":[{"href":"https:\/\/gohike.lv\/ru\/wp-json\/wp\/v2\/types\/product"}],"version-history":[{"count":1,"href":"https:\/\/gohike.lv\/ru\/wp-json\/wp\/v2\/product\/61242\/revisions"}],"predecessor-version":[{"id":118953,"href":"https:\/\/gohike.lv\/ru\/wp-json\/wp\/v2\/product\/61242\/revisions\/118953"}],"wp:featuredmedia":[{"embeddable":true,"href":"https:\/\/gohike.lv\/ru\/wp-json\/wp\/v2\/media\/61244"}],"wp:attachment":[{"href":"https:\/\/gohike.lv\/ru\/wp-json\/wp\/v2\/media?parent=61242"}],"wp:term":[{"taxonomy":"product_brand","embeddable":true,"href":"https:\/\/gohike.lv\/ru\/wp-json\/wp\/v2\/product_brand?post=61242"},{"taxonomy":"product_cat","embeddable":true,"href":"https:\/\/gohike.lv\/ru\/wp-json\/wp\/v2\/product_cat?post=61242"},{"taxonomy":"product_tag","embeddable":true,"href":"https:\/\/gohike.lv\/ru\/wp-json\/wp\/v2\/product_tag?post=61242"}],"curies":[{"name":"wp","href":"https:\/\/api.w.org\/{rel}","templated":true}]}}