{"id":61232,"date":"2024-08-13T12:07:23","date_gmt":"2024-08-13T09:07:23","guid":{"rendered":"https:\/\/gohike.lv\/produkts\/hydroflask-half-quart-bloda\/"},"modified":"2025-12-30T17:24:33","modified_gmt":"2025-12-30T14:24:33","slug":"hydroflask-half-quart-bloda","status":"publish","type":"product","link":"https:\/\/gohike.lv\/ru\/produkts\/hydroflask-half-quart-bloda\/","title":{"rendered":"HydroFlask &#8212; Half quart b\u013coda"},"content":{"rendered":"<p>TouchShield\u2122 dubultsienu izol\u0101cija saglab\u0101 p\u0101rtiku svaigu un saglab\u0101 temperat\u016bru.<br \/>\nIzgatavota no profesion\u0101la 18\/8 ner\u016bs\u0113jo\u0161\u0101 t\u0113rauda, kas ir iztur\u012bgs un nezs\u016bc garsas un smar\u017eas.<br \/>\nIztur\u012bgs Colour Last\u2122 pulvera p\u0101rkl\u0101jums.<br \/>\nBez BPA.<br \/>\nVar mazg\u0101t trauku mazg\u0101jam\u0101 ma\u0161\u012bn\u0101.<br \/>\nNelietot uz pl\u012bts, mikrovi\u013c\u0146u kr\u0101sn\u012b vai sald\u0113tav\u0101.<\/p>\n","protected":false},"excerpt":{"rendered":"<p>Hydro Flask Half Quart Bowl noteikti k\u013c\u016bs par iecien\u012bt\u0101ko trauku m\u0101j\u0101s vai p\u0101rg\u0101jien\u0101. Pateicoties TouchShield\u2122 izol\u0101cijai un pulvera p\u0101rkl\u0101jumam, to ir \u0113rti un dro\u0161i tur\u0113t rok\u0101s.<\/p>\n","protected":false},"featured_media":61234,"template":"","meta":[],"product_brand":[9496],"product_cat":[1012],"product_tag":[],"class_list":{"0":"post-61232","1":"product","2":"type-product","3":"status-publish","4":"has-post-thumbnail","6":"product_brand-hydroflask","7":"product_cat-virtuves-piederumi","8":"pa_izmeriscm-14-69-2","9":"pa_produkta-tips-kruzes-un-blodas","11":"first","12":"instock","13":"taxable","14":"shipping-taxable","15":"purchasable","16":"product-type-simple"},"raw_content":{"name":"HydroFlask - Half quart b\u013coda","description":"TouchShield\u2122 dubultsienu izol\u0101cija saglab\u0101 p\u0101rtiku svaigu un saglab\u0101 temperat\u016bru.\nIzgatavota no profesion\u0101la 18\/8 ner\u016bs\u0113jo\u0161\u0101 t\u0113rauda, kas ir iztur\u012bgs un nezs\u016bc garsas un smar\u017eas.\nIztur\u012bgs Colour Last\u2122 pulvera p\u0101rkl\u0101jums.\nBez BPA.\nVar mazg\u0101t trauku mazg\u0101jam\u0101 ma\u0161\u012bn\u0101.\nNelietot uz pl\u012bts, mikrovi\u013c\u0146u kr\u0101sn\u012b vai sald\u0113tav\u0101.","short_description":"Hydro Flask Half Quart Bowl noteikti k\u013c\u016bs par iecien\u012bt\u0101ko trauku m\u0101j\u0101s vai p\u0101rg\u0101jien\u0101. Pateicoties TouchShield\u2122 izol\u0101cijai un pulvera p\u0101rkl\u0101jumam, to ir \u0113rti un dro\u0161i tur\u0113t rok\u0101s.","status":"publish","sku":"OKSB035","original":61232},"wpml":{"translation_type":1,"has_translations":true,"original":61232,"duplicates":[],"translations":{"lv":61232,"en":67236,"ru":null}},"supplier_id":null,"supplier_sku":"","barcode":null,"atum_controlled":true,"out_stock_date":null,"out_stock_threshold":null,"inheritable":false,"inbound_stock":0,"stock_on_hold":0,"sold_today":0,"sales_last_days":0,"reserved_stock":0,"customer_returns":0,"warehouse_damage":0,"lost_in_post":0,"other_logs":0,"out_stock_days":0,"lost_sales":0,"has_location":false,"update_date":"2025-12-30T14:30:33","atum_locations":[],"atum_stock_status":"instock","restock_status":false,"low_stock_amount":"","sales_update_date":"2025-11-13T14:08:59","calc_backorders":null,"yoast_head":"<!-- This site is optimized with the Yoast SEO plugin v27.3 - https:\/\/yoast.com\/product\/yoast-seo-wordpress\/ -->\n<title>HydroFlask - Half quart b\u013coda<\/title>\n<meta name=\"description\" content=\"Hydro Flask Half Quart Bowl noteikti k\u013c\u016bs par iecien\u012bt\u0101ko trauku m\u0101j\u0101s vai p\u0101rg\u0101jien\u0101. Pateicoties TouchShield\u2122 izol\u0101cijai un pulvera p\u0101rkl\u0101jumam, to ir \u0113rti un dro\u0161i tur\u0113t rok\u0101s.\" \/>\n<meta name=\"robots\" content=\"index, follow, max-snippet:-1, max-image-preview:large, max-video-preview:-1\" \/>\n<link rel=\"canonical\" href=\"https:\/\/gohike.lv\/ru\/produkts\/hydroflask-half-quart-bloda\/\" \/>\n<meta property=\"og:locale\" content=\"ru_RU\" \/>\n<meta property=\"og:type\" content=\"article\" \/>\n<meta property=\"og:title\" content=\"HydroFlask - Half quart b\u013coda\" \/>\n<meta property=\"og:description\" content=\"Hydro Flask Half Quart Bowl noteikti k\u013c\u016bs par iecien\u012bt\u0101ko trauku m\u0101j\u0101s vai p\u0101rg\u0101jien\u0101. Pateicoties TouchShield\u2122 izol\u0101cijai un pulvera p\u0101rkl\u0101jumam, to ir \u0113rti un dro\u0161i tur\u0113t rok\u0101s.\" \/>\n<meta property=\"og:url\" content=\"https:\/\/gohike.lv\/ru\/produkts\/hydroflask-half-quart-bloda\/\" \/>\n<meta property=\"og:site_name\" content=\"GoHike\" \/>\n<meta property=\"article:publisher\" content=\"https:\/\/www.facebook.com\/gohike.shop\/\" \/>\n<meta property=\"article:modified_time\" content=\"2025-12-30T14:24:33+00:00\" \/>\n<meta property=\"og:image\" content=\"https:\/\/gohike.lv\/wp-content\/uploads\/2024\/08\/HalfQuart_.webp\" \/>\n\t<meta property=\"og:image:width\" content=\"2000\" \/>\n\t<meta property=\"og:image:height\" content=\"2000\" \/>\n\t<meta property=\"og:image:type\" content=\"image\/webp\" \/>\n<meta name=\"twitter:card\" content=\"summary_large_image\" \/>\n<meta name=\"twitter:title\" content=\"HydroFlask - Half quart b\u013coda\" \/>\n<meta name=\"twitter:label1\" content=\"\u041f\u0440\u0438\u043c\u0435\u0440\u043d\u043e\u0435 \u0432\u0440\u0435\u043c\u044f \u0434\u043b\u044f \u0447\u0442\u0435\u043d\u0438\u044f\" \/>\n\t<meta name=\"twitter:data1\" content=\"1 \u043c\u0438\u043d\u0443\u0442\u0430\" \/>\n<script type=\"application\/ld+json\" class=\"yoast-schema-graph\">{\"@context\":\"https:\\\/\\\/schema.org\",\"@graph\":[{\"@type\":[\"WebPage\",\"ItemPage\"],\"@id\":\"https:\\\/\\\/gohike.lv\\\/ru\\\/produkts\\\/hydroflask-half-quart-bloda\\\/\",\"url\":\"https:\\\/\\\/gohike.lv\\\/ru\\\/produkts\\\/hydroflask-half-quart-bloda\\\/\",\"name\":\"HydroFlask - Half quart b\u013coda\",\"isPartOf\":{\"@id\":\"https:\\\/\\\/gohike.lv\\\/ru\\\/#website\"},\"primaryImageOfPage\":{\"@id\":\"https:\\\/\\\/gohike.lv\\\/ru\\\/produkts\\\/hydroflask-half-quart-bloda\\\/#primaryimage\"},\"image\":{\"@id\":\"https:\\\/\\\/gohike.lv\\\/ru\\\/produkts\\\/hydroflask-half-quart-bloda\\\/#primaryimage\"},\"thumbnailUrl\":\"https:\\\/\\\/gohike.lv\\\/wp-content\\\/uploads\\\/2024\\\/08\\\/HalfQuart_.webp\",\"datePublished\":\"2024-08-13T09:07:23+00:00\",\"dateModified\":\"2025-12-30T14:24:33+00:00\",\"description\":\"Hydro Flask Half Quart Bowl noteikti k\u013c\u016bs par iecien\u012bt\u0101ko trauku m\u0101j\u0101s vai p\u0101rg\u0101jien\u0101. Pateicoties TouchShield\u2122 izol\u0101cijai un pulvera p\u0101rkl\u0101jumam, to ir \u0113rti un dro\u0161i tur\u0113t rok\u0101s.\",\"breadcrumb\":{\"@id\":\"https:\\\/\\\/gohike.lv\\\/ru\\\/produkts\\\/hydroflask-half-quart-bloda\\\/#breadcrumb\"},\"inLanguage\":\"ru-RU\",\"potentialAction\":[{\"@type\":\"ReadAction\",\"target\":[\"https:\\\/\\\/gohike.lv\\\/ru\\\/produkts\\\/hydroflask-half-quart-bloda\\\/\"]}]},{\"@type\":\"ImageObject\",\"inLanguage\":\"ru-RU\",\"@id\":\"https:\\\/\\\/gohike.lv\\\/ru\\\/produkts\\\/hydroflask-half-quart-bloda\\\/#primaryimage\",\"url\":\"https:\\\/\\\/gohike.lv\\\/wp-content\\\/uploads\\\/2024\\\/08\\\/HalfQuart_.webp\",\"contentUrl\":\"https:\\\/\\\/gohike.lv\\\/wp-content\\\/uploads\\\/2024\\\/08\\\/HalfQuart_.webp\",\"width\":2000,\"height\":2000},{\"@type\":\"BreadcrumbList\",\"@id\":\"https:\\\/\\\/gohike.lv\\\/ru\\\/produkts\\\/hydroflask-half-quart-bloda\\\/#breadcrumb\",\"itemListElement\":[{\"@type\":\"ListItem\",\"position\":1,\"name\":\"\u0413\u043b\u0430\u0432\u043d\u0430\u044f\",\"item\":\"https:\\\/\\\/gohike.lv\\\/ru\\\/\"},{\"@type\":\"ListItem\",\"position\":2,\"name\":\"\u041a\u0430\u0442\u0435\u0433\u043e\u0440\u0438\u0438 \u0442\u043e\u0432\u0430\u0440\u043e\u0432\",\"item\":\"https:\\\/\\\/gohike.lv\\\/%d0%ba%d0%b0%d1%82%d0%b5%d0%b3%d0%be%d1%80%d0%b8%d0%b8-%d1%82%d0%be%d0%b2%d0%b0%d1%80%d0%be%d0%b2\\\/\"},{\"@type\":\"ListItem\",\"position\":3,\"name\":\"HydroFlask &#8211; Half quart b\u013coda\"}]},{\"@type\":\"WebSite\",\"@id\":\"https:\\\/\\\/gohike.lv\\\/ru\\\/#website\",\"url\":\"https:\\\/\\\/gohike.lv\\\/ru\\\/\",\"name\":\"GoHike\",\"description\":\"\",\"publisher\":{\"@id\":\"https:\\\/\\\/gohike.lv\\\/ru\\\/#organization\"},\"potentialAction\":[{\"@type\":\"SearchAction\",\"target\":{\"@type\":\"EntryPoint\",\"urlTemplate\":\"https:\\\/\\\/gohike.lv\\\/ru\\\/?s={search_term_string}\"},\"query-input\":{\"@type\":\"PropertyValueSpecification\",\"valueRequired\":true,\"valueName\":\"search_term_string\"}}],\"inLanguage\":\"ru-RU\"},{\"@type\":\"Organization\",\"@id\":\"https:\\\/\\\/gohike.lv\\\/ru\\\/#organization\",\"name\":\"GoHike\",\"url\":\"https:\\\/\\\/gohike.lv\\\/ru\\\/\",\"logo\":{\"@type\":\"ImageObject\",\"inLanguage\":\"ru-RU\",\"@id\":\"https:\\\/\\\/gohike.lv\\\/ru\\\/#\\\/schema\\\/logo\\\/image\\\/\",\"url\":\"https:\\\/\\\/gohike.lv\\\/wp-content\\\/uploads\\\/2023\\\/08\\\/Logo_GoHike.webp\",\"contentUrl\":\"https:\\\/\\\/gohike.lv\\\/wp-content\\\/uploads\\\/2023\\\/08\\\/Logo_GoHike.webp\",\"width\":512,\"height\":512,\"caption\":\"GoHike\"},\"image\":{\"@id\":\"https:\\\/\\\/gohike.lv\\\/ru\\\/#\\\/schema\\\/logo\\\/image\\\/\"},\"sameAs\":[\"https:\\\/\\\/www.facebook.com\\\/gohike.shop\\\/\",\"https:\\\/\\\/www.instagram.com\\\/gohike.shop\\\/\"]}]}<\/script>\n<!-- \/ Yoast SEO plugin. -->","yoast_head_json":{"title":"HydroFlask - Half quart b\u013coda","description":"Hydro Flask Half Quart Bowl noteikti k\u013c\u016bs par iecien\u012bt\u0101ko trauku m\u0101j\u0101s vai p\u0101rg\u0101jien\u0101. Pateicoties TouchShield\u2122 izol\u0101cijai un pulvera p\u0101rkl\u0101jumam, to ir \u0113rti un dro\u0161i tur\u0113t rok\u0101s.","robots":{"index":"index","follow":"follow","max-snippet":"max-snippet:-1","max-image-preview":"max-image-preview:large","max-video-preview":"max-video-preview:-1"},"canonical":"https:\/\/gohike.lv\/ru\/produkts\/hydroflask-half-quart-bloda\/","og_locale":"ru_RU","og_type":"article","og_title":"HydroFlask - Half quart b\u013coda","og_description":"Hydro Flask Half Quart Bowl noteikti k\u013c\u016bs par iecien\u012bt\u0101ko trauku m\u0101j\u0101s vai p\u0101rg\u0101jien\u0101. Pateicoties TouchShield\u2122 izol\u0101cijai un pulvera p\u0101rkl\u0101jumam, to ir \u0113rti un dro\u0161i tur\u0113t rok\u0101s.","og_url":"https:\/\/gohike.lv\/ru\/produkts\/hydroflask-half-quart-bloda\/","og_site_name":"GoHike","article_publisher":"https:\/\/www.facebook.com\/gohike.shop\/","article_modified_time":"2025-12-30T14:24:33+00:00","og_image":[{"width":2000,"height":2000,"url":"https:\/\/gohike.lv\/wp-content\/uploads\/2024\/08\/HalfQuart_.webp","type":"image\/webp"}],"twitter_card":"summary_large_image","twitter_title":"HydroFlask - Half quart b\u013coda","twitter_misc":{"\u041f\u0440\u0438\u043c\u0435\u0440\u043d\u043e\u0435 \u0432\u0440\u0435\u043c\u044f \u0434\u043b\u044f \u0447\u0442\u0435\u043d\u0438\u044f":"1 \u043c\u0438\u043d\u0443\u0442\u0430"},"schema":{"@context":"https:\/\/schema.org","@graph":[{"@type":["WebPage","ItemPage"],"@id":"https:\/\/gohike.lv\/ru\/produkts\/hydroflask-half-quart-bloda\/","url":"https:\/\/gohike.lv\/ru\/produkts\/hydroflask-half-quart-bloda\/","name":"HydroFlask - Half quart b\u013coda","isPartOf":{"@id":"https:\/\/gohike.lv\/ru\/#website"},"primaryImageOfPage":{"@id":"https:\/\/gohike.lv\/ru\/produkts\/hydroflask-half-quart-bloda\/#primaryimage"},"image":{"@id":"https:\/\/gohike.lv\/ru\/produkts\/hydroflask-half-quart-bloda\/#primaryimage"},"thumbnailUrl":"https:\/\/gohike.lv\/wp-content\/uploads\/2024\/08\/HalfQuart_.webp","datePublished":"2024-08-13T09:07:23+00:00","dateModified":"2025-12-30T14:24:33+00:00","description":"Hydro Flask Half Quart Bowl noteikti k\u013c\u016bs par iecien\u012bt\u0101ko trauku m\u0101j\u0101s vai p\u0101rg\u0101jien\u0101. Pateicoties TouchShield\u2122 izol\u0101cijai un pulvera p\u0101rkl\u0101jumam, to ir \u0113rti un dro\u0161i tur\u0113t rok\u0101s.","breadcrumb":{"@id":"https:\/\/gohike.lv\/ru\/produkts\/hydroflask-half-quart-bloda\/#breadcrumb"},"inLanguage":"ru-RU","potentialAction":[{"@type":"ReadAction","target":["https:\/\/gohike.lv\/ru\/produkts\/hydroflask-half-quart-bloda\/"]}]},{"@type":"ImageObject","inLanguage":"ru-RU","@id":"https:\/\/gohike.lv\/ru\/produkts\/hydroflask-half-quart-bloda\/#primaryimage","url":"https:\/\/gohike.lv\/wp-content\/uploads\/2024\/08\/HalfQuart_.webp","contentUrl":"https:\/\/gohike.lv\/wp-content\/uploads\/2024\/08\/HalfQuart_.webp","width":2000,"height":2000},{"@type":"BreadcrumbList","@id":"https:\/\/gohike.lv\/ru\/produkts\/hydroflask-half-quart-bloda\/#breadcrumb","itemListElement":[{"@type":"ListItem","position":1,"name":"\u0413\u043b\u0430\u0432\u043d\u0430\u044f","item":"https:\/\/gohike.lv\/ru\/"},{"@type":"ListItem","position":2,"name":"\u041a\u0430\u0442\u0435\u0433\u043e\u0440\u0438\u0438 \u0442\u043e\u0432\u0430\u0440\u043e\u0432","item":"https:\/\/gohike.lv\/%d0%ba%d0%b0%d1%82%d0%b5%d0%b3%d0%be%d1%80%d0%b8%d0%b8-%d1%82%d0%be%d0%b2%d0%b0%d1%80%d0%be%d0%b2\/"},{"@type":"ListItem","position":3,"name":"HydroFlask &#8211; Half quart b\u013coda"}]},{"@type":"WebSite","@id":"https:\/\/gohike.lv\/ru\/#website","url":"https:\/\/gohike.lv\/ru\/","name":"GoHike","description":"","publisher":{"@id":"https:\/\/gohike.lv\/ru\/#organization"},"potentialAction":[{"@type":"SearchAction","target":{"@type":"EntryPoint","urlTemplate":"https:\/\/gohike.lv\/ru\/?s={search_term_string}"},"query-input":{"@type":"PropertyValueSpecification","valueRequired":true,"valueName":"search_term_string"}}],"inLanguage":"ru-RU"},{"@type":"Organization","@id":"https:\/\/gohike.lv\/ru\/#organization","name":"GoHike","url":"https:\/\/gohike.lv\/ru\/","logo":{"@type":"ImageObject","inLanguage":"ru-RU","@id":"https:\/\/gohike.lv\/ru\/#\/schema\/logo\/image\/","url":"https:\/\/gohike.lv\/wp-content\/uploads\/2023\/08\/Logo_GoHike.webp","contentUrl":"https:\/\/gohike.lv\/wp-content\/uploads\/2023\/08\/Logo_GoHike.webp","width":512,"height":512,"caption":"GoHike"},"image":{"@id":"https:\/\/gohike.lv\/ru\/#\/schema\/logo\/image\/"},"sameAs":["https:\/\/www.facebook.com\/gohike.shop\/","https:\/\/www.instagram.com\/gohike.shop\/"]}]}},"jetpack_sharing_enabled":true,"_links":{"self":[{"href":"https:\/\/gohike.lv\/ru\/wp-json\/wp\/v2\/product\/61232","targetHints":{"allow":["GET"]}}],"collection":[{"href":"https:\/\/gohike.lv\/ru\/wp-json\/wp\/v2\/product"}],"about":[{"href":"https:\/\/gohike.lv\/ru\/wp-json\/wp\/v2\/types\/product"}],"version-history":[{"count":1,"href":"https:\/\/gohike.lv\/ru\/wp-json\/wp\/v2\/product\/61232\/revisions"}],"predecessor-version":[{"id":118933,"href":"https:\/\/gohike.lv\/ru\/wp-json\/wp\/v2\/product\/61232\/revisions\/118933"}],"wp:featuredmedia":[{"embeddable":true,"href":"https:\/\/gohike.lv\/ru\/wp-json\/wp\/v2\/media\/61234"}],"wp:attachment":[{"href":"https:\/\/gohike.lv\/ru\/wp-json\/wp\/v2\/media?parent=61232"}],"wp:term":[{"taxonomy":"product_brand","embeddable":true,"href":"https:\/\/gohike.lv\/ru\/wp-json\/wp\/v2\/product_brand?post=61232"},{"taxonomy":"product_cat","embeddable":true,"href":"https:\/\/gohike.lv\/ru\/wp-json\/wp\/v2\/product_cat?post=61232"},{"taxonomy":"product_tag","embeddable":true,"href":"https:\/\/gohike.lv\/ru\/wp-json\/wp\/v2\/product_tag?post=61232"}],"curies":[{"name":"wp","href":"https:\/\/api.w.org\/{rel}","templated":true}]}}