{"id":61224,"date":"2024-08-13T12:07:23","date_gmt":"2024-08-13T09:07:23","guid":{"rendered":"https:\/\/gohike.lv\/produkts\/hydroflask-esanas-piederumu-komplekts\/"},"modified":"2026-01-23T20:21:42","modified_gmt":"2026-01-23T17:21:42","slug":"hydroflask-esanas-piederumu-komplekts","status":"publish","type":"product","link":"https:\/\/gohike.lv\/ru\/produkts\/hydroflask-esanas-piederumu-komplekts\/","title":{"rendered":"HydroFlask &#8212; \u0112\u0161anas piederumu komplekts"},"content":{"rendered":"<p>Sudraba kr\u0101sas \u0113\u0161anas piederumu komplekts, kas ra\u017eots no iztur\u012bga ner\u016bs\u0113jo\u0161\u0101 t\u0113rauda. Komplekt\u0101 ir iek\u013cauts nazis, dak\u0161a un karote, k\u0101 ar\u012b auduma maisi\u0146\u0161 piederumu p\u0101rn\u0113s\u0101\u0161anai.<br \/>\nT\u0101 k\u0101 piederumu komplekts ra\u017eots no ner\u016bs\u0113jo\u0161\u0101 t\u0113rauda, tas b\u016bs \u0113rti lietojams un kalpos visa m\u016b\u017ea garum\u0101.<br \/>\nViegli t\u012br\u0101mi un kopjami. Materi\u0101ls: 18\/8 augstas klases ner\u016bs\u0113jo\u0161ais t\u0113rauds.<br \/>\nPirms lieto\u0161anas nomazg\u0101t. Var mazg\u0101t trauku mazg\u0101jamaj\u0101 ma\u0161\u012bn\u0101.<\/p>\n","protected":false},"excerpt":{"rendered":"<p>\u0112\u0161anas piederumu komplekts no iztur\u012bga ner\u016bs\u0113jo\u0161\u0101 t\u0113rauda. Komplekts sast\u0101v no dak\u0161as, na\u017ea un karotes.<br \/>\nKomplekt\u0101 auduma maisi\u0146\u0161, piederumu p\u0101rn\u0113s\u0101\u0161anai.<\/p>\n","protected":false},"featured_media":61226,"template":"","meta":[],"product_brand":[9496],"product_cat":[1012],"product_tag":[],"class_list":{"0":"post-61224","1":"product","2":"type-product","3":"status-publish","4":"has-post-thumbnail","6":"product_brand-hydroflask","7":"product_cat-virtuves-piederumi","8":"pa_produkta-tips-galda-piederumi","10":"first","11":"outofstock","12":"taxable","13":"shipping-taxable","14":"purchasable","15":"product-type-simple"},"raw_content":{"name":"HydroFlask - \u0112\u0161anas piederumu komplekts","description":"Sudraba kr\u0101sas \u0113\u0161anas piederumu komplekts, kas ra\u017eots no iztur\u012bga ner\u016bs\u0113jo\u0161\u0101 t\u0113rauda. Komplekt\u0101 ir iek\u013cauts nazis, dak\u0161a un karote, k\u0101 ar\u012b auduma maisi\u0146\u0161 piederumu p\u0101rn\u0113s\u0101\u0161anai.\nT\u0101 k\u0101 piederumu komplekts ra\u017eots no ner\u016bs\u0113jo\u0161\u0101 t\u0113rauda, tas b\u016bs \u0113rti lietojams un kalpos visa m\u016b\u017ea garum\u0101.\nViegli t\u012br\u0101mi un kopjami. Materi\u0101ls: 18\/8 augstas klases ner\u016bs\u0113jo\u0161ais t\u0113rauds.\nPirms lieto\u0161anas nomazg\u0101t. Var mazg\u0101t trauku mazg\u0101jamaj\u0101 ma\u0161\u012bn\u0101.","short_description":"\u0112\u0161anas piederumu komplekts no iztur\u012bga ner\u016bs\u0113jo\u0161\u0101 t\u0113rauda. Komplekts sast\u0101v no dak\u0161as, na\u017ea un karotes.\r\nKomplekt\u0101 auduma maisi\u0146\u0161, piederumu p\u0101rn\u0113s\u0101\u0161anai.","status":"publish","sku":"OKFW075","original":61224},"wpml":{"translation_type":1,"has_translations":true,"original":61224,"duplicates":[],"translations":{"lv":61224,"en":67232,"ru":null}},"supplier_id":null,"supplier_sku":"","barcode":null,"atum_controlled":true,"out_stock_date":"2026-01-23 19:03:30","out_stock_threshold":null,"inheritable":false,"inbound_stock":0,"stock_on_hold":0,"sold_today":0,"sales_last_days":0,"reserved_stock":0,"customer_returns":0,"warehouse_damage":0,"lost_in_post":0,"other_logs":0,"out_stock_days":0,"lost_sales":0,"has_location":false,"update_date":"2026-01-23T17:21:44","atum_locations":[],"atum_stock_status":"outofstock","restock_status":false,"low_stock_amount":"","sales_update_date":"2025-11-13T14:09:00","calc_backorders":null,"yoast_head":"<!-- This site is optimized with the Yoast SEO plugin v27.3 - https:\/\/yoast.com\/product\/yoast-seo-wordpress\/ -->\n<title>HydroFlask - \u0112\u0161anas piederumu komplekts<\/title>\n<meta name=\"description\" content=\"\u0112\u0161anas piederumu komplekts no iztur\u012bga ner\u016bs\u0113jo\u0161\u0101 t\u0113rauda. Komplekts sast\u0101v no dak\u0161as, na\u017ea un karotes. Komplekt\u0101 auduma maisi\u0146\u0161, piederumu p\u0101rn\u0113s\u0101\u0161anai.\" \/>\n<meta name=\"robots\" content=\"index, follow, max-snippet:-1, max-image-preview:large, max-video-preview:-1\" \/>\n<link rel=\"canonical\" href=\"https:\/\/gohike.lv\/ru\/produkts\/hydroflask-esanas-piederumu-komplekts\/\" \/>\n<meta property=\"og:locale\" content=\"ru_RU\" \/>\n<meta property=\"og:type\" content=\"article\" \/>\n<meta property=\"og:title\" content=\"HydroFlask - \u0112\u0161anas piederumu komplekts\" \/>\n<meta property=\"og:description\" content=\"\u0112\u0161anas piederumu komplekts no iztur\u012bga ner\u016bs\u0113jo\u0161\u0101 t\u0113rauda. Komplekts sast\u0101v no dak\u0161as, na\u017ea un karotes. Komplekt\u0101 auduma maisi\u0146\u0161, piederumu p\u0101rn\u0113s\u0101\u0161anai.\" \/>\n<meta property=\"og:url\" content=\"https:\/\/gohike.lv\/ru\/produkts\/hydroflask-esanas-piederumu-komplekts\/\" \/>\n<meta property=\"og:site_name\" content=\"GoHike\" \/>\n<meta property=\"article:publisher\" content=\"https:\/\/www.facebook.com\/gohike.shop\/\" \/>\n<meta property=\"article:modified_time\" content=\"2026-01-23T17:21:42+00:00\" \/>\n<meta property=\"og:image\" content=\"https:\/\/gohike.lv\/wp-content\/uploads\/2024\/08\/GaldaPiederumi_2.jpg\" \/>\n\t<meta property=\"og:image:width\" content=\"900\" \/>\n\t<meta property=\"og:image:height\" content=\"900\" \/>\n\t<meta property=\"og:image:type\" content=\"image\/jpeg\" \/>\n<meta name=\"twitter:card\" content=\"summary_large_image\" \/>\n<meta name=\"twitter:title\" content=\"HydroFlask - \u0112\u0161anas piederumu komplekts\" \/>\n<meta name=\"twitter:label1\" content=\"\u041f\u0440\u0438\u043c\u0435\u0440\u043d\u043e\u0435 \u0432\u0440\u0435\u043c\u044f \u0434\u043b\u044f \u0447\u0442\u0435\u043d\u0438\u044f\" \/>\n\t<meta name=\"twitter:data1\" content=\"1 \u043c\u0438\u043d\u0443\u0442\u0430\" \/>\n<script type=\"application\/ld+json\" class=\"yoast-schema-graph\">{\"@context\":\"https:\\\/\\\/schema.org\",\"@graph\":[{\"@type\":[\"WebPage\",\"ItemPage\"],\"@id\":\"https:\\\/\\\/gohike.lv\\\/ru\\\/produkts\\\/hydroflask-esanas-piederumu-komplekts\\\/\",\"url\":\"https:\\\/\\\/gohike.lv\\\/ru\\\/produkts\\\/hydroflask-esanas-piederumu-komplekts\\\/\",\"name\":\"HydroFlask - \u0112\u0161anas piederumu komplekts\",\"isPartOf\":{\"@id\":\"https:\\\/\\\/gohike.lv\\\/ru\\\/#website\"},\"primaryImageOfPage\":{\"@id\":\"https:\\\/\\\/gohike.lv\\\/ru\\\/produkts\\\/hydroflask-esanas-piederumu-komplekts\\\/#primaryimage\"},\"image\":{\"@id\":\"https:\\\/\\\/gohike.lv\\\/ru\\\/produkts\\\/hydroflask-esanas-piederumu-komplekts\\\/#primaryimage\"},\"thumbnailUrl\":\"https:\\\/\\\/gohike.lv\\\/wp-content\\\/uploads\\\/2024\\\/08\\\/GaldaPiederumi_2.jpg\",\"datePublished\":\"2024-08-13T09:07:23+00:00\",\"dateModified\":\"2026-01-23T17:21:42+00:00\",\"description\":\"\u0112\u0161anas piederumu komplekts no iztur\u012bga ner\u016bs\u0113jo\u0161\u0101 t\u0113rauda. Komplekts sast\u0101v no dak\u0161as, na\u017ea un karotes. Komplekt\u0101 auduma maisi\u0146\u0161, piederumu p\u0101rn\u0113s\u0101\u0161anai.\",\"breadcrumb\":{\"@id\":\"https:\\\/\\\/gohike.lv\\\/ru\\\/produkts\\\/hydroflask-esanas-piederumu-komplekts\\\/#breadcrumb\"},\"inLanguage\":\"ru-RU\",\"potentialAction\":[{\"@type\":\"ReadAction\",\"target\":[\"https:\\\/\\\/gohike.lv\\\/ru\\\/produkts\\\/hydroflask-esanas-piederumu-komplekts\\\/\"]}]},{\"@type\":\"ImageObject\",\"inLanguage\":\"ru-RU\",\"@id\":\"https:\\\/\\\/gohike.lv\\\/ru\\\/produkts\\\/hydroflask-esanas-piederumu-komplekts\\\/#primaryimage\",\"url\":\"https:\\\/\\\/gohike.lv\\\/wp-content\\\/uploads\\\/2024\\\/08\\\/GaldaPiederumi_2.jpg\",\"contentUrl\":\"https:\\\/\\\/gohike.lv\\\/wp-content\\\/uploads\\\/2024\\\/08\\\/GaldaPiederumi_2.jpg\",\"width\":900,\"height\":900},{\"@type\":\"BreadcrumbList\",\"@id\":\"https:\\\/\\\/gohike.lv\\\/ru\\\/produkts\\\/hydroflask-esanas-piederumu-komplekts\\\/#breadcrumb\",\"itemListElement\":[{\"@type\":\"ListItem\",\"position\":1,\"name\":\"\u0413\u043b\u0430\u0432\u043d\u0430\u044f\",\"item\":\"https:\\\/\\\/gohike.lv\\\/ru\\\/\"},{\"@type\":\"ListItem\",\"position\":2,\"name\":\"\u041a\u0430\u0442\u0435\u0433\u043e\u0440\u0438\u0438 \u0442\u043e\u0432\u0430\u0440\u043e\u0432\",\"item\":\"https:\\\/\\\/gohike.lv\\\/%d0%ba%d0%b0%d1%82%d0%b5%d0%b3%d0%be%d1%80%d0%b8%d0%b8-%d1%82%d0%be%d0%b2%d0%b0%d1%80%d0%be%d0%b2\\\/\"},{\"@type\":\"ListItem\",\"position\":3,\"name\":\"HydroFlask &#8211; \u0112\u0161anas piederumu komplekts\"}]},{\"@type\":\"WebSite\",\"@id\":\"https:\\\/\\\/gohike.lv\\\/ru\\\/#website\",\"url\":\"https:\\\/\\\/gohike.lv\\\/ru\\\/\",\"name\":\"GoHike\",\"description\":\"\",\"publisher\":{\"@id\":\"https:\\\/\\\/gohike.lv\\\/ru\\\/#organization\"},\"potentialAction\":[{\"@type\":\"SearchAction\",\"target\":{\"@type\":\"EntryPoint\",\"urlTemplate\":\"https:\\\/\\\/gohike.lv\\\/ru\\\/?s={search_term_string}\"},\"query-input\":{\"@type\":\"PropertyValueSpecification\",\"valueRequired\":true,\"valueName\":\"search_term_string\"}}],\"inLanguage\":\"ru-RU\"},{\"@type\":\"Organization\",\"@id\":\"https:\\\/\\\/gohike.lv\\\/ru\\\/#organization\",\"name\":\"GoHike\",\"url\":\"https:\\\/\\\/gohike.lv\\\/ru\\\/\",\"logo\":{\"@type\":\"ImageObject\",\"inLanguage\":\"ru-RU\",\"@id\":\"https:\\\/\\\/gohike.lv\\\/ru\\\/#\\\/schema\\\/logo\\\/image\\\/\",\"url\":\"https:\\\/\\\/gohike.lv\\\/wp-content\\\/uploads\\\/2023\\\/08\\\/Logo_GoHike.webp\",\"contentUrl\":\"https:\\\/\\\/gohike.lv\\\/wp-content\\\/uploads\\\/2023\\\/08\\\/Logo_GoHike.webp\",\"width\":512,\"height\":512,\"caption\":\"GoHike\"},\"image\":{\"@id\":\"https:\\\/\\\/gohike.lv\\\/ru\\\/#\\\/schema\\\/logo\\\/image\\\/\"},\"sameAs\":[\"https:\\\/\\\/www.facebook.com\\\/gohike.shop\\\/\",\"https:\\\/\\\/www.instagram.com\\\/gohike.shop\\\/\"]}]}<\/script>\n<!-- \/ Yoast SEO plugin. -->","yoast_head_json":{"title":"HydroFlask - \u0112\u0161anas piederumu komplekts","description":"\u0112\u0161anas piederumu komplekts no iztur\u012bga ner\u016bs\u0113jo\u0161\u0101 t\u0113rauda. Komplekts sast\u0101v no dak\u0161as, na\u017ea un karotes. Komplekt\u0101 auduma maisi\u0146\u0161, piederumu p\u0101rn\u0113s\u0101\u0161anai.","robots":{"index":"index","follow":"follow","max-snippet":"max-snippet:-1","max-image-preview":"max-image-preview:large","max-video-preview":"max-video-preview:-1"},"canonical":"https:\/\/gohike.lv\/ru\/produkts\/hydroflask-esanas-piederumu-komplekts\/","og_locale":"ru_RU","og_type":"article","og_title":"HydroFlask - \u0112\u0161anas piederumu komplekts","og_description":"\u0112\u0161anas piederumu komplekts no iztur\u012bga ner\u016bs\u0113jo\u0161\u0101 t\u0113rauda. Komplekts sast\u0101v no dak\u0161as, na\u017ea un karotes. Komplekt\u0101 auduma maisi\u0146\u0161, piederumu p\u0101rn\u0113s\u0101\u0161anai.","og_url":"https:\/\/gohike.lv\/ru\/produkts\/hydroflask-esanas-piederumu-komplekts\/","og_site_name":"GoHike","article_publisher":"https:\/\/www.facebook.com\/gohike.shop\/","article_modified_time":"2026-01-23T17:21:42+00:00","og_image":[{"width":900,"height":900,"url":"https:\/\/gohike.lv\/wp-content\/uploads\/2024\/08\/GaldaPiederumi_2.jpg","type":"image\/jpeg"}],"twitter_card":"summary_large_image","twitter_title":"HydroFlask - \u0112\u0161anas piederumu komplekts","twitter_misc":{"\u041f\u0440\u0438\u043c\u0435\u0440\u043d\u043e\u0435 \u0432\u0440\u0435\u043c\u044f \u0434\u043b\u044f \u0447\u0442\u0435\u043d\u0438\u044f":"1 \u043c\u0438\u043d\u0443\u0442\u0430"},"schema":{"@context":"https:\/\/schema.org","@graph":[{"@type":["WebPage","ItemPage"],"@id":"https:\/\/gohike.lv\/ru\/produkts\/hydroflask-esanas-piederumu-komplekts\/","url":"https:\/\/gohike.lv\/ru\/produkts\/hydroflask-esanas-piederumu-komplekts\/","name":"HydroFlask - \u0112\u0161anas piederumu komplekts","isPartOf":{"@id":"https:\/\/gohike.lv\/ru\/#website"},"primaryImageOfPage":{"@id":"https:\/\/gohike.lv\/ru\/produkts\/hydroflask-esanas-piederumu-komplekts\/#primaryimage"},"image":{"@id":"https:\/\/gohike.lv\/ru\/produkts\/hydroflask-esanas-piederumu-komplekts\/#primaryimage"},"thumbnailUrl":"https:\/\/gohike.lv\/wp-content\/uploads\/2024\/08\/GaldaPiederumi_2.jpg","datePublished":"2024-08-13T09:07:23+00:00","dateModified":"2026-01-23T17:21:42+00:00","description":"\u0112\u0161anas piederumu komplekts no iztur\u012bga ner\u016bs\u0113jo\u0161\u0101 t\u0113rauda. Komplekts sast\u0101v no dak\u0161as, na\u017ea un karotes. Komplekt\u0101 auduma maisi\u0146\u0161, piederumu p\u0101rn\u0113s\u0101\u0161anai.","breadcrumb":{"@id":"https:\/\/gohike.lv\/ru\/produkts\/hydroflask-esanas-piederumu-komplekts\/#breadcrumb"},"inLanguage":"ru-RU","potentialAction":[{"@type":"ReadAction","target":["https:\/\/gohike.lv\/ru\/produkts\/hydroflask-esanas-piederumu-komplekts\/"]}]},{"@type":"ImageObject","inLanguage":"ru-RU","@id":"https:\/\/gohike.lv\/ru\/produkts\/hydroflask-esanas-piederumu-komplekts\/#primaryimage","url":"https:\/\/gohike.lv\/wp-content\/uploads\/2024\/08\/GaldaPiederumi_2.jpg","contentUrl":"https:\/\/gohike.lv\/wp-content\/uploads\/2024\/08\/GaldaPiederumi_2.jpg","width":900,"height":900},{"@type":"BreadcrumbList","@id":"https:\/\/gohike.lv\/ru\/produkts\/hydroflask-esanas-piederumu-komplekts\/#breadcrumb","itemListElement":[{"@type":"ListItem","position":1,"name":"\u0413\u043b\u0430\u0432\u043d\u0430\u044f","item":"https:\/\/gohike.lv\/ru\/"},{"@type":"ListItem","position":2,"name":"\u041a\u0430\u0442\u0435\u0433\u043e\u0440\u0438\u0438 \u0442\u043e\u0432\u0430\u0440\u043e\u0432","item":"https:\/\/gohike.lv\/%d0%ba%d0%b0%d1%82%d0%b5%d0%b3%d0%be%d1%80%d0%b8%d0%b8-%d1%82%d0%be%d0%b2%d0%b0%d1%80%d0%be%d0%b2\/"},{"@type":"ListItem","position":3,"name":"HydroFlask &#8211; \u0112\u0161anas piederumu komplekts"}]},{"@type":"WebSite","@id":"https:\/\/gohike.lv\/ru\/#website","url":"https:\/\/gohike.lv\/ru\/","name":"GoHike","description":"","publisher":{"@id":"https:\/\/gohike.lv\/ru\/#organization"},"potentialAction":[{"@type":"SearchAction","target":{"@type":"EntryPoint","urlTemplate":"https:\/\/gohike.lv\/ru\/?s={search_term_string}"},"query-input":{"@type":"PropertyValueSpecification","valueRequired":true,"valueName":"search_term_string"}}],"inLanguage":"ru-RU"},{"@type":"Organization","@id":"https:\/\/gohike.lv\/ru\/#organization","name":"GoHike","url":"https:\/\/gohike.lv\/ru\/","logo":{"@type":"ImageObject","inLanguage":"ru-RU","@id":"https:\/\/gohike.lv\/ru\/#\/schema\/logo\/image\/","url":"https:\/\/gohike.lv\/wp-content\/uploads\/2023\/08\/Logo_GoHike.webp","contentUrl":"https:\/\/gohike.lv\/wp-content\/uploads\/2023\/08\/Logo_GoHike.webp","width":512,"height":512,"caption":"GoHike"},"image":{"@id":"https:\/\/gohike.lv\/ru\/#\/schema\/logo\/image\/"},"sameAs":["https:\/\/www.facebook.com\/gohike.shop\/","https:\/\/www.instagram.com\/gohike.shop\/"]}]}},"jetpack_sharing_enabled":true,"_links":{"self":[{"href":"https:\/\/gohike.lv\/ru\/wp-json\/wp\/v2\/product\/61224","targetHints":{"allow":["GET"]}}],"collection":[{"href":"https:\/\/gohike.lv\/ru\/wp-json\/wp\/v2\/product"}],"about":[{"href":"https:\/\/gohike.lv\/ru\/wp-json\/wp\/v2\/types\/product"}],"version-history":[{"count":1,"href":"https:\/\/gohike.lv\/ru\/wp-json\/wp\/v2\/product\/61224\/revisions"}],"predecessor-version":[{"id":118904,"href":"https:\/\/gohike.lv\/ru\/wp-json\/wp\/v2\/product\/61224\/revisions\/118904"}],"wp:featuredmedia":[{"embeddable":true,"href":"https:\/\/gohike.lv\/ru\/wp-json\/wp\/v2\/media\/61226"}],"wp:attachment":[{"href":"https:\/\/gohike.lv\/ru\/wp-json\/wp\/v2\/media?parent=61224"}],"wp:term":[{"taxonomy":"product_brand","embeddable":true,"href":"https:\/\/gohike.lv\/ru\/wp-json\/wp\/v2\/product_brand?post=61224"},{"taxonomy":"product_cat","embeddable":true,"href":"https:\/\/gohike.lv\/ru\/wp-json\/wp\/v2\/product_cat?post=61224"},{"taxonomy":"product_tag","embeddable":true,"href":"https:\/\/gohike.lv\/ru\/wp-json\/wp\/v2\/product_tag?post=61224"}],"curies":[{"name":"wp","href":"https:\/\/api.w.org\/{rel}","templated":true}]}}