{"id":61135,"date":"2024-08-07T10:40:43","date_gmt":"2024-08-07T07:40:43","guid":{"rendered":"https:\/\/gohike.lv\/?post_type=product&#038;p=61135"},"modified":"2025-12-30T17:24:34","modified_gmt":"2025-12-30T14:24:34","slug":"shimano-ce-tspk2-twinspark-balts","status":"publish","type":"product","link":"https:\/\/gohike.lv\/ru\/produkts\/shimano-ce-tspk2-twinspark-balts\/","title":{"rendered":"SHIMANO &#8212; CE-TSPK2 TWINSPARK balts"},"content":{"rendered":"<p>R\u0100MS:<br \/>\nStingrs pusloka r\u0101mis notur objekt\u012bvu pareizaj\u0101 viet\u0101.<br \/>\nRadi\u0101lie temp\u013ci ar nesl\u012bdo\u0161u rakstu dro\u0161ai piegul\u0113\u0161anai un komfortam.<br \/>\nMainiet att\u0101lumu no sejas l\u012bdz objekt\u012bvam ar regul\u0113jamo deguna spilventi\u0146u.<br \/>\nRilsan\u00ae Clear G850 Rnew\u00ae biolo\u0123iskie poliam\u012bda r\u0101mji izmanto maz\u0101k naftas.<br \/>\nDubulti iesmidzin\u0101mi, netoksiski TPE veid\u0146u uzga\u013ci.<br \/>\nL\u0112CAS:<br \/>\nRIDESCAPE HC augsta kontrasta objekt\u012bvi blo\u0137\u0113 asus atsp\u012bdumus, lai uzlabotu iz\u0161\u0137irtsp\u0113ju un deta\u013cas pat\u012bkamai ikdienas brauk\u0161anai.<br \/>\nPilna UV400 aizsardz\u012bba.<br \/>\nHidrofobs p\u0101rkl\u0101jums palielina \u016bdens atgr\u016bdin\u0101\u0161anu, saglab\u0101 l\u0113cas t\u012br\u0101kas.<br \/>\n\u012apa\u0161a pretskr\u0101p\u0113jumu apstr\u0101de.<br \/>\n\u012apa\u0161i viegls un triecieniztur\u012bgs poliam\u012bda (PA) objekt\u012bvs uzlabo skaidr\u012bbu.<br \/>\nIEPAKOJUMS:<br \/>\nM\u012bksts bri\u013c\u013cu maisi\u0146\u0161, kas izgatavots no rPET.<\/p>\n","protected":false},"excerpt":{"rendered":"<p>Vieglas, augstas kvalit\u0101tes saulesbrilles ar pretskr\u0101p\u0113jumu p\u0101rkl\u0101jumu. Komplekt\u0101 ietilpst bri\u013c\u013cu futl\u0101ris.Rite\u0146brauk\u0161anai \u012bpa\u0161i paredz\u0113tas brilles ar pilnu UV-400 aizsardz\u012bbu, kas izmanto vieglu pusr\u0101mja dizainu un viengabala l\u0113cu pla\u0161am redzes laukam un uzlabotai acu aizsardz\u012bbai visu veidu brauk\u0161ana<\/p>\n","protected":false},"featured_media":61142,"template":"","meta":[],"product_brand":[1683],"product_cat":[6942],"product_tag":[],"class_list":{"0":"post-61135","1":"product","2":"type-product","3":"status-publish","4":"has-post-thumbnail","6":"product_brand-shimano-lv","7":"product_cat-saulesbrilles","8":"pa_atskaites-svars-g-25-3","9":"pa_hidrofobs-parklajums-ja","10":"pa_leca-ridescape-sc","11":"pa_lecas-tips-hc","12":"pa_lecu-materials-poliamids-pa","13":"pa_modela-gads-9491","14":"pa_piederumi-brillu-somina","15":"pa_pretskrapejumu-parklajums-ja","16":"pa_produkta-tips-saulesbrilles","17":"pa_ridescape-sc-ja","18":"pa_segments-kategorija-visa-karta","20":"first","21":"instock","22":"taxable","23":"shipping-taxable","24":"purchasable","25":"product-type-simple"},"raw_content":{"name":"SHIMANO - CE-TSPK2 TWINSPARK balts","description":"R\u0100MS:\nStingrs pusloka r\u0101mis notur objekt\u012bvu pareizaj\u0101 viet\u0101.\nRadi\u0101lie temp\u013ci ar nesl\u012bdo\u0161u rakstu dro\u0161ai piegul\u0113\u0161anai un komfortam.\nMainiet att\u0101lumu no sejas l\u012bdz objekt\u012bvam ar regul\u0113jamo deguna spilventi\u0146u.\nRilsan\u00ae Clear G850 Rnew\u00ae biolo\u0123iskie poliam\u012bda r\u0101mji izmanto maz\u0101k naftas.\nDubulti iesmidzin\u0101mi, netoksiski TPE veid\u0146u uzga\u013ci.\nL\u0112CAS:\nRIDESCAPE HC augsta kontrasta objekt\u012bvi blo\u0137\u0113 asus atsp\u012bdumus, lai uzlabotu iz\u0161\u0137irtsp\u0113ju un deta\u013cas pat\u012bkamai ikdienas brauk\u0161anai.\nPilna UV400 aizsardz\u012bba.\nHidrofobs p\u0101rkl\u0101jums palielina \u016bdens atgr\u016bdin\u0101\u0161anu, saglab\u0101 l\u0113cas t\u012br\u0101kas.\n\u012apa\u0161a pretskr\u0101p\u0113jumu apstr\u0101de.\n\u012apa\u0161i viegls un triecieniztur\u012bgs poliam\u012bda (PA) objekt\u012bvs uzlabo skaidr\u012bbu.\nIEPAKOJUMS:\nM\u012bksts bri\u013c\u013cu maisi\u0146\u0161, kas izgatavots no rPET.","short_description":"Vieglas, augstas kvalit\u0101tes saulesbrilles ar pretskr\u0101p\u0113jumu p\u0101rkl\u0101jumu. Komplekt\u0101 ietilpst bri\u013c\u013cu futl\u0101ris.Rite\u0146brauk\u0161anai \u012bpa\u0161i paredz\u0113tas brilles ar pilnu UV-400 aizsardz\u012bbu, kas izmanto vieglu pusr\u0101mja dizainu un viengabala l\u0113cu pla\u0161am redzes laukam un uzlabotai acu aizsardz\u012bbai visu veidu brauk\u0161ana","status":"publish","sku":"4550170853020","original":61135},"wpml":{"translation_type":1,"has_translations":true,"original":61135,"duplicates":[],"translations":{"lv":61135,"en":67214,"ru":null}},"supplier_id":null,"supplier_sku":"","barcode":null,"atum_controlled":true,"out_stock_date":null,"out_stock_threshold":null,"inheritable":false,"inbound_stock":0,"stock_on_hold":0,"sold_today":0,"sales_last_days":0,"reserved_stock":0,"customer_returns":0,"warehouse_damage":0,"lost_in_post":0,"other_logs":0,"out_stock_days":0,"lost_sales":0,"has_location":false,"update_date":"2025-12-30T14:30:33","atum_locations":[],"atum_stock_status":"instock","restock_status":false,"low_stock_amount":"","sales_update_date":"2025-11-13T14:09:02","calc_backorders":null,"yoast_head":"<!-- This site is optimized with the Yoast SEO plugin v27.3 - https:\/\/yoast.com\/product\/yoast-seo-wordpress\/ -->\n<title>SHIMANO - CE-TSPK2 TWINSPARK balts<\/title>\n<meta name=\"description\" content=\"Vieglas, augstas kvalit\u0101tes saulesbrilles ar pretskr\u0101p\u0113jumu p\u0101rkl\u0101jumu. Komplekt\u0101 ietilpst bri\u013c\u013cu futl\u0101ris.Rite\u0146brauk\u0161anai \u012bpa\u0161i paredz\u0113tas brilles ar pilnu UV-400 aizsardz\u012bbu, kas izmanto vieglu pusr\u0101mja dizainu un viengabala l\u0113cu pla\u0161am redzes laukam un uzlabotai acu aizsardz\u012bbai visu veidu brauk\u0161ana\" \/>\n<meta name=\"robots\" content=\"index, follow, max-snippet:-1, max-image-preview:large, max-video-preview:-1\" \/>\n<link rel=\"canonical\" href=\"https:\/\/gohike.lv\/ru\/produkts\/shimano-ce-tspk2-twinspark-balts\/\" \/>\n<meta property=\"og:locale\" content=\"ru_RU\" \/>\n<meta property=\"og:type\" content=\"article\" \/>\n<meta property=\"og:title\" content=\"Saulesbrilles - \u0160imano SQUARE Dzi\u013c\u0161 oke\u0101ns\" \/>\n<meta property=\"og:description\" content=\"Vieglas, augstas kvalit\u0101tes saulesbrilles ar pretskr\u0101p\u0113jumu p\u0101rkl\u0101jumu. Komplekt\u0101 ietilpst bri\u013c\u013cu futl\u0101ris.Rite\u0146brauk\u0161anai \u012bpa\u0161i paredz\u0113tas brilles ar pilnu UV-400 aizsardz\u012bbu, kas izmanto vieglu pusr\u0101mja dizainu un viengabala l\u0113cu pla\u0161am redzes laukam un uzlabotai acu aizsardz\u012bbai visu veidu brauk\u0161ana\" \/>\n<meta property=\"og:url\" content=\"https:\/\/gohike.lv\/ru\/produkts\/shimano-ce-tspk2-twinspark-balts\/\" \/>\n<meta property=\"og:site_name\" content=\"GoHike\" \/>\n<meta property=\"article:publisher\" content=\"https:\/\/www.facebook.com\/gohike.shop\/\" \/>\n<meta property=\"article:modified_time\" content=\"2025-12-30T14:24:34+00:00\" \/>\n<meta property=\"og:image\" content=\"https:\/\/gohike.lv\/wp-content\/uploads\/2024\/08\/Shimano_white_.png\" \/>\n\t<meta property=\"og:image:width\" content=\"1200\" \/>\n\t<meta property=\"og:image:height\" content=\"1200\" \/>\n\t<meta property=\"og:image:type\" content=\"image\/png\" \/>\n<meta name=\"twitter:card\" content=\"summary_large_image\" \/>\n<meta name=\"twitter:title\" content=\"Saulesbrilles - \u0160imano SQUARE Dzi\u013c\u0161 oke\u0101ns\" \/>\n<meta name=\"twitter:label1\" content=\"\u041f\u0440\u0438\u043c\u0435\u0440\u043d\u043e\u0435 \u0432\u0440\u0435\u043c\u044f \u0434\u043b\u044f \u0447\u0442\u0435\u043d\u0438\u044f\" \/>\n\t<meta name=\"twitter:data1\" content=\"1 \u043c\u0438\u043d\u0443\u0442\u0430\" \/>\n<script type=\"application\/ld+json\" class=\"yoast-schema-graph\">{\"@context\":\"https:\\\/\\\/schema.org\",\"@graph\":[{\"@type\":[\"WebPage\",\"ItemPage\"],\"@id\":\"https:\\\/\\\/gohike.lv\\\/ru\\\/produkts\\\/shimano-ce-tspk2-twinspark-balts\\\/\",\"url\":\"https:\\\/\\\/gohike.lv\\\/ru\\\/produkts\\\/shimano-ce-tspk2-twinspark-balts\\\/\",\"name\":\"SHIMANO - CE-TSPK2 TWINSPARK balts\",\"isPartOf\":{\"@id\":\"https:\\\/\\\/gohike.lv\\\/ru\\\/#website\"},\"primaryImageOfPage\":{\"@id\":\"https:\\\/\\\/gohike.lv\\\/ru\\\/produkts\\\/shimano-ce-tspk2-twinspark-balts\\\/#primaryimage\"},\"image\":{\"@id\":\"https:\\\/\\\/gohike.lv\\\/ru\\\/produkts\\\/shimano-ce-tspk2-twinspark-balts\\\/#primaryimage\"},\"thumbnailUrl\":\"https:\\\/\\\/gohike.lv\\\/wp-content\\\/uploads\\\/2024\\\/08\\\/Shimano_white_.png\",\"datePublished\":\"2024-08-07T07:40:43+00:00\",\"dateModified\":\"2025-12-30T14:24:34+00:00\",\"description\":\"Vieglas, augstas kvalit\u0101tes saulesbrilles ar pretskr\u0101p\u0113jumu p\u0101rkl\u0101jumu. Komplekt\u0101 ietilpst bri\u013c\u013cu futl\u0101ris.Rite\u0146brauk\u0161anai \u012bpa\u0161i paredz\u0113tas brilles ar pilnu UV-400 aizsardz\u012bbu, kas izmanto vieglu pusr\u0101mja dizainu un viengabala l\u0113cu pla\u0161am redzes laukam un uzlabotai acu aizsardz\u012bbai visu veidu brauk\u0161ana\",\"breadcrumb\":{\"@id\":\"https:\\\/\\\/gohike.lv\\\/ru\\\/produkts\\\/shimano-ce-tspk2-twinspark-balts\\\/#breadcrumb\"},\"inLanguage\":\"ru-RU\",\"potentialAction\":[{\"@type\":\"ReadAction\",\"target\":[\"https:\\\/\\\/gohike.lv\\\/ru\\\/produkts\\\/shimano-ce-tspk2-twinspark-balts\\\/\"]}]},{\"@type\":\"ImageObject\",\"inLanguage\":\"ru-RU\",\"@id\":\"https:\\\/\\\/gohike.lv\\\/ru\\\/produkts\\\/shimano-ce-tspk2-twinspark-balts\\\/#primaryimage\",\"url\":\"https:\\\/\\\/gohike.lv\\\/wp-content\\\/uploads\\\/2024\\\/08\\\/Shimano_white_.png\",\"contentUrl\":\"https:\\\/\\\/gohike.lv\\\/wp-content\\\/uploads\\\/2024\\\/08\\\/Shimano_white_.png\",\"width\":1200,\"height\":1200},{\"@type\":\"BreadcrumbList\",\"@id\":\"https:\\\/\\\/gohike.lv\\\/ru\\\/produkts\\\/shimano-ce-tspk2-twinspark-balts\\\/#breadcrumb\",\"itemListElement\":[{\"@type\":\"ListItem\",\"position\":1,\"name\":\"\u0413\u043b\u0430\u0432\u043d\u0430\u044f\",\"item\":\"https:\\\/\\\/gohike.lv\\\/ru\\\/\"},{\"@type\":\"ListItem\",\"position\":2,\"name\":\"\u041a\u0430\u0442\u0435\u0433\u043e\u0440\u0438\u0438 \u0442\u043e\u0432\u0430\u0440\u043e\u0432\",\"item\":\"https:\\\/\\\/gohike.lv\\\/%d0%ba%d0%b0%d1%82%d0%b5%d0%b3%d0%be%d1%80%d0%b8%d0%b8-%d1%82%d0%be%d0%b2%d0%b0%d1%80%d0%be%d0%b2\\\/\"},{\"@type\":\"ListItem\",\"position\":3,\"name\":\"SHIMANO &#8211; CE-TSPK2 TWINSPARK balts\"}]},{\"@type\":\"WebSite\",\"@id\":\"https:\\\/\\\/gohike.lv\\\/ru\\\/#website\",\"url\":\"https:\\\/\\\/gohike.lv\\\/ru\\\/\",\"name\":\"GoHike\",\"description\":\"\",\"publisher\":{\"@id\":\"https:\\\/\\\/gohike.lv\\\/ru\\\/#organization\"},\"potentialAction\":[{\"@type\":\"SearchAction\",\"target\":{\"@type\":\"EntryPoint\",\"urlTemplate\":\"https:\\\/\\\/gohike.lv\\\/ru\\\/?s={search_term_string}\"},\"query-input\":{\"@type\":\"PropertyValueSpecification\",\"valueRequired\":true,\"valueName\":\"search_term_string\"}}],\"inLanguage\":\"ru-RU\"},{\"@type\":\"Organization\",\"@id\":\"https:\\\/\\\/gohike.lv\\\/ru\\\/#organization\",\"name\":\"GoHike\",\"url\":\"https:\\\/\\\/gohike.lv\\\/ru\\\/\",\"logo\":{\"@type\":\"ImageObject\",\"inLanguage\":\"ru-RU\",\"@id\":\"https:\\\/\\\/gohike.lv\\\/ru\\\/#\\\/schema\\\/logo\\\/image\\\/\",\"url\":\"https:\\\/\\\/gohike.lv\\\/wp-content\\\/uploads\\\/2023\\\/08\\\/Logo_GoHike.webp\",\"contentUrl\":\"https:\\\/\\\/gohike.lv\\\/wp-content\\\/uploads\\\/2023\\\/08\\\/Logo_GoHike.webp\",\"width\":512,\"height\":512,\"caption\":\"GoHike\"},\"image\":{\"@id\":\"https:\\\/\\\/gohike.lv\\\/ru\\\/#\\\/schema\\\/logo\\\/image\\\/\"},\"sameAs\":[\"https:\\\/\\\/www.facebook.com\\\/gohike.shop\\\/\",\"https:\\\/\\\/www.instagram.com\\\/gohike.shop\\\/\"]}]}<\/script>\n<!-- \/ Yoast SEO plugin. -->","yoast_head_json":{"title":"SHIMANO - CE-TSPK2 TWINSPARK balts","description":"Vieglas, augstas kvalit\u0101tes saulesbrilles ar pretskr\u0101p\u0113jumu p\u0101rkl\u0101jumu. Komplekt\u0101 ietilpst bri\u013c\u013cu futl\u0101ris.Rite\u0146brauk\u0161anai \u012bpa\u0161i paredz\u0113tas brilles ar pilnu UV-400 aizsardz\u012bbu, kas izmanto vieglu pusr\u0101mja dizainu un viengabala l\u0113cu pla\u0161am redzes laukam un uzlabotai acu aizsardz\u012bbai visu veidu brauk\u0161ana","robots":{"index":"index","follow":"follow","max-snippet":"max-snippet:-1","max-image-preview":"max-image-preview:large","max-video-preview":"max-video-preview:-1"},"canonical":"https:\/\/gohike.lv\/ru\/produkts\/shimano-ce-tspk2-twinspark-balts\/","og_locale":"ru_RU","og_type":"article","og_title":"Saulesbrilles - \u0160imano SQUARE Dzi\u013c\u0161 oke\u0101ns","og_description":"Vieglas, augstas kvalit\u0101tes saulesbrilles ar pretskr\u0101p\u0113jumu p\u0101rkl\u0101jumu. Komplekt\u0101 ietilpst bri\u013c\u013cu futl\u0101ris.Rite\u0146brauk\u0161anai \u012bpa\u0161i paredz\u0113tas brilles ar pilnu UV-400 aizsardz\u012bbu, kas izmanto vieglu pusr\u0101mja dizainu un viengabala l\u0113cu pla\u0161am redzes laukam un uzlabotai acu aizsardz\u012bbai visu veidu brauk\u0161ana","og_url":"https:\/\/gohike.lv\/ru\/produkts\/shimano-ce-tspk2-twinspark-balts\/","og_site_name":"GoHike","article_publisher":"https:\/\/www.facebook.com\/gohike.shop\/","article_modified_time":"2025-12-30T14:24:34+00:00","og_image":[{"width":1200,"height":1200,"url":"https:\/\/gohike.lv\/wp-content\/uploads\/2024\/08\/Shimano_white_.png","type":"image\/png"}],"twitter_card":"summary_large_image","twitter_title":"Saulesbrilles - \u0160imano SQUARE Dzi\u013c\u0161 oke\u0101ns","twitter_misc":{"\u041f\u0440\u0438\u043c\u0435\u0440\u043d\u043e\u0435 \u0432\u0440\u0435\u043c\u044f \u0434\u043b\u044f \u0447\u0442\u0435\u043d\u0438\u044f":"1 \u043c\u0438\u043d\u0443\u0442\u0430"},"schema":{"@context":"https:\/\/schema.org","@graph":[{"@type":["WebPage","ItemPage"],"@id":"https:\/\/gohike.lv\/ru\/produkts\/shimano-ce-tspk2-twinspark-balts\/","url":"https:\/\/gohike.lv\/ru\/produkts\/shimano-ce-tspk2-twinspark-balts\/","name":"SHIMANO - CE-TSPK2 TWINSPARK balts","isPartOf":{"@id":"https:\/\/gohike.lv\/ru\/#website"},"primaryImageOfPage":{"@id":"https:\/\/gohike.lv\/ru\/produkts\/shimano-ce-tspk2-twinspark-balts\/#primaryimage"},"image":{"@id":"https:\/\/gohike.lv\/ru\/produkts\/shimano-ce-tspk2-twinspark-balts\/#primaryimage"},"thumbnailUrl":"https:\/\/gohike.lv\/wp-content\/uploads\/2024\/08\/Shimano_white_.png","datePublished":"2024-08-07T07:40:43+00:00","dateModified":"2025-12-30T14:24:34+00:00","description":"Vieglas, augstas kvalit\u0101tes saulesbrilles ar pretskr\u0101p\u0113jumu p\u0101rkl\u0101jumu. Komplekt\u0101 ietilpst bri\u013c\u013cu futl\u0101ris.Rite\u0146brauk\u0161anai \u012bpa\u0161i paredz\u0113tas brilles ar pilnu UV-400 aizsardz\u012bbu, kas izmanto vieglu pusr\u0101mja dizainu un viengabala l\u0113cu pla\u0161am redzes laukam un uzlabotai acu aizsardz\u012bbai visu veidu brauk\u0161ana","breadcrumb":{"@id":"https:\/\/gohike.lv\/ru\/produkts\/shimano-ce-tspk2-twinspark-balts\/#breadcrumb"},"inLanguage":"ru-RU","potentialAction":[{"@type":"ReadAction","target":["https:\/\/gohike.lv\/ru\/produkts\/shimano-ce-tspk2-twinspark-balts\/"]}]},{"@type":"ImageObject","inLanguage":"ru-RU","@id":"https:\/\/gohike.lv\/ru\/produkts\/shimano-ce-tspk2-twinspark-balts\/#primaryimage","url":"https:\/\/gohike.lv\/wp-content\/uploads\/2024\/08\/Shimano_white_.png","contentUrl":"https:\/\/gohike.lv\/wp-content\/uploads\/2024\/08\/Shimano_white_.png","width":1200,"height":1200},{"@type":"BreadcrumbList","@id":"https:\/\/gohike.lv\/ru\/produkts\/shimano-ce-tspk2-twinspark-balts\/#breadcrumb","itemListElement":[{"@type":"ListItem","position":1,"name":"\u0413\u043b\u0430\u0432\u043d\u0430\u044f","item":"https:\/\/gohike.lv\/ru\/"},{"@type":"ListItem","position":2,"name":"\u041a\u0430\u0442\u0435\u0433\u043e\u0440\u0438\u0438 \u0442\u043e\u0432\u0430\u0440\u043e\u0432","item":"https:\/\/gohike.lv\/%d0%ba%d0%b0%d1%82%d0%b5%d0%b3%d0%be%d1%80%d0%b8%d0%b8-%d1%82%d0%be%d0%b2%d0%b0%d1%80%d0%be%d0%b2\/"},{"@type":"ListItem","position":3,"name":"SHIMANO &#8211; CE-TSPK2 TWINSPARK balts"}]},{"@type":"WebSite","@id":"https:\/\/gohike.lv\/ru\/#website","url":"https:\/\/gohike.lv\/ru\/","name":"GoHike","description":"","publisher":{"@id":"https:\/\/gohike.lv\/ru\/#organization"},"potentialAction":[{"@type":"SearchAction","target":{"@type":"EntryPoint","urlTemplate":"https:\/\/gohike.lv\/ru\/?s={search_term_string}"},"query-input":{"@type":"PropertyValueSpecification","valueRequired":true,"valueName":"search_term_string"}}],"inLanguage":"ru-RU"},{"@type":"Organization","@id":"https:\/\/gohike.lv\/ru\/#organization","name":"GoHike","url":"https:\/\/gohike.lv\/ru\/","logo":{"@type":"ImageObject","inLanguage":"ru-RU","@id":"https:\/\/gohike.lv\/ru\/#\/schema\/logo\/image\/","url":"https:\/\/gohike.lv\/wp-content\/uploads\/2023\/08\/Logo_GoHike.webp","contentUrl":"https:\/\/gohike.lv\/wp-content\/uploads\/2023\/08\/Logo_GoHike.webp","width":512,"height":512,"caption":"GoHike"},"image":{"@id":"https:\/\/gohike.lv\/ru\/#\/schema\/logo\/image\/"},"sameAs":["https:\/\/www.facebook.com\/gohike.shop\/","https:\/\/www.instagram.com\/gohike.shop\/"]}]}},"jetpack_sharing_enabled":true,"_links":{"self":[{"href":"https:\/\/gohike.lv\/ru\/wp-json\/wp\/v2\/product\/61135","targetHints":{"allow":["GET"]}}],"collection":[{"href":"https:\/\/gohike.lv\/ru\/wp-json\/wp\/v2\/product"}],"about":[{"href":"https:\/\/gohike.lv\/ru\/wp-json\/wp\/v2\/types\/product"}],"version-history":[{"count":1,"href":"https:\/\/gohike.lv\/ru\/wp-json\/wp\/v2\/product\/61135\/revisions"}],"predecessor-version":[{"id":118844,"href":"https:\/\/gohike.lv\/ru\/wp-json\/wp\/v2\/product\/61135\/revisions\/118844"}],"wp:featuredmedia":[{"embeddable":true,"href":"https:\/\/gohike.lv\/ru\/wp-json\/wp\/v2\/media\/61142"}],"wp:attachment":[{"href":"https:\/\/gohike.lv\/ru\/wp-json\/wp\/v2\/media?parent=61135"}],"wp:term":[{"taxonomy":"product_brand","embeddable":true,"href":"https:\/\/gohike.lv\/ru\/wp-json\/wp\/v2\/product_brand?post=61135"},{"taxonomy":"product_cat","embeddable":true,"href":"https:\/\/gohike.lv\/ru\/wp-json\/wp\/v2\/product_cat?post=61135"},{"taxonomy":"product_tag","embeddable":true,"href":"https:\/\/gohike.lv\/ru\/wp-json\/wp\/v2\/product_tag?post=61135"}],"curies":[{"name":"wp","href":"https:\/\/api.w.org\/{rel}","templated":true}]}}