{"id":61034,"date":"2024-08-02T18:57:44","date_gmt":"2024-08-02T15:57:44","guid":{"rendered":"https:\/\/gohike.lv\/?post_type=product&#038;p=61034"},"modified":"2025-12-18T13:27:52","modified_gmt":"2025-12-18T10:27:52","slug":"naturehike-sporta-cimdi-bez-pirkstiem","status":"publish","type":"product","link":"https:\/\/gohike.lv\/ru\/produkts\/naturehike-sporta-cimdi-bez-pirkstiem\/","title":{"rendered":"Naturehike &#8212; Sporta cimdi bez pirkstiem"},"content":{"rendered":"<p>Cimdu virs\u0113jais materi\u0101ls ir neilons un spandekss, kas ir iztur\u012bgs. Poliestera audums palielina valk\u0101\u0161anas komfortu un nodro\u0161ina lielisku ventil\u0101ciju.<br \/>\nCimdi ir za\u013c\u0101 kr\u0101s\u0101, kas ir klasiska un neitr\u0101la, \u013caujot tos pieksa\u0146ot jebkuram ap\u0123\u0113rbam.<br \/>\nFunkcion\u0101ls aksesu\u0101rs aktivit\u0101t\u0113m br\u012bv\u0101 dab\u0101 un sportam, kas kalpos ilgu laiku un nodro\u0161in\u0101s komfortu un aizsardz\u012bbu rok\u0101m.<\/p>\n","protected":false},"excerpt":{"rendered":"<p>Augstas kvalit\u0101tes sporta cimdi Naturehike aktivit\u0101t\u0113m br\u012bv\u0101 dab\u0101 un sportam. Tie ir piem\u0113roti gan v\u012brie\u0161iem, gan sieviet\u0113m un k\u013c\u016bs par neaizst\u0101jamu pal\u012bgu t\u0101dos sporta veidos k\u0101 rite\u0146brauk\u0161ana, n\u016bjo\u0161ana, trekings un p\u0101rg\u0101jieni, k\u0101 ar\u012b skritu\u013cslidu, skrejrite\u0146u un skritu\u013cd\u0113\u013cu cien\u012bt\u0101jiem.<\/p>\n","protected":false},"featured_media":61035,"template":"","meta":[],"product_brand":[167],"product_cat":[1419,9447],"product_tag":[],"class_list":{"0":"post-61034","1":"product","2":"type-product","3":"status-publish","4":"has-post-thumbnail","6":"product_brand-naturehike-lv","7":"product_cat-apgerbs","8":"product_cat-izpardosana","9":"pa_izmeriscm-l15-49-6","10":"pa_izmeriscm-m14-99-2","11":"pa_izmeriscm-xl15-910","12":"pa_izmers-liels","13":"pa_izmers-medium","14":"pa_izmers-xlarge","15":"pa_materiali-2-neilons-8","16":"pa_materiali-8-spandekss","17":"pa_materiali-galvenais-audums-91","18":"pa_materiali-ikska-audums-100-poliesters-arpuse-100-poliesters","19":"pa_materiali-plaukstas-audums-100-neilons","20":"pa_produkta-tips-cimdi","22":"first","23":"instock","24":"sale","25":"taxable","26":"shipping-taxable","27":"purchasable","28":"product-type-variable","29":"has-default-attributes"},"raw_content":{"name":"Naturehike - Sporta cimdi bez pirkstiem","description":"Cimdu virs\u0113jais materi\u0101ls ir neilons un spandekss, kas ir iztur\u012bgs. Poliestera audums palielina valk\u0101\u0161anas komfortu un nodro\u0161ina lielisku ventil\u0101ciju.\r\nCimdi ir za\u013c\u0101 kr\u0101s\u0101, kas ir klasiska un neitr\u0101la, \u013caujot tos pieksa\u0146ot jebkuram ap\u0123\u0113rbam.\r\nFunkcion\u0101ls aksesu\u0101rs aktivit\u0101t\u0113m br\u012bv\u0101 dab\u0101 un sportam, kas kalpos ilgu laiku un nodro\u0161in\u0101s komfortu un aizsardz\u012bbu rok\u0101m.","short_description":"Augstas kvalit\u0101tes sporta cimdi Naturehike aktivit\u0101t\u0113m br\u012bv\u0101 dab\u0101 un sportam. Tie ir piem\u0113roti gan v\u012brie\u0161iem, gan sieviet\u0113m un k\u013c\u016bs par neaizst\u0101jamu pal\u012bgu t\u0101dos sporta veidos k\u0101 rite\u0146brauk\u0161ana, n\u016bjo\u0161ana, trekings un p\u0101rg\u0101jieni, k\u0101 ar\u012b skritu\u013cslidu, skrejrite\u0146u un skritu\u013cd\u0113\u013cu cien\u012bt\u0101jiem.","status":"publish","sku":"9722-7E6846","original":61034},"wpml":{"translation_type":1,"has_translations":true,"original":61034,"duplicates":[],"translations":{"lv":61034,"en":67227,"ru":null}},"supplier_id":null,"supplier_sku":"","barcode":null,"atum_controlled":true,"out_stock_date":null,"out_stock_threshold":null,"inheritable":true,"inbound_stock":null,"stock_on_hold":0,"sold_today":0,"sales_last_days":0,"reserved_stock":null,"customer_returns":null,"warehouse_damage":null,"lost_in_post":null,"other_logs":null,"out_stock_days":0,"lost_sales":0,"has_location":false,"update_date":"2025-11-13T14:06:51","atum_locations":[],"atum_stock_status":"instock","restock_status":false,"low_stock_amount":"","sales_update_date":"2025-11-13T14:06:51","calc_backorders":null,"yoast_head":"<!-- This site is optimized with the Yoast SEO plugin v27.3 - https:\/\/yoast.com\/product\/yoast-seo-wordpress\/ -->\n<title>Naturehike - Sporta cimdi bez pirkstiem<\/title>\n<meta name=\"description\" content=\"Augstas kvalit\u0101tes sporta cimdi Naturehike aktivit\u0101t\u0113m br\u012bv\u0101 dab\u0101 un sportam. Tie ir piem\u0113roti gan v\u012brie\u0161iem, gan sieviet\u0113m.\" \/>\n<meta name=\"robots\" content=\"index, follow, max-snippet:-1, max-image-preview:large, max-video-preview:-1\" \/>\n<link rel=\"canonical\" href=\"https:\/\/gohike.lv\/ru\/produkts\/naturehike-sporta-cimdi-bez-pirkstiem\/\" \/>\n<meta property=\"og:locale\" content=\"ru_RU\" \/>\n<meta property=\"og:type\" content=\"article\" \/>\n<meta property=\"og:title\" content=\"Naturehike - Sporta cimdi bez pirkstiem\" \/>\n<meta property=\"og:description\" content=\"Augstas kvalit\u0101tes sporta cimdi Naturehike aktivit\u0101t\u0113m br\u012bv\u0101 dab\u0101 un sportam. Tie ir piem\u0113roti gan v\u012brie\u0161iem, gan sieviet\u0113m.\" \/>\n<meta property=\"og:url\" content=\"https:\/\/gohike.lv\/ru\/produkts\/naturehike-sporta-cimdi-bez-pirkstiem\/\" \/>\n<meta property=\"og:site_name\" content=\"GoHike\" \/>\n<meta property=\"article:publisher\" content=\"https:\/\/www.facebook.com\/gohike.shop\/\" \/>\n<meta property=\"article:modified_time\" content=\"2025-12-18T10:27:52+00:00\" \/>\n<meta property=\"og:image\" content=\"https:\/\/gohike.lv\/wp-content\/uploads\/2024\/08\/variant-image-1.jpeg\" \/>\n\t<meta property=\"og:image:width\" content=\"1200\" \/>\n\t<meta property=\"og:image:height\" content=\"1200\" \/>\n\t<meta property=\"og:image:type\" content=\"image\/jpeg\" \/>\n<meta name=\"twitter:card\" content=\"summary_large_image\" \/>\n<meta name=\"twitter:label1\" content=\"\u041f\u0440\u0438\u043c\u0435\u0440\u043d\u043e\u0435 \u0432\u0440\u0435\u043c\u044f \u0434\u043b\u044f \u0447\u0442\u0435\u043d\u0438\u044f\" \/>\n\t<meta name=\"twitter:data1\" content=\"1 \u043c\u0438\u043d\u0443\u0442\u0430\" \/>\n<script type=\"application\/ld+json\" class=\"yoast-schema-graph\">{\"@context\":\"https:\\\/\\\/schema.org\",\"@graph\":[{\"@type\":[\"WebPage\",\"ItemPage\"],\"@id\":\"https:\\\/\\\/gohike.lv\\\/ru\\\/produkts\\\/naturehike-sporta-cimdi-bez-pirkstiem\\\/\",\"url\":\"https:\\\/\\\/gohike.lv\\\/ru\\\/produkts\\\/naturehike-sporta-cimdi-bez-pirkstiem\\\/\",\"name\":\"Naturehike - Sporta cimdi bez pirkstiem\",\"isPartOf\":{\"@id\":\"https:\\\/\\\/gohike.lv\\\/ru\\\/#website\"},\"primaryImageOfPage\":{\"@id\":\"https:\\\/\\\/gohike.lv\\\/ru\\\/produkts\\\/naturehike-sporta-cimdi-bez-pirkstiem\\\/#primaryimage\"},\"image\":{\"@id\":\"https:\\\/\\\/gohike.lv\\\/ru\\\/produkts\\\/naturehike-sporta-cimdi-bez-pirkstiem\\\/#primaryimage\"},\"thumbnailUrl\":\"https:\\\/\\\/gohike.lv\\\/wp-content\\\/uploads\\\/2024\\\/08\\\/variant-image-1.jpeg\",\"datePublished\":\"2024-08-02T15:57:44+00:00\",\"dateModified\":\"2025-12-18T10:27:52+00:00\",\"description\":\"Augstas kvalit\u0101tes sporta cimdi Naturehike aktivit\u0101t\u0113m br\u012bv\u0101 dab\u0101 un sportam. Tie ir piem\u0113roti gan v\u012brie\u0161iem, gan sieviet\u0113m.\",\"breadcrumb\":{\"@id\":\"https:\\\/\\\/gohike.lv\\\/ru\\\/produkts\\\/naturehike-sporta-cimdi-bez-pirkstiem\\\/#breadcrumb\"},\"inLanguage\":\"ru-RU\",\"potentialAction\":[{\"@type\":\"ReadAction\",\"target\":[\"https:\\\/\\\/gohike.lv\\\/ru\\\/produkts\\\/naturehike-sporta-cimdi-bez-pirkstiem\\\/\"]}]},{\"@type\":\"ImageObject\",\"inLanguage\":\"ru-RU\",\"@id\":\"https:\\\/\\\/gohike.lv\\\/ru\\\/produkts\\\/naturehike-sporta-cimdi-bez-pirkstiem\\\/#primaryimage\",\"url\":\"https:\\\/\\\/gohike.lv\\\/wp-content\\\/uploads\\\/2024\\\/08\\\/variant-image-1.jpeg\",\"contentUrl\":\"https:\\\/\\\/gohike.lv\\\/wp-content\\\/uploads\\\/2024\\\/08\\\/variant-image-1.jpeg\",\"width\":1200,\"height\":1200},{\"@type\":\"BreadcrumbList\",\"@id\":\"https:\\\/\\\/gohike.lv\\\/ru\\\/produkts\\\/naturehike-sporta-cimdi-bez-pirkstiem\\\/#breadcrumb\",\"itemListElement\":[{\"@type\":\"ListItem\",\"position\":1,\"name\":\"\u0413\u043b\u0430\u0432\u043d\u0430\u044f\",\"item\":\"https:\\\/\\\/gohike.lv\\\/ru\\\/\"},{\"@type\":\"ListItem\",\"position\":2,\"name\":\"\u041a\u0430\u0442\u0435\u0433\u043e\u0440\u0438\u0438 \u0442\u043e\u0432\u0430\u0440\u043e\u0432\",\"item\":\"https:\\\/\\\/gohike.lv\\\/%d0%ba%d0%b0%d1%82%d0%b5%d0%b3%d0%be%d1%80%d0%b8%d0%b8-%d1%82%d0%be%d0%b2%d0%b0%d1%80%d0%be%d0%b2\\\/\"},{\"@type\":\"ListItem\",\"position\":3,\"name\":\"Naturehike &#8211; Sporta cimdi bez pirkstiem\"}]},{\"@type\":\"WebSite\",\"@id\":\"https:\\\/\\\/gohike.lv\\\/ru\\\/#website\",\"url\":\"https:\\\/\\\/gohike.lv\\\/ru\\\/\",\"name\":\"GoHike\",\"description\":\"\",\"publisher\":{\"@id\":\"https:\\\/\\\/gohike.lv\\\/ru\\\/#organization\"},\"potentialAction\":[{\"@type\":\"SearchAction\",\"target\":{\"@type\":\"EntryPoint\",\"urlTemplate\":\"https:\\\/\\\/gohike.lv\\\/ru\\\/?s={search_term_string}\"},\"query-input\":{\"@type\":\"PropertyValueSpecification\",\"valueRequired\":true,\"valueName\":\"search_term_string\"}}],\"inLanguage\":\"ru-RU\"},{\"@type\":\"Organization\",\"@id\":\"https:\\\/\\\/gohike.lv\\\/ru\\\/#organization\",\"name\":\"GoHike\",\"url\":\"https:\\\/\\\/gohike.lv\\\/ru\\\/\",\"logo\":{\"@type\":\"ImageObject\",\"inLanguage\":\"ru-RU\",\"@id\":\"https:\\\/\\\/gohike.lv\\\/ru\\\/#\\\/schema\\\/logo\\\/image\\\/\",\"url\":\"https:\\\/\\\/gohike.lv\\\/wp-content\\\/uploads\\\/2023\\\/08\\\/Logo_GoHike.webp\",\"contentUrl\":\"https:\\\/\\\/gohike.lv\\\/wp-content\\\/uploads\\\/2023\\\/08\\\/Logo_GoHike.webp\",\"width\":512,\"height\":512,\"caption\":\"GoHike\"},\"image\":{\"@id\":\"https:\\\/\\\/gohike.lv\\\/ru\\\/#\\\/schema\\\/logo\\\/image\\\/\"},\"sameAs\":[\"https:\\\/\\\/www.facebook.com\\\/gohike.shop\\\/\",\"https:\\\/\\\/www.instagram.com\\\/gohike.shop\\\/\"]}]}<\/script>\n<!-- \/ Yoast SEO plugin. -->","yoast_head_json":{"title":"Naturehike - Sporta cimdi bez pirkstiem","description":"Augstas kvalit\u0101tes sporta cimdi Naturehike aktivit\u0101t\u0113m br\u012bv\u0101 dab\u0101 un sportam. Tie ir piem\u0113roti gan v\u012brie\u0161iem, gan sieviet\u0113m.","robots":{"index":"index","follow":"follow","max-snippet":"max-snippet:-1","max-image-preview":"max-image-preview:large","max-video-preview":"max-video-preview:-1"},"canonical":"https:\/\/gohike.lv\/ru\/produkts\/naturehike-sporta-cimdi-bez-pirkstiem\/","og_locale":"ru_RU","og_type":"article","og_title":"Naturehike - Sporta cimdi bez pirkstiem","og_description":"Augstas kvalit\u0101tes sporta cimdi Naturehike aktivit\u0101t\u0113m br\u012bv\u0101 dab\u0101 un sportam. Tie ir piem\u0113roti gan v\u012brie\u0161iem, gan sieviet\u0113m.","og_url":"https:\/\/gohike.lv\/ru\/produkts\/naturehike-sporta-cimdi-bez-pirkstiem\/","og_site_name":"GoHike","article_publisher":"https:\/\/www.facebook.com\/gohike.shop\/","article_modified_time":"2025-12-18T10:27:52+00:00","og_image":[{"width":1200,"height":1200,"url":"https:\/\/gohike.lv\/wp-content\/uploads\/2024\/08\/variant-image-1.jpeg","type":"image\/jpeg"}],"twitter_card":"summary_large_image","twitter_misc":{"\u041f\u0440\u0438\u043c\u0435\u0440\u043d\u043e\u0435 \u0432\u0440\u0435\u043c\u044f \u0434\u043b\u044f \u0447\u0442\u0435\u043d\u0438\u044f":"1 \u043c\u0438\u043d\u0443\u0442\u0430"},"schema":{"@context":"https:\/\/schema.org","@graph":[{"@type":["WebPage","ItemPage"],"@id":"https:\/\/gohike.lv\/ru\/produkts\/naturehike-sporta-cimdi-bez-pirkstiem\/","url":"https:\/\/gohike.lv\/ru\/produkts\/naturehike-sporta-cimdi-bez-pirkstiem\/","name":"Naturehike - Sporta cimdi bez pirkstiem","isPartOf":{"@id":"https:\/\/gohike.lv\/ru\/#website"},"primaryImageOfPage":{"@id":"https:\/\/gohike.lv\/ru\/produkts\/naturehike-sporta-cimdi-bez-pirkstiem\/#primaryimage"},"image":{"@id":"https:\/\/gohike.lv\/ru\/produkts\/naturehike-sporta-cimdi-bez-pirkstiem\/#primaryimage"},"thumbnailUrl":"https:\/\/gohike.lv\/wp-content\/uploads\/2024\/08\/variant-image-1.jpeg","datePublished":"2024-08-02T15:57:44+00:00","dateModified":"2025-12-18T10:27:52+00:00","description":"Augstas kvalit\u0101tes sporta cimdi Naturehike aktivit\u0101t\u0113m br\u012bv\u0101 dab\u0101 un sportam. Tie ir piem\u0113roti gan v\u012brie\u0161iem, gan sieviet\u0113m.","breadcrumb":{"@id":"https:\/\/gohike.lv\/ru\/produkts\/naturehike-sporta-cimdi-bez-pirkstiem\/#breadcrumb"},"inLanguage":"ru-RU","potentialAction":[{"@type":"ReadAction","target":["https:\/\/gohike.lv\/ru\/produkts\/naturehike-sporta-cimdi-bez-pirkstiem\/"]}]},{"@type":"ImageObject","inLanguage":"ru-RU","@id":"https:\/\/gohike.lv\/ru\/produkts\/naturehike-sporta-cimdi-bez-pirkstiem\/#primaryimage","url":"https:\/\/gohike.lv\/wp-content\/uploads\/2024\/08\/variant-image-1.jpeg","contentUrl":"https:\/\/gohike.lv\/wp-content\/uploads\/2024\/08\/variant-image-1.jpeg","width":1200,"height":1200},{"@type":"BreadcrumbList","@id":"https:\/\/gohike.lv\/ru\/produkts\/naturehike-sporta-cimdi-bez-pirkstiem\/#breadcrumb","itemListElement":[{"@type":"ListItem","position":1,"name":"\u0413\u043b\u0430\u0432\u043d\u0430\u044f","item":"https:\/\/gohike.lv\/ru\/"},{"@type":"ListItem","position":2,"name":"\u041a\u0430\u0442\u0435\u0433\u043e\u0440\u0438\u0438 \u0442\u043e\u0432\u0430\u0440\u043e\u0432","item":"https:\/\/gohike.lv\/%d0%ba%d0%b0%d1%82%d0%b5%d0%b3%d0%be%d1%80%d0%b8%d0%b8-%d1%82%d0%be%d0%b2%d0%b0%d1%80%d0%be%d0%b2\/"},{"@type":"ListItem","position":3,"name":"Naturehike &#8211; Sporta cimdi bez pirkstiem"}]},{"@type":"WebSite","@id":"https:\/\/gohike.lv\/ru\/#website","url":"https:\/\/gohike.lv\/ru\/","name":"GoHike","description":"","publisher":{"@id":"https:\/\/gohike.lv\/ru\/#organization"},"potentialAction":[{"@type":"SearchAction","target":{"@type":"EntryPoint","urlTemplate":"https:\/\/gohike.lv\/ru\/?s={search_term_string}"},"query-input":{"@type":"PropertyValueSpecification","valueRequired":true,"valueName":"search_term_string"}}],"inLanguage":"ru-RU"},{"@type":"Organization","@id":"https:\/\/gohike.lv\/ru\/#organization","name":"GoHike","url":"https:\/\/gohike.lv\/ru\/","logo":{"@type":"ImageObject","inLanguage":"ru-RU","@id":"https:\/\/gohike.lv\/ru\/#\/schema\/logo\/image\/","url":"https:\/\/gohike.lv\/wp-content\/uploads\/2023\/08\/Logo_GoHike.webp","contentUrl":"https:\/\/gohike.lv\/wp-content\/uploads\/2023\/08\/Logo_GoHike.webp","width":512,"height":512,"caption":"GoHike"},"image":{"@id":"https:\/\/gohike.lv\/ru\/#\/schema\/logo\/image\/"},"sameAs":["https:\/\/www.facebook.com\/gohike.shop\/","https:\/\/www.instagram.com\/gohike.shop\/"]}]}},"jetpack_sharing_enabled":true,"_links":{"self":[{"href":"https:\/\/gohike.lv\/ru\/wp-json\/wp\/v2\/product\/61034","targetHints":{"allow":["GET"]}}],"collection":[{"href":"https:\/\/gohike.lv\/ru\/wp-json\/wp\/v2\/product"}],"about":[{"href":"https:\/\/gohike.lv\/ru\/wp-json\/wp\/v2\/types\/product"}],"version-history":[{"count":0,"href":"https:\/\/gohike.lv\/ru\/wp-json\/wp\/v2\/product\/61034\/revisions"}],"wp:featuredmedia":[{"embeddable":true,"href":"https:\/\/gohike.lv\/ru\/wp-json\/wp\/v2\/media\/61035"}],"wp:attachment":[{"href":"https:\/\/gohike.lv\/ru\/wp-json\/wp\/v2\/media?parent=61034"}],"wp:term":[{"taxonomy":"product_brand","embeddable":true,"href":"https:\/\/gohike.lv\/ru\/wp-json\/wp\/v2\/product_brand?post=61034"},{"taxonomy":"product_cat","embeddable":true,"href":"https:\/\/gohike.lv\/ru\/wp-json\/wp\/v2\/product_cat?post=61034"},{"taxonomy":"product_tag","embeddable":true,"href":"https:\/\/gohike.lv\/ru\/wp-json\/wp\/v2\/product_tag?post=61034"}],"curies":[{"name":"wp","href":"https:\/\/api.w.org\/{rel}","templated":true}]}}