{"id":60615,"date":"2024-09-06T16:16:46","date_gmt":"2024-09-06T13:16:46","guid":{"rendered":"https:\/\/gohike.lv\/produkts\/trail-organic-food-veganu-pasta-ratatouille\/"},"modified":"2025-12-30T17:24:30","modified_gmt":"2025-12-30T14:24:30","slug":"trail-organic-food-veganu-pasta-ratatouille","status":"publish","type":"product","link":"https:\/\/gohike.lv\/ru\/produkts\/trail-organic-food-veganu-pasta-ratatouille\/","title":{"rendered":"Trail Organic Food \u2013 Veg\u0101nu pasta &#171;Ratatouille&#187;"},"content":{"rendered":"<p>EKO veg\u0101nu pasta &#171;Ratatouille&#187; ar tom\u0101tiem, bakla\u017e\u0101niem, \u0137irbi un bulg\u0101ru pipariem \u2013 liofiliz\u0113ti.<br \/>\nSast\u0101vda\u013cas: Uz 100g saus\u0101 produkta izmantoti 177g makaroni (cieto kvie\u0161u manna), 104g tom\u0101ti, s\u012bpoli, 12g bakla\u017e\u0101ni, 12g kaba\u010di, rap\u0161u e\u013c\u013ca, meln\u0101s pupi\u0146as, pupi\u0146as, 9g paprika, tom\u0101tu koncentr\u0101ts, s\u0101ls, kukur\u016bzas ciete, \u0137iploki, paprika, burk\u0101ni, maurloki, ziedk\u0101posti, broko\u013ci, fenhelis, savojas k\u0101posti, selerijas, cukurs, p\u0113ters\u012b\u013ci, oregano, rozmar\u012bns, \u010dili, gar\u0161vielas.<br \/>\nInform\u0101cija par alerg\u0113niem: var satur\u0113t mie\u017eu, olu un sojas p\u0113das.<br \/>\nPagatavo\u0161ana: maisi\u0146\u0101 pievienot 380 ml verdo\u0161a \u016bdens, samais\u012bt un aizv\u0113rt iepakojumu. Gatavs \u0113\u0161anai p\u0113c 10 min\u016bt\u0113m.<br \/>\nSvars: 125g;<br \/>\nPorcijas izm\u0113rs: 505g;<br \/>\nKalorijas pr. porcija: 594 kcal.<br \/>\nUzturv\u0113rt\u012bba uz 100g pagatavota produkta:<br \/>\nEner\u0123\u0113tisk\u0101 v\u0113rt\u012bba: 497 kJ\/118 kcal;<br \/>\nTauki: 3,2g, no kuriem pies\u0101tin\u0101t\u0101s tauksk\u0101bes: 0,3g;<br \/>\nOg\u013chidr\u0101ti: 18g, no tiem cukuri: 2,1g;<br \/>\nOlbaltumvielas: 3,4g;<br \/>\nS\u0101ls: 0,45g.<\/p>\n","protected":false},"excerpt":{"rendered":"<p>Fran\u010du virtuves veg\u0101nu klasika &#8212; pasta &#171;Ratatouille&#187;, sajaukta ar maziem Mezze Penne makaroniem, neatst\u0101s vienaldz\u012bgus \u012bstus pastas cien\u012bt\u0101jus. <\/p>\n","protected":false},"featured_media":60613,"template":"","meta":[],"product_brand":[9448],"product_cat":[896],"product_tag":[],"class_list":{"0":"post-60615","1":"product","2":"type-product","3":"status-publish","4":"has-post-thumbnail","6":"product_brand-trail-organic-food","7":"product_cat-turistu-partika-un-dzerieni","8":"pa_produkta-tips-pamatedieni","10":"first","11":"outofstock","12":"taxable","13":"shipping-taxable","14":"purchasable","15":"product-type-simple"},"raw_content":{"name":"Trail Organic Food \u2013 Veg\u0101nu pasta \"Ratatouille\"","description":"EKO veg\u0101nu pasta \"Ratatouille\" ar tom\u0101tiem, bakla\u017e\u0101niem, \u0137irbi un bulg\u0101ru pipariem \u2013 liofiliz\u0113ti.\nSast\u0101vda\u013cas: Uz 100g saus\u0101 produkta izmantoti 177g makaroni (cieto kvie\u0161u manna), 104g tom\u0101ti, s\u012bpoli, 12g bakla\u017e\u0101ni, 12g kaba\u010di, rap\u0161u e\u013c\u013ca, meln\u0101s pupi\u0146as, pupi\u0146as, 9g paprika, tom\u0101tu koncentr\u0101ts, s\u0101ls, kukur\u016bzas ciete, \u0137iploki, paprika, burk\u0101ni, maurloki, ziedk\u0101posti, broko\u013ci, fenhelis, savojas k\u0101posti, selerijas, cukurs, p\u0113ters\u012b\u013ci, oregano, rozmar\u012bns, \u010dili, gar\u0161vielas.\nInform\u0101cija par alerg\u0113niem: var satur\u0113t mie\u017eu, olu un sojas p\u0113das.\nPagatavo\u0161ana: maisi\u0146\u0101 pievienot 380 ml verdo\u0161a \u016bdens, samais\u012bt un aizv\u0113rt iepakojumu. Gatavs \u0113\u0161anai p\u0113c 10 min\u016bt\u0113m.\nSvars: 125g;\nPorcijas izm\u0113rs: 505g;\nKalorijas pr. porcija: 594 kcal.\nUzturv\u0113rt\u012bba uz 100g pagatavota produkta:\nEner\u0123\u0113tisk\u0101 v\u0113rt\u012bba: 497 kJ\/118 kcal;\nTauki: 3,2g, no kuriem pies\u0101tin\u0101t\u0101s tauksk\u0101bes: 0,3g;\nOg\u013chidr\u0101ti: 18g, no tiem cukuri: 2,1g;\nOlbaltumvielas: 3,4g;\nS\u0101ls: 0,45g.","short_description":"Fran\u010du virtuves veg\u0101nu klasika - pasta \"Ratatouille\", sajaukta ar maziem Mezze Penne makaroniem, neatst\u0101s vienaldz\u012bgus \u012bstus pastas cien\u012bt\u0101jus. ","status":"publish","sku":"4811-7344B5","original":60615},"wpml":{"translation_type":1,"has_translations":true,"original":60615,"duplicates":[],"translations":{"lv":60615,"en":67127,"ru":null}},"supplier_id":null,"supplier_sku":"","barcode":null,"atum_controlled":true,"out_stock_date":"2025-09-25 13:48:56","out_stock_threshold":null,"inheritable":false,"inbound_stock":0,"stock_on_hold":0,"sold_today":0,"sales_last_days":0,"reserved_stock":0,"customer_returns":0,"warehouse_damage":0,"lost_in_post":0,"other_logs":0,"out_stock_days":49,"lost_sales":0,"has_location":false,"update_date":"2025-12-30T14:30:32","atum_locations":[],"atum_stock_status":"outofstock","restock_status":false,"low_stock_amount":"","sales_update_date":"2025-11-13T14:08:10","calc_backorders":null,"yoast_head":"<!-- This site is optimized with the Yoast SEO plugin v27.5 - https:\/\/yoast.com\/product\/yoast-seo-wordpress\/ -->\n<title>Trail Organic Food \u2013 Veg\u0101nu pasta &quot;Ratatouille&quot;<\/title>\n<meta name=\"description\" content=\"Fran\u010du virtuves veg\u0101nu klasika - pasta &quot;Ratatouille&quot;, sajaukta ar maziem Mezze Penne makaroniem, neatst\u0101s vienaldz\u012bgus \u012bstus pastas cien\u012bt\u0101jus.\" \/>\n<meta name=\"robots\" content=\"index, follow, max-snippet:-1, max-image-preview:large, max-video-preview:-1\" \/>\n<link rel=\"canonical\" href=\"https:\/\/gohike.lv\/ru\/produkts\/trail-organic-food-veganu-pasta-ratatouille\/\" \/>\n<meta property=\"og:locale\" content=\"ru_RU\" \/>\n<meta property=\"og:type\" content=\"article\" \/>\n<meta property=\"og:title\" content=\"Trail Organic Food \u2013 Veg\u0101nu pasta &quot;Ratatouille&quot;\" \/>\n<meta property=\"og:description\" content=\"Fran\u010du virtuves veg\u0101nu klasika - pasta &quot;Ratatouille&quot;, sajaukta ar maziem Mezze Penne makaroniem, neatst\u0101s vienaldz\u012bgus \u012bstus pastas cien\u012bt\u0101jus.\" \/>\n<meta property=\"og:url\" content=\"https:\/\/gohike.lv\/ru\/produkts\/trail-organic-food-veganu-pasta-ratatouille\/\" \/>\n<meta property=\"og:site_name\" content=\"GoHike\" \/>\n<meta property=\"article:publisher\" content=\"https:\/\/www.facebook.com\/gohike.shop\/\" \/>\n<meta property=\"article:modified_time\" content=\"2025-12-30T14:24:30+00:00\" \/>\n<meta property=\"og:image\" content=\"https:\/\/gohike.lv\/wp-content\/uploads\/2024\/07\/1605-qtpv1og6-large.png\" \/>\n\t<meta property=\"og:image:width\" content=\"600\" \/>\n\t<meta property=\"og:image:height\" content=\"600\" \/>\n\t<meta property=\"og:image:type\" content=\"image\/png\" \/>\n<meta name=\"twitter:card\" content=\"summary_large_image\" \/>\n<meta name=\"twitter:label1\" content=\"\u041f\u0440\u0438\u043c\u0435\u0440\u043d\u043e\u0435 \u0432\u0440\u0435\u043c\u044f \u0434\u043b\u044f \u0447\u0442\u0435\u043d\u0438\u044f\" \/>\n\t<meta name=\"twitter:data1\" content=\"1 \u043c\u0438\u043d\u0443\u0442\u0430\" \/>\n<script type=\"application\/ld+json\" class=\"yoast-schema-graph\">{\"@context\":\"https:\\\/\\\/schema.org\",\"@graph\":[{\"@type\":[\"WebPage\",\"ItemPage\"],\"@id\":\"https:\\\/\\\/gohike.lv\\\/ru\\\/produkts\\\/trail-organic-food-veganu-pasta-ratatouille\\\/\",\"url\":\"https:\\\/\\\/gohike.lv\\\/ru\\\/produkts\\\/trail-organic-food-veganu-pasta-ratatouille\\\/\",\"name\":\"Trail Organic Food \u2013 Veg\u0101nu pasta \\\"Ratatouille\\\"\",\"isPartOf\":{\"@id\":\"https:\\\/\\\/gohike.lv\\\/ru\\\/#website\"},\"primaryImageOfPage\":{\"@id\":\"https:\\\/\\\/gohike.lv\\\/ru\\\/produkts\\\/trail-organic-food-veganu-pasta-ratatouille\\\/#primaryimage\"},\"image\":{\"@id\":\"https:\\\/\\\/gohike.lv\\\/ru\\\/produkts\\\/trail-organic-food-veganu-pasta-ratatouille\\\/#primaryimage\"},\"thumbnailUrl\":\"https:\\\/\\\/gohike.lv\\\/wp-content\\\/uploads\\\/2024\\\/07\\\/1605-qtpv1og6-large.png\",\"datePublished\":\"2024-09-06T13:16:46+00:00\",\"dateModified\":\"2025-12-30T14:24:30+00:00\",\"description\":\"Fran\u010du virtuves veg\u0101nu klasika - pasta \\\"Ratatouille\\\", sajaukta ar maziem Mezze Penne makaroniem, neatst\u0101s vienaldz\u012bgus \u012bstus pastas cien\u012bt\u0101jus.\",\"breadcrumb\":{\"@id\":\"https:\\\/\\\/gohike.lv\\\/ru\\\/produkts\\\/trail-organic-food-veganu-pasta-ratatouille\\\/#breadcrumb\"},\"inLanguage\":\"ru-RU\",\"potentialAction\":[{\"@type\":\"ReadAction\",\"target\":[\"https:\\\/\\\/gohike.lv\\\/ru\\\/produkts\\\/trail-organic-food-veganu-pasta-ratatouille\\\/\"]}]},{\"@type\":\"ImageObject\",\"inLanguage\":\"ru-RU\",\"@id\":\"https:\\\/\\\/gohike.lv\\\/ru\\\/produkts\\\/trail-organic-food-veganu-pasta-ratatouille\\\/#primaryimage\",\"url\":\"https:\\\/\\\/gohike.lv\\\/wp-content\\\/uploads\\\/2024\\\/07\\\/1605-qtpv1og6-large.png\",\"contentUrl\":\"https:\\\/\\\/gohike.lv\\\/wp-content\\\/uploads\\\/2024\\\/07\\\/1605-qtpv1og6-large.png\",\"width\":600,\"height\":600},{\"@type\":\"BreadcrumbList\",\"@id\":\"https:\\\/\\\/gohike.lv\\\/ru\\\/produkts\\\/trail-organic-food-veganu-pasta-ratatouille\\\/#breadcrumb\",\"itemListElement\":[{\"@type\":\"ListItem\",\"position\":1,\"name\":\"\u0413\u043b\u0430\u0432\u043d\u0430\u044f\",\"item\":\"https:\\\/\\\/gohike.lv\\\/ru\\\/\"},{\"@type\":\"ListItem\",\"position\":2,\"name\":\"\u041a\u0430\u0442\u0435\u0433\u043e\u0440\u0438\u0438 \u0442\u043e\u0432\u0430\u0440\u043e\u0432\",\"item\":\"https:\\\/\\\/gohike.lv\\\/%d0%ba%d0%b0%d1%82%d0%b5%d0%b3%d0%be%d1%80%d0%b8%d0%b8-%d1%82%d0%be%d0%b2%d0%b0%d1%80%d0%be%d0%b2\\\/\"},{\"@type\":\"ListItem\",\"position\":3,\"name\":\"Trail Organic Food \u2013 Veg\u0101nu pasta &#8220;Ratatouille&#8221;\"}]},{\"@type\":\"WebSite\",\"@id\":\"https:\\\/\\\/gohike.lv\\\/ru\\\/#website\",\"url\":\"https:\\\/\\\/gohike.lv\\\/ru\\\/\",\"name\":\"GoHike\",\"description\":\"\",\"publisher\":{\"@id\":\"https:\\\/\\\/gohike.lv\\\/ru\\\/#organization\"},\"potentialAction\":[{\"@type\":\"SearchAction\",\"target\":{\"@type\":\"EntryPoint\",\"urlTemplate\":\"https:\\\/\\\/gohike.lv\\\/ru\\\/?s={search_term_string}\"},\"query-input\":{\"@type\":\"PropertyValueSpecification\",\"valueRequired\":true,\"valueName\":\"search_term_string\"}}],\"inLanguage\":\"ru-RU\"},{\"@type\":\"Organization\",\"@id\":\"https:\\\/\\\/gohike.lv\\\/ru\\\/#organization\",\"name\":\"GoHike\",\"url\":\"https:\\\/\\\/gohike.lv\\\/ru\\\/\",\"logo\":{\"@type\":\"ImageObject\",\"inLanguage\":\"ru-RU\",\"@id\":\"https:\\\/\\\/gohike.lv\\\/ru\\\/#\\\/schema\\\/logo\\\/image\\\/\",\"url\":\"https:\\\/\\\/gohike.lv\\\/wp-content\\\/uploads\\\/2023\\\/08\\\/Logo_GoHike.webp\",\"contentUrl\":\"https:\\\/\\\/gohike.lv\\\/wp-content\\\/uploads\\\/2023\\\/08\\\/Logo_GoHike.webp\",\"width\":512,\"height\":512,\"caption\":\"GoHike\"},\"image\":{\"@id\":\"https:\\\/\\\/gohike.lv\\\/ru\\\/#\\\/schema\\\/logo\\\/image\\\/\"},\"sameAs\":[\"https:\\\/\\\/www.facebook.com\\\/gohike.shop\\\/\",\"https:\\\/\\\/www.instagram.com\\\/gohike.shop\\\/\"]}]}<\/script>\n<!-- \/ Yoast SEO plugin. -->","yoast_head_json":{"title":"Trail Organic Food \u2013 Veg\u0101nu pasta \"Ratatouille\"","description":"Fran\u010du virtuves veg\u0101nu klasika - pasta \"Ratatouille\", sajaukta ar maziem Mezze Penne makaroniem, neatst\u0101s vienaldz\u012bgus \u012bstus pastas cien\u012bt\u0101jus.","robots":{"index":"index","follow":"follow","max-snippet":"max-snippet:-1","max-image-preview":"max-image-preview:large","max-video-preview":"max-video-preview:-1"},"canonical":"https:\/\/gohike.lv\/ru\/produkts\/trail-organic-food-veganu-pasta-ratatouille\/","og_locale":"ru_RU","og_type":"article","og_title":"Trail Organic Food \u2013 Veg\u0101nu pasta \"Ratatouille\"","og_description":"Fran\u010du virtuves veg\u0101nu klasika - pasta \"Ratatouille\", sajaukta ar maziem Mezze Penne makaroniem, neatst\u0101s vienaldz\u012bgus \u012bstus pastas cien\u012bt\u0101jus.","og_url":"https:\/\/gohike.lv\/ru\/produkts\/trail-organic-food-veganu-pasta-ratatouille\/","og_site_name":"GoHike","article_publisher":"https:\/\/www.facebook.com\/gohike.shop\/","article_modified_time":"2025-12-30T14:24:30+00:00","og_image":[{"width":600,"height":600,"url":"https:\/\/gohike.lv\/wp-content\/uploads\/2024\/07\/1605-qtpv1og6-large.png","type":"image\/png"}],"twitter_card":"summary_large_image","twitter_misc":{"\u041f\u0440\u0438\u043c\u0435\u0440\u043d\u043e\u0435 \u0432\u0440\u0435\u043c\u044f \u0434\u043b\u044f \u0447\u0442\u0435\u043d\u0438\u044f":"1 \u043c\u0438\u043d\u0443\u0442\u0430"},"schema":{"@context":"https:\/\/schema.org","@graph":[{"@type":["WebPage","ItemPage"],"@id":"https:\/\/gohike.lv\/ru\/produkts\/trail-organic-food-veganu-pasta-ratatouille\/","url":"https:\/\/gohike.lv\/ru\/produkts\/trail-organic-food-veganu-pasta-ratatouille\/","name":"Trail Organic Food \u2013 Veg\u0101nu pasta \"Ratatouille\"","isPartOf":{"@id":"https:\/\/gohike.lv\/ru\/#website"},"primaryImageOfPage":{"@id":"https:\/\/gohike.lv\/ru\/produkts\/trail-organic-food-veganu-pasta-ratatouille\/#primaryimage"},"image":{"@id":"https:\/\/gohike.lv\/ru\/produkts\/trail-organic-food-veganu-pasta-ratatouille\/#primaryimage"},"thumbnailUrl":"https:\/\/gohike.lv\/wp-content\/uploads\/2024\/07\/1605-qtpv1og6-large.png","datePublished":"2024-09-06T13:16:46+00:00","dateModified":"2025-12-30T14:24:30+00:00","description":"Fran\u010du virtuves veg\u0101nu klasika - pasta \"Ratatouille\", sajaukta ar maziem Mezze Penne makaroniem, neatst\u0101s vienaldz\u012bgus \u012bstus pastas cien\u012bt\u0101jus.","breadcrumb":{"@id":"https:\/\/gohike.lv\/ru\/produkts\/trail-organic-food-veganu-pasta-ratatouille\/#breadcrumb"},"inLanguage":"ru-RU","potentialAction":[{"@type":"ReadAction","target":["https:\/\/gohike.lv\/ru\/produkts\/trail-organic-food-veganu-pasta-ratatouille\/"]}]},{"@type":"ImageObject","inLanguage":"ru-RU","@id":"https:\/\/gohike.lv\/ru\/produkts\/trail-organic-food-veganu-pasta-ratatouille\/#primaryimage","url":"https:\/\/gohike.lv\/wp-content\/uploads\/2024\/07\/1605-qtpv1og6-large.png","contentUrl":"https:\/\/gohike.lv\/wp-content\/uploads\/2024\/07\/1605-qtpv1og6-large.png","width":600,"height":600},{"@type":"BreadcrumbList","@id":"https:\/\/gohike.lv\/ru\/produkts\/trail-organic-food-veganu-pasta-ratatouille\/#breadcrumb","itemListElement":[{"@type":"ListItem","position":1,"name":"\u0413\u043b\u0430\u0432\u043d\u0430\u044f","item":"https:\/\/gohike.lv\/ru\/"},{"@type":"ListItem","position":2,"name":"\u041a\u0430\u0442\u0435\u0433\u043e\u0440\u0438\u0438 \u0442\u043e\u0432\u0430\u0440\u043e\u0432","item":"https:\/\/gohike.lv\/%d0%ba%d0%b0%d1%82%d0%b5%d0%b3%d0%be%d1%80%d0%b8%d0%b8-%d1%82%d0%be%d0%b2%d0%b0%d1%80%d0%be%d0%b2\/"},{"@type":"ListItem","position":3,"name":"Trail Organic Food \u2013 Veg\u0101nu pasta &#8220;Ratatouille&#8221;"}]},{"@type":"WebSite","@id":"https:\/\/gohike.lv\/ru\/#website","url":"https:\/\/gohike.lv\/ru\/","name":"GoHike","description":"","publisher":{"@id":"https:\/\/gohike.lv\/ru\/#organization"},"potentialAction":[{"@type":"SearchAction","target":{"@type":"EntryPoint","urlTemplate":"https:\/\/gohike.lv\/ru\/?s={search_term_string}"},"query-input":{"@type":"PropertyValueSpecification","valueRequired":true,"valueName":"search_term_string"}}],"inLanguage":"ru-RU"},{"@type":"Organization","@id":"https:\/\/gohike.lv\/ru\/#organization","name":"GoHike","url":"https:\/\/gohike.lv\/ru\/","logo":{"@type":"ImageObject","inLanguage":"ru-RU","@id":"https:\/\/gohike.lv\/ru\/#\/schema\/logo\/image\/","url":"https:\/\/gohike.lv\/wp-content\/uploads\/2023\/08\/Logo_GoHike.webp","contentUrl":"https:\/\/gohike.lv\/wp-content\/uploads\/2023\/08\/Logo_GoHike.webp","width":512,"height":512,"caption":"GoHike"},"image":{"@id":"https:\/\/gohike.lv\/ru\/#\/schema\/logo\/image\/"},"sameAs":["https:\/\/www.facebook.com\/gohike.shop\/","https:\/\/www.instagram.com\/gohike.shop\/"]}]}},"jetpack_sharing_enabled":true,"_links":{"self":[{"href":"https:\/\/gohike.lv\/ru\/wp-json\/wp\/v2\/product\/60615","targetHints":{"allow":["GET"]}}],"collection":[{"href":"https:\/\/gohike.lv\/ru\/wp-json\/wp\/v2\/product"}],"about":[{"href":"https:\/\/gohike.lv\/ru\/wp-json\/wp\/v2\/types\/product"}],"version-history":[{"count":0,"href":"https:\/\/gohike.lv\/ru\/wp-json\/wp\/v2\/product\/60615\/revisions"}],"wp:featuredmedia":[{"embeddable":true,"href":"https:\/\/gohike.lv\/ru\/wp-json\/wp\/v2\/media\/60613"}],"wp:attachment":[{"href":"https:\/\/gohike.lv\/ru\/wp-json\/wp\/v2\/media?parent=60615"}],"wp:term":[{"taxonomy":"product_brand","embeddable":true,"href":"https:\/\/gohike.lv\/ru\/wp-json\/wp\/v2\/product_brand?post=60615"},{"taxonomy":"product_cat","embeddable":true,"href":"https:\/\/gohike.lv\/ru\/wp-json\/wp\/v2\/product_cat?post=60615"},{"taxonomy":"product_tag","embeddable":true,"href":"https:\/\/gohike.lv\/ru\/wp-json\/wp\/v2\/product_tag?post=60615"}],"curies":[{"name":"wp","href":"https:\/\/api.w.org\/{rel}","templated":true}]}}