{"id":60591,"date":"2024-09-06T16:16:43","date_gmt":"2024-09-06T13:16:43","guid":{"rendered":"https:\/\/gohike.lv\/produkts\/pasta-bolognese\/"},"modified":"2025-12-30T17:24:30","modified_gmt":"2025-12-30T14:24:30","slug":"pasta-bolognese","status":"publish","type":"product","link":"https:\/\/gohike.lv\/ru\/produkts\/pasta-bolognese\/","title":{"rendered":"Trail Organic Food &#8212; Pasta &#171;Bolognese&#187;"},"content":{"rendered":"<p>ECO Pasta ar Bolognese m\u0113rci &#8212; liofiliz\u0113ti.<br \/>\nSast\u0101vda\u013cas: Cieto kvie\u0161u manna, tom\u0101ts, 41% liellopu ga\u013ca, burk\u0101ns, selerijas, s\u012bpoli rap\u0161u e\u013c\u013ca, tom\u0101tu koncentr\u0101ts, kukur\u016bzas ciete, paprika, \u0137iploki, s\u0101ls, cukurs, oregano, rozmar\u012bns, \u010dili, dab\u012bgs aromatiz\u0113t\u0101js, maltodekstr\u012bns, gar\u0161vielas, liellopu tauki.<br \/>\nInform\u0101cija par alerg\u0113niem: var satur\u0113t mie\u017eu, olu un sojas p\u0113das.<br \/>\nPagatavo\u0161ana: maisi\u0146\u0101 pievienot 380 ml verdo\u0161a \u016bdens, samais\u012bt un aizv\u0113rt iepakojumu. Gatavs \u0113\u0161anai p\u0113c 10 min\u016bt\u0113m.<br \/>\nSvars: 125g;<br \/>\nPorcijas izm\u0113rs: 505g;<br \/>\nKalorijas pr. porcija: 598 kcal.<br \/>\nUzturv\u0113rt\u012bba uz 100g pagatavot\u0101 produkta:<br \/>\nEner\u0123\u0113tisk\u0101 v\u0113rt\u012bba: 497 kJ\/118 kcal;<br \/>\nTauki: 3,1g, no kuriem pies\u0101tin\u0101t\u0101s tauksk\u0101bes: 0,5g;<br \/>\nOg\u013chidr\u0101ti: 17g, no tiem cukuri: 2g;<br \/>\nOlbaltumvielas: 4,8g;<br \/>\nS\u0101ls: 0,47g.<\/p>\n","protected":false},"excerpt":{"rendered":"<p>Bag\u0101t\u012bgas gar\u0161as ga\u013cas m\u0113rce, kas pagatavota no malt\u0101s liellopa ga\u013cas, tom\u0101tiem un za\u013cumiem, sajaukta ar mazajiem Mezze Penne makaroniem un sak\u0146u d\u0101rze\u0146iem. It\u0101\u013cu klasika, ko iecien\u012bju\u0161i b\u0113rni un pieaugu\u0161ie vis\u0101 pasaul\u0113.<\/p>\n","protected":false},"featured_media":60592,"template":"","meta":[],"product_brand":[9448],"product_cat":[896],"product_tag":[],"class_list":{"0":"post-60591","1":"product","2":"type-product","3":"status-publish","4":"has-post-thumbnail","6":"product_brand-trail-organic-food","7":"product_cat-turistu-partika-un-dzerieni","8":"pa_produkta-tips-pamatedieni","10":"first","11":"outofstock","12":"taxable","13":"shipping-taxable","14":"purchasable","15":"product-type-simple"},"raw_content":{"name":"Trail Organic Food - Pasta \"Bolognese\"","description":"ECO Pasta ar Bolognese m\u0113rci - liofiliz\u0113ti.\nSast\u0101vda\u013cas: Cieto kvie\u0161u manna, tom\u0101ts, 41% liellopu ga\u013ca, burk\u0101ns, selerijas, s\u012bpoli rap\u0161u e\u013c\u013ca, tom\u0101tu koncentr\u0101ts, kukur\u016bzas ciete, paprika, \u0137iploki, s\u0101ls, cukurs, oregano, rozmar\u012bns, \u010dili, dab\u012bgs aromatiz\u0113t\u0101js, maltodekstr\u012bns, gar\u0161vielas, liellopu tauki.\nInform\u0101cija par alerg\u0113niem: var satur\u0113t mie\u017eu, olu un sojas p\u0113das.\nPagatavo\u0161ana: maisi\u0146\u0101 pievienot 380 ml verdo\u0161a \u016bdens, samais\u012bt un aizv\u0113rt iepakojumu. Gatavs \u0113\u0161anai p\u0113c 10 min\u016bt\u0113m.\nSvars: 125g;\nPorcijas izm\u0113rs: 505g;\nKalorijas pr. porcija: 598 kcal.\nUzturv\u0113rt\u012bba uz 100g pagatavot\u0101 produkta:\nEner\u0123\u0113tisk\u0101 v\u0113rt\u012bba: 497 kJ\/118 kcal;\nTauki: 3,1g, no kuriem pies\u0101tin\u0101t\u0101s tauksk\u0101bes: 0,5g;\nOg\u013chidr\u0101ti: 17g, no tiem cukuri: 2g;\nOlbaltumvielas: 4,8g;\nS\u0101ls: 0,47g.","short_description":"Bag\u0101t\u012bgas gar\u0161as ga\u013cas m\u0113rce, kas pagatavota no malt\u0101s liellopa ga\u013cas, tom\u0101tiem un za\u013cumiem, sajaukta ar mazajiem Mezze Penne makaroniem un sak\u0146u d\u0101rze\u0146iem. It\u0101\u013cu klasika, ko iecien\u012bju\u0161i b\u0113rni un pieaugu\u0161ie vis\u0101 pasaul\u0113.","status":"publish","sku":"D987-F8BFCD","original":60591},"wpml":{"translation_type":1,"has_translations":true,"original":60591,"duplicates":[],"translations":{"lv":60591,"en":67125,"ru":null}},"supplier_id":null,"supplier_sku":"","barcode":null,"atum_controlled":true,"out_stock_date":null,"out_stock_threshold":null,"inheritable":false,"inbound_stock":null,"stock_on_hold":0,"sold_today":0,"sales_last_days":0,"reserved_stock":null,"customer_returns":null,"warehouse_damage":null,"lost_in_post":null,"other_logs":null,"out_stock_days":0,"lost_sales":0,"has_location":null,"update_date":"2025-12-30T14:30:32","atum_locations":[],"atum_stock_status":"outofstock","restock_status":false,"low_stock_amount":"","sales_update_date":"2025-11-13T14:08:10","calc_backorders":null,"yoast_head":"<!-- This site is optimized with the Yoast SEO plugin v27.3 - https:\/\/yoast.com\/product\/yoast-seo-wordpress\/ -->\n<title>Trail Organic Food - Pasta &quot;Bolognese&quot;<\/title>\n<meta name=\"description\" content=\"Bag\u0101t\u012bgas gar\u0161as ga\u013cas m\u0113rce, kas pagatavota no malt\u0101s liellopa ga\u013cas, tom\u0101tiem un za\u013cumiem, sajaukta ar mazajiem Mezze Penne makaroniem un sak\u0146u d\u0101rze\u0146iem. It\u0101\u013cu klasika, ko iecien\u012bju\u0161i b\u0113rni un pieaugu\u0161ie vis\u0101 pasaul\u0113.\" \/>\n<meta name=\"robots\" content=\"index, follow, max-snippet:-1, max-image-preview:large, max-video-preview:-1\" \/>\n<link rel=\"canonical\" href=\"https:\/\/gohike.lv\/ru\/produkts\/pasta-bolognese\/\" \/>\n<meta property=\"og:locale\" content=\"ru_RU\" \/>\n<meta property=\"og:type\" content=\"article\" \/>\n<meta property=\"og:title\" content=\"Trail Organic Food - Pasta &quot;Bolognese&quot;\" \/>\n<meta property=\"og:description\" content=\"Bag\u0101t\u012bgas gar\u0161as ga\u013cas m\u0113rce, kas pagatavota no malt\u0101s liellopa ga\u013cas, tom\u0101tiem un za\u013cumiem, sajaukta ar mazajiem Mezze Penne makaroniem un sak\u0146u d\u0101rze\u0146iem. It\u0101\u013cu klasika, ko iecien\u012bju\u0161i b\u0113rni un pieaugu\u0161ie vis\u0101 pasaul\u0113.\" \/>\n<meta property=\"og:url\" content=\"https:\/\/gohike.lv\/ru\/produkts\/pasta-bolognese\/\" \/>\n<meta property=\"og:site_name\" content=\"GoHike\" \/>\n<meta property=\"article:publisher\" content=\"https:\/\/www.facebook.com\/gohike.shop\/\" \/>\n<meta property=\"article:modified_time\" content=\"2025-12-30T14:24:30+00:00\" \/>\n<meta property=\"og:image\" content=\"https:\/\/gohike.lv\/wp-content\/uploads\/2024\/07\/ciaowvf9l81vjvez4cdw8mzp20gvvxhb.jpg\" \/>\n\t<meta property=\"og:image:width\" content=\"1080\" \/>\n\t<meta property=\"og:image:height\" content=\"1080\" \/>\n\t<meta property=\"og:image:type\" content=\"image\/jpeg\" \/>\n<meta name=\"twitter:card\" content=\"summary_large_image\" \/>\n<meta name=\"twitter:label1\" content=\"\u041f\u0440\u0438\u043c\u0435\u0440\u043d\u043e\u0435 \u0432\u0440\u0435\u043c\u044f \u0434\u043b\u044f \u0447\u0442\u0435\u043d\u0438\u044f\" \/>\n\t<meta name=\"twitter:data1\" content=\"1 \u043c\u0438\u043d\u0443\u0442\u0430\" \/>\n<script type=\"application\/ld+json\" class=\"yoast-schema-graph\">{\"@context\":\"https:\\\/\\\/schema.org\",\"@graph\":[{\"@type\":[\"WebPage\",\"ItemPage\"],\"@id\":\"https:\\\/\\\/gohike.lv\\\/ru\\\/produkts\\\/pasta-bolognese\\\/\",\"url\":\"https:\\\/\\\/gohike.lv\\\/ru\\\/produkts\\\/pasta-bolognese\\\/\",\"name\":\"Trail Organic Food - Pasta \\\"Bolognese\\\"\",\"isPartOf\":{\"@id\":\"https:\\\/\\\/gohike.lv\\\/ru\\\/#website\"},\"primaryImageOfPage\":{\"@id\":\"https:\\\/\\\/gohike.lv\\\/ru\\\/produkts\\\/pasta-bolognese\\\/#primaryimage\"},\"image\":{\"@id\":\"https:\\\/\\\/gohike.lv\\\/ru\\\/produkts\\\/pasta-bolognese\\\/#primaryimage\"},\"thumbnailUrl\":\"https:\\\/\\\/gohike.lv\\\/wp-content\\\/uploads\\\/2024\\\/07\\\/ciaowvf9l81vjvez4cdw8mzp20gvvxhb.jpg\",\"datePublished\":\"2024-09-06T13:16:43+00:00\",\"dateModified\":\"2025-12-30T14:24:30+00:00\",\"description\":\"Bag\u0101t\u012bgas gar\u0161as ga\u013cas m\u0113rce, kas pagatavota no malt\u0101s liellopa ga\u013cas, tom\u0101tiem un za\u013cumiem, sajaukta ar mazajiem Mezze Penne makaroniem un sak\u0146u d\u0101rze\u0146iem. It\u0101\u013cu klasika, ko iecien\u012bju\u0161i b\u0113rni un pieaugu\u0161ie vis\u0101 pasaul\u0113.\",\"breadcrumb\":{\"@id\":\"https:\\\/\\\/gohike.lv\\\/ru\\\/produkts\\\/pasta-bolognese\\\/#breadcrumb\"},\"inLanguage\":\"ru-RU\",\"potentialAction\":[{\"@type\":\"ReadAction\",\"target\":[\"https:\\\/\\\/gohike.lv\\\/ru\\\/produkts\\\/pasta-bolognese\\\/\"]}]},{\"@type\":\"ImageObject\",\"inLanguage\":\"ru-RU\",\"@id\":\"https:\\\/\\\/gohike.lv\\\/ru\\\/produkts\\\/pasta-bolognese\\\/#primaryimage\",\"url\":\"https:\\\/\\\/gohike.lv\\\/wp-content\\\/uploads\\\/2024\\\/07\\\/ciaowvf9l81vjvez4cdw8mzp20gvvxhb.jpg\",\"contentUrl\":\"https:\\\/\\\/gohike.lv\\\/wp-content\\\/uploads\\\/2024\\\/07\\\/ciaowvf9l81vjvez4cdw8mzp20gvvxhb.jpg\",\"width\":1080,\"height\":1080},{\"@type\":\"BreadcrumbList\",\"@id\":\"https:\\\/\\\/gohike.lv\\\/ru\\\/produkts\\\/pasta-bolognese\\\/#breadcrumb\",\"itemListElement\":[{\"@type\":\"ListItem\",\"position\":1,\"name\":\"\u0413\u043b\u0430\u0432\u043d\u0430\u044f\",\"item\":\"https:\\\/\\\/gohike.lv\\\/ru\\\/\"},{\"@type\":\"ListItem\",\"position\":2,\"name\":\"\u041a\u0430\u0442\u0435\u0433\u043e\u0440\u0438\u0438 \u0442\u043e\u0432\u0430\u0440\u043e\u0432\",\"item\":\"https:\\\/\\\/gohike.lv\\\/%d0%ba%d0%b0%d1%82%d0%b5%d0%b3%d0%be%d1%80%d0%b8%d0%b8-%d1%82%d0%be%d0%b2%d0%b0%d1%80%d0%be%d0%b2\\\/\"},{\"@type\":\"ListItem\",\"position\":3,\"name\":\"Trail Organic Food &#8211; Pasta &#8220;Bolognese&#8221;\"}]},{\"@type\":\"WebSite\",\"@id\":\"https:\\\/\\\/gohike.lv\\\/ru\\\/#website\",\"url\":\"https:\\\/\\\/gohike.lv\\\/ru\\\/\",\"name\":\"GoHike\",\"description\":\"\",\"publisher\":{\"@id\":\"https:\\\/\\\/gohike.lv\\\/ru\\\/#organization\"},\"potentialAction\":[{\"@type\":\"SearchAction\",\"target\":{\"@type\":\"EntryPoint\",\"urlTemplate\":\"https:\\\/\\\/gohike.lv\\\/ru\\\/?s={search_term_string}\"},\"query-input\":{\"@type\":\"PropertyValueSpecification\",\"valueRequired\":true,\"valueName\":\"search_term_string\"}}],\"inLanguage\":\"ru-RU\"},{\"@type\":\"Organization\",\"@id\":\"https:\\\/\\\/gohike.lv\\\/ru\\\/#organization\",\"name\":\"GoHike\",\"url\":\"https:\\\/\\\/gohike.lv\\\/ru\\\/\",\"logo\":{\"@type\":\"ImageObject\",\"inLanguage\":\"ru-RU\",\"@id\":\"https:\\\/\\\/gohike.lv\\\/ru\\\/#\\\/schema\\\/logo\\\/image\\\/\",\"url\":\"https:\\\/\\\/gohike.lv\\\/wp-content\\\/uploads\\\/2023\\\/08\\\/Logo_GoHike.webp\",\"contentUrl\":\"https:\\\/\\\/gohike.lv\\\/wp-content\\\/uploads\\\/2023\\\/08\\\/Logo_GoHike.webp\",\"width\":512,\"height\":512,\"caption\":\"GoHike\"},\"image\":{\"@id\":\"https:\\\/\\\/gohike.lv\\\/ru\\\/#\\\/schema\\\/logo\\\/image\\\/\"},\"sameAs\":[\"https:\\\/\\\/www.facebook.com\\\/gohike.shop\\\/\",\"https:\\\/\\\/www.instagram.com\\\/gohike.shop\\\/\"]}]}<\/script>\n<!-- \/ Yoast SEO plugin. -->","yoast_head_json":{"title":"Trail Organic Food - Pasta \"Bolognese\"","description":"Bag\u0101t\u012bgas gar\u0161as ga\u013cas m\u0113rce, kas pagatavota no malt\u0101s liellopa ga\u013cas, tom\u0101tiem un za\u013cumiem, sajaukta ar mazajiem Mezze Penne makaroniem un sak\u0146u d\u0101rze\u0146iem. It\u0101\u013cu klasika, ko iecien\u012bju\u0161i b\u0113rni un pieaugu\u0161ie vis\u0101 pasaul\u0113.","robots":{"index":"index","follow":"follow","max-snippet":"max-snippet:-1","max-image-preview":"max-image-preview:large","max-video-preview":"max-video-preview:-1"},"canonical":"https:\/\/gohike.lv\/ru\/produkts\/pasta-bolognese\/","og_locale":"ru_RU","og_type":"article","og_title":"Trail Organic Food - Pasta \"Bolognese\"","og_description":"Bag\u0101t\u012bgas gar\u0161as ga\u013cas m\u0113rce, kas pagatavota no malt\u0101s liellopa ga\u013cas, tom\u0101tiem un za\u013cumiem, sajaukta ar mazajiem Mezze Penne makaroniem un sak\u0146u d\u0101rze\u0146iem. It\u0101\u013cu klasika, ko iecien\u012bju\u0161i b\u0113rni un pieaugu\u0161ie vis\u0101 pasaul\u0113.","og_url":"https:\/\/gohike.lv\/ru\/produkts\/pasta-bolognese\/","og_site_name":"GoHike","article_publisher":"https:\/\/www.facebook.com\/gohike.shop\/","article_modified_time":"2025-12-30T14:24:30+00:00","og_image":[{"width":1080,"height":1080,"url":"https:\/\/gohike.lv\/wp-content\/uploads\/2024\/07\/ciaowvf9l81vjvez4cdw8mzp20gvvxhb.jpg","type":"image\/jpeg"}],"twitter_card":"summary_large_image","twitter_misc":{"\u041f\u0440\u0438\u043c\u0435\u0440\u043d\u043e\u0435 \u0432\u0440\u0435\u043c\u044f \u0434\u043b\u044f \u0447\u0442\u0435\u043d\u0438\u044f":"1 \u043c\u0438\u043d\u0443\u0442\u0430"},"schema":{"@context":"https:\/\/schema.org","@graph":[{"@type":["WebPage","ItemPage"],"@id":"https:\/\/gohike.lv\/ru\/produkts\/pasta-bolognese\/","url":"https:\/\/gohike.lv\/ru\/produkts\/pasta-bolognese\/","name":"Trail Organic Food - Pasta \"Bolognese\"","isPartOf":{"@id":"https:\/\/gohike.lv\/ru\/#website"},"primaryImageOfPage":{"@id":"https:\/\/gohike.lv\/ru\/produkts\/pasta-bolognese\/#primaryimage"},"image":{"@id":"https:\/\/gohike.lv\/ru\/produkts\/pasta-bolognese\/#primaryimage"},"thumbnailUrl":"https:\/\/gohike.lv\/wp-content\/uploads\/2024\/07\/ciaowvf9l81vjvez4cdw8mzp20gvvxhb.jpg","datePublished":"2024-09-06T13:16:43+00:00","dateModified":"2025-12-30T14:24:30+00:00","description":"Bag\u0101t\u012bgas gar\u0161as ga\u013cas m\u0113rce, kas pagatavota no malt\u0101s liellopa ga\u013cas, tom\u0101tiem un za\u013cumiem, sajaukta ar mazajiem Mezze Penne makaroniem un sak\u0146u d\u0101rze\u0146iem. It\u0101\u013cu klasika, ko iecien\u012bju\u0161i b\u0113rni un pieaugu\u0161ie vis\u0101 pasaul\u0113.","breadcrumb":{"@id":"https:\/\/gohike.lv\/ru\/produkts\/pasta-bolognese\/#breadcrumb"},"inLanguage":"ru-RU","potentialAction":[{"@type":"ReadAction","target":["https:\/\/gohike.lv\/ru\/produkts\/pasta-bolognese\/"]}]},{"@type":"ImageObject","inLanguage":"ru-RU","@id":"https:\/\/gohike.lv\/ru\/produkts\/pasta-bolognese\/#primaryimage","url":"https:\/\/gohike.lv\/wp-content\/uploads\/2024\/07\/ciaowvf9l81vjvez4cdw8mzp20gvvxhb.jpg","contentUrl":"https:\/\/gohike.lv\/wp-content\/uploads\/2024\/07\/ciaowvf9l81vjvez4cdw8mzp20gvvxhb.jpg","width":1080,"height":1080},{"@type":"BreadcrumbList","@id":"https:\/\/gohike.lv\/ru\/produkts\/pasta-bolognese\/#breadcrumb","itemListElement":[{"@type":"ListItem","position":1,"name":"\u0413\u043b\u0430\u0432\u043d\u0430\u044f","item":"https:\/\/gohike.lv\/ru\/"},{"@type":"ListItem","position":2,"name":"\u041a\u0430\u0442\u0435\u0433\u043e\u0440\u0438\u0438 \u0442\u043e\u0432\u0430\u0440\u043e\u0432","item":"https:\/\/gohike.lv\/%d0%ba%d0%b0%d1%82%d0%b5%d0%b3%d0%be%d1%80%d0%b8%d0%b8-%d1%82%d0%be%d0%b2%d0%b0%d1%80%d0%be%d0%b2\/"},{"@type":"ListItem","position":3,"name":"Trail Organic Food &#8211; Pasta &#8220;Bolognese&#8221;"}]},{"@type":"WebSite","@id":"https:\/\/gohike.lv\/ru\/#website","url":"https:\/\/gohike.lv\/ru\/","name":"GoHike","description":"","publisher":{"@id":"https:\/\/gohike.lv\/ru\/#organization"},"potentialAction":[{"@type":"SearchAction","target":{"@type":"EntryPoint","urlTemplate":"https:\/\/gohike.lv\/ru\/?s={search_term_string}"},"query-input":{"@type":"PropertyValueSpecification","valueRequired":true,"valueName":"search_term_string"}}],"inLanguage":"ru-RU"},{"@type":"Organization","@id":"https:\/\/gohike.lv\/ru\/#organization","name":"GoHike","url":"https:\/\/gohike.lv\/ru\/","logo":{"@type":"ImageObject","inLanguage":"ru-RU","@id":"https:\/\/gohike.lv\/ru\/#\/schema\/logo\/image\/","url":"https:\/\/gohike.lv\/wp-content\/uploads\/2023\/08\/Logo_GoHike.webp","contentUrl":"https:\/\/gohike.lv\/wp-content\/uploads\/2023\/08\/Logo_GoHike.webp","width":512,"height":512,"caption":"GoHike"},"image":{"@id":"https:\/\/gohike.lv\/ru\/#\/schema\/logo\/image\/"},"sameAs":["https:\/\/www.facebook.com\/gohike.shop\/","https:\/\/www.instagram.com\/gohike.shop\/"]}]}},"jetpack_sharing_enabled":true,"_links":{"self":[{"href":"https:\/\/gohike.lv\/ru\/wp-json\/wp\/v2\/product\/60591","targetHints":{"allow":["GET"]}}],"collection":[{"href":"https:\/\/gohike.lv\/ru\/wp-json\/wp\/v2\/product"}],"about":[{"href":"https:\/\/gohike.lv\/ru\/wp-json\/wp\/v2\/types\/product"}],"version-history":[{"count":0,"href":"https:\/\/gohike.lv\/ru\/wp-json\/wp\/v2\/product\/60591\/revisions"}],"wp:featuredmedia":[{"embeddable":true,"href":"https:\/\/gohike.lv\/ru\/wp-json\/wp\/v2\/media\/60592"}],"wp:attachment":[{"href":"https:\/\/gohike.lv\/ru\/wp-json\/wp\/v2\/media?parent=60591"}],"wp:term":[{"taxonomy":"product_brand","embeddable":true,"href":"https:\/\/gohike.lv\/ru\/wp-json\/wp\/v2\/product_brand?post=60591"},{"taxonomy":"product_cat","embeddable":true,"href":"https:\/\/gohike.lv\/ru\/wp-json\/wp\/v2\/product_cat?post=60591"},{"taxonomy":"product_tag","embeddable":true,"href":"https:\/\/gohike.lv\/ru\/wp-json\/wp\/v2\/product_tag?post=60591"}],"curies":[{"name":"wp","href":"https:\/\/api.w.org\/{rel}","templated":true}]}}