{"id":60572,"date":"2024-09-06T16:16:49","date_gmt":"2024-09-06T13:16:49","guid":{"rendered":"https:\/\/gohike.lv\/produkts\/vegans-dals-ar-risiem\/"},"modified":"2026-03-31T19:50:07","modified_gmt":"2026-03-31T16:50:07","slug":"vegans-dals-ar-risiem","status":"publish","type":"product","link":"https:\/\/gohike.lv\/ru\/produkts\/vegans-dals-ar-risiem\/","title":{"rendered":"Trail Organic Food &#8212; Veg\u0101nisks d\u0101ls ar r\u012bsiem"},"content":{"rendered":"<p>EKO veg\u0101nisks d\u0101ls ar l\u0113c\u0101m, riekstu kabaci, spin\u0101tiem un r\u012bsiem &#8212; liofiliz\u0113ti<br \/>\nSast\u0101vda\u013cas: Uz 100g saus\u0101 produkta izmantoti 49g l\u0113cu (sarkanas, za\u013cas), 28g r\u012bsu, 26 g \u0137irbja, s\u012bpoli, rap\u0161u e\u013c\u013ca, kokosriekstu ekstrakts, 17 g spin\u0101ti, s\u0101ls, \u0101bolu eti\u0137is, ingvera sula, karijs (satur sinepes), \u0137iploki, burk\u0101ni, puravi, ziedk\u0101posti, p\u0113ters\u012b\u013ci, broko\u013ci, fenhelis, savojas k\u0101posti, selerijas, cukurs, kurkuma, \u010dili, gar\u0161vielas.<br \/>\nInform\u0101cija par alerg\u0113niem: var satur\u0113t kvie\u0161u un mie\u017eu p\u0113das.<br \/>\nPagatavo\u0161ana: maisi\u0146\u0101 pievienot 380 ml verdo\u0161a \u016bdens, samais\u012bt un aizv\u0113rt iepakojumu. Gatavs \u0113\u0161anai p\u0113c 10 min\u016bt\u0113m.<br \/>\nSvars: 142g;<br \/>\nPorcijas izm\u0113rs: 522g;<br \/>\nKalorijas pr. porcija: 644 kcal.<br \/>\nUzturv\u0113rt\u012bba uz 100g pagatavot\u0101 produkta:<br \/>\nEner\u0123\u0113tisk\u0101 v\u0113rt\u012bba: 516 kJ\/213 kcal;<br \/>\nTauki: 4,2g, no kuriem pies\u0101tin\u0101t\u0101s tauksk\u0101bes: 0,7g;<br \/>\nOg\u013chidr\u0101ti: 16g, no tiem cukuri: 1g;<br \/>\nOlbaltumvielas: 4,4g;<br \/>\nS\u0101ls: 0,95g.<\/p>\n","protected":false},"excerpt":{"rendered":"<p>Klasisks, veg\u0101nisks d\u0101ls, kas pagatavots ar za\u013c\u0101m un sarkan\u0101m l\u0113c\u0101m bag\u0101t\u012bg\u0101 m\u0113rc\u0113 ar ingveru, kariju un kokosriekstu pienu, tvaic\u0113tiem r\u012bsiem un lieliem spin\u0101tu gabali\u0146iem. Indijas virtuves klasika.<\/p>\n","protected":false},"featured_media":60570,"template":"","meta":[],"product_brand":[9448],"product_cat":[896],"product_tag":[],"class_list":{"0":"post-60572","1":"product","2":"type-product","3":"status-publish","4":"has-post-thumbnail","6":"product_brand-trail-organic-food","7":"product_cat-turistu-partika-un-dzerieni","8":"pa_produkta-tips-pamatedieni","10":"first","11":"outofstock","12":"taxable","13":"shipping-taxable","14":"purchasable","15":"product-type-simple"},"raw_content":{"name":"Trail Organic Food - Veg\u0101nisks d\u0101ls ar r\u012bsiem","description":"EKO veg\u0101nisks d\u0101ls ar l\u0113c\u0101m, riekstu kabaci, spin\u0101tiem un r\u012bsiem - liofiliz\u0113ti\nSast\u0101vda\u013cas: Uz 100g saus\u0101 produkta izmantoti 49g l\u0113cu (sarkanas, za\u013cas), 28g r\u012bsu, 26 g \u0137irbja, s\u012bpoli, rap\u0161u e\u013c\u013ca, kokosriekstu ekstrakts, 17 g spin\u0101ti, s\u0101ls, \u0101bolu eti\u0137is, ingvera sula, karijs (satur sinepes), \u0137iploki, burk\u0101ni, puravi, ziedk\u0101posti, p\u0113ters\u012b\u013ci, broko\u013ci, fenhelis, savojas k\u0101posti, selerijas, cukurs, kurkuma, \u010dili, gar\u0161vielas.\nInform\u0101cija par alerg\u0113niem: var satur\u0113t kvie\u0161u un mie\u017eu p\u0113das.\nPagatavo\u0161ana: maisi\u0146\u0101 pievienot 380 ml verdo\u0161a \u016bdens, samais\u012bt un aizv\u0113rt iepakojumu. Gatavs \u0113\u0161anai p\u0113c 10 min\u016bt\u0113m.\nSvars: 142g;\nPorcijas izm\u0113rs: 522g;\nKalorijas pr. porcija: 644 kcal.\nUzturv\u0113rt\u012bba uz 100g pagatavot\u0101 produkta:\nEner\u0123\u0113tisk\u0101 v\u0113rt\u012bba: 516 kJ\/213 kcal;\nTauki: 4,2g, no kuriem pies\u0101tin\u0101t\u0101s tauksk\u0101bes: 0,7g;\nOg\u013chidr\u0101ti: 16g, no tiem cukuri: 1g;\nOlbaltumvielas: 4,4g;\nS\u0101ls: 0,95g.","short_description":"Klasisks, veg\u0101nisks d\u0101ls, kas pagatavots ar za\u013c\u0101m un sarkan\u0101m l\u0113c\u0101m bag\u0101t\u012bg\u0101 m\u0113rc\u0113 ar ingveru, kariju un kokosriekstu pienu, tvaic\u0113tiem r\u012bsiem un lieliem spin\u0101tu gabali\u0146iem. Indijas virtuves klasika.","status":"publish","sku":"5745000314034","original":60572},"wpml":{"translation_type":1,"has_translations":true,"original":60572,"duplicates":[],"translations":{"lv":60572,"en":67129,"ru":null}},"supplier_id":null,"supplier_sku":"","barcode":null,"atum_controlled":true,"out_stock_date":"2026-03-31 17:21:59","out_stock_threshold":null,"inheritable":false,"inbound_stock":null,"stock_on_hold":0,"sold_today":0,"sales_last_days":0,"reserved_stock":null,"customer_returns":null,"warehouse_damage":null,"lost_in_post":null,"other_logs":null,"out_stock_days":0,"lost_sales":0,"has_location":null,"update_date":"2026-03-31T16:50:14","atum_locations":[],"atum_stock_status":"outofstock","restock_status":false,"low_stock_amount":"","sales_update_date":"2025-11-13T14:08:10","calc_backorders":null,"yoast_head":"<!-- This site is optimized with the Yoast SEO plugin v27.3 - https:\/\/yoast.com\/product\/yoast-seo-wordpress\/ -->\n<title>Trail Organic Food - Veg\u0101nisks d\u0101ls ar r\u012bsiem<\/title>\n<meta name=\"description\" content=\"Klasisks, veg\u0101nisks D\u0101ls, kas pagatavots ar za\u013c\u0101m un sarkan\u0101m l\u0113c\u0101m bag\u0101t\u012bg\u0101 m\u0113rc\u0113 ar ingveru, kariju un kokosriekstu pienu, tvaic\u0113tiem r\u012bsiem un lieliem spin\u0101tu gabali\u0146iem. Indijas virtuves klasika.\" \/>\n<meta name=\"robots\" content=\"index, follow, max-snippet:-1, max-image-preview:large, max-video-preview:-1\" \/>\n<link rel=\"canonical\" href=\"https:\/\/gohike.lv\/ru\/produkts\/vegans-dals-ar-risiem\/\" \/>\n<meta property=\"og:locale\" content=\"ru_RU\" \/>\n<meta property=\"og:type\" content=\"article\" \/>\n<meta property=\"og:title\" content=\"Trail Organic Food - Veg\u0101nisks d\u0101ls ar r\u012bsiem\" \/>\n<meta property=\"og:description\" content=\"Klasisks, veg\u0101nisks D\u0101ls, kas pagatavots ar za\u013c\u0101m un sarkan\u0101m l\u0113c\u0101m bag\u0101t\u012bg\u0101 m\u0113rc\u0113 ar ingveru, kariju un kokosriekstu pienu, tvaic\u0113tiem r\u012bsiem un lieliem spin\u0101tu gabali\u0146iem. Indijas virtuves klasika.\" \/>\n<meta property=\"og:url\" content=\"https:\/\/gohike.lv\/ru\/produkts\/vegans-dals-ar-risiem\/\" \/>\n<meta property=\"og:site_name\" content=\"GoHike\" \/>\n<meta property=\"article:publisher\" content=\"https:\/\/www.facebook.com\/gohike.shop\/\" \/>\n<meta property=\"article:modified_time\" content=\"2026-03-31T16:50:07+00:00\" \/>\n<meta property=\"og:image\" content=\"https:\/\/gohike.lv\/wp-content\/uploads\/2024\/07\/1603-wx70348e-large.png\" \/>\n\t<meta property=\"og:image:width\" content=\"600\" \/>\n\t<meta property=\"og:image:height\" content=\"600\" \/>\n\t<meta property=\"og:image:type\" content=\"image\/png\" \/>\n<meta name=\"twitter:card\" content=\"summary_large_image\" \/>\n<meta name=\"twitter:label1\" content=\"\u041f\u0440\u0438\u043c\u0435\u0440\u043d\u043e\u0435 \u0432\u0440\u0435\u043c\u044f \u0434\u043b\u044f \u0447\u0442\u0435\u043d\u0438\u044f\" \/>\n\t<meta name=\"twitter:data1\" content=\"1 \u043c\u0438\u043d\u0443\u0442\u0430\" \/>\n<script type=\"application\/ld+json\" class=\"yoast-schema-graph\">{\"@context\":\"https:\\\/\\\/schema.org\",\"@graph\":[{\"@type\":[\"WebPage\",\"ItemPage\"],\"@id\":\"https:\\\/\\\/gohike.lv\\\/ru\\\/produkts\\\/vegans-dals-ar-risiem\\\/\",\"url\":\"https:\\\/\\\/gohike.lv\\\/ru\\\/produkts\\\/vegans-dals-ar-risiem\\\/\",\"name\":\"Trail Organic Food - Veg\u0101nisks d\u0101ls ar r\u012bsiem\",\"isPartOf\":{\"@id\":\"https:\\\/\\\/gohike.lv\\\/ru\\\/#website\"},\"primaryImageOfPage\":{\"@id\":\"https:\\\/\\\/gohike.lv\\\/ru\\\/produkts\\\/vegans-dals-ar-risiem\\\/#primaryimage\"},\"image\":{\"@id\":\"https:\\\/\\\/gohike.lv\\\/ru\\\/produkts\\\/vegans-dals-ar-risiem\\\/#primaryimage\"},\"thumbnailUrl\":\"https:\\\/\\\/gohike.lv\\\/wp-content\\\/uploads\\\/2024\\\/07\\\/1603-wx70348e-large.png\",\"datePublished\":\"2024-09-06T13:16:49+00:00\",\"dateModified\":\"2026-03-31T16:50:07+00:00\",\"description\":\"Klasisks, veg\u0101nisks D\u0101ls, kas pagatavots ar za\u013c\u0101m un sarkan\u0101m l\u0113c\u0101m bag\u0101t\u012bg\u0101 m\u0113rc\u0113 ar ingveru, kariju un kokosriekstu pienu, tvaic\u0113tiem r\u012bsiem un lieliem spin\u0101tu gabali\u0146iem. Indijas virtuves klasika.\",\"breadcrumb\":{\"@id\":\"https:\\\/\\\/gohike.lv\\\/ru\\\/produkts\\\/vegans-dals-ar-risiem\\\/#breadcrumb\"},\"inLanguage\":\"ru-RU\",\"potentialAction\":[{\"@type\":\"ReadAction\",\"target\":[\"https:\\\/\\\/gohike.lv\\\/ru\\\/produkts\\\/vegans-dals-ar-risiem\\\/\"]}]},{\"@type\":\"ImageObject\",\"inLanguage\":\"ru-RU\",\"@id\":\"https:\\\/\\\/gohike.lv\\\/ru\\\/produkts\\\/vegans-dals-ar-risiem\\\/#primaryimage\",\"url\":\"https:\\\/\\\/gohike.lv\\\/wp-content\\\/uploads\\\/2024\\\/07\\\/1603-wx70348e-large.png\",\"contentUrl\":\"https:\\\/\\\/gohike.lv\\\/wp-content\\\/uploads\\\/2024\\\/07\\\/1603-wx70348e-large.png\",\"width\":600,\"height\":600},{\"@type\":\"BreadcrumbList\",\"@id\":\"https:\\\/\\\/gohike.lv\\\/ru\\\/produkts\\\/vegans-dals-ar-risiem\\\/#breadcrumb\",\"itemListElement\":[{\"@type\":\"ListItem\",\"position\":1,\"name\":\"\u0413\u043b\u0430\u0432\u043d\u0430\u044f\",\"item\":\"https:\\\/\\\/gohike.lv\\\/ru\\\/\"},{\"@type\":\"ListItem\",\"position\":2,\"name\":\"\u041a\u0430\u0442\u0435\u0433\u043e\u0440\u0438\u0438 \u0442\u043e\u0432\u0430\u0440\u043e\u0432\",\"item\":\"https:\\\/\\\/gohike.lv\\\/%d0%ba%d0%b0%d1%82%d0%b5%d0%b3%d0%be%d1%80%d0%b8%d0%b8-%d1%82%d0%be%d0%b2%d0%b0%d1%80%d0%be%d0%b2\\\/\"},{\"@type\":\"ListItem\",\"position\":3,\"name\":\"Trail Organic Food &#8211; Veg\u0101nisks d\u0101ls ar r\u012bsiem\"}]},{\"@type\":\"WebSite\",\"@id\":\"https:\\\/\\\/gohike.lv\\\/ru\\\/#website\",\"url\":\"https:\\\/\\\/gohike.lv\\\/ru\\\/\",\"name\":\"GoHike\",\"description\":\"\",\"publisher\":{\"@id\":\"https:\\\/\\\/gohike.lv\\\/ru\\\/#organization\"},\"potentialAction\":[{\"@type\":\"SearchAction\",\"target\":{\"@type\":\"EntryPoint\",\"urlTemplate\":\"https:\\\/\\\/gohike.lv\\\/ru\\\/?s={search_term_string}\"},\"query-input\":{\"@type\":\"PropertyValueSpecification\",\"valueRequired\":true,\"valueName\":\"search_term_string\"}}],\"inLanguage\":\"ru-RU\"},{\"@type\":\"Organization\",\"@id\":\"https:\\\/\\\/gohike.lv\\\/ru\\\/#organization\",\"name\":\"GoHike\",\"url\":\"https:\\\/\\\/gohike.lv\\\/ru\\\/\",\"logo\":{\"@type\":\"ImageObject\",\"inLanguage\":\"ru-RU\",\"@id\":\"https:\\\/\\\/gohike.lv\\\/ru\\\/#\\\/schema\\\/logo\\\/image\\\/\",\"url\":\"https:\\\/\\\/gohike.lv\\\/wp-content\\\/uploads\\\/2023\\\/08\\\/Logo_GoHike.webp\",\"contentUrl\":\"https:\\\/\\\/gohike.lv\\\/wp-content\\\/uploads\\\/2023\\\/08\\\/Logo_GoHike.webp\",\"width\":512,\"height\":512,\"caption\":\"GoHike\"},\"image\":{\"@id\":\"https:\\\/\\\/gohike.lv\\\/ru\\\/#\\\/schema\\\/logo\\\/image\\\/\"},\"sameAs\":[\"https:\\\/\\\/www.facebook.com\\\/gohike.shop\\\/\",\"https:\\\/\\\/www.instagram.com\\\/gohike.shop\\\/\"]}]}<\/script>\n<!-- \/ Yoast SEO plugin. -->","yoast_head_json":{"title":"Trail Organic Food - Veg\u0101nisks d\u0101ls ar r\u012bsiem","description":"Klasisks, veg\u0101nisks D\u0101ls, kas pagatavots ar za\u013c\u0101m un sarkan\u0101m l\u0113c\u0101m bag\u0101t\u012bg\u0101 m\u0113rc\u0113 ar ingveru, kariju un kokosriekstu pienu, tvaic\u0113tiem r\u012bsiem un lieliem spin\u0101tu gabali\u0146iem. Indijas virtuves klasika.","robots":{"index":"index","follow":"follow","max-snippet":"max-snippet:-1","max-image-preview":"max-image-preview:large","max-video-preview":"max-video-preview:-1"},"canonical":"https:\/\/gohike.lv\/ru\/produkts\/vegans-dals-ar-risiem\/","og_locale":"ru_RU","og_type":"article","og_title":"Trail Organic Food - Veg\u0101nisks d\u0101ls ar r\u012bsiem","og_description":"Klasisks, veg\u0101nisks D\u0101ls, kas pagatavots ar za\u013c\u0101m un sarkan\u0101m l\u0113c\u0101m bag\u0101t\u012bg\u0101 m\u0113rc\u0113 ar ingveru, kariju un kokosriekstu pienu, tvaic\u0113tiem r\u012bsiem un lieliem spin\u0101tu gabali\u0146iem. Indijas virtuves klasika.","og_url":"https:\/\/gohike.lv\/ru\/produkts\/vegans-dals-ar-risiem\/","og_site_name":"GoHike","article_publisher":"https:\/\/www.facebook.com\/gohike.shop\/","article_modified_time":"2026-03-31T16:50:07+00:00","og_image":[{"width":600,"height":600,"url":"https:\/\/gohike.lv\/wp-content\/uploads\/2024\/07\/1603-wx70348e-large.png","type":"image\/png"}],"twitter_card":"summary_large_image","twitter_misc":{"\u041f\u0440\u0438\u043c\u0435\u0440\u043d\u043e\u0435 \u0432\u0440\u0435\u043c\u044f \u0434\u043b\u044f \u0447\u0442\u0435\u043d\u0438\u044f":"1 \u043c\u0438\u043d\u0443\u0442\u0430"},"schema":{"@context":"https:\/\/schema.org","@graph":[{"@type":["WebPage","ItemPage"],"@id":"https:\/\/gohike.lv\/ru\/produkts\/vegans-dals-ar-risiem\/","url":"https:\/\/gohike.lv\/ru\/produkts\/vegans-dals-ar-risiem\/","name":"Trail Organic Food - Veg\u0101nisks d\u0101ls ar r\u012bsiem","isPartOf":{"@id":"https:\/\/gohike.lv\/ru\/#website"},"primaryImageOfPage":{"@id":"https:\/\/gohike.lv\/ru\/produkts\/vegans-dals-ar-risiem\/#primaryimage"},"image":{"@id":"https:\/\/gohike.lv\/ru\/produkts\/vegans-dals-ar-risiem\/#primaryimage"},"thumbnailUrl":"https:\/\/gohike.lv\/wp-content\/uploads\/2024\/07\/1603-wx70348e-large.png","datePublished":"2024-09-06T13:16:49+00:00","dateModified":"2026-03-31T16:50:07+00:00","description":"Klasisks, veg\u0101nisks D\u0101ls, kas pagatavots ar za\u013c\u0101m un sarkan\u0101m l\u0113c\u0101m bag\u0101t\u012bg\u0101 m\u0113rc\u0113 ar ingveru, kariju un kokosriekstu pienu, tvaic\u0113tiem r\u012bsiem un lieliem spin\u0101tu gabali\u0146iem. Indijas virtuves klasika.","breadcrumb":{"@id":"https:\/\/gohike.lv\/ru\/produkts\/vegans-dals-ar-risiem\/#breadcrumb"},"inLanguage":"ru-RU","potentialAction":[{"@type":"ReadAction","target":["https:\/\/gohike.lv\/ru\/produkts\/vegans-dals-ar-risiem\/"]}]},{"@type":"ImageObject","inLanguage":"ru-RU","@id":"https:\/\/gohike.lv\/ru\/produkts\/vegans-dals-ar-risiem\/#primaryimage","url":"https:\/\/gohike.lv\/wp-content\/uploads\/2024\/07\/1603-wx70348e-large.png","contentUrl":"https:\/\/gohike.lv\/wp-content\/uploads\/2024\/07\/1603-wx70348e-large.png","width":600,"height":600},{"@type":"BreadcrumbList","@id":"https:\/\/gohike.lv\/ru\/produkts\/vegans-dals-ar-risiem\/#breadcrumb","itemListElement":[{"@type":"ListItem","position":1,"name":"\u0413\u043b\u0430\u0432\u043d\u0430\u044f","item":"https:\/\/gohike.lv\/ru\/"},{"@type":"ListItem","position":2,"name":"\u041a\u0430\u0442\u0435\u0433\u043e\u0440\u0438\u0438 \u0442\u043e\u0432\u0430\u0440\u043e\u0432","item":"https:\/\/gohike.lv\/%d0%ba%d0%b0%d1%82%d0%b5%d0%b3%d0%be%d1%80%d0%b8%d0%b8-%d1%82%d0%be%d0%b2%d0%b0%d1%80%d0%be%d0%b2\/"},{"@type":"ListItem","position":3,"name":"Trail Organic Food &#8211; Veg\u0101nisks d\u0101ls ar r\u012bsiem"}]},{"@type":"WebSite","@id":"https:\/\/gohike.lv\/ru\/#website","url":"https:\/\/gohike.lv\/ru\/","name":"GoHike","description":"","publisher":{"@id":"https:\/\/gohike.lv\/ru\/#organization"},"potentialAction":[{"@type":"SearchAction","target":{"@type":"EntryPoint","urlTemplate":"https:\/\/gohike.lv\/ru\/?s={search_term_string}"},"query-input":{"@type":"PropertyValueSpecification","valueRequired":true,"valueName":"search_term_string"}}],"inLanguage":"ru-RU"},{"@type":"Organization","@id":"https:\/\/gohike.lv\/ru\/#organization","name":"GoHike","url":"https:\/\/gohike.lv\/ru\/","logo":{"@type":"ImageObject","inLanguage":"ru-RU","@id":"https:\/\/gohike.lv\/ru\/#\/schema\/logo\/image\/","url":"https:\/\/gohike.lv\/wp-content\/uploads\/2023\/08\/Logo_GoHike.webp","contentUrl":"https:\/\/gohike.lv\/wp-content\/uploads\/2023\/08\/Logo_GoHike.webp","width":512,"height":512,"caption":"GoHike"},"image":{"@id":"https:\/\/gohike.lv\/ru\/#\/schema\/logo\/image\/"},"sameAs":["https:\/\/www.facebook.com\/gohike.shop\/","https:\/\/www.instagram.com\/gohike.shop\/"]}]}},"jetpack_sharing_enabled":true,"_links":{"self":[{"href":"https:\/\/gohike.lv\/ru\/wp-json\/wp\/v2\/product\/60572","targetHints":{"allow":["GET"]}}],"collection":[{"href":"https:\/\/gohike.lv\/ru\/wp-json\/wp\/v2\/product"}],"about":[{"href":"https:\/\/gohike.lv\/ru\/wp-json\/wp\/v2\/types\/product"}],"version-history":[{"count":0,"href":"https:\/\/gohike.lv\/ru\/wp-json\/wp\/v2\/product\/60572\/revisions"}],"wp:featuredmedia":[{"embeddable":true,"href":"https:\/\/gohike.lv\/ru\/wp-json\/wp\/v2\/media\/60570"}],"wp:attachment":[{"href":"https:\/\/gohike.lv\/ru\/wp-json\/wp\/v2\/media?parent=60572"}],"wp:term":[{"taxonomy":"product_brand","embeddable":true,"href":"https:\/\/gohike.lv\/ru\/wp-json\/wp\/v2\/product_brand?post=60572"},{"taxonomy":"product_cat","embeddable":true,"href":"https:\/\/gohike.lv\/ru\/wp-json\/wp\/v2\/product_cat?post=60572"},{"taxonomy":"product_tag","embeddable":true,"href":"https:\/\/gohike.lv\/ru\/wp-json\/wp\/v2\/product_tag?post=60572"}],"curies":[{"name":"wp","href":"https:\/\/api.w.org\/{rel}","templated":true}]}}