{"id":60531,"date":"2024-09-06T16:14:45","date_gmt":"2024-09-06T13:14:45","guid":{"rendered":"https:\/\/gohike.lv\/produkts\/kremveida-vista-ar-perlu-grubam\/"},"modified":"2025-12-30T17:24:30","modified_gmt":"2025-12-30T14:24:30","slug":"kremveida-vista-ar-perlu-grubam","status":"publish","type":"product","link":"https:\/\/gohike.lv\/ru\/produkts\/kremveida-vista-ar-perlu-grubam\/","title":{"rendered":"Trail Organic Food &#8212; Kr\u0113mveida vista ar p\u0113r\u013cu gr\u016bbam"},"content":{"rendered":"<p>EKO Vistas ga\u013ca ar zir\u0146iem, s\u0113n\u0113m un gr\u016bb\u0101m &#8212; liofiliz\u0113ti.<br \/>\nSast\u0101vda\u013cas: Uz 100g saus\u0101 produkta izmanto 61g p\u0113r\u013cu, 45g vistas ga\u013cas, 43g s\u0113\u0146u, 42g zir\u0146us, s\u012bpolus, kr\u0113jumu, selerijas, rap\u0161u e\u013c\u013cu, kukur\u016bzas cieti, \u0137iplokus, s\u0101ls, citronu sula, timi\u0101ns, pipari, dab\u012bgs aromatiz\u0113t\u0101js, vistas ga\u013ca, gar\u0161vielas, vistas tauki.<br \/>\nInform\u0101cija par alerg\u0113niem: var satur\u0113t kvie\u0161u p\u0113das.<br \/>\nPagatavo\u0161ana: maisi\u0146\u0101 pievienot 380 ml verdo\u0161a \u016bdens, samais\u012bt un aizv\u0113rt iepakojumu. Gatavs \u0113\u0161anai p\u0113c 10 min\u016bt\u0113m.<br \/>\nSvars: 125g;<br \/>\nPorcijas izm\u0113rs: 505g;<br \/>\nKalorijas pr. porcija: 644 kcal.<br \/>\nUzturv\u0113rt\u012bba uz 100 g pagatavot\u0101 produkta:<br \/>\nEner\u0123\u0113tisk\u0101 v\u0113rt\u012bba: 532 kJ\/127 kcal;<br \/>\nTauki: 6,8g, no kuriem pies\u0101tin\u0101t\u0101s tauksk\u0101bes: 2,0g;<br \/>\nOg\u013chidr\u0101ti: 10g, no tiem cukuri: 1,4g;<br \/>\nOlbaltumvielas: 5,1g;<br \/>\nS\u0101ls: 0,73g.<\/p>\n","protected":false},"excerpt":{"rendered":"<p>Bag\u0101t\u012bgas gar\u0161as vistas ga\u013ca, ceptas s\u0113nes, timi\u0101ns un gr\u016bbas kr\u0113m\u012bg\u0101 m\u0113rc\u0113, kas papildin\u0101ta ar sauju saldo za\u013co zirn\u012b\u0161u.<\/p>\n","protected":false},"featured_media":60529,"template":"","meta":[],"product_brand":[9448],"product_cat":[896],"product_tag":[],"class_list":{"0":"post-60531","1":"product","2":"type-product","3":"status-publish","4":"has-post-thumbnail","6":"product_brand-trail-organic-food","7":"product_cat-turistu-partika-un-dzerieni","8":"pa_produkta-tips-pamatedieni","10":"first","11":"outofstock","12":"taxable","13":"shipping-taxable","14":"purchasable","15":"product-type-simple"},"raw_content":{"name":"Trail Organic Food - Kr\u0113mveida vista ar p\u0113r\u013cu gr\u016bbam","description":"EKO Vistas ga\u013ca ar zir\u0146iem, s\u0113n\u0113m un gr\u016bb\u0101m - liofiliz\u0113ti.\nSast\u0101vda\u013cas: Uz 100g saus\u0101 produkta izmanto 61g p\u0113r\u013cu, 45g vistas ga\u013cas, 43g s\u0113\u0146u, 42g zir\u0146us, s\u012bpolus, kr\u0113jumu, selerijas, rap\u0161u e\u013c\u013cu, kukur\u016bzas cieti, \u0137iplokus, s\u0101ls, citronu sula, timi\u0101ns, pipari, dab\u012bgs aromatiz\u0113t\u0101js, vistas ga\u013ca, gar\u0161vielas, vistas tauki.\nInform\u0101cija par alerg\u0113niem: var satur\u0113t kvie\u0161u p\u0113das.\nPagatavo\u0161ana: maisi\u0146\u0101 pievienot 380 ml verdo\u0161a \u016bdens, samais\u012bt un aizv\u0113rt iepakojumu. Gatavs \u0113\u0161anai p\u0113c 10 min\u016bt\u0113m.\nSvars: 125g;\nPorcijas izm\u0113rs: 505g;\nKalorijas pr. porcija: 644 kcal.\nUzturv\u0113rt\u012bba uz 100 g pagatavot\u0101 produkta:\nEner\u0123\u0113tisk\u0101 v\u0113rt\u012bba: 532 kJ\/127 kcal;\nTauki: 6,8g, no kuriem pies\u0101tin\u0101t\u0101s tauksk\u0101bes: 2,0g;\nOg\u013chidr\u0101ti: 10g, no tiem cukuri: 1,4g;\nOlbaltumvielas: 5,1g;\nS\u0101ls: 0,73g.","short_description":"Bag\u0101t\u012bgas gar\u0161as vistas ga\u013ca, ceptas s\u0113nes, timi\u0101ns un gr\u016bbas kr\u0113m\u012bg\u0101 m\u0113rc\u0113, kas papildin\u0101ta ar sauju saldo za\u013co zirn\u012b\u0161u.","status":"publish","sku":"5745000314027","original":60531},"wpml":{"translation_type":1,"has_translations":true,"original":60531,"duplicates":[],"translations":{"lv":60531,"en":67115,"ru":null}},"supplier_id":null,"supplier_sku":"","barcode":null,"atum_controlled":true,"out_stock_date":"2025-07-03 19:17:13","out_stock_threshold":null,"inheritable":false,"inbound_stock":null,"stock_on_hold":0,"sold_today":0,"sales_last_days":0,"reserved_stock":null,"customer_returns":null,"warehouse_damage":null,"lost_in_post":null,"other_logs":null,"out_stock_days":132,"lost_sales":0,"has_location":null,"update_date":"2025-12-30T14:30:32","atum_locations":[],"atum_stock_status":"outofstock","restock_status":false,"low_stock_amount":"","sales_update_date":"2025-11-13T14:08:10","calc_backorders":null,"yoast_head":"<!-- This site is optimized with the Yoast SEO plugin v27.5 - https:\/\/yoast.com\/product\/yoast-seo-wordpress\/ -->\n<title>Trail Organic Food - Kr\u0113mveida vista ar p\u0113r\u013cu gr\u016bbam<\/title>\n<meta name=\"description\" content=\"Bag\u0101t\u012bgas gar\u0161as vistas ga\u013ca, ceptas s\u0113nes, timi\u0101ns un gr\u016bbas kr\u0113m\u012bg\u0101 m\u0113rc\u0113, kas papildin\u0101ta ar sauju saldo za\u013co zirn\u012b\u0161u.\" \/>\n<meta name=\"robots\" content=\"index, follow, max-snippet:-1, max-image-preview:large, max-video-preview:-1\" \/>\n<link rel=\"canonical\" href=\"https:\/\/gohike.lv\/ru\/produkts\/kremveida-vista-ar-perlu-grubam\/\" \/>\n<meta property=\"og:locale\" content=\"ru_RU\" \/>\n<meta property=\"og:type\" content=\"article\" \/>\n<meta property=\"og:title\" content=\"Trail Organic Food - Kr\u0113mveida vista ar p\u0113r\u013cu gr\u016bbam\" \/>\n<meta property=\"og:description\" content=\"Bag\u0101t\u012bgas gar\u0161as vistas ga\u013ca, ceptas s\u0113nes, timi\u0101ns un gr\u016bbas kr\u0113m\u012bg\u0101 m\u0113rc\u0113, kas papildin\u0101ta ar sauju saldo za\u013co zirn\u012b\u0161u.\" \/>\n<meta property=\"og:url\" content=\"https:\/\/gohike.lv\/ru\/produkts\/kremveida-vista-ar-perlu-grubam\/\" \/>\n<meta property=\"og:site_name\" content=\"GoHike\" \/>\n<meta property=\"article:publisher\" content=\"https:\/\/www.facebook.com\/gohike.shop\/\" \/>\n<meta property=\"article:modified_time\" content=\"2025-12-30T14:24:30+00:00\" \/>\n<meta property=\"og:image\" content=\"https:\/\/gohike.lv\/wp-content\/uploads\/2024\/07\/1602-th7awap4-large.png\" \/>\n\t<meta property=\"og:image:width\" content=\"600\" \/>\n\t<meta property=\"og:image:height\" content=\"600\" \/>\n\t<meta property=\"og:image:type\" content=\"image\/png\" \/>\n<meta name=\"twitter:card\" content=\"summary_large_image\" \/>\n<meta name=\"twitter:label1\" content=\"\u041f\u0440\u0438\u043c\u0435\u0440\u043d\u043e\u0435 \u0432\u0440\u0435\u043c\u044f \u0434\u043b\u044f \u0447\u0442\u0435\u043d\u0438\u044f\" \/>\n\t<meta name=\"twitter:data1\" content=\"1 \u043c\u0438\u043d\u0443\u0442\u0430\" \/>\n<script type=\"application\/ld+json\" class=\"yoast-schema-graph\">{\"@context\":\"https:\\\/\\\/schema.org\",\"@graph\":[{\"@type\":[\"WebPage\",\"ItemPage\"],\"@id\":\"https:\\\/\\\/gohike.lv\\\/ru\\\/produkts\\\/kremveida-vista-ar-perlu-grubam\\\/\",\"url\":\"https:\\\/\\\/gohike.lv\\\/ru\\\/produkts\\\/kremveida-vista-ar-perlu-grubam\\\/\",\"name\":\"Trail Organic Food - Kr\u0113mveida vista ar p\u0113r\u013cu gr\u016bbam\",\"isPartOf\":{\"@id\":\"https:\\\/\\\/gohike.lv\\\/ru\\\/#website\"},\"primaryImageOfPage\":{\"@id\":\"https:\\\/\\\/gohike.lv\\\/ru\\\/produkts\\\/kremveida-vista-ar-perlu-grubam\\\/#primaryimage\"},\"image\":{\"@id\":\"https:\\\/\\\/gohike.lv\\\/ru\\\/produkts\\\/kremveida-vista-ar-perlu-grubam\\\/#primaryimage\"},\"thumbnailUrl\":\"https:\\\/\\\/gohike.lv\\\/wp-content\\\/uploads\\\/2024\\\/07\\\/1602-th7awap4-large.png\",\"datePublished\":\"2024-09-06T13:14:45+00:00\",\"dateModified\":\"2025-12-30T14:24:30+00:00\",\"description\":\"Bag\u0101t\u012bgas gar\u0161as vistas ga\u013ca, ceptas s\u0113nes, timi\u0101ns un gr\u016bbas kr\u0113m\u012bg\u0101 m\u0113rc\u0113, kas papildin\u0101ta ar sauju saldo za\u013co zirn\u012b\u0161u.\",\"breadcrumb\":{\"@id\":\"https:\\\/\\\/gohike.lv\\\/ru\\\/produkts\\\/kremveida-vista-ar-perlu-grubam\\\/#breadcrumb\"},\"inLanguage\":\"ru-RU\",\"potentialAction\":[{\"@type\":\"ReadAction\",\"target\":[\"https:\\\/\\\/gohike.lv\\\/ru\\\/produkts\\\/kremveida-vista-ar-perlu-grubam\\\/\"]}]},{\"@type\":\"ImageObject\",\"inLanguage\":\"ru-RU\",\"@id\":\"https:\\\/\\\/gohike.lv\\\/ru\\\/produkts\\\/kremveida-vista-ar-perlu-grubam\\\/#primaryimage\",\"url\":\"https:\\\/\\\/gohike.lv\\\/wp-content\\\/uploads\\\/2024\\\/07\\\/1602-th7awap4-large.png\",\"contentUrl\":\"https:\\\/\\\/gohike.lv\\\/wp-content\\\/uploads\\\/2024\\\/07\\\/1602-th7awap4-large.png\",\"width\":600,\"height\":600},{\"@type\":\"BreadcrumbList\",\"@id\":\"https:\\\/\\\/gohike.lv\\\/ru\\\/produkts\\\/kremveida-vista-ar-perlu-grubam\\\/#breadcrumb\",\"itemListElement\":[{\"@type\":\"ListItem\",\"position\":1,\"name\":\"\u0413\u043b\u0430\u0432\u043d\u0430\u044f\",\"item\":\"https:\\\/\\\/gohike.lv\\\/ru\\\/\"},{\"@type\":\"ListItem\",\"position\":2,\"name\":\"\u041a\u0430\u0442\u0435\u0433\u043e\u0440\u0438\u0438 \u0442\u043e\u0432\u0430\u0440\u043e\u0432\",\"item\":\"https:\\\/\\\/gohike.lv\\\/%d0%ba%d0%b0%d1%82%d0%b5%d0%b3%d0%be%d1%80%d0%b8%d0%b8-%d1%82%d0%be%d0%b2%d0%b0%d1%80%d0%be%d0%b2\\\/\"},{\"@type\":\"ListItem\",\"position\":3,\"name\":\"Trail Organic Food &#8211; Kr\u0113mveida vista ar p\u0113r\u013cu gr\u016bbam\"}]},{\"@type\":\"WebSite\",\"@id\":\"https:\\\/\\\/gohike.lv\\\/ru\\\/#website\",\"url\":\"https:\\\/\\\/gohike.lv\\\/ru\\\/\",\"name\":\"GoHike\",\"description\":\"\",\"publisher\":{\"@id\":\"https:\\\/\\\/gohike.lv\\\/ru\\\/#organization\"},\"potentialAction\":[{\"@type\":\"SearchAction\",\"target\":{\"@type\":\"EntryPoint\",\"urlTemplate\":\"https:\\\/\\\/gohike.lv\\\/ru\\\/?s={search_term_string}\"},\"query-input\":{\"@type\":\"PropertyValueSpecification\",\"valueRequired\":true,\"valueName\":\"search_term_string\"}}],\"inLanguage\":\"ru-RU\"},{\"@type\":\"Organization\",\"@id\":\"https:\\\/\\\/gohike.lv\\\/ru\\\/#organization\",\"name\":\"GoHike\",\"url\":\"https:\\\/\\\/gohike.lv\\\/ru\\\/\",\"logo\":{\"@type\":\"ImageObject\",\"inLanguage\":\"ru-RU\",\"@id\":\"https:\\\/\\\/gohike.lv\\\/ru\\\/#\\\/schema\\\/logo\\\/image\\\/\",\"url\":\"https:\\\/\\\/gohike.lv\\\/wp-content\\\/uploads\\\/2023\\\/08\\\/Logo_GoHike.webp\",\"contentUrl\":\"https:\\\/\\\/gohike.lv\\\/wp-content\\\/uploads\\\/2023\\\/08\\\/Logo_GoHike.webp\",\"width\":512,\"height\":512,\"caption\":\"GoHike\"},\"image\":{\"@id\":\"https:\\\/\\\/gohike.lv\\\/ru\\\/#\\\/schema\\\/logo\\\/image\\\/\"},\"sameAs\":[\"https:\\\/\\\/www.facebook.com\\\/gohike.shop\\\/\",\"https:\\\/\\\/www.instagram.com\\\/gohike.shop\\\/\"]}]}<\/script>\n<!-- \/ Yoast SEO plugin. -->","yoast_head_json":{"title":"Trail Organic Food - Kr\u0113mveida vista ar p\u0113r\u013cu gr\u016bbam","description":"Bag\u0101t\u012bgas gar\u0161as vistas ga\u013ca, ceptas s\u0113nes, timi\u0101ns un gr\u016bbas kr\u0113m\u012bg\u0101 m\u0113rc\u0113, kas papildin\u0101ta ar sauju saldo za\u013co zirn\u012b\u0161u.","robots":{"index":"index","follow":"follow","max-snippet":"max-snippet:-1","max-image-preview":"max-image-preview:large","max-video-preview":"max-video-preview:-1"},"canonical":"https:\/\/gohike.lv\/ru\/produkts\/kremveida-vista-ar-perlu-grubam\/","og_locale":"ru_RU","og_type":"article","og_title":"Trail Organic Food - Kr\u0113mveida vista ar p\u0113r\u013cu gr\u016bbam","og_description":"Bag\u0101t\u012bgas gar\u0161as vistas ga\u013ca, ceptas s\u0113nes, timi\u0101ns un gr\u016bbas kr\u0113m\u012bg\u0101 m\u0113rc\u0113, kas papildin\u0101ta ar sauju saldo za\u013co zirn\u012b\u0161u.","og_url":"https:\/\/gohike.lv\/ru\/produkts\/kremveida-vista-ar-perlu-grubam\/","og_site_name":"GoHike","article_publisher":"https:\/\/www.facebook.com\/gohike.shop\/","article_modified_time":"2025-12-30T14:24:30+00:00","og_image":[{"width":600,"height":600,"url":"https:\/\/gohike.lv\/wp-content\/uploads\/2024\/07\/1602-th7awap4-large.png","type":"image\/png"}],"twitter_card":"summary_large_image","twitter_misc":{"\u041f\u0440\u0438\u043c\u0435\u0440\u043d\u043e\u0435 \u0432\u0440\u0435\u043c\u044f \u0434\u043b\u044f \u0447\u0442\u0435\u043d\u0438\u044f":"1 \u043c\u0438\u043d\u0443\u0442\u0430"},"schema":{"@context":"https:\/\/schema.org","@graph":[{"@type":["WebPage","ItemPage"],"@id":"https:\/\/gohike.lv\/ru\/produkts\/kremveida-vista-ar-perlu-grubam\/","url":"https:\/\/gohike.lv\/ru\/produkts\/kremveida-vista-ar-perlu-grubam\/","name":"Trail Organic Food - Kr\u0113mveida vista ar p\u0113r\u013cu gr\u016bbam","isPartOf":{"@id":"https:\/\/gohike.lv\/ru\/#website"},"primaryImageOfPage":{"@id":"https:\/\/gohike.lv\/ru\/produkts\/kremveida-vista-ar-perlu-grubam\/#primaryimage"},"image":{"@id":"https:\/\/gohike.lv\/ru\/produkts\/kremveida-vista-ar-perlu-grubam\/#primaryimage"},"thumbnailUrl":"https:\/\/gohike.lv\/wp-content\/uploads\/2024\/07\/1602-th7awap4-large.png","datePublished":"2024-09-06T13:14:45+00:00","dateModified":"2025-12-30T14:24:30+00:00","description":"Bag\u0101t\u012bgas gar\u0161as vistas ga\u013ca, ceptas s\u0113nes, timi\u0101ns un gr\u016bbas kr\u0113m\u012bg\u0101 m\u0113rc\u0113, kas papildin\u0101ta ar sauju saldo za\u013co zirn\u012b\u0161u.","breadcrumb":{"@id":"https:\/\/gohike.lv\/ru\/produkts\/kremveida-vista-ar-perlu-grubam\/#breadcrumb"},"inLanguage":"ru-RU","potentialAction":[{"@type":"ReadAction","target":["https:\/\/gohike.lv\/ru\/produkts\/kremveida-vista-ar-perlu-grubam\/"]}]},{"@type":"ImageObject","inLanguage":"ru-RU","@id":"https:\/\/gohike.lv\/ru\/produkts\/kremveida-vista-ar-perlu-grubam\/#primaryimage","url":"https:\/\/gohike.lv\/wp-content\/uploads\/2024\/07\/1602-th7awap4-large.png","contentUrl":"https:\/\/gohike.lv\/wp-content\/uploads\/2024\/07\/1602-th7awap4-large.png","width":600,"height":600},{"@type":"BreadcrumbList","@id":"https:\/\/gohike.lv\/ru\/produkts\/kremveida-vista-ar-perlu-grubam\/#breadcrumb","itemListElement":[{"@type":"ListItem","position":1,"name":"\u0413\u043b\u0430\u0432\u043d\u0430\u044f","item":"https:\/\/gohike.lv\/ru\/"},{"@type":"ListItem","position":2,"name":"\u041a\u0430\u0442\u0435\u0433\u043e\u0440\u0438\u0438 \u0442\u043e\u0432\u0430\u0440\u043e\u0432","item":"https:\/\/gohike.lv\/%d0%ba%d0%b0%d1%82%d0%b5%d0%b3%d0%be%d1%80%d0%b8%d0%b8-%d1%82%d0%be%d0%b2%d0%b0%d1%80%d0%be%d0%b2\/"},{"@type":"ListItem","position":3,"name":"Trail Organic Food &#8211; Kr\u0113mveida vista ar p\u0113r\u013cu gr\u016bbam"}]},{"@type":"WebSite","@id":"https:\/\/gohike.lv\/ru\/#website","url":"https:\/\/gohike.lv\/ru\/","name":"GoHike","description":"","publisher":{"@id":"https:\/\/gohike.lv\/ru\/#organization"},"potentialAction":[{"@type":"SearchAction","target":{"@type":"EntryPoint","urlTemplate":"https:\/\/gohike.lv\/ru\/?s={search_term_string}"},"query-input":{"@type":"PropertyValueSpecification","valueRequired":true,"valueName":"search_term_string"}}],"inLanguage":"ru-RU"},{"@type":"Organization","@id":"https:\/\/gohike.lv\/ru\/#organization","name":"GoHike","url":"https:\/\/gohike.lv\/ru\/","logo":{"@type":"ImageObject","inLanguage":"ru-RU","@id":"https:\/\/gohike.lv\/ru\/#\/schema\/logo\/image\/","url":"https:\/\/gohike.lv\/wp-content\/uploads\/2023\/08\/Logo_GoHike.webp","contentUrl":"https:\/\/gohike.lv\/wp-content\/uploads\/2023\/08\/Logo_GoHike.webp","width":512,"height":512,"caption":"GoHike"},"image":{"@id":"https:\/\/gohike.lv\/ru\/#\/schema\/logo\/image\/"},"sameAs":["https:\/\/www.facebook.com\/gohike.shop\/","https:\/\/www.instagram.com\/gohike.shop\/"]}]}},"jetpack_sharing_enabled":true,"_links":{"self":[{"href":"https:\/\/gohike.lv\/ru\/wp-json\/wp\/v2\/product\/60531","targetHints":{"allow":["GET"]}}],"collection":[{"href":"https:\/\/gohike.lv\/ru\/wp-json\/wp\/v2\/product"}],"about":[{"href":"https:\/\/gohike.lv\/ru\/wp-json\/wp\/v2\/types\/product"}],"version-history":[{"count":0,"href":"https:\/\/gohike.lv\/ru\/wp-json\/wp\/v2\/product\/60531\/revisions"}],"wp:featuredmedia":[{"embeddable":true,"href":"https:\/\/gohike.lv\/ru\/wp-json\/wp\/v2\/media\/60529"}],"wp:attachment":[{"href":"https:\/\/gohike.lv\/ru\/wp-json\/wp\/v2\/media?parent=60531"}],"wp:term":[{"taxonomy":"product_brand","embeddable":true,"href":"https:\/\/gohike.lv\/ru\/wp-json\/wp\/v2\/product_brand?post=60531"},{"taxonomy":"product_cat","embeddable":true,"href":"https:\/\/gohike.lv\/ru\/wp-json\/wp\/v2\/product_cat?post=60531"},{"taxonomy":"product_tag","embeddable":true,"href":"https:\/\/gohike.lv\/ru\/wp-json\/wp\/v2\/product_tag?post=60531"}],"curies":[{"name":"wp","href":"https:\/\/api.w.org\/{rel}","templated":true}]}}