{"id":60483,"date":"2024-07-16T18:06:00","date_gmt":"2024-07-16T15:06:00","guid":{"rendered":"https:\/\/gohike.lv\/produkts\/cobber-atvesinosa-sildosa-salle-2-in-1\/"},"modified":"2025-12-31T19:43:14","modified_gmt":"2025-12-31T16:43:14","slug":"cobber-atvesinosa-sildosa-salle-2-in-1","status":"publish","type":"product","link":"https:\/\/gohike.lv\/ru\/produkts\/cobber-atvesinosa-sildosa-salle-2-in-1\/","title":{"rendered":"Cobber atv\u0113sino\u0161a\/sildo\u0161a \u0161alle &#8212; 2 in 1"},"content":{"rendered":"<p>Samitriniet \u0161alli silt\u0101 vai aukst\u0101 \u016bden\u012b, izspiediet lieko \u016bdeni un uzlieciet to ap kaklu, uz pieres, ce\u013cgala, plaukstasloc\u012btavas, pot\u012btes u.c. viet\u0101m.<br \/>\nTuristi, rite\u0146brauc\u0113ji, n\u016bjot\u0101ji, golfa sp\u0113l\u0113t\u0101ji, motociklisti un citi sportisti ar prieku valk\u0101 Cobber \u0161alli. T\u0101 pal\u012bdz samazin\u0101t \u0137erme\u0146a siltumu ikdienas aktivit\u0101\u0161u laik\u0101 vai noder traumu\u0101rst\u0113\u0161anai. To var izmantot ar\u012b atdzes\u0113\u0161anai l\u012bdz 5 dien\u0101m p\u0113c k\u0101rtas.<br \/>\nVienk\u0101r\u0161i iem\u0113rciet to \u016bden\u012b un atkal izmantojiet k\u0101 aukstumpaku.<br \/>\n\u0160alle ir pieejama da\u017e\u0101d\u0101skr\u0101s\u0101s, k\u0101 ar\u012b ziedu, dz\u012bvnieku un citos\u00a0rakstos.<\/p>\n","protected":false},"excerpt":{"rendered":"<p class=\"MsoNormal\"><span lang=\"LV\" style=\"font-size: 11.0pt; line-height: 107%;\">\u0160alli var izmantot gan atv\u0113sino\u0161ai, gan sildo\u0161ai iedarb\u012bbai.\u00a0<\/span><span lang=\"LV\" style=\",sans-serif;color: black;\"><!--[endif]--><\/span><\/p>\n","protected":false},"featured_media":60484,"template":"","meta":[],"product_brand":[9446],"product_cat":[1419,1315],"product_tag":[],"class_list":{"0":"post-60483","1":"product","2":"type-product","3":"status-publish","4":"has-post-thumbnail","6":"product_brand-cobber","7":"product_cat-apgerbs","8":"product_cat-silditaji-un-aptiecinas","10":"first","11":"instock","12":"taxable","13":"shipping-taxable","14":"purchasable","15":"product-type-simple"},"raw_content":{"name":"Cobber atv\u0113sino\u0161a\/sildo\u0161a \u0161alle - 2 in 1","description":"Samitriniet \u0161alli silt\u0101 vai aukst\u0101 \u016bden\u012b, izspiediet lieko \u016bdeni un uzlieciet to ap kaklu, uz pieres, ce\u013cgala, plaukstasloc\u012btavas, pot\u012btes u.c. viet\u0101m.\nTuristi, rite\u0146brauc\u0113ji, n\u016bjot\u0101ji, golfa sp\u0113l\u0113t\u0101ji, motociklisti un citi sportisti ar prieku valk\u0101 Cobber \u0161alli. T\u0101 pal\u012bdz samazin\u0101t \u0137erme\u0146a siltumu ikdienas aktivit\u0101\u0161u laik\u0101 vai noder traumu\u0101rst\u0113\u0161anai. To var izmantot ar\u012b atdzes\u0113\u0161anai l\u012bdz 5 dien\u0101m p\u0113c k\u0101rtas.\nVienk\u0101r\u0161i iem\u0113rciet to \u016bden\u012b un atkal izmantojiet k\u0101 aukstumpaku.\n\u0160alle ir pieejama da\u017e\u0101d\u0101skr\u0101s\u0101s, k\u0101 ar\u012b ziedu, dz\u012bvnieku un citos\u00a0rakstos.","short_description":"<p class=\"MsoNormal\"><span lang=\"LV\" style=\"font-size: 11.0pt; line-height: 107%;\">\u0160alli var izmantot gan atv\u0113sino\u0161ai, gan sildo\u0161ai iedarb\u012bbai.\u00a0<\/span><span lang=\"LV\" style=\",sans-serif;color: black;\"><!--[endif]--><\/span><\/p>","status":"publish","sku":"B9E0-51EA51","original":60483},"wpml":{"translation_type":1,"has_translations":true,"original":60483,"duplicates":[],"translations":{"lv":60483,"en":67225,"ru":null}},"supplier_id":null,"supplier_sku":"","barcode":null,"atum_controlled":true,"out_stock_date":null,"out_stock_threshold":null,"inheritable":false,"inbound_stock":null,"stock_on_hold":0,"sold_today":0,"sales_last_days":0,"reserved_stock":null,"customer_returns":null,"warehouse_damage":null,"lost_in_post":null,"other_logs":null,"out_stock_days":0,"lost_sales":0,"has_location":null,"update_date":"2025-12-31T16:43:15","atum_locations":[],"atum_stock_status":"instock","restock_status":false,"low_stock_amount":"","sales_update_date":"2025-11-13T14:09:00","calc_backorders":null,"yoast_head":"<!-- This site is optimized with the Yoast SEO plugin v27.5 - https:\/\/yoast.com\/product\/yoast-seo-wordpress\/ -->\n<title>Cobber atv\u0113sino\u0161a\/sildo\u0161a \u0161alle - 2 in 1<\/title>\n<meta name=\"description\" content=\"\u0160alli var izmantot gan atv\u0113sino\u0161ai, gan sildo\u0161ai iedarb\u012bbai.\u00a0\" \/>\n<meta name=\"robots\" content=\"index, follow, max-snippet:-1, max-image-preview:large, max-video-preview:-1\" \/>\n<link rel=\"canonical\" href=\"https:\/\/gohike.lv\/ru\/produkts\/cobber-atvesinosa-sildosa-salle-2-in-1\/\" \/>\n<meta property=\"og:locale\" content=\"ru_RU\" \/>\n<meta property=\"og:type\" content=\"article\" \/>\n<meta property=\"og:title\" content=\"Cobber atv\u0113sino\u0161a\/sildo\u0161a \u0161alle - 2 in 1\" \/>\n<meta property=\"og:description\" content=\"\u0160alli var izmantot gan atv\u0113sino\u0161ai, gan sildo\u0161ai iedarb\u012bbai.\u00a0\" \/>\n<meta property=\"og:url\" content=\"https:\/\/gohike.lv\/ru\/produkts\/cobber-atvesinosa-sildosa-salle-2-in-1\/\" \/>\n<meta property=\"og:site_name\" content=\"GoHike\" \/>\n<meta property=\"article:publisher\" content=\"https:\/\/www.facebook.com\/gohike.shop\/\" \/>\n<meta property=\"article:modified_time\" content=\"2025-12-31T16:43:14+00:00\" \/>\n<meta property=\"og:image\" content=\"https:\/\/gohike.lv\/wp-content\/uploads\/2024\/07\/tnky1vwofl49m7gkhoodcjanjojw4tge.jpg\" \/>\n\t<meta property=\"og:image:width\" content=\"400\" \/>\n\t<meta property=\"og:image:height\" content=\"400\" \/>\n\t<meta property=\"og:image:type\" content=\"image\/jpeg\" \/>\n<meta name=\"twitter:card\" content=\"summary_large_image\" \/>\n<meta name=\"twitter:label1\" content=\"\u041f\u0440\u0438\u043c\u0435\u0440\u043d\u043e\u0435 \u0432\u0440\u0435\u043c\u044f \u0434\u043b\u044f \u0447\u0442\u0435\u043d\u0438\u044f\" \/>\n\t<meta name=\"twitter:data1\" content=\"1 \u043c\u0438\u043d\u0443\u0442\u0430\" \/>\n<script type=\"application\/ld+json\" class=\"yoast-schema-graph\">{\"@context\":\"https:\\\/\\\/schema.org\",\"@graph\":[{\"@type\":[\"WebPage\",\"ItemPage\"],\"@id\":\"https:\\\/\\\/gohike.lv\\\/ru\\\/produkts\\\/cobber-atvesinosa-sildosa-salle-2-in-1\\\/\",\"url\":\"https:\\\/\\\/gohike.lv\\\/ru\\\/produkts\\\/cobber-atvesinosa-sildosa-salle-2-in-1\\\/\",\"name\":\"Cobber atv\u0113sino\u0161a\\\/sildo\u0161a \u0161alle - 2 in 1\",\"isPartOf\":{\"@id\":\"https:\\\/\\\/gohike.lv\\\/ru\\\/#website\"},\"primaryImageOfPage\":{\"@id\":\"https:\\\/\\\/gohike.lv\\\/ru\\\/produkts\\\/cobber-atvesinosa-sildosa-salle-2-in-1\\\/#primaryimage\"},\"image\":{\"@id\":\"https:\\\/\\\/gohike.lv\\\/ru\\\/produkts\\\/cobber-atvesinosa-sildosa-salle-2-in-1\\\/#primaryimage\"},\"thumbnailUrl\":\"https:\\\/\\\/gohike.lv\\\/wp-content\\\/uploads\\\/2024\\\/07\\\/tnky1vwofl49m7gkhoodcjanjojw4tge.jpg\",\"datePublished\":\"2024-07-16T15:06:00+00:00\",\"dateModified\":\"2025-12-31T16:43:14+00:00\",\"description\":\"\u0160alli var izmantot gan atv\u0113sino\u0161ai, gan sildo\u0161ai iedarb\u012bbai.\u00a0\",\"breadcrumb\":{\"@id\":\"https:\\\/\\\/gohike.lv\\\/ru\\\/produkts\\\/cobber-atvesinosa-sildosa-salle-2-in-1\\\/#breadcrumb\"},\"inLanguage\":\"ru-RU\",\"potentialAction\":[{\"@type\":\"ReadAction\",\"target\":[\"https:\\\/\\\/gohike.lv\\\/ru\\\/produkts\\\/cobber-atvesinosa-sildosa-salle-2-in-1\\\/\"]}]},{\"@type\":\"ImageObject\",\"inLanguage\":\"ru-RU\",\"@id\":\"https:\\\/\\\/gohike.lv\\\/ru\\\/produkts\\\/cobber-atvesinosa-sildosa-salle-2-in-1\\\/#primaryimage\",\"url\":\"https:\\\/\\\/gohike.lv\\\/wp-content\\\/uploads\\\/2024\\\/07\\\/tnky1vwofl49m7gkhoodcjanjojw4tge.jpg\",\"contentUrl\":\"https:\\\/\\\/gohike.lv\\\/wp-content\\\/uploads\\\/2024\\\/07\\\/tnky1vwofl49m7gkhoodcjanjojw4tge.jpg\",\"width\":400,\"height\":400},{\"@type\":\"BreadcrumbList\",\"@id\":\"https:\\\/\\\/gohike.lv\\\/ru\\\/produkts\\\/cobber-atvesinosa-sildosa-salle-2-in-1\\\/#breadcrumb\",\"itemListElement\":[{\"@type\":\"ListItem\",\"position\":1,\"name\":\"\u0413\u043b\u0430\u0432\u043d\u0430\u044f\",\"item\":\"https:\\\/\\\/gohike.lv\\\/ru\\\/\"},{\"@type\":\"ListItem\",\"position\":2,\"name\":\"\u041a\u0430\u0442\u0435\u0433\u043e\u0440\u0438\u0438 \u0442\u043e\u0432\u0430\u0440\u043e\u0432\",\"item\":\"https:\\\/\\\/gohike.lv\\\/%d0%ba%d0%b0%d1%82%d0%b5%d0%b3%d0%be%d1%80%d0%b8%d0%b8-%d1%82%d0%be%d0%b2%d0%b0%d1%80%d0%be%d0%b2\\\/\"},{\"@type\":\"ListItem\",\"position\":3,\"name\":\"Cobber atv\u0113sino\u0161a\\\/sildo\u0161a \u0161alle &#8211; 2 in 1\"}]},{\"@type\":\"WebSite\",\"@id\":\"https:\\\/\\\/gohike.lv\\\/ru\\\/#website\",\"url\":\"https:\\\/\\\/gohike.lv\\\/ru\\\/\",\"name\":\"GoHike\",\"description\":\"\",\"publisher\":{\"@id\":\"https:\\\/\\\/gohike.lv\\\/ru\\\/#organization\"},\"potentialAction\":[{\"@type\":\"SearchAction\",\"target\":{\"@type\":\"EntryPoint\",\"urlTemplate\":\"https:\\\/\\\/gohike.lv\\\/ru\\\/?s={search_term_string}\"},\"query-input\":{\"@type\":\"PropertyValueSpecification\",\"valueRequired\":true,\"valueName\":\"search_term_string\"}}],\"inLanguage\":\"ru-RU\"},{\"@type\":\"Organization\",\"@id\":\"https:\\\/\\\/gohike.lv\\\/ru\\\/#organization\",\"name\":\"GoHike\",\"url\":\"https:\\\/\\\/gohike.lv\\\/ru\\\/\",\"logo\":{\"@type\":\"ImageObject\",\"inLanguage\":\"ru-RU\",\"@id\":\"https:\\\/\\\/gohike.lv\\\/ru\\\/#\\\/schema\\\/logo\\\/image\\\/\",\"url\":\"https:\\\/\\\/gohike.lv\\\/wp-content\\\/uploads\\\/2023\\\/08\\\/Logo_GoHike.webp\",\"contentUrl\":\"https:\\\/\\\/gohike.lv\\\/wp-content\\\/uploads\\\/2023\\\/08\\\/Logo_GoHike.webp\",\"width\":512,\"height\":512,\"caption\":\"GoHike\"},\"image\":{\"@id\":\"https:\\\/\\\/gohike.lv\\\/ru\\\/#\\\/schema\\\/logo\\\/image\\\/\"},\"sameAs\":[\"https:\\\/\\\/www.facebook.com\\\/gohike.shop\\\/\",\"https:\\\/\\\/www.instagram.com\\\/gohike.shop\\\/\"]}]}<\/script>\n<!-- \/ Yoast SEO plugin. -->","yoast_head_json":{"title":"Cobber atv\u0113sino\u0161a\/sildo\u0161a \u0161alle - 2 in 1","description":"\u0160alli var izmantot gan atv\u0113sino\u0161ai, gan sildo\u0161ai iedarb\u012bbai.\u00a0","robots":{"index":"index","follow":"follow","max-snippet":"max-snippet:-1","max-image-preview":"max-image-preview:large","max-video-preview":"max-video-preview:-1"},"canonical":"https:\/\/gohike.lv\/ru\/produkts\/cobber-atvesinosa-sildosa-salle-2-in-1\/","og_locale":"ru_RU","og_type":"article","og_title":"Cobber atv\u0113sino\u0161a\/sildo\u0161a \u0161alle - 2 in 1","og_description":"\u0160alli var izmantot gan atv\u0113sino\u0161ai, gan sildo\u0161ai iedarb\u012bbai.\u00a0","og_url":"https:\/\/gohike.lv\/ru\/produkts\/cobber-atvesinosa-sildosa-salle-2-in-1\/","og_site_name":"GoHike","article_publisher":"https:\/\/www.facebook.com\/gohike.shop\/","article_modified_time":"2025-12-31T16:43:14+00:00","og_image":[{"width":400,"height":400,"url":"https:\/\/gohike.lv\/wp-content\/uploads\/2024\/07\/tnky1vwofl49m7gkhoodcjanjojw4tge.jpg","type":"image\/jpeg"}],"twitter_card":"summary_large_image","twitter_misc":{"\u041f\u0440\u0438\u043c\u0435\u0440\u043d\u043e\u0435 \u0432\u0440\u0435\u043c\u044f \u0434\u043b\u044f \u0447\u0442\u0435\u043d\u0438\u044f":"1 \u043c\u0438\u043d\u0443\u0442\u0430"},"schema":{"@context":"https:\/\/schema.org","@graph":[{"@type":["WebPage","ItemPage"],"@id":"https:\/\/gohike.lv\/ru\/produkts\/cobber-atvesinosa-sildosa-salle-2-in-1\/","url":"https:\/\/gohike.lv\/ru\/produkts\/cobber-atvesinosa-sildosa-salle-2-in-1\/","name":"Cobber atv\u0113sino\u0161a\/sildo\u0161a \u0161alle - 2 in 1","isPartOf":{"@id":"https:\/\/gohike.lv\/ru\/#website"},"primaryImageOfPage":{"@id":"https:\/\/gohike.lv\/ru\/produkts\/cobber-atvesinosa-sildosa-salle-2-in-1\/#primaryimage"},"image":{"@id":"https:\/\/gohike.lv\/ru\/produkts\/cobber-atvesinosa-sildosa-salle-2-in-1\/#primaryimage"},"thumbnailUrl":"https:\/\/gohike.lv\/wp-content\/uploads\/2024\/07\/tnky1vwofl49m7gkhoodcjanjojw4tge.jpg","datePublished":"2024-07-16T15:06:00+00:00","dateModified":"2025-12-31T16:43:14+00:00","description":"\u0160alli var izmantot gan atv\u0113sino\u0161ai, gan sildo\u0161ai iedarb\u012bbai.\u00a0","breadcrumb":{"@id":"https:\/\/gohike.lv\/ru\/produkts\/cobber-atvesinosa-sildosa-salle-2-in-1\/#breadcrumb"},"inLanguage":"ru-RU","potentialAction":[{"@type":"ReadAction","target":["https:\/\/gohike.lv\/ru\/produkts\/cobber-atvesinosa-sildosa-salle-2-in-1\/"]}]},{"@type":"ImageObject","inLanguage":"ru-RU","@id":"https:\/\/gohike.lv\/ru\/produkts\/cobber-atvesinosa-sildosa-salle-2-in-1\/#primaryimage","url":"https:\/\/gohike.lv\/wp-content\/uploads\/2024\/07\/tnky1vwofl49m7gkhoodcjanjojw4tge.jpg","contentUrl":"https:\/\/gohike.lv\/wp-content\/uploads\/2024\/07\/tnky1vwofl49m7gkhoodcjanjojw4tge.jpg","width":400,"height":400},{"@type":"BreadcrumbList","@id":"https:\/\/gohike.lv\/ru\/produkts\/cobber-atvesinosa-sildosa-salle-2-in-1\/#breadcrumb","itemListElement":[{"@type":"ListItem","position":1,"name":"\u0413\u043b\u0430\u0432\u043d\u0430\u044f","item":"https:\/\/gohike.lv\/ru\/"},{"@type":"ListItem","position":2,"name":"\u041a\u0430\u0442\u0435\u0433\u043e\u0440\u0438\u0438 \u0442\u043e\u0432\u0430\u0440\u043e\u0432","item":"https:\/\/gohike.lv\/%d0%ba%d0%b0%d1%82%d0%b5%d0%b3%d0%be%d1%80%d0%b8%d0%b8-%d1%82%d0%be%d0%b2%d0%b0%d1%80%d0%be%d0%b2\/"},{"@type":"ListItem","position":3,"name":"Cobber atv\u0113sino\u0161a\/sildo\u0161a \u0161alle &#8211; 2 in 1"}]},{"@type":"WebSite","@id":"https:\/\/gohike.lv\/ru\/#website","url":"https:\/\/gohike.lv\/ru\/","name":"GoHike","description":"","publisher":{"@id":"https:\/\/gohike.lv\/ru\/#organization"},"potentialAction":[{"@type":"SearchAction","target":{"@type":"EntryPoint","urlTemplate":"https:\/\/gohike.lv\/ru\/?s={search_term_string}"},"query-input":{"@type":"PropertyValueSpecification","valueRequired":true,"valueName":"search_term_string"}}],"inLanguage":"ru-RU"},{"@type":"Organization","@id":"https:\/\/gohike.lv\/ru\/#organization","name":"GoHike","url":"https:\/\/gohike.lv\/ru\/","logo":{"@type":"ImageObject","inLanguage":"ru-RU","@id":"https:\/\/gohike.lv\/ru\/#\/schema\/logo\/image\/","url":"https:\/\/gohike.lv\/wp-content\/uploads\/2023\/08\/Logo_GoHike.webp","contentUrl":"https:\/\/gohike.lv\/wp-content\/uploads\/2023\/08\/Logo_GoHike.webp","width":512,"height":512,"caption":"GoHike"},"image":{"@id":"https:\/\/gohike.lv\/ru\/#\/schema\/logo\/image\/"},"sameAs":["https:\/\/www.facebook.com\/gohike.shop\/","https:\/\/www.instagram.com\/gohike.shop\/"]}]}},"jetpack_sharing_enabled":true,"_links":{"self":[{"href":"https:\/\/gohike.lv\/ru\/wp-json\/wp\/v2\/product\/60483","targetHints":{"allow":["GET"]}}],"collection":[{"href":"https:\/\/gohike.lv\/ru\/wp-json\/wp\/v2\/product"}],"about":[{"href":"https:\/\/gohike.lv\/ru\/wp-json\/wp\/v2\/types\/product"}],"version-history":[{"count":1,"href":"https:\/\/gohike.lv\/ru\/wp-json\/wp\/v2\/product\/60483\/revisions"}],"predecessor-version":[{"id":118922,"href":"https:\/\/gohike.lv\/ru\/wp-json\/wp\/v2\/product\/60483\/revisions\/118922"}],"wp:featuredmedia":[{"embeddable":true,"href":"https:\/\/gohike.lv\/ru\/wp-json\/wp\/v2\/media\/60484"}],"wp:attachment":[{"href":"https:\/\/gohike.lv\/ru\/wp-json\/wp\/v2\/media?parent=60483"}],"wp:term":[{"taxonomy":"product_brand","embeddable":true,"href":"https:\/\/gohike.lv\/ru\/wp-json\/wp\/v2\/product_brand?post=60483"},{"taxonomy":"product_cat","embeddable":true,"href":"https:\/\/gohike.lv\/ru\/wp-json\/wp\/v2\/product_cat?post=60483"},{"taxonomy":"product_tag","embeddable":true,"href":"https:\/\/gohike.lv\/ru\/wp-json\/wp\/v2\/product_tag?post=60483"}],"curies":[{"name":"wp","href":"https:\/\/api.w.org\/{rel}","templated":true}]}}