{"id":60320,"date":"2024-09-06T16:12:22","date_gmt":"2024-09-06T13:12:22","guid":{"rendered":"https:\/\/gohike.lv\/produkts\/bolero-mix-dzeriens-3g\/"},"modified":"2026-04-10T19:33:57","modified_gmt":"2026-04-10T16:33:57","slug":"bolero-mix-dzeriens-3g","status":"publish","type":"product","link":"https:\/\/gohike.lv\/ru\/produkts\/bolero-mix-dzeriens-3g\/","title":{"rendered":"Bolero &#8212; Mix dz\u0113riens, 3g"},"content":{"rendered":"<p>Pieejamas 48 da\u017e\u0101d\u0101s gar\u0161\u0101s.<br \/>\nBezcukura dz\u0113rienu pulveri ir \u012bpa\u0161i piem\u0113roti cilv\u0113kiem, kam pat\u012bk baud\u012bt \u016bdeni ar svaigu gar\u0161u. Bez cukura &#8212; piem\u0113rots cilv\u0113kiem ar cukura diab\u0113tu;<br \/>\nBez m\u0101ksl\u012bgiem konservantiem;<br \/>\nVeg\u0101nisks un bez glut\u0113na;<br \/>\nAr dab\u012bg\u0101m kr\u0101sviel\u0101m;<br \/>\nGar\u0161as:<br \/>\nMandele, \u0101bols, asa\u012b ogas, ban\u0101ns &amp; zemene, da\u017e\u0101das ogas, mellene, \u0137irsis, dz\u0113rvene, \u0137ir\u0161u kola, burk\u0101ns &amp; apels\u012bns, pitaija, eksotiskie aug\u013ci, pl\u016b\u0161koka ziedi, me\u017ea ogas, sk\u0101b\u0101s anonas, guarana, gvajave, greipfr\u016bta toniks, medus melone, kivi, kola, citrons, l\u012b\u010dija, laims, citronz\u0101le, limon\u0101de, mandar\u012bns, mango, multivitam\u012bns, piparm\u0113tra, mohito, apels\u012bns, papaija, persiks, bumbiers, ananass, gran\u0101t\u0101bols, pina colada, avene, sarkan\u0101s v\u012bnogas, sarkanais apels\u012bns, zemene, smar\u017e\u012bg\u0101 madara, arb\u016bzs, dzeltenais greipf\u016bts, citrona ledus t\u0113ja, persiku ledus t\u0113ja, marakujas ledus t\u0113ja.<\/p>\n","protected":false},"excerpt":{"rendered":"<p>Pulveris \u016bdens pagatavo\u0161anai ar savu iecien\u012bt\u0101ko gar\u0161u. Bez pievienota cukura. Izcelsmes valsts: Bulg\u0101rija<\/p>\n","protected":false},"featured_media":60322,"template":"","meta":[],"product_brand":[9444],"product_cat":[896],"product_tag":[],"class_list":{"0":"post-60320","1":"product","2":"type-product","3":"status-publish","4":"has-post-thumbnail","6":"product_brand-bolero","7":"product_cat-turistu-partika-un-dzerieni","8":"pa_produkta-tips-uzkodas-un-dzerieni","9":"pa_udens-daudzums-0-5l-1-5l","11":"first","12":"instock","13":"taxable","14":"shipping-taxable","15":"purchasable","16":"product-type-simple"},"raw_content":{"name":"Bolero - Mix dz\u0113riens, 3g","description":"Pieejamas 48 da\u017e\u0101d\u0101s gar\u0161\u0101s.\nBezcukura dz\u0113rienu pulveri ir \u012bpa\u0161i piem\u0113roti cilv\u0113kiem, kam pat\u012bk baud\u012bt \u016bdeni ar svaigu gar\u0161u. Bez cukura - piem\u0113rots cilv\u0113kiem ar cukura diab\u0113tu;\nBez m\u0101ksl\u012bgiem konservantiem;\nVeg\u0101nisks un bez glut\u0113na;\nAr dab\u012bg\u0101m kr\u0101sviel\u0101m;\nGar\u0161as:\nMandele, \u0101bols, asa\u012b ogas, ban\u0101ns &amp; zemene, da\u017e\u0101das ogas, mellene, \u0137irsis, dz\u0113rvene, \u0137ir\u0161u kola, burk\u0101ns &amp; apels\u012bns, pitaija, eksotiskie aug\u013ci, pl\u016b\u0161koka ziedi, me\u017ea ogas, sk\u0101b\u0101s anonas, guarana, gvajave, greipfr\u016bta toniks, medus melone, kivi, kola, citrons, l\u012b\u010dija, laims, citronz\u0101le, limon\u0101de, mandar\u012bns, mango, multivitam\u012bns, piparm\u0113tra, mohito, apels\u012bns, papaija, persiks, bumbiers, ananass, gran\u0101t\u0101bols, pina colada, avene, sarkan\u0101s v\u012bnogas, sarkanais apels\u012bns, zemene, smar\u017e\u012bg\u0101 madara, arb\u016bzs, dzeltenais greipf\u016bts, citrona ledus t\u0113ja, persiku ledus t\u0113ja, marakujas ledus t\u0113ja.","short_description":"Pulveris \u016bdens pagatavo\u0161anai ar savu iecien\u012bt\u0101ko gar\u0161u. Bez pievienota cukura. Izcelsmes valsts: Bulg\u0101rija","status":"publish","sku":"3800048224829","original":60320},"wpml":{"translation_type":1,"has_translations":true,"original":60320,"duplicates":[],"translations":{"lv":60320,"en":67152,"ru":null}},"supplier_id":null,"supplier_sku":"","barcode":null,"atum_controlled":true,"out_stock_date":null,"out_stock_threshold":null,"inheritable":false,"inbound_stock":0,"stock_on_hold":0,"sold_today":0,"sales_last_days":0,"reserved_stock":0,"customer_returns":0,"warehouse_damage":0,"lost_in_post":0,"other_logs":0,"out_stock_days":0,"lost_sales":0,"has_location":false,"update_date":"2026-04-10T16:33:59","atum_locations":[],"atum_stock_status":"instock","restock_status":false,"low_stock_amount":"","sales_update_date":"2025-11-13T14:09:07","calc_backorders":null,"yoast_head":"<!-- This site is optimized with the Yoast SEO plugin v27.3 - https:\/\/yoast.com\/product\/yoast-seo-wordpress\/ -->\n<title>Bolero - Mix dz\u0113riens, 3g<\/title>\n<meta name=\"description\" content=\"Pulveris \u016bdens pagatavo\u0161anai ar savu iecien\u012bt\u0101ko gar\u0161u. Bez pievienota cukura.\" \/>\n<meta name=\"robots\" content=\"index, follow, max-snippet:-1, max-image-preview:large, max-video-preview:-1\" \/>\n<link rel=\"canonical\" href=\"https:\/\/gohike.lv\/ru\/produkts\/bolero-mix-dzeriens-3g\/\" \/>\n<meta property=\"og:locale\" content=\"ru_RU\" \/>\n<meta property=\"og:type\" content=\"article\" \/>\n<meta property=\"og:title\" content=\"T\u016bristu p\u0101rtika Uzkodas un dz\u0113rieni Bolero Mix dz\u0113riens, 3g\" \/>\n<meta property=\"og:description\" content=\"Pulveris \u016bdens pagatavo\u0161anai ar savu iecien\u012bt\u0101ko gar\u0161u. Bez pievienota cukura.\" \/>\n<meta property=\"og:url\" content=\"https:\/\/gohike.lv\/ru\/produkts\/bolero-mix-dzeriens-3g\/\" \/>\n<meta property=\"og:site_name\" content=\"GoHike\" \/>\n<meta property=\"article:publisher\" content=\"https:\/\/www.facebook.com\/gohike.shop\/\" \/>\n<meta property=\"article:modified_time\" content=\"2026-04-10T16:33:57+00:00\" \/>\n<meta property=\"og:image\" content=\"https:\/\/gohike.lv\/wp-content\/uploads\/2024\/07\/Mix.webp\" \/>\n\t<meta property=\"og:image:width\" content=\"1000\" \/>\n\t<meta property=\"og:image:height\" content=\"1000\" \/>\n\t<meta property=\"og:image:type\" content=\"image\/webp\" \/>\n<meta name=\"twitter:card\" content=\"summary_large_image\" \/>\n<meta name=\"twitter:title\" content=\"T\u016bristu p\u0101rtika Uzkodas un dz\u0113rieni Bolero Mix dz\u0113riens, 3g\" \/>\n<meta name=\"twitter:label1\" content=\"\u041f\u0440\u0438\u043c\u0435\u0440\u043d\u043e\u0435 \u0432\u0440\u0435\u043c\u044f \u0434\u043b\u044f \u0447\u0442\u0435\u043d\u0438\u044f\" \/>\n\t<meta name=\"twitter:data1\" content=\"1 \u043c\u0438\u043d\u0443\u0442\u0430\" \/>\n<script type=\"application\/ld+json\" class=\"yoast-schema-graph\">{\"@context\":\"https:\\\/\\\/schema.org\",\"@graph\":[{\"@type\":[\"WebPage\",\"ItemPage\"],\"@id\":\"https:\\\/\\\/gohike.lv\\\/ru\\\/produkts\\\/bolero-mix-dzeriens-3g\\\/\",\"url\":\"https:\\\/\\\/gohike.lv\\\/ru\\\/produkts\\\/bolero-mix-dzeriens-3g\\\/\",\"name\":\"Bolero - Mix dz\u0113riens, 3g\",\"isPartOf\":{\"@id\":\"https:\\\/\\\/gohike.lv\\\/ru\\\/#website\"},\"primaryImageOfPage\":{\"@id\":\"https:\\\/\\\/gohike.lv\\\/ru\\\/produkts\\\/bolero-mix-dzeriens-3g\\\/#primaryimage\"},\"image\":{\"@id\":\"https:\\\/\\\/gohike.lv\\\/ru\\\/produkts\\\/bolero-mix-dzeriens-3g\\\/#primaryimage\"},\"thumbnailUrl\":\"https:\\\/\\\/gohike.lv\\\/wp-content\\\/uploads\\\/2024\\\/07\\\/Mix.webp\",\"datePublished\":\"2024-09-06T13:12:22+00:00\",\"dateModified\":\"2026-04-10T16:33:57+00:00\",\"description\":\"Pulveris \u016bdens pagatavo\u0161anai ar savu iecien\u012bt\u0101ko gar\u0161u. Bez pievienota cukura.\",\"breadcrumb\":{\"@id\":\"https:\\\/\\\/gohike.lv\\\/ru\\\/produkts\\\/bolero-mix-dzeriens-3g\\\/#breadcrumb\"},\"inLanguage\":\"ru-RU\",\"potentialAction\":[{\"@type\":\"ReadAction\",\"target\":[\"https:\\\/\\\/gohike.lv\\\/ru\\\/produkts\\\/bolero-mix-dzeriens-3g\\\/\"]}]},{\"@type\":\"ImageObject\",\"inLanguage\":\"ru-RU\",\"@id\":\"https:\\\/\\\/gohike.lv\\\/ru\\\/produkts\\\/bolero-mix-dzeriens-3g\\\/#primaryimage\",\"url\":\"https:\\\/\\\/gohike.lv\\\/wp-content\\\/uploads\\\/2024\\\/07\\\/Mix.webp\",\"contentUrl\":\"https:\\\/\\\/gohike.lv\\\/wp-content\\\/uploads\\\/2024\\\/07\\\/Mix.webp\",\"width\":1000,\"height\":1000},{\"@type\":\"BreadcrumbList\",\"@id\":\"https:\\\/\\\/gohike.lv\\\/ru\\\/produkts\\\/bolero-mix-dzeriens-3g\\\/#breadcrumb\",\"itemListElement\":[{\"@type\":\"ListItem\",\"position\":1,\"name\":\"\u0413\u043b\u0430\u0432\u043d\u0430\u044f\",\"item\":\"https:\\\/\\\/gohike.lv\\\/ru\\\/\"},{\"@type\":\"ListItem\",\"position\":2,\"name\":\"\u041a\u0430\u0442\u0435\u0433\u043e\u0440\u0438\u0438 \u0442\u043e\u0432\u0430\u0440\u043e\u0432\",\"item\":\"https:\\\/\\\/gohike.lv\\\/%d0%ba%d0%b0%d1%82%d0%b5%d0%b3%d0%be%d1%80%d0%b8%d0%b8-%d1%82%d0%be%d0%b2%d0%b0%d1%80%d0%be%d0%b2\\\/\"},{\"@type\":\"ListItem\",\"position\":3,\"name\":\"Bolero &#8211; Mix dz\u0113riens, 3g\"}]},{\"@type\":\"WebSite\",\"@id\":\"https:\\\/\\\/gohike.lv\\\/ru\\\/#website\",\"url\":\"https:\\\/\\\/gohike.lv\\\/ru\\\/\",\"name\":\"GoHike\",\"description\":\"\",\"publisher\":{\"@id\":\"https:\\\/\\\/gohike.lv\\\/ru\\\/#organization\"},\"potentialAction\":[{\"@type\":\"SearchAction\",\"target\":{\"@type\":\"EntryPoint\",\"urlTemplate\":\"https:\\\/\\\/gohike.lv\\\/ru\\\/?s={search_term_string}\"},\"query-input\":{\"@type\":\"PropertyValueSpecification\",\"valueRequired\":true,\"valueName\":\"search_term_string\"}}],\"inLanguage\":\"ru-RU\"},{\"@type\":\"Organization\",\"@id\":\"https:\\\/\\\/gohike.lv\\\/ru\\\/#organization\",\"name\":\"GoHike\",\"url\":\"https:\\\/\\\/gohike.lv\\\/ru\\\/\",\"logo\":{\"@type\":\"ImageObject\",\"inLanguage\":\"ru-RU\",\"@id\":\"https:\\\/\\\/gohike.lv\\\/ru\\\/#\\\/schema\\\/logo\\\/image\\\/\",\"url\":\"https:\\\/\\\/gohike.lv\\\/wp-content\\\/uploads\\\/2023\\\/08\\\/Logo_GoHike.webp\",\"contentUrl\":\"https:\\\/\\\/gohike.lv\\\/wp-content\\\/uploads\\\/2023\\\/08\\\/Logo_GoHike.webp\",\"width\":512,\"height\":512,\"caption\":\"GoHike\"},\"image\":{\"@id\":\"https:\\\/\\\/gohike.lv\\\/ru\\\/#\\\/schema\\\/logo\\\/image\\\/\"},\"sameAs\":[\"https:\\\/\\\/www.facebook.com\\\/gohike.shop\\\/\",\"https:\\\/\\\/www.instagram.com\\\/gohike.shop\\\/\"]}]}<\/script>\n<!-- \/ Yoast SEO plugin. -->","yoast_head_json":{"title":"Bolero - Mix dz\u0113riens, 3g","description":"Pulveris \u016bdens pagatavo\u0161anai ar savu iecien\u012bt\u0101ko gar\u0161u. Bez pievienota cukura.","robots":{"index":"index","follow":"follow","max-snippet":"max-snippet:-1","max-image-preview":"max-image-preview:large","max-video-preview":"max-video-preview:-1"},"canonical":"https:\/\/gohike.lv\/ru\/produkts\/bolero-mix-dzeriens-3g\/","og_locale":"ru_RU","og_type":"article","og_title":"T\u016bristu p\u0101rtika Uzkodas un dz\u0113rieni Bolero Mix dz\u0113riens, 3g","og_description":"Pulveris \u016bdens pagatavo\u0161anai ar savu iecien\u012bt\u0101ko gar\u0161u. Bez pievienota cukura.","og_url":"https:\/\/gohike.lv\/ru\/produkts\/bolero-mix-dzeriens-3g\/","og_site_name":"GoHike","article_publisher":"https:\/\/www.facebook.com\/gohike.shop\/","article_modified_time":"2026-04-10T16:33:57+00:00","og_image":[{"width":1000,"height":1000,"url":"https:\/\/gohike.lv\/wp-content\/uploads\/2024\/07\/Mix.webp","type":"image\/webp"}],"twitter_card":"summary_large_image","twitter_title":"T\u016bristu p\u0101rtika Uzkodas un dz\u0113rieni Bolero Mix dz\u0113riens, 3g","twitter_misc":{"\u041f\u0440\u0438\u043c\u0435\u0440\u043d\u043e\u0435 \u0432\u0440\u0435\u043c\u044f \u0434\u043b\u044f \u0447\u0442\u0435\u043d\u0438\u044f":"1 \u043c\u0438\u043d\u0443\u0442\u0430"},"schema":{"@context":"https:\/\/schema.org","@graph":[{"@type":["WebPage","ItemPage"],"@id":"https:\/\/gohike.lv\/ru\/produkts\/bolero-mix-dzeriens-3g\/","url":"https:\/\/gohike.lv\/ru\/produkts\/bolero-mix-dzeriens-3g\/","name":"Bolero - Mix dz\u0113riens, 3g","isPartOf":{"@id":"https:\/\/gohike.lv\/ru\/#website"},"primaryImageOfPage":{"@id":"https:\/\/gohike.lv\/ru\/produkts\/bolero-mix-dzeriens-3g\/#primaryimage"},"image":{"@id":"https:\/\/gohike.lv\/ru\/produkts\/bolero-mix-dzeriens-3g\/#primaryimage"},"thumbnailUrl":"https:\/\/gohike.lv\/wp-content\/uploads\/2024\/07\/Mix.webp","datePublished":"2024-09-06T13:12:22+00:00","dateModified":"2026-04-10T16:33:57+00:00","description":"Pulveris \u016bdens pagatavo\u0161anai ar savu iecien\u012bt\u0101ko gar\u0161u. Bez pievienota cukura.","breadcrumb":{"@id":"https:\/\/gohike.lv\/ru\/produkts\/bolero-mix-dzeriens-3g\/#breadcrumb"},"inLanguage":"ru-RU","potentialAction":[{"@type":"ReadAction","target":["https:\/\/gohike.lv\/ru\/produkts\/bolero-mix-dzeriens-3g\/"]}]},{"@type":"ImageObject","inLanguage":"ru-RU","@id":"https:\/\/gohike.lv\/ru\/produkts\/bolero-mix-dzeriens-3g\/#primaryimage","url":"https:\/\/gohike.lv\/wp-content\/uploads\/2024\/07\/Mix.webp","contentUrl":"https:\/\/gohike.lv\/wp-content\/uploads\/2024\/07\/Mix.webp","width":1000,"height":1000},{"@type":"BreadcrumbList","@id":"https:\/\/gohike.lv\/ru\/produkts\/bolero-mix-dzeriens-3g\/#breadcrumb","itemListElement":[{"@type":"ListItem","position":1,"name":"\u0413\u043b\u0430\u0432\u043d\u0430\u044f","item":"https:\/\/gohike.lv\/ru\/"},{"@type":"ListItem","position":2,"name":"\u041a\u0430\u0442\u0435\u0433\u043e\u0440\u0438\u0438 \u0442\u043e\u0432\u0430\u0440\u043e\u0432","item":"https:\/\/gohike.lv\/%d0%ba%d0%b0%d1%82%d0%b5%d0%b3%d0%be%d1%80%d0%b8%d0%b8-%d1%82%d0%be%d0%b2%d0%b0%d1%80%d0%be%d0%b2\/"},{"@type":"ListItem","position":3,"name":"Bolero &#8211; Mix dz\u0113riens, 3g"}]},{"@type":"WebSite","@id":"https:\/\/gohike.lv\/ru\/#website","url":"https:\/\/gohike.lv\/ru\/","name":"GoHike","description":"","publisher":{"@id":"https:\/\/gohike.lv\/ru\/#organization"},"potentialAction":[{"@type":"SearchAction","target":{"@type":"EntryPoint","urlTemplate":"https:\/\/gohike.lv\/ru\/?s={search_term_string}"},"query-input":{"@type":"PropertyValueSpecification","valueRequired":true,"valueName":"search_term_string"}}],"inLanguage":"ru-RU"},{"@type":"Organization","@id":"https:\/\/gohike.lv\/ru\/#organization","name":"GoHike","url":"https:\/\/gohike.lv\/ru\/","logo":{"@type":"ImageObject","inLanguage":"ru-RU","@id":"https:\/\/gohike.lv\/ru\/#\/schema\/logo\/image\/","url":"https:\/\/gohike.lv\/wp-content\/uploads\/2023\/08\/Logo_GoHike.webp","contentUrl":"https:\/\/gohike.lv\/wp-content\/uploads\/2023\/08\/Logo_GoHike.webp","width":512,"height":512,"caption":"GoHike"},"image":{"@id":"https:\/\/gohike.lv\/ru\/#\/schema\/logo\/image\/"},"sameAs":["https:\/\/www.facebook.com\/gohike.shop\/","https:\/\/www.instagram.com\/gohike.shop\/"]}]}},"jetpack_sharing_enabled":true,"_links":{"self":[{"href":"https:\/\/gohike.lv\/ru\/wp-json\/wp\/v2\/product\/60320","targetHints":{"allow":["GET"]}}],"collection":[{"href":"https:\/\/gohike.lv\/ru\/wp-json\/wp\/v2\/product"}],"about":[{"href":"https:\/\/gohike.lv\/ru\/wp-json\/wp\/v2\/types\/product"}],"version-history":[{"count":2,"href":"https:\/\/gohike.lv\/ru\/wp-json\/wp\/v2\/product\/60320\/revisions"}],"predecessor-version":[{"id":119550,"href":"https:\/\/gohike.lv\/ru\/wp-json\/wp\/v2\/product\/60320\/revisions\/119550"}],"wp:featuredmedia":[{"embeddable":true,"href":"https:\/\/gohike.lv\/ru\/wp-json\/wp\/v2\/media\/60322"}],"wp:attachment":[{"href":"https:\/\/gohike.lv\/ru\/wp-json\/wp\/v2\/media?parent=60320"}],"wp:term":[{"taxonomy":"product_brand","embeddable":true,"href":"https:\/\/gohike.lv\/ru\/wp-json\/wp\/v2\/product_brand?post=60320"},{"taxonomy":"product_cat","embeddable":true,"href":"https:\/\/gohike.lv\/ru\/wp-json\/wp\/v2\/product_cat?post=60320"},{"taxonomy":"product_tag","embeddable":true,"href":"https:\/\/gohike.lv\/ru\/wp-json\/wp\/v2\/product_tag?post=60320"}],"curies":[{"name":"wp","href":"https:\/\/api.w.org\/{rel}","templated":true}]}}