{"id":60314,"date":"2024-09-06T16:11:54","date_gmt":"2024-09-06T13:11:54","guid":{"rendered":"https:\/\/gohike.lv\/produkts\/bolero-energijas-dzeriens-10g\/"},"modified":"2026-04-17T06:32:26","modified_gmt":"2026-04-17T03:32:26","slug":"bolero-energijas-dzeriens-10g","status":"publish","type":"product","link":"https:\/\/gohike.lv\/ru\/produkts\/bolero-energijas-dzeriens-10g\/","title":{"rendered":"Bolero &#8212; Ener\u0123ijas dz\u0113riens, 10g"},"content":{"rendered":"<p>Sk\u0101bes: citronsk\u0101be; irdin\u0101t\u0101js: n\u0101trija hidrog\u0113nkarbon\u0101ts; sk\u0101buma regulators: n\u0101trija citr\u0101ts; inul\u012bna \u0161\u0137iedrvielas; saldin\u0101t\u0101ji: acesulf\u0101ms k, sukraloze, st\u0113vijas glikoz\u012bdi; taur\u012bns (400 mg\/100ml); kofe\u012bns (32 mg\/100 ml); vitam\u012bni: pantoten\u0101ts, kalcijs; piridoks\u012bna hidrohlor\u012bds; cianokobalam\u012bns; aromatiz\u0113t\u0101ji; pretsalipes viela: kalcija fosf\u0101ts.<br \/>\nEner\u0123\u0113tisk\u0101 v\u0113rt\u012bba 24 kj\/6 kcal, tauk 0 g, &#8212; tostarp pies\u0101tin\u0101tas tauksk\u0101bes 0 g, og\u013chidr\u0101ti 0 g, &#8212; tostarp cukuri 0 g, olbaltumvielas 0 g, s\u0101ls 0,54 mg, niac\u012bns 7,2 mg ne (45% uav*), pantot\u0113nsk\u0101be 1,8 mg (30% uav*), b6 vitam\u012bns 1,3 mg (93% uav*), b12 vitam\u012bns 2 \u00b5g (80% uav*), der\u012bguma termi\u0146\u0161 nor\u0101d\u012bts uz iepakojuma. uzglab\u0101t saus\u0101 un v\u0113sa viet\u0101<br \/>\nBOLERO Energy ir dabisks, atsvaidzino\u0161s, ener\u0123isks, bez cukura un bez kalorij\u0101m.<br \/>\nVesel\u012bga alternat\u012bva parastajiem ener\u0123ijas dz\u0113rieniem.<br \/>\nSatur 32mg uz 100ml kofe\u012bna un 400mg taur\u012bna uz 100ml.<br \/>\nVeg\u0101nisks un bez glut\u0113na;<br \/>\nAr dab\u012bg\u0101m kr\u0101sviel\u0101m;<br \/>\n\u0100tri pagatavojams ener\u0123ijas dz\u0113riens ar saldin\u0101t\u0101jiem. Bez cukura. Augsts kofe\u012bna saturs (32 mg\/100 ml). Nav ieteicams b\u0113rniem, gr\u016btniec\u0113m, sieviet\u0113m, kas baro ar kr\u016bti, vai cilv\u0113kiem, kuriem ir paaugstin\u0101ta jut\u012bba pret kofe\u012bnu. Lietot atbild\u012bgi. Nelietot kop\u0101 ar alkoholu.<\/p>\n","protected":false},"excerpt":{"rendered":"<p>Pulveris \u016bdens pagatavo\u0161anai ar savu iecien\u012bt\u0101ko gar\u0161u. Bez pievienota cukura. Izcelsmes valsts: Bulg\u0101rija<\/p>\n","protected":false},"featured_media":65885,"template":"","meta":[],"product_brand":[9444],"product_cat":[896],"product_tag":[],"class_list":{"0":"post-60314","1":"product","2":"type-product","3":"status-publish","4":"has-post-thumbnail","6":"product_brand-bolero","7":"product_cat-turistu-partika-un-dzerieni","8":"pa_produkta-tips-uzkodas-un-dzerieni","9":"pa_udens-daudzums-0-5l-1-5l","11":"first","12":"instock","13":"taxable","14":"shipping-taxable","15":"purchasable","16":"product-type-simple"},"raw_content":{"name":"Bolero - Ener\u0123ijas dz\u0113riens, 10g","description":"Sk\u0101bes: citronsk\u0101be; irdin\u0101t\u0101js: n\u0101trija hidrog\u0113nkarbon\u0101ts; sk\u0101buma regulators: n\u0101trija citr\u0101ts; inul\u012bna \u0161\u0137iedrvielas; saldin\u0101t\u0101ji: acesulf\u0101ms k, sukraloze, st\u0113vijas glikoz\u012bdi; taur\u012bns (400 mg\/100ml); kofe\u012bns (32 mg\/100 ml); vitam\u012bni: pantoten\u0101ts, kalcijs; piridoks\u012bna hidrohlor\u012bds; cianokobalam\u012bns; aromatiz\u0113t\u0101ji; pretsalipes viela: kalcija fosf\u0101ts.\nEner\u0123\u0113tisk\u0101 v\u0113rt\u012bba 24 kj\/6 kcal, tauk 0 g, - tostarp pies\u0101tin\u0101tas tauksk\u0101bes 0 g, og\u013chidr\u0101ti 0 g, - tostarp cukuri 0 g, olbaltumvielas 0 g, s\u0101ls 0,54 mg, niac\u012bns 7,2 mg ne (45% uav*), pantot\u0113nsk\u0101be 1,8 mg (30% uav*), b6 vitam\u012bns 1,3 mg (93% uav*), b12 vitam\u012bns 2 \u00b5g (80% uav*), der\u012bguma termi\u0146\u0161 nor\u0101d\u012bts uz iepakojuma. uzglab\u0101t saus\u0101 un v\u0113sa viet\u0101\nBOLERO Energy ir dabisks, atsvaidzino\u0161s, ener\u0123isks, bez cukura un bez kalorij\u0101m.\nVesel\u012bga alternat\u012bva parastajiem ener\u0123ijas dz\u0113rieniem.\nSatur 32mg uz 100ml kofe\u012bna un 400mg taur\u012bna uz 100ml.\nVeg\u0101nisks un bez glut\u0113na;\nAr dab\u012bg\u0101m kr\u0101sviel\u0101m;\n\u0100tri pagatavojams ener\u0123ijas dz\u0113riens ar saldin\u0101t\u0101jiem. Bez cukura. Augsts kofe\u012bna saturs (32 mg\/100 ml). Nav ieteicams b\u0113rniem, gr\u016btniec\u0113m, sieviet\u0113m, kas baro ar kr\u016bti, vai cilv\u0113kiem, kuriem ir paaugstin\u0101ta jut\u012bba pret kofe\u012bnu. Lietot atbild\u012bgi. Nelietot kop\u0101 ar alkoholu.","short_description":"Pulveris \u016bdens pagatavo\u0161anai ar savu iecien\u012bt\u0101ko gar\u0161u. Bez pievienota cukura. Izcelsmes valsts: Bulg\u0101rija","status":"publish","sku":"3800048226700","original":60314},"wpml":{"translation_type":1,"has_translations":true,"original":60314,"duplicates":[],"translations":{"lv":60314,"en":67144,"ru":null}},"supplier_id":null,"supplier_sku":"","barcode":null,"atum_controlled":true,"out_stock_date":null,"out_stock_threshold":null,"inheritable":false,"inbound_stock":0,"stock_on_hold":0,"sold_today":0,"sales_last_days":10,"reserved_stock":0,"customer_returns":0,"warehouse_damage":0,"lost_in_post":0,"other_logs":0,"out_stock_days":0,"lost_sales":0,"has_location":false,"update_date":"2026-04-19T18:50:16","atum_locations":[],"atum_stock_status":"instock","restock_status":false,"low_stock_amount":"","sales_update_date":"2026-04-19T18:50:16","calc_backorders":null,"yoast_head":"<!-- This site is optimized with the Yoast SEO plugin v27.5 - https:\/\/yoast.com\/product\/yoast-seo-wordpress\/ -->\n<title>Bolero - Ener\u0123ijas dz\u0113riens, 10g<\/title>\n<meta name=\"description\" content=\"Pulveris \u016bdens pagatavo\u0161anai ar savu iecien\u012bt\u0101ko gar\u0161u. Bez pievienota cukura.\" \/>\n<meta name=\"robots\" content=\"index, follow, max-snippet:-1, max-image-preview:large, max-video-preview:-1\" \/>\n<link rel=\"canonical\" href=\"https:\/\/gohike.lv\/ru\/produkts\/bolero-energijas-dzeriens-10g\/\" \/>\n<meta property=\"og:locale\" content=\"ru_RU\" \/>\n<meta property=\"og:type\" content=\"article\" \/>\n<meta property=\"og:title\" content=\"T\u016bristu p\u0101rtika Uzkodas un dz\u0113rieni Bolero Ener\u0123ijas dz\u0113riens, 10g\" \/>\n<meta property=\"og:description\" content=\"Pulveris \u016bdens pagatavo\u0161anai ar savu iecien\u012bt\u0101ko gar\u0161u. Bez pievienota cukura.\" \/>\n<meta property=\"og:url\" content=\"https:\/\/gohike.lv\/ru\/produkts\/bolero-energijas-dzeriens-10g\/\" \/>\n<meta property=\"og:site_name\" content=\"GoHike\" \/>\n<meta property=\"article:publisher\" content=\"https:\/\/www.facebook.com\/gohike.shop\/\" \/>\n<meta property=\"article:modified_time\" content=\"2026-04-17T03:32:26+00:00\" \/>\n<meta property=\"og:image\" content=\"https:\/\/gohike.lv\/wp-content\/uploads\/2024\/09\/Energy.webp\" \/>\n\t<meta property=\"og:image:width\" content=\"700\" \/>\n\t<meta property=\"og:image:height\" content=\"700\" \/>\n\t<meta property=\"og:image:type\" content=\"image\/webp\" \/>\n<meta name=\"twitter:card\" content=\"summary_large_image\" \/>\n<meta name=\"twitter:title\" content=\"T\u016bristu p\u0101rtika Uzkodas un dz\u0113rieni Bolero Ener\u0123ijas dz\u0113riens, 10g\" \/>\n<meta name=\"twitter:label1\" content=\"\u041f\u0440\u0438\u043c\u0435\u0440\u043d\u043e\u0435 \u0432\u0440\u0435\u043c\u044f \u0434\u043b\u044f \u0447\u0442\u0435\u043d\u0438\u044f\" \/>\n\t<meta name=\"twitter:data1\" content=\"2 \u043c\u0438\u043d\u0443\u0442\u0430\" \/>\n<script type=\"application\/ld+json\" class=\"yoast-schema-graph\">{\"@context\":\"https:\\\/\\\/schema.org\",\"@graph\":[{\"@type\":[\"WebPage\",\"ItemPage\"],\"@id\":\"https:\\\/\\\/gohike.lv\\\/ru\\\/produkts\\\/bolero-energijas-dzeriens-10g\\\/\",\"url\":\"https:\\\/\\\/gohike.lv\\\/ru\\\/produkts\\\/bolero-energijas-dzeriens-10g\\\/\",\"name\":\"Bolero - Ener\u0123ijas dz\u0113riens, 10g\",\"isPartOf\":{\"@id\":\"https:\\\/\\\/gohike.lv\\\/ru\\\/#website\"},\"primaryImageOfPage\":{\"@id\":\"https:\\\/\\\/gohike.lv\\\/ru\\\/produkts\\\/bolero-energijas-dzeriens-10g\\\/#primaryimage\"},\"image\":{\"@id\":\"https:\\\/\\\/gohike.lv\\\/ru\\\/produkts\\\/bolero-energijas-dzeriens-10g\\\/#primaryimage\"},\"thumbnailUrl\":\"https:\\\/\\\/gohike.lv\\\/wp-content\\\/uploads\\\/2024\\\/09\\\/Energy.webp\",\"datePublished\":\"2024-09-06T13:11:54+00:00\",\"dateModified\":\"2026-04-17T03:32:26+00:00\",\"description\":\"Pulveris \u016bdens pagatavo\u0161anai ar savu iecien\u012bt\u0101ko gar\u0161u. Bez pievienota cukura.\",\"breadcrumb\":{\"@id\":\"https:\\\/\\\/gohike.lv\\\/ru\\\/produkts\\\/bolero-energijas-dzeriens-10g\\\/#breadcrumb\"},\"inLanguage\":\"ru-RU\",\"potentialAction\":[{\"@type\":\"ReadAction\",\"target\":[\"https:\\\/\\\/gohike.lv\\\/ru\\\/produkts\\\/bolero-energijas-dzeriens-10g\\\/\"]}]},{\"@type\":\"ImageObject\",\"inLanguage\":\"ru-RU\",\"@id\":\"https:\\\/\\\/gohike.lv\\\/ru\\\/produkts\\\/bolero-energijas-dzeriens-10g\\\/#primaryimage\",\"url\":\"https:\\\/\\\/gohike.lv\\\/wp-content\\\/uploads\\\/2024\\\/09\\\/Energy.webp\",\"contentUrl\":\"https:\\\/\\\/gohike.lv\\\/wp-content\\\/uploads\\\/2024\\\/09\\\/Energy.webp\",\"width\":700,\"height\":700},{\"@type\":\"BreadcrumbList\",\"@id\":\"https:\\\/\\\/gohike.lv\\\/ru\\\/produkts\\\/bolero-energijas-dzeriens-10g\\\/#breadcrumb\",\"itemListElement\":[{\"@type\":\"ListItem\",\"position\":1,\"name\":\"\u0413\u043b\u0430\u0432\u043d\u0430\u044f\",\"item\":\"https:\\\/\\\/gohike.lv\\\/ru\\\/\"},{\"@type\":\"ListItem\",\"position\":2,\"name\":\"\u041a\u0430\u0442\u0435\u0433\u043e\u0440\u0438\u0438 \u0442\u043e\u0432\u0430\u0440\u043e\u0432\",\"item\":\"https:\\\/\\\/gohike.lv\\\/%d0%ba%d0%b0%d1%82%d0%b5%d0%b3%d0%be%d1%80%d0%b8%d0%b8-%d1%82%d0%be%d0%b2%d0%b0%d1%80%d0%be%d0%b2\\\/\"},{\"@type\":\"ListItem\",\"position\":3,\"name\":\"Bolero &#8211; Ener\u0123ijas dz\u0113riens, 10g\"}]},{\"@type\":\"WebSite\",\"@id\":\"https:\\\/\\\/gohike.lv\\\/ru\\\/#website\",\"url\":\"https:\\\/\\\/gohike.lv\\\/ru\\\/\",\"name\":\"GoHike\",\"description\":\"\",\"publisher\":{\"@id\":\"https:\\\/\\\/gohike.lv\\\/ru\\\/#organization\"},\"potentialAction\":[{\"@type\":\"SearchAction\",\"target\":{\"@type\":\"EntryPoint\",\"urlTemplate\":\"https:\\\/\\\/gohike.lv\\\/ru\\\/?s={search_term_string}\"},\"query-input\":{\"@type\":\"PropertyValueSpecification\",\"valueRequired\":true,\"valueName\":\"search_term_string\"}}],\"inLanguage\":\"ru-RU\"},{\"@type\":\"Organization\",\"@id\":\"https:\\\/\\\/gohike.lv\\\/ru\\\/#organization\",\"name\":\"GoHike\",\"url\":\"https:\\\/\\\/gohike.lv\\\/ru\\\/\",\"logo\":{\"@type\":\"ImageObject\",\"inLanguage\":\"ru-RU\",\"@id\":\"https:\\\/\\\/gohike.lv\\\/ru\\\/#\\\/schema\\\/logo\\\/image\\\/\",\"url\":\"https:\\\/\\\/gohike.lv\\\/wp-content\\\/uploads\\\/2023\\\/08\\\/Logo_GoHike.webp\",\"contentUrl\":\"https:\\\/\\\/gohike.lv\\\/wp-content\\\/uploads\\\/2023\\\/08\\\/Logo_GoHike.webp\",\"width\":512,\"height\":512,\"caption\":\"GoHike\"},\"image\":{\"@id\":\"https:\\\/\\\/gohike.lv\\\/ru\\\/#\\\/schema\\\/logo\\\/image\\\/\"},\"sameAs\":[\"https:\\\/\\\/www.facebook.com\\\/gohike.shop\\\/\",\"https:\\\/\\\/www.instagram.com\\\/gohike.shop\\\/\"]}]}<\/script>\n<!-- \/ Yoast SEO plugin. -->","yoast_head_json":{"title":"Bolero - Ener\u0123ijas dz\u0113riens, 10g","description":"Pulveris \u016bdens pagatavo\u0161anai ar savu iecien\u012bt\u0101ko gar\u0161u. Bez pievienota cukura.","robots":{"index":"index","follow":"follow","max-snippet":"max-snippet:-1","max-image-preview":"max-image-preview:large","max-video-preview":"max-video-preview:-1"},"canonical":"https:\/\/gohike.lv\/ru\/produkts\/bolero-energijas-dzeriens-10g\/","og_locale":"ru_RU","og_type":"article","og_title":"T\u016bristu p\u0101rtika Uzkodas un dz\u0113rieni Bolero Ener\u0123ijas dz\u0113riens, 10g","og_description":"Pulveris \u016bdens pagatavo\u0161anai ar savu iecien\u012bt\u0101ko gar\u0161u. Bez pievienota cukura.","og_url":"https:\/\/gohike.lv\/ru\/produkts\/bolero-energijas-dzeriens-10g\/","og_site_name":"GoHike","article_publisher":"https:\/\/www.facebook.com\/gohike.shop\/","article_modified_time":"2026-04-17T03:32:26+00:00","og_image":[{"width":700,"height":700,"url":"https:\/\/gohike.lv\/wp-content\/uploads\/2024\/09\/Energy.webp","type":"image\/webp"}],"twitter_card":"summary_large_image","twitter_title":"T\u016bristu p\u0101rtika Uzkodas un dz\u0113rieni Bolero Ener\u0123ijas dz\u0113riens, 10g","twitter_misc":{"\u041f\u0440\u0438\u043c\u0435\u0440\u043d\u043e\u0435 \u0432\u0440\u0435\u043c\u044f \u0434\u043b\u044f \u0447\u0442\u0435\u043d\u0438\u044f":"2 \u043c\u0438\u043d\u0443\u0442\u0430"},"schema":{"@context":"https:\/\/schema.org","@graph":[{"@type":["WebPage","ItemPage"],"@id":"https:\/\/gohike.lv\/ru\/produkts\/bolero-energijas-dzeriens-10g\/","url":"https:\/\/gohike.lv\/ru\/produkts\/bolero-energijas-dzeriens-10g\/","name":"Bolero - Ener\u0123ijas dz\u0113riens, 10g","isPartOf":{"@id":"https:\/\/gohike.lv\/ru\/#website"},"primaryImageOfPage":{"@id":"https:\/\/gohike.lv\/ru\/produkts\/bolero-energijas-dzeriens-10g\/#primaryimage"},"image":{"@id":"https:\/\/gohike.lv\/ru\/produkts\/bolero-energijas-dzeriens-10g\/#primaryimage"},"thumbnailUrl":"https:\/\/gohike.lv\/wp-content\/uploads\/2024\/09\/Energy.webp","datePublished":"2024-09-06T13:11:54+00:00","dateModified":"2026-04-17T03:32:26+00:00","description":"Pulveris \u016bdens pagatavo\u0161anai ar savu iecien\u012bt\u0101ko gar\u0161u. Bez pievienota cukura.","breadcrumb":{"@id":"https:\/\/gohike.lv\/ru\/produkts\/bolero-energijas-dzeriens-10g\/#breadcrumb"},"inLanguage":"ru-RU","potentialAction":[{"@type":"ReadAction","target":["https:\/\/gohike.lv\/ru\/produkts\/bolero-energijas-dzeriens-10g\/"]}]},{"@type":"ImageObject","inLanguage":"ru-RU","@id":"https:\/\/gohike.lv\/ru\/produkts\/bolero-energijas-dzeriens-10g\/#primaryimage","url":"https:\/\/gohike.lv\/wp-content\/uploads\/2024\/09\/Energy.webp","contentUrl":"https:\/\/gohike.lv\/wp-content\/uploads\/2024\/09\/Energy.webp","width":700,"height":700},{"@type":"BreadcrumbList","@id":"https:\/\/gohike.lv\/ru\/produkts\/bolero-energijas-dzeriens-10g\/#breadcrumb","itemListElement":[{"@type":"ListItem","position":1,"name":"\u0413\u043b\u0430\u0432\u043d\u0430\u044f","item":"https:\/\/gohike.lv\/ru\/"},{"@type":"ListItem","position":2,"name":"\u041a\u0430\u0442\u0435\u0433\u043e\u0440\u0438\u0438 \u0442\u043e\u0432\u0430\u0440\u043e\u0432","item":"https:\/\/gohike.lv\/%d0%ba%d0%b0%d1%82%d0%b5%d0%b3%d0%be%d1%80%d0%b8%d0%b8-%d1%82%d0%be%d0%b2%d0%b0%d1%80%d0%be%d0%b2\/"},{"@type":"ListItem","position":3,"name":"Bolero &#8211; Ener\u0123ijas dz\u0113riens, 10g"}]},{"@type":"WebSite","@id":"https:\/\/gohike.lv\/ru\/#website","url":"https:\/\/gohike.lv\/ru\/","name":"GoHike","description":"","publisher":{"@id":"https:\/\/gohike.lv\/ru\/#organization"},"potentialAction":[{"@type":"SearchAction","target":{"@type":"EntryPoint","urlTemplate":"https:\/\/gohike.lv\/ru\/?s={search_term_string}"},"query-input":{"@type":"PropertyValueSpecification","valueRequired":true,"valueName":"search_term_string"}}],"inLanguage":"ru-RU"},{"@type":"Organization","@id":"https:\/\/gohike.lv\/ru\/#organization","name":"GoHike","url":"https:\/\/gohike.lv\/ru\/","logo":{"@type":"ImageObject","inLanguage":"ru-RU","@id":"https:\/\/gohike.lv\/ru\/#\/schema\/logo\/image\/","url":"https:\/\/gohike.lv\/wp-content\/uploads\/2023\/08\/Logo_GoHike.webp","contentUrl":"https:\/\/gohike.lv\/wp-content\/uploads\/2023\/08\/Logo_GoHike.webp","width":512,"height":512,"caption":"GoHike"},"image":{"@id":"https:\/\/gohike.lv\/ru\/#\/schema\/logo\/image\/"},"sameAs":["https:\/\/www.facebook.com\/gohike.shop\/","https:\/\/www.instagram.com\/gohike.shop\/"]}]}},"jetpack_sharing_enabled":true,"_links":{"self":[{"href":"https:\/\/gohike.lv\/ru\/wp-json\/wp\/v2\/product\/60314","targetHints":{"allow":["GET"]}}],"collection":[{"href":"https:\/\/gohike.lv\/ru\/wp-json\/wp\/v2\/product"}],"about":[{"href":"https:\/\/gohike.lv\/ru\/wp-json\/wp\/v2\/types\/product"}],"version-history":[{"count":1,"href":"https:\/\/gohike.lv\/ru\/wp-json\/wp\/v2\/product\/60314\/revisions"}],"predecessor-version":[{"id":119551,"href":"https:\/\/gohike.lv\/ru\/wp-json\/wp\/v2\/product\/60314\/revisions\/119551"}],"wp:featuredmedia":[{"embeddable":true,"href":"https:\/\/gohike.lv\/ru\/wp-json\/wp\/v2\/media\/65885"}],"wp:attachment":[{"href":"https:\/\/gohike.lv\/ru\/wp-json\/wp\/v2\/media?parent=60314"}],"wp:term":[{"taxonomy":"product_brand","embeddable":true,"href":"https:\/\/gohike.lv\/ru\/wp-json\/wp\/v2\/product_brand?post=60314"},{"taxonomy":"product_cat","embeddable":true,"href":"https:\/\/gohike.lv\/ru\/wp-json\/wp\/v2\/product_cat?post=60314"},{"taxonomy":"product_tag","embeddable":true,"href":"https:\/\/gohike.lv\/ru\/wp-json\/wp\/v2\/product_tag?post=60314"}],"curies":[{"name":"wp","href":"https:\/\/api.w.org\/{rel}","templated":true}]}}