{"id":60302,"date":"2024-09-06T16:13:16","date_gmt":"2024-09-06T13:13:16","guid":{"rendered":"https:\/\/gohike.lv\/produkts\/bolero-persiku-ledus-tejas-dzeriens-3g\/"},"modified":"2026-03-19T17:45:56","modified_gmt":"2026-03-19T14:45:56","slug":"bolero-persiku-ledus-tejas-dzeriens-3g","status":"publish","type":"product","link":"https:\/\/gohike.lv\/ru\/produkts\/bolero-persiku-ledus-tejas-dzeriens-3g\/","title":{"rendered":"Bolero &#8212; Persiku ledus t\u0113jas dz\u0113riens, 3g"},"content":{"rendered":"<p>Sk\u0101bes: citronsk\u0101be, meln\u0101s t\u0113jas ekstrakts (22,5%); inul\u012bna \u0161\u0137iedrvielas; aromatiz\u0113t\u0101ji; saldin\u0101t\u0101ji: acesulf\u0101ms k, sukraloze, st\u0113vijas glikoz\u012bdi; dab\u012bgie aromatiz\u0113t\u0101ji; sk\u0101buma regulators: n\u0101trija citr\u0101ts; pretsalipes viela: kalcija fosf\u0101ts; biezin\u0101t\u0101ji: gu\u0101ra sve\u0137i, ak\u0101cijas sve\u0137i; l-askorb\u012bnsk\u0101be (c vitam\u012bns).<br \/>\nEner\u0123\u0113tisk\u0101 v\u0113rt\u012bba: 5 kj\/1 kcal, tauki: 0 g, &#8212; tostarp pies\u0101tin\u0101tas tauksk\u0101bes: 0 g, og\u013chidr\u0101t: 0 g, &#8212; tostarp cukuri :0 g, olbaltumvielas: 0 g, s\u0101ls: 0 g, c vitam\u012bns: 6 mg*, *7,5% uav (uzturvielu atsauces v\u0113rt\u012bba).<br \/>\nAug\u013cu saldums satiekas ar r\u016bgtu melno t\u0113ju un \u0101tri p\u0101rv\u0113r\u0161 \u016bdeni ledus t\u0113j\u0101 ar persiku gar\u0161u \u2013 bez kalorij\u0101m vai cukura.<br \/>\nBolero ledus t\u0113jas persiku dz\u0113riena pulveris katr\u0101 malk\u0101 att\u012bsta saldu, aug\u013cainu persiku gar\u0161u &#8212; atsvaidzino\u0161u un vasar\u012bgu gar\u0161u pilnu perfektiem ledus t\u0113jas baud\u012bt\u0101jiem.<br \/>\nBez m\u0101ksl\u012bgiem konservantiem;<br \/>\nVeg\u0101nisks un bez glut\u0113na;<br \/>\nAr dab\u012bg\u0101m kr\u0101sviel\u0101m;<br \/>\nMais\u012bjums dz\u0113rienu pagatavo\u0161anai iz\u0161\u0137\u012bdin\u0101\u0161anai \u016bden\u012b, pien\u0101, prote\u012bna koktei\u013cos, desertos u.c., satur saldin\u0101t\u0101jus.<br \/>\nDer\u012bguma termi\u0146\u0161 nor\u0101d\u012bts uz iepakojuma. Uzglab\u0101t saus\u0101 un v\u0113sa viet\u0101.<\/p>\n","protected":false},"excerpt":{"rendered":"<p>Pulveris \u016bdens pagatavo\u0161anai ar savu iecien\u012bt\u0101ko gar\u0161u. Bez pievienota cukura. Izcelsmes valsts: Bulg\u0101rija<\/p>\n","protected":false},"featured_media":60304,"template":"","meta":[],"product_brand":[9444],"product_cat":[896],"product_tag":[],"class_list":{"0":"post-60302","1":"product","2":"type-product","3":"status-publish","4":"has-post-thumbnail","6":"product_brand-bolero","7":"product_cat-turistu-partika-un-dzerieni","8":"pa_produkta-tips-uzkodas-un-dzerieni","9":"pa_udens-daudzums-0-5l-1-5l","11":"first","12":"instock","13":"taxable","14":"shipping-taxable","15":"purchasable","16":"product-type-simple"},"raw_content":{"name":"Bolero - Persiku ledus t\u0113jas dz\u0113riens, 3g","description":"Sk\u0101bes: citronsk\u0101be, meln\u0101s t\u0113jas ekstrakts (22,5%); inul\u012bna \u0161\u0137iedrvielas; aromatiz\u0113t\u0101ji; saldin\u0101t\u0101ji: acesulf\u0101ms k, sukraloze, st\u0113vijas glikoz\u012bdi; dab\u012bgie aromatiz\u0113t\u0101ji; sk\u0101buma regulators: n\u0101trija citr\u0101ts; pretsalipes viela: kalcija fosf\u0101ts; biezin\u0101t\u0101ji: gu\u0101ra sve\u0137i, ak\u0101cijas sve\u0137i; l-askorb\u012bnsk\u0101be (c vitam\u012bns).\r\nEner\u0123\u0113tisk\u0101 v\u0113rt\u012bba: 5 kj\/1 kcal, tauki: 0 g, - tostarp pies\u0101tin\u0101tas tauksk\u0101bes: 0 g, og\u013chidr\u0101t: 0 g, - tostarp cukuri :0 g, olbaltumvielas: 0 g, s\u0101ls: 0 g, c vitam\u012bns: 6 mg*, *7,5% uav (uzturvielu atsauces v\u0113rt\u012bba).\r\nAug\u013cu saldums satiekas ar r\u016bgtu melno t\u0113ju un \u0101tri p\u0101rv\u0113r\u0161 \u016bdeni ledus t\u0113j\u0101 ar persiku gar\u0161u \u2013 bez kalorij\u0101m vai cukura.\r\nBolero ledus t\u0113jas persiku dz\u0113riena pulveris katr\u0101 malk\u0101 att\u012bsta saldu, aug\u013cainu persiku gar\u0161u - atsvaidzino\u0161u un vasar\u012bgu gar\u0161u pilnu perfektiem ledus t\u0113jas baud\u012bt\u0101jiem.\r\nBez m\u0101ksl\u012bgiem konservantiem;\r\nVeg\u0101nisks un bez glut\u0113na;\r\nAr dab\u012bg\u0101m kr\u0101sviel\u0101m;\r\nMais\u012bjums dz\u0113rienu pagatavo\u0161anai iz\u0161\u0137\u012bdin\u0101\u0161anai \u016bden\u012b, pien\u0101, prote\u012bna koktei\u013cos, desertos u.c., satur saldin\u0101t\u0101jus.\r\nDer\u012bguma termi\u0146\u0161 nor\u0101d\u012bts uz iepakojuma. Uzglab\u0101t saus\u0101 un v\u0113sa viet\u0101.","short_description":"Pulveris \u016bdens pagatavo\u0161anai ar savu iecien\u012bt\u0101ko gar\u0161u. Bez pievienota cukura. Izcelsmes valsts: Bulg\u0101rija","status":"publish","sku":"3800048222153","original":60302},"wpml":{"translation_type":1,"has_translations":true,"original":60302,"duplicates":[],"translations":{"lv":60302,"en":67147,"ru":null}},"supplier_id":null,"supplier_sku":"","barcode":null,"atum_controlled":true,"out_stock_date":null,"out_stock_threshold":null,"inheritable":false,"inbound_stock":0,"stock_on_hold":0,"sold_today":0,"sales_last_days":0,"reserved_stock":0,"customer_returns":0,"warehouse_damage":0,"lost_in_post":0,"other_logs":0,"out_stock_days":0,"lost_sales":0,"has_location":false,"update_date":"2026-03-19T14:45:59","atum_locations":[],"atum_stock_status":"instock","restock_status":false,"low_stock_amount":"","sales_update_date":"2025-11-13T14:08:33","calc_backorders":null,"yoast_head":"<!-- This site is optimized with the Yoast SEO plugin v27.3 - https:\/\/yoast.com\/product\/yoast-seo-wordpress\/ -->\n<title>Bolero - Persiku ledus t\u0113jas dz\u0113riens, 3g<\/title>\n<meta name=\"description\" content=\"Pulveris \u016bdens pagatavo\u0161anai ar savu iecien\u012bt\u0101ko gar\u0161u. Bez pievienota cukura.\" \/>\n<meta name=\"robots\" content=\"index, follow, max-snippet:-1, max-image-preview:large, max-video-preview:-1\" \/>\n<link rel=\"canonical\" href=\"https:\/\/gohike.lv\/ru\/produkts\/bolero-persiku-ledus-tejas-dzeriens-3g\/\" \/>\n<meta property=\"og:locale\" content=\"ru_RU\" \/>\n<meta property=\"og:type\" content=\"article\" \/>\n<meta property=\"og:title\" content=\"T\u016bristu p\u0101rtika Uzkodas un dz\u0113rieni Bolero Persiku ledus t\u0113jas dz\u0113riens, 3g\" \/>\n<meta property=\"og:description\" content=\"Pulveris \u016bdens pagatavo\u0161anai ar savu iecien\u012bt\u0101ko gar\u0161u. Bez pievienota cukura.\" \/>\n<meta property=\"og:url\" content=\"https:\/\/gohike.lv\/ru\/produkts\/bolero-persiku-ledus-tejas-dzeriens-3g\/\" \/>\n<meta property=\"og:site_name\" content=\"GoHike\" \/>\n<meta property=\"article:publisher\" content=\"https:\/\/www.facebook.com\/gohike.shop\/\" \/>\n<meta property=\"article:modified_time\" content=\"2026-03-19T14:45:56+00:00\" \/>\n<meta property=\"og:image\" content=\"https:\/\/gohike.lv\/wp-content\/uploads\/2024\/07\/PeachIceTea.webp\" \/>\n\t<meta property=\"og:image:width\" content=\"1000\" \/>\n\t<meta property=\"og:image:height\" content=\"1000\" \/>\n\t<meta property=\"og:image:type\" content=\"image\/webp\" \/>\n<meta name=\"twitter:card\" content=\"summary_large_image\" \/>\n<meta name=\"twitter:title\" content=\"T\u016bristu p\u0101rtika Uzkodas un dz\u0113rieni Bolero Persiku ledus t\u0113jas dz\u0113riens, 3g\" \/>\n<meta name=\"twitter:label1\" content=\"\u041f\u0440\u0438\u043c\u0435\u0440\u043d\u043e\u0435 \u0432\u0440\u0435\u043c\u044f \u0434\u043b\u044f \u0447\u0442\u0435\u043d\u0438\u044f\" \/>\n\t<meta name=\"twitter:data1\" content=\"1 \u043c\u0438\u043d\u0443\u0442\u0430\" \/>\n<script type=\"application\/ld+json\" class=\"yoast-schema-graph\">{\"@context\":\"https:\\\/\\\/schema.org\",\"@graph\":[{\"@type\":[\"WebPage\",\"ItemPage\"],\"@id\":\"https:\\\/\\\/gohike.lv\\\/ru\\\/produkts\\\/bolero-persiku-ledus-tejas-dzeriens-3g\\\/\",\"url\":\"https:\\\/\\\/gohike.lv\\\/ru\\\/produkts\\\/bolero-persiku-ledus-tejas-dzeriens-3g\\\/\",\"name\":\"Bolero - Persiku ledus t\u0113jas dz\u0113riens, 3g\",\"isPartOf\":{\"@id\":\"https:\\\/\\\/gohike.lv\\\/ru\\\/#website\"},\"primaryImageOfPage\":{\"@id\":\"https:\\\/\\\/gohike.lv\\\/ru\\\/produkts\\\/bolero-persiku-ledus-tejas-dzeriens-3g\\\/#primaryimage\"},\"image\":{\"@id\":\"https:\\\/\\\/gohike.lv\\\/ru\\\/produkts\\\/bolero-persiku-ledus-tejas-dzeriens-3g\\\/#primaryimage\"},\"thumbnailUrl\":\"https:\\\/\\\/gohike.lv\\\/wp-content\\\/uploads\\\/2024\\\/07\\\/PeachIceTea.webp\",\"datePublished\":\"2024-09-06T13:13:16+00:00\",\"dateModified\":\"2026-03-19T14:45:56+00:00\",\"description\":\"Pulveris \u016bdens pagatavo\u0161anai ar savu iecien\u012bt\u0101ko gar\u0161u. Bez pievienota cukura.\",\"breadcrumb\":{\"@id\":\"https:\\\/\\\/gohike.lv\\\/ru\\\/produkts\\\/bolero-persiku-ledus-tejas-dzeriens-3g\\\/#breadcrumb\"},\"inLanguage\":\"ru-RU\",\"potentialAction\":[{\"@type\":\"ReadAction\",\"target\":[\"https:\\\/\\\/gohike.lv\\\/ru\\\/produkts\\\/bolero-persiku-ledus-tejas-dzeriens-3g\\\/\"]}]},{\"@type\":\"ImageObject\",\"inLanguage\":\"ru-RU\",\"@id\":\"https:\\\/\\\/gohike.lv\\\/ru\\\/produkts\\\/bolero-persiku-ledus-tejas-dzeriens-3g\\\/#primaryimage\",\"url\":\"https:\\\/\\\/gohike.lv\\\/wp-content\\\/uploads\\\/2024\\\/07\\\/PeachIceTea.webp\",\"contentUrl\":\"https:\\\/\\\/gohike.lv\\\/wp-content\\\/uploads\\\/2024\\\/07\\\/PeachIceTea.webp\",\"width\":1000,\"height\":1000},{\"@type\":\"BreadcrumbList\",\"@id\":\"https:\\\/\\\/gohike.lv\\\/ru\\\/produkts\\\/bolero-persiku-ledus-tejas-dzeriens-3g\\\/#breadcrumb\",\"itemListElement\":[{\"@type\":\"ListItem\",\"position\":1,\"name\":\"\u0413\u043b\u0430\u0432\u043d\u0430\u044f\",\"item\":\"https:\\\/\\\/gohike.lv\\\/ru\\\/\"},{\"@type\":\"ListItem\",\"position\":2,\"name\":\"\u041a\u0430\u0442\u0435\u0433\u043e\u0440\u0438\u0438 \u0442\u043e\u0432\u0430\u0440\u043e\u0432\",\"item\":\"https:\\\/\\\/gohike.lv\\\/%d0%ba%d0%b0%d1%82%d0%b5%d0%b3%d0%be%d1%80%d0%b8%d0%b8-%d1%82%d0%be%d0%b2%d0%b0%d1%80%d0%be%d0%b2\\\/\"},{\"@type\":\"ListItem\",\"position\":3,\"name\":\"Bolero &#8211; Persiku ledus t\u0113jas dz\u0113riens, 3g\"}]},{\"@type\":\"WebSite\",\"@id\":\"https:\\\/\\\/gohike.lv\\\/ru\\\/#website\",\"url\":\"https:\\\/\\\/gohike.lv\\\/ru\\\/\",\"name\":\"GoHike\",\"description\":\"\",\"publisher\":{\"@id\":\"https:\\\/\\\/gohike.lv\\\/ru\\\/#organization\"},\"potentialAction\":[{\"@type\":\"SearchAction\",\"target\":{\"@type\":\"EntryPoint\",\"urlTemplate\":\"https:\\\/\\\/gohike.lv\\\/ru\\\/?s={search_term_string}\"},\"query-input\":{\"@type\":\"PropertyValueSpecification\",\"valueRequired\":true,\"valueName\":\"search_term_string\"}}],\"inLanguage\":\"ru-RU\"},{\"@type\":\"Organization\",\"@id\":\"https:\\\/\\\/gohike.lv\\\/ru\\\/#organization\",\"name\":\"GoHike\",\"url\":\"https:\\\/\\\/gohike.lv\\\/ru\\\/\",\"logo\":{\"@type\":\"ImageObject\",\"inLanguage\":\"ru-RU\",\"@id\":\"https:\\\/\\\/gohike.lv\\\/ru\\\/#\\\/schema\\\/logo\\\/image\\\/\",\"url\":\"https:\\\/\\\/gohike.lv\\\/wp-content\\\/uploads\\\/2023\\\/08\\\/Logo_GoHike.webp\",\"contentUrl\":\"https:\\\/\\\/gohike.lv\\\/wp-content\\\/uploads\\\/2023\\\/08\\\/Logo_GoHike.webp\",\"width\":512,\"height\":512,\"caption\":\"GoHike\"},\"image\":{\"@id\":\"https:\\\/\\\/gohike.lv\\\/ru\\\/#\\\/schema\\\/logo\\\/image\\\/\"},\"sameAs\":[\"https:\\\/\\\/www.facebook.com\\\/gohike.shop\\\/\",\"https:\\\/\\\/www.instagram.com\\\/gohike.shop\\\/\"]}]}<\/script>\n<!-- \/ Yoast SEO plugin. -->","yoast_head_json":{"title":"Bolero - Persiku ledus t\u0113jas dz\u0113riens, 3g","description":"Pulveris \u016bdens pagatavo\u0161anai ar savu iecien\u012bt\u0101ko gar\u0161u. Bez pievienota cukura.","robots":{"index":"index","follow":"follow","max-snippet":"max-snippet:-1","max-image-preview":"max-image-preview:large","max-video-preview":"max-video-preview:-1"},"canonical":"https:\/\/gohike.lv\/ru\/produkts\/bolero-persiku-ledus-tejas-dzeriens-3g\/","og_locale":"ru_RU","og_type":"article","og_title":"T\u016bristu p\u0101rtika Uzkodas un dz\u0113rieni Bolero Persiku ledus t\u0113jas dz\u0113riens, 3g","og_description":"Pulveris \u016bdens pagatavo\u0161anai ar savu iecien\u012bt\u0101ko gar\u0161u. Bez pievienota cukura.","og_url":"https:\/\/gohike.lv\/ru\/produkts\/bolero-persiku-ledus-tejas-dzeriens-3g\/","og_site_name":"GoHike","article_publisher":"https:\/\/www.facebook.com\/gohike.shop\/","article_modified_time":"2026-03-19T14:45:56+00:00","og_image":[{"width":1000,"height":1000,"url":"https:\/\/gohike.lv\/wp-content\/uploads\/2024\/07\/PeachIceTea.webp","type":"image\/webp"}],"twitter_card":"summary_large_image","twitter_title":"T\u016bristu p\u0101rtika Uzkodas un dz\u0113rieni Bolero Persiku ledus t\u0113jas dz\u0113riens, 3g","twitter_misc":{"\u041f\u0440\u0438\u043c\u0435\u0440\u043d\u043e\u0435 \u0432\u0440\u0435\u043c\u044f \u0434\u043b\u044f \u0447\u0442\u0435\u043d\u0438\u044f":"1 \u043c\u0438\u043d\u0443\u0442\u0430"},"schema":{"@context":"https:\/\/schema.org","@graph":[{"@type":["WebPage","ItemPage"],"@id":"https:\/\/gohike.lv\/ru\/produkts\/bolero-persiku-ledus-tejas-dzeriens-3g\/","url":"https:\/\/gohike.lv\/ru\/produkts\/bolero-persiku-ledus-tejas-dzeriens-3g\/","name":"Bolero - Persiku ledus t\u0113jas dz\u0113riens, 3g","isPartOf":{"@id":"https:\/\/gohike.lv\/ru\/#website"},"primaryImageOfPage":{"@id":"https:\/\/gohike.lv\/ru\/produkts\/bolero-persiku-ledus-tejas-dzeriens-3g\/#primaryimage"},"image":{"@id":"https:\/\/gohike.lv\/ru\/produkts\/bolero-persiku-ledus-tejas-dzeriens-3g\/#primaryimage"},"thumbnailUrl":"https:\/\/gohike.lv\/wp-content\/uploads\/2024\/07\/PeachIceTea.webp","datePublished":"2024-09-06T13:13:16+00:00","dateModified":"2026-03-19T14:45:56+00:00","description":"Pulveris \u016bdens pagatavo\u0161anai ar savu iecien\u012bt\u0101ko gar\u0161u. Bez pievienota cukura.","breadcrumb":{"@id":"https:\/\/gohike.lv\/ru\/produkts\/bolero-persiku-ledus-tejas-dzeriens-3g\/#breadcrumb"},"inLanguage":"ru-RU","potentialAction":[{"@type":"ReadAction","target":["https:\/\/gohike.lv\/ru\/produkts\/bolero-persiku-ledus-tejas-dzeriens-3g\/"]}]},{"@type":"ImageObject","inLanguage":"ru-RU","@id":"https:\/\/gohike.lv\/ru\/produkts\/bolero-persiku-ledus-tejas-dzeriens-3g\/#primaryimage","url":"https:\/\/gohike.lv\/wp-content\/uploads\/2024\/07\/PeachIceTea.webp","contentUrl":"https:\/\/gohike.lv\/wp-content\/uploads\/2024\/07\/PeachIceTea.webp","width":1000,"height":1000},{"@type":"BreadcrumbList","@id":"https:\/\/gohike.lv\/ru\/produkts\/bolero-persiku-ledus-tejas-dzeriens-3g\/#breadcrumb","itemListElement":[{"@type":"ListItem","position":1,"name":"\u0413\u043b\u0430\u0432\u043d\u0430\u044f","item":"https:\/\/gohike.lv\/ru\/"},{"@type":"ListItem","position":2,"name":"\u041a\u0430\u0442\u0435\u0433\u043e\u0440\u0438\u0438 \u0442\u043e\u0432\u0430\u0440\u043e\u0432","item":"https:\/\/gohike.lv\/%d0%ba%d0%b0%d1%82%d0%b5%d0%b3%d0%be%d1%80%d0%b8%d0%b8-%d1%82%d0%be%d0%b2%d0%b0%d1%80%d0%be%d0%b2\/"},{"@type":"ListItem","position":3,"name":"Bolero &#8211; Persiku ledus t\u0113jas dz\u0113riens, 3g"}]},{"@type":"WebSite","@id":"https:\/\/gohike.lv\/ru\/#website","url":"https:\/\/gohike.lv\/ru\/","name":"GoHike","description":"","publisher":{"@id":"https:\/\/gohike.lv\/ru\/#organization"},"potentialAction":[{"@type":"SearchAction","target":{"@type":"EntryPoint","urlTemplate":"https:\/\/gohike.lv\/ru\/?s={search_term_string}"},"query-input":{"@type":"PropertyValueSpecification","valueRequired":true,"valueName":"search_term_string"}}],"inLanguage":"ru-RU"},{"@type":"Organization","@id":"https:\/\/gohike.lv\/ru\/#organization","name":"GoHike","url":"https:\/\/gohike.lv\/ru\/","logo":{"@type":"ImageObject","inLanguage":"ru-RU","@id":"https:\/\/gohike.lv\/ru\/#\/schema\/logo\/image\/","url":"https:\/\/gohike.lv\/wp-content\/uploads\/2023\/08\/Logo_GoHike.webp","contentUrl":"https:\/\/gohike.lv\/wp-content\/uploads\/2023\/08\/Logo_GoHike.webp","width":512,"height":512,"caption":"GoHike"},"image":{"@id":"https:\/\/gohike.lv\/ru\/#\/schema\/logo\/image\/"},"sameAs":["https:\/\/www.facebook.com\/gohike.shop\/","https:\/\/www.instagram.com\/gohike.shop\/"]}]}},"jetpack_sharing_enabled":true,"_links":{"self":[{"href":"https:\/\/gohike.lv\/ru\/wp-json\/wp\/v2\/product\/60302","targetHints":{"allow":["GET"]}}],"collection":[{"href":"https:\/\/gohike.lv\/ru\/wp-json\/wp\/v2\/product"}],"about":[{"href":"https:\/\/gohike.lv\/ru\/wp-json\/wp\/v2\/types\/product"}],"version-history":[{"count":1,"href":"https:\/\/gohike.lv\/ru\/wp-json\/wp\/v2\/product\/60302\/revisions"}],"predecessor-version":[{"id":119519,"href":"https:\/\/gohike.lv\/ru\/wp-json\/wp\/v2\/product\/60302\/revisions\/119519"}],"wp:featuredmedia":[{"embeddable":true,"href":"https:\/\/gohike.lv\/ru\/wp-json\/wp\/v2\/media\/60304"}],"wp:attachment":[{"href":"https:\/\/gohike.lv\/ru\/wp-json\/wp\/v2\/media?parent=60302"}],"wp:term":[{"taxonomy":"product_brand","embeddable":true,"href":"https:\/\/gohike.lv\/ru\/wp-json\/wp\/v2\/product_brand?post=60302"},{"taxonomy":"product_cat","embeddable":true,"href":"https:\/\/gohike.lv\/ru\/wp-json\/wp\/v2\/product_cat?post=60302"},{"taxonomy":"product_tag","embeddable":true,"href":"https:\/\/gohike.lv\/ru\/wp-json\/wp\/v2\/product_tag?post=60302"}],"curies":[{"name":"wp","href":"https:\/\/api.w.org\/{rel}","templated":true}]}}