{"id":58625,"date":"2024-06-27T16:49:06","date_gmt":"2024-06-27T13:49:06","guid":{"rendered":"https:\/\/gohike.lv\/produkts\/lorpen-tcte-trekking-mid-thermic-eco-zekes-2\/"},"modified":"2026-01-31T20:10:44","modified_gmt":"2026-01-31T17:10:44","slug":"lorpen-merino-hiker-2gb","status":"publish","type":"product","link":"https:\/\/gohike.lv\/ru\/produkts\/lorpen-merino-hiker-2gb\/","title":{"rendered":"Lorpen &#8212; Merino Hiker Eco ze\u0137es (2 gb.)"},"content":{"rendered":"<p>T2 tehnolo\u0123ija \u2013 divu veidu \u0161\u0137iedru kombin\u0101cija vien\u0101 dzij\u0101, ko izmanto atkar\u012bb\u0101 no ze\u0137u m\u0113r\u0137a.<br \/>\nRecover Wool dzija ir izgatavota no otrreiz\u0113ji p\u0101rstr\u0101d\u0101tas postindustri\u0101l\u0101s vilnas un p\u0101rstr\u0101d\u0101ta poliestera. \u0160o divu pavedienu kombin\u0101cija nodro\u0161ina lielisku l\u012bdzsvaru starp termoregul\u0101ciju un sviedru p\u0101rvald\u012bbu.<br \/>\nRed-Cycled Nylon ir izgatavots no 100% izmantotiem zvejas t\u012bkliem, kas t\u0101 viet\u0101, lai k\u013c\u016btu par b\u012bstam\u012bbu un atkritumiem oke\u0101n\u0101, k\u013c\u016bst par jauniem produktiem. \u0160\u0137iedrai ir augsta nodilumiztur\u012bba.<br \/>\nLycra\u00ae ir elast\u012bga sint\u0113tisk\u0101 \u0161\u0137iedra, kas var izstiepties l\u012bdz pat 6 reiz\u0113m un atkal atgriezties s\u0101kotn\u0113j\u0101 form\u0101. \u0160\u012b materi\u0101la strat\u0113\u0123iskais izvietojums Lorpen ze\u0137\u0113s nodro\u0161ina to ilgu kalpo\u0161anas laiku un saglab\u0101 savu izskatu.<br \/>\nViegls polster\u0113jums p\u0113du zon\u0101 nodro\u0161ina atbalstu un komfortu.<br \/>\nPlakan\u0101 \u0161uve uz pirksta nerada berzi un neizraisa kairin\u0101jumu.<br \/>\nAugstums: vid\u0113js, l\u012bdz ikru vidum.<br \/>\nBiezums: 3\/4.<br \/>\nSezona: rudens, ziema, pavasaris.<\/p>\n","protected":false},"excerpt":{"rendered":"<p>Lorpen T2 Merino Hiker Eco ze\u0137es ir \u0113rtas un funkcion\u0101las, iepakojum\u0101 divi p\u0101ri. Paredz\u0113tas rudenim, ziemai un agram pavasarim, kad nepiecie\u0161ama siltuma un mitruma p\u0101rvald\u012bba. Trikot\u0101\u017eas izstr\u0101d\u0101jumi ar vieglu amortiz\u0101ciju p\u0113das zon\u0101 cie\u0161i piegu\u013c p\u0113dai vis\u0101 ze\u0137es garum\u0101 un saglab\u0101 siltumu. Turkl\u0101t T2 Merino Hiker Eco nov\u0113r\u0161 iesp\u0113jamu kairin\u0101jumu no apavu iek\u0161zoles vai oderes. Ze\u0137es ir izgatavotas no tehnolo\u0123iskiem materi\u0101liem: 69% RecoverWool, 17% Red-cycled neilons, 14% neilons ar Lycra\u00ae.<\/p>\n","protected":false},"featured_media":58627,"template":"","meta":[],"product_brand":[9326],"product_cat":[1419],"product_tag":[],"class_list":{"0":"post-58625","1":"product","2":"type-product","3":"status-publish","4":"has-post-thumbnail","6":"product_brand-lorpen","7":"product_cat-apgerbs","8":"pa_amortizacija-peda","9":"pa_augstums-videjs","10":"pa_biezums-plans-2-no-4","11":"pa_izmers-l43-46","12":"pa_izmers-m39-42","13":"pa_izmers-s35-38","14":"pa_izmers-xl45-47","15":"pa_materiali-14-neilons-ar-lycra","16":"pa_materiali-17-red-cycled-neilons","17":"pa_materiali-69-recoverwool","18":"pa_pastiprinajums-peda","19":"pa_produkta-tips-zekes","20":"pa_sezona-pavasaris","21":"pa_sezona-rudens","22":"pa_sezona-ziema","23":"pa_spalva-melns","24":"pa_spalva-peleks","25":"pa_spalva-zils","27":"first","28":"instock","29":"taxable","30":"shipping-taxable","31":"purchasable","32":"product-type-variable"},"raw_content":{"name":"Lorpen - Merino Hiker Eco ze\u0137es (2 gb.)","description":"T2 tehnolo\u0123ija \u2013 divu veidu \u0161\u0137iedru kombin\u0101cija vien\u0101 dzij\u0101, ko izmanto atkar\u012bb\u0101 no ze\u0137u m\u0113r\u0137a.\nRecover Wool dzija ir izgatavota no otrreiz\u0113ji p\u0101rstr\u0101d\u0101tas postindustri\u0101l\u0101s vilnas un p\u0101rstr\u0101d\u0101ta poliestera. \u0160o divu pavedienu kombin\u0101cija nodro\u0161ina lielisku l\u012bdzsvaru starp termoregul\u0101ciju un sviedru p\u0101rvald\u012bbu.\nRed-Cycled Nylon ir izgatavots no 100% izmantotiem zvejas t\u012bkliem, kas t\u0101 viet\u0101, lai k\u013c\u016btu par b\u012bstam\u012bbu un atkritumiem oke\u0101n\u0101, k\u013c\u016bst par jauniem produktiem. \u0160\u0137iedrai ir augsta nodilumiztur\u012bba.\nLycra\u00ae ir elast\u012bga sint\u0113tisk\u0101 \u0161\u0137iedra, kas var izstiepties l\u012bdz pat 6 reiz\u0113m un atkal atgriezties s\u0101kotn\u0113j\u0101 form\u0101. \u0160\u012b materi\u0101la strat\u0113\u0123iskais izvietojums Lorpen ze\u0137\u0113s nodro\u0161ina to ilgu kalpo\u0161anas laiku un saglab\u0101 savu izskatu.\nViegls polster\u0113jums p\u0113du zon\u0101 nodro\u0161ina atbalstu un komfortu.\nPlakan\u0101 \u0161uve uz pirksta nerada berzi un neizraisa kairin\u0101jumu.\nAugstums: vid\u0113js, l\u012bdz ikru vidum.\nBiezums: 3\/4.\nSezona: rudens, ziema, pavasaris.","short_description":"Lorpen T2 Merino Hiker Eco ze\u0137es ir \u0113rtas un funkcion\u0101las, iepakojum\u0101 divi p\u0101ri. Paredz\u0113tas rudenim, ziemai un agram pavasarim, kad nepiecie\u0161ama siltuma un mitruma p\u0101rvald\u012bba. Trikot\u0101\u017eas izstr\u0101d\u0101jumi ar vieglu amortiz\u0101ciju p\u0113das zon\u0101 cie\u0161i piegu\u013c p\u0113dai vis\u0101 ze\u0137es garum\u0101 un saglab\u0101 siltumu. Turkl\u0101t T2 Merino Hiker Eco nov\u0113r\u0161 iesp\u0113jamu kairin\u0101jumu no apavu iek\u0161zoles vai oderes. Ze\u0137es ir izgatavotas no tehnolo\u0123iskiem materi\u0101liem: 69% RecoverWool, 17% Red-cycled neilons, 14% neilons ar Lycra\u00ae.","status":"publish","sku":"Lorp0017","original":58625},"wpml":{"translation_type":1,"has_translations":true,"original":58625,"duplicates":[],"translations":{"lv":58625,"en":67263,"ru":null}},"supplier_id":null,"supplier_sku":"","barcode":null,"atum_controlled":true,"out_stock_date":null,"out_stock_threshold":null,"inheritable":true,"inbound_stock":0,"stock_on_hold":0,"sold_today":0,"sales_last_days":1,"reserved_stock":0,"customer_returns":0,"warehouse_damage":0,"lost_in_post":0,"other_logs":0,"out_stock_days":0,"lost_sales":0,"has_location":false,"update_date":"2026-02-02T08:20:17","atum_locations":[],"atum_stock_status":"instock","restock_status":false,"low_stock_amount":"","sales_update_date":"2025-11-13T14:07:23","calc_backorders":null,"yoast_head":"<!-- This site is optimized with the Yoast SEO plugin v27.3 - https:\/\/yoast.com\/product\/yoast-seo-wordpress\/ -->\n<title>Lorpen - Merino Hiker Eco ze\u0137es (2 gb.)<\/title>\n<meta name=\"description\" content=\"Lorpen T2 Merino Hiker Eco ze\u0137es ir \u0113rtas un funkcion\u0101las, iepakojum\u0101 divi p\u0101ri. Paredz\u0113tas rudenim, ziemai un agram pavasarim.\" \/>\n<meta name=\"robots\" content=\"index, follow, max-snippet:-1, max-image-preview:large, max-video-preview:-1\" \/>\n<link rel=\"canonical\" href=\"https:\/\/gohike.lv\/ru\/produkts\/lorpen-merino-hiker-2gb\/\" \/>\n<meta property=\"og:locale\" content=\"ru_RU\" \/>\n<meta property=\"og:type\" content=\"article\" \/>\n<meta property=\"og:title\" content=\"P\u0101rg\u0101jienu ze\u0137es\" \/>\n<meta property=\"og:description\" content=\"Lorpen T2 Merino Hiker Eco ze\u0137es ir \u0113rtas un funkcion\u0101las, iepakojum\u0101 divi p\u0101ri. Paredz\u0113tas rudenim, ziemai un agram pavasarim.\" \/>\n<meta property=\"og:url\" content=\"https:\/\/gohike.lv\/ru\/produkts\/lorpen-merino-hiker-2gb\/\" \/>\n<meta property=\"og:site_name\" content=\"GoHike\" \/>\n<meta property=\"article:publisher\" content=\"https:\/\/www.facebook.com\/gohike.shop\/\" \/>\n<meta property=\"article:modified_time\" content=\"2026-01-31T17:10:44+00:00\" \/>\n<meta property=\"og:image\" content=\"https:\/\/gohike.lv\/wp-content\/uploads\/2024\/06\/2packGrey.jpg\" \/>\n\t<meta property=\"og:image:width\" content=\"1024\" \/>\n\t<meta property=\"og:image:height\" content=\"1024\" \/>\n\t<meta property=\"og:image:type\" content=\"image\/jpeg\" \/>\n<meta name=\"twitter:card\" content=\"summary_large_image\" \/>\n<meta name=\"twitter:title\" content=\"P\u0101rg\u0101jienu ze\u0137es\" \/>\n<meta name=\"twitter:label1\" content=\"\u041f\u0440\u0438\u043c\u0435\u0440\u043d\u043e\u0435 \u0432\u0440\u0435\u043c\u044f \u0434\u043b\u044f \u0447\u0442\u0435\u043d\u0438\u044f\" \/>\n\t<meta name=\"twitter:data1\" content=\"1 \u043c\u0438\u043d\u0443\u0442\u0430\" \/>\n<script type=\"application\/ld+json\" class=\"yoast-schema-graph\">{\"@context\":\"https:\\\/\\\/schema.org\",\"@graph\":[{\"@type\":[\"WebPage\",\"ItemPage\"],\"@id\":\"https:\\\/\\\/gohike.lv\\\/ru\\\/produkts\\\/lorpen-merino-hiker-2gb\\\/\",\"url\":\"https:\\\/\\\/gohike.lv\\\/ru\\\/produkts\\\/lorpen-merino-hiker-2gb\\\/\",\"name\":\"Lorpen - Merino Hiker Eco ze\u0137es (2 gb.)\",\"isPartOf\":{\"@id\":\"https:\\\/\\\/gohike.lv\\\/ru\\\/#website\"},\"primaryImageOfPage\":{\"@id\":\"https:\\\/\\\/gohike.lv\\\/ru\\\/produkts\\\/lorpen-merino-hiker-2gb\\\/#primaryimage\"},\"image\":{\"@id\":\"https:\\\/\\\/gohike.lv\\\/ru\\\/produkts\\\/lorpen-merino-hiker-2gb\\\/#primaryimage\"},\"thumbnailUrl\":\"https:\\\/\\\/gohike.lv\\\/wp-content\\\/uploads\\\/2024\\\/06\\\/2packGrey.jpg\",\"datePublished\":\"2024-06-27T13:49:06+00:00\",\"dateModified\":\"2026-01-31T17:10:44+00:00\",\"description\":\"Lorpen T2 Merino Hiker Eco ze\u0137es ir \u0113rtas un funkcion\u0101las, iepakojum\u0101 divi p\u0101ri. Paredz\u0113tas rudenim, ziemai un agram pavasarim.\",\"breadcrumb\":{\"@id\":\"https:\\\/\\\/gohike.lv\\\/ru\\\/produkts\\\/lorpen-merino-hiker-2gb\\\/#breadcrumb\"},\"inLanguage\":\"ru-RU\",\"potentialAction\":[{\"@type\":\"ReadAction\",\"target\":[\"https:\\\/\\\/gohike.lv\\\/ru\\\/produkts\\\/lorpen-merino-hiker-2gb\\\/\"]}]},{\"@type\":\"ImageObject\",\"inLanguage\":\"ru-RU\",\"@id\":\"https:\\\/\\\/gohike.lv\\\/ru\\\/produkts\\\/lorpen-merino-hiker-2gb\\\/#primaryimage\",\"url\":\"https:\\\/\\\/gohike.lv\\\/wp-content\\\/uploads\\\/2024\\\/06\\\/2packGrey.jpg\",\"contentUrl\":\"https:\\\/\\\/gohike.lv\\\/wp-content\\\/uploads\\\/2024\\\/06\\\/2packGrey.jpg\",\"width\":1024,\"height\":1024},{\"@type\":\"BreadcrumbList\",\"@id\":\"https:\\\/\\\/gohike.lv\\\/ru\\\/produkts\\\/lorpen-merino-hiker-2gb\\\/#breadcrumb\",\"itemListElement\":[{\"@type\":\"ListItem\",\"position\":1,\"name\":\"\u0413\u043b\u0430\u0432\u043d\u0430\u044f\",\"item\":\"https:\\\/\\\/gohike.lv\\\/ru\\\/\"},{\"@type\":\"ListItem\",\"position\":2,\"name\":\"\u041a\u0430\u0442\u0435\u0433\u043e\u0440\u0438\u0438 \u0442\u043e\u0432\u0430\u0440\u043e\u0432\",\"item\":\"https:\\\/\\\/gohike.lv\\\/%d0%ba%d0%b0%d1%82%d0%b5%d0%b3%d0%be%d1%80%d0%b8%d0%b8-%d1%82%d0%be%d0%b2%d0%b0%d1%80%d0%be%d0%b2\\\/\"},{\"@type\":\"ListItem\",\"position\":3,\"name\":\"Lorpen &#8211; Merino Hiker Eco ze\u0137es (2 gb.)\"}]},{\"@type\":\"WebSite\",\"@id\":\"https:\\\/\\\/gohike.lv\\\/ru\\\/#website\",\"url\":\"https:\\\/\\\/gohike.lv\\\/ru\\\/\",\"name\":\"GoHike\",\"description\":\"\",\"publisher\":{\"@id\":\"https:\\\/\\\/gohike.lv\\\/ru\\\/#organization\"},\"potentialAction\":[{\"@type\":\"SearchAction\",\"target\":{\"@type\":\"EntryPoint\",\"urlTemplate\":\"https:\\\/\\\/gohike.lv\\\/ru\\\/?s={search_term_string}\"},\"query-input\":{\"@type\":\"PropertyValueSpecification\",\"valueRequired\":true,\"valueName\":\"search_term_string\"}}],\"inLanguage\":\"ru-RU\"},{\"@type\":\"Organization\",\"@id\":\"https:\\\/\\\/gohike.lv\\\/ru\\\/#organization\",\"name\":\"GoHike\",\"url\":\"https:\\\/\\\/gohike.lv\\\/ru\\\/\",\"logo\":{\"@type\":\"ImageObject\",\"inLanguage\":\"ru-RU\",\"@id\":\"https:\\\/\\\/gohike.lv\\\/ru\\\/#\\\/schema\\\/logo\\\/image\\\/\",\"url\":\"https:\\\/\\\/gohike.lv\\\/wp-content\\\/uploads\\\/2023\\\/08\\\/Logo_GoHike.webp\",\"contentUrl\":\"https:\\\/\\\/gohike.lv\\\/wp-content\\\/uploads\\\/2023\\\/08\\\/Logo_GoHike.webp\",\"width\":512,\"height\":512,\"caption\":\"GoHike\"},\"image\":{\"@id\":\"https:\\\/\\\/gohike.lv\\\/ru\\\/#\\\/schema\\\/logo\\\/image\\\/\"},\"sameAs\":[\"https:\\\/\\\/www.facebook.com\\\/gohike.shop\\\/\",\"https:\\\/\\\/www.instagram.com\\\/gohike.shop\\\/\"]}]}<\/script>\n<!-- \/ Yoast SEO plugin. -->","yoast_head_json":{"title":"Lorpen - Merino Hiker Eco ze\u0137es (2 gb.)","description":"Lorpen T2 Merino Hiker Eco ze\u0137es ir \u0113rtas un funkcion\u0101las, iepakojum\u0101 divi p\u0101ri. Paredz\u0113tas rudenim, ziemai un agram pavasarim.","robots":{"index":"index","follow":"follow","max-snippet":"max-snippet:-1","max-image-preview":"max-image-preview:large","max-video-preview":"max-video-preview:-1"},"canonical":"https:\/\/gohike.lv\/ru\/produkts\/lorpen-merino-hiker-2gb\/","og_locale":"ru_RU","og_type":"article","og_title":"P\u0101rg\u0101jienu ze\u0137es","og_description":"Lorpen T2 Merino Hiker Eco ze\u0137es ir \u0113rtas un funkcion\u0101las, iepakojum\u0101 divi p\u0101ri. Paredz\u0113tas rudenim, ziemai un agram pavasarim.","og_url":"https:\/\/gohike.lv\/ru\/produkts\/lorpen-merino-hiker-2gb\/","og_site_name":"GoHike","article_publisher":"https:\/\/www.facebook.com\/gohike.shop\/","article_modified_time":"2026-01-31T17:10:44+00:00","og_image":[{"width":1024,"height":1024,"url":"https:\/\/gohike.lv\/wp-content\/uploads\/2024\/06\/2packGrey.jpg","type":"image\/jpeg"}],"twitter_card":"summary_large_image","twitter_title":"P\u0101rg\u0101jienu ze\u0137es","twitter_misc":{"\u041f\u0440\u0438\u043c\u0435\u0440\u043d\u043e\u0435 \u0432\u0440\u0435\u043c\u044f \u0434\u043b\u044f \u0447\u0442\u0435\u043d\u0438\u044f":"1 \u043c\u0438\u043d\u0443\u0442\u0430"},"schema":{"@context":"https:\/\/schema.org","@graph":[{"@type":["WebPage","ItemPage"],"@id":"https:\/\/gohike.lv\/ru\/produkts\/lorpen-merino-hiker-2gb\/","url":"https:\/\/gohike.lv\/ru\/produkts\/lorpen-merino-hiker-2gb\/","name":"Lorpen - Merino Hiker Eco ze\u0137es (2 gb.)","isPartOf":{"@id":"https:\/\/gohike.lv\/ru\/#website"},"primaryImageOfPage":{"@id":"https:\/\/gohike.lv\/ru\/produkts\/lorpen-merino-hiker-2gb\/#primaryimage"},"image":{"@id":"https:\/\/gohike.lv\/ru\/produkts\/lorpen-merino-hiker-2gb\/#primaryimage"},"thumbnailUrl":"https:\/\/gohike.lv\/wp-content\/uploads\/2024\/06\/2packGrey.jpg","datePublished":"2024-06-27T13:49:06+00:00","dateModified":"2026-01-31T17:10:44+00:00","description":"Lorpen T2 Merino Hiker Eco ze\u0137es ir \u0113rtas un funkcion\u0101las, iepakojum\u0101 divi p\u0101ri. Paredz\u0113tas rudenim, ziemai un agram pavasarim.","breadcrumb":{"@id":"https:\/\/gohike.lv\/ru\/produkts\/lorpen-merino-hiker-2gb\/#breadcrumb"},"inLanguage":"ru-RU","potentialAction":[{"@type":"ReadAction","target":["https:\/\/gohike.lv\/ru\/produkts\/lorpen-merino-hiker-2gb\/"]}]},{"@type":"ImageObject","inLanguage":"ru-RU","@id":"https:\/\/gohike.lv\/ru\/produkts\/lorpen-merino-hiker-2gb\/#primaryimage","url":"https:\/\/gohike.lv\/wp-content\/uploads\/2024\/06\/2packGrey.jpg","contentUrl":"https:\/\/gohike.lv\/wp-content\/uploads\/2024\/06\/2packGrey.jpg","width":1024,"height":1024},{"@type":"BreadcrumbList","@id":"https:\/\/gohike.lv\/ru\/produkts\/lorpen-merino-hiker-2gb\/#breadcrumb","itemListElement":[{"@type":"ListItem","position":1,"name":"\u0413\u043b\u0430\u0432\u043d\u0430\u044f","item":"https:\/\/gohike.lv\/ru\/"},{"@type":"ListItem","position":2,"name":"\u041a\u0430\u0442\u0435\u0433\u043e\u0440\u0438\u0438 \u0442\u043e\u0432\u0430\u0440\u043e\u0432","item":"https:\/\/gohike.lv\/%d0%ba%d0%b0%d1%82%d0%b5%d0%b3%d0%be%d1%80%d0%b8%d0%b8-%d1%82%d0%be%d0%b2%d0%b0%d1%80%d0%be%d0%b2\/"},{"@type":"ListItem","position":3,"name":"Lorpen &#8211; Merino Hiker Eco ze\u0137es (2 gb.)"}]},{"@type":"WebSite","@id":"https:\/\/gohike.lv\/ru\/#website","url":"https:\/\/gohike.lv\/ru\/","name":"GoHike","description":"","publisher":{"@id":"https:\/\/gohike.lv\/ru\/#organization"},"potentialAction":[{"@type":"SearchAction","target":{"@type":"EntryPoint","urlTemplate":"https:\/\/gohike.lv\/ru\/?s={search_term_string}"},"query-input":{"@type":"PropertyValueSpecification","valueRequired":true,"valueName":"search_term_string"}}],"inLanguage":"ru-RU"},{"@type":"Organization","@id":"https:\/\/gohike.lv\/ru\/#organization","name":"GoHike","url":"https:\/\/gohike.lv\/ru\/","logo":{"@type":"ImageObject","inLanguage":"ru-RU","@id":"https:\/\/gohike.lv\/ru\/#\/schema\/logo\/image\/","url":"https:\/\/gohike.lv\/wp-content\/uploads\/2023\/08\/Logo_GoHike.webp","contentUrl":"https:\/\/gohike.lv\/wp-content\/uploads\/2023\/08\/Logo_GoHike.webp","width":512,"height":512,"caption":"GoHike"},"image":{"@id":"https:\/\/gohike.lv\/ru\/#\/schema\/logo\/image\/"},"sameAs":["https:\/\/www.facebook.com\/gohike.shop\/","https:\/\/www.instagram.com\/gohike.shop\/"]}]}},"jetpack_sharing_enabled":true,"_links":{"self":[{"href":"https:\/\/gohike.lv\/ru\/wp-json\/wp\/v2\/product\/58625","targetHints":{"allow":["GET"]}}],"collection":[{"href":"https:\/\/gohike.lv\/ru\/wp-json\/wp\/v2\/product"}],"about":[{"href":"https:\/\/gohike.lv\/ru\/wp-json\/wp\/v2\/types\/product"}],"version-history":[{"count":0,"href":"https:\/\/gohike.lv\/ru\/wp-json\/wp\/v2\/product\/58625\/revisions"}],"wp:featuredmedia":[{"embeddable":true,"href":"https:\/\/gohike.lv\/ru\/wp-json\/wp\/v2\/media\/58627"}],"wp:attachment":[{"href":"https:\/\/gohike.lv\/ru\/wp-json\/wp\/v2\/media?parent=58625"}],"wp:term":[{"taxonomy":"product_brand","embeddable":true,"href":"https:\/\/gohike.lv\/ru\/wp-json\/wp\/v2\/product_brand?post=58625"},{"taxonomy":"product_cat","embeddable":true,"href":"https:\/\/gohike.lv\/ru\/wp-json\/wp\/v2\/product_cat?post=58625"},{"taxonomy":"product_tag","embeddable":true,"href":"https:\/\/gohike.lv\/ru\/wp-json\/wp\/v2\/product_tag?post=58625"}],"curies":[{"name":"wp","href":"https:\/\/api.w.org\/{rel}","templated":true}]}}