{"id":58605,"date":"2024-06-27T16:46:55","date_gmt":"2024-06-27T13:46:55","guid":{"rendered":"https:\/\/gohike.lv\/produkts\/lorpen-tcpe-trekking-quick-dry-eco-zekes\/"},"modified":"2026-02-08T08:11:38","modified_gmt":"2026-02-08T05:11:38","slug":"lorpen-tcpe-trekking-quick-dry-eco-zekes","status":"publish","type":"product","link":"https:\/\/gohike.lv\/ru\/produkts\/lorpen-tcpe-trekking-quick-dry-eco-zekes\/","title":{"rendered":"Lorpen &#8212; TCPE Trekking Quick Dry Eco ze\u0137es"},"content":{"rendered":"<p>T2 tehnolo\u0123ija \u2013 divu veidu \u0161\u0137iedru kombin\u0101cija vien\u0101 dzij\u0101, ko izmanto atkar\u012bb\u0101 no ze\u0137u m\u0113r\u0137a.<br \/>\nGalven\u0101s polipropil\u0113na \u0161\u0137iedras \u012bpa\u0161\u012bbas ir \u0101tra \u017e\u016b\u0161ana, siltuma un komforta saj\u016bta.<br \/>\nLycra\u00ae ir elast\u012bga sint\u0113tisk\u0101 \u0161\u0137iedra, kas var izstiepties l\u012bdz pat 6 reiz\u0113m un atkal atgriezties s\u0101kotn\u0113j\u0101 form\u0101. \u0160\u012b materi\u0101la strat\u0113\u0123iskais izvietojums Lorpen ze\u0137\u0113s nodro\u0161ina to ilgu kalpo\u0161anas laiku un saglab\u0101 savu izskatu.<br \/>\nRed-Cycled Nylon ir izgatavots no 100% izmantotiem zvejas t\u012bkliem, kas t\u0101 viet\u0101, lai k\u013c\u016btu par b\u012bstam\u012bbu un atkritumiem oke\u0101n\u0101, k\u013c\u016bst par jauniem produktiem. \u0160\u0137iedrai ir augsta nodilumiztur\u012bba.<\/p>\n","protected":false},"excerpt":{"rendered":"<p>Lorpen T2 Trekking Quick Dry Eco ze\u0137es ir izgatavotas no polipropil\u0113na, t\u0101m ir vid\u0113js biezums, piem\u012bt antibakteri\u0101la iedarb\u012bba un t\u0101s \u0101tri \u017e\u016bst. T2 tehnolo\u0123ijas un moderno materi\u0101lu kombin\u0101cija iev\u0113rojami palielina komfortu un \u017e\u0101v\u0113\u0161anas \u0101trumu, samazinot kairin\u0101juma vai kallusa veido\u0161an\u0101s risku. Ze\u0137es ir ide\u0101li piem\u0113rotas vair\u0101ku dienu p\u0101rg\u0101jieniem. Ze\u0137es ir izgatavotas no tehnolo\u0123iskiem materi\u0101liem: 62% polipropil\u0113ns, 23% Lycra\u00ae neilons, 15% sarkanais cikliskais neilons.<\/p>\n","protected":false},"featured_media":58607,"template":"","meta":[],"product_brand":[9326],"product_cat":[1419],"product_tag":[],"class_list":{"0":"post-58605","1":"product","2":"type-product","3":"status-publish","4":"has-post-thumbnail","6":"product_brand-lorpen","7":"product_cat-apgerbs","8":"pa_augstums-videjs","9":"pa_biezums-plans-3-no-4","10":"pa_izmers-l43-46","11":"pa_izmers-m39-42","12":"pa_izmers-s35-38","13":"pa_materiali-15-sarkanais-neilons","14":"pa_materiali-23-lycra-neilons","15":"pa_materiali-62-polipropilens","16":"pa_produkta-tips-zekes","17":"pa_sezona-pavasaris","18":"pa_sezona-rudens","19":"pa_sezona-vasara","20":"pa_spalva-peleks","22":"first","23":"outofstock","24":"taxable","25":"shipping-taxable","26":"purchasable","27":"product-type-variable"},"raw_content":{"name":"Lorpen - TCPE Trekking Quick Dry Eco ze\u0137es","description":"T2 tehnolo\u0123ija \u2013 divu veidu \u0161\u0137iedru kombin\u0101cija vien\u0101 dzij\u0101, ko izmanto atkar\u012bb\u0101 no ze\u0137u m\u0113r\u0137a.\nGalven\u0101s polipropil\u0113na \u0161\u0137iedras \u012bpa\u0161\u012bbas ir \u0101tra \u017e\u016b\u0161ana, siltuma un komforta saj\u016bta.\nLycra\u00ae ir elast\u012bga sint\u0113tisk\u0101 \u0161\u0137iedra, kas var izstiepties l\u012bdz pat 6 reiz\u0113m un atkal atgriezties s\u0101kotn\u0113j\u0101 form\u0101. \u0160\u012b materi\u0101la strat\u0113\u0123iskais izvietojums Lorpen ze\u0137\u0113s nodro\u0161ina to ilgu kalpo\u0161anas laiku un saglab\u0101 savu izskatu.\nRed-Cycled Nylon ir izgatavots no 100% izmantotiem zvejas t\u012bkliem, kas t\u0101 viet\u0101, lai k\u013c\u016btu par b\u012bstam\u012bbu un atkritumiem oke\u0101n\u0101, k\u013c\u016bst par jauniem produktiem. \u0160\u0137iedrai ir augsta nodilumiztur\u012bba.","short_description":"Lorpen T2 Trekking Quick Dry Eco ze\u0137es ir izgatavotas no polipropil\u0113na, t\u0101m ir vid\u0113js biezums, piem\u012bt antibakteri\u0101la iedarb\u012bba un t\u0101s \u0101tri \u017e\u016bst. T2 tehnolo\u0123ijas un moderno materi\u0101lu kombin\u0101cija iev\u0113rojami palielina komfortu un \u017e\u0101v\u0113\u0161anas \u0101trumu, samazinot kairin\u0101juma vai kallusa veido\u0161an\u0101s risku. Ze\u0137es ir ide\u0101li piem\u0113rotas vair\u0101ku dienu p\u0101rg\u0101jieniem. Ze\u0137es ir izgatavotas no tehnolo\u0123iskiem materi\u0101liem: 62% polipropil\u0113ns, 23% Lycra\u00ae neilons, 15% sarkanais cikliskais neilons.","status":"publish","sku":"Lorp0015","original":58605},"wpml":{"translation_type":1,"has_translations":true,"original":58605,"duplicates":[],"translations":{"lv":58605,"en":67244,"ru":null}},"supplier_id":null,"supplier_sku":"","barcode":null,"atum_controlled":true,"out_stock_date":null,"out_stock_threshold":null,"inheritable":false,"inbound_stock":0,"stock_on_hold":0,"sold_today":0,"sales_last_days":0,"reserved_stock":0,"customer_returns":0,"warehouse_damage":0,"lost_in_post":0,"other_logs":0,"out_stock_days":0,"lost_sales":0,"has_location":null,"update_date":"2025-12-30T14:13:27","atum_locations":[],"atum_stock_status":"instock","restock_status":false,"low_stock_amount":"","sales_update_date":"2025-11-13T14:07:23","calc_backorders":null,"yoast_head":"<!-- This site is optimized with the Yoast SEO plugin v27.3 - https:\/\/yoast.com\/product\/yoast-seo-wordpress\/ -->\n<title>Lorpen - TCPE Trekking Quick Dry Eco ze\u0137es<\/title>\n<meta name=\"description\" content=\"Lorpen T2 Trekking Quick Dry Eco ze\u0137es ir izgatavotas no polipropil\u0113na, t\u0101m ir vid\u0113js biezums, piem\u012bt antibakteri\u0101la iedarb\u012bba un t\u0101s \u0101tri \u017e\u016bst.\" \/>\n<meta name=\"robots\" content=\"index, follow, max-snippet:-1, max-image-preview:large, max-video-preview:-1\" \/>\n<link rel=\"canonical\" href=\"https:\/\/gohike.lv\/ru\/produkts\/lorpen-tcpe-trekking-quick-dry-eco-zekes\/\" \/>\n<meta property=\"og:locale\" content=\"ru_RU\" \/>\n<meta property=\"og:type\" content=\"article\" \/>\n<meta property=\"og:title\" content=\"P\u0101rg\u0101jienu ze\u0137es\" \/>\n<meta property=\"og:description\" content=\"Lorpen T2 Trekking Quick Dry Eco ze\u0137es ir izgatavotas no polipropil\u0113na, t\u0101m ir vid\u0113js biezums, piem\u012bt antibakteri\u0101la iedarb\u012bba un t\u0101s \u0101tri \u017e\u016bst.\" \/>\n<meta property=\"og:url\" content=\"https:\/\/gohike.lv\/ru\/produkts\/lorpen-tcpe-trekking-quick-dry-eco-zekes\/\" \/>\n<meta property=\"og:site_name\" content=\"GoHike\" \/>\n<meta property=\"article:publisher\" content=\"https:\/\/www.facebook.com\/gohike.shop\/\" \/>\n<meta property=\"article:modified_time\" content=\"2026-02-08T05:11:38+00:00\" \/>\n<meta property=\"og:image\" content=\"https:\/\/gohike.lv\/wp-content\/uploads\/2024\/06\/QuickDryEco.png\" \/>\n\t<meta property=\"og:image:width\" content=\"800\" \/>\n\t<meta property=\"og:image:height\" content=\"800\" \/>\n\t<meta property=\"og:image:type\" content=\"image\/png\" \/>\n<meta name=\"twitter:card\" content=\"summary_large_image\" \/>\n<meta name=\"twitter:title\" content=\"P\u0101rg\u0101jienu ze\u0137es\" \/>\n<meta name=\"twitter:label1\" content=\"\u041f\u0440\u0438\u043c\u0435\u0440\u043d\u043e\u0435 \u0432\u0440\u0435\u043c\u044f \u0434\u043b\u044f \u0447\u0442\u0435\u043d\u0438\u044f\" \/>\n\t<meta name=\"twitter:data1\" content=\"1 \u043c\u0438\u043d\u0443\u0442\u0430\" \/>\n<script type=\"application\/ld+json\" class=\"yoast-schema-graph\">{\"@context\":\"https:\\\/\\\/schema.org\",\"@graph\":[{\"@type\":[\"WebPage\",\"ItemPage\"],\"@id\":\"https:\\\/\\\/gohike.lv\\\/ru\\\/produkts\\\/lorpen-tcpe-trekking-quick-dry-eco-zekes\\\/\",\"url\":\"https:\\\/\\\/gohike.lv\\\/ru\\\/produkts\\\/lorpen-tcpe-trekking-quick-dry-eco-zekes\\\/\",\"name\":\"Lorpen - TCPE Trekking Quick Dry Eco ze\u0137es\",\"isPartOf\":{\"@id\":\"https:\\\/\\\/gohike.lv\\\/ru\\\/#website\"},\"primaryImageOfPage\":{\"@id\":\"https:\\\/\\\/gohike.lv\\\/ru\\\/produkts\\\/lorpen-tcpe-trekking-quick-dry-eco-zekes\\\/#primaryimage\"},\"image\":{\"@id\":\"https:\\\/\\\/gohike.lv\\\/ru\\\/produkts\\\/lorpen-tcpe-trekking-quick-dry-eco-zekes\\\/#primaryimage\"},\"thumbnailUrl\":\"https:\\\/\\\/gohike.lv\\\/wp-content\\\/uploads\\\/2024\\\/06\\\/QuickDryEco.png\",\"datePublished\":\"2024-06-27T13:46:55+00:00\",\"dateModified\":\"2026-02-08T05:11:38+00:00\",\"description\":\"Lorpen T2 Trekking Quick Dry Eco ze\u0137es ir izgatavotas no polipropil\u0113na, t\u0101m ir vid\u0113js biezums, piem\u012bt antibakteri\u0101la iedarb\u012bba un t\u0101s \u0101tri \u017e\u016bst.\",\"breadcrumb\":{\"@id\":\"https:\\\/\\\/gohike.lv\\\/ru\\\/produkts\\\/lorpen-tcpe-trekking-quick-dry-eco-zekes\\\/#breadcrumb\"},\"inLanguage\":\"ru-RU\",\"potentialAction\":[{\"@type\":\"ReadAction\",\"target\":[\"https:\\\/\\\/gohike.lv\\\/ru\\\/produkts\\\/lorpen-tcpe-trekking-quick-dry-eco-zekes\\\/\"]}]},{\"@type\":\"ImageObject\",\"inLanguage\":\"ru-RU\",\"@id\":\"https:\\\/\\\/gohike.lv\\\/ru\\\/produkts\\\/lorpen-tcpe-trekking-quick-dry-eco-zekes\\\/#primaryimage\",\"url\":\"https:\\\/\\\/gohike.lv\\\/wp-content\\\/uploads\\\/2024\\\/06\\\/QuickDryEco.png\",\"contentUrl\":\"https:\\\/\\\/gohike.lv\\\/wp-content\\\/uploads\\\/2024\\\/06\\\/QuickDryEco.png\",\"width\":800,\"height\":800},{\"@type\":\"BreadcrumbList\",\"@id\":\"https:\\\/\\\/gohike.lv\\\/ru\\\/produkts\\\/lorpen-tcpe-trekking-quick-dry-eco-zekes\\\/#breadcrumb\",\"itemListElement\":[{\"@type\":\"ListItem\",\"position\":1,\"name\":\"\u0413\u043b\u0430\u0432\u043d\u0430\u044f\",\"item\":\"https:\\\/\\\/gohike.lv\\\/ru\\\/\"},{\"@type\":\"ListItem\",\"position\":2,\"name\":\"\u041a\u0430\u0442\u0435\u0433\u043e\u0440\u0438\u0438 \u0442\u043e\u0432\u0430\u0440\u043e\u0432\",\"item\":\"https:\\\/\\\/gohike.lv\\\/%d0%ba%d0%b0%d1%82%d0%b5%d0%b3%d0%be%d1%80%d0%b8%d0%b8-%d1%82%d0%be%d0%b2%d0%b0%d1%80%d0%be%d0%b2\\\/\"},{\"@type\":\"ListItem\",\"position\":3,\"name\":\"Lorpen &#8211; TCPE Trekking Quick Dry Eco ze\u0137es\"}]},{\"@type\":\"WebSite\",\"@id\":\"https:\\\/\\\/gohike.lv\\\/ru\\\/#website\",\"url\":\"https:\\\/\\\/gohike.lv\\\/ru\\\/\",\"name\":\"GoHike\",\"description\":\"\",\"publisher\":{\"@id\":\"https:\\\/\\\/gohike.lv\\\/ru\\\/#organization\"},\"potentialAction\":[{\"@type\":\"SearchAction\",\"target\":{\"@type\":\"EntryPoint\",\"urlTemplate\":\"https:\\\/\\\/gohike.lv\\\/ru\\\/?s={search_term_string}\"},\"query-input\":{\"@type\":\"PropertyValueSpecification\",\"valueRequired\":true,\"valueName\":\"search_term_string\"}}],\"inLanguage\":\"ru-RU\"},{\"@type\":\"Organization\",\"@id\":\"https:\\\/\\\/gohike.lv\\\/ru\\\/#organization\",\"name\":\"GoHike\",\"url\":\"https:\\\/\\\/gohike.lv\\\/ru\\\/\",\"logo\":{\"@type\":\"ImageObject\",\"inLanguage\":\"ru-RU\",\"@id\":\"https:\\\/\\\/gohike.lv\\\/ru\\\/#\\\/schema\\\/logo\\\/image\\\/\",\"url\":\"https:\\\/\\\/gohike.lv\\\/wp-content\\\/uploads\\\/2023\\\/08\\\/Logo_GoHike.webp\",\"contentUrl\":\"https:\\\/\\\/gohike.lv\\\/wp-content\\\/uploads\\\/2023\\\/08\\\/Logo_GoHike.webp\",\"width\":512,\"height\":512,\"caption\":\"GoHike\"},\"image\":{\"@id\":\"https:\\\/\\\/gohike.lv\\\/ru\\\/#\\\/schema\\\/logo\\\/image\\\/\"},\"sameAs\":[\"https:\\\/\\\/www.facebook.com\\\/gohike.shop\\\/\",\"https:\\\/\\\/www.instagram.com\\\/gohike.shop\\\/\"]}]}<\/script>\n<!-- \/ Yoast SEO plugin. -->","yoast_head_json":{"title":"Lorpen - TCPE Trekking Quick Dry Eco ze\u0137es","description":"Lorpen T2 Trekking Quick Dry Eco ze\u0137es ir izgatavotas no polipropil\u0113na, t\u0101m ir vid\u0113js biezums, piem\u012bt antibakteri\u0101la iedarb\u012bba un t\u0101s \u0101tri \u017e\u016bst.","robots":{"index":"index","follow":"follow","max-snippet":"max-snippet:-1","max-image-preview":"max-image-preview:large","max-video-preview":"max-video-preview:-1"},"canonical":"https:\/\/gohike.lv\/ru\/produkts\/lorpen-tcpe-trekking-quick-dry-eco-zekes\/","og_locale":"ru_RU","og_type":"article","og_title":"P\u0101rg\u0101jienu ze\u0137es","og_description":"Lorpen T2 Trekking Quick Dry Eco ze\u0137es ir izgatavotas no polipropil\u0113na, t\u0101m ir vid\u0113js biezums, piem\u012bt antibakteri\u0101la iedarb\u012bba un t\u0101s \u0101tri \u017e\u016bst.","og_url":"https:\/\/gohike.lv\/ru\/produkts\/lorpen-tcpe-trekking-quick-dry-eco-zekes\/","og_site_name":"GoHike","article_publisher":"https:\/\/www.facebook.com\/gohike.shop\/","article_modified_time":"2026-02-08T05:11:38+00:00","og_image":[{"width":800,"height":800,"url":"https:\/\/gohike.lv\/wp-content\/uploads\/2024\/06\/QuickDryEco.png","type":"image\/png"}],"twitter_card":"summary_large_image","twitter_title":"P\u0101rg\u0101jienu ze\u0137es","twitter_misc":{"\u041f\u0440\u0438\u043c\u0435\u0440\u043d\u043e\u0435 \u0432\u0440\u0435\u043c\u044f \u0434\u043b\u044f \u0447\u0442\u0435\u043d\u0438\u044f":"1 \u043c\u0438\u043d\u0443\u0442\u0430"},"schema":{"@context":"https:\/\/schema.org","@graph":[{"@type":["WebPage","ItemPage"],"@id":"https:\/\/gohike.lv\/ru\/produkts\/lorpen-tcpe-trekking-quick-dry-eco-zekes\/","url":"https:\/\/gohike.lv\/ru\/produkts\/lorpen-tcpe-trekking-quick-dry-eco-zekes\/","name":"Lorpen - TCPE Trekking Quick Dry Eco ze\u0137es","isPartOf":{"@id":"https:\/\/gohike.lv\/ru\/#website"},"primaryImageOfPage":{"@id":"https:\/\/gohike.lv\/ru\/produkts\/lorpen-tcpe-trekking-quick-dry-eco-zekes\/#primaryimage"},"image":{"@id":"https:\/\/gohike.lv\/ru\/produkts\/lorpen-tcpe-trekking-quick-dry-eco-zekes\/#primaryimage"},"thumbnailUrl":"https:\/\/gohike.lv\/wp-content\/uploads\/2024\/06\/QuickDryEco.png","datePublished":"2024-06-27T13:46:55+00:00","dateModified":"2026-02-08T05:11:38+00:00","description":"Lorpen T2 Trekking Quick Dry Eco ze\u0137es ir izgatavotas no polipropil\u0113na, t\u0101m ir vid\u0113js biezums, piem\u012bt antibakteri\u0101la iedarb\u012bba un t\u0101s \u0101tri \u017e\u016bst.","breadcrumb":{"@id":"https:\/\/gohike.lv\/ru\/produkts\/lorpen-tcpe-trekking-quick-dry-eco-zekes\/#breadcrumb"},"inLanguage":"ru-RU","potentialAction":[{"@type":"ReadAction","target":["https:\/\/gohike.lv\/ru\/produkts\/lorpen-tcpe-trekking-quick-dry-eco-zekes\/"]}]},{"@type":"ImageObject","inLanguage":"ru-RU","@id":"https:\/\/gohike.lv\/ru\/produkts\/lorpen-tcpe-trekking-quick-dry-eco-zekes\/#primaryimage","url":"https:\/\/gohike.lv\/wp-content\/uploads\/2024\/06\/QuickDryEco.png","contentUrl":"https:\/\/gohike.lv\/wp-content\/uploads\/2024\/06\/QuickDryEco.png","width":800,"height":800},{"@type":"BreadcrumbList","@id":"https:\/\/gohike.lv\/ru\/produkts\/lorpen-tcpe-trekking-quick-dry-eco-zekes\/#breadcrumb","itemListElement":[{"@type":"ListItem","position":1,"name":"\u0413\u043b\u0430\u0432\u043d\u0430\u044f","item":"https:\/\/gohike.lv\/ru\/"},{"@type":"ListItem","position":2,"name":"\u041a\u0430\u0442\u0435\u0433\u043e\u0440\u0438\u0438 \u0442\u043e\u0432\u0430\u0440\u043e\u0432","item":"https:\/\/gohike.lv\/%d0%ba%d0%b0%d1%82%d0%b5%d0%b3%d0%be%d1%80%d0%b8%d0%b8-%d1%82%d0%be%d0%b2%d0%b0%d1%80%d0%be%d0%b2\/"},{"@type":"ListItem","position":3,"name":"Lorpen &#8211; TCPE Trekking Quick Dry Eco ze\u0137es"}]},{"@type":"WebSite","@id":"https:\/\/gohike.lv\/ru\/#website","url":"https:\/\/gohike.lv\/ru\/","name":"GoHike","description":"","publisher":{"@id":"https:\/\/gohike.lv\/ru\/#organization"},"potentialAction":[{"@type":"SearchAction","target":{"@type":"EntryPoint","urlTemplate":"https:\/\/gohike.lv\/ru\/?s={search_term_string}"},"query-input":{"@type":"PropertyValueSpecification","valueRequired":true,"valueName":"search_term_string"}}],"inLanguage":"ru-RU"},{"@type":"Organization","@id":"https:\/\/gohike.lv\/ru\/#organization","name":"GoHike","url":"https:\/\/gohike.lv\/ru\/","logo":{"@type":"ImageObject","inLanguage":"ru-RU","@id":"https:\/\/gohike.lv\/ru\/#\/schema\/logo\/image\/","url":"https:\/\/gohike.lv\/wp-content\/uploads\/2023\/08\/Logo_GoHike.webp","contentUrl":"https:\/\/gohike.lv\/wp-content\/uploads\/2023\/08\/Logo_GoHike.webp","width":512,"height":512,"caption":"GoHike"},"image":{"@id":"https:\/\/gohike.lv\/ru\/#\/schema\/logo\/image\/"},"sameAs":["https:\/\/www.facebook.com\/gohike.shop\/","https:\/\/www.instagram.com\/gohike.shop\/"]}]}},"jetpack_sharing_enabled":true,"_links":{"self":[{"href":"https:\/\/gohike.lv\/ru\/wp-json\/wp\/v2\/product\/58605","targetHints":{"allow":["GET"]}}],"collection":[{"href":"https:\/\/gohike.lv\/ru\/wp-json\/wp\/v2\/product"}],"about":[{"href":"https:\/\/gohike.lv\/ru\/wp-json\/wp\/v2\/types\/product"}],"version-history":[{"count":0,"href":"https:\/\/gohike.lv\/ru\/wp-json\/wp\/v2\/product\/58605\/revisions"}],"wp:featuredmedia":[{"embeddable":true,"href":"https:\/\/gohike.lv\/ru\/wp-json\/wp\/v2\/media\/58607"}],"wp:attachment":[{"href":"https:\/\/gohike.lv\/ru\/wp-json\/wp\/v2\/media?parent=58605"}],"wp:term":[{"taxonomy":"product_brand","embeddable":true,"href":"https:\/\/gohike.lv\/ru\/wp-json\/wp\/v2\/product_brand?post=58605"},{"taxonomy":"product_cat","embeddable":true,"href":"https:\/\/gohike.lv\/ru\/wp-json\/wp\/v2\/product_cat?post=58605"},{"taxonomy":"product_tag","embeddable":true,"href":"https:\/\/gohike.lv\/ru\/wp-json\/wp\/v2\/product_tag?post=58605"}],"curies":[{"name":"wp","href":"https:\/\/api.w.org\/{rel}","templated":true}]}}