{"id":58553,"date":"2024-06-27T16:42:50","date_gmt":"2024-06-27T13:42:50","guid":{"rendered":"https:\/\/gohike.lv\/produkts\/lorpen-t2lme-t2-men-light-hiker-eco\/"},"modified":"2026-02-05T20:41:48","modified_gmt":"2026-02-05T17:41:48","slug":"lorpen-t2lme-t2-men-light-hiker-eco","status":"publish","type":"product","link":"https:\/\/gohike.lv\/ru\/produkts\/lorpen-t2lme-t2-men-light-hiker-eco\/","title":{"rendered":"Lorpen &#8212; T2LME T2 Men Light Hiker Eco"},"content":{"rendered":"<p>Mode\u013ca \u012bpa\u0161\u012bbas:<br \/>\nMerinoDry Eco dzijai piem\u012bt galven\u0101s \u012bpa\u0161i smalk\u0101s merino vilnas \u012bpa\u0161\u012bbas: maigums, dab\u012bgs siltums, smaku nov\u0113r\u0161ana u.c. Sast\u0101vs papildin\u0101ts ar sint\u0113tisko \u0161\u0137iedru, kam ir papildus \u012bpa\u0161\u012bbas: zema mitruma uzs\u016bk\u0161an\u0101s un \u0101trs \u017e\u016b\u0161anas \u0101trums. Pateicoties \u0161ai kombin\u0101cijai, MerinoDry dzija lab\u0101k p\u0101rvalda mitrumu un efekt\u012bv\u0101k saglab\u0101 p\u0113das sausas.<br \/>\nLycra\u00ae ir elast\u012bga sint\u0113tisk\u0101 \u0161\u0137iedra, kas var izstiepties l\u012bdz pat 6 reiz\u0113m un atkal atgriezties s\u0101kotn\u0113j\u0101 form\u0101. \u0160\u012b materi\u0101la strat\u0113\u0123iskais izvietojums Lorpen ze\u0137\u0113s nodro\u0161ina to ilgu kalpo\u0161anas laiku un saglab\u0101 savu izskatu.<br \/>\nRed-Cycled Nylon ir izgatavots no 100% izmantotiem zvejas t\u012bkliem, kas t\u0101 viet\u0101, lai k\u013c\u016btu par b\u012bstam\u012bbu un atkritumiem oke\u0101n\u0101, k\u013c\u016bst par jauniem produktiem. \u0160\u0137iedrai ir augsta nodilumiztur\u012bba.<br \/>\nTrikot\u0101\u017eas audums nodro\u0161ina augstu amortiz\u0101cijas, polster\u0113juma un aizsardz\u012bbas pak\u0101pi vis\u0101 ze\u0137es garum\u0101, nov\u0113r\u0161ot diskomfortu, ko rada apavu odere vai iek\u0161zole.<br \/>\nPlakan\u0101 \u0161uve uz pirksta nerada berzi un neizraisa kairin\u0101jumu.<br \/>\nAugstums: l\u012bdz ikru vidusda\u013cai.<br \/>\nSezona: visu gadu.<\/p>\n","protected":false},"excerpt":{"rendered":"<p>Lorpen T2 Light Hiker Eco ze\u0137es ir paredz\u0113tas trekingam. P\u0113das zonai ir pievienots biezums amortiz\u0101cijai, un p\u0113das da\u013ca ir atsl\u0101bin\u0101ta, lai nodro\u0161in\u0101tu maksim\u0101lu komfortu. Ze\u0137es ir paredz\u0113tas, lai k\u0101jas b\u016btu siltas un sausas un uzlabotu veiktsp\u0113ju da\u017e\u0101dos apst\u0101k\u013cos. Ze\u0137es ir izgatavotas no tehnolo\u0123iskiem materi\u0101liem: 66% MerinoDry Eco, 22% Lycra\u00ae neilons, 12% Red-Cycled neilons.<\/p>\n","protected":false},"featured_media":58557,"template":"","meta":[],"product_brand":[9326],"product_cat":[1419],"product_tag":[],"class_list":{"0":"post-58553","1":"product","2":"type-product","3":"status-publish","4":"has-post-thumbnail","6":"product_brand-lorpen","7":"product_cat-apgerbs","8":"pa_izmers-l43-46","9":"pa_izmers-m39-42","10":"pa_produkta-tips-zekes","11":"pa_spalva-melns-laims","13":"first","14":"instock","15":"taxable","16":"shipping-taxable","17":"purchasable","18":"product-type-variable"},"raw_content":{"name":"Lorpen - T2LME T2 Men Light Hiker Eco","description":"Mode\u013ca \u012bpa\u0161\u012bbas:\nMerinoDry Eco dzijai piem\u012bt galven\u0101s \u012bpa\u0161i smalk\u0101s merino vilnas \u012bpa\u0161\u012bbas: maigums, dab\u012bgs siltums, smaku nov\u0113r\u0161ana u.c. Sast\u0101vs papildin\u0101ts ar sint\u0113tisko \u0161\u0137iedru, kam ir papildus \u012bpa\u0161\u012bbas: zema mitruma uzs\u016bk\u0161an\u0101s un \u0101trs \u017e\u016b\u0161anas \u0101trums. Pateicoties \u0161ai kombin\u0101cijai, MerinoDry dzija lab\u0101k p\u0101rvalda mitrumu un efekt\u012bv\u0101k saglab\u0101 p\u0113das sausas.\nLycra\u00ae ir elast\u012bga sint\u0113tisk\u0101 \u0161\u0137iedra, kas var izstiepties l\u012bdz pat 6 reiz\u0113m un atkal atgriezties s\u0101kotn\u0113j\u0101 form\u0101. \u0160\u012b materi\u0101la strat\u0113\u0123iskais izvietojums Lorpen ze\u0137\u0113s nodro\u0161ina to ilgu kalpo\u0161anas laiku un saglab\u0101 savu izskatu.\nRed-Cycled Nylon ir izgatavots no 100% izmantotiem zvejas t\u012bkliem, kas t\u0101 viet\u0101, lai k\u013c\u016btu par b\u012bstam\u012bbu un atkritumiem oke\u0101n\u0101, k\u013c\u016bst par jauniem produktiem. \u0160\u0137iedrai ir augsta nodilumiztur\u012bba.\nTrikot\u0101\u017eas audums nodro\u0161ina augstu amortiz\u0101cijas, polster\u0113juma un aizsardz\u012bbas pak\u0101pi vis\u0101 ze\u0137es garum\u0101, nov\u0113r\u0161ot diskomfortu, ko rada apavu odere vai iek\u0161zole.\nPlakan\u0101 \u0161uve uz pirksta nerada berzi un neizraisa kairin\u0101jumu.\nAugstums: l\u012bdz ikru vidusda\u013cai.\nSezona: visu gadu.","short_description":"Lorpen T2 Light Hiker Eco ze\u0137es ir paredz\u0113tas trekingam. P\u0113das zonai ir pievienots biezums amortiz\u0101cijai, un p\u0113das da\u013ca ir atsl\u0101bin\u0101ta, lai nodro\u0161in\u0101tu maksim\u0101lu komfortu. Ze\u0137es ir paredz\u0113tas, lai k\u0101jas b\u016btu siltas un sausas un uzlabotu veiktsp\u0113ju da\u017e\u0101dos apst\u0101k\u013cos. Ze\u0137es ir izgatavotas no tehnolo\u0123iskiem materi\u0101liem: 66% MerinoDry Eco, 22% Lycra\u00ae neilons, 12% Red-Cycled neilons.","status":"publish","sku":"Lorp0011","original":58553},"wpml":{"translation_type":1,"has_translations":true,"original":58553,"duplicates":[],"translations":{"lv":58553,"en":67251,"ru":null}},"supplier_id":null,"supplier_sku":"","barcode":null,"atum_controlled":true,"out_stock_date":null,"out_stock_threshold":null,"inheritable":false,"inbound_stock":0,"stock_on_hold":0,"sold_today":0,"sales_last_days":1,"reserved_stock":0,"customer_returns":0,"warehouse_damage":0,"lost_in_post":0,"other_logs":0,"out_stock_days":0,"lost_sales":0,"has_location":null,"update_date":"2026-02-06T08:06:20","atum_locations":[],"atum_stock_status":"instock","restock_status":false,"low_stock_amount":"","sales_update_date":"2025-11-13T14:07:24","calc_backorders":null,"yoast_head":"<!-- This site is optimized with the Yoast SEO plugin v27.3 - https:\/\/yoast.com\/product\/yoast-seo-wordpress\/ -->\n<title>Lorpen - T2LME T2 Men Light Hiker Eco<\/title>\n<meta name=\"description\" content=\"Lorpen T2 Light Hiker Eco ze\u0137es ir paredz\u0113tas trekingam. P\u0113das zonai ir pievienots biezums amortiz\u0101cijai, un p\u0113das da\u013ca ir atsl\u0101bin\u0101ta, lai nodro\u0161in\u0101tu maksim\u0101lu komfortu.\" \/>\n<meta name=\"robots\" content=\"index, follow, max-snippet:-1, max-image-preview:large, max-video-preview:-1\" \/>\n<link rel=\"canonical\" href=\"https:\/\/gohike.lv\/ru\/produkts\/lorpen-t2lme-t2-men-light-hiker-eco\/\" \/>\n<meta property=\"og:locale\" content=\"ru_RU\" \/>\n<meta property=\"og:type\" content=\"article\" \/>\n<meta property=\"og:title\" content=\"P\u0101rg\u0101jienu ze\u0137es\" \/>\n<meta property=\"og:description\" content=\"Lorpen T2 Light Hiker Eco ze\u0137es ir paredz\u0113tas trekingam. P\u0113das zonai ir pievienots biezums amortiz\u0101cijai, un p\u0113das da\u013ca ir atsl\u0101bin\u0101ta, lai nodro\u0161in\u0101tu maksim\u0101lu komfortu.\" \/>\n<meta property=\"og:url\" content=\"https:\/\/gohike.lv\/ru\/produkts\/lorpen-t2lme-t2-men-light-hiker-eco\/\" \/>\n<meta property=\"og:site_name\" content=\"GoHike\" \/>\n<meta property=\"article:publisher\" content=\"https:\/\/www.facebook.com\/gohike.shop\/\" \/>\n<meta property=\"article:modified_time\" content=\"2026-02-05T17:41:48+00:00\" \/>\n<meta property=\"og:image\" content=\"https:\/\/gohike.lv\/wp-content\/uploads\/2024\/06\/MenLightHikerLime.jpg\" \/>\n\t<meta property=\"og:image:width\" content=\"1024\" \/>\n\t<meta property=\"og:image:height\" content=\"1024\" \/>\n\t<meta property=\"og:image:type\" content=\"image\/jpeg\" \/>\n<meta name=\"twitter:card\" content=\"summary_large_image\" \/>\n<meta name=\"twitter:title\" content=\"P\u0101rg\u0101jienu ze\u0137es\" \/>\n<meta name=\"twitter:label1\" content=\"\u041f\u0440\u0438\u043c\u0435\u0440\u043d\u043e\u0435 \u0432\u0440\u0435\u043c\u044f \u0434\u043b\u044f \u0447\u0442\u0435\u043d\u0438\u044f\" \/>\n\t<meta name=\"twitter:data1\" content=\"1 \u043c\u0438\u043d\u0443\u0442\u0430\" \/>\n<script type=\"application\/ld+json\" class=\"yoast-schema-graph\">{\"@context\":\"https:\\\/\\\/schema.org\",\"@graph\":[{\"@type\":[\"WebPage\",\"ItemPage\"],\"@id\":\"https:\\\/\\\/gohike.lv\\\/ru\\\/produkts\\\/lorpen-t2lme-t2-men-light-hiker-eco\\\/\",\"url\":\"https:\\\/\\\/gohike.lv\\\/ru\\\/produkts\\\/lorpen-t2lme-t2-men-light-hiker-eco\\\/\",\"name\":\"Lorpen - T2LME T2 Men Light Hiker Eco\",\"isPartOf\":{\"@id\":\"https:\\\/\\\/gohike.lv\\\/ru\\\/#website\"},\"primaryImageOfPage\":{\"@id\":\"https:\\\/\\\/gohike.lv\\\/ru\\\/produkts\\\/lorpen-t2lme-t2-men-light-hiker-eco\\\/#primaryimage\"},\"image\":{\"@id\":\"https:\\\/\\\/gohike.lv\\\/ru\\\/produkts\\\/lorpen-t2lme-t2-men-light-hiker-eco\\\/#primaryimage\"},\"thumbnailUrl\":\"https:\\\/\\\/gohike.lv\\\/wp-content\\\/uploads\\\/2024\\\/06\\\/MenLightHikerLime.jpg\",\"datePublished\":\"2024-06-27T13:42:50+00:00\",\"dateModified\":\"2026-02-05T17:41:48+00:00\",\"description\":\"Lorpen T2 Light Hiker Eco ze\u0137es ir paredz\u0113tas trekingam. P\u0113das zonai ir pievienots biezums amortiz\u0101cijai, un p\u0113das da\u013ca ir atsl\u0101bin\u0101ta, lai nodro\u0161in\u0101tu maksim\u0101lu komfortu.\",\"breadcrumb\":{\"@id\":\"https:\\\/\\\/gohike.lv\\\/ru\\\/produkts\\\/lorpen-t2lme-t2-men-light-hiker-eco\\\/#breadcrumb\"},\"inLanguage\":\"ru-RU\",\"potentialAction\":[{\"@type\":\"ReadAction\",\"target\":[\"https:\\\/\\\/gohike.lv\\\/ru\\\/produkts\\\/lorpen-t2lme-t2-men-light-hiker-eco\\\/\"]}]},{\"@type\":\"ImageObject\",\"inLanguage\":\"ru-RU\",\"@id\":\"https:\\\/\\\/gohike.lv\\\/ru\\\/produkts\\\/lorpen-t2lme-t2-men-light-hiker-eco\\\/#primaryimage\",\"url\":\"https:\\\/\\\/gohike.lv\\\/wp-content\\\/uploads\\\/2024\\\/06\\\/MenLightHikerLime.jpg\",\"contentUrl\":\"https:\\\/\\\/gohike.lv\\\/wp-content\\\/uploads\\\/2024\\\/06\\\/MenLightHikerLime.jpg\",\"width\":1024,\"height\":1024},{\"@type\":\"BreadcrumbList\",\"@id\":\"https:\\\/\\\/gohike.lv\\\/ru\\\/produkts\\\/lorpen-t2lme-t2-men-light-hiker-eco\\\/#breadcrumb\",\"itemListElement\":[{\"@type\":\"ListItem\",\"position\":1,\"name\":\"\u0413\u043b\u0430\u0432\u043d\u0430\u044f\",\"item\":\"https:\\\/\\\/gohike.lv\\\/ru\\\/\"},{\"@type\":\"ListItem\",\"position\":2,\"name\":\"\u041a\u0430\u0442\u0435\u0433\u043e\u0440\u0438\u0438 \u0442\u043e\u0432\u0430\u0440\u043e\u0432\",\"item\":\"https:\\\/\\\/gohike.lv\\\/%d0%ba%d0%b0%d1%82%d0%b5%d0%b3%d0%be%d1%80%d0%b8%d0%b8-%d1%82%d0%be%d0%b2%d0%b0%d1%80%d0%be%d0%b2\\\/\"},{\"@type\":\"ListItem\",\"position\":3,\"name\":\"Lorpen &#8211; T2LME T2 Men Light Hiker Eco\"}]},{\"@type\":\"WebSite\",\"@id\":\"https:\\\/\\\/gohike.lv\\\/ru\\\/#website\",\"url\":\"https:\\\/\\\/gohike.lv\\\/ru\\\/\",\"name\":\"GoHike\",\"description\":\"\",\"publisher\":{\"@id\":\"https:\\\/\\\/gohike.lv\\\/ru\\\/#organization\"},\"potentialAction\":[{\"@type\":\"SearchAction\",\"target\":{\"@type\":\"EntryPoint\",\"urlTemplate\":\"https:\\\/\\\/gohike.lv\\\/ru\\\/?s={search_term_string}\"},\"query-input\":{\"@type\":\"PropertyValueSpecification\",\"valueRequired\":true,\"valueName\":\"search_term_string\"}}],\"inLanguage\":\"ru-RU\"},{\"@type\":\"Organization\",\"@id\":\"https:\\\/\\\/gohike.lv\\\/ru\\\/#organization\",\"name\":\"GoHike\",\"url\":\"https:\\\/\\\/gohike.lv\\\/ru\\\/\",\"logo\":{\"@type\":\"ImageObject\",\"inLanguage\":\"ru-RU\",\"@id\":\"https:\\\/\\\/gohike.lv\\\/ru\\\/#\\\/schema\\\/logo\\\/image\\\/\",\"url\":\"https:\\\/\\\/gohike.lv\\\/wp-content\\\/uploads\\\/2023\\\/08\\\/Logo_GoHike.webp\",\"contentUrl\":\"https:\\\/\\\/gohike.lv\\\/wp-content\\\/uploads\\\/2023\\\/08\\\/Logo_GoHike.webp\",\"width\":512,\"height\":512,\"caption\":\"GoHike\"},\"image\":{\"@id\":\"https:\\\/\\\/gohike.lv\\\/ru\\\/#\\\/schema\\\/logo\\\/image\\\/\"},\"sameAs\":[\"https:\\\/\\\/www.facebook.com\\\/gohike.shop\\\/\",\"https:\\\/\\\/www.instagram.com\\\/gohike.shop\\\/\"]}]}<\/script>\n<!-- \/ Yoast SEO plugin. -->","yoast_head_json":{"title":"Lorpen - T2LME T2 Men Light Hiker Eco","description":"Lorpen T2 Light Hiker Eco ze\u0137es ir paredz\u0113tas trekingam. P\u0113das zonai ir pievienots biezums amortiz\u0101cijai, un p\u0113das da\u013ca ir atsl\u0101bin\u0101ta, lai nodro\u0161in\u0101tu maksim\u0101lu komfortu.","robots":{"index":"index","follow":"follow","max-snippet":"max-snippet:-1","max-image-preview":"max-image-preview:large","max-video-preview":"max-video-preview:-1"},"canonical":"https:\/\/gohike.lv\/ru\/produkts\/lorpen-t2lme-t2-men-light-hiker-eco\/","og_locale":"ru_RU","og_type":"article","og_title":"P\u0101rg\u0101jienu ze\u0137es","og_description":"Lorpen T2 Light Hiker Eco ze\u0137es ir paredz\u0113tas trekingam. P\u0113das zonai ir pievienots biezums amortiz\u0101cijai, un p\u0113das da\u013ca ir atsl\u0101bin\u0101ta, lai nodro\u0161in\u0101tu maksim\u0101lu komfortu.","og_url":"https:\/\/gohike.lv\/ru\/produkts\/lorpen-t2lme-t2-men-light-hiker-eco\/","og_site_name":"GoHike","article_publisher":"https:\/\/www.facebook.com\/gohike.shop\/","article_modified_time":"2026-02-05T17:41:48+00:00","og_image":[{"width":1024,"height":1024,"url":"https:\/\/gohike.lv\/wp-content\/uploads\/2024\/06\/MenLightHikerLime.jpg","type":"image\/jpeg"}],"twitter_card":"summary_large_image","twitter_title":"P\u0101rg\u0101jienu ze\u0137es","twitter_misc":{"\u041f\u0440\u0438\u043c\u0435\u0440\u043d\u043e\u0435 \u0432\u0440\u0435\u043c\u044f \u0434\u043b\u044f \u0447\u0442\u0435\u043d\u0438\u044f":"1 \u043c\u0438\u043d\u0443\u0442\u0430"},"schema":{"@context":"https:\/\/schema.org","@graph":[{"@type":["WebPage","ItemPage"],"@id":"https:\/\/gohike.lv\/ru\/produkts\/lorpen-t2lme-t2-men-light-hiker-eco\/","url":"https:\/\/gohike.lv\/ru\/produkts\/lorpen-t2lme-t2-men-light-hiker-eco\/","name":"Lorpen - T2LME T2 Men Light Hiker Eco","isPartOf":{"@id":"https:\/\/gohike.lv\/ru\/#website"},"primaryImageOfPage":{"@id":"https:\/\/gohike.lv\/ru\/produkts\/lorpen-t2lme-t2-men-light-hiker-eco\/#primaryimage"},"image":{"@id":"https:\/\/gohike.lv\/ru\/produkts\/lorpen-t2lme-t2-men-light-hiker-eco\/#primaryimage"},"thumbnailUrl":"https:\/\/gohike.lv\/wp-content\/uploads\/2024\/06\/MenLightHikerLime.jpg","datePublished":"2024-06-27T13:42:50+00:00","dateModified":"2026-02-05T17:41:48+00:00","description":"Lorpen T2 Light Hiker Eco ze\u0137es ir paredz\u0113tas trekingam. P\u0113das zonai ir pievienots biezums amortiz\u0101cijai, un p\u0113das da\u013ca ir atsl\u0101bin\u0101ta, lai nodro\u0161in\u0101tu maksim\u0101lu komfortu.","breadcrumb":{"@id":"https:\/\/gohike.lv\/ru\/produkts\/lorpen-t2lme-t2-men-light-hiker-eco\/#breadcrumb"},"inLanguage":"ru-RU","potentialAction":[{"@type":"ReadAction","target":["https:\/\/gohike.lv\/ru\/produkts\/lorpen-t2lme-t2-men-light-hiker-eco\/"]}]},{"@type":"ImageObject","inLanguage":"ru-RU","@id":"https:\/\/gohike.lv\/ru\/produkts\/lorpen-t2lme-t2-men-light-hiker-eco\/#primaryimage","url":"https:\/\/gohike.lv\/wp-content\/uploads\/2024\/06\/MenLightHikerLime.jpg","contentUrl":"https:\/\/gohike.lv\/wp-content\/uploads\/2024\/06\/MenLightHikerLime.jpg","width":1024,"height":1024},{"@type":"BreadcrumbList","@id":"https:\/\/gohike.lv\/ru\/produkts\/lorpen-t2lme-t2-men-light-hiker-eco\/#breadcrumb","itemListElement":[{"@type":"ListItem","position":1,"name":"\u0413\u043b\u0430\u0432\u043d\u0430\u044f","item":"https:\/\/gohike.lv\/ru\/"},{"@type":"ListItem","position":2,"name":"\u041a\u0430\u0442\u0435\u0433\u043e\u0440\u0438\u0438 \u0442\u043e\u0432\u0430\u0440\u043e\u0432","item":"https:\/\/gohike.lv\/%d0%ba%d0%b0%d1%82%d0%b5%d0%b3%d0%be%d1%80%d0%b8%d0%b8-%d1%82%d0%be%d0%b2%d0%b0%d1%80%d0%be%d0%b2\/"},{"@type":"ListItem","position":3,"name":"Lorpen &#8211; T2LME T2 Men Light Hiker Eco"}]},{"@type":"WebSite","@id":"https:\/\/gohike.lv\/ru\/#website","url":"https:\/\/gohike.lv\/ru\/","name":"GoHike","description":"","publisher":{"@id":"https:\/\/gohike.lv\/ru\/#organization"},"potentialAction":[{"@type":"SearchAction","target":{"@type":"EntryPoint","urlTemplate":"https:\/\/gohike.lv\/ru\/?s={search_term_string}"},"query-input":{"@type":"PropertyValueSpecification","valueRequired":true,"valueName":"search_term_string"}}],"inLanguage":"ru-RU"},{"@type":"Organization","@id":"https:\/\/gohike.lv\/ru\/#organization","name":"GoHike","url":"https:\/\/gohike.lv\/ru\/","logo":{"@type":"ImageObject","inLanguage":"ru-RU","@id":"https:\/\/gohike.lv\/ru\/#\/schema\/logo\/image\/","url":"https:\/\/gohike.lv\/wp-content\/uploads\/2023\/08\/Logo_GoHike.webp","contentUrl":"https:\/\/gohike.lv\/wp-content\/uploads\/2023\/08\/Logo_GoHike.webp","width":512,"height":512,"caption":"GoHike"},"image":{"@id":"https:\/\/gohike.lv\/ru\/#\/schema\/logo\/image\/"},"sameAs":["https:\/\/www.facebook.com\/gohike.shop\/","https:\/\/www.instagram.com\/gohike.shop\/"]}]}},"jetpack_sharing_enabled":true,"_links":{"self":[{"href":"https:\/\/gohike.lv\/ru\/wp-json\/wp\/v2\/product\/58553","targetHints":{"allow":["GET"]}}],"collection":[{"href":"https:\/\/gohike.lv\/ru\/wp-json\/wp\/v2\/product"}],"about":[{"href":"https:\/\/gohike.lv\/ru\/wp-json\/wp\/v2\/types\/product"}],"version-history":[{"count":0,"href":"https:\/\/gohike.lv\/ru\/wp-json\/wp\/v2\/product\/58553\/revisions"}],"wp:featuredmedia":[{"embeddable":true,"href":"https:\/\/gohike.lv\/ru\/wp-json\/wp\/v2\/media\/58557"}],"wp:attachment":[{"href":"https:\/\/gohike.lv\/ru\/wp-json\/wp\/v2\/media?parent=58553"}],"wp:term":[{"taxonomy":"product_brand","embeddable":true,"href":"https:\/\/gohike.lv\/ru\/wp-json\/wp\/v2\/product_brand?post=58553"},{"taxonomy":"product_cat","embeddable":true,"href":"https:\/\/gohike.lv\/ru\/wp-json\/wp\/v2\/product_cat?post=58553"},{"taxonomy":"product_tag","embeddable":true,"href":"https:\/\/gohike.lv\/ru\/wp-json\/wp\/v2\/product_tag?post=58553"}],"curies":[{"name":"wp","href":"https:\/\/api.w.org\/{rel}","templated":true}]}}