{"id":58514,"date":"2024-06-27T16:41:32","date_gmt":"2024-06-27T13:41:32","guid":{"rendered":"https:\/\/gohike.lv\/produkts\/lorpen-t3hwe-t3-women-heavy-trekker-eco-zekes\/"},"modified":"2026-02-08T08:12:54","modified_gmt":"2026-02-08T05:12:54","slug":"lorpen-t3hwe-t3-women-heavy-trekker-eco-zekes","status":"publish","type":"product","link":"https:\/\/gohike.lv\/ru\/produkts\/lorpen-t3hwe-t3-women-heavy-trekker-eco-zekes\/","title":{"rendered":"Lorpen &#8212; T3HWE T3 Women Heavy Trekker Eco ze\u0137es"},"content":{"rendered":"<p>Mode\u013ca \u012bpa\u0161\u012bbas:<br \/>\nPrimaloft\u00ae Eco dzija ir izgatavota no \u012bpa\u0161i smalk\u0101m poliestera \u0161\u0137iedr\u0101m, kas ir smalk\u0101kas par ka\u0161miru, nodro\u0161inot maigumu un nep\u0101rsp\u0113jamu mitruma p\u0101rvald\u012bbu. Primaloft\u00ae izstr\u0101d\u0101t\u0101 poliestera dzija ir pasaules l\u012bderis sint\u0113tisk\u0101s izol\u0101cijas jom\u0101 tehniskaj\u0101 ap\u0123\u0113rb\u0101. M\u012bksta, siltumu saudz\u0113jo\u0161a, hidrofoba \u0161\u0137iedra no\u0146em mitrumu, bet neuzs\u016bc to.<br \/>\nRed-Cycled Nylon ir izgatavots no 100% izmantotiem zvejas t\u012bkliem, kas t\u0101 viet\u0101, lai k\u013c\u016btu par b\u012bstam\u012bbu un atkritumiem oke\u0101n\u0101, k\u013c\u016bst par jauniem produktiem. \u0160\u0137iedrai ir augsta nodilumiztur\u012bba.<br \/>\nLycra\u00ae ir elast\u012bga sint\u0113tisk\u0101 \u0161\u0137iedra, kas var izstiepties l\u012bdz pat 6 reiz\u0113m un atkal atgriezties s\u0101kotn\u0113j\u0101 form\u0101. \u0160\u012b materi\u0101la strat\u0113\u0123iskais izvietojums Lorpen ze\u0137\u0113s nodro\u0161ina to ilgu kalpo\u0161anas laiku un saglab\u0101 savu izskatu.<br \/>\nPl\u0101na un m\u012bksta merino vilna ar \u0161\u0137iedr\u0101m, kuru garums ir no 65 l\u012bdz 100 mm, lieliski saglab\u0101 mitrumu (hidrofilu) un \u013cauj gaisam cirkul\u0113t. \u013boti mazais \u0161\u0137iedru diametrs rada maiguma un komforta saj\u016btu. Merino vilnai piem\u012bt sp\u0113ja dabiski regul\u0113t temperat\u016bru: t\u0101 saglab\u0101 k\u0101j\u0101s siltumu ziem\u0101 un v\u0113sumu vasar\u0101. Merino vilna uztur siltumu visas dienas garum\u0101, novadot mitrumu no k\u0101j\u0101m un saglab\u0101jot t\u0101s sausas.<br \/>\nTrikot\u0101\u017eas audums nodro\u0161ina augstu amortiz\u0101cijas, polster\u0113juma un aizsardz\u012bbas pak\u0101pi vis\u0101 ze\u0137es garum\u0101, nov\u0113r\u0161ot diskomfortu, ko rada apavu odere vai iek\u0161zole.<br \/>\nAugstums: l\u012bdz ikru vidusda\u013cai.<br \/>\nBiezums: 4\/4.<br \/>\nSezona: rudens, ziema.<br \/>\nTehnolo\u0123ijas:<br \/>\nT3 &#8212; Ekskluz\u012bva tehnolo\u0123ija ar tr\u012bs diferenc\u0113tiem dzijas sl\u0101\u0146iem nodro\u0161ina maksim\u0101lu katra dzijas veida veiktsp\u0113ju.<\/p>\n","protected":false},"excerpt":{"rendered":"<p>Lorpen T3 Heavy Trekker Eco ir \u012bpa\u0161i biezas un pastiprin\u0101tas ze\u0137es, kas ir ide\u0101li piem\u0113rotas p\u0101rg\u0101jieniem, kuriem nepiecie\u0161ams siltums, amortiz\u0101cija un sausums. T3 Heavy Trekker Eco ir lieliski piem\u0113rots lieto\u0161anai ar stingriem vai puscietiem z\u0101bakiem. Ze\u0137es ir paredz\u0113tas, lai k\u0101jas b\u016btu siltas un sausas un uzlabotu veiktsp\u0113ju ekstrem\u0101los apst\u0101k\u013cos. Videi draudz\u012bgs modelis, kas izgatavots no p\u0101rstr\u0101d\u0101t\u0101m \u0161\u0137iedr\u0101m.<\/p>\n","protected":false},"featured_media":58516,"template":"","meta":[],"product_brand":[9326],"product_cat":[1419],"product_tag":[],"class_list":{"0":"post-58514","1":"product","2":"type-product","3":"status-publish","4":"has-post-thumbnail","6":"product_brand-lorpen","7":"product_cat-apgerbs","8":"pa_amortizacija-augsta-pakape","9":"pa_amortizacija-pilna","10":"pa_augstums-lidz-ikru-vidum","11":"pa_biezums-plans-4-no-4","12":"pa_izmers-m38-41","13":"pa_izmers-s34-37","14":"pa_materiali-13-merino-vilna","15":"pa_materiali-20-lycra-neilons","16":"pa_materiali-25-red-cycled-neilons","17":"pa_materiali-42-primaloft-eco","18":"pa_produkta-tips-zekes","19":"pa_sezona-rudens","20":"pa_sezona-ziema","21":"pa_spalva-zils","23":"first","24":"instock","25":"taxable","26":"shipping-taxable","27":"purchasable","28":"product-type-variable"},"raw_content":{"name":"Lorpen - T3HWE T3 Women Heavy Trekker Eco ze\u0137es","description":"Mode\u013ca \u012bpa\u0161\u012bbas:\nPrimaloft\u00ae Eco dzija ir izgatavota no \u012bpa\u0161i smalk\u0101m poliestera \u0161\u0137iedr\u0101m, kas ir smalk\u0101kas par ka\u0161miru, nodro\u0161inot maigumu un nep\u0101rsp\u0113jamu mitruma p\u0101rvald\u012bbu. Primaloft\u00ae izstr\u0101d\u0101t\u0101 poliestera dzija ir pasaules l\u012bderis sint\u0113tisk\u0101s izol\u0101cijas jom\u0101 tehniskaj\u0101 ap\u0123\u0113rb\u0101. M\u012bksta, siltumu saudz\u0113jo\u0161a, hidrofoba \u0161\u0137iedra no\u0146em mitrumu, bet neuzs\u016bc to.\nRed-Cycled Nylon ir izgatavots no 100% izmantotiem zvejas t\u012bkliem, kas t\u0101 viet\u0101, lai k\u013c\u016btu par b\u012bstam\u012bbu un atkritumiem oke\u0101n\u0101, k\u013c\u016bst par jauniem produktiem. \u0160\u0137iedrai ir augsta nodilumiztur\u012bba.\nLycra\u00ae ir elast\u012bga sint\u0113tisk\u0101 \u0161\u0137iedra, kas var izstiepties l\u012bdz pat 6 reiz\u0113m un atkal atgriezties s\u0101kotn\u0113j\u0101 form\u0101. \u0160\u012b materi\u0101la strat\u0113\u0123iskais izvietojums Lorpen ze\u0137\u0113s nodro\u0161ina to ilgu kalpo\u0161anas laiku un saglab\u0101 savu izskatu.\nPl\u0101na un m\u012bksta merino vilna ar \u0161\u0137iedr\u0101m, kuru garums ir no 65 l\u012bdz 100 mm, lieliski saglab\u0101 mitrumu (hidrofilu) un \u013cauj gaisam cirkul\u0113t. \u013boti mazais \u0161\u0137iedru diametrs rada maiguma un komforta saj\u016btu. Merino vilnai piem\u012bt sp\u0113ja dabiski regul\u0113t temperat\u016bru: t\u0101 saglab\u0101 k\u0101j\u0101s siltumu ziem\u0101 un v\u0113sumu vasar\u0101. Merino vilna uztur siltumu visas dienas garum\u0101, novadot mitrumu no k\u0101j\u0101m un saglab\u0101jot t\u0101s sausas.\nTrikot\u0101\u017eas audums nodro\u0161ina augstu amortiz\u0101cijas, polster\u0113juma un aizsardz\u012bbas pak\u0101pi vis\u0101 ze\u0137es garum\u0101, nov\u0113r\u0161ot diskomfortu, ko rada apavu odere vai iek\u0161zole.\nAugstums: l\u012bdz ikru vidusda\u013cai.\nBiezums: 4\/4.\nSezona: rudens, ziema.\nTehnolo\u0123ijas:\nT3 - Ekskluz\u012bva tehnolo\u0123ija ar tr\u012bs diferenc\u0113tiem dzijas sl\u0101\u0146iem nodro\u0161ina maksim\u0101lu katra dzijas veida veiktsp\u0113ju.","short_description":"Lorpen T3 Heavy Trekker Eco ir \u012bpa\u0161i biezas un pastiprin\u0101tas ze\u0137es, kas ir ide\u0101li piem\u0113rotas p\u0101rg\u0101jieniem, kuriem nepiecie\u0161ams siltums, amortiz\u0101cija un sausums. T3 Heavy Trekker Eco ir lieliski piem\u0113rots lieto\u0161anai ar stingriem vai puscietiem z\u0101bakiem. Ze\u0137es ir paredz\u0113tas, lai k\u0101jas b\u016btu siltas un sausas un uzlabotu veiktsp\u0113ju ekstrem\u0101los apst\u0101k\u013cos. Videi draudz\u012bgs modelis, kas izgatavots no p\u0101rstr\u0101d\u0101t\u0101m \u0161\u0137iedr\u0101m.","status":"publish","sku":"Lorp0009","original":58514},"wpml":{"translation_type":1,"has_translations":true,"original":58514,"duplicates":[],"translations":{"lv":58514,"en":67687,"ru":null}},"supplier_id":null,"supplier_sku":"","barcode":null,"atum_controlled":true,"out_stock_date":null,"out_stock_threshold":null,"inheritable":false,"inbound_stock":0,"stock_on_hold":0,"sold_today":0,"sales_last_days":0,"reserved_stock":0,"customer_returns":0,"warehouse_damage":0,"lost_in_post":0,"other_logs":0,"out_stock_days":0,"lost_sales":0,"has_location":null,"update_date":"2025-12-30T14:13:27","atum_locations":[],"atum_stock_status":"instock","restock_status":false,"low_stock_amount":"","sales_update_date":"2025-11-13T14:07:24","calc_backorders":null,"yoast_head":"<!-- This site is optimized with the Yoast SEO plugin v27.3 - https:\/\/yoast.com\/product\/yoast-seo-wordpress\/ -->\n<title>Lorpen - T3HWE T3 Women Heavy Trekker Eco ze\u0137es<\/title>\n<meta name=\"description\" content=\"Lorpen T3 Heavy Trekker Eco ir \u012bpa\u0161i biezas un pastiprin\u0101tas ze\u0137es, kas ir ide\u0101li piem\u0113rotas p\u0101rg\u0101jieniem, kuriem nepiecie\u0161ams siltums, amortiz\u0101cija un sausums.\" \/>\n<meta name=\"robots\" content=\"index, follow, max-snippet:-1, max-image-preview:large, max-video-preview:-1\" \/>\n<link rel=\"canonical\" href=\"https:\/\/gohike.lv\/ru\/produkts\/lorpen-t3hwe-t3-women-heavy-trekker-eco-zekes\/\" \/>\n<meta property=\"og:locale\" content=\"ru_RU\" \/>\n<meta property=\"og:type\" content=\"article\" \/>\n<meta property=\"og:title\" content=\"P\u0101rg\u0101jienu ze\u0137es\" \/>\n<meta property=\"og:description\" content=\"Lorpen T3 Heavy Trekker Eco ir \u012bpa\u0161i biezas un pastiprin\u0101tas ze\u0137es, kas ir ide\u0101li piem\u0113rotas p\u0101rg\u0101jieniem, kuriem nepiecie\u0161ams siltums, amortiz\u0101cija un sausums.\" \/>\n<meta property=\"og:url\" content=\"https:\/\/gohike.lv\/ru\/produkts\/lorpen-t3hwe-t3-women-heavy-trekker-eco-zekes\/\" \/>\n<meta property=\"og:site_name\" content=\"GoHike\" \/>\n<meta property=\"article:publisher\" content=\"https:\/\/www.facebook.com\/gohike.shop\/\" \/>\n<meta property=\"article:modified_time\" content=\"2026-02-08T05:12:54+00:00\" \/>\n<meta property=\"og:image\" content=\"https:\/\/gohike.lv\/wp-content\/uploads\/2024\/06\/T3HeavyTrekkerWomen.jpg\" \/>\n\t<meta property=\"og:image:width\" content=\"1024\" \/>\n\t<meta property=\"og:image:height\" content=\"1024\" \/>\n\t<meta property=\"og:image:type\" content=\"image\/jpeg\" \/>\n<meta name=\"twitter:card\" content=\"summary_large_image\" \/>\n<meta name=\"twitter:title\" content=\"P\u0101rg\u0101jienu ze\u0137es\" \/>\n<meta name=\"twitter:label1\" content=\"\u041f\u0440\u0438\u043c\u0435\u0440\u043d\u043e\u0435 \u0432\u0440\u0435\u043c\u044f \u0434\u043b\u044f \u0447\u0442\u0435\u043d\u0438\u044f\" \/>\n\t<meta name=\"twitter:data1\" content=\"2 \u043c\u0438\u043d\u0443\u0442\u0430\" \/>\n<script type=\"application\/ld+json\" class=\"yoast-schema-graph\">{\"@context\":\"https:\\\/\\\/schema.org\",\"@graph\":[{\"@type\":[\"WebPage\",\"ItemPage\"],\"@id\":\"https:\\\/\\\/gohike.lv\\\/ru\\\/produkts\\\/lorpen-t3hwe-t3-women-heavy-trekker-eco-zekes\\\/\",\"url\":\"https:\\\/\\\/gohike.lv\\\/ru\\\/produkts\\\/lorpen-t3hwe-t3-women-heavy-trekker-eco-zekes\\\/\",\"name\":\"Lorpen - T3HWE T3 Women Heavy Trekker Eco ze\u0137es\",\"isPartOf\":{\"@id\":\"https:\\\/\\\/gohike.lv\\\/ru\\\/#website\"},\"primaryImageOfPage\":{\"@id\":\"https:\\\/\\\/gohike.lv\\\/ru\\\/produkts\\\/lorpen-t3hwe-t3-women-heavy-trekker-eco-zekes\\\/#primaryimage\"},\"image\":{\"@id\":\"https:\\\/\\\/gohike.lv\\\/ru\\\/produkts\\\/lorpen-t3hwe-t3-women-heavy-trekker-eco-zekes\\\/#primaryimage\"},\"thumbnailUrl\":\"https:\\\/\\\/gohike.lv\\\/wp-content\\\/uploads\\\/2024\\\/06\\\/T3HeavyTrekkerWomen.jpg\",\"datePublished\":\"2024-06-27T13:41:32+00:00\",\"dateModified\":\"2026-02-08T05:12:54+00:00\",\"description\":\"Lorpen T3 Heavy Trekker Eco ir \u012bpa\u0161i biezas un pastiprin\u0101tas ze\u0137es, kas ir ide\u0101li piem\u0113rotas p\u0101rg\u0101jieniem, kuriem nepiecie\u0161ams siltums, amortiz\u0101cija un sausums.\",\"breadcrumb\":{\"@id\":\"https:\\\/\\\/gohike.lv\\\/ru\\\/produkts\\\/lorpen-t3hwe-t3-women-heavy-trekker-eco-zekes\\\/#breadcrumb\"},\"inLanguage\":\"ru-RU\",\"potentialAction\":[{\"@type\":\"ReadAction\",\"target\":[\"https:\\\/\\\/gohike.lv\\\/ru\\\/produkts\\\/lorpen-t3hwe-t3-women-heavy-trekker-eco-zekes\\\/\"]}]},{\"@type\":\"ImageObject\",\"inLanguage\":\"ru-RU\",\"@id\":\"https:\\\/\\\/gohike.lv\\\/ru\\\/produkts\\\/lorpen-t3hwe-t3-women-heavy-trekker-eco-zekes\\\/#primaryimage\",\"url\":\"https:\\\/\\\/gohike.lv\\\/wp-content\\\/uploads\\\/2024\\\/06\\\/T3HeavyTrekkerWomen.jpg\",\"contentUrl\":\"https:\\\/\\\/gohike.lv\\\/wp-content\\\/uploads\\\/2024\\\/06\\\/T3HeavyTrekkerWomen.jpg\",\"width\":1024,\"height\":1024},{\"@type\":\"BreadcrumbList\",\"@id\":\"https:\\\/\\\/gohike.lv\\\/ru\\\/produkts\\\/lorpen-t3hwe-t3-women-heavy-trekker-eco-zekes\\\/#breadcrumb\",\"itemListElement\":[{\"@type\":\"ListItem\",\"position\":1,\"name\":\"\u0413\u043b\u0430\u0432\u043d\u0430\u044f\",\"item\":\"https:\\\/\\\/gohike.lv\\\/ru\\\/\"},{\"@type\":\"ListItem\",\"position\":2,\"name\":\"\u041a\u0430\u0442\u0435\u0433\u043e\u0440\u0438\u0438 \u0442\u043e\u0432\u0430\u0440\u043e\u0432\",\"item\":\"https:\\\/\\\/gohike.lv\\\/%d0%ba%d0%b0%d1%82%d0%b5%d0%b3%d0%be%d1%80%d0%b8%d0%b8-%d1%82%d0%be%d0%b2%d0%b0%d1%80%d0%be%d0%b2\\\/\"},{\"@type\":\"ListItem\",\"position\":3,\"name\":\"Lorpen &#8211; T3HWE T3 Women Heavy Trekker Eco ze\u0137es\"}]},{\"@type\":\"WebSite\",\"@id\":\"https:\\\/\\\/gohike.lv\\\/ru\\\/#website\",\"url\":\"https:\\\/\\\/gohike.lv\\\/ru\\\/\",\"name\":\"GoHike\",\"description\":\"\",\"publisher\":{\"@id\":\"https:\\\/\\\/gohike.lv\\\/ru\\\/#organization\"},\"potentialAction\":[{\"@type\":\"SearchAction\",\"target\":{\"@type\":\"EntryPoint\",\"urlTemplate\":\"https:\\\/\\\/gohike.lv\\\/ru\\\/?s={search_term_string}\"},\"query-input\":{\"@type\":\"PropertyValueSpecification\",\"valueRequired\":true,\"valueName\":\"search_term_string\"}}],\"inLanguage\":\"ru-RU\"},{\"@type\":\"Organization\",\"@id\":\"https:\\\/\\\/gohike.lv\\\/ru\\\/#organization\",\"name\":\"GoHike\",\"url\":\"https:\\\/\\\/gohike.lv\\\/ru\\\/\",\"logo\":{\"@type\":\"ImageObject\",\"inLanguage\":\"ru-RU\",\"@id\":\"https:\\\/\\\/gohike.lv\\\/ru\\\/#\\\/schema\\\/logo\\\/image\\\/\",\"url\":\"https:\\\/\\\/gohike.lv\\\/wp-content\\\/uploads\\\/2023\\\/08\\\/Logo_GoHike.webp\",\"contentUrl\":\"https:\\\/\\\/gohike.lv\\\/wp-content\\\/uploads\\\/2023\\\/08\\\/Logo_GoHike.webp\",\"width\":512,\"height\":512,\"caption\":\"GoHike\"},\"image\":{\"@id\":\"https:\\\/\\\/gohike.lv\\\/ru\\\/#\\\/schema\\\/logo\\\/image\\\/\"},\"sameAs\":[\"https:\\\/\\\/www.facebook.com\\\/gohike.shop\\\/\",\"https:\\\/\\\/www.instagram.com\\\/gohike.shop\\\/\"]}]}<\/script>\n<!-- \/ Yoast SEO plugin. -->","yoast_head_json":{"title":"Lorpen - T3HWE T3 Women Heavy Trekker Eco ze\u0137es","description":"Lorpen T3 Heavy Trekker Eco ir \u012bpa\u0161i biezas un pastiprin\u0101tas ze\u0137es, kas ir ide\u0101li piem\u0113rotas p\u0101rg\u0101jieniem, kuriem nepiecie\u0161ams siltums, amortiz\u0101cija un sausums.","robots":{"index":"index","follow":"follow","max-snippet":"max-snippet:-1","max-image-preview":"max-image-preview:large","max-video-preview":"max-video-preview:-1"},"canonical":"https:\/\/gohike.lv\/ru\/produkts\/lorpen-t3hwe-t3-women-heavy-trekker-eco-zekes\/","og_locale":"ru_RU","og_type":"article","og_title":"P\u0101rg\u0101jienu ze\u0137es","og_description":"Lorpen T3 Heavy Trekker Eco ir \u012bpa\u0161i biezas un pastiprin\u0101tas ze\u0137es, kas ir ide\u0101li piem\u0113rotas p\u0101rg\u0101jieniem, kuriem nepiecie\u0161ams siltums, amortiz\u0101cija un sausums.","og_url":"https:\/\/gohike.lv\/ru\/produkts\/lorpen-t3hwe-t3-women-heavy-trekker-eco-zekes\/","og_site_name":"GoHike","article_publisher":"https:\/\/www.facebook.com\/gohike.shop\/","article_modified_time":"2026-02-08T05:12:54+00:00","og_image":[{"width":1024,"height":1024,"url":"https:\/\/gohike.lv\/wp-content\/uploads\/2024\/06\/T3HeavyTrekkerWomen.jpg","type":"image\/jpeg"}],"twitter_card":"summary_large_image","twitter_title":"P\u0101rg\u0101jienu ze\u0137es","twitter_misc":{"\u041f\u0440\u0438\u043c\u0435\u0440\u043d\u043e\u0435 \u0432\u0440\u0435\u043c\u044f \u0434\u043b\u044f \u0447\u0442\u0435\u043d\u0438\u044f":"2 \u043c\u0438\u043d\u0443\u0442\u0430"},"schema":{"@context":"https:\/\/schema.org","@graph":[{"@type":["WebPage","ItemPage"],"@id":"https:\/\/gohike.lv\/ru\/produkts\/lorpen-t3hwe-t3-women-heavy-trekker-eco-zekes\/","url":"https:\/\/gohike.lv\/ru\/produkts\/lorpen-t3hwe-t3-women-heavy-trekker-eco-zekes\/","name":"Lorpen - T3HWE T3 Women Heavy Trekker Eco ze\u0137es","isPartOf":{"@id":"https:\/\/gohike.lv\/ru\/#website"},"primaryImageOfPage":{"@id":"https:\/\/gohike.lv\/ru\/produkts\/lorpen-t3hwe-t3-women-heavy-trekker-eco-zekes\/#primaryimage"},"image":{"@id":"https:\/\/gohike.lv\/ru\/produkts\/lorpen-t3hwe-t3-women-heavy-trekker-eco-zekes\/#primaryimage"},"thumbnailUrl":"https:\/\/gohike.lv\/wp-content\/uploads\/2024\/06\/T3HeavyTrekkerWomen.jpg","datePublished":"2024-06-27T13:41:32+00:00","dateModified":"2026-02-08T05:12:54+00:00","description":"Lorpen T3 Heavy Trekker Eco ir \u012bpa\u0161i biezas un pastiprin\u0101tas ze\u0137es, kas ir ide\u0101li piem\u0113rotas p\u0101rg\u0101jieniem, kuriem nepiecie\u0161ams siltums, amortiz\u0101cija un sausums.","breadcrumb":{"@id":"https:\/\/gohike.lv\/ru\/produkts\/lorpen-t3hwe-t3-women-heavy-trekker-eco-zekes\/#breadcrumb"},"inLanguage":"ru-RU","potentialAction":[{"@type":"ReadAction","target":["https:\/\/gohike.lv\/ru\/produkts\/lorpen-t3hwe-t3-women-heavy-trekker-eco-zekes\/"]}]},{"@type":"ImageObject","inLanguage":"ru-RU","@id":"https:\/\/gohike.lv\/ru\/produkts\/lorpen-t3hwe-t3-women-heavy-trekker-eco-zekes\/#primaryimage","url":"https:\/\/gohike.lv\/wp-content\/uploads\/2024\/06\/T3HeavyTrekkerWomen.jpg","contentUrl":"https:\/\/gohike.lv\/wp-content\/uploads\/2024\/06\/T3HeavyTrekkerWomen.jpg","width":1024,"height":1024},{"@type":"BreadcrumbList","@id":"https:\/\/gohike.lv\/ru\/produkts\/lorpen-t3hwe-t3-women-heavy-trekker-eco-zekes\/#breadcrumb","itemListElement":[{"@type":"ListItem","position":1,"name":"\u0413\u043b\u0430\u0432\u043d\u0430\u044f","item":"https:\/\/gohike.lv\/ru\/"},{"@type":"ListItem","position":2,"name":"\u041a\u0430\u0442\u0435\u0433\u043e\u0440\u0438\u0438 \u0442\u043e\u0432\u0430\u0440\u043e\u0432","item":"https:\/\/gohike.lv\/%d0%ba%d0%b0%d1%82%d0%b5%d0%b3%d0%be%d1%80%d0%b8%d0%b8-%d1%82%d0%be%d0%b2%d0%b0%d1%80%d0%be%d0%b2\/"},{"@type":"ListItem","position":3,"name":"Lorpen &#8211; T3HWE T3 Women Heavy Trekker Eco ze\u0137es"}]},{"@type":"WebSite","@id":"https:\/\/gohike.lv\/ru\/#website","url":"https:\/\/gohike.lv\/ru\/","name":"GoHike","description":"","publisher":{"@id":"https:\/\/gohike.lv\/ru\/#organization"},"potentialAction":[{"@type":"SearchAction","target":{"@type":"EntryPoint","urlTemplate":"https:\/\/gohike.lv\/ru\/?s={search_term_string}"},"query-input":{"@type":"PropertyValueSpecification","valueRequired":true,"valueName":"search_term_string"}}],"inLanguage":"ru-RU"},{"@type":"Organization","@id":"https:\/\/gohike.lv\/ru\/#organization","name":"GoHike","url":"https:\/\/gohike.lv\/ru\/","logo":{"@type":"ImageObject","inLanguage":"ru-RU","@id":"https:\/\/gohike.lv\/ru\/#\/schema\/logo\/image\/","url":"https:\/\/gohike.lv\/wp-content\/uploads\/2023\/08\/Logo_GoHike.webp","contentUrl":"https:\/\/gohike.lv\/wp-content\/uploads\/2023\/08\/Logo_GoHike.webp","width":512,"height":512,"caption":"GoHike"},"image":{"@id":"https:\/\/gohike.lv\/ru\/#\/schema\/logo\/image\/"},"sameAs":["https:\/\/www.facebook.com\/gohike.shop\/","https:\/\/www.instagram.com\/gohike.shop\/"]}]}},"jetpack_sharing_enabled":true,"_links":{"self":[{"href":"https:\/\/gohike.lv\/ru\/wp-json\/wp\/v2\/product\/58514","targetHints":{"allow":["GET"]}}],"collection":[{"href":"https:\/\/gohike.lv\/ru\/wp-json\/wp\/v2\/product"}],"about":[{"href":"https:\/\/gohike.lv\/ru\/wp-json\/wp\/v2\/types\/product"}],"version-history":[{"count":0,"href":"https:\/\/gohike.lv\/ru\/wp-json\/wp\/v2\/product\/58514\/revisions"}],"wp:featuredmedia":[{"embeddable":true,"href":"https:\/\/gohike.lv\/ru\/wp-json\/wp\/v2\/media\/58516"}],"wp:attachment":[{"href":"https:\/\/gohike.lv\/ru\/wp-json\/wp\/v2\/media?parent=58514"}],"wp:term":[{"taxonomy":"product_brand","embeddable":true,"href":"https:\/\/gohike.lv\/ru\/wp-json\/wp\/v2\/product_brand?post=58514"},{"taxonomy":"product_cat","embeddable":true,"href":"https:\/\/gohike.lv\/ru\/wp-json\/wp\/v2\/product_cat?post=58514"},{"taxonomy":"product_tag","embeddable":true,"href":"https:\/\/gohike.lv\/ru\/wp-json\/wp\/v2\/product_tag?post=58514"}],"curies":[{"name":"wp","href":"https:\/\/api.w.org\/{rel}","templated":true}]}}