{"id":58488,"date":"2024-06-27T16:39:42","date_gmt":"2024-06-27T13:39:42","guid":{"rendered":"https:\/\/gohike.lv\/produkts\/lorpen-t3hme-t3-men-heavy-trekker-eco-zekes\/"},"modified":"2026-04-08T19:23:57","modified_gmt":"2026-04-08T16:23:57","slug":"lorpen-t3hme-t3-men-heavy-trekker-eco-zekes","status":"publish","type":"product","link":"https:\/\/gohike.lv\/ru\/produkts\/lorpen-t3hme-t3-men-heavy-trekker-eco-zekes\/","title":{"rendered":"Lorpen &#8212; T3HME T3 Men Heavy Trekker Eco ze\u0137es"},"content":{"rendered":"<p>Mode\u013ca \u012bpa\u0161\u012bbas:<br \/>\nCoolmax Eco\u00ae novada mitrumu no \u0101das, saglab\u0101jot k\u0101jas sausas.<br \/>\nRed-Cycled Nylon ir izgatavots no 100% izmantotiem zvejas t\u012bkliem, kas t\u0101 viet\u0101, lai k\u013c\u016btu par b\u012bstam\u012bbu un atkritumiem oke\u0101n\u0101, k\u013c\u016bst par jauniem produktiem. \u0160\u0137iedrai ir augsta nodilumiztur\u012bba.<br \/>\nTencel\u00ae ir nanostruktur\u0113ta celulozes \u0161\u0137iedra no eikalipta kokiem, kas absorb\u0113 mitrumu.<br \/>\nLycra\u00ae ir elast\u012bga sint\u0113tisk\u0101 \u0161\u0137iedra, kas var izstiepties l\u012bdz pat 6 reiz\u0113m un atkal atgriezties s\u0101kotn\u0113j\u0101 form\u0101. \u0160\u012b materi\u0101la strat\u0113\u0123iskais izvietojums Lorpen ze\u0137\u0113s nodro\u0161ina to ilgu kalpo\u0161anas laiku un saglab\u0101 savu izskatu.<br \/>\nAugstums: vid\u0113js, l\u012bdz ikru vidum.<br \/>\nBiezums: 4\/4.<br \/>\nSezona: visu gadu.<br \/>\nTehnolo\u0123ijas:<br \/>\nSelekt\u012bv\u0101 sl\u0101\u0146u sist\u0113ma (SLS). Atkar\u012bb\u0101 no darb\u012bbas veida, tas \u013cauj kombin\u0113t da\u017e\u0101du sl\u0101\u0146u skaitu da\u017e\u0101d\u0101s vienas ze\u0137es zon\u0101s.<br \/>\nT3 &#8212; Ekskluz\u012bva tehnolo\u0123ija ar tr\u012bs diferenc\u0113tiem dzijas sl\u0101\u0146iem nodro\u0161ina maksim\u0101lu katra dzijas veida veiktsp\u0113ju.<\/p>\n","protected":false},"excerpt":{"rendered":"<p>Lorpen T3 Heavy Trekker Eco ir biezas ze\u0137es, kas ir ide\u0101li piem\u0113rotas p\u0101rg\u0101jieniem, kuros ir nepiecie\u0161ams siltums, amortiz\u0101cija un sausums. Ze\u0137es ir paredz\u0113tas, lai k\u0101jas b\u016btu siltas un sausas, un uzlabotu veiktsp\u0113ju ekstrem\u0101los apst\u0101k\u013cos. Ze\u0137es ir izgatavotas no tehnolo\u0123iskiem materi\u0101liem: 41% Primaloft Eco, 25% Red-Cycled neilons, 20% Lycra\u00ae neilons, 14% merino vilna.<\/p>\n","protected":false},"featured_media":58490,"template":"","meta":[],"product_brand":[13219],"product_cat":[12737],"product_tag":[],"class_list":{"0":"post-58488","1":"product","2":"type-product","3":"status-publish","4":"has-post-thumbnail","6":"product_brand-lorpen-ru","7":"product_cat-12737","8":"pa_izmers-l43-46","9":"pa_izmers-m39-42-ru","10":"pa_izmers-xl47-50","11":"pa_produkta-tips-13217","12":"pa_spalva-melns-laims","14":"first","15":"instock","16":"taxable","17":"shipping-taxable","18":"purchasable","19":"product-type-variable"},"raw_content":{"name":"Lorpen - T3HME T3 Men Heavy Trekker Eco ze\u0137es","description":"Mode\u013ca \u012bpa\u0161\u012bbas:\nCoolmax Eco\u00ae novada mitrumu no \u0101das, saglab\u0101jot k\u0101jas sausas.\nRed-Cycled Nylon ir izgatavots no 100% izmantotiem zvejas t\u012bkliem, kas t\u0101 viet\u0101, lai k\u013c\u016btu par b\u012bstam\u012bbu un atkritumiem oke\u0101n\u0101, k\u013c\u016bst par jauniem produktiem. \u0160\u0137iedrai ir augsta nodilumiztur\u012bba.\nTencel\u00ae ir nanostruktur\u0113ta celulozes \u0161\u0137iedra no eikalipta kokiem, kas absorb\u0113 mitrumu.\nLycra\u00ae ir elast\u012bga sint\u0113tisk\u0101 \u0161\u0137iedra, kas var izstiepties l\u012bdz pat 6 reiz\u0113m un atkal atgriezties s\u0101kotn\u0113j\u0101 form\u0101. \u0160\u012b materi\u0101la strat\u0113\u0123iskais izvietojums Lorpen ze\u0137\u0113s nodro\u0161ina to ilgu kalpo\u0161anas laiku un saglab\u0101 savu izskatu.\nAugstums: vid\u0113js, l\u012bdz ikru vidum.\nBiezums: 4\/4.\nSezona: visu gadu.\nTehnolo\u0123ijas:\nSelekt\u012bv\u0101 sl\u0101\u0146u sist\u0113ma (SLS). Atkar\u012bb\u0101 no darb\u012bbas veida, tas \u013cauj kombin\u0113t da\u017e\u0101du sl\u0101\u0146u skaitu da\u017e\u0101d\u0101s vienas ze\u0137es zon\u0101s.\nT3 - Ekskluz\u012bva tehnolo\u0123ija ar tr\u012bs diferenc\u0113tiem dzijas sl\u0101\u0146iem nodro\u0161ina maksim\u0101lu katra dzijas veida veiktsp\u0113ju.","short_description":"Lorpen T3 Heavy Trekker Eco ir biezas ze\u0137es, kas ir ide\u0101li piem\u0113rotas p\u0101rg\u0101jieniem, kuros ir nepiecie\u0161ams siltums, amortiz\u0101cija un sausums. Ze\u0137es ir paredz\u0113tas, lai k\u0101jas b\u016btu siltas un sausas, un uzlabotu veiktsp\u0113ju ekstrem\u0101los apst\u0101k\u013cos. Ze\u0137es ir izgatavotas no tehnolo\u0123iskiem materi\u0101liem: 41% Primaloft Eco, 25% Red-Cycled neilons, 20% Lycra\u00ae neilons, 14% merino vilna.","status":"publish","sku":"Lorp0007","original":58488},"wpml":{"translation_type":1,"has_translations":true,"original":58488,"duplicates":[],"translations":{"lv":58488,"en":67670,"ru":null}},"supplier_id":null,"supplier_sku":"","barcode":null,"atum_controlled":true,"out_stock_date":null,"out_stock_threshold":null,"inheritable":false,"inbound_stock":0,"stock_on_hold":0,"sold_today":0,"sales_last_days":0,"reserved_stock":0,"customer_returns":0,"warehouse_damage":0,"lost_in_post":0,"other_logs":0,"out_stock_days":0,"lost_sales":0,"has_location":null,"update_date":"2025-12-30T14:13:27","atum_locations":[],"atum_stock_status":"instock","restock_status":false,"low_stock_amount":"","sales_update_date":"2025-11-13T14:07:24","calc_backorders":null,"yoast_head":"<!-- This site is optimized with the Yoast SEO plugin v27.3 - https:\/\/yoast.com\/product\/yoast-seo-wordpress\/ -->\n<title>Lorpen - T3HME T3 Men Heavy Trekker Eco ze\u0137es<\/title>\n<meta name=\"description\" content=\"Lorpen T3 Heavy Trekker Eco ir biezas ze\u0137es, kas ir ide\u0101li piem\u0113rotas p\u0101rg\u0101jieniem, kuros ir nepiecie\u0161ams siltums, amortiz\u0101cija un sausums.\" \/>\n<meta name=\"robots\" content=\"index, follow, max-snippet:-1, max-image-preview:large, max-video-preview:-1\" \/>\n<link rel=\"canonical\" href=\"https:\/\/gohike.lv\/ru\/produkts\/lorpen-t3hme-t3-men-heavy-trekker-eco-zekes\/\" \/>\n<meta property=\"og:locale\" content=\"ru_RU\" \/>\n<meta property=\"og:type\" content=\"article\" \/>\n<meta property=\"og:title\" content=\"P\u0101rg\u0101jienu ze\u0137es\" \/>\n<meta property=\"og:description\" content=\"Lorpen T3 Heavy Trekker Eco ir biezas ze\u0137es, kas ir ide\u0101li piem\u0113rotas p\u0101rg\u0101jieniem, kuros ir nepiecie\u0161ams siltums, amortiz\u0101cija un sausums.\" \/>\n<meta property=\"og:url\" content=\"https:\/\/gohike.lv\/ru\/produkts\/lorpen-t3hme-t3-men-heavy-trekker-eco-zekes\/\" \/>\n<meta property=\"og:site_name\" content=\"GoHike\" \/>\n<meta property=\"article:publisher\" content=\"https:\/\/www.facebook.com\/gohike.shop\/\" \/>\n<meta property=\"article:modified_time\" content=\"2026-04-08T16:23:57+00:00\" \/>\n<meta property=\"og:image\" content=\"https:\/\/gohike.lv\/wp-content\/uploads\/2024\/06\/T3HeavyHikerMen.jpg\" \/>\n\t<meta property=\"og:image:width\" content=\"1024\" \/>\n\t<meta property=\"og:image:height\" content=\"1024\" \/>\n\t<meta property=\"og:image:type\" content=\"image\/jpeg\" \/>\n<meta name=\"twitter:card\" content=\"summary_large_image\" \/>\n<meta name=\"twitter:title\" content=\"P\u0101rg\u0101jienu ze\u0137es\" \/>\n<meta name=\"twitter:label1\" content=\"\u041f\u0440\u0438\u043c\u0435\u0440\u043d\u043e\u0435 \u0432\u0440\u0435\u043c\u044f \u0434\u043b\u044f \u0447\u0442\u0435\u043d\u0438\u044f\" \/>\n\t<meta name=\"twitter:data1\" content=\"1 \u043c\u0438\u043d\u0443\u0442\u0430\" \/>\n<script type=\"application\/ld+json\" class=\"yoast-schema-graph\">{\"@context\":\"https:\\\/\\\/schema.org\",\"@graph\":[{\"@type\":[\"WebPage\",\"ItemPage\"],\"@id\":\"https:\\\/\\\/gohike.lv\\\/ru\\\/produkts\\\/lorpen-t3hme-t3-men-heavy-trekker-eco-zekes\\\/\",\"url\":\"https:\\\/\\\/gohike.lv\\\/ru\\\/produkts\\\/lorpen-t3hme-t3-men-heavy-trekker-eco-zekes\\\/\",\"name\":\"Lorpen - T3HME T3 Men Heavy Trekker Eco ze\u0137es\",\"isPartOf\":{\"@id\":\"https:\\\/\\\/gohike.lv\\\/ru\\\/#website\"},\"primaryImageOfPage\":{\"@id\":\"https:\\\/\\\/gohike.lv\\\/ru\\\/produkts\\\/lorpen-t3hme-t3-men-heavy-trekker-eco-zekes\\\/#primaryimage\"},\"image\":{\"@id\":\"https:\\\/\\\/gohike.lv\\\/ru\\\/produkts\\\/lorpen-t3hme-t3-men-heavy-trekker-eco-zekes\\\/#primaryimage\"},\"thumbnailUrl\":\"https:\\\/\\\/gohike.lv\\\/wp-content\\\/uploads\\\/2024\\\/06\\\/T3HeavyHikerMen.jpg\",\"datePublished\":\"2024-06-27T13:39:42+00:00\",\"dateModified\":\"2026-04-08T16:23:57+00:00\",\"description\":\"Lorpen T3 Heavy Trekker Eco ir biezas ze\u0137es, kas ir ide\u0101li piem\u0113rotas p\u0101rg\u0101jieniem, kuros ir nepiecie\u0161ams siltums, amortiz\u0101cija un sausums.\",\"breadcrumb\":{\"@id\":\"https:\\\/\\\/gohike.lv\\\/ru\\\/produkts\\\/lorpen-t3hme-t3-men-heavy-trekker-eco-zekes\\\/#breadcrumb\"},\"inLanguage\":\"ru-RU\",\"potentialAction\":[{\"@type\":\"ReadAction\",\"target\":[\"https:\\\/\\\/gohike.lv\\\/ru\\\/produkts\\\/lorpen-t3hme-t3-men-heavy-trekker-eco-zekes\\\/\"]}]},{\"@type\":\"ImageObject\",\"inLanguage\":\"ru-RU\",\"@id\":\"https:\\\/\\\/gohike.lv\\\/ru\\\/produkts\\\/lorpen-t3hme-t3-men-heavy-trekker-eco-zekes\\\/#primaryimage\",\"url\":\"https:\\\/\\\/gohike.lv\\\/wp-content\\\/uploads\\\/2024\\\/06\\\/T3HeavyHikerMen.jpg\",\"contentUrl\":\"https:\\\/\\\/gohike.lv\\\/wp-content\\\/uploads\\\/2024\\\/06\\\/T3HeavyHikerMen.jpg\",\"width\":1024,\"height\":1024},{\"@type\":\"BreadcrumbList\",\"@id\":\"https:\\\/\\\/gohike.lv\\\/ru\\\/produkts\\\/lorpen-t3hme-t3-men-heavy-trekker-eco-zekes\\\/#breadcrumb\",\"itemListElement\":[{\"@type\":\"ListItem\",\"position\":1,\"name\":\"\u0413\u043b\u0430\u0432\u043d\u0430\u044f\",\"item\":\"https:\\\/\\\/gohike.lv\\\/ru\\\/\"},{\"@type\":\"ListItem\",\"position\":2,\"name\":\"\u041a\u0430\u0442\u0435\u0433\u043e\u0440\u0438\u0438 \u0442\u043e\u0432\u0430\u0440\u043e\u0432\",\"item\":\"https:\\\/\\\/gohike.lv\\\/%d0%ba%d0%b0%d1%82%d0%b5%d0%b3%d0%be%d1%80%d0%b8%d0%b8-%d1%82%d0%be%d0%b2%d0%b0%d1%80%d0%be%d0%b2\\\/\"},{\"@type\":\"ListItem\",\"position\":3,\"name\":\"Lorpen &#8211; T3HME T3 Men Heavy Trekker Eco ze\u0137es\"}]},{\"@type\":\"WebSite\",\"@id\":\"https:\\\/\\\/gohike.lv\\\/ru\\\/#website\",\"url\":\"https:\\\/\\\/gohike.lv\\\/ru\\\/\",\"name\":\"GoHike\",\"description\":\"\",\"publisher\":{\"@id\":\"https:\\\/\\\/gohike.lv\\\/ru\\\/#organization\"},\"potentialAction\":[{\"@type\":\"SearchAction\",\"target\":{\"@type\":\"EntryPoint\",\"urlTemplate\":\"https:\\\/\\\/gohike.lv\\\/ru\\\/?s={search_term_string}\"},\"query-input\":{\"@type\":\"PropertyValueSpecification\",\"valueRequired\":true,\"valueName\":\"search_term_string\"}}],\"inLanguage\":\"ru-RU\"},{\"@type\":\"Organization\",\"@id\":\"https:\\\/\\\/gohike.lv\\\/ru\\\/#organization\",\"name\":\"GoHike\",\"url\":\"https:\\\/\\\/gohike.lv\\\/ru\\\/\",\"logo\":{\"@type\":\"ImageObject\",\"inLanguage\":\"ru-RU\",\"@id\":\"https:\\\/\\\/gohike.lv\\\/ru\\\/#\\\/schema\\\/logo\\\/image\\\/\",\"url\":\"https:\\\/\\\/gohike.lv\\\/wp-content\\\/uploads\\\/2023\\\/08\\\/Logo_GoHike.webp\",\"contentUrl\":\"https:\\\/\\\/gohike.lv\\\/wp-content\\\/uploads\\\/2023\\\/08\\\/Logo_GoHike.webp\",\"width\":512,\"height\":512,\"caption\":\"GoHike\"},\"image\":{\"@id\":\"https:\\\/\\\/gohike.lv\\\/ru\\\/#\\\/schema\\\/logo\\\/image\\\/\"},\"sameAs\":[\"https:\\\/\\\/www.facebook.com\\\/gohike.shop\\\/\",\"https:\\\/\\\/www.instagram.com\\\/gohike.shop\\\/\"]}]}<\/script>\n<!-- \/ Yoast SEO plugin. -->","yoast_head_json":{"title":"Lorpen - T3HME T3 Men Heavy Trekker Eco ze\u0137es","description":"Lorpen T3 Heavy Trekker Eco ir biezas ze\u0137es, kas ir ide\u0101li piem\u0113rotas p\u0101rg\u0101jieniem, kuros ir nepiecie\u0161ams siltums, amortiz\u0101cija un sausums.","robots":{"index":"index","follow":"follow","max-snippet":"max-snippet:-1","max-image-preview":"max-image-preview:large","max-video-preview":"max-video-preview:-1"},"canonical":"https:\/\/gohike.lv\/ru\/produkts\/lorpen-t3hme-t3-men-heavy-trekker-eco-zekes\/","og_locale":"ru_RU","og_type":"article","og_title":"P\u0101rg\u0101jienu ze\u0137es","og_description":"Lorpen T3 Heavy Trekker Eco ir biezas ze\u0137es, kas ir ide\u0101li piem\u0113rotas p\u0101rg\u0101jieniem, kuros ir nepiecie\u0161ams siltums, amortiz\u0101cija un sausums.","og_url":"https:\/\/gohike.lv\/ru\/produkts\/lorpen-t3hme-t3-men-heavy-trekker-eco-zekes\/","og_site_name":"GoHike","article_publisher":"https:\/\/www.facebook.com\/gohike.shop\/","article_modified_time":"2026-04-08T16:23:57+00:00","og_image":[{"width":1024,"height":1024,"url":"https:\/\/gohike.lv\/wp-content\/uploads\/2024\/06\/T3HeavyHikerMen.jpg","type":"image\/jpeg"}],"twitter_card":"summary_large_image","twitter_title":"P\u0101rg\u0101jienu ze\u0137es","twitter_misc":{"\u041f\u0440\u0438\u043c\u0435\u0440\u043d\u043e\u0435 \u0432\u0440\u0435\u043c\u044f \u0434\u043b\u044f \u0447\u0442\u0435\u043d\u0438\u044f":"1 \u043c\u0438\u043d\u0443\u0442\u0430"},"schema":{"@context":"https:\/\/schema.org","@graph":[{"@type":["WebPage","ItemPage"],"@id":"https:\/\/gohike.lv\/ru\/produkts\/lorpen-t3hme-t3-men-heavy-trekker-eco-zekes\/","url":"https:\/\/gohike.lv\/ru\/produkts\/lorpen-t3hme-t3-men-heavy-trekker-eco-zekes\/","name":"Lorpen - T3HME T3 Men Heavy Trekker Eco ze\u0137es","isPartOf":{"@id":"https:\/\/gohike.lv\/ru\/#website"},"primaryImageOfPage":{"@id":"https:\/\/gohike.lv\/ru\/produkts\/lorpen-t3hme-t3-men-heavy-trekker-eco-zekes\/#primaryimage"},"image":{"@id":"https:\/\/gohike.lv\/ru\/produkts\/lorpen-t3hme-t3-men-heavy-trekker-eco-zekes\/#primaryimage"},"thumbnailUrl":"https:\/\/gohike.lv\/wp-content\/uploads\/2024\/06\/T3HeavyHikerMen.jpg","datePublished":"2024-06-27T13:39:42+00:00","dateModified":"2026-04-08T16:23:57+00:00","description":"Lorpen T3 Heavy Trekker Eco ir biezas ze\u0137es, kas ir ide\u0101li piem\u0113rotas p\u0101rg\u0101jieniem, kuros ir nepiecie\u0161ams siltums, amortiz\u0101cija un sausums.","breadcrumb":{"@id":"https:\/\/gohike.lv\/ru\/produkts\/lorpen-t3hme-t3-men-heavy-trekker-eco-zekes\/#breadcrumb"},"inLanguage":"ru-RU","potentialAction":[{"@type":"ReadAction","target":["https:\/\/gohike.lv\/ru\/produkts\/lorpen-t3hme-t3-men-heavy-trekker-eco-zekes\/"]}]},{"@type":"ImageObject","inLanguage":"ru-RU","@id":"https:\/\/gohike.lv\/ru\/produkts\/lorpen-t3hme-t3-men-heavy-trekker-eco-zekes\/#primaryimage","url":"https:\/\/gohike.lv\/wp-content\/uploads\/2024\/06\/T3HeavyHikerMen.jpg","contentUrl":"https:\/\/gohike.lv\/wp-content\/uploads\/2024\/06\/T3HeavyHikerMen.jpg","width":1024,"height":1024},{"@type":"BreadcrumbList","@id":"https:\/\/gohike.lv\/ru\/produkts\/lorpen-t3hme-t3-men-heavy-trekker-eco-zekes\/#breadcrumb","itemListElement":[{"@type":"ListItem","position":1,"name":"\u0413\u043b\u0430\u0432\u043d\u0430\u044f","item":"https:\/\/gohike.lv\/ru\/"},{"@type":"ListItem","position":2,"name":"\u041a\u0430\u0442\u0435\u0433\u043e\u0440\u0438\u0438 \u0442\u043e\u0432\u0430\u0440\u043e\u0432","item":"https:\/\/gohike.lv\/%d0%ba%d0%b0%d1%82%d0%b5%d0%b3%d0%be%d1%80%d0%b8%d0%b8-%d1%82%d0%be%d0%b2%d0%b0%d1%80%d0%be%d0%b2\/"},{"@type":"ListItem","position":3,"name":"Lorpen &#8211; T3HME T3 Men Heavy Trekker Eco ze\u0137es"}]},{"@type":"WebSite","@id":"https:\/\/gohike.lv\/ru\/#website","url":"https:\/\/gohike.lv\/ru\/","name":"GoHike","description":"","publisher":{"@id":"https:\/\/gohike.lv\/ru\/#organization"},"potentialAction":[{"@type":"SearchAction","target":{"@type":"EntryPoint","urlTemplate":"https:\/\/gohike.lv\/ru\/?s={search_term_string}"},"query-input":{"@type":"PropertyValueSpecification","valueRequired":true,"valueName":"search_term_string"}}],"inLanguage":"ru-RU"},{"@type":"Organization","@id":"https:\/\/gohike.lv\/ru\/#organization","name":"GoHike","url":"https:\/\/gohike.lv\/ru\/","logo":{"@type":"ImageObject","inLanguage":"ru-RU","@id":"https:\/\/gohike.lv\/ru\/#\/schema\/logo\/image\/","url":"https:\/\/gohike.lv\/wp-content\/uploads\/2023\/08\/Logo_GoHike.webp","contentUrl":"https:\/\/gohike.lv\/wp-content\/uploads\/2023\/08\/Logo_GoHike.webp","width":512,"height":512,"caption":"GoHike"},"image":{"@id":"https:\/\/gohike.lv\/ru\/#\/schema\/logo\/image\/"},"sameAs":["https:\/\/www.facebook.com\/gohike.shop\/","https:\/\/www.instagram.com\/gohike.shop\/"]}]}},"jetpack_sharing_enabled":true,"_links":{"self":[{"href":"https:\/\/gohike.lv\/ru\/wp-json\/wp\/v2\/product\/58488","targetHints":{"allow":["GET"]}}],"collection":[{"href":"https:\/\/gohike.lv\/ru\/wp-json\/wp\/v2\/product"}],"about":[{"href":"https:\/\/gohike.lv\/ru\/wp-json\/wp\/v2\/types\/product"}],"version-history":[{"count":0,"href":"https:\/\/gohike.lv\/ru\/wp-json\/wp\/v2\/product\/58488\/revisions"}],"wp:featuredmedia":[{"embeddable":true,"href":"https:\/\/gohike.lv\/ru\/wp-json\/wp\/v2\/media\/58490"}],"wp:attachment":[{"href":"https:\/\/gohike.lv\/ru\/wp-json\/wp\/v2\/media?parent=58488"}],"wp:term":[{"taxonomy":"product_brand","embeddable":true,"href":"https:\/\/gohike.lv\/ru\/wp-json\/wp\/v2\/product_brand?post=58488"},{"taxonomy":"product_cat","embeddable":true,"href":"https:\/\/gohike.lv\/ru\/wp-json\/wp\/v2\/product_cat?post=58488"},{"taxonomy":"product_tag","embeddable":true,"href":"https:\/\/gohike.lv\/ru\/wp-json\/wp\/v2\/product_tag?post=58488"}],"curies":[{"name":"wp","href":"https:\/\/api.w.org\/{rel}","templated":true}]}}