{"id":58410,"date":"2024-06-27T16:32:10","date_gmt":"2024-06-27T13:32:10","guid":{"rendered":"https:\/\/gohike.lv\/produkts\/lorpen-t3lmc-mens-t3-light-hiker-zekes\/"},"modified":"2026-02-08T08:12:34","modified_gmt":"2026-02-08T05:12:34","slug":"lorpen-t3lmc-mens-t3-light-hiker-zekes","status":"publish","type":"product","link":"https:\/\/gohike.lv\/ru\/produkts\/lorpen-t3lmc-mens-t3-light-hiker-zekes\/","title":{"rendered":"Lorpen &#8212; T3LMC Mens T3 Light Hiker ze\u0137es"},"content":{"rendered":"<p>Mode\u013ca \u012bpa\u0161\u012bbas:<br \/>\nCoolmax Eco\u00ae novada mitrumu no \u0101das, saglab\u0101jot k\u0101jas sausas.<br \/>\nTencel\u00ae ir nanostruktur\u0113ta celulozes \u0161\u0137iedra no eikalipta kokiem, kas absorb\u0113 mitrumu.<br \/>\nRed-Cycled Nylon ir izgatavots no 100% izmantotiem zvejas t\u012bkliem, kas t\u0101 viet\u0101, lai k\u013c\u016btu par b\u012bstam\u012bbu un atkritumiem oke\u0101n\u0101, k\u013c\u016bst par jauniem produktiem. \u0160\u0137iedrai ir augsta nodilumiztur\u012bba, neilons uzlabo iztur\u012bbu un nodro\u0161ina, ka ze\u0137es nesl\u012bd nost.<br \/>\nLycra\u00ae ir elast\u012bga sint\u0113tisk\u0101 \u0161\u0137iedra, kas var izstiepties l\u012bdz pat 6 reiz\u0113m un atkal atgriezties s\u0101kotn\u0113j\u0101 form\u0101. \u0160\u012b materi\u0101la strat\u0113\u0123iskais izvietojums Lorpen ze\u0137\u0113s nodro\u0161ina to ilgu kalpo\u0161anas laiku un saglab\u0101 savu izskatu.<br \/>\nSezona: pavasaris, vasara, rudens.<br \/>\nLorpen biezums: 2 no 4 (vid\u0113ji pl\u0101ns).<br \/>\nVides sertifik\u0101ts ISO 14001.<br \/>\nTehnolo\u0123ijas:<br \/>\nSelekt\u012bv\u0101 sl\u0101\u0146u sist\u0113ma (SLS). Atkar\u012bb\u0101 no darb\u012bbas veida, tas \u013cauj kombin\u0113t da\u017e\u0101du sl\u0101\u0146u skaitu da\u017e\u0101d\u0101s vienas ze\u0137es zon\u0101s.<br \/>\nT3 &#8212; Ekskluz\u012bva tehnolo\u0123ija ar tr\u012bs diferenc\u0113tiem dzijas sl\u0101\u0146iem nodro\u0161ina maksim\u0101lu katra dzijas veida veiktsp\u0113ju.<\/p>\n","protected":false},"excerpt":{"rendered":"<p>Lorpen LIGHT HIKER ECO ze\u0137es ir ide\u0101li piem\u0113rotas p\u0101rg\u0101jieniem siltaj\u0101 sezon\u0101s \u2013 pavasar\u012b, vasar\u0101, ruden\u012b. Ze\u0137es ir izgatavotas no tehnolo\u0123iskiem materi\u0101liem: 34% Red-Cycled neilons, 33% Coolmax ECO, 18% Stretch neilons ar likru, 15% Tencel\u00ae.<\/p>\n","protected":false},"featured_media":58412,"template":"","meta":[],"product_brand":[9326],"product_cat":[1419],"product_tag":[],"class_list":{"0":"post-58410","1":"product","2":"type-product","3":"status-publish","4":"has-post-thumbnail","6":"product_brand-lorpen","7":"product_cat-apgerbs","8":"pa_amortizacija-papedis","9":"pa_amortizacija-pirksts","10":"pa_biezums-plans-2-no-4","11":"pa_izmers-l43-46","12":"pa_izmers-m39-42","13":"pa_materiali-15-tencel","14":"pa_materiali-18-stretch-neilons-ar-likru","15":"pa_materiali-33-coolmax-eco","16":"pa_materiali-34-red-cycled-neilons","17":"pa_pastiprinajums-papedis","18":"pa_pastiprinajums-pirksts","19":"pa_produkta-tips-zekes","20":"pa_sezona-pavasaris","21":"pa_sezona-rudens","22":"pa_sezona-vasara","23":"pa_spalva-melns-zils","25":"first","26":"instock","27":"taxable","28":"shipping-taxable","29":"purchasable","30":"product-type-variable"},"raw_content":{"name":"Lorpen - T3LMC Mens T3 Light Hiker ze\u0137es","description":"Mode\u013ca \u012bpa\u0161\u012bbas:\nCoolmax Eco\u00ae novada mitrumu no \u0101das, saglab\u0101jot k\u0101jas sausas.\nTencel\u00ae ir nanostruktur\u0113ta celulozes \u0161\u0137iedra no eikalipta kokiem, kas absorb\u0113 mitrumu.\nRed-Cycled Nylon ir izgatavots no 100% izmantotiem zvejas t\u012bkliem, kas t\u0101 viet\u0101, lai k\u013c\u016btu par b\u012bstam\u012bbu un atkritumiem oke\u0101n\u0101, k\u013c\u016bst par jauniem produktiem. \u0160\u0137iedrai ir augsta nodilumiztur\u012bba, neilons uzlabo iztur\u012bbu un nodro\u0161ina, ka ze\u0137es nesl\u012bd nost.\nLycra\u00ae ir elast\u012bga sint\u0113tisk\u0101 \u0161\u0137iedra, kas var izstiepties l\u012bdz pat 6 reiz\u0113m un atkal atgriezties s\u0101kotn\u0113j\u0101 form\u0101. \u0160\u012b materi\u0101la strat\u0113\u0123iskais izvietojums Lorpen ze\u0137\u0113s nodro\u0161ina to ilgu kalpo\u0161anas laiku un saglab\u0101 savu izskatu.\nSezona: pavasaris, vasara, rudens.\nLorpen biezums: 2 no 4 (vid\u0113ji pl\u0101ns).\nVides sertifik\u0101ts ISO 14001.\nTehnolo\u0123ijas:\nSelekt\u012bv\u0101 sl\u0101\u0146u sist\u0113ma (SLS). Atkar\u012bb\u0101 no darb\u012bbas veida, tas \u013cauj kombin\u0113t da\u017e\u0101du sl\u0101\u0146u skaitu da\u017e\u0101d\u0101s vienas ze\u0137es zon\u0101s.\nT3 - Ekskluz\u012bva tehnolo\u0123ija ar tr\u012bs diferenc\u0113tiem dzijas sl\u0101\u0146iem nodro\u0161ina maksim\u0101lu katra dzijas veida veiktsp\u0113ju.","short_description":"Lorpen LIGHT HIKER ECO ze\u0137es ir ide\u0101li piem\u0113rotas p\u0101rg\u0101jieniem siltaj\u0101 sezon\u0101s \u2013 pavasar\u012b, vasar\u0101, ruden\u012b. Ze\u0137es ir izgatavotas no tehnolo\u0123iskiem materi\u0101liem: 34% Red-Cycled neilons, 33% Coolmax ECO, 18% Stretch neilons ar likru, 15% Tencel\u00ae.","status":"publish","sku":"Lorp0002","original":58410},"wpml":{"translation_type":1,"has_translations":true,"original":58410,"duplicates":[],"translations":{"lv":58410,"en":67655,"ru":null}},"supplier_id":null,"supplier_sku":"","barcode":null,"atum_controlled":true,"out_stock_date":null,"out_stock_threshold":null,"inheritable":false,"inbound_stock":0,"stock_on_hold":0,"sold_today":0,"sales_last_days":0,"reserved_stock":0,"customer_returns":0,"warehouse_damage":0,"lost_in_post":0,"other_logs":0,"out_stock_days":0,"lost_sales":0,"has_location":null,"update_date":"2025-12-30T14:13:27","atum_locations":[],"atum_stock_status":"instock","restock_status":false,"low_stock_amount":"","sales_update_date":"2025-11-13T14:07:24","calc_backorders":null,"yoast_head":"<!-- This site is optimized with the Yoast SEO plugin v27.3 - https:\/\/yoast.com\/product\/yoast-seo-wordpress\/ -->\n<title>Lorpen - T3LMC Mens T3 Light Hiker ze\u0137es<\/title>\n<meta name=\"description\" content=\"Lorpen LIGHT HIKER ECO ze\u0137es ir ide\u0101li piem\u0113rotas p\u0101rg\u0101jieniem siltaj\u0101 sezon\u0101s \u2013 pavasar\u012b, vasar\u0101, ruden\u012b. Ze\u0137es ir izgatavotas no tehnolo\u0123iskiem materi\u0101liem: 34% Red-Cycled neilons, 33% Coolmax ECO, 18% Stretch neilons ar likru, 15% Tencel\u00ae.\" \/>\n<meta name=\"robots\" content=\"index, follow, max-snippet:-1, max-image-preview:large, max-video-preview:-1\" \/>\n<link rel=\"canonical\" href=\"https:\/\/gohike.lv\/ru\/produkts\/lorpen-t3lmc-mens-t3-light-hiker-zekes\/\" \/>\n<meta property=\"og:locale\" content=\"ru_RU\" \/>\n<meta property=\"og:type\" content=\"article\" \/>\n<meta property=\"og:title\" content=\"P\u0101rg\u0101jienu ze\u0137es\" \/>\n<meta property=\"og:description\" content=\"Lorpen LIGHT HIKER ECO ze\u0137es ir ide\u0101li piem\u0113rotas p\u0101rg\u0101jieniem siltaj\u0101 sezon\u0101s \u2013 pavasar\u012b, vasar\u0101, ruden\u012b. Ze\u0137es ir izgatavotas no tehnolo\u0123iskiem materi\u0101liem: 34% Red-Cycled neilons, 33% Coolmax ECO, 18% Stretch neilons ar likru, 15% Tencel\u00ae.\" \/>\n<meta property=\"og:url\" content=\"https:\/\/gohike.lv\/ru\/produkts\/lorpen-t3lmc-mens-t3-light-hiker-zekes\/\" \/>\n<meta property=\"og:site_name\" content=\"GoHike\" \/>\n<meta property=\"article:publisher\" content=\"https:\/\/www.facebook.com\/gohike.shop\/\" \/>\n<meta property=\"article:modified_time\" content=\"2026-02-08T05:12:34+00:00\" \/>\n<meta property=\"og:image\" content=\"https:\/\/gohike.lv\/wp-content\/uploads\/2024\/06\/MensT3LightHikerBlue.jpg\" \/>\n\t<meta property=\"og:image:width\" content=\"1000\" \/>\n\t<meta property=\"og:image:height\" content=\"1000\" \/>\n\t<meta property=\"og:image:type\" content=\"image\/jpeg\" \/>\n<meta name=\"twitter:card\" content=\"summary_large_image\" \/>\n<meta name=\"twitter:title\" content=\"P\u0101rg\u0101jienu ze\u0137es\" \/>\n<meta name=\"twitter:label1\" content=\"\u041f\u0440\u0438\u043c\u0435\u0440\u043d\u043e\u0435 \u0432\u0440\u0435\u043c\u044f \u0434\u043b\u044f \u0447\u0442\u0435\u043d\u0438\u044f\" \/>\n\t<meta name=\"twitter:data1\" content=\"1 \u043c\u0438\u043d\u0443\u0442\u0430\" \/>\n<script type=\"application\/ld+json\" class=\"yoast-schema-graph\">{\"@context\":\"https:\\\/\\\/schema.org\",\"@graph\":[{\"@type\":[\"WebPage\",\"ItemPage\"],\"@id\":\"https:\\\/\\\/gohike.lv\\\/ru\\\/produkts\\\/lorpen-t3lmc-mens-t3-light-hiker-zekes\\\/\",\"url\":\"https:\\\/\\\/gohike.lv\\\/ru\\\/produkts\\\/lorpen-t3lmc-mens-t3-light-hiker-zekes\\\/\",\"name\":\"Lorpen - T3LMC Mens T3 Light Hiker ze\u0137es\",\"isPartOf\":{\"@id\":\"https:\\\/\\\/gohike.lv\\\/ru\\\/#website\"},\"primaryImageOfPage\":{\"@id\":\"https:\\\/\\\/gohike.lv\\\/ru\\\/produkts\\\/lorpen-t3lmc-mens-t3-light-hiker-zekes\\\/#primaryimage\"},\"image\":{\"@id\":\"https:\\\/\\\/gohike.lv\\\/ru\\\/produkts\\\/lorpen-t3lmc-mens-t3-light-hiker-zekes\\\/#primaryimage\"},\"thumbnailUrl\":\"https:\\\/\\\/gohike.lv\\\/wp-content\\\/uploads\\\/2024\\\/06\\\/MensT3LightHikerBlue.jpg\",\"datePublished\":\"2024-06-27T13:32:10+00:00\",\"dateModified\":\"2026-02-08T05:12:34+00:00\",\"description\":\"Lorpen LIGHT HIKER ECO ze\u0137es ir ide\u0101li piem\u0113rotas p\u0101rg\u0101jieniem siltaj\u0101 sezon\u0101s \u2013 pavasar\u012b, vasar\u0101, ruden\u012b. Ze\u0137es ir izgatavotas no tehnolo\u0123iskiem materi\u0101liem: 34% Red-Cycled neilons, 33% Coolmax ECO, 18% Stretch neilons ar likru, 15% Tencel\u00ae.\",\"breadcrumb\":{\"@id\":\"https:\\\/\\\/gohike.lv\\\/ru\\\/produkts\\\/lorpen-t3lmc-mens-t3-light-hiker-zekes\\\/#breadcrumb\"},\"inLanguage\":\"ru-RU\",\"potentialAction\":[{\"@type\":\"ReadAction\",\"target\":[\"https:\\\/\\\/gohike.lv\\\/ru\\\/produkts\\\/lorpen-t3lmc-mens-t3-light-hiker-zekes\\\/\"]}]},{\"@type\":\"ImageObject\",\"inLanguage\":\"ru-RU\",\"@id\":\"https:\\\/\\\/gohike.lv\\\/ru\\\/produkts\\\/lorpen-t3lmc-mens-t3-light-hiker-zekes\\\/#primaryimage\",\"url\":\"https:\\\/\\\/gohike.lv\\\/wp-content\\\/uploads\\\/2024\\\/06\\\/MensT3LightHikerBlue.jpg\",\"contentUrl\":\"https:\\\/\\\/gohike.lv\\\/wp-content\\\/uploads\\\/2024\\\/06\\\/MensT3LightHikerBlue.jpg\",\"width\":1000,\"height\":1000},{\"@type\":\"BreadcrumbList\",\"@id\":\"https:\\\/\\\/gohike.lv\\\/ru\\\/produkts\\\/lorpen-t3lmc-mens-t3-light-hiker-zekes\\\/#breadcrumb\",\"itemListElement\":[{\"@type\":\"ListItem\",\"position\":1,\"name\":\"\u0413\u043b\u0430\u0432\u043d\u0430\u044f\",\"item\":\"https:\\\/\\\/gohike.lv\\\/ru\\\/\"},{\"@type\":\"ListItem\",\"position\":2,\"name\":\"\u041a\u0430\u0442\u0435\u0433\u043e\u0440\u0438\u0438 \u0442\u043e\u0432\u0430\u0440\u043e\u0432\",\"item\":\"https:\\\/\\\/gohike.lv\\\/%d0%ba%d0%b0%d1%82%d0%b5%d0%b3%d0%be%d1%80%d0%b8%d0%b8-%d1%82%d0%be%d0%b2%d0%b0%d1%80%d0%be%d0%b2\\\/\"},{\"@type\":\"ListItem\",\"position\":3,\"name\":\"Lorpen &#8211; T3LMC Mens T3 Light Hiker ze\u0137es\"}]},{\"@type\":\"WebSite\",\"@id\":\"https:\\\/\\\/gohike.lv\\\/ru\\\/#website\",\"url\":\"https:\\\/\\\/gohike.lv\\\/ru\\\/\",\"name\":\"GoHike\",\"description\":\"\",\"publisher\":{\"@id\":\"https:\\\/\\\/gohike.lv\\\/ru\\\/#organization\"},\"potentialAction\":[{\"@type\":\"SearchAction\",\"target\":{\"@type\":\"EntryPoint\",\"urlTemplate\":\"https:\\\/\\\/gohike.lv\\\/ru\\\/?s={search_term_string}\"},\"query-input\":{\"@type\":\"PropertyValueSpecification\",\"valueRequired\":true,\"valueName\":\"search_term_string\"}}],\"inLanguage\":\"ru-RU\"},{\"@type\":\"Organization\",\"@id\":\"https:\\\/\\\/gohike.lv\\\/ru\\\/#organization\",\"name\":\"GoHike\",\"url\":\"https:\\\/\\\/gohike.lv\\\/ru\\\/\",\"logo\":{\"@type\":\"ImageObject\",\"inLanguage\":\"ru-RU\",\"@id\":\"https:\\\/\\\/gohike.lv\\\/ru\\\/#\\\/schema\\\/logo\\\/image\\\/\",\"url\":\"https:\\\/\\\/gohike.lv\\\/wp-content\\\/uploads\\\/2023\\\/08\\\/Logo_GoHike.webp\",\"contentUrl\":\"https:\\\/\\\/gohike.lv\\\/wp-content\\\/uploads\\\/2023\\\/08\\\/Logo_GoHike.webp\",\"width\":512,\"height\":512,\"caption\":\"GoHike\"},\"image\":{\"@id\":\"https:\\\/\\\/gohike.lv\\\/ru\\\/#\\\/schema\\\/logo\\\/image\\\/\"},\"sameAs\":[\"https:\\\/\\\/www.facebook.com\\\/gohike.shop\\\/\",\"https:\\\/\\\/www.instagram.com\\\/gohike.shop\\\/\"]}]}<\/script>\n<!-- \/ Yoast SEO plugin. -->","yoast_head_json":{"title":"Lorpen - T3LMC Mens T3 Light Hiker ze\u0137es","description":"Lorpen LIGHT HIKER ECO ze\u0137es ir ide\u0101li piem\u0113rotas p\u0101rg\u0101jieniem siltaj\u0101 sezon\u0101s \u2013 pavasar\u012b, vasar\u0101, ruden\u012b. Ze\u0137es ir izgatavotas no tehnolo\u0123iskiem materi\u0101liem: 34% Red-Cycled neilons, 33% Coolmax ECO, 18% Stretch neilons ar likru, 15% Tencel\u00ae.","robots":{"index":"index","follow":"follow","max-snippet":"max-snippet:-1","max-image-preview":"max-image-preview:large","max-video-preview":"max-video-preview:-1"},"canonical":"https:\/\/gohike.lv\/ru\/produkts\/lorpen-t3lmc-mens-t3-light-hiker-zekes\/","og_locale":"ru_RU","og_type":"article","og_title":"P\u0101rg\u0101jienu ze\u0137es","og_description":"Lorpen LIGHT HIKER ECO ze\u0137es ir ide\u0101li piem\u0113rotas p\u0101rg\u0101jieniem siltaj\u0101 sezon\u0101s \u2013 pavasar\u012b, vasar\u0101, ruden\u012b. Ze\u0137es ir izgatavotas no tehnolo\u0123iskiem materi\u0101liem: 34% Red-Cycled neilons, 33% Coolmax ECO, 18% Stretch neilons ar likru, 15% Tencel\u00ae.","og_url":"https:\/\/gohike.lv\/ru\/produkts\/lorpen-t3lmc-mens-t3-light-hiker-zekes\/","og_site_name":"GoHike","article_publisher":"https:\/\/www.facebook.com\/gohike.shop\/","article_modified_time":"2026-02-08T05:12:34+00:00","og_image":[{"width":1000,"height":1000,"url":"https:\/\/gohike.lv\/wp-content\/uploads\/2024\/06\/MensT3LightHikerBlue.jpg","type":"image\/jpeg"}],"twitter_card":"summary_large_image","twitter_title":"P\u0101rg\u0101jienu ze\u0137es","twitter_misc":{"\u041f\u0440\u0438\u043c\u0435\u0440\u043d\u043e\u0435 \u0432\u0440\u0435\u043c\u044f \u0434\u043b\u044f \u0447\u0442\u0435\u043d\u0438\u044f":"1 \u043c\u0438\u043d\u0443\u0442\u0430"},"schema":{"@context":"https:\/\/schema.org","@graph":[{"@type":["WebPage","ItemPage"],"@id":"https:\/\/gohike.lv\/ru\/produkts\/lorpen-t3lmc-mens-t3-light-hiker-zekes\/","url":"https:\/\/gohike.lv\/ru\/produkts\/lorpen-t3lmc-mens-t3-light-hiker-zekes\/","name":"Lorpen - T3LMC Mens T3 Light Hiker ze\u0137es","isPartOf":{"@id":"https:\/\/gohike.lv\/ru\/#website"},"primaryImageOfPage":{"@id":"https:\/\/gohike.lv\/ru\/produkts\/lorpen-t3lmc-mens-t3-light-hiker-zekes\/#primaryimage"},"image":{"@id":"https:\/\/gohike.lv\/ru\/produkts\/lorpen-t3lmc-mens-t3-light-hiker-zekes\/#primaryimage"},"thumbnailUrl":"https:\/\/gohike.lv\/wp-content\/uploads\/2024\/06\/MensT3LightHikerBlue.jpg","datePublished":"2024-06-27T13:32:10+00:00","dateModified":"2026-02-08T05:12:34+00:00","description":"Lorpen LIGHT HIKER ECO ze\u0137es ir ide\u0101li piem\u0113rotas p\u0101rg\u0101jieniem siltaj\u0101 sezon\u0101s \u2013 pavasar\u012b, vasar\u0101, ruden\u012b. Ze\u0137es ir izgatavotas no tehnolo\u0123iskiem materi\u0101liem: 34% Red-Cycled neilons, 33% Coolmax ECO, 18% Stretch neilons ar likru, 15% Tencel\u00ae.","breadcrumb":{"@id":"https:\/\/gohike.lv\/ru\/produkts\/lorpen-t3lmc-mens-t3-light-hiker-zekes\/#breadcrumb"},"inLanguage":"ru-RU","potentialAction":[{"@type":"ReadAction","target":["https:\/\/gohike.lv\/ru\/produkts\/lorpen-t3lmc-mens-t3-light-hiker-zekes\/"]}]},{"@type":"ImageObject","inLanguage":"ru-RU","@id":"https:\/\/gohike.lv\/ru\/produkts\/lorpen-t3lmc-mens-t3-light-hiker-zekes\/#primaryimage","url":"https:\/\/gohike.lv\/wp-content\/uploads\/2024\/06\/MensT3LightHikerBlue.jpg","contentUrl":"https:\/\/gohike.lv\/wp-content\/uploads\/2024\/06\/MensT3LightHikerBlue.jpg","width":1000,"height":1000},{"@type":"BreadcrumbList","@id":"https:\/\/gohike.lv\/ru\/produkts\/lorpen-t3lmc-mens-t3-light-hiker-zekes\/#breadcrumb","itemListElement":[{"@type":"ListItem","position":1,"name":"\u0413\u043b\u0430\u0432\u043d\u0430\u044f","item":"https:\/\/gohike.lv\/ru\/"},{"@type":"ListItem","position":2,"name":"\u041a\u0430\u0442\u0435\u0433\u043e\u0440\u0438\u0438 \u0442\u043e\u0432\u0430\u0440\u043e\u0432","item":"https:\/\/gohike.lv\/%d0%ba%d0%b0%d1%82%d0%b5%d0%b3%d0%be%d1%80%d0%b8%d0%b8-%d1%82%d0%be%d0%b2%d0%b0%d1%80%d0%be%d0%b2\/"},{"@type":"ListItem","position":3,"name":"Lorpen &#8211; T3LMC Mens T3 Light Hiker ze\u0137es"}]},{"@type":"WebSite","@id":"https:\/\/gohike.lv\/ru\/#website","url":"https:\/\/gohike.lv\/ru\/","name":"GoHike","description":"","publisher":{"@id":"https:\/\/gohike.lv\/ru\/#organization"},"potentialAction":[{"@type":"SearchAction","target":{"@type":"EntryPoint","urlTemplate":"https:\/\/gohike.lv\/ru\/?s={search_term_string}"},"query-input":{"@type":"PropertyValueSpecification","valueRequired":true,"valueName":"search_term_string"}}],"inLanguage":"ru-RU"},{"@type":"Organization","@id":"https:\/\/gohike.lv\/ru\/#organization","name":"GoHike","url":"https:\/\/gohike.lv\/ru\/","logo":{"@type":"ImageObject","inLanguage":"ru-RU","@id":"https:\/\/gohike.lv\/ru\/#\/schema\/logo\/image\/","url":"https:\/\/gohike.lv\/wp-content\/uploads\/2023\/08\/Logo_GoHike.webp","contentUrl":"https:\/\/gohike.lv\/wp-content\/uploads\/2023\/08\/Logo_GoHike.webp","width":512,"height":512,"caption":"GoHike"},"image":{"@id":"https:\/\/gohike.lv\/ru\/#\/schema\/logo\/image\/"},"sameAs":["https:\/\/www.facebook.com\/gohike.shop\/","https:\/\/www.instagram.com\/gohike.shop\/"]}]}},"jetpack_sharing_enabled":true,"_links":{"self":[{"href":"https:\/\/gohike.lv\/ru\/wp-json\/wp\/v2\/product\/58410","targetHints":{"allow":["GET"]}}],"collection":[{"href":"https:\/\/gohike.lv\/ru\/wp-json\/wp\/v2\/product"}],"about":[{"href":"https:\/\/gohike.lv\/ru\/wp-json\/wp\/v2\/types\/product"}],"version-history":[{"count":0,"href":"https:\/\/gohike.lv\/ru\/wp-json\/wp\/v2\/product\/58410\/revisions"}],"wp:featuredmedia":[{"embeddable":true,"href":"https:\/\/gohike.lv\/ru\/wp-json\/wp\/v2\/media\/58412"}],"wp:attachment":[{"href":"https:\/\/gohike.lv\/ru\/wp-json\/wp\/v2\/media?parent=58410"}],"wp:term":[{"taxonomy":"product_brand","embeddable":true,"href":"https:\/\/gohike.lv\/ru\/wp-json\/wp\/v2\/product_brand?post=58410"},{"taxonomy":"product_cat","embeddable":true,"href":"https:\/\/gohike.lv\/ru\/wp-json\/wp\/v2\/product_cat?post=58410"},{"taxonomy":"product_tag","embeddable":true,"href":"https:\/\/gohike.lv\/ru\/wp-json\/wp\/v2\/product_tag?post=58410"}],"curies":[{"name":"wp","href":"https:\/\/api.w.org\/{rel}","templated":true}]}}