{"id":58393,"date":"2024-06-27T16:30:49","date_gmt":"2024-06-27T13:30:49","guid":{"rendered":"https:\/\/gohike.lv\/produkts\/lorpen-t3-light-mini-eco-zekes\/"},"modified":"2026-02-08T08:12:48","modified_gmt":"2026-02-08T05:12:48","slug":"lorpen-t3-light-mini-eco-zekes","status":"publish","type":"product","link":"https:\/\/gohike.lv\/ru\/produkts\/lorpen-t3-light-mini-eco-zekes\/","title":{"rendered":"Lorpen &#8212; T3 Light Mini Eco ze\u0137es"},"content":{"rendered":"<p>Coolmax Eco\u00ae novada mitrumu no \u0101das, saglab\u0101jot k\u0101jas sausas.<br \/>\nTencel\u00ae ir nanostruktur\u0113ta celulozes \u0161\u0137iedra no eikalipta kokiem, kas absorb\u0113 mitrumu.<br \/>\nStretch Nylon + Lycra\u00ae ne\u013cauj ze\u0137ei sl\u012bd\u0113t, ze\u0137e piegu\u013c p\u0113dai un saglab\u0101 formu ar\u012b atk\u0101rtotas mazg\u0101\u0161anas laik\u0101 un nodro\u0161ina auduma iztur\u012bbu.<br \/>\nPateicoties pl\u0101n\u0101m \u0161uv\u0113m un t\u012bkla audumam, neveidojas tulznas.<br \/>\nDabisku un tehnolo\u0123isku materi\u0101lu kombin\u0101cija pal\u012bdz aizsarg\u0101t k\u0101jas no s\u0113n\u012bt\u0113m un nepat\u012bkamas smakas.<br \/>\nTehnolo\u0123ijas:<br \/>\nSelekt\u012bv\u0101 sl\u0101\u0146u sist\u0113ma (SLS). Atkar\u012bb\u0101 no darb\u012bbas veida, tas \u013cauj kombin\u0113t da\u017e\u0101du sl\u0101\u0146u skaitu da\u017e\u0101d\u0101s vienas ze\u0137es zon\u0101s.<br \/>\nT3 &#8212; Ekskluz\u012bva tehnolo\u0123ija ar tr\u012bs diferenc\u0113tiem dzijas sl\u0101\u0146iem nodro\u0161ina maksim\u0101lu katra dzijas veida veiktsp\u0113ju.<br \/>\nZe\u0137es izgatavotas no tehnolo\u0123iskiem materi\u0101liem: 47% Red-Cycled Nylon, 23% Stretch Nylon ar Lycra, 19% Coolmax Eco, 11% Tencel, izmantojot patent\u0113tas T3 un SLS tehnolo\u0123ijas.<\/p>\n","protected":false},"excerpt":{"rendered":"<p>Pl\u0101nas, cie\u0161i piegu\u013co\u0161as ze\u0137es, kur\u0101m ir pastiprin\u0101ta pap\u0113\u017ea un purngala da\u013ca, k\u0101 ar\u012b elpojo\u0161a materi\u0101la zona purngal\u0101, kas nodro\u0161in\u0101s maksim\u0101lu komfortu.<\/p>\n","protected":false},"featured_media":58395,"template":"","meta":[],"product_brand":[9326],"product_cat":[1419],"product_tag":[],"class_list":{"0":"post-58393","1":"product","2":"type-product","3":"status-publish","4":"has-post-thumbnail","6":"product_brand-lorpen","7":"product_cat-apgerbs","8":"pa_izmers-l43-46","9":"pa_izmers-m39-42","10":"pa_izmers-s35-38","11":"pa_produkta-tips-zekes","12":"pa_spalva-melns","13":"pa_spalva-zils","15":"first","16":"instock","17":"taxable","18":"shipping-taxable","19":"purchasable","20":"product-type-variable"},"raw_content":{"name":"Lorpen - T3 Light Mini Eco ze\u0137es","description":"Coolmax Eco\u00ae novada mitrumu no \u0101das, saglab\u0101jot k\u0101jas sausas.\nTencel\u00ae ir nanostruktur\u0113ta celulozes \u0161\u0137iedra no eikalipta kokiem, kas absorb\u0113 mitrumu.\nStretch Nylon + Lycra\u00ae ne\u013cauj ze\u0137ei sl\u012bd\u0113t, ze\u0137e piegu\u013c p\u0113dai un saglab\u0101 formu ar\u012b atk\u0101rtotas mazg\u0101\u0161anas laik\u0101 un nodro\u0161ina auduma iztur\u012bbu.\nPateicoties pl\u0101n\u0101m \u0161uv\u0113m un t\u012bkla audumam, neveidojas tulznas.\nDabisku un tehnolo\u0123isku materi\u0101lu kombin\u0101cija pal\u012bdz aizsarg\u0101t k\u0101jas no s\u0113n\u012bt\u0113m un nepat\u012bkamas smakas.\nTehnolo\u0123ijas:\nSelekt\u012bv\u0101 sl\u0101\u0146u sist\u0113ma (SLS). Atkar\u012bb\u0101 no darb\u012bbas veida, tas \u013cauj kombin\u0113t da\u017e\u0101du sl\u0101\u0146u skaitu da\u017e\u0101d\u0101s vienas ze\u0137es zon\u0101s.\nT3 - Ekskluz\u012bva tehnolo\u0123ija ar tr\u012bs diferenc\u0113tiem dzijas sl\u0101\u0146iem nodro\u0161ina maksim\u0101lu katra dzijas veida veiktsp\u0113ju.\nZe\u0137es izgatavotas no tehnolo\u0123iskiem materi\u0101liem: 47% Red-Cycled Nylon, 23% Stretch Nylon ar Lycra, 19% Coolmax Eco, 11% Tencel, izmantojot patent\u0113tas T3 un SLS tehnolo\u0123ijas.","short_description":"Pl\u0101nas, cie\u0161i piegu\u013co\u0161as ze\u0137es, kur\u0101m ir pastiprin\u0101ta pap\u0113\u017ea un purngala da\u013ca, k\u0101 ar\u012b elpojo\u0161a materi\u0101la zona purngal\u0101, kas nodro\u0161in\u0101s maksim\u0101lu komfortu.","status":"publish","sku":"Lorp0001","original":58393},"wpml":{"translation_type":1,"has_translations":true,"original":58393,"duplicates":[],"translations":{"lv":58393,"en":67647,"ru":null}},"supplier_id":null,"supplier_sku":"","barcode":null,"atum_controlled":true,"out_stock_date":null,"out_stock_threshold":null,"inheritable":false,"inbound_stock":null,"stock_on_hold":0,"sold_today":0,"sales_last_days":0,"reserved_stock":null,"customer_returns":null,"warehouse_damage":null,"lost_in_post":null,"other_logs":null,"out_stock_days":0,"lost_sales":0,"has_location":null,"update_date":"2025-12-30T14:13:27","atum_locations":[],"atum_stock_status":"instock","restock_status":false,"low_stock_amount":"","sales_update_date":"2025-11-13T14:07:24","calc_backorders":null,"yoast_head":"<!-- This site is optimized with the Yoast SEO plugin v27.3 - https:\/\/yoast.com\/product\/yoast-seo-wordpress\/ -->\n<title>Lorpen - T3 Light Mini Eco ze\u0137es<\/title>\n<meta name=\"description\" content=\"Pl\u0101nas, cie\u0161i piegu\u013co\u0161as ze\u0137es, kur\u0101m ir pastiprin\u0101ta pap\u0113\u017ea un purngala da\u013ca, k\u0101 ar\u012b elpojo\u0161a materi\u0101la zona purngal\u0101, kas nodro\u0161in\u0101s maksim\u0101lu komfortu.\" \/>\n<meta name=\"robots\" content=\"index, follow, max-snippet:-1, max-image-preview:large, max-video-preview:-1\" \/>\n<link rel=\"canonical\" href=\"https:\/\/gohike.lv\/ru\/produkts\/lorpen-t3-light-mini-eco-zekes\/\" \/>\n<meta property=\"og:locale\" content=\"ru_RU\" \/>\n<meta property=\"og:type\" content=\"article\" \/>\n<meta property=\"og:title\" content=\"P\u0101rg\u0101jienu ze\u0137es\" \/>\n<meta property=\"og:description\" content=\"Pl\u0101nas, cie\u0161i piegu\u013co\u0161as ze\u0137es, kur\u0101m ir pastiprin\u0101ta pap\u0113\u017ea un purngala da\u013ca, k\u0101 ar\u012b elpojo\u0161a materi\u0101la zona purngal\u0101, kas nodro\u0161in\u0101s maksim\u0101lu komfortu.\" \/>\n<meta property=\"og:url\" content=\"https:\/\/gohike.lv\/ru\/produkts\/lorpen-t3-light-mini-eco-zekes\/\" \/>\n<meta property=\"og:site_name\" content=\"GoHike\" \/>\n<meta property=\"article:publisher\" content=\"https:\/\/www.facebook.com\/gohike.shop\/\" \/>\n<meta property=\"article:modified_time\" content=\"2026-02-08T05:12:48+00:00\" \/>\n<meta property=\"og:image\" content=\"https:\/\/gohike.lv\/wp-content\/uploads\/2024\/06\/MiniEco_blue.jpg\" \/>\n\t<meta property=\"og:image:width\" content=\"1024\" \/>\n\t<meta property=\"og:image:height\" content=\"1024\" \/>\n\t<meta property=\"og:image:type\" content=\"image\/jpeg\" \/>\n<meta name=\"twitter:card\" content=\"summary_large_image\" \/>\n<meta name=\"twitter:title\" content=\"P\u0101rg\u0101jienu ze\u0137es\" \/>\n<meta name=\"twitter:label1\" content=\"\u041f\u0440\u0438\u043c\u0435\u0440\u043d\u043e\u0435 \u0432\u0440\u0435\u043c\u044f \u0434\u043b\u044f \u0447\u0442\u0435\u043d\u0438\u044f\" \/>\n\t<meta name=\"twitter:data1\" content=\"1 \u043c\u0438\u043d\u0443\u0442\u0430\" \/>\n<script type=\"application\/ld+json\" class=\"yoast-schema-graph\">{\"@context\":\"https:\\\/\\\/schema.org\",\"@graph\":[{\"@type\":[\"WebPage\",\"ItemPage\"],\"@id\":\"https:\\\/\\\/gohike.lv\\\/ru\\\/produkts\\\/lorpen-t3-light-mini-eco-zekes\\\/\",\"url\":\"https:\\\/\\\/gohike.lv\\\/ru\\\/produkts\\\/lorpen-t3-light-mini-eco-zekes\\\/\",\"name\":\"Lorpen - T3 Light Mini Eco ze\u0137es\",\"isPartOf\":{\"@id\":\"https:\\\/\\\/gohike.lv\\\/ru\\\/#website\"},\"primaryImageOfPage\":{\"@id\":\"https:\\\/\\\/gohike.lv\\\/ru\\\/produkts\\\/lorpen-t3-light-mini-eco-zekes\\\/#primaryimage\"},\"image\":{\"@id\":\"https:\\\/\\\/gohike.lv\\\/ru\\\/produkts\\\/lorpen-t3-light-mini-eco-zekes\\\/#primaryimage\"},\"thumbnailUrl\":\"https:\\\/\\\/gohike.lv\\\/wp-content\\\/uploads\\\/2024\\\/06\\\/MiniEco_blue.jpg\",\"datePublished\":\"2024-06-27T13:30:49+00:00\",\"dateModified\":\"2026-02-08T05:12:48+00:00\",\"description\":\"Pl\u0101nas, cie\u0161i piegu\u013co\u0161as ze\u0137es, kur\u0101m ir pastiprin\u0101ta pap\u0113\u017ea un purngala da\u013ca, k\u0101 ar\u012b elpojo\u0161a materi\u0101la zona purngal\u0101, kas nodro\u0161in\u0101s maksim\u0101lu komfortu.\",\"breadcrumb\":{\"@id\":\"https:\\\/\\\/gohike.lv\\\/ru\\\/produkts\\\/lorpen-t3-light-mini-eco-zekes\\\/#breadcrumb\"},\"inLanguage\":\"ru-RU\",\"potentialAction\":[{\"@type\":\"ReadAction\",\"target\":[\"https:\\\/\\\/gohike.lv\\\/ru\\\/produkts\\\/lorpen-t3-light-mini-eco-zekes\\\/\"]}]},{\"@type\":\"ImageObject\",\"inLanguage\":\"ru-RU\",\"@id\":\"https:\\\/\\\/gohike.lv\\\/ru\\\/produkts\\\/lorpen-t3-light-mini-eco-zekes\\\/#primaryimage\",\"url\":\"https:\\\/\\\/gohike.lv\\\/wp-content\\\/uploads\\\/2024\\\/06\\\/MiniEco_blue.jpg\",\"contentUrl\":\"https:\\\/\\\/gohike.lv\\\/wp-content\\\/uploads\\\/2024\\\/06\\\/MiniEco_blue.jpg\",\"width\":1024,\"height\":1024},{\"@type\":\"BreadcrumbList\",\"@id\":\"https:\\\/\\\/gohike.lv\\\/ru\\\/produkts\\\/lorpen-t3-light-mini-eco-zekes\\\/#breadcrumb\",\"itemListElement\":[{\"@type\":\"ListItem\",\"position\":1,\"name\":\"\u0413\u043b\u0430\u0432\u043d\u0430\u044f\",\"item\":\"https:\\\/\\\/gohike.lv\\\/ru\\\/\"},{\"@type\":\"ListItem\",\"position\":2,\"name\":\"\u041a\u0430\u0442\u0435\u0433\u043e\u0440\u0438\u0438 \u0442\u043e\u0432\u0430\u0440\u043e\u0432\",\"item\":\"https:\\\/\\\/gohike.lv\\\/%d0%ba%d0%b0%d1%82%d0%b5%d0%b3%d0%be%d1%80%d0%b8%d0%b8-%d1%82%d0%be%d0%b2%d0%b0%d1%80%d0%be%d0%b2\\\/\"},{\"@type\":\"ListItem\",\"position\":3,\"name\":\"Lorpen &#8211; T3 Light Mini Eco ze\u0137es\"}]},{\"@type\":\"WebSite\",\"@id\":\"https:\\\/\\\/gohike.lv\\\/ru\\\/#website\",\"url\":\"https:\\\/\\\/gohike.lv\\\/ru\\\/\",\"name\":\"GoHike\",\"description\":\"\",\"publisher\":{\"@id\":\"https:\\\/\\\/gohike.lv\\\/ru\\\/#organization\"},\"potentialAction\":[{\"@type\":\"SearchAction\",\"target\":{\"@type\":\"EntryPoint\",\"urlTemplate\":\"https:\\\/\\\/gohike.lv\\\/ru\\\/?s={search_term_string}\"},\"query-input\":{\"@type\":\"PropertyValueSpecification\",\"valueRequired\":true,\"valueName\":\"search_term_string\"}}],\"inLanguage\":\"ru-RU\"},{\"@type\":\"Organization\",\"@id\":\"https:\\\/\\\/gohike.lv\\\/ru\\\/#organization\",\"name\":\"GoHike\",\"url\":\"https:\\\/\\\/gohike.lv\\\/ru\\\/\",\"logo\":{\"@type\":\"ImageObject\",\"inLanguage\":\"ru-RU\",\"@id\":\"https:\\\/\\\/gohike.lv\\\/ru\\\/#\\\/schema\\\/logo\\\/image\\\/\",\"url\":\"https:\\\/\\\/gohike.lv\\\/wp-content\\\/uploads\\\/2023\\\/08\\\/Logo_GoHike.webp\",\"contentUrl\":\"https:\\\/\\\/gohike.lv\\\/wp-content\\\/uploads\\\/2023\\\/08\\\/Logo_GoHike.webp\",\"width\":512,\"height\":512,\"caption\":\"GoHike\"},\"image\":{\"@id\":\"https:\\\/\\\/gohike.lv\\\/ru\\\/#\\\/schema\\\/logo\\\/image\\\/\"},\"sameAs\":[\"https:\\\/\\\/www.facebook.com\\\/gohike.shop\\\/\",\"https:\\\/\\\/www.instagram.com\\\/gohike.shop\\\/\"]}]}<\/script>\n<!-- \/ Yoast SEO plugin. -->","yoast_head_json":{"title":"Lorpen - T3 Light Mini Eco ze\u0137es","description":"Pl\u0101nas, cie\u0161i piegu\u013co\u0161as ze\u0137es, kur\u0101m ir pastiprin\u0101ta pap\u0113\u017ea un purngala da\u013ca, k\u0101 ar\u012b elpojo\u0161a materi\u0101la zona purngal\u0101, kas nodro\u0161in\u0101s maksim\u0101lu komfortu.","robots":{"index":"index","follow":"follow","max-snippet":"max-snippet:-1","max-image-preview":"max-image-preview:large","max-video-preview":"max-video-preview:-1"},"canonical":"https:\/\/gohike.lv\/ru\/produkts\/lorpen-t3-light-mini-eco-zekes\/","og_locale":"ru_RU","og_type":"article","og_title":"P\u0101rg\u0101jienu ze\u0137es","og_description":"Pl\u0101nas, cie\u0161i piegu\u013co\u0161as ze\u0137es, kur\u0101m ir pastiprin\u0101ta pap\u0113\u017ea un purngala da\u013ca, k\u0101 ar\u012b elpojo\u0161a materi\u0101la zona purngal\u0101, kas nodro\u0161in\u0101s maksim\u0101lu komfortu.","og_url":"https:\/\/gohike.lv\/ru\/produkts\/lorpen-t3-light-mini-eco-zekes\/","og_site_name":"GoHike","article_publisher":"https:\/\/www.facebook.com\/gohike.shop\/","article_modified_time":"2026-02-08T05:12:48+00:00","og_image":[{"width":1024,"height":1024,"url":"https:\/\/gohike.lv\/wp-content\/uploads\/2024\/06\/MiniEco_blue.jpg","type":"image\/jpeg"}],"twitter_card":"summary_large_image","twitter_title":"P\u0101rg\u0101jienu ze\u0137es","twitter_misc":{"\u041f\u0440\u0438\u043c\u0435\u0440\u043d\u043e\u0435 \u0432\u0440\u0435\u043c\u044f \u0434\u043b\u044f \u0447\u0442\u0435\u043d\u0438\u044f":"1 \u043c\u0438\u043d\u0443\u0442\u0430"},"schema":{"@context":"https:\/\/schema.org","@graph":[{"@type":["WebPage","ItemPage"],"@id":"https:\/\/gohike.lv\/ru\/produkts\/lorpen-t3-light-mini-eco-zekes\/","url":"https:\/\/gohike.lv\/ru\/produkts\/lorpen-t3-light-mini-eco-zekes\/","name":"Lorpen - T3 Light Mini Eco ze\u0137es","isPartOf":{"@id":"https:\/\/gohike.lv\/ru\/#website"},"primaryImageOfPage":{"@id":"https:\/\/gohike.lv\/ru\/produkts\/lorpen-t3-light-mini-eco-zekes\/#primaryimage"},"image":{"@id":"https:\/\/gohike.lv\/ru\/produkts\/lorpen-t3-light-mini-eco-zekes\/#primaryimage"},"thumbnailUrl":"https:\/\/gohike.lv\/wp-content\/uploads\/2024\/06\/MiniEco_blue.jpg","datePublished":"2024-06-27T13:30:49+00:00","dateModified":"2026-02-08T05:12:48+00:00","description":"Pl\u0101nas, cie\u0161i piegu\u013co\u0161as ze\u0137es, kur\u0101m ir pastiprin\u0101ta pap\u0113\u017ea un purngala da\u013ca, k\u0101 ar\u012b elpojo\u0161a materi\u0101la zona purngal\u0101, kas nodro\u0161in\u0101s maksim\u0101lu komfortu.","breadcrumb":{"@id":"https:\/\/gohike.lv\/ru\/produkts\/lorpen-t3-light-mini-eco-zekes\/#breadcrumb"},"inLanguage":"ru-RU","potentialAction":[{"@type":"ReadAction","target":["https:\/\/gohike.lv\/ru\/produkts\/lorpen-t3-light-mini-eco-zekes\/"]}]},{"@type":"ImageObject","inLanguage":"ru-RU","@id":"https:\/\/gohike.lv\/ru\/produkts\/lorpen-t3-light-mini-eco-zekes\/#primaryimage","url":"https:\/\/gohike.lv\/wp-content\/uploads\/2024\/06\/MiniEco_blue.jpg","contentUrl":"https:\/\/gohike.lv\/wp-content\/uploads\/2024\/06\/MiniEco_blue.jpg","width":1024,"height":1024},{"@type":"BreadcrumbList","@id":"https:\/\/gohike.lv\/ru\/produkts\/lorpen-t3-light-mini-eco-zekes\/#breadcrumb","itemListElement":[{"@type":"ListItem","position":1,"name":"\u0413\u043b\u0430\u0432\u043d\u0430\u044f","item":"https:\/\/gohike.lv\/ru\/"},{"@type":"ListItem","position":2,"name":"\u041a\u0430\u0442\u0435\u0433\u043e\u0440\u0438\u0438 \u0442\u043e\u0432\u0430\u0440\u043e\u0432","item":"https:\/\/gohike.lv\/%d0%ba%d0%b0%d1%82%d0%b5%d0%b3%d0%be%d1%80%d0%b8%d0%b8-%d1%82%d0%be%d0%b2%d0%b0%d1%80%d0%be%d0%b2\/"},{"@type":"ListItem","position":3,"name":"Lorpen &#8211; T3 Light Mini Eco ze\u0137es"}]},{"@type":"WebSite","@id":"https:\/\/gohike.lv\/ru\/#website","url":"https:\/\/gohike.lv\/ru\/","name":"GoHike","description":"","publisher":{"@id":"https:\/\/gohike.lv\/ru\/#organization"},"potentialAction":[{"@type":"SearchAction","target":{"@type":"EntryPoint","urlTemplate":"https:\/\/gohike.lv\/ru\/?s={search_term_string}"},"query-input":{"@type":"PropertyValueSpecification","valueRequired":true,"valueName":"search_term_string"}}],"inLanguage":"ru-RU"},{"@type":"Organization","@id":"https:\/\/gohike.lv\/ru\/#organization","name":"GoHike","url":"https:\/\/gohike.lv\/ru\/","logo":{"@type":"ImageObject","inLanguage":"ru-RU","@id":"https:\/\/gohike.lv\/ru\/#\/schema\/logo\/image\/","url":"https:\/\/gohike.lv\/wp-content\/uploads\/2023\/08\/Logo_GoHike.webp","contentUrl":"https:\/\/gohike.lv\/wp-content\/uploads\/2023\/08\/Logo_GoHike.webp","width":512,"height":512,"caption":"GoHike"},"image":{"@id":"https:\/\/gohike.lv\/ru\/#\/schema\/logo\/image\/"},"sameAs":["https:\/\/www.facebook.com\/gohike.shop\/","https:\/\/www.instagram.com\/gohike.shop\/"]}]}},"jetpack_sharing_enabled":true,"_links":{"self":[{"href":"https:\/\/gohike.lv\/ru\/wp-json\/wp\/v2\/product\/58393","targetHints":{"allow":["GET"]}}],"collection":[{"href":"https:\/\/gohike.lv\/ru\/wp-json\/wp\/v2\/product"}],"about":[{"href":"https:\/\/gohike.lv\/ru\/wp-json\/wp\/v2\/types\/product"}],"version-history":[{"count":0,"href":"https:\/\/gohike.lv\/ru\/wp-json\/wp\/v2\/product\/58393\/revisions"}],"wp:featuredmedia":[{"embeddable":true,"href":"https:\/\/gohike.lv\/ru\/wp-json\/wp\/v2\/media\/58395"}],"wp:attachment":[{"href":"https:\/\/gohike.lv\/ru\/wp-json\/wp\/v2\/media?parent=58393"}],"wp:term":[{"taxonomy":"product_brand","embeddable":true,"href":"https:\/\/gohike.lv\/ru\/wp-json\/wp\/v2\/product_brand?post=58393"},{"taxonomy":"product_cat","embeddable":true,"href":"https:\/\/gohike.lv\/ru\/wp-json\/wp\/v2\/product_cat?post=58393"},{"taxonomy":"product_tag","embeddable":true,"href":"https:\/\/gohike.lv\/ru\/wp-json\/wp\/v2\/product_tag?post=58393"}],"curies":[{"name":"wp","href":"https:\/\/api.w.org\/{rel}","templated":true}]}}