{"id":58377,"date":"2024-06-27T16:41:34","date_gmt":"2024-06-27T13:41:34","guid":{"rendered":"https:\/\/gohike.lv\/produkts\/nr-7-my-first-opinel-nazis-zils\/"},"modified":"2025-12-31T19:54:59","modified_gmt":"2025-12-31T16:54:59","slug":"opinel-nr-7-my-first-opinel-nazis-zils","status":"publish","type":"product","link":"https:\/\/gohike.lv\/ru\/produkts\/opinel-nr-7-my-first-opinel-nazis-zils\/","title":{"rendered":"Opinel \u2013 Nr.7 My first Opinel nazis &#8212; zils"},"content":{"rendered":"<p>Ar \u0101bolza\u013c\u0101 kr\u0101s\u0101 kr\u0101sotu sk\u0101bard\u012b\u0161a rokturi un ner\u016bs\u0113jo\u0161\u0101 t\u0113rauda asmeni ir lieliski piem\u0113rots maziem piedz\u012bvojumu mekl\u0113t\u0101jiem vai gard\u0113\u017eiem. Noapa\u013cots asmens b\u0113rnu dro\u0161\u012bbai.<br \/>\nOpinel Nr.7 na\u017ea asmens garums ir 8 cm. Asmens ir izgatavots no 12C27 ner\u016bs\u0113jo\u0161\u0101 t\u0113rauda, ko modific\u0113jis uz\u0146\u0113mums Sandvik un piel\u0101gojis Opinel na\u017eiem, uz\u0146\u0113mums ir slavens ar savu \u0101rk\u0101rt\u012bgi augsto kvalit\u0101ti. T\u0113rauds tiek r\u016bd\u012bts, termiski apstr\u0101d\u0101jot ar martens\u012bta r\u016bd\u012b\u0161anu. Ar oglek\u013ca saturu vismaz 0,40%, asmens ir augstas kvalit\u0101tes un iztur\u012bgs pret koroziju.<br \/>\nRokturis<br \/>\nRokturis ir lakots, lai aizsarg\u0101tu koksni no mitruma un net\u012brumiem, rokturis ir za\u013c\u0101 kr\u0101s\u0101.<br \/>\nVirobloc dro\u0161\u012bbas gredzens<br \/>\nOpinel nazim Nr. 7, t\u0101pat k\u0101 visiem citiem Opinel izliektajiem na\u017eiem, s\u0101kot ar 6. numuru, ir Virobloc dro\u0161\u012bbas gredzens, ko 1955. gad\u0101 izgudroja Marsels Opinels. Virobloc gredzens, kas ir rad\u012bts no ner\u016bs\u0113jo\u0161\u0101 t\u0113rauda, sast\u0101v no div\u0101m da\u013c\u0101m: fiks\u0113ta un b\u012bd\u0101ma da\u013ca. Asmens ir nofiks\u0113ts gan atloc\u012bt\u0101 st\u0101vokl\u012b (dro\u0161ai lieto\u0161anai), gan saloc\u012bt\u0101 st\u0101vokl\u012b (dro\u0161\u012bbai transport\u0113\u0161anas laik\u0101).<br \/>\n<iframe title=\"Mon Premier Opinel - Gestes de s\u00e9curit\u00e9\" width=\"1200\" height=\"900\" src=\"https:\/\/www.youtube.com\/embed\/sYPMYUrNSDY?feature=oembed\" frameborder=\"0\" allow=\"accelerometer; autoplay; clipboard-write; encrypted-media; gyroscope; picture-in-picture; web-share\" referrerpolicy=\"strict-origin-when-cross-origin\" allowfullscreen><\/iframe><\/p>\n","protected":false},"excerpt":{"rendered":"<p>No.07 My First Opinel saliekamais nazis, kas paredz\u0113ts b\u0113rniem, ir apr\u012bkots ar asmeni ar apa\u013ciem galiem papildu dro\u0161\u012bbai.<\/p>\n","protected":false},"featured_media":58379,"template":"","meta":[],"product_brand":[1942],"product_cat":[9459,1056],"product_tag":[],"class_list":{"0":"post-58377","1":"product","2":"type-product","3":"status-publish","4":"has-post-thumbnail","6":"product_brand-opinel-lv","7":"product_cat-berniem","8":"product_cat-nazi-un-zagi","9":"pa_asmens-cietiba-55-57-hrc","10":"pa_materiali-nerusejosais-terauds-sandvik-1227-2","11":"pa_materiali-poliamids-ar-stiklskiedru","12":"pa_produkta-tips-nazi","14":"first","15":"instock","16":"purchasable","17":"product-type-simple"},"raw_content":{"name":"Opinel \u2013 Nr.7 My first Opinel nazis - zils","description":"Ar \u0101bolza\u013c\u0101 kr\u0101s\u0101 kr\u0101sotu sk\u0101bard\u012b\u0161a rokturi un ner\u016bs\u0113jo\u0161\u0101 t\u0113rauda asmeni ir lieliski piem\u0113rots maziem piedz\u012bvojumu mekl\u0113t\u0101jiem vai gard\u0113\u017eiem. Noapa\u013cots asmens b\u0113rnu dro\u0161\u012bbai.\nOpinel Nr.7 na\u017ea asmens garums ir 8 cm. Asmens ir izgatavots no 12C27 ner\u016bs\u0113jo\u0161\u0101 t\u0113rauda, ko modific\u0113jis uz\u0146\u0113mums Sandvik un piel\u0101gojis Opinel na\u017eiem, uz\u0146\u0113mums ir slavens ar savu \u0101rk\u0101rt\u012bgi augsto kvalit\u0101ti. T\u0113rauds tiek r\u016bd\u012bts, termiski apstr\u0101d\u0101jot ar martens\u012bta r\u016bd\u012b\u0161anu. Ar oglek\u013ca saturu vismaz 0,40%, asmens ir augstas kvalit\u0101tes un iztur\u012bgs pret koroziju.\nRokturis\nRokturis ir lakots, lai aizsarg\u0101tu koksni no mitruma un net\u012brumiem, rokturis ir za\u013c\u0101 kr\u0101s\u0101.\nVirobloc dro\u0161\u012bbas gredzens\nOpinel nazim Nr. 7, t\u0101pat k\u0101 visiem citiem Opinel izliektajiem na\u017eiem, s\u0101kot ar 6. numuru, ir Virobloc dro\u0161\u012bbas gredzens, ko 1955. gad\u0101 izgudroja Marsels Opinels. Virobloc gredzens, kas ir rad\u012bts no ner\u016bs\u0113jo\u0161\u0101 t\u0113rauda, sast\u0101v no div\u0101m da\u013c\u0101m: fiks\u0113ta un b\u012bd\u0101ma da\u013ca. Asmens ir nofiks\u0113ts gan atloc\u012bt\u0101 st\u0101vokl\u012b (dro\u0161ai lieto\u0161anai), gan saloc\u012bt\u0101 st\u0101vokl\u012b (dro\u0161\u012bbai transport\u0113\u0161anas laik\u0101).\nhttps:\/\/youtu.be\/sYPMYUrNSDY","short_description":"No.07 My First Opinel saliekamais nazis, kas paredz\u0113ts b\u0113rniem, ir apr\u012bkots ar asmeni ar apa\u013ciem galiem papildu dro\u0161\u012bbai.","status":"publish","sku":"1697","original":58377},"wpml":{"translation_type":1,"has_translations":true,"original":58377,"duplicates":[],"translations":{"lv":58377,"en":67700,"ru":null}},"supplier_id":null,"supplier_sku":"","barcode":null,"atum_controlled":true,"out_stock_date":null,"out_stock_threshold":null,"inheritable":false,"inbound_stock":0,"stock_on_hold":0,"sold_today":0,"sales_last_days":0,"reserved_stock":0,"customer_returns":0,"warehouse_damage":0,"lost_in_post":0,"other_logs":0,"out_stock_days":0,"lost_sales":0,"has_location":false,"update_date":"2025-12-31T16:55:00","atum_locations":[],"atum_stock_status":"instock","restock_status":false,"low_stock_amount":"","sales_update_date":"2025-11-13T14:08:10","calc_backorders":null,"yoast_head":"<!-- This site is optimized with the Yoast SEO plugin v27.3 - https:\/\/yoast.com\/product\/yoast-seo-wordpress\/ -->\n<title>Opinel \u2013 Nr.7 My first Opinel nazis - zils<\/title>\n<meta name=\"description\" content=\"No.07 My First Opinel saliekamais nazis, kas paredz\u0113ts b\u0113rniem, ir apr\u012bkots ar asmeni ar apa\u013ciem galiem papildu dro\u0161\u012bbai.\" \/>\n<meta name=\"robots\" content=\"index, follow, max-snippet:-1, max-image-preview:large, max-video-preview:-1\" \/>\n<link rel=\"canonical\" href=\"https:\/\/gohike.lv\/ru\/produkts\/opinel-nr-7-my-first-opinel-nazis-zils\/\" \/>\n<meta property=\"og:locale\" content=\"ru_RU\" \/>\n<meta property=\"og:type\" content=\"article\" \/>\n<meta property=\"og:title\" content=\"Nr.7 My first Opinel nazis - zils\" \/>\n<meta property=\"og:description\" content=\"No.07 My First Opinel saliekamais nazis, kas paredz\u0113ts b\u0113rniem, ir apr\u012bkots ar asmeni ar apa\u013ciem galiem papildu dro\u0161\u012bbai.\" \/>\n<meta property=\"og:url\" content=\"https:\/\/gohike.lv\/ru\/produkts\/opinel-nr-7-my-first-opinel-nazis-zils\/\" \/>\n<meta property=\"og:site_name\" content=\"GoHike\" \/>\n<meta property=\"article:publisher\" content=\"https:\/\/www.facebook.com\/gohike.shop\/\" \/>\n<meta property=\"article:modified_time\" content=\"2025-12-31T16:54:59+00:00\" \/>\n<meta property=\"og:image\" content=\"https:\/\/gohike.lv\/wp-content\/uploads\/2024\/06\/KidsBlue.webp\" \/>\n\t<meta property=\"og:image:width\" content=\"870\" \/>\n\t<meta property=\"og:image:height\" content=\"870\" \/>\n\t<meta property=\"og:image:type\" content=\"image\/webp\" \/>\n<meta name=\"twitter:card\" content=\"summary_large_image\" \/>\n<meta name=\"twitter:title\" content=\"Nr.7 My first Opinel nazis - zils\" \/>\n<meta name=\"twitter:label1\" content=\"\u041f\u0440\u0438\u043c\u0435\u0440\u043d\u043e\u0435 \u0432\u0440\u0435\u043c\u044f \u0434\u043b\u044f \u0447\u0442\u0435\u043d\u0438\u044f\" \/>\n\t<meta name=\"twitter:data1\" content=\"2 \u043c\u0438\u043d\u0443\u0442\u0430\" \/>\n<script type=\"application\/ld+json\" class=\"yoast-schema-graph\">{\"@context\":\"https:\\\/\\\/schema.org\",\"@graph\":[{\"@type\":[\"WebPage\",\"ItemPage\"],\"@id\":\"https:\\\/\\\/gohike.lv\\\/ru\\\/produkts\\\/opinel-nr-7-my-first-opinel-nazis-zils\\\/\",\"url\":\"https:\\\/\\\/gohike.lv\\\/ru\\\/produkts\\\/opinel-nr-7-my-first-opinel-nazis-zils\\\/\",\"name\":\"Opinel \u2013 Nr.7 My first Opinel nazis - zils\",\"isPartOf\":{\"@id\":\"https:\\\/\\\/gohike.lv\\\/ru\\\/#website\"},\"primaryImageOfPage\":{\"@id\":\"https:\\\/\\\/gohike.lv\\\/ru\\\/produkts\\\/opinel-nr-7-my-first-opinel-nazis-zils\\\/#primaryimage\"},\"image\":{\"@id\":\"https:\\\/\\\/gohike.lv\\\/ru\\\/produkts\\\/opinel-nr-7-my-first-opinel-nazis-zils\\\/#primaryimage\"},\"thumbnailUrl\":\"https:\\\/\\\/gohike.lv\\\/wp-content\\\/uploads\\\/2024\\\/06\\\/KidsBlue.webp\",\"datePublished\":\"2024-06-27T13:41:34+00:00\",\"dateModified\":\"2025-12-31T16:54:59+00:00\",\"description\":\"No.07 My First Opinel saliekamais nazis, kas paredz\u0113ts b\u0113rniem, ir apr\u012bkots ar asmeni ar apa\u013ciem galiem papildu dro\u0161\u012bbai.\",\"breadcrumb\":{\"@id\":\"https:\\\/\\\/gohike.lv\\\/ru\\\/produkts\\\/opinel-nr-7-my-first-opinel-nazis-zils\\\/#breadcrumb\"},\"inLanguage\":\"ru-RU\",\"potentialAction\":[{\"@type\":\"ReadAction\",\"target\":[\"https:\\\/\\\/gohike.lv\\\/ru\\\/produkts\\\/opinel-nr-7-my-first-opinel-nazis-zils\\\/\"]}]},{\"@type\":\"ImageObject\",\"inLanguage\":\"ru-RU\",\"@id\":\"https:\\\/\\\/gohike.lv\\\/ru\\\/produkts\\\/opinel-nr-7-my-first-opinel-nazis-zils\\\/#primaryimage\",\"url\":\"https:\\\/\\\/gohike.lv\\\/wp-content\\\/uploads\\\/2024\\\/06\\\/KidsBlue.webp\",\"contentUrl\":\"https:\\\/\\\/gohike.lv\\\/wp-content\\\/uploads\\\/2024\\\/06\\\/KidsBlue.webp\",\"width\":870,\"height\":870},{\"@type\":\"BreadcrumbList\",\"@id\":\"https:\\\/\\\/gohike.lv\\\/ru\\\/produkts\\\/opinel-nr-7-my-first-opinel-nazis-zils\\\/#breadcrumb\",\"itemListElement\":[{\"@type\":\"ListItem\",\"position\":1,\"name\":\"\u0413\u043b\u0430\u0432\u043d\u0430\u044f\",\"item\":\"https:\\\/\\\/gohike.lv\\\/ru\\\/\"},{\"@type\":\"ListItem\",\"position\":2,\"name\":\"\u041a\u0430\u0442\u0435\u0433\u043e\u0440\u0438\u0438 \u0442\u043e\u0432\u0430\u0440\u043e\u0432\",\"item\":\"https:\\\/\\\/gohike.lv\\\/%d0%ba%d0%b0%d1%82%d0%b5%d0%b3%d0%be%d1%80%d0%b8%d0%b8-%d1%82%d0%be%d0%b2%d0%b0%d1%80%d0%be%d0%b2\\\/\"},{\"@type\":\"ListItem\",\"position\":3,\"name\":\"Opinel \u2013 Nr.7 My first Opinel nazis &#8211; zils\"}]},{\"@type\":\"WebSite\",\"@id\":\"https:\\\/\\\/gohike.lv\\\/ru\\\/#website\",\"url\":\"https:\\\/\\\/gohike.lv\\\/ru\\\/\",\"name\":\"GoHike\",\"description\":\"\",\"publisher\":{\"@id\":\"https:\\\/\\\/gohike.lv\\\/ru\\\/#organization\"},\"potentialAction\":[{\"@type\":\"SearchAction\",\"target\":{\"@type\":\"EntryPoint\",\"urlTemplate\":\"https:\\\/\\\/gohike.lv\\\/ru\\\/?s={search_term_string}\"},\"query-input\":{\"@type\":\"PropertyValueSpecification\",\"valueRequired\":true,\"valueName\":\"search_term_string\"}}],\"inLanguage\":\"ru-RU\"},{\"@type\":\"Organization\",\"@id\":\"https:\\\/\\\/gohike.lv\\\/ru\\\/#organization\",\"name\":\"GoHike\",\"url\":\"https:\\\/\\\/gohike.lv\\\/ru\\\/\",\"logo\":{\"@type\":\"ImageObject\",\"inLanguage\":\"ru-RU\",\"@id\":\"https:\\\/\\\/gohike.lv\\\/ru\\\/#\\\/schema\\\/logo\\\/image\\\/\",\"url\":\"https:\\\/\\\/gohike.lv\\\/wp-content\\\/uploads\\\/2023\\\/08\\\/Logo_GoHike.webp\",\"contentUrl\":\"https:\\\/\\\/gohike.lv\\\/wp-content\\\/uploads\\\/2023\\\/08\\\/Logo_GoHike.webp\",\"width\":512,\"height\":512,\"caption\":\"GoHike\"},\"image\":{\"@id\":\"https:\\\/\\\/gohike.lv\\\/ru\\\/#\\\/schema\\\/logo\\\/image\\\/\"},\"sameAs\":[\"https:\\\/\\\/www.facebook.com\\\/gohike.shop\\\/\",\"https:\\\/\\\/www.instagram.com\\\/gohike.shop\\\/\"]}]}<\/script>\n<!-- \/ Yoast SEO plugin. -->","yoast_head_json":{"title":"Opinel \u2013 Nr.7 My first Opinel nazis - zils","description":"No.07 My First Opinel saliekamais nazis, kas paredz\u0113ts b\u0113rniem, ir apr\u012bkots ar asmeni ar apa\u013ciem galiem papildu dro\u0161\u012bbai.","robots":{"index":"index","follow":"follow","max-snippet":"max-snippet:-1","max-image-preview":"max-image-preview:large","max-video-preview":"max-video-preview:-1"},"canonical":"https:\/\/gohike.lv\/ru\/produkts\/opinel-nr-7-my-first-opinel-nazis-zils\/","og_locale":"ru_RU","og_type":"article","og_title":"Nr.7 My first Opinel nazis - zils","og_description":"No.07 My First Opinel saliekamais nazis, kas paredz\u0113ts b\u0113rniem, ir apr\u012bkots ar asmeni ar apa\u013ciem galiem papildu dro\u0161\u012bbai.","og_url":"https:\/\/gohike.lv\/ru\/produkts\/opinel-nr-7-my-first-opinel-nazis-zils\/","og_site_name":"GoHike","article_publisher":"https:\/\/www.facebook.com\/gohike.shop\/","article_modified_time":"2025-12-31T16:54:59+00:00","og_image":[{"width":870,"height":870,"url":"https:\/\/gohike.lv\/wp-content\/uploads\/2024\/06\/KidsBlue.webp","type":"image\/webp"}],"twitter_card":"summary_large_image","twitter_title":"Nr.7 My first Opinel nazis - zils","twitter_misc":{"\u041f\u0440\u0438\u043c\u0435\u0440\u043d\u043e\u0435 \u0432\u0440\u0435\u043c\u044f \u0434\u043b\u044f \u0447\u0442\u0435\u043d\u0438\u044f":"2 \u043c\u0438\u043d\u0443\u0442\u0430"},"schema":{"@context":"https:\/\/schema.org","@graph":[{"@type":["WebPage","ItemPage"],"@id":"https:\/\/gohike.lv\/ru\/produkts\/opinel-nr-7-my-first-opinel-nazis-zils\/","url":"https:\/\/gohike.lv\/ru\/produkts\/opinel-nr-7-my-first-opinel-nazis-zils\/","name":"Opinel \u2013 Nr.7 My first Opinel nazis - zils","isPartOf":{"@id":"https:\/\/gohike.lv\/ru\/#website"},"primaryImageOfPage":{"@id":"https:\/\/gohike.lv\/ru\/produkts\/opinel-nr-7-my-first-opinel-nazis-zils\/#primaryimage"},"image":{"@id":"https:\/\/gohike.lv\/ru\/produkts\/opinel-nr-7-my-first-opinel-nazis-zils\/#primaryimage"},"thumbnailUrl":"https:\/\/gohike.lv\/wp-content\/uploads\/2024\/06\/KidsBlue.webp","datePublished":"2024-06-27T13:41:34+00:00","dateModified":"2025-12-31T16:54:59+00:00","description":"No.07 My First Opinel saliekamais nazis, kas paredz\u0113ts b\u0113rniem, ir apr\u012bkots ar asmeni ar apa\u013ciem galiem papildu dro\u0161\u012bbai.","breadcrumb":{"@id":"https:\/\/gohike.lv\/ru\/produkts\/opinel-nr-7-my-first-opinel-nazis-zils\/#breadcrumb"},"inLanguage":"ru-RU","potentialAction":[{"@type":"ReadAction","target":["https:\/\/gohike.lv\/ru\/produkts\/opinel-nr-7-my-first-opinel-nazis-zils\/"]}]},{"@type":"ImageObject","inLanguage":"ru-RU","@id":"https:\/\/gohike.lv\/ru\/produkts\/opinel-nr-7-my-first-opinel-nazis-zils\/#primaryimage","url":"https:\/\/gohike.lv\/wp-content\/uploads\/2024\/06\/KidsBlue.webp","contentUrl":"https:\/\/gohike.lv\/wp-content\/uploads\/2024\/06\/KidsBlue.webp","width":870,"height":870},{"@type":"BreadcrumbList","@id":"https:\/\/gohike.lv\/ru\/produkts\/opinel-nr-7-my-first-opinel-nazis-zils\/#breadcrumb","itemListElement":[{"@type":"ListItem","position":1,"name":"\u0413\u043b\u0430\u0432\u043d\u0430\u044f","item":"https:\/\/gohike.lv\/ru\/"},{"@type":"ListItem","position":2,"name":"\u041a\u0430\u0442\u0435\u0433\u043e\u0440\u0438\u0438 \u0442\u043e\u0432\u0430\u0440\u043e\u0432","item":"https:\/\/gohike.lv\/%d0%ba%d0%b0%d1%82%d0%b5%d0%b3%d0%be%d1%80%d0%b8%d0%b8-%d1%82%d0%be%d0%b2%d0%b0%d1%80%d0%be%d0%b2\/"},{"@type":"ListItem","position":3,"name":"Opinel \u2013 Nr.7 My first Opinel nazis &#8211; zils"}]},{"@type":"WebSite","@id":"https:\/\/gohike.lv\/ru\/#website","url":"https:\/\/gohike.lv\/ru\/","name":"GoHike","description":"","publisher":{"@id":"https:\/\/gohike.lv\/ru\/#organization"},"potentialAction":[{"@type":"SearchAction","target":{"@type":"EntryPoint","urlTemplate":"https:\/\/gohike.lv\/ru\/?s={search_term_string}"},"query-input":{"@type":"PropertyValueSpecification","valueRequired":true,"valueName":"search_term_string"}}],"inLanguage":"ru-RU"},{"@type":"Organization","@id":"https:\/\/gohike.lv\/ru\/#organization","name":"GoHike","url":"https:\/\/gohike.lv\/ru\/","logo":{"@type":"ImageObject","inLanguage":"ru-RU","@id":"https:\/\/gohike.lv\/ru\/#\/schema\/logo\/image\/","url":"https:\/\/gohike.lv\/wp-content\/uploads\/2023\/08\/Logo_GoHike.webp","contentUrl":"https:\/\/gohike.lv\/wp-content\/uploads\/2023\/08\/Logo_GoHike.webp","width":512,"height":512,"caption":"GoHike"},"image":{"@id":"https:\/\/gohike.lv\/ru\/#\/schema\/logo\/image\/"},"sameAs":["https:\/\/www.facebook.com\/gohike.shop\/","https:\/\/www.instagram.com\/gohike.shop\/"]}]}},"jetpack_sharing_enabled":true,"_links":{"self":[{"href":"https:\/\/gohike.lv\/ru\/wp-json\/wp\/v2\/product\/58377","targetHints":{"allow":["GET"]}}],"collection":[{"href":"https:\/\/gohike.lv\/ru\/wp-json\/wp\/v2\/product"}],"about":[{"href":"https:\/\/gohike.lv\/ru\/wp-json\/wp\/v2\/types\/product"}],"version-history":[{"count":0,"href":"https:\/\/gohike.lv\/ru\/wp-json\/wp\/v2\/product\/58377\/revisions"}],"wp:featuredmedia":[{"embeddable":true,"href":"https:\/\/gohike.lv\/ru\/wp-json\/wp\/v2\/media\/58379"}],"wp:attachment":[{"href":"https:\/\/gohike.lv\/ru\/wp-json\/wp\/v2\/media?parent=58377"}],"wp:term":[{"taxonomy":"product_brand","embeddable":true,"href":"https:\/\/gohike.lv\/ru\/wp-json\/wp\/v2\/product_brand?post=58377"},{"taxonomy":"product_cat","embeddable":true,"href":"https:\/\/gohike.lv\/ru\/wp-json\/wp\/v2\/product_cat?post=58377"},{"taxonomy":"product_tag","embeddable":true,"href":"https:\/\/gohike.lv\/ru\/wp-json\/wp\/v2\/product_tag?post=58377"}],"curies":[{"name":"wp","href":"https:\/\/api.w.org\/{rel}","templated":true}]}}