{"id":58373,"date":"2024-06-27T16:41:34","date_gmt":"2024-06-27T13:41:34","guid":{"rendered":"https:\/\/gohike.lv\/produkts\/nr-8-ara-nazis-2\/"},"modified":"2025-12-30T17:24:34","modified_gmt":"2025-12-30T14:24:34","slug":"opinel-nr-8-ara-nazis-2-2","status":"publish","type":"product","link":"https:\/\/gohike.lv\/ru\/produkts\/opinel-nr-8-ara-nazis-2-2\/","title":{"rendered":"Opinel \u2013 Nr.8 \u0100ra nazis &#8212; sarkans"},"content":{"rendered":"<p>Nazis ir izgatavots no iztur\u012bga un ner\u016bs\u0113jo\u0161\u0101 t\u0113rauda 12C27 no Sandvik.<br \/>\nSakaus\u0113juma ciet\u012bba sasniedz aptuveni 61 HRC.<br \/>\n8,5 centimetru asmens efekt\u012bvi grie\u017e dabisk\u0101s un sint\u0113tisk\u0101s virves.<br \/>\nNa\u017ea rokturis ir izgatavots no poliam\u012bda, kas pild\u012bts ar stikl\u0161\u0137iedru.<br \/>\nTas garant\u0113 augstu iztur\u012bbu pret triecieniem, \u016bdeni un ekstrem\u0101l\u0101m temperat\u016br\u0101m.<br \/>\nRoktura aizmugur\u0113 ir ieb\u016bv\u0113ta svilpe, t\u0101 darbojas jebkuros laikapst\u0101k\u013cos un t\u0101s jauda ir 110 decibeli. Svilpes darb\u012bbas r\u0101diuss ir 300 metri.<br \/>\nProdukts ir apr\u012bkots ar Virobloc dro\u0161\u012bbas sl\u0113dzeni. To 1955. gad\u0101 izgudroja Marsels Opinels.<br \/>\nRaksturlielumi:<br \/>\nSaliekams modelis;<br \/>\nPusrobota asmens;<br \/>\nSl\u0113dzenes veids: Viroblock;<br \/>\nNa\u017ea kop\u0113jais garums: 19,2 centimetri;<br \/>\nAsme\u0146a garums: 8,5 cm;<br \/>\nAsme\u0146a biezums: 2,5 mm;<br \/>\nSvars: 62 grami;<br \/>\nRa\u017eots: Francij\u0101;<br \/>\nM\u016b\u017ea garantija.<br \/>\n<iframe title=\"Mode d&#039;emploi - OPINEL N\u00b008 OUTDOOR\" width=\"1200\" height=\"675\" src=\"https:\/\/www.youtube.com\/embed\/OxEz4gbAGLY?feature=oembed\" frameborder=\"0\" allow=\"accelerometer; autoplay; clipboard-write; encrypted-media; gyroscope; picture-in-picture; web-share\" referrerpolicy=\"strict-origin-when-cross-origin\" allowfullscreen><\/iframe><br \/>\n<iframe title=\"Mode d&#039;emploi - OPINEL N\u00b008 OUTDOOR\" width=\"1200\" height=\"675\" src=\"https:\/\/www.youtube.com\/embed\/OxEz4gbAGLY?feature=oembed\" frameborder=\"0\" allow=\"accelerometer; autoplay; clipboard-write; encrypted-media; gyroscope; picture-in-picture; web-share\" referrerpolicy=\"strict-origin-when-cross-origin\" allowfullscreen><\/iframe><\/p>\n","protected":false},"excerpt":{"rendered":"<p>Saliekams nazis ce\u013cojumu, \u0101ra aktivit\u0101\u0161u un sporta cien\u012bt\u0101jiem.<\/p>\n","protected":false},"featured_media":58375,"template":"","meta":[],"product_brand":[1942],"product_cat":[1056],"product_tag":[],"class_list":{"0":"post-58373","1":"product","2":"type-product","3":"status-publish","4":"has-post-thumbnail","6":"product_brand-opinel-lv","7":"product_cat-nazi-un-zagi","8":"pa_asmens-cietiba-55-61-hrc","9":"pa_izmers-107mmroktura-garums","10":"pa_izmers-192mmpilns-garums","11":"pa_izmers-2-5mmasmens-platums","12":"pa_izmers-85mmasmens-garums","13":"pa_materiali-nerusejosais-terauds-sandvik-1227-2","14":"pa_materiali-poliamids-ar-stiklskiedru","15":"pa_produkta-tips-nazi","17":"first","18":"instock","19":"purchasable","20":"product-type-simple"},"raw_content":{"name":"Opinel \u2013 Nr.8 \u0100ra nazis - sarkans","description":"Nazis ir izgatavots no iztur\u012bga un ner\u016bs\u0113jo\u0161\u0101 t\u0113rauda 12C27 no Sandvik.\nSakaus\u0113juma ciet\u012bba sasniedz aptuveni 61 HRC.\n8,5 centimetru asmens efekt\u012bvi grie\u017e dabisk\u0101s un sint\u0113tisk\u0101s virves.\nNa\u017ea rokturis ir izgatavots no poliam\u012bda, kas pild\u012bts ar stikl\u0161\u0137iedru.\nTas garant\u0113 augstu iztur\u012bbu pret triecieniem, \u016bdeni un ekstrem\u0101l\u0101m temperat\u016br\u0101m.\nRoktura aizmugur\u0113 ir ieb\u016bv\u0113ta svilpe, t\u0101 darbojas jebkuros laikapst\u0101k\u013cos un t\u0101s jauda ir 110 decibeli. Svilpes darb\u012bbas r\u0101diuss ir 300 metri.\nProdukts ir apr\u012bkots ar Virobloc dro\u0161\u012bbas sl\u0113dzeni. To 1955. gad\u0101 izgudroja Marsels Opinels.\nRaksturlielumi:\nSaliekams modelis;\nPusrobota asmens;\nSl\u0113dzenes veids: Viroblock;\nNa\u017ea kop\u0113jais garums: 19,2 centimetri;\nAsme\u0146a garums: 8,5 cm;\nAsme\u0146a biezums: 2,5 mm;\nSvars: 62 grami;\nRa\u017eots: Francij\u0101;\nM\u016b\u017ea garantija.\nhttps:\/\/youtu.be\/OxEz4gbAGLY\nhttps:\/\/youtu.be\/OxEz4gbAGLY","short_description":"Saliekams nazis ce\u013cojumu, \u0101ra aktivit\u0101\u0161u un sporta cien\u012bt\u0101jiem.","status":"publish","sku":"1714","original":58373},"wpml":{"translation_type":1,"has_translations":true,"original":58373,"duplicates":[],"translations":{"lv":58373,"en":67705,"ru":null}},"supplier_id":null,"supplier_sku":"","barcode":null,"atum_controlled":true,"out_stock_date":null,"out_stock_threshold":null,"inheritable":false,"inbound_stock":0,"stock_on_hold":0,"sold_today":0,"sales_last_days":0,"reserved_stock":0,"customer_returns":0,"warehouse_damage":0,"lost_in_post":0,"other_logs":0,"out_stock_days":0,"lost_sales":0,"has_location":false,"update_date":"2025-12-30T14:30:34","atum_locations":[],"atum_stock_status":"instock","restock_status":false,"low_stock_amount":"","sales_update_date":"2025-11-13T14:08:10","calc_backorders":null,"yoast_head":"<!-- This site is optimized with the Yoast SEO plugin v27.3 - https:\/\/yoast.com\/product\/yoast-seo-wordpress\/ -->\n<title>Nr.8 \u0100ra nazis - sarkans<\/title>\n<meta name=\"description\" content=\"Saliekams nazis ce\u013cojumu, \u0101ra aktivit\u0101\u0161u un sporta cien\u012bt\u0101jiem.\" \/>\n<meta name=\"robots\" content=\"index, follow, max-snippet:-1, max-image-preview:large, max-video-preview:-1\" \/>\n<link rel=\"canonical\" href=\"https:\/\/gohike.lv\/ru\/produkts\/opinel-nr-8-ara-nazis-2-2\/\" \/>\n<meta property=\"og:locale\" content=\"ru_RU\" \/>\n<meta property=\"og:type\" content=\"article\" \/>\n<meta property=\"og:title\" content=\"Nr.8 \u0100ra nazis - sarkans\" \/>\n<meta property=\"og:description\" content=\"Saliekams nazis ce\u013cojumu, \u0101ra aktivit\u0101\u0161u un sporta cien\u012bt\u0101jiem.\" \/>\n<meta property=\"og:url\" content=\"https:\/\/gohike.lv\/ru\/produkts\/opinel-nr-8-ara-nazis-2-2\/\" \/>\n<meta property=\"og:site_name\" content=\"GoHike\" \/>\n<meta property=\"article:publisher\" content=\"https:\/\/www.facebook.com\/gohike.shop\/\" \/>\n<meta property=\"article:modified_time\" content=\"2025-12-30T14:24:34+00:00\" \/>\n<meta property=\"og:image\" content=\"https:\/\/gohike.lv\/wp-content\/uploads\/2024\/06\/Opinel8red.jpg\" \/>\n\t<meta property=\"og:image:width\" content=\"500\" \/>\n\t<meta property=\"og:image:height\" content=\"500\" \/>\n\t<meta property=\"og:image:type\" content=\"image\/jpeg\" \/>\n<meta name=\"twitter:card\" content=\"summary_large_image\" \/>\n<meta name=\"twitter:title\" content=\"Nr.8 \u0100ra nazis - sarkans\" \/>\n<meta name=\"twitter:label1\" content=\"\u041f\u0440\u0438\u043c\u0435\u0440\u043d\u043e\u0435 \u0432\u0440\u0435\u043c\u044f \u0434\u043b\u044f \u0447\u0442\u0435\u043d\u0438\u044f\" \/>\n\t<meta name=\"twitter:data1\" content=\"1 \u043c\u0438\u043d\u0443\u0442\u0430\" \/>\n<script type=\"application\/ld+json\" class=\"yoast-schema-graph\">{\"@context\":\"https:\\\/\\\/schema.org\",\"@graph\":[{\"@type\":[\"WebPage\",\"ItemPage\"],\"@id\":\"https:\\\/\\\/gohike.lv\\\/ru\\\/produkts\\\/opinel-nr-8-ara-nazis-2-2\\\/\",\"url\":\"https:\\\/\\\/gohike.lv\\\/ru\\\/produkts\\\/opinel-nr-8-ara-nazis-2-2\\\/\",\"name\":\"Nr.8 \u0100ra nazis - sarkans\",\"isPartOf\":{\"@id\":\"https:\\\/\\\/gohike.lv\\\/ru\\\/#website\"},\"primaryImageOfPage\":{\"@id\":\"https:\\\/\\\/gohike.lv\\\/ru\\\/produkts\\\/opinel-nr-8-ara-nazis-2-2\\\/#primaryimage\"},\"image\":{\"@id\":\"https:\\\/\\\/gohike.lv\\\/ru\\\/produkts\\\/opinel-nr-8-ara-nazis-2-2\\\/#primaryimage\"},\"thumbnailUrl\":\"https:\\\/\\\/gohike.lv\\\/wp-content\\\/uploads\\\/2024\\\/06\\\/Opinel8red.jpg\",\"datePublished\":\"2024-06-27T13:41:34+00:00\",\"dateModified\":\"2025-12-30T14:24:34+00:00\",\"description\":\"Saliekams nazis ce\u013cojumu, \u0101ra aktivit\u0101\u0161u un sporta cien\u012bt\u0101jiem.\",\"breadcrumb\":{\"@id\":\"https:\\\/\\\/gohike.lv\\\/ru\\\/produkts\\\/opinel-nr-8-ara-nazis-2-2\\\/#breadcrumb\"},\"inLanguage\":\"ru-RU\",\"potentialAction\":[{\"@type\":\"ReadAction\",\"target\":[\"https:\\\/\\\/gohike.lv\\\/ru\\\/produkts\\\/opinel-nr-8-ara-nazis-2-2\\\/\"]}]},{\"@type\":\"ImageObject\",\"inLanguage\":\"ru-RU\",\"@id\":\"https:\\\/\\\/gohike.lv\\\/ru\\\/produkts\\\/opinel-nr-8-ara-nazis-2-2\\\/#primaryimage\",\"url\":\"https:\\\/\\\/gohike.lv\\\/wp-content\\\/uploads\\\/2024\\\/06\\\/Opinel8red.jpg\",\"contentUrl\":\"https:\\\/\\\/gohike.lv\\\/wp-content\\\/uploads\\\/2024\\\/06\\\/Opinel8red.jpg\",\"width\":500,\"height\":500},{\"@type\":\"BreadcrumbList\",\"@id\":\"https:\\\/\\\/gohike.lv\\\/ru\\\/produkts\\\/opinel-nr-8-ara-nazis-2-2\\\/#breadcrumb\",\"itemListElement\":[{\"@type\":\"ListItem\",\"position\":1,\"name\":\"\u0413\u043b\u0430\u0432\u043d\u0430\u044f\",\"item\":\"https:\\\/\\\/gohike.lv\\\/ru\\\/\"},{\"@type\":\"ListItem\",\"position\":2,\"name\":\"\u041a\u0430\u0442\u0435\u0433\u043e\u0440\u0438\u0438 \u0442\u043e\u0432\u0430\u0440\u043e\u0432\",\"item\":\"https:\\\/\\\/gohike.lv\\\/%d0%ba%d0%b0%d1%82%d0%b5%d0%b3%d0%be%d1%80%d0%b8%d0%b8-%d1%82%d0%be%d0%b2%d0%b0%d1%80%d0%be%d0%b2\\\/\"},{\"@type\":\"ListItem\",\"position\":3,\"name\":\"Opinel \u2013 Nr.8 \u0100ra nazis &#8211; sarkans\"}]},{\"@type\":\"WebSite\",\"@id\":\"https:\\\/\\\/gohike.lv\\\/ru\\\/#website\",\"url\":\"https:\\\/\\\/gohike.lv\\\/ru\\\/\",\"name\":\"GoHike\",\"description\":\"\",\"publisher\":{\"@id\":\"https:\\\/\\\/gohike.lv\\\/ru\\\/#organization\"},\"potentialAction\":[{\"@type\":\"SearchAction\",\"target\":{\"@type\":\"EntryPoint\",\"urlTemplate\":\"https:\\\/\\\/gohike.lv\\\/ru\\\/?s={search_term_string}\"},\"query-input\":{\"@type\":\"PropertyValueSpecification\",\"valueRequired\":true,\"valueName\":\"search_term_string\"}}],\"inLanguage\":\"ru-RU\"},{\"@type\":\"Organization\",\"@id\":\"https:\\\/\\\/gohike.lv\\\/ru\\\/#organization\",\"name\":\"GoHike\",\"url\":\"https:\\\/\\\/gohike.lv\\\/ru\\\/\",\"logo\":{\"@type\":\"ImageObject\",\"inLanguage\":\"ru-RU\",\"@id\":\"https:\\\/\\\/gohike.lv\\\/ru\\\/#\\\/schema\\\/logo\\\/image\\\/\",\"url\":\"https:\\\/\\\/gohike.lv\\\/wp-content\\\/uploads\\\/2023\\\/08\\\/Logo_GoHike.webp\",\"contentUrl\":\"https:\\\/\\\/gohike.lv\\\/wp-content\\\/uploads\\\/2023\\\/08\\\/Logo_GoHike.webp\",\"width\":512,\"height\":512,\"caption\":\"GoHike\"},\"image\":{\"@id\":\"https:\\\/\\\/gohike.lv\\\/ru\\\/#\\\/schema\\\/logo\\\/image\\\/\"},\"sameAs\":[\"https:\\\/\\\/www.facebook.com\\\/gohike.shop\\\/\",\"https:\\\/\\\/www.instagram.com\\\/gohike.shop\\\/\"]}]}<\/script>\n<!-- \/ Yoast SEO plugin. -->","yoast_head_json":{"title":"Nr.8 \u0100ra nazis - sarkans","description":"Saliekams nazis ce\u013cojumu, \u0101ra aktivit\u0101\u0161u un sporta cien\u012bt\u0101jiem.","robots":{"index":"index","follow":"follow","max-snippet":"max-snippet:-1","max-image-preview":"max-image-preview:large","max-video-preview":"max-video-preview:-1"},"canonical":"https:\/\/gohike.lv\/ru\/produkts\/opinel-nr-8-ara-nazis-2-2\/","og_locale":"ru_RU","og_type":"article","og_title":"Nr.8 \u0100ra nazis - sarkans","og_description":"Saliekams nazis ce\u013cojumu, \u0101ra aktivit\u0101\u0161u un sporta cien\u012bt\u0101jiem.","og_url":"https:\/\/gohike.lv\/ru\/produkts\/opinel-nr-8-ara-nazis-2-2\/","og_site_name":"GoHike","article_publisher":"https:\/\/www.facebook.com\/gohike.shop\/","article_modified_time":"2025-12-30T14:24:34+00:00","og_image":[{"width":500,"height":500,"url":"https:\/\/gohike.lv\/wp-content\/uploads\/2024\/06\/Opinel8red.jpg","type":"image\/jpeg"}],"twitter_card":"summary_large_image","twitter_title":"Nr.8 \u0100ra nazis - sarkans","twitter_misc":{"\u041f\u0440\u0438\u043c\u0435\u0440\u043d\u043e\u0435 \u0432\u0440\u0435\u043c\u044f \u0434\u043b\u044f \u0447\u0442\u0435\u043d\u0438\u044f":"1 \u043c\u0438\u043d\u0443\u0442\u0430"},"schema":{"@context":"https:\/\/schema.org","@graph":[{"@type":["WebPage","ItemPage"],"@id":"https:\/\/gohike.lv\/ru\/produkts\/opinel-nr-8-ara-nazis-2-2\/","url":"https:\/\/gohike.lv\/ru\/produkts\/opinel-nr-8-ara-nazis-2-2\/","name":"Nr.8 \u0100ra nazis - sarkans","isPartOf":{"@id":"https:\/\/gohike.lv\/ru\/#website"},"primaryImageOfPage":{"@id":"https:\/\/gohike.lv\/ru\/produkts\/opinel-nr-8-ara-nazis-2-2\/#primaryimage"},"image":{"@id":"https:\/\/gohike.lv\/ru\/produkts\/opinel-nr-8-ara-nazis-2-2\/#primaryimage"},"thumbnailUrl":"https:\/\/gohike.lv\/wp-content\/uploads\/2024\/06\/Opinel8red.jpg","datePublished":"2024-06-27T13:41:34+00:00","dateModified":"2025-12-30T14:24:34+00:00","description":"Saliekams nazis ce\u013cojumu, \u0101ra aktivit\u0101\u0161u un sporta cien\u012bt\u0101jiem.","breadcrumb":{"@id":"https:\/\/gohike.lv\/ru\/produkts\/opinel-nr-8-ara-nazis-2-2\/#breadcrumb"},"inLanguage":"ru-RU","potentialAction":[{"@type":"ReadAction","target":["https:\/\/gohike.lv\/ru\/produkts\/opinel-nr-8-ara-nazis-2-2\/"]}]},{"@type":"ImageObject","inLanguage":"ru-RU","@id":"https:\/\/gohike.lv\/ru\/produkts\/opinel-nr-8-ara-nazis-2-2\/#primaryimage","url":"https:\/\/gohike.lv\/wp-content\/uploads\/2024\/06\/Opinel8red.jpg","contentUrl":"https:\/\/gohike.lv\/wp-content\/uploads\/2024\/06\/Opinel8red.jpg","width":500,"height":500},{"@type":"BreadcrumbList","@id":"https:\/\/gohike.lv\/ru\/produkts\/opinel-nr-8-ara-nazis-2-2\/#breadcrumb","itemListElement":[{"@type":"ListItem","position":1,"name":"\u0413\u043b\u0430\u0432\u043d\u0430\u044f","item":"https:\/\/gohike.lv\/ru\/"},{"@type":"ListItem","position":2,"name":"\u041a\u0430\u0442\u0435\u0433\u043e\u0440\u0438\u0438 \u0442\u043e\u0432\u0430\u0440\u043e\u0432","item":"https:\/\/gohike.lv\/%d0%ba%d0%b0%d1%82%d0%b5%d0%b3%d0%be%d1%80%d0%b8%d0%b8-%d1%82%d0%be%d0%b2%d0%b0%d1%80%d0%be%d0%b2\/"},{"@type":"ListItem","position":3,"name":"Opinel \u2013 Nr.8 \u0100ra nazis &#8211; sarkans"}]},{"@type":"WebSite","@id":"https:\/\/gohike.lv\/ru\/#website","url":"https:\/\/gohike.lv\/ru\/","name":"GoHike","description":"","publisher":{"@id":"https:\/\/gohike.lv\/ru\/#organization"},"potentialAction":[{"@type":"SearchAction","target":{"@type":"EntryPoint","urlTemplate":"https:\/\/gohike.lv\/ru\/?s={search_term_string}"},"query-input":{"@type":"PropertyValueSpecification","valueRequired":true,"valueName":"search_term_string"}}],"inLanguage":"ru-RU"},{"@type":"Organization","@id":"https:\/\/gohike.lv\/ru\/#organization","name":"GoHike","url":"https:\/\/gohike.lv\/ru\/","logo":{"@type":"ImageObject","inLanguage":"ru-RU","@id":"https:\/\/gohike.lv\/ru\/#\/schema\/logo\/image\/","url":"https:\/\/gohike.lv\/wp-content\/uploads\/2023\/08\/Logo_GoHike.webp","contentUrl":"https:\/\/gohike.lv\/wp-content\/uploads\/2023\/08\/Logo_GoHike.webp","width":512,"height":512,"caption":"GoHike"},"image":{"@id":"https:\/\/gohike.lv\/ru\/#\/schema\/logo\/image\/"},"sameAs":["https:\/\/www.facebook.com\/gohike.shop\/","https:\/\/www.instagram.com\/gohike.shop\/"]}]}},"jetpack_sharing_enabled":true,"_links":{"self":[{"href":"https:\/\/gohike.lv\/ru\/wp-json\/wp\/v2\/product\/58373","targetHints":{"allow":["GET"]}}],"collection":[{"href":"https:\/\/gohike.lv\/ru\/wp-json\/wp\/v2\/product"}],"about":[{"href":"https:\/\/gohike.lv\/ru\/wp-json\/wp\/v2\/types\/product"}],"version-history":[{"count":0,"href":"https:\/\/gohike.lv\/ru\/wp-json\/wp\/v2\/product\/58373\/revisions"}],"wp:featuredmedia":[{"embeddable":true,"href":"https:\/\/gohike.lv\/ru\/wp-json\/wp\/v2\/media\/58375"}],"wp:attachment":[{"href":"https:\/\/gohike.lv\/ru\/wp-json\/wp\/v2\/media?parent=58373"}],"wp:term":[{"taxonomy":"product_brand","embeddable":true,"href":"https:\/\/gohike.lv\/ru\/wp-json\/wp\/v2\/product_brand?post=58373"},{"taxonomy":"product_cat","embeddable":true,"href":"https:\/\/gohike.lv\/ru\/wp-json\/wp\/v2\/product_cat?post=58373"},{"taxonomy":"product_tag","embeddable":true,"href":"https:\/\/gohike.lv\/ru\/wp-json\/wp\/v2\/product_tag?post=58373"}],"curies":[{"name":"wp","href":"https:\/\/api.w.org\/{rel}","templated":true}]}}