{"id":58365,"date":"2024-06-27T16:41:34","date_gmt":"2024-06-27T13:41:34","guid":{"rendered":"https:\/\/gohike.lv\/produkts\/nr-10-korkvilkis-nazis-ar-pudelu-attaisamo\/"},"modified":"2026-01-07T21:04:31","modified_gmt":"2026-01-07T18:04:31","slug":"opinel-nr-10-korkvilkis-nazis-ar-pudelu-attaisamo","status":"publish","type":"product","link":"https:\/\/gohike.lv\/ru\/produkts\/opinel-nr-10-korkvilkis-nazis-ar-pudelu-attaisamo\/","title":{"rendered":"Opinel \u2013 Nr.10 Kor\u0137vi\u013c\u0137is, nazis ar pude\u013cu attais\u0101mo"},"content":{"rendered":"<p>Kor\u0137vi\u013c\u0137a pude\u013cu attais\u0101mais N\u00b010 ir daudzpus\u012bgs nazis, kas vienm\u0113r noder\u0113s piknikos un cit\u0101s \u0101ra aktivit\u0101t\u0113s.<br \/>\nTam ir 10\u00a0cm ner\u016bs\u0113jo\u0161\u0101 t\u0113rauda asmens desu, siera un daudzu citu p\u0101rtikas produktu grie\u0161anai, k\u0101 ar\u012b iztur\u012bgs di\u017esk\u0101bar\u017ea koka rokturis.<br \/>\nRokturis ir apr\u012bkots ar profesion\u0101lu 5 apgriezienu ner\u016bs\u0113jo\u0161\u0101 t\u0113rauda kor\u0137vi\u013c\u0137i, k\u0101 ar\u012b t\u0113rauda aizb\u0101zni pude\u013cu atv\u0113r\u0161anai un na\u017ea pakarin\u0101\u0161anai.<br \/>\nNazis ir apr\u012bkots ar\u012b ar Virobloc dro\u0161\u012bbas gredzenu un ir ra\u017eots Francij\u0101.<\/p>\n","protected":false},"excerpt":{"rendered":"<p>Tr\u012bs vien\u0101 &#8212; nazis, kor\u0137vi\u013c\u0137is un pude\u013cu attais\u0101mais.<\/p>\n","protected":false},"featured_media":58367,"template":"","meta":[],"product_brand":[1942],"product_cat":[1056],"product_tag":[],"class_list":{"0":"post-58365","1":"product","2":"type-product","3":"status-publish","4":"has-post-thumbnail","6":"product_brand-opinel-lv","7":"product_cat-nazi-un-zagi","8":"pa_asmens-cietiba-55-57-hrc","9":"pa_izmers-100mmasmens-garums","10":"pa_izmers-132mmgarums-salocita-stavokli","11":"pa_izmers-231mmpilns-garums","12":"pa_materiali-dizskabarza-koks","13":"pa_materiali-nerusejosais-terauds-sandvik-1227-2","14":"pa_produkta-tips-nazi","16":"first","17":"instock","18":"purchasable","19":"product-type-simple"},"raw_content":{"name":"Opinel \u2013 Nr.10 Kor\u0137vi\u013c\u0137is, nazis ar pude\u013cu attais\u0101mo","description":"Kor\u0137vi\u013c\u0137a pude\u013cu attais\u0101mais N\u00b010 ir daudzpus\u012bgs nazis, kas vienm\u0113r noder\u0113s piknikos un cit\u0101s \u0101ra aktivit\u0101t\u0113s.\nTam ir 10\u00a0cm ner\u016bs\u0113jo\u0161\u0101 t\u0113rauda asmens desu, siera un daudzu citu p\u0101rtikas produktu grie\u0161anai, k\u0101 ar\u012b iztur\u012bgs di\u017esk\u0101bar\u017ea koka rokturis.\nRokturis ir apr\u012bkots ar profesion\u0101lu 5 apgriezienu ner\u016bs\u0113jo\u0161\u0101 t\u0113rauda kor\u0137vi\u013c\u0137i, k\u0101 ar\u012b t\u0113rauda aizb\u0101zni pude\u013cu atv\u0113r\u0161anai un na\u017ea pakarin\u0101\u0161anai.\nNazis ir apr\u012bkots ar\u012b ar Virobloc dro\u0161\u012bbas gredzenu un ir ra\u017eots Francij\u0101.","short_description":"Tr\u012bs vien\u0101 - nazis, kor\u0137vi\u013c\u0137is un pude\u013cu attais\u0101mais.","status":"publish","sku":"2578","original":58365},"wpml":{"translation_type":1,"has_translations":true,"original":58365,"duplicates":[],"translations":{"lv":58365,"en":67695,"ru":null}},"supplier_id":null,"supplier_sku":"","barcode":null,"atum_controlled":true,"out_stock_date":null,"out_stock_threshold":null,"inheritable":false,"inbound_stock":0,"stock_on_hold":0,"sold_today":0,"sales_last_days":0,"reserved_stock":0,"customer_returns":0,"warehouse_damage":0,"lost_in_post":0,"other_logs":0,"out_stock_days":0,"lost_sales":0,"has_location":false,"update_date":"2026-01-07T18:04:32","atum_locations":[],"atum_stock_status":"instock","restock_status":false,"low_stock_amount":"","sales_update_date":"2025-11-13T14:08:33","calc_backorders":null,"yoast_head":"<!-- This site is optimized with the Yoast SEO plugin v27.3 - https:\/\/yoast.com\/product\/yoast-seo-wordpress\/ -->\n<title>Opinel \u2013 Nr.10 Kor\u0137vi\u013c\u0137is, nazis ar pude\u013cu attais\u0101mo<\/title>\n<meta name=\"description\" content=\"Tr\u012bs vien\u0101 - nazis, kor\u0137vi\u013c\u0137is un pude\u013cu attais\u0101mais.\" \/>\n<meta name=\"robots\" content=\"index, follow, max-snippet:-1, max-image-preview:large, max-video-preview:-1\" \/>\n<link rel=\"canonical\" href=\"https:\/\/gohike.lv\/ru\/produkts\/opinel-nr-10-korkvilkis-nazis-ar-pudelu-attaisamo\/\" \/>\n<meta property=\"og:locale\" content=\"ru_RU\" \/>\n<meta property=\"og:type\" content=\"article\" \/>\n<meta property=\"og:title\" content=\"Nr.10 Kor\u0137vi\u013c\u0137is nazis ar pude\u013cu attais\u0101mo\" \/>\n<meta property=\"og:description\" content=\"Tr\u012bs vien\u0101 - nazis, kor\u0137vi\u013c\u0137is un pude\u013cu attais\u0101mais.\" \/>\n<meta property=\"og:url\" content=\"https:\/\/gohike.lv\/ru\/produkts\/opinel-nr-10-korkvilkis-nazis-ar-pudelu-attaisamo\/\" \/>\n<meta property=\"og:site_name\" content=\"GoHike\" \/>\n<meta property=\"article:publisher\" content=\"https:\/\/www.facebook.com\/gohike.shop\/\" \/>\n<meta property=\"article:modified_time\" content=\"2026-01-07T18:04:31+00:00\" \/>\n<meta property=\"og:image\" content=\"https:\/\/gohike.lv\/wp-content\/uploads\/2024\/06\/Cockscrewer.webp\" \/>\n\t<meta property=\"og:image:width\" content=\"870\" \/>\n\t<meta property=\"og:image:height\" content=\"870\" \/>\n\t<meta property=\"og:image:type\" content=\"image\/webp\" \/>\n<meta name=\"twitter:card\" content=\"summary_large_image\" \/>\n<meta name=\"twitter:title\" content=\"Nr.10 Kor\u0137vi\u013c\u0137is nazis ar pude\u013cu attais\u0101mo\" \/>\n<meta name=\"twitter:label1\" content=\"\u041f\u0440\u0438\u043c\u0435\u0440\u043d\u043e\u0435 \u0432\u0440\u0435\u043c\u044f \u0434\u043b\u044f \u0447\u0442\u0435\u043d\u0438\u044f\" \/>\n\t<meta name=\"twitter:data1\" content=\"1 \u043c\u0438\u043d\u0443\u0442\u0430\" \/>\n<script type=\"application\/ld+json\" class=\"yoast-schema-graph\">{\"@context\":\"https:\\\/\\\/schema.org\",\"@graph\":[{\"@type\":[\"WebPage\",\"ItemPage\"],\"@id\":\"https:\\\/\\\/gohike.lv\\\/ru\\\/produkts\\\/opinel-nr-10-korkvilkis-nazis-ar-pudelu-attaisamo\\\/\",\"url\":\"https:\\\/\\\/gohike.lv\\\/ru\\\/produkts\\\/opinel-nr-10-korkvilkis-nazis-ar-pudelu-attaisamo\\\/\",\"name\":\"Opinel \u2013 Nr.10 Kor\u0137vi\u013c\u0137is, nazis ar pude\u013cu attais\u0101mo\",\"isPartOf\":{\"@id\":\"https:\\\/\\\/gohike.lv\\\/ru\\\/#website\"},\"primaryImageOfPage\":{\"@id\":\"https:\\\/\\\/gohike.lv\\\/ru\\\/produkts\\\/opinel-nr-10-korkvilkis-nazis-ar-pudelu-attaisamo\\\/#primaryimage\"},\"image\":{\"@id\":\"https:\\\/\\\/gohike.lv\\\/ru\\\/produkts\\\/opinel-nr-10-korkvilkis-nazis-ar-pudelu-attaisamo\\\/#primaryimage\"},\"thumbnailUrl\":\"https:\\\/\\\/gohike.lv\\\/wp-content\\\/uploads\\\/2024\\\/06\\\/Cockscrewer.webp\",\"datePublished\":\"2024-06-27T13:41:34+00:00\",\"dateModified\":\"2026-01-07T18:04:31+00:00\",\"description\":\"Tr\u012bs vien\u0101 - nazis, kor\u0137vi\u013c\u0137is un pude\u013cu attais\u0101mais.\",\"breadcrumb\":{\"@id\":\"https:\\\/\\\/gohike.lv\\\/ru\\\/produkts\\\/opinel-nr-10-korkvilkis-nazis-ar-pudelu-attaisamo\\\/#breadcrumb\"},\"inLanguage\":\"ru-RU\",\"potentialAction\":[{\"@type\":\"ReadAction\",\"target\":[\"https:\\\/\\\/gohike.lv\\\/ru\\\/produkts\\\/opinel-nr-10-korkvilkis-nazis-ar-pudelu-attaisamo\\\/\"]}]},{\"@type\":\"ImageObject\",\"inLanguage\":\"ru-RU\",\"@id\":\"https:\\\/\\\/gohike.lv\\\/ru\\\/produkts\\\/opinel-nr-10-korkvilkis-nazis-ar-pudelu-attaisamo\\\/#primaryimage\",\"url\":\"https:\\\/\\\/gohike.lv\\\/wp-content\\\/uploads\\\/2024\\\/06\\\/Cockscrewer.webp\",\"contentUrl\":\"https:\\\/\\\/gohike.lv\\\/wp-content\\\/uploads\\\/2024\\\/06\\\/Cockscrewer.webp\",\"width\":870,\"height\":870},{\"@type\":\"BreadcrumbList\",\"@id\":\"https:\\\/\\\/gohike.lv\\\/ru\\\/produkts\\\/opinel-nr-10-korkvilkis-nazis-ar-pudelu-attaisamo\\\/#breadcrumb\",\"itemListElement\":[{\"@type\":\"ListItem\",\"position\":1,\"name\":\"\u0413\u043b\u0430\u0432\u043d\u0430\u044f\",\"item\":\"https:\\\/\\\/gohike.lv\\\/ru\\\/\"},{\"@type\":\"ListItem\",\"position\":2,\"name\":\"\u041a\u0430\u0442\u0435\u0433\u043e\u0440\u0438\u0438 \u0442\u043e\u0432\u0430\u0440\u043e\u0432\",\"item\":\"https:\\\/\\\/gohike.lv\\\/%d0%ba%d0%b0%d1%82%d0%b5%d0%b3%d0%be%d1%80%d0%b8%d0%b8-%d1%82%d0%be%d0%b2%d0%b0%d1%80%d0%be%d0%b2\\\/\"},{\"@type\":\"ListItem\",\"position\":3,\"name\":\"Opinel \u2013 Nr.10 Kor\u0137vi\u013c\u0137is, nazis ar pude\u013cu attais\u0101mo\"}]},{\"@type\":\"WebSite\",\"@id\":\"https:\\\/\\\/gohike.lv\\\/ru\\\/#website\",\"url\":\"https:\\\/\\\/gohike.lv\\\/ru\\\/\",\"name\":\"GoHike\",\"description\":\"\",\"publisher\":{\"@id\":\"https:\\\/\\\/gohike.lv\\\/ru\\\/#organization\"},\"potentialAction\":[{\"@type\":\"SearchAction\",\"target\":{\"@type\":\"EntryPoint\",\"urlTemplate\":\"https:\\\/\\\/gohike.lv\\\/ru\\\/?s={search_term_string}\"},\"query-input\":{\"@type\":\"PropertyValueSpecification\",\"valueRequired\":true,\"valueName\":\"search_term_string\"}}],\"inLanguage\":\"ru-RU\"},{\"@type\":\"Organization\",\"@id\":\"https:\\\/\\\/gohike.lv\\\/ru\\\/#organization\",\"name\":\"GoHike\",\"url\":\"https:\\\/\\\/gohike.lv\\\/ru\\\/\",\"logo\":{\"@type\":\"ImageObject\",\"inLanguage\":\"ru-RU\",\"@id\":\"https:\\\/\\\/gohike.lv\\\/ru\\\/#\\\/schema\\\/logo\\\/image\\\/\",\"url\":\"https:\\\/\\\/gohike.lv\\\/wp-content\\\/uploads\\\/2023\\\/08\\\/Logo_GoHike.webp\",\"contentUrl\":\"https:\\\/\\\/gohike.lv\\\/wp-content\\\/uploads\\\/2023\\\/08\\\/Logo_GoHike.webp\",\"width\":512,\"height\":512,\"caption\":\"GoHike\"},\"image\":{\"@id\":\"https:\\\/\\\/gohike.lv\\\/ru\\\/#\\\/schema\\\/logo\\\/image\\\/\"},\"sameAs\":[\"https:\\\/\\\/www.facebook.com\\\/gohike.shop\\\/\",\"https:\\\/\\\/www.instagram.com\\\/gohike.shop\\\/\"]}]}<\/script>\n<!-- \/ Yoast SEO plugin. -->","yoast_head_json":{"title":"Opinel \u2013 Nr.10 Kor\u0137vi\u013c\u0137is, nazis ar pude\u013cu attais\u0101mo","description":"Tr\u012bs vien\u0101 - nazis, kor\u0137vi\u013c\u0137is un pude\u013cu attais\u0101mais.","robots":{"index":"index","follow":"follow","max-snippet":"max-snippet:-1","max-image-preview":"max-image-preview:large","max-video-preview":"max-video-preview:-1"},"canonical":"https:\/\/gohike.lv\/ru\/produkts\/opinel-nr-10-korkvilkis-nazis-ar-pudelu-attaisamo\/","og_locale":"ru_RU","og_type":"article","og_title":"Nr.10 Kor\u0137vi\u013c\u0137is nazis ar pude\u013cu attais\u0101mo","og_description":"Tr\u012bs vien\u0101 - nazis, kor\u0137vi\u013c\u0137is un pude\u013cu attais\u0101mais.","og_url":"https:\/\/gohike.lv\/ru\/produkts\/opinel-nr-10-korkvilkis-nazis-ar-pudelu-attaisamo\/","og_site_name":"GoHike","article_publisher":"https:\/\/www.facebook.com\/gohike.shop\/","article_modified_time":"2026-01-07T18:04:31+00:00","og_image":[{"width":870,"height":870,"url":"https:\/\/gohike.lv\/wp-content\/uploads\/2024\/06\/Cockscrewer.webp","type":"image\/webp"}],"twitter_card":"summary_large_image","twitter_title":"Nr.10 Kor\u0137vi\u013c\u0137is nazis ar pude\u013cu attais\u0101mo","twitter_misc":{"\u041f\u0440\u0438\u043c\u0435\u0440\u043d\u043e\u0435 \u0432\u0440\u0435\u043c\u044f \u0434\u043b\u044f \u0447\u0442\u0435\u043d\u0438\u044f":"1 \u043c\u0438\u043d\u0443\u0442\u0430"},"schema":{"@context":"https:\/\/schema.org","@graph":[{"@type":["WebPage","ItemPage"],"@id":"https:\/\/gohike.lv\/ru\/produkts\/opinel-nr-10-korkvilkis-nazis-ar-pudelu-attaisamo\/","url":"https:\/\/gohike.lv\/ru\/produkts\/opinel-nr-10-korkvilkis-nazis-ar-pudelu-attaisamo\/","name":"Opinel \u2013 Nr.10 Kor\u0137vi\u013c\u0137is, nazis ar pude\u013cu attais\u0101mo","isPartOf":{"@id":"https:\/\/gohike.lv\/ru\/#website"},"primaryImageOfPage":{"@id":"https:\/\/gohike.lv\/ru\/produkts\/opinel-nr-10-korkvilkis-nazis-ar-pudelu-attaisamo\/#primaryimage"},"image":{"@id":"https:\/\/gohike.lv\/ru\/produkts\/opinel-nr-10-korkvilkis-nazis-ar-pudelu-attaisamo\/#primaryimage"},"thumbnailUrl":"https:\/\/gohike.lv\/wp-content\/uploads\/2024\/06\/Cockscrewer.webp","datePublished":"2024-06-27T13:41:34+00:00","dateModified":"2026-01-07T18:04:31+00:00","description":"Tr\u012bs vien\u0101 - nazis, kor\u0137vi\u013c\u0137is un pude\u013cu attais\u0101mais.","breadcrumb":{"@id":"https:\/\/gohike.lv\/ru\/produkts\/opinel-nr-10-korkvilkis-nazis-ar-pudelu-attaisamo\/#breadcrumb"},"inLanguage":"ru-RU","potentialAction":[{"@type":"ReadAction","target":["https:\/\/gohike.lv\/ru\/produkts\/opinel-nr-10-korkvilkis-nazis-ar-pudelu-attaisamo\/"]}]},{"@type":"ImageObject","inLanguage":"ru-RU","@id":"https:\/\/gohike.lv\/ru\/produkts\/opinel-nr-10-korkvilkis-nazis-ar-pudelu-attaisamo\/#primaryimage","url":"https:\/\/gohike.lv\/wp-content\/uploads\/2024\/06\/Cockscrewer.webp","contentUrl":"https:\/\/gohike.lv\/wp-content\/uploads\/2024\/06\/Cockscrewer.webp","width":870,"height":870},{"@type":"BreadcrumbList","@id":"https:\/\/gohike.lv\/ru\/produkts\/opinel-nr-10-korkvilkis-nazis-ar-pudelu-attaisamo\/#breadcrumb","itemListElement":[{"@type":"ListItem","position":1,"name":"\u0413\u043b\u0430\u0432\u043d\u0430\u044f","item":"https:\/\/gohike.lv\/ru\/"},{"@type":"ListItem","position":2,"name":"\u041a\u0430\u0442\u0435\u0433\u043e\u0440\u0438\u0438 \u0442\u043e\u0432\u0430\u0440\u043e\u0432","item":"https:\/\/gohike.lv\/%d0%ba%d0%b0%d1%82%d0%b5%d0%b3%d0%be%d1%80%d0%b8%d0%b8-%d1%82%d0%be%d0%b2%d0%b0%d1%80%d0%be%d0%b2\/"},{"@type":"ListItem","position":3,"name":"Opinel \u2013 Nr.10 Kor\u0137vi\u013c\u0137is, nazis ar pude\u013cu attais\u0101mo"}]},{"@type":"WebSite","@id":"https:\/\/gohike.lv\/ru\/#website","url":"https:\/\/gohike.lv\/ru\/","name":"GoHike","description":"","publisher":{"@id":"https:\/\/gohike.lv\/ru\/#organization"},"potentialAction":[{"@type":"SearchAction","target":{"@type":"EntryPoint","urlTemplate":"https:\/\/gohike.lv\/ru\/?s={search_term_string}"},"query-input":{"@type":"PropertyValueSpecification","valueRequired":true,"valueName":"search_term_string"}}],"inLanguage":"ru-RU"},{"@type":"Organization","@id":"https:\/\/gohike.lv\/ru\/#organization","name":"GoHike","url":"https:\/\/gohike.lv\/ru\/","logo":{"@type":"ImageObject","inLanguage":"ru-RU","@id":"https:\/\/gohike.lv\/ru\/#\/schema\/logo\/image\/","url":"https:\/\/gohike.lv\/wp-content\/uploads\/2023\/08\/Logo_GoHike.webp","contentUrl":"https:\/\/gohike.lv\/wp-content\/uploads\/2023\/08\/Logo_GoHike.webp","width":512,"height":512,"caption":"GoHike"},"image":{"@id":"https:\/\/gohike.lv\/ru\/#\/schema\/logo\/image\/"},"sameAs":["https:\/\/www.facebook.com\/gohike.shop\/","https:\/\/www.instagram.com\/gohike.shop\/"]}]}},"jetpack_sharing_enabled":true,"_links":{"self":[{"href":"https:\/\/gohike.lv\/ru\/wp-json\/wp\/v2\/product\/58365","targetHints":{"allow":["GET"]}}],"collection":[{"href":"https:\/\/gohike.lv\/ru\/wp-json\/wp\/v2\/product"}],"about":[{"href":"https:\/\/gohike.lv\/ru\/wp-json\/wp\/v2\/types\/product"}],"version-history":[{"count":0,"href":"https:\/\/gohike.lv\/ru\/wp-json\/wp\/v2\/product\/58365\/revisions"}],"wp:featuredmedia":[{"embeddable":true,"href":"https:\/\/gohike.lv\/ru\/wp-json\/wp\/v2\/media\/58367"}],"wp:attachment":[{"href":"https:\/\/gohike.lv\/ru\/wp-json\/wp\/v2\/media?parent=58365"}],"wp:term":[{"taxonomy":"product_brand","embeddable":true,"href":"https:\/\/gohike.lv\/ru\/wp-json\/wp\/v2\/product_brand?post=58365"},{"taxonomy":"product_cat","embeddable":true,"href":"https:\/\/gohike.lv\/ru\/wp-json\/wp\/v2\/product_cat?post=58365"},{"taxonomy":"product_tag","embeddable":true,"href":"https:\/\/gohike.lv\/ru\/wp-json\/wp\/v2\/product_tag?post=58365"}],"curies":[{"name":"wp","href":"https:\/\/api.w.org\/{rel}","templated":true}]}}