{"id":58357,"date":"2024-06-27T16:38:19","date_gmt":"2024-06-27T13:38:19","guid":{"rendered":"https:\/\/gohike.lv\/produkts\/nr-6-kabatas-mizotajs\/"},"modified":"2025-12-30T17:24:34","modified_gmt":"2025-12-30T14:24:34","slug":"opinel-nr-6-kabatas-mizotajs","status":"publish","type":"product","link":"https:\/\/gohike.lv\/ru\/produkts\/opinel-nr-6-kabatas-mizotajs\/","title":{"rendered":"Opinel \u2013 Nr.6 Kabatas mizojamais nazis"},"content":{"rendered":"<p>Kompakts N\u00b006 kabatas mizot\u0101js, kas paredz\u0113ts gan labro\u010diem, gan krei\u013ciem, \u013cauj \u0101tri nomizot aug\u013cus un d\u0101rze\u0146us.<br \/>\n\u0160is mazais kabatas nazis ar lakotu di\u017esk\u0101bar\u017ea rokturi un 6\u00a0cm asmeni, kas izgatavots no ner\u016bs\u0113jo\u0161\u0101 t\u0113rauda, \u200b\u200bvar tikt izmantots gan virtuv\u0113, gan br\u012bv\u0101 dab\u0101.<br \/>\nNazis ir salok\u0101ms, kas atvieglo na\u017ea dro\u0161u uzglab\u0101\u0161anu un nodro\u0161ina vienk\u0101r\u0161u transport\u0113\u0161anu lieto\u0161anai \u0101rpus m\u0101jas.<\/p>\n","protected":false},"excerpt":{"rendered":"<p>Kabatas nazis-mizot\u0101js aug\u013cu un d\u0101rze\u0146u mizo\u0161anai.<\/p>\n","protected":false},"featured_media":58359,"template":"","meta":[],"product_brand":[1942],"product_cat":[1056],"product_tag":[],"class_list":{"0":"post-58357","1":"product","2":"type-product","3":"status-publish","4":"has-post-thumbnail","6":"product_brand-opinel-lv","7":"product_cat-nazi-un-zagi","8":"pa_asmens-cietiba-55-57-hrc","9":"pa_izmers-60mm","10":"pa_materiali-nerusejosais-terauds-sandvik-1227-2","11":"pa_materiali-olivkoks","12":"pa_produkta-tips-nazi","14":"first","15":"instock","16":"purchasable","17":"product-type-simple"},"raw_content":{"name":"Opinel \u2013 Nr.6 Kabatas mizojamais nazis","description":"Kompakts N\u00b006 kabatas mizot\u0101js, kas paredz\u0113ts gan labro\u010diem, gan krei\u013ciem, \u013cauj \u0101tri nomizot aug\u013cus un d\u0101rze\u0146us.\n\u0160is mazais kabatas nazis ar lakotu di\u017esk\u0101bar\u017ea rokturi un 6\u00a0cm asmeni, kas izgatavots no ner\u016bs\u0113jo\u0161\u0101 t\u0113rauda, \u200b\u200bvar tikt izmantots gan virtuv\u0113, gan br\u012bv\u0101 dab\u0101.\nNazis ir salok\u0101ms, kas atvieglo na\u017ea dro\u0161u uzglab\u0101\u0161anu un nodro\u0161ina vienk\u0101r\u0161u transport\u0113\u0161anu lieto\u0161anai \u0101rpus m\u0101jas.","short_description":"Kabatas nazis-mizot\u0101js aug\u013cu un d\u0101rze\u0146u mizo\u0161anai.","status":"publish","sku":"2440","original":58357},"wpml":{"translation_type":1,"has_translations":true,"original":58357,"duplicates":[],"translations":{"lv":58357,"en":67654,"ru":null}},"supplier_id":null,"supplier_sku":"","barcode":null,"atum_controlled":true,"out_stock_date":null,"out_stock_threshold":null,"inheritable":false,"inbound_stock":0,"stock_on_hold":0,"sold_today":0,"sales_last_days":0,"reserved_stock":0,"customer_returns":0,"warehouse_damage":0,"lost_in_post":0,"other_logs":0,"out_stock_days":0,"lost_sales":0,"has_location":false,"update_date":"2025-12-30T14:30:34","atum_locations":[],"atum_stock_status":"instock","restock_status":false,"low_stock_amount":"","sales_update_date":"2025-11-13T14:08:05","calc_backorders":null,"yoast_head":"<!-- This site is optimized with the Yoast SEO plugin v27.3 - https:\/\/yoast.com\/product\/yoast-seo-wordpress\/ -->\n<title>Opinel \u2013 Nr.6 Kabatas mizojamais nazis<\/title>\n<meta name=\"description\" content=\"Kabatas nazis-mizot\u0101js aug\u013cu un d\u0101rze\u0146u mizo\u0161anai.\" \/>\n<meta name=\"robots\" content=\"index, follow, max-snippet:-1, max-image-preview:large, max-video-preview:-1\" \/>\n<link rel=\"canonical\" href=\"https:\/\/gohike.lv\/ru\/produkts\/opinel-nr-6-kabatas-mizotajs\/\" \/>\n<meta property=\"og:locale\" content=\"ru_RU\" \/>\n<meta property=\"og:type\" content=\"article\" \/>\n<meta property=\"og:title\" content=\"Nr.6 Kabatas mizot\u0101js\" \/>\n<meta property=\"og:description\" content=\"Kabatas nazis-mizot\u0101js aug\u013cu un d\u0101rze\u0146u mizo\u0161anai.\" \/>\n<meta property=\"og:url\" content=\"https:\/\/gohike.lv\/ru\/produkts\/opinel-nr-6-kabatas-mizotajs\/\" \/>\n<meta property=\"og:site_name\" content=\"GoHike\" \/>\n<meta property=\"article:publisher\" content=\"https:\/\/www.facebook.com\/gohike.shop\/\" \/>\n<meta property=\"article:modified_time\" content=\"2025-12-30T14:24:34+00:00\" \/>\n<meta property=\"og:image\" content=\"https:\/\/gohike.lv\/wp-content\/uploads\/2024\/06\/Peeler.webp\" \/>\n\t<meta property=\"og:image:width\" content=\"870\" \/>\n\t<meta property=\"og:image:height\" content=\"870\" \/>\n\t<meta property=\"og:image:type\" content=\"image\/webp\" \/>\n<meta name=\"twitter:card\" content=\"summary_large_image\" \/>\n<meta name=\"twitter:title\" content=\"Nr.6 Kabatas mizot\u0101js\" \/>\n<meta name=\"twitter:label1\" content=\"\u041f\u0440\u0438\u043c\u0435\u0440\u043d\u043e\u0435 \u0432\u0440\u0435\u043c\u044f \u0434\u043b\u044f \u0447\u0442\u0435\u043d\u0438\u044f\" \/>\n\t<meta name=\"twitter:data1\" content=\"1 \u043c\u0438\u043d\u0443\u0442\u0430\" \/>\n<script type=\"application\/ld+json\" class=\"yoast-schema-graph\">{\"@context\":\"https:\\\/\\\/schema.org\",\"@graph\":[{\"@type\":[\"WebPage\",\"ItemPage\"],\"@id\":\"https:\\\/\\\/gohike.lv\\\/ru\\\/produkts\\\/opinel-nr-6-kabatas-mizotajs\\\/\",\"url\":\"https:\\\/\\\/gohike.lv\\\/ru\\\/produkts\\\/opinel-nr-6-kabatas-mizotajs\\\/\",\"name\":\"Opinel \u2013 Nr.6 Kabatas mizojamais nazis\",\"isPartOf\":{\"@id\":\"https:\\\/\\\/gohike.lv\\\/ru\\\/#website\"},\"primaryImageOfPage\":{\"@id\":\"https:\\\/\\\/gohike.lv\\\/ru\\\/produkts\\\/opinel-nr-6-kabatas-mizotajs\\\/#primaryimage\"},\"image\":{\"@id\":\"https:\\\/\\\/gohike.lv\\\/ru\\\/produkts\\\/opinel-nr-6-kabatas-mizotajs\\\/#primaryimage\"},\"thumbnailUrl\":\"https:\\\/\\\/gohike.lv\\\/wp-content\\\/uploads\\\/2024\\\/06\\\/Peeler.webp\",\"datePublished\":\"2024-06-27T13:38:19+00:00\",\"dateModified\":\"2025-12-30T14:24:34+00:00\",\"description\":\"Kabatas nazis-mizot\u0101js aug\u013cu un d\u0101rze\u0146u mizo\u0161anai.\",\"breadcrumb\":{\"@id\":\"https:\\\/\\\/gohike.lv\\\/ru\\\/produkts\\\/opinel-nr-6-kabatas-mizotajs\\\/#breadcrumb\"},\"inLanguage\":\"ru-RU\",\"potentialAction\":[{\"@type\":\"ReadAction\",\"target\":[\"https:\\\/\\\/gohike.lv\\\/ru\\\/produkts\\\/opinel-nr-6-kabatas-mizotajs\\\/\"]}]},{\"@type\":\"ImageObject\",\"inLanguage\":\"ru-RU\",\"@id\":\"https:\\\/\\\/gohike.lv\\\/ru\\\/produkts\\\/opinel-nr-6-kabatas-mizotajs\\\/#primaryimage\",\"url\":\"https:\\\/\\\/gohike.lv\\\/wp-content\\\/uploads\\\/2024\\\/06\\\/Peeler.webp\",\"contentUrl\":\"https:\\\/\\\/gohike.lv\\\/wp-content\\\/uploads\\\/2024\\\/06\\\/Peeler.webp\",\"width\":870,\"height\":870},{\"@type\":\"BreadcrumbList\",\"@id\":\"https:\\\/\\\/gohike.lv\\\/ru\\\/produkts\\\/opinel-nr-6-kabatas-mizotajs\\\/#breadcrumb\",\"itemListElement\":[{\"@type\":\"ListItem\",\"position\":1,\"name\":\"\u0413\u043b\u0430\u0432\u043d\u0430\u044f\",\"item\":\"https:\\\/\\\/gohike.lv\\\/ru\\\/\"},{\"@type\":\"ListItem\",\"position\":2,\"name\":\"\u041a\u0430\u0442\u0435\u0433\u043e\u0440\u0438\u0438 \u0442\u043e\u0432\u0430\u0440\u043e\u0432\",\"item\":\"https:\\\/\\\/gohike.lv\\\/%d0%ba%d0%b0%d1%82%d0%b5%d0%b3%d0%be%d1%80%d0%b8%d0%b8-%d1%82%d0%be%d0%b2%d0%b0%d1%80%d0%be%d0%b2\\\/\"},{\"@type\":\"ListItem\",\"position\":3,\"name\":\"Opinel \u2013 Nr.6 Kabatas mizojamais nazis\"}]},{\"@type\":\"WebSite\",\"@id\":\"https:\\\/\\\/gohike.lv\\\/ru\\\/#website\",\"url\":\"https:\\\/\\\/gohike.lv\\\/ru\\\/\",\"name\":\"GoHike\",\"description\":\"\",\"publisher\":{\"@id\":\"https:\\\/\\\/gohike.lv\\\/ru\\\/#organization\"},\"potentialAction\":[{\"@type\":\"SearchAction\",\"target\":{\"@type\":\"EntryPoint\",\"urlTemplate\":\"https:\\\/\\\/gohike.lv\\\/ru\\\/?s={search_term_string}\"},\"query-input\":{\"@type\":\"PropertyValueSpecification\",\"valueRequired\":true,\"valueName\":\"search_term_string\"}}],\"inLanguage\":\"ru-RU\"},{\"@type\":\"Organization\",\"@id\":\"https:\\\/\\\/gohike.lv\\\/ru\\\/#organization\",\"name\":\"GoHike\",\"url\":\"https:\\\/\\\/gohike.lv\\\/ru\\\/\",\"logo\":{\"@type\":\"ImageObject\",\"inLanguage\":\"ru-RU\",\"@id\":\"https:\\\/\\\/gohike.lv\\\/ru\\\/#\\\/schema\\\/logo\\\/image\\\/\",\"url\":\"https:\\\/\\\/gohike.lv\\\/wp-content\\\/uploads\\\/2023\\\/08\\\/Logo_GoHike.webp\",\"contentUrl\":\"https:\\\/\\\/gohike.lv\\\/wp-content\\\/uploads\\\/2023\\\/08\\\/Logo_GoHike.webp\",\"width\":512,\"height\":512,\"caption\":\"GoHike\"},\"image\":{\"@id\":\"https:\\\/\\\/gohike.lv\\\/ru\\\/#\\\/schema\\\/logo\\\/image\\\/\"},\"sameAs\":[\"https:\\\/\\\/www.facebook.com\\\/gohike.shop\\\/\",\"https:\\\/\\\/www.instagram.com\\\/gohike.shop\\\/\"]}]}<\/script>\n<!-- \/ Yoast SEO plugin. -->","yoast_head_json":{"title":"Opinel \u2013 Nr.6 Kabatas mizojamais nazis","description":"Kabatas nazis-mizot\u0101js aug\u013cu un d\u0101rze\u0146u mizo\u0161anai.","robots":{"index":"index","follow":"follow","max-snippet":"max-snippet:-1","max-image-preview":"max-image-preview:large","max-video-preview":"max-video-preview:-1"},"canonical":"https:\/\/gohike.lv\/ru\/produkts\/opinel-nr-6-kabatas-mizotajs\/","og_locale":"ru_RU","og_type":"article","og_title":"Nr.6 Kabatas mizot\u0101js","og_description":"Kabatas nazis-mizot\u0101js aug\u013cu un d\u0101rze\u0146u mizo\u0161anai.","og_url":"https:\/\/gohike.lv\/ru\/produkts\/opinel-nr-6-kabatas-mizotajs\/","og_site_name":"GoHike","article_publisher":"https:\/\/www.facebook.com\/gohike.shop\/","article_modified_time":"2025-12-30T14:24:34+00:00","og_image":[{"width":870,"height":870,"url":"https:\/\/gohike.lv\/wp-content\/uploads\/2024\/06\/Peeler.webp","type":"image\/webp"}],"twitter_card":"summary_large_image","twitter_title":"Nr.6 Kabatas mizot\u0101js","twitter_misc":{"\u041f\u0440\u0438\u043c\u0435\u0440\u043d\u043e\u0435 \u0432\u0440\u0435\u043c\u044f \u0434\u043b\u044f \u0447\u0442\u0435\u043d\u0438\u044f":"1 \u043c\u0438\u043d\u0443\u0442\u0430"},"schema":{"@context":"https:\/\/schema.org","@graph":[{"@type":["WebPage","ItemPage"],"@id":"https:\/\/gohike.lv\/ru\/produkts\/opinel-nr-6-kabatas-mizotajs\/","url":"https:\/\/gohike.lv\/ru\/produkts\/opinel-nr-6-kabatas-mizotajs\/","name":"Opinel \u2013 Nr.6 Kabatas mizojamais nazis","isPartOf":{"@id":"https:\/\/gohike.lv\/ru\/#website"},"primaryImageOfPage":{"@id":"https:\/\/gohike.lv\/ru\/produkts\/opinel-nr-6-kabatas-mizotajs\/#primaryimage"},"image":{"@id":"https:\/\/gohike.lv\/ru\/produkts\/opinel-nr-6-kabatas-mizotajs\/#primaryimage"},"thumbnailUrl":"https:\/\/gohike.lv\/wp-content\/uploads\/2024\/06\/Peeler.webp","datePublished":"2024-06-27T13:38:19+00:00","dateModified":"2025-12-30T14:24:34+00:00","description":"Kabatas nazis-mizot\u0101js aug\u013cu un d\u0101rze\u0146u mizo\u0161anai.","breadcrumb":{"@id":"https:\/\/gohike.lv\/ru\/produkts\/opinel-nr-6-kabatas-mizotajs\/#breadcrumb"},"inLanguage":"ru-RU","potentialAction":[{"@type":"ReadAction","target":["https:\/\/gohike.lv\/ru\/produkts\/opinel-nr-6-kabatas-mizotajs\/"]}]},{"@type":"ImageObject","inLanguage":"ru-RU","@id":"https:\/\/gohike.lv\/ru\/produkts\/opinel-nr-6-kabatas-mizotajs\/#primaryimage","url":"https:\/\/gohike.lv\/wp-content\/uploads\/2024\/06\/Peeler.webp","contentUrl":"https:\/\/gohike.lv\/wp-content\/uploads\/2024\/06\/Peeler.webp","width":870,"height":870},{"@type":"BreadcrumbList","@id":"https:\/\/gohike.lv\/ru\/produkts\/opinel-nr-6-kabatas-mizotajs\/#breadcrumb","itemListElement":[{"@type":"ListItem","position":1,"name":"\u0413\u043b\u0430\u0432\u043d\u0430\u044f","item":"https:\/\/gohike.lv\/ru\/"},{"@type":"ListItem","position":2,"name":"\u041a\u0430\u0442\u0435\u0433\u043e\u0440\u0438\u0438 \u0442\u043e\u0432\u0430\u0440\u043e\u0432","item":"https:\/\/gohike.lv\/%d0%ba%d0%b0%d1%82%d0%b5%d0%b3%d0%be%d1%80%d0%b8%d0%b8-%d1%82%d0%be%d0%b2%d0%b0%d1%80%d0%be%d0%b2\/"},{"@type":"ListItem","position":3,"name":"Opinel \u2013 Nr.6 Kabatas mizojamais nazis"}]},{"@type":"WebSite","@id":"https:\/\/gohike.lv\/ru\/#website","url":"https:\/\/gohike.lv\/ru\/","name":"GoHike","description":"","publisher":{"@id":"https:\/\/gohike.lv\/ru\/#organization"},"potentialAction":[{"@type":"SearchAction","target":{"@type":"EntryPoint","urlTemplate":"https:\/\/gohike.lv\/ru\/?s={search_term_string}"},"query-input":{"@type":"PropertyValueSpecification","valueRequired":true,"valueName":"search_term_string"}}],"inLanguage":"ru-RU"},{"@type":"Organization","@id":"https:\/\/gohike.lv\/ru\/#organization","name":"GoHike","url":"https:\/\/gohike.lv\/ru\/","logo":{"@type":"ImageObject","inLanguage":"ru-RU","@id":"https:\/\/gohike.lv\/ru\/#\/schema\/logo\/image\/","url":"https:\/\/gohike.lv\/wp-content\/uploads\/2023\/08\/Logo_GoHike.webp","contentUrl":"https:\/\/gohike.lv\/wp-content\/uploads\/2023\/08\/Logo_GoHike.webp","width":512,"height":512,"caption":"GoHike"},"image":{"@id":"https:\/\/gohike.lv\/ru\/#\/schema\/logo\/image\/"},"sameAs":["https:\/\/www.facebook.com\/gohike.shop\/","https:\/\/www.instagram.com\/gohike.shop\/"]}]}},"jetpack_sharing_enabled":true,"_links":{"self":[{"href":"https:\/\/gohike.lv\/ru\/wp-json\/wp\/v2\/product\/58357","targetHints":{"allow":["GET"]}}],"collection":[{"href":"https:\/\/gohike.lv\/ru\/wp-json\/wp\/v2\/product"}],"about":[{"href":"https:\/\/gohike.lv\/ru\/wp-json\/wp\/v2\/types\/product"}],"version-history":[{"count":0,"href":"https:\/\/gohike.lv\/ru\/wp-json\/wp\/v2\/product\/58357\/revisions"}],"wp:featuredmedia":[{"embeddable":true,"href":"https:\/\/gohike.lv\/ru\/wp-json\/wp\/v2\/media\/58359"}],"wp:attachment":[{"href":"https:\/\/gohike.lv\/ru\/wp-json\/wp\/v2\/media?parent=58357"}],"wp:term":[{"taxonomy":"product_brand","embeddable":true,"href":"https:\/\/gohike.lv\/ru\/wp-json\/wp\/v2\/product_brand?post=58357"},{"taxonomy":"product_cat","embeddable":true,"href":"https:\/\/gohike.lv\/ru\/wp-json\/wp\/v2\/product_cat?post=58357"},{"taxonomy":"product_tag","embeddable":true,"href":"https:\/\/gohike.lv\/ru\/wp-json\/wp\/v2\/product_tag?post=58357"}],"curies":[{"name":"wp","href":"https:\/\/api.w.org\/{rel}","templated":true}]}}