{"id":58325,"date":"2024-06-27T11:56:46","date_gmt":"2024-06-27T08:56:46","guid":{"rendered":"https:\/\/gohike.lv\/produkts\/cw280-dunu-aploksnes-forma-gulammaiss\/"},"modified":"2025-12-31T19:49:09","modified_gmt":"2025-12-31T16:49:09","slug":"cw280-dunu-aploksnes-forma-gulammaiss","status":"publish","type":"product","link":"https:\/\/gohike.lv\/ru\/produkts\/cw280-dunu-aploksnes-forma-gulammaiss\/","title":{"rendered":"Naturehike &#8212; CW280 d\u016bnu aploksnes formas gu\u013cammaiss"},"content":{"rendered":"<p>Produkts ir izgatavots no augstas kvalit\u0101tes zosu d\u016bn\u0101m.<br \/>\nKreiso\/labo r\u0101v\u0113jsl\u0113dz\u0113ju var savienot kop\u0101, lai izveidotu dubultu gu\u013cammaisu.<br \/>\nModelis: NH17Y010-R (CW280).<br \/>\nSvars: 570g.<br \/>\n*Temperat\u016bra:<br \/>\n*Komforts: 8\u00b0C;<br \/>\n*Robe\u017ea: 2\u00b0C.<br \/>\nMateri\u0101ls: 15D 400T neilons;<br \/>\nOder\u0113jums: 15D 400T neilons;<br \/>\nPild\u012bjums: 280 g 95% d\u016bnas.<br \/>\nIzm\u0113ri:<br \/>\nGu\u013cammaiss: 190 x 72 cm;<br \/>\nUzglab\u0101\u0161anas soma: 26 x 12 cm.<\/p>\n","protected":false},"excerpt":{"rendered":"<p>Produkts ir izgatavots no augstas kvalit\u0101tes zoss d\u016bn\u0101m ar 800 FP pl\u016bstam\u012bbu. Tas ir \u013coti elpojo\u0161s un efekt\u012bvi saglab\u0101 siltumu.<\/p>\n<div><\/div>\n","protected":false},"featured_media":58323,"template":"","meta":[],"product_brand":[167],"product_cat":[1888],"product_tag":[],"class_list":{"0":"post-58325","1":"product","2":"type-product","3":"status-publish","4":"has-post-thumbnail","6":"product_brand-naturehike-lv","7":"product_cat-gulammaisi","8":"pa_izmeriscm-10009","9":"pa_materiali-15d-400t-neilons","10":"pa_materiali-odere-15d-400t-neilons","11":"pa_materiali-pildijums-280-g-95-dunas","12":"pa_produkta-tips-gulammaisi","13":"pa_spalva-haki","15":"first","16":"outofstock","17":"taxable","18":"shipping-taxable","19":"purchasable","20":"product-type-simple"},"raw_content":{"name":"Naturehike - CW280 d\u016bnu aploksnes formas gu\u013cammaiss","description":"Produkts ir izgatavots no augstas kvalit\u0101tes zosu d\u016bn\u0101m.\nKreiso\/labo r\u0101v\u0113jsl\u0113dz\u0113ju var savienot kop\u0101, lai izveidotu dubultu gu\u013cammaisu.\nModelis: NH17Y010-R (CW280).\nSvars: 570g.\n*Temperat\u016bra:\n*Komforts: 8\u00b0C;\n*Robe\u017ea: 2\u00b0C.\nMateri\u0101ls: 15D 400T neilons;\nOder\u0113jums: 15D 400T neilons;\nPild\u012bjums: 280 g 95% d\u016bnas.\nIzm\u0113ri:\nGu\u013cammaiss: 190 x 72 cm;\nUzglab\u0101\u0161anas soma: 26 x 12 cm.","short_description":"Produkts ir izgatavots no augstas kvalit\u0101tes zoss d\u016bn\u0101m ar 800 FP pl\u016bstam\u012bbu. Tas ir \u013coti elpojo\u0161s un efekt\u012bvi saglab\u0101 siltumu.\r\n<div><\/div>","status":"publish","sku":"6927595762400","original":58325},"wpml":{"translation_type":1,"has_translations":true,"original":58325,"duplicates":[],"translations":{"lv":58325,"en":67645,"ru":null}},"supplier_id":null,"supplier_sku":"","barcode":null,"atum_controlled":true,"out_stock_date":"2025-11-30 18:24:52","out_stock_threshold":null,"inheritable":false,"inbound_stock":0,"stock_on_hold":0,"sold_today":0,"sales_last_days":1,"reserved_stock":0,"customer_returns":0,"warehouse_damage":0,"lost_in_post":0,"other_logs":0,"out_stock_days":3,"lost_sales":82,"has_location":false,"update_date":"2025-12-31T16:49:10","atum_locations":[],"atum_stock_status":"outofstock","restock_status":false,"low_stock_amount":"","sales_update_date":"2025-12-04T08:29:23","calc_backorders":null,"yoast_head":"<!-- This site is optimized with the Yoast SEO plugin v27.3 - https:\/\/yoast.com\/product\/yoast-seo-wordpress\/ -->\n<title>Naturehike - CW280 d\u016bnu aploksnes formas gu\u013cammaiss<\/title>\n<meta name=\"description\" content=\"Produkts ir izgatavots no augstas kvalit\u0101tes zoss d\u016bn\u0101m ar 800 FP pl\u016bstam\u012bbu. Tas ir \u013coti elpojo\u0161s un efekt\u012bvi saglab\u0101 siltumu.\" \/>\n<meta name=\"robots\" content=\"index, follow, max-snippet:-1, max-image-preview:large, max-video-preview:-1\" \/>\n<link rel=\"canonical\" href=\"https:\/\/gohike.lv\/ru\/produkts\/cw280-dunu-aploksnes-forma-gulammaiss\/\" \/>\n<meta property=\"og:locale\" content=\"ru_RU\" \/>\n<meta property=\"og:type\" content=\"article\" \/>\n<meta property=\"og:title\" content=\"Naturehike - CW280 d\u016bnu aploksnes formas gu\u013cammaiss\" \/>\n<meta property=\"og:description\" content=\"Produkts ir izgatavots no augstas kvalit\u0101tes zoss d\u016bn\u0101m ar 800 FP pl\u016bstam\u012bbu. Tas ir \u013coti elpojo\u0161s un efekt\u012bvi saglab\u0101 siltumu.\" \/>\n<meta property=\"og:url\" content=\"https:\/\/gohike.lv\/ru\/produkts\/cw280-dunu-aploksnes-forma-gulammaiss\/\" \/>\n<meta property=\"og:site_name\" content=\"GoHike\" \/>\n<meta property=\"article:publisher\" content=\"https:\/\/www.facebook.com\/gohike.shop\/\" \/>\n<meta property=\"article:modified_time\" content=\"2025-12-31T16:49:09+00:00\" \/>\n<meta property=\"og:image\" content=\"https:\/\/gohike.lv\/wp-content\/uploads\/2024\/06\/1501-s7pjet9h-large.png\" \/>\n\t<meta property=\"og:image:width\" content=\"600\" \/>\n\t<meta property=\"og:image:height\" content=\"600\" \/>\n\t<meta property=\"og:image:type\" content=\"image\/png\" \/>\n<meta name=\"twitter:card\" content=\"summary_large_image\" \/>\n<meta name=\"twitter:label1\" content=\"\u041f\u0440\u0438\u043c\u0435\u0440\u043d\u043e\u0435 \u0432\u0440\u0435\u043c\u044f \u0434\u043b\u044f \u0447\u0442\u0435\u043d\u0438\u044f\" \/>\n\t<meta name=\"twitter:data1\" content=\"1 \u043c\u0438\u043d\u0443\u0442\u0430\" \/>\n<script type=\"application\/ld+json\" class=\"yoast-schema-graph\">{\"@context\":\"https:\\\/\\\/schema.org\",\"@graph\":[{\"@type\":[\"WebPage\",\"ItemPage\"],\"@id\":\"https:\\\/\\\/gohike.lv\\\/ru\\\/produkts\\\/cw280-dunu-aploksnes-forma-gulammaiss\\\/\",\"url\":\"https:\\\/\\\/gohike.lv\\\/ru\\\/produkts\\\/cw280-dunu-aploksnes-forma-gulammaiss\\\/\",\"name\":\"Naturehike - CW280 d\u016bnu aploksnes formas gu\u013cammaiss\",\"isPartOf\":{\"@id\":\"https:\\\/\\\/gohike.lv\\\/ru\\\/#website\"},\"primaryImageOfPage\":{\"@id\":\"https:\\\/\\\/gohike.lv\\\/ru\\\/produkts\\\/cw280-dunu-aploksnes-forma-gulammaiss\\\/#primaryimage\"},\"image\":{\"@id\":\"https:\\\/\\\/gohike.lv\\\/ru\\\/produkts\\\/cw280-dunu-aploksnes-forma-gulammaiss\\\/#primaryimage\"},\"thumbnailUrl\":\"https:\\\/\\\/gohike.lv\\\/wp-content\\\/uploads\\\/2024\\\/06\\\/1501-s7pjet9h-large.png\",\"datePublished\":\"2024-06-27T08:56:46+00:00\",\"dateModified\":\"2025-12-31T16:49:09+00:00\",\"description\":\"Produkts ir izgatavots no augstas kvalit\u0101tes zoss d\u016bn\u0101m ar 800 FP pl\u016bstam\u012bbu. Tas ir \u013coti elpojo\u0161s un efekt\u012bvi saglab\u0101 siltumu.\",\"breadcrumb\":{\"@id\":\"https:\\\/\\\/gohike.lv\\\/ru\\\/produkts\\\/cw280-dunu-aploksnes-forma-gulammaiss\\\/#breadcrumb\"},\"inLanguage\":\"ru-RU\",\"potentialAction\":[{\"@type\":\"ReadAction\",\"target\":[\"https:\\\/\\\/gohike.lv\\\/ru\\\/produkts\\\/cw280-dunu-aploksnes-forma-gulammaiss\\\/\"]}]},{\"@type\":\"ImageObject\",\"inLanguage\":\"ru-RU\",\"@id\":\"https:\\\/\\\/gohike.lv\\\/ru\\\/produkts\\\/cw280-dunu-aploksnes-forma-gulammaiss\\\/#primaryimage\",\"url\":\"https:\\\/\\\/gohike.lv\\\/wp-content\\\/uploads\\\/2024\\\/06\\\/1501-s7pjet9h-large.png\",\"contentUrl\":\"https:\\\/\\\/gohike.lv\\\/wp-content\\\/uploads\\\/2024\\\/06\\\/1501-s7pjet9h-large.png\",\"width\":600,\"height\":600},{\"@type\":\"BreadcrumbList\",\"@id\":\"https:\\\/\\\/gohike.lv\\\/ru\\\/produkts\\\/cw280-dunu-aploksnes-forma-gulammaiss\\\/#breadcrumb\",\"itemListElement\":[{\"@type\":\"ListItem\",\"position\":1,\"name\":\"\u0413\u043b\u0430\u0432\u043d\u0430\u044f\",\"item\":\"https:\\\/\\\/gohike.lv\\\/ru\\\/\"},{\"@type\":\"ListItem\",\"position\":2,\"name\":\"\u041a\u0430\u0442\u0435\u0433\u043e\u0440\u0438\u0438 \u0442\u043e\u0432\u0430\u0440\u043e\u0432\",\"item\":\"https:\\\/\\\/gohike.lv\\\/%d0%ba%d0%b0%d1%82%d0%b5%d0%b3%d0%be%d1%80%d0%b8%d0%b8-%d1%82%d0%be%d0%b2%d0%b0%d1%80%d0%be%d0%b2\\\/\"},{\"@type\":\"ListItem\",\"position\":3,\"name\":\"Naturehike &#8211; CW280 d\u016bnu aploksnes formas gu\u013cammaiss\"}]},{\"@type\":\"WebSite\",\"@id\":\"https:\\\/\\\/gohike.lv\\\/ru\\\/#website\",\"url\":\"https:\\\/\\\/gohike.lv\\\/ru\\\/\",\"name\":\"GoHike\",\"description\":\"\",\"publisher\":{\"@id\":\"https:\\\/\\\/gohike.lv\\\/ru\\\/#organization\"},\"potentialAction\":[{\"@type\":\"SearchAction\",\"target\":{\"@type\":\"EntryPoint\",\"urlTemplate\":\"https:\\\/\\\/gohike.lv\\\/ru\\\/?s={search_term_string}\"},\"query-input\":{\"@type\":\"PropertyValueSpecification\",\"valueRequired\":true,\"valueName\":\"search_term_string\"}}],\"inLanguage\":\"ru-RU\"},{\"@type\":\"Organization\",\"@id\":\"https:\\\/\\\/gohike.lv\\\/ru\\\/#organization\",\"name\":\"GoHike\",\"url\":\"https:\\\/\\\/gohike.lv\\\/ru\\\/\",\"logo\":{\"@type\":\"ImageObject\",\"inLanguage\":\"ru-RU\",\"@id\":\"https:\\\/\\\/gohike.lv\\\/ru\\\/#\\\/schema\\\/logo\\\/image\\\/\",\"url\":\"https:\\\/\\\/gohike.lv\\\/wp-content\\\/uploads\\\/2023\\\/08\\\/Logo_GoHike.webp\",\"contentUrl\":\"https:\\\/\\\/gohike.lv\\\/wp-content\\\/uploads\\\/2023\\\/08\\\/Logo_GoHike.webp\",\"width\":512,\"height\":512,\"caption\":\"GoHike\"},\"image\":{\"@id\":\"https:\\\/\\\/gohike.lv\\\/ru\\\/#\\\/schema\\\/logo\\\/image\\\/\"},\"sameAs\":[\"https:\\\/\\\/www.facebook.com\\\/gohike.shop\\\/\",\"https:\\\/\\\/www.instagram.com\\\/gohike.shop\\\/\"]}]}<\/script>\n<!-- \/ Yoast SEO plugin. -->","yoast_head_json":{"title":"Naturehike - CW280 d\u016bnu aploksnes formas gu\u013cammaiss","description":"Produkts ir izgatavots no augstas kvalit\u0101tes zoss d\u016bn\u0101m ar 800 FP pl\u016bstam\u012bbu. Tas ir \u013coti elpojo\u0161s un efekt\u012bvi saglab\u0101 siltumu.","robots":{"index":"index","follow":"follow","max-snippet":"max-snippet:-1","max-image-preview":"max-image-preview:large","max-video-preview":"max-video-preview:-1"},"canonical":"https:\/\/gohike.lv\/ru\/produkts\/cw280-dunu-aploksnes-forma-gulammaiss\/","og_locale":"ru_RU","og_type":"article","og_title":"Naturehike - CW280 d\u016bnu aploksnes formas gu\u013cammaiss","og_description":"Produkts ir izgatavots no augstas kvalit\u0101tes zoss d\u016bn\u0101m ar 800 FP pl\u016bstam\u012bbu. Tas ir \u013coti elpojo\u0161s un efekt\u012bvi saglab\u0101 siltumu.","og_url":"https:\/\/gohike.lv\/ru\/produkts\/cw280-dunu-aploksnes-forma-gulammaiss\/","og_site_name":"GoHike","article_publisher":"https:\/\/www.facebook.com\/gohike.shop\/","article_modified_time":"2025-12-31T16:49:09+00:00","og_image":[{"width":600,"height":600,"url":"https:\/\/gohike.lv\/wp-content\/uploads\/2024\/06\/1501-s7pjet9h-large.png","type":"image\/png"}],"twitter_card":"summary_large_image","twitter_misc":{"\u041f\u0440\u0438\u043c\u0435\u0440\u043d\u043e\u0435 \u0432\u0440\u0435\u043c\u044f \u0434\u043b\u044f \u0447\u0442\u0435\u043d\u0438\u044f":"1 \u043c\u0438\u043d\u0443\u0442\u0430"},"schema":{"@context":"https:\/\/schema.org","@graph":[{"@type":["WebPage","ItemPage"],"@id":"https:\/\/gohike.lv\/ru\/produkts\/cw280-dunu-aploksnes-forma-gulammaiss\/","url":"https:\/\/gohike.lv\/ru\/produkts\/cw280-dunu-aploksnes-forma-gulammaiss\/","name":"Naturehike - CW280 d\u016bnu aploksnes formas gu\u013cammaiss","isPartOf":{"@id":"https:\/\/gohike.lv\/ru\/#website"},"primaryImageOfPage":{"@id":"https:\/\/gohike.lv\/ru\/produkts\/cw280-dunu-aploksnes-forma-gulammaiss\/#primaryimage"},"image":{"@id":"https:\/\/gohike.lv\/ru\/produkts\/cw280-dunu-aploksnes-forma-gulammaiss\/#primaryimage"},"thumbnailUrl":"https:\/\/gohike.lv\/wp-content\/uploads\/2024\/06\/1501-s7pjet9h-large.png","datePublished":"2024-06-27T08:56:46+00:00","dateModified":"2025-12-31T16:49:09+00:00","description":"Produkts ir izgatavots no augstas kvalit\u0101tes zoss d\u016bn\u0101m ar 800 FP pl\u016bstam\u012bbu. Tas ir \u013coti elpojo\u0161s un efekt\u012bvi saglab\u0101 siltumu.","breadcrumb":{"@id":"https:\/\/gohike.lv\/ru\/produkts\/cw280-dunu-aploksnes-forma-gulammaiss\/#breadcrumb"},"inLanguage":"ru-RU","potentialAction":[{"@type":"ReadAction","target":["https:\/\/gohike.lv\/ru\/produkts\/cw280-dunu-aploksnes-forma-gulammaiss\/"]}]},{"@type":"ImageObject","inLanguage":"ru-RU","@id":"https:\/\/gohike.lv\/ru\/produkts\/cw280-dunu-aploksnes-forma-gulammaiss\/#primaryimage","url":"https:\/\/gohike.lv\/wp-content\/uploads\/2024\/06\/1501-s7pjet9h-large.png","contentUrl":"https:\/\/gohike.lv\/wp-content\/uploads\/2024\/06\/1501-s7pjet9h-large.png","width":600,"height":600},{"@type":"BreadcrumbList","@id":"https:\/\/gohike.lv\/ru\/produkts\/cw280-dunu-aploksnes-forma-gulammaiss\/#breadcrumb","itemListElement":[{"@type":"ListItem","position":1,"name":"\u0413\u043b\u0430\u0432\u043d\u0430\u044f","item":"https:\/\/gohike.lv\/ru\/"},{"@type":"ListItem","position":2,"name":"\u041a\u0430\u0442\u0435\u0433\u043e\u0440\u0438\u0438 \u0442\u043e\u0432\u0430\u0440\u043e\u0432","item":"https:\/\/gohike.lv\/%d0%ba%d0%b0%d1%82%d0%b5%d0%b3%d0%be%d1%80%d0%b8%d0%b8-%d1%82%d0%be%d0%b2%d0%b0%d1%80%d0%be%d0%b2\/"},{"@type":"ListItem","position":3,"name":"Naturehike &#8211; CW280 d\u016bnu aploksnes formas gu\u013cammaiss"}]},{"@type":"WebSite","@id":"https:\/\/gohike.lv\/ru\/#website","url":"https:\/\/gohike.lv\/ru\/","name":"GoHike","description":"","publisher":{"@id":"https:\/\/gohike.lv\/ru\/#organization"},"potentialAction":[{"@type":"SearchAction","target":{"@type":"EntryPoint","urlTemplate":"https:\/\/gohike.lv\/ru\/?s={search_term_string}"},"query-input":{"@type":"PropertyValueSpecification","valueRequired":true,"valueName":"search_term_string"}}],"inLanguage":"ru-RU"},{"@type":"Organization","@id":"https:\/\/gohike.lv\/ru\/#organization","name":"GoHike","url":"https:\/\/gohike.lv\/ru\/","logo":{"@type":"ImageObject","inLanguage":"ru-RU","@id":"https:\/\/gohike.lv\/ru\/#\/schema\/logo\/image\/","url":"https:\/\/gohike.lv\/wp-content\/uploads\/2023\/08\/Logo_GoHike.webp","contentUrl":"https:\/\/gohike.lv\/wp-content\/uploads\/2023\/08\/Logo_GoHike.webp","width":512,"height":512,"caption":"GoHike"},"image":{"@id":"https:\/\/gohike.lv\/ru\/#\/schema\/logo\/image\/"},"sameAs":["https:\/\/www.facebook.com\/gohike.shop\/","https:\/\/www.instagram.com\/gohike.shop\/"]}]}},"jetpack_sharing_enabled":true,"_links":{"self":[{"href":"https:\/\/gohike.lv\/ru\/wp-json\/wp\/v2\/product\/58325","targetHints":{"allow":["GET"]}}],"collection":[{"href":"https:\/\/gohike.lv\/ru\/wp-json\/wp\/v2\/product"}],"about":[{"href":"https:\/\/gohike.lv\/ru\/wp-json\/wp\/v2\/types\/product"}],"version-history":[{"count":1,"href":"https:\/\/gohike.lv\/ru\/wp-json\/wp\/v2\/product\/58325\/revisions"}],"predecessor-version":[{"id":118804,"href":"https:\/\/gohike.lv\/ru\/wp-json\/wp\/v2\/product\/58325\/revisions\/118804"}],"wp:featuredmedia":[{"embeddable":true,"href":"https:\/\/gohike.lv\/ru\/wp-json\/wp\/v2\/media\/58323"}],"wp:attachment":[{"href":"https:\/\/gohike.lv\/ru\/wp-json\/wp\/v2\/media?parent=58325"}],"wp:term":[{"taxonomy":"product_brand","embeddable":true,"href":"https:\/\/gohike.lv\/ru\/wp-json\/wp\/v2\/product_brand?post=58325"},{"taxonomy":"product_cat","embeddable":true,"href":"https:\/\/gohike.lv\/ru\/wp-json\/wp\/v2\/product_cat?post=58325"},{"taxonomy":"product_tag","embeddable":true,"href":"https:\/\/gohike.lv\/ru\/wp-json\/wp\/v2\/product_tag?post=58325"}],"curies":[{"name":"wp","href":"https:\/\/api.w.org\/{rel}","templated":true}]}}