{"id":57358,"date":"2024-06-19T09:33:48","date_gmt":"2024-06-19T06:33:48","guid":{"rendered":"https:\/\/gohike.lv\/produkts\/lifesystems-vetras-necaurlaidigi-serkocini25gb\/"},"modified":"2025-12-30T17:09:58","modified_gmt":"2025-12-30T14:09:58","slug":"lifesystems-vetras-necaurlaidigi-serkocini25gb","status":"publish","type":"product","link":"https:\/\/gohike.lv\/ru\/produkts\/lifesystems-vetras-necaurlaidigi-serkocini25gb\/","title":{"rendered":"Lifesystems &#8212; V\u0113ja un \u016bdens iztur\u012bgi s\u0113rkoci\u0146i (25gb)"},"content":{"rendered":"<p>Tie iedegas \u0101tri un darbojas jebkuros laika apst\u0101k\u013cos, un katrs s\u0113rkoci\u0146\u0161 nodro\u0161in\u0101s laba izm\u0113ra liesmu, kas deg l\u012bdz pat 20 sekund\u0113m. Uzglab\u0101ts \u016bdensnecaurlaid\u012bg\u0101 trauk\u0101 (ir iek\u013cauts iepakojum\u0101).<\/p>\n","protected":false},"excerpt":{"rendered":"<p>Tie iedegas \u0101tri un darbojas jebkuros laika apst\u0101k\u013cos, katrs s\u0113rkoci\u0146\u0161 nodro\u0161in\u0101s laba izm\u0113ra liesmu, kas deg l\u012bdz pat 20 sekund\u0113m. Uzglab\u0101t \u016bdensnecaurlaid\u012bg\u0101 trauk\u0101 (ir iek\u013cauts iepakojum\u0101).<\/p>\n","protected":false},"featured_media":57356,"template":"","meta":[],"product_brand":[1307],"product_cat":[951],"product_tag":[],"class_list":{"0":"post-57358","1":"product","2":"type-product","3":"status-publish","4":"has-post-thumbnail","6":"product_brand-lifesystems-lv","7":"product_cat-degli-un-degviela","8":"pa_izmers-75-x-36-x-36mm","9":"pa_komplektacija-izturigs-udensnecaurlaidigs-konteiners","10":"pa_komplektacija-kas-saglaba-serkocinus-sausus-25-veja-un-udens-necaurlaidigi-serkocini-3-paneli-serkocinas-degsanas-laiks-20-sekundes-pagarinats-serkocinas","11":"pa_produkta-tips-serkocini","13":"first","14":"instock","15":"taxable","16":"shipping-taxable","17":"purchasable","18":"product-type-simple"},"raw_content":{"name":"Lifesystems - V\u0113ja un \u016bdens iztur\u012bgi s\u0113rkoci\u0146i (25gb)","description":"Tie iedegas \u0101tri un darbojas jebkuros laika apst\u0101k\u013cos, un katrs s\u0113rkoci\u0146\u0161 nodro\u0161in\u0101s laba izm\u0113ra liesmu, kas deg l\u012bdz pat 20 sekund\u0113m. Uzglab\u0101ts \u016bdensnecaurlaid\u012bg\u0101 trauk\u0101 (ir iek\u013cauts iepakojum\u0101).","short_description":"Tie iedegas \u0101tri un darbojas jebkuros laika apst\u0101k\u013cos, katrs s\u0113rkoci\u0146\u0161 nodro\u0161in\u0101s laba izm\u0113ra liesmu, kas deg l\u012bdz pat 20 sekund\u0113m. Uzglab\u0101t \u016bdensnecaurlaid\u012bg\u0101 trauk\u0101 (ir iek\u013cauts iepakojum\u0101).","status":"publish","sku":"42230","original":57358},"wpml":{"translation_type":1,"has_translations":true,"original":57358,"duplicates":[],"translations":{"lv":57358,"en":67642,"ru":null}},"supplier_id":null,"supplier_sku":"","barcode":null,"atum_controlled":true,"out_stock_date":null,"out_stock_threshold":null,"inheritable":false,"inbound_stock":0,"stock_on_hold":0,"sold_today":0,"sales_last_days":0,"reserved_stock":0,"customer_returns":0,"warehouse_damage":0,"lost_in_post":0,"other_logs":0,"out_stock_days":0,"lost_sales":0,"has_location":false,"update_date":"2025-12-30T14:13:27","atum_locations":[],"atum_stock_status":"instock","restock_status":false,"low_stock_amount":"","sales_update_date":"2025-11-13T14:08:24","calc_backorders":null,"yoast_head":"<!-- This site is optimized with the Yoast SEO plugin v27.3 - https:\/\/yoast.com\/product\/yoast-seo-wordpress\/ -->\n<title>Lifesystems - V\u0113ja un \u016bdens iztur\u012bgi s\u0113rkoci\u0146i (25gb)<\/title>\n<meta name=\"description\" content=\"Tie iedegas \u0101tri un darbojas jebkuros laika apst\u0101k\u013cos, katrs s\u0113rkoci\u0146\u0161 nodro\u0161in\u0101s laba izm\u0113ra liesmu, kas deg l\u012bdz pat 20 sekund\u0113m.\" \/>\n<meta name=\"robots\" content=\"index, follow, max-snippet:-1, max-image-preview:large, max-video-preview:-1\" \/>\n<link rel=\"canonical\" href=\"https:\/\/gohike.lv\/ru\/produkts\/lifesystems-vetras-necaurlaidigi-serkocini25gb\/\" \/>\n<meta property=\"og:locale\" content=\"ru_RU\" \/>\n<meta property=\"og:type\" content=\"article\" \/>\n<meta property=\"og:title\" content=\"Lifesystems - V\u0113ja un \u016bdens iztur\u012bgi s\u0113rkoci\u0146i (25gb)\" \/>\n<meta property=\"og:description\" content=\"Tie iedegas \u0101tri un darbojas jebkuros laika apst\u0101k\u013cos, katrs s\u0113rkoci\u0146\u0161 nodro\u0161in\u0101s laba izm\u0113ra liesmu, kas deg l\u012bdz pat 20 sekund\u0113m.\" \/>\n<meta property=\"og:url\" content=\"https:\/\/gohike.lv\/ru\/produkts\/lifesystems-vetras-necaurlaidigi-serkocini25gb\/\" \/>\n<meta property=\"og:site_name\" content=\"GoHike\" \/>\n<meta property=\"article:publisher\" content=\"https:\/\/www.facebook.com\/gohike.shop\/\" \/>\n<meta property=\"article:modified_time\" content=\"2025-12-30T14:09:58+00:00\" \/>\n<meta property=\"og:image\" content=\"https:\/\/gohike.lv\/wp-content\/uploads\/2024\/06\/1081-eq3qze0h-large.png\" \/>\n\t<meta property=\"og:image:width\" content=\"600\" \/>\n\t<meta property=\"og:image:height\" content=\"600\" \/>\n\t<meta property=\"og:image:type\" content=\"image\/png\" \/>\n<meta name=\"twitter:card\" content=\"summary_large_image\" \/>\n<meta name=\"twitter:label1\" content=\"\u041f\u0440\u0438\u043c\u0435\u0440\u043d\u043e\u0435 \u0432\u0440\u0435\u043c\u044f \u0434\u043b\u044f \u0447\u0442\u0435\u043d\u0438\u044f\" \/>\n\t<meta name=\"twitter:data1\" content=\"1 \u043c\u0438\u043d\u0443\u0442\u0430\" \/>\n<script type=\"application\/ld+json\" class=\"yoast-schema-graph\">{\"@context\":\"https:\\\/\\\/schema.org\",\"@graph\":[{\"@type\":[\"WebPage\",\"ItemPage\"],\"@id\":\"https:\\\/\\\/gohike.lv\\\/ru\\\/produkts\\\/lifesystems-vetras-necaurlaidigi-serkocini25gb\\\/\",\"url\":\"https:\\\/\\\/gohike.lv\\\/ru\\\/produkts\\\/lifesystems-vetras-necaurlaidigi-serkocini25gb\\\/\",\"name\":\"Lifesystems - V\u0113ja un \u016bdens iztur\u012bgi s\u0113rkoci\u0146i (25gb)\",\"isPartOf\":{\"@id\":\"https:\\\/\\\/gohike.lv\\\/ru\\\/#website\"},\"primaryImageOfPage\":{\"@id\":\"https:\\\/\\\/gohike.lv\\\/ru\\\/produkts\\\/lifesystems-vetras-necaurlaidigi-serkocini25gb\\\/#primaryimage\"},\"image\":{\"@id\":\"https:\\\/\\\/gohike.lv\\\/ru\\\/produkts\\\/lifesystems-vetras-necaurlaidigi-serkocini25gb\\\/#primaryimage\"},\"thumbnailUrl\":\"https:\\\/\\\/gohike.lv\\\/wp-content\\\/uploads\\\/2024\\\/06\\\/1081-eq3qze0h-large.png\",\"datePublished\":\"2024-06-19T06:33:48+00:00\",\"dateModified\":\"2025-12-30T14:09:58+00:00\",\"description\":\"Tie iedegas \u0101tri un darbojas jebkuros laika apst\u0101k\u013cos, katrs s\u0113rkoci\u0146\u0161 nodro\u0161in\u0101s laba izm\u0113ra liesmu, kas deg l\u012bdz pat 20 sekund\u0113m.\",\"breadcrumb\":{\"@id\":\"https:\\\/\\\/gohike.lv\\\/ru\\\/produkts\\\/lifesystems-vetras-necaurlaidigi-serkocini25gb\\\/#breadcrumb\"},\"inLanguage\":\"ru-RU\",\"potentialAction\":[{\"@type\":\"ReadAction\",\"target\":[\"https:\\\/\\\/gohike.lv\\\/ru\\\/produkts\\\/lifesystems-vetras-necaurlaidigi-serkocini25gb\\\/\"]}]},{\"@type\":\"ImageObject\",\"inLanguage\":\"ru-RU\",\"@id\":\"https:\\\/\\\/gohike.lv\\\/ru\\\/produkts\\\/lifesystems-vetras-necaurlaidigi-serkocini25gb\\\/#primaryimage\",\"url\":\"https:\\\/\\\/gohike.lv\\\/wp-content\\\/uploads\\\/2024\\\/06\\\/1081-eq3qze0h-large.png\",\"contentUrl\":\"https:\\\/\\\/gohike.lv\\\/wp-content\\\/uploads\\\/2024\\\/06\\\/1081-eq3qze0h-large.png\",\"width\":600,\"height\":600},{\"@type\":\"BreadcrumbList\",\"@id\":\"https:\\\/\\\/gohike.lv\\\/ru\\\/produkts\\\/lifesystems-vetras-necaurlaidigi-serkocini25gb\\\/#breadcrumb\",\"itemListElement\":[{\"@type\":\"ListItem\",\"position\":1,\"name\":\"\u0413\u043b\u0430\u0432\u043d\u0430\u044f\",\"item\":\"https:\\\/\\\/gohike.lv\\\/ru\\\/\"},{\"@type\":\"ListItem\",\"position\":2,\"name\":\"\u041a\u0430\u0442\u0435\u0433\u043e\u0440\u0438\u0438 \u0442\u043e\u0432\u0430\u0440\u043e\u0432\",\"item\":\"https:\\\/\\\/gohike.lv\\\/%d0%ba%d0%b0%d1%82%d0%b5%d0%b3%d0%be%d1%80%d0%b8%d0%b8-%d1%82%d0%be%d0%b2%d0%b0%d1%80%d0%be%d0%b2\\\/\"},{\"@type\":\"ListItem\",\"position\":3,\"name\":\"Lifesystems &#8211; V\u0113ja un \u016bdens iztur\u012bgi s\u0113rkoci\u0146i (25gb)\"}]},{\"@type\":\"WebSite\",\"@id\":\"https:\\\/\\\/gohike.lv\\\/ru\\\/#website\",\"url\":\"https:\\\/\\\/gohike.lv\\\/ru\\\/\",\"name\":\"GoHike\",\"description\":\"\",\"publisher\":{\"@id\":\"https:\\\/\\\/gohike.lv\\\/ru\\\/#organization\"},\"potentialAction\":[{\"@type\":\"SearchAction\",\"target\":{\"@type\":\"EntryPoint\",\"urlTemplate\":\"https:\\\/\\\/gohike.lv\\\/ru\\\/?s={search_term_string}\"},\"query-input\":{\"@type\":\"PropertyValueSpecification\",\"valueRequired\":true,\"valueName\":\"search_term_string\"}}],\"inLanguage\":\"ru-RU\"},{\"@type\":\"Organization\",\"@id\":\"https:\\\/\\\/gohike.lv\\\/ru\\\/#organization\",\"name\":\"GoHike\",\"url\":\"https:\\\/\\\/gohike.lv\\\/ru\\\/\",\"logo\":{\"@type\":\"ImageObject\",\"inLanguage\":\"ru-RU\",\"@id\":\"https:\\\/\\\/gohike.lv\\\/ru\\\/#\\\/schema\\\/logo\\\/image\\\/\",\"url\":\"https:\\\/\\\/gohike.lv\\\/wp-content\\\/uploads\\\/2023\\\/08\\\/Logo_GoHike.webp\",\"contentUrl\":\"https:\\\/\\\/gohike.lv\\\/wp-content\\\/uploads\\\/2023\\\/08\\\/Logo_GoHike.webp\",\"width\":512,\"height\":512,\"caption\":\"GoHike\"},\"image\":{\"@id\":\"https:\\\/\\\/gohike.lv\\\/ru\\\/#\\\/schema\\\/logo\\\/image\\\/\"},\"sameAs\":[\"https:\\\/\\\/www.facebook.com\\\/gohike.shop\\\/\",\"https:\\\/\\\/www.instagram.com\\\/gohike.shop\\\/\"]}]}<\/script>\n<!-- \/ Yoast SEO plugin. -->","yoast_head_json":{"title":"Lifesystems - V\u0113ja un \u016bdens iztur\u012bgi s\u0113rkoci\u0146i (25gb)","description":"Tie iedegas \u0101tri un darbojas jebkuros laika apst\u0101k\u013cos, katrs s\u0113rkoci\u0146\u0161 nodro\u0161in\u0101s laba izm\u0113ra liesmu, kas deg l\u012bdz pat 20 sekund\u0113m.","robots":{"index":"index","follow":"follow","max-snippet":"max-snippet:-1","max-image-preview":"max-image-preview:large","max-video-preview":"max-video-preview:-1"},"canonical":"https:\/\/gohike.lv\/ru\/produkts\/lifesystems-vetras-necaurlaidigi-serkocini25gb\/","og_locale":"ru_RU","og_type":"article","og_title":"Lifesystems - V\u0113ja un \u016bdens iztur\u012bgi s\u0113rkoci\u0146i (25gb)","og_description":"Tie iedegas \u0101tri un darbojas jebkuros laika apst\u0101k\u013cos, katrs s\u0113rkoci\u0146\u0161 nodro\u0161in\u0101s laba izm\u0113ra liesmu, kas deg l\u012bdz pat 20 sekund\u0113m.","og_url":"https:\/\/gohike.lv\/ru\/produkts\/lifesystems-vetras-necaurlaidigi-serkocini25gb\/","og_site_name":"GoHike","article_publisher":"https:\/\/www.facebook.com\/gohike.shop\/","article_modified_time":"2025-12-30T14:09:58+00:00","og_image":[{"width":600,"height":600,"url":"https:\/\/gohike.lv\/wp-content\/uploads\/2024\/06\/1081-eq3qze0h-large.png","type":"image\/png"}],"twitter_card":"summary_large_image","twitter_misc":{"\u041f\u0440\u0438\u043c\u0435\u0440\u043d\u043e\u0435 \u0432\u0440\u0435\u043c\u044f \u0434\u043b\u044f \u0447\u0442\u0435\u043d\u0438\u044f":"1 \u043c\u0438\u043d\u0443\u0442\u0430"},"schema":{"@context":"https:\/\/schema.org","@graph":[{"@type":["WebPage","ItemPage"],"@id":"https:\/\/gohike.lv\/ru\/produkts\/lifesystems-vetras-necaurlaidigi-serkocini25gb\/","url":"https:\/\/gohike.lv\/ru\/produkts\/lifesystems-vetras-necaurlaidigi-serkocini25gb\/","name":"Lifesystems - V\u0113ja un \u016bdens iztur\u012bgi s\u0113rkoci\u0146i (25gb)","isPartOf":{"@id":"https:\/\/gohike.lv\/ru\/#website"},"primaryImageOfPage":{"@id":"https:\/\/gohike.lv\/ru\/produkts\/lifesystems-vetras-necaurlaidigi-serkocini25gb\/#primaryimage"},"image":{"@id":"https:\/\/gohike.lv\/ru\/produkts\/lifesystems-vetras-necaurlaidigi-serkocini25gb\/#primaryimage"},"thumbnailUrl":"https:\/\/gohike.lv\/wp-content\/uploads\/2024\/06\/1081-eq3qze0h-large.png","datePublished":"2024-06-19T06:33:48+00:00","dateModified":"2025-12-30T14:09:58+00:00","description":"Tie iedegas \u0101tri un darbojas jebkuros laika apst\u0101k\u013cos, katrs s\u0113rkoci\u0146\u0161 nodro\u0161in\u0101s laba izm\u0113ra liesmu, kas deg l\u012bdz pat 20 sekund\u0113m.","breadcrumb":{"@id":"https:\/\/gohike.lv\/ru\/produkts\/lifesystems-vetras-necaurlaidigi-serkocini25gb\/#breadcrumb"},"inLanguage":"ru-RU","potentialAction":[{"@type":"ReadAction","target":["https:\/\/gohike.lv\/ru\/produkts\/lifesystems-vetras-necaurlaidigi-serkocini25gb\/"]}]},{"@type":"ImageObject","inLanguage":"ru-RU","@id":"https:\/\/gohike.lv\/ru\/produkts\/lifesystems-vetras-necaurlaidigi-serkocini25gb\/#primaryimage","url":"https:\/\/gohike.lv\/wp-content\/uploads\/2024\/06\/1081-eq3qze0h-large.png","contentUrl":"https:\/\/gohike.lv\/wp-content\/uploads\/2024\/06\/1081-eq3qze0h-large.png","width":600,"height":600},{"@type":"BreadcrumbList","@id":"https:\/\/gohike.lv\/ru\/produkts\/lifesystems-vetras-necaurlaidigi-serkocini25gb\/#breadcrumb","itemListElement":[{"@type":"ListItem","position":1,"name":"\u0413\u043b\u0430\u0432\u043d\u0430\u044f","item":"https:\/\/gohike.lv\/ru\/"},{"@type":"ListItem","position":2,"name":"\u041a\u0430\u0442\u0435\u0433\u043e\u0440\u0438\u0438 \u0442\u043e\u0432\u0430\u0440\u043e\u0432","item":"https:\/\/gohike.lv\/%d0%ba%d0%b0%d1%82%d0%b5%d0%b3%d0%be%d1%80%d0%b8%d0%b8-%d1%82%d0%be%d0%b2%d0%b0%d1%80%d0%be%d0%b2\/"},{"@type":"ListItem","position":3,"name":"Lifesystems &#8211; V\u0113ja un \u016bdens iztur\u012bgi s\u0113rkoci\u0146i (25gb)"}]},{"@type":"WebSite","@id":"https:\/\/gohike.lv\/ru\/#website","url":"https:\/\/gohike.lv\/ru\/","name":"GoHike","description":"","publisher":{"@id":"https:\/\/gohike.lv\/ru\/#organization"},"potentialAction":[{"@type":"SearchAction","target":{"@type":"EntryPoint","urlTemplate":"https:\/\/gohike.lv\/ru\/?s={search_term_string}"},"query-input":{"@type":"PropertyValueSpecification","valueRequired":true,"valueName":"search_term_string"}}],"inLanguage":"ru-RU"},{"@type":"Organization","@id":"https:\/\/gohike.lv\/ru\/#organization","name":"GoHike","url":"https:\/\/gohike.lv\/ru\/","logo":{"@type":"ImageObject","inLanguage":"ru-RU","@id":"https:\/\/gohike.lv\/ru\/#\/schema\/logo\/image\/","url":"https:\/\/gohike.lv\/wp-content\/uploads\/2023\/08\/Logo_GoHike.webp","contentUrl":"https:\/\/gohike.lv\/wp-content\/uploads\/2023\/08\/Logo_GoHike.webp","width":512,"height":512,"caption":"GoHike"},"image":{"@id":"https:\/\/gohike.lv\/ru\/#\/schema\/logo\/image\/"},"sameAs":["https:\/\/www.facebook.com\/gohike.shop\/","https:\/\/www.instagram.com\/gohike.shop\/"]}]}},"jetpack_sharing_enabled":true,"_links":{"self":[{"href":"https:\/\/gohike.lv\/ru\/wp-json\/wp\/v2\/product\/57358","targetHints":{"allow":["GET"]}}],"collection":[{"href":"https:\/\/gohike.lv\/ru\/wp-json\/wp\/v2\/product"}],"about":[{"href":"https:\/\/gohike.lv\/ru\/wp-json\/wp\/v2\/types\/product"}],"version-history":[{"count":0,"href":"https:\/\/gohike.lv\/ru\/wp-json\/wp\/v2\/product\/57358\/revisions"}],"wp:featuredmedia":[{"embeddable":true,"href":"https:\/\/gohike.lv\/ru\/wp-json\/wp\/v2\/media\/57356"}],"wp:attachment":[{"href":"https:\/\/gohike.lv\/ru\/wp-json\/wp\/v2\/media?parent=57358"}],"wp:term":[{"taxonomy":"product_brand","embeddable":true,"href":"https:\/\/gohike.lv\/ru\/wp-json\/wp\/v2\/product_brand?post=57358"},{"taxonomy":"product_cat","embeddable":true,"href":"https:\/\/gohike.lv\/ru\/wp-json\/wp\/v2\/product_cat?post=57358"},{"taxonomy":"product_tag","embeddable":true,"href":"https:\/\/gohike.lv\/ru\/wp-json\/wp\/v2\/product_tag?post=57358"}],"curies":[{"name":"wp","href":"https:\/\/api.w.org\/{rel}","templated":true}]}}