{"id":55457,"date":"2024-09-06T16:17:12","date_gmt":"2024-09-06T13:17:12","guid":{"rendered":"https:\/\/gohike.lv\/produkts\/dripcoffee-kolumbija-drip-kafijas-maisins\/"},"modified":"2026-04-10T15:20:48","modified_gmt":"2026-04-10T12:20:48","slug":"dripcoffee-kolumbija-drip-kafijas-maisins","status":"publish","type":"product","link":"https:\/\/gohike.lv\/ru\/produkts\/dripcoffee-kolumbija-drip-kafijas-maisins\/","title":{"rendered":"Dripcoffee &#8212; Kolumbijas drip kafijas maisi\u0146\u0161"},"content":{"rendered":"<p>T\u0101s ir augst\u0101kas kvalit\u0101tes Ar\u0101bikas pupi\u0146as \u2013 Caturra, Castillo un Kolumbijas \u0161\u0137irnes, kuras kop\u0101 veido unik\u0101lu gar\u0161u.<br \/>\nT\u0101 ir \u012bpa\u0161a Kolumbijas kafijas viz\u012btkarte.<br \/>\nMazg\u0101\u0161anas metode izce\u013c kafij\u0101 karame\u013cu, zelta medus, smalko mande\u013cu un atsvaidzino\u0161u citrusaug\u013cu to\u0146us.<br \/>\nKolumbijas kafijas speci\u0101lais sk\u0101bums un t\u0101s pies\u0101tin\u0101jums pied\u0101v\u0101 izcilu gar\u0161as piedz\u012bvojumu.<br \/>\nKolumbijas dv\u0113sele bag\u0101tina kafijas baud\u012bjumu, apvienojot \u0123eogr\u0101fiju, kafijas \u0161\u0137irnes, ra\u017eo\u0161anas meistar\u012bbu un velt\u012bjumu ilgtsp\u0113j\u012bbai, kopum\u0101 radot izcilu dz\u0113rienu.<\/p>\n","protected":false},"excerpt":{"rendered":"<p><span style=\", sans-serif;font-size: 16px; letter-spacing: 0.6px;\">Izbaudi Kolumbijas kafijas burv\u012bbu ar m\u016bsu vid\u0113ji grauzd\u0113t\u0101m, unik\u0101laj\u0101m kafijas pupi\u0146\u0101m.\u00a0<\/span><\/p>\n","protected":false},"featured_media":55455,"template":"","meta":[],"product_brand":[],"product_cat":[896],"product_tag":[],"class_list":{"0":"post-55457","1":"product","2":"type-product","3":"status-publish","4":"has-post-thumbnail","6":"product_cat-turistu-partika-un-dzerieni","7":"pa_produkta-tips-uzkodas-un-dzerieni","9":"first","10":"outofstock","11":"taxable","12":"shipping-taxable","13":"purchasable","14":"product-type-simple"},"raw_content":{"name":"Dripcoffee - Kolumbijas drip kafijas maisi\u0146\u0161","description":"T\u0101s ir augst\u0101kas kvalit\u0101tes Ar\u0101bikas pupi\u0146as \u2013 Caturra, Castillo un Kolumbijas \u0161\u0137irnes, kuras kop\u0101 veido unik\u0101lu gar\u0161u.\nT\u0101 ir \u012bpa\u0161a Kolumbijas kafijas viz\u012btkarte.\nMazg\u0101\u0161anas metode izce\u013c kafij\u0101 karame\u013cu, zelta medus, smalko mande\u013cu un atsvaidzino\u0161u citrusaug\u013cu to\u0146us.\nKolumbijas kafijas speci\u0101lais sk\u0101bums un t\u0101s pies\u0101tin\u0101jums pied\u0101v\u0101 izcilu gar\u0161as piedz\u012bvojumu.\nKolumbijas dv\u0113sele bag\u0101tina kafijas baud\u012bjumu, apvienojot \u0123eogr\u0101fiju, kafijas \u0161\u0137irnes, ra\u017eo\u0161anas meistar\u012bbu un velt\u012bjumu ilgtsp\u0113j\u012bbai, kopum\u0101 radot izcilu dz\u0113rienu.","short_description":"<span style=\", sans-serif;font-size: 16px; letter-spacing: 0.6px;\">Izbaudi Kolumbijas kafijas burv\u012bbu ar m\u016bsu vid\u0113ji grauzd\u0113t\u0101m, unik\u0101laj\u0101m kafijas pupi\u0146\u0101m.\u00a0<\/span>","status":"publish","sku":"4751045100021","original":55457},"wpml":{"translation_type":1,"has_translations":true,"original":55457,"duplicates":[],"translations":{"lv":55457,"en":67130,"ru":null}},"supplier_id":null,"supplier_sku":"","barcode":null,"atum_controlled":true,"out_stock_date":null,"out_stock_threshold":null,"inheritable":false,"inbound_stock":0,"stock_on_hold":0,"sold_today":0,"sales_last_days":0,"reserved_stock":0,"customer_returns":0,"warehouse_damage":0,"lost_in_post":0,"other_logs":0,"out_stock_days":0,"lost_sales":0,"has_location":false,"update_date":"2026-04-10T12:20:51","atum_locations":[],"atum_stock_status":"outofstock","restock_status":false,"low_stock_amount":"","sales_update_date":"2025-11-13T14:08:05","calc_backorders":null,"yoast_head":"<!-- This site is optimized with the Yoast SEO plugin v27.3 - https:\/\/yoast.com\/product\/yoast-seo-wordpress\/ -->\n<title>Dripcoffee - Kolumbijas drip kafijas maisi\u0146\u0161<\/title>\n<meta name=\"description\" content=\"Izbaudi Kolumbijas kafijas burv\u012bbu ar m\u016bsu vid\u0113ji grauzd\u0113t\u0101m, unik\u0101laj\u0101m kafijas pupi\u0146\u0101m.\u00a0\" \/>\n<meta name=\"robots\" content=\"index, follow, max-snippet:-1, max-image-preview:large, max-video-preview:-1\" \/>\n<link rel=\"canonical\" href=\"https:\/\/gohike.lv\/ru\/produkts\/dripcoffee-kolumbija-drip-kafijas-maisins\/\" \/>\n<meta property=\"og:locale\" content=\"ru_RU\" \/>\n<meta property=\"og:type\" content=\"article\" \/>\n<meta property=\"og:title\" content=\"Dripcoffee - Kolumbijas drip kafijas maisi\u0146\u0161\" \/>\n<meta property=\"og:description\" content=\"Izbaudi Kolumbijas kafijas burv\u012bbu ar m\u016bsu vid\u0113ji grauzd\u0113t\u0101m, unik\u0101laj\u0101m kafijas pupi\u0146\u0101m.\u00a0\" \/>\n<meta property=\"og:url\" content=\"https:\/\/gohike.lv\/ru\/produkts\/dripcoffee-kolumbija-drip-kafijas-maisins\/\" \/>\n<meta property=\"og:site_name\" content=\"GoHike\" \/>\n<meta property=\"article:publisher\" content=\"https:\/\/www.facebook.com\/gohike.shop\/\" \/>\n<meta property=\"article:modified_time\" content=\"2026-04-10T12:20:48+00:00\" \/>\n<meta property=\"og:image\" content=\"https:\/\/gohike.lv\/wp-content\/uploads\/2024\/06\/1498-xowvitju-large.png\" \/>\n\t<meta property=\"og:image:width\" content=\"600\" \/>\n\t<meta property=\"og:image:height\" content=\"600\" \/>\n\t<meta property=\"og:image:type\" content=\"image\/png\" \/>\n<meta name=\"twitter:card\" content=\"summary_large_image\" \/>\n<meta name=\"twitter:label1\" content=\"\u041f\u0440\u0438\u043c\u0435\u0440\u043d\u043e\u0435 \u0432\u0440\u0435\u043c\u044f \u0434\u043b\u044f \u0447\u0442\u0435\u043d\u0438\u044f\" \/>\n\t<meta name=\"twitter:data1\" content=\"1 \u043c\u0438\u043d\u0443\u0442\u0430\" \/>\n<script type=\"application\/ld+json\" class=\"yoast-schema-graph\">{\"@context\":\"https:\\\/\\\/schema.org\",\"@graph\":[{\"@type\":[\"WebPage\",\"ItemPage\"],\"@id\":\"https:\\\/\\\/gohike.lv\\\/ru\\\/produkts\\\/dripcoffee-kolumbija-drip-kafijas-maisins\\\/\",\"url\":\"https:\\\/\\\/gohike.lv\\\/ru\\\/produkts\\\/dripcoffee-kolumbija-drip-kafijas-maisins\\\/\",\"name\":\"Dripcoffee - Kolumbijas drip kafijas maisi\u0146\u0161\",\"isPartOf\":{\"@id\":\"https:\\\/\\\/gohike.lv\\\/ru\\\/#website\"},\"primaryImageOfPage\":{\"@id\":\"https:\\\/\\\/gohike.lv\\\/ru\\\/produkts\\\/dripcoffee-kolumbija-drip-kafijas-maisins\\\/#primaryimage\"},\"image\":{\"@id\":\"https:\\\/\\\/gohike.lv\\\/ru\\\/produkts\\\/dripcoffee-kolumbija-drip-kafijas-maisins\\\/#primaryimage\"},\"thumbnailUrl\":\"https:\\\/\\\/gohike.lv\\\/wp-content\\\/uploads\\\/2024\\\/06\\\/1498-xowvitju-large.png\",\"datePublished\":\"2024-09-06T13:17:12+00:00\",\"dateModified\":\"2026-04-10T12:20:48+00:00\",\"description\":\"Izbaudi Kolumbijas kafijas burv\u012bbu ar m\u016bsu vid\u0113ji grauzd\u0113t\u0101m, unik\u0101laj\u0101m kafijas pupi\u0146\u0101m.\u00a0\",\"breadcrumb\":{\"@id\":\"https:\\\/\\\/gohike.lv\\\/ru\\\/produkts\\\/dripcoffee-kolumbija-drip-kafijas-maisins\\\/#breadcrumb\"},\"inLanguage\":\"ru-RU\",\"potentialAction\":[{\"@type\":\"ReadAction\",\"target\":[\"https:\\\/\\\/gohike.lv\\\/ru\\\/produkts\\\/dripcoffee-kolumbija-drip-kafijas-maisins\\\/\"]}]},{\"@type\":\"ImageObject\",\"inLanguage\":\"ru-RU\",\"@id\":\"https:\\\/\\\/gohike.lv\\\/ru\\\/produkts\\\/dripcoffee-kolumbija-drip-kafijas-maisins\\\/#primaryimage\",\"url\":\"https:\\\/\\\/gohike.lv\\\/wp-content\\\/uploads\\\/2024\\\/06\\\/1498-xowvitju-large.png\",\"contentUrl\":\"https:\\\/\\\/gohike.lv\\\/wp-content\\\/uploads\\\/2024\\\/06\\\/1498-xowvitju-large.png\",\"width\":600,\"height\":600},{\"@type\":\"BreadcrumbList\",\"@id\":\"https:\\\/\\\/gohike.lv\\\/ru\\\/produkts\\\/dripcoffee-kolumbija-drip-kafijas-maisins\\\/#breadcrumb\",\"itemListElement\":[{\"@type\":\"ListItem\",\"position\":1,\"name\":\"\u0413\u043b\u0430\u0432\u043d\u0430\u044f\",\"item\":\"https:\\\/\\\/gohike.lv\\\/ru\\\/\"},{\"@type\":\"ListItem\",\"position\":2,\"name\":\"\u041a\u0430\u0442\u0435\u0433\u043e\u0440\u0438\u0438 \u0442\u043e\u0432\u0430\u0440\u043e\u0432\",\"item\":\"https:\\\/\\\/gohike.lv\\\/%d0%ba%d0%b0%d1%82%d0%b5%d0%b3%d0%be%d1%80%d0%b8%d0%b8-%d1%82%d0%be%d0%b2%d0%b0%d1%80%d0%be%d0%b2\\\/\"},{\"@type\":\"ListItem\",\"position\":3,\"name\":\"Dripcoffee &#8211; Kolumbijas drip kafijas maisi\u0146\u0161\"}]},{\"@type\":\"WebSite\",\"@id\":\"https:\\\/\\\/gohike.lv\\\/ru\\\/#website\",\"url\":\"https:\\\/\\\/gohike.lv\\\/ru\\\/\",\"name\":\"GoHike\",\"description\":\"\",\"publisher\":{\"@id\":\"https:\\\/\\\/gohike.lv\\\/ru\\\/#organization\"},\"potentialAction\":[{\"@type\":\"SearchAction\",\"target\":{\"@type\":\"EntryPoint\",\"urlTemplate\":\"https:\\\/\\\/gohike.lv\\\/ru\\\/?s={search_term_string}\"},\"query-input\":{\"@type\":\"PropertyValueSpecification\",\"valueRequired\":true,\"valueName\":\"search_term_string\"}}],\"inLanguage\":\"ru-RU\"},{\"@type\":\"Organization\",\"@id\":\"https:\\\/\\\/gohike.lv\\\/ru\\\/#organization\",\"name\":\"GoHike\",\"url\":\"https:\\\/\\\/gohike.lv\\\/ru\\\/\",\"logo\":{\"@type\":\"ImageObject\",\"inLanguage\":\"ru-RU\",\"@id\":\"https:\\\/\\\/gohike.lv\\\/ru\\\/#\\\/schema\\\/logo\\\/image\\\/\",\"url\":\"https:\\\/\\\/gohike.lv\\\/wp-content\\\/uploads\\\/2023\\\/08\\\/Logo_GoHike.webp\",\"contentUrl\":\"https:\\\/\\\/gohike.lv\\\/wp-content\\\/uploads\\\/2023\\\/08\\\/Logo_GoHike.webp\",\"width\":512,\"height\":512,\"caption\":\"GoHike\"},\"image\":{\"@id\":\"https:\\\/\\\/gohike.lv\\\/ru\\\/#\\\/schema\\\/logo\\\/image\\\/\"},\"sameAs\":[\"https:\\\/\\\/www.facebook.com\\\/gohike.shop\\\/\",\"https:\\\/\\\/www.instagram.com\\\/gohike.shop\\\/\"]}]}<\/script>\n<!-- \/ Yoast SEO plugin. -->","yoast_head_json":{"title":"Dripcoffee - Kolumbijas drip kafijas maisi\u0146\u0161","description":"Izbaudi Kolumbijas kafijas burv\u012bbu ar m\u016bsu vid\u0113ji grauzd\u0113t\u0101m, unik\u0101laj\u0101m kafijas pupi\u0146\u0101m.\u00a0","robots":{"index":"index","follow":"follow","max-snippet":"max-snippet:-1","max-image-preview":"max-image-preview:large","max-video-preview":"max-video-preview:-1"},"canonical":"https:\/\/gohike.lv\/ru\/produkts\/dripcoffee-kolumbija-drip-kafijas-maisins\/","og_locale":"ru_RU","og_type":"article","og_title":"Dripcoffee - Kolumbijas drip kafijas maisi\u0146\u0161","og_description":"Izbaudi Kolumbijas kafijas burv\u012bbu ar m\u016bsu vid\u0113ji grauzd\u0113t\u0101m, unik\u0101laj\u0101m kafijas pupi\u0146\u0101m.\u00a0","og_url":"https:\/\/gohike.lv\/ru\/produkts\/dripcoffee-kolumbija-drip-kafijas-maisins\/","og_site_name":"GoHike","article_publisher":"https:\/\/www.facebook.com\/gohike.shop\/","article_modified_time":"2026-04-10T12:20:48+00:00","og_image":[{"width":600,"height":600,"url":"https:\/\/gohike.lv\/wp-content\/uploads\/2024\/06\/1498-xowvitju-large.png","type":"image\/png"}],"twitter_card":"summary_large_image","twitter_misc":{"\u041f\u0440\u0438\u043c\u0435\u0440\u043d\u043e\u0435 \u0432\u0440\u0435\u043c\u044f \u0434\u043b\u044f \u0447\u0442\u0435\u043d\u0438\u044f":"1 \u043c\u0438\u043d\u0443\u0442\u0430"},"schema":{"@context":"https:\/\/schema.org","@graph":[{"@type":["WebPage","ItemPage"],"@id":"https:\/\/gohike.lv\/ru\/produkts\/dripcoffee-kolumbija-drip-kafijas-maisins\/","url":"https:\/\/gohike.lv\/ru\/produkts\/dripcoffee-kolumbija-drip-kafijas-maisins\/","name":"Dripcoffee - Kolumbijas drip kafijas maisi\u0146\u0161","isPartOf":{"@id":"https:\/\/gohike.lv\/ru\/#website"},"primaryImageOfPage":{"@id":"https:\/\/gohike.lv\/ru\/produkts\/dripcoffee-kolumbija-drip-kafijas-maisins\/#primaryimage"},"image":{"@id":"https:\/\/gohike.lv\/ru\/produkts\/dripcoffee-kolumbija-drip-kafijas-maisins\/#primaryimage"},"thumbnailUrl":"https:\/\/gohike.lv\/wp-content\/uploads\/2024\/06\/1498-xowvitju-large.png","datePublished":"2024-09-06T13:17:12+00:00","dateModified":"2026-04-10T12:20:48+00:00","description":"Izbaudi Kolumbijas kafijas burv\u012bbu ar m\u016bsu vid\u0113ji grauzd\u0113t\u0101m, unik\u0101laj\u0101m kafijas pupi\u0146\u0101m.\u00a0","breadcrumb":{"@id":"https:\/\/gohike.lv\/ru\/produkts\/dripcoffee-kolumbija-drip-kafijas-maisins\/#breadcrumb"},"inLanguage":"ru-RU","potentialAction":[{"@type":"ReadAction","target":["https:\/\/gohike.lv\/ru\/produkts\/dripcoffee-kolumbija-drip-kafijas-maisins\/"]}]},{"@type":"ImageObject","inLanguage":"ru-RU","@id":"https:\/\/gohike.lv\/ru\/produkts\/dripcoffee-kolumbija-drip-kafijas-maisins\/#primaryimage","url":"https:\/\/gohike.lv\/wp-content\/uploads\/2024\/06\/1498-xowvitju-large.png","contentUrl":"https:\/\/gohike.lv\/wp-content\/uploads\/2024\/06\/1498-xowvitju-large.png","width":600,"height":600},{"@type":"BreadcrumbList","@id":"https:\/\/gohike.lv\/ru\/produkts\/dripcoffee-kolumbija-drip-kafijas-maisins\/#breadcrumb","itemListElement":[{"@type":"ListItem","position":1,"name":"\u0413\u043b\u0430\u0432\u043d\u0430\u044f","item":"https:\/\/gohike.lv\/ru\/"},{"@type":"ListItem","position":2,"name":"\u041a\u0430\u0442\u0435\u0433\u043e\u0440\u0438\u0438 \u0442\u043e\u0432\u0430\u0440\u043e\u0432","item":"https:\/\/gohike.lv\/%d0%ba%d0%b0%d1%82%d0%b5%d0%b3%d0%be%d1%80%d0%b8%d0%b8-%d1%82%d0%be%d0%b2%d0%b0%d1%80%d0%be%d0%b2\/"},{"@type":"ListItem","position":3,"name":"Dripcoffee &#8211; Kolumbijas drip kafijas maisi\u0146\u0161"}]},{"@type":"WebSite","@id":"https:\/\/gohike.lv\/ru\/#website","url":"https:\/\/gohike.lv\/ru\/","name":"GoHike","description":"","publisher":{"@id":"https:\/\/gohike.lv\/ru\/#organization"},"potentialAction":[{"@type":"SearchAction","target":{"@type":"EntryPoint","urlTemplate":"https:\/\/gohike.lv\/ru\/?s={search_term_string}"},"query-input":{"@type":"PropertyValueSpecification","valueRequired":true,"valueName":"search_term_string"}}],"inLanguage":"ru-RU"},{"@type":"Organization","@id":"https:\/\/gohike.lv\/ru\/#organization","name":"GoHike","url":"https:\/\/gohike.lv\/ru\/","logo":{"@type":"ImageObject","inLanguage":"ru-RU","@id":"https:\/\/gohike.lv\/ru\/#\/schema\/logo\/image\/","url":"https:\/\/gohike.lv\/wp-content\/uploads\/2023\/08\/Logo_GoHike.webp","contentUrl":"https:\/\/gohike.lv\/wp-content\/uploads\/2023\/08\/Logo_GoHike.webp","width":512,"height":512,"caption":"GoHike"},"image":{"@id":"https:\/\/gohike.lv\/ru\/#\/schema\/logo\/image\/"},"sameAs":["https:\/\/www.facebook.com\/gohike.shop\/","https:\/\/www.instagram.com\/gohike.shop\/"]}]}},"jetpack_sharing_enabled":true,"_links":{"self":[{"href":"https:\/\/gohike.lv\/ru\/wp-json\/wp\/v2\/product\/55457","targetHints":{"allow":["GET"]}}],"collection":[{"href":"https:\/\/gohike.lv\/ru\/wp-json\/wp\/v2\/product"}],"about":[{"href":"https:\/\/gohike.lv\/ru\/wp-json\/wp\/v2\/types\/product"}],"version-history":[{"count":0,"href":"https:\/\/gohike.lv\/ru\/wp-json\/wp\/v2\/product\/55457\/revisions"}],"wp:featuredmedia":[{"embeddable":true,"href":"https:\/\/gohike.lv\/ru\/wp-json\/wp\/v2\/media\/55455"}],"wp:attachment":[{"href":"https:\/\/gohike.lv\/ru\/wp-json\/wp\/v2\/media?parent=55457"}],"wp:term":[{"taxonomy":"product_brand","embeddable":true,"href":"https:\/\/gohike.lv\/ru\/wp-json\/wp\/v2\/product_brand?post=55457"},{"taxonomy":"product_cat","embeddable":true,"href":"https:\/\/gohike.lv\/ru\/wp-json\/wp\/v2\/product_cat?post=55457"},{"taxonomy":"product_tag","embeddable":true,"href":"https:\/\/gohike.lv\/ru\/wp-json\/wp\/v2\/product_tag?post=55457"}],"curies":[{"name":"wp","href":"https:\/\/api.w.org\/{rel}","templated":true}]}}