{"id":55416,"date":"2024-09-06T16:17:07","date_gmt":"2024-09-06T13:17:07","guid":{"rendered":"https:\/\/gohike.lv\/produkts\/dripcoffee-brazilija-drip-kafijas-maisins\/"},"modified":"2026-04-10T19:34:38","modified_gmt":"2026-04-10T16:34:38","slug":"dripcoffee-brazilija-drip-kafijas-maisins","status":"publish","type":"product","link":"https:\/\/gohike.lv\/ru\/produkts\/dripcoffee-brazilija-drip-kafijas-maisins\/","title":{"rendered":"Dripcoffee &#8212; Brazil\u012bjas drip kafijas maisi\u0146\u0161"},"content":{"rendered":"<p>Dabisk\u0101s apstr\u0101des metode, kur pupi\u0146as tiek atst\u0101tas ar savu aug\u013ca m\u012bkstumu, pie\u0161\u0137ir Braz\u012blijas kafijai \u012bpa\u0161u saldumu un aug\u013cainumu.<br \/>\nAr savu z\u012bdaino tekst\u016bru un vieglo gar\u0161as profilu, \u0161\u012b kafija atkl\u0101j mande\u013cu, kakao un karame\u013cu nianses.<br \/>\nBraz\u012blijas kafija ir paz\u012bstama ar vieglu sk\u0101bumu un pies\u0101tin\u0101tu gar\u0161u.<br \/>\n\u0112n\u0101 audz\u0113ta kafija biolo\u0123isk\u0101 lauksaimniec\u012bb\u0101.<br \/>\nDzerot kafiju, J\u016bs piedz\u012bvojat Braz\u012blijas \u012bpa\u0161o atmosf\u0113ru, kur apvienojas unik\u0101la \u0123eogr\u0101fija, \u0161\u0137ir\u0146u daudzveid\u012bba un augst\u0101k\u0101 kvalit\u0101te.<\/p>\n","protected":false},"excerpt":{"rendered":"<p><span style=\", sans-serif;font-size: 16px; letter-spacing: 0.6px;\">Izbaudiet Braz\u012blijas kafijas smalko gar\u0161o.<\/span><\/p>\n","protected":false},"featured_media":55417,"template":"","meta":[],"product_brand":[],"product_cat":[896],"product_tag":[],"class_list":{"0":"post-55416","1":"product","2":"type-product","3":"status-publish","4":"has-post-thumbnail","6":"product_cat-turistu-partika-un-dzerieni","7":"pa_produkta-tips-uzkodas-un-dzerieni","9":"first","10":"outofstock","11":"taxable","12":"shipping-taxable","13":"purchasable","14":"product-type-simple"},"raw_content":{"name":"Dripcoffee - Brazil\u012bjas drip kafijas maisi\u0146\u0161","description":"Dabisk\u0101s apstr\u0101des metode, kur pupi\u0146as tiek atst\u0101tas ar savu aug\u013ca m\u012bkstumu, pie\u0161\u0137ir Braz\u012blijas kafijai \u012bpa\u0161u saldumu un aug\u013cainumu.\nAr savu z\u012bdaino tekst\u016bru un vieglo gar\u0161as profilu, \u0161\u012b kafija atkl\u0101j mande\u013cu, kakao un karame\u013cu nianses.\nBraz\u012blijas kafija ir paz\u012bstama ar vieglu sk\u0101bumu un pies\u0101tin\u0101tu gar\u0161u.\n\u0112n\u0101 audz\u0113ta kafija biolo\u0123isk\u0101 lauksaimniec\u012bb\u0101.\nDzerot kafiju, J\u016bs piedz\u012bvojat Braz\u012blijas \u012bpa\u0161o atmosf\u0113ru, kur apvienojas unik\u0101la \u0123eogr\u0101fija, \u0161\u0137ir\u0146u daudzveid\u012bba un augst\u0101k\u0101 kvalit\u0101te.","short_description":"<span style=\", sans-serif;font-size: 16px; letter-spacing: 0.6px;\">Izbaudiet Braz\u012blijas kafijas smalko gar\u0161o.<\/span>","status":"publish","sku":"4751045100014","original":55416},"wpml":{"translation_type":1,"has_translations":true,"original":55416,"duplicates":[],"translations":{"lv":55416,"en":67126,"ru":null}},"supplier_id":null,"supplier_sku":"","barcode":null,"atum_controlled":true,"out_stock_date":null,"out_stock_threshold":null,"inheritable":false,"inbound_stock":0,"stock_on_hold":0,"sold_today":0,"sales_last_days":0,"reserved_stock":0,"customer_returns":0,"warehouse_damage":0,"lost_in_post":0,"other_logs":0,"out_stock_days":0,"lost_sales":0,"has_location":false,"update_date":"2026-04-10T16:34:41","atum_locations":[],"atum_stock_status":"outofstock","restock_status":false,"low_stock_amount":"","sales_update_date":"2025-11-13T14:08:05","calc_backorders":null,"yoast_head":"<!-- This site is optimized with the Yoast SEO plugin v27.3 - https:\/\/yoast.com\/product\/yoast-seo-wordpress\/ -->\n<title>Dripcoffee - Brazil\u012bjas drip kafijas maisi\u0146\u0161<\/title>\n<meta name=\"description\" content=\"Izbaudiet Braz\u012blijas kafijas smalko gar\u0161o.\" \/>\n<meta name=\"robots\" content=\"index, follow, max-snippet:-1, max-image-preview:large, max-video-preview:-1\" \/>\n<link rel=\"canonical\" href=\"https:\/\/gohike.lv\/ru\/produkts\/dripcoffee-brazilija-drip-kafijas-maisins\/\" \/>\n<meta property=\"og:locale\" content=\"ru_RU\" \/>\n<meta property=\"og:type\" content=\"article\" \/>\n<meta property=\"og:title\" content=\"Dripcoffee - Brazil\u012bjas drip kafijas maisi\u0146\u0161\" \/>\n<meta property=\"og:description\" content=\"Izbaudiet Braz\u012blijas kafijas smalko gar\u0161o.\" \/>\n<meta property=\"og:url\" content=\"https:\/\/gohike.lv\/ru\/produkts\/dripcoffee-brazilija-drip-kafijas-maisins\/\" \/>\n<meta property=\"og:site_name\" content=\"GoHike\" \/>\n<meta property=\"article:publisher\" content=\"https:\/\/www.facebook.com\/gohike.shop\/\" \/>\n<meta property=\"article:modified_time\" content=\"2026-04-10T16:34:38+00:00\" \/>\n<meta property=\"og:image\" content=\"https:\/\/gohike.lv\/wp-content\/uploads\/2024\/06\/fyhinitue6uyogqxuytnlot1eryzb9iq.jpg\" \/>\n\t<meta property=\"og:image:width\" content=\"713\" \/>\n\t<meta property=\"og:image:height\" content=\"713\" \/>\n\t<meta property=\"og:image:type\" content=\"image\/jpeg\" \/>\n<meta name=\"twitter:card\" content=\"summary_large_image\" \/>\n<meta name=\"twitter:label1\" content=\"\u041f\u0440\u0438\u043c\u0435\u0440\u043d\u043e\u0435 \u0432\u0440\u0435\u043c\u044f \u0434\u043b\u044f \u0447\u0442\u0435\u043d\u0438\u044f\" \/>\n\t<meta name=\"twitter:data1\" content=\"1 \u043c\u0438\u043d\u0443\u0442\u0430\" \/>\n<script type=\"application\/ld+json\" class=\"yoast-schema-graph\">{\"@context\":\"https:\\\/\\\/schema.org\",\"@graph\":[{\"@type\":[\"WebPage\",\"ItemPage\"],\"@id\":\"https:\\\/\\\/gohike.lv\\\/ru\\\/produkts\\\/dripcoffee-brazilija-drip-kafijas-maisins\\\/\",\"url\":\"https:\\\/\\\/gohike.lv\\\/ru\\\/produkts\\\/dripcoffee-brazilija-drip-kafijas-maisins\\\/\",\"name\":\"Dripcoffee - Brazil\u012bjas drip kafijas maisi\u0146\u0161\",\"isPartOf\":{\"@id\":\"https:\\\/\\\/gohike.lv\\\/ru\\\/#website\"},\"primaryImageOfPage\":{\"@id\":\"https:\\\/\\\/gohike.lv\\\/ru\\\/produkts\\\/dripcoffee-brazilija-drip-kafijas-maisins\\\/#primaryimage\"},\"image\":{\"@id\":\"https:\\\/\\\/gohike.lv\\\/ru\\\/produkts\\\/dripcoffee-brazilija-drip-kafijas-maisins\\\/#primaryimage\"},\"thumbnailUrl\":\"https:\\\/\\\/gohike.lv\\\/wp-content\\\/uploads\\\/2024\\\/06\\\/fyhinitue6uyogqxuytnlot1eryzb9iq.jpg\",\"datePublished\":\"2024-09-06T13:17:07+00:00\",\"dateModified\":\"2026-04-10T16:34:38+00:00\",\"description\":\"Izbaudiet Braz\u012blijas kafijas smalko gar\u0161o.\",\"breadcrumb\":{\"@id\":\"https:\\\/\\\/gohike.lv\\\/ru\\\/produkts\\\/dripcoffee-brazilija-drip-kafijas-maisins\\\/#breadcrumb\"},\"inLanguage\":\"ru-RU\",\"potentialAction\":[{\"@type\":\"ReadAction\",\"target\":[\"https:\\\/\\\/gohike.lv\\\/ru\\\/produkts\\\/dripcoffee-brazilija-drip-kafijas-maisins\\\/\"]}]},{\"@type\":\"ImageObject\",\"inLanguage\":\"ru-RU\",\"@id\":\"https:\\\/\\\/gohike.lv\\\/ru\\\/produkts\\\/dripcoffee-brazilija-drip-kafijas-maisins\\\/#primaryimage\",\"url\":\"https:\\\/\\\/gohike.lv\\\/wp-content\\\/uploads\\\/2024\\\/06\\\/fyhinitue6uyogqxuytnlot1eryzb9iq.jpg\",\"contentUrl\":\"https:\\\/\\\/gohike.lv\\\/wp-content\\\/uploads\\\/2024\\\/06\\\/fyhinitue6uyogqxuytnlot1eryzb9iq.jpg\",\"width\":713,\"height\":713},{\"@type\":\"BreadcrumbList\",\"@id\":\"https:\\\/\\\/gohike.lv\\\/ru\\\/produkts\\\/dripcoffee-brazilija-drip-kafijas-maisins\\\/#breadcrumb\",\"itemListElement\":[{\"@type\":\"ListItem\",\"position\":1,\"name\":\"\u0413\u043b\u0430\u0432\u043d\u0430\u044f\",\"item\":\"https:\\\/\\\/gohike.lv\\\/ru\\\/\"},{\"@type\":\"ListItem\",\"position\":2,\"name\":\"\u041a\u0430\u0442\u0435\u0433\u043e\u0440\u0438\u0438 \u0442\u043e\u0432\u0430\u0440\u043e\u0432\",\"item\":\"https:\\\/\\\/gohike.lv\\\/%d0%ba%d0%b0%d1%82%d0%b5%d0%b3%d0%be%d1%80%d0%b8%d0%b8-%d1%82%d0%be%d0%b2%d0%b0%d1%80%d0%be%d0%b2\\\/\"},{\"@type\":\"ListItem\",\"position\":3,\"name\":\"Dripcoffee &#8211; Brazil\u012bjas drip kafijas maisi\u0146\u0161\"}]},{\"@type\":\"WebSite\",\"@id\":\"https:\\\/\\\/gohike.lv\\\/ru\\\/#website\",\"url\":\"https:\\\/\\\/gohike.lv\\\/ru\\\/\",\"name\":\"GoHike\",\"description\":\"\",\"publisher\":{\"@id\":\"https:\\\/\\\/gohike.lv\\\/ru\\\/#organization\"},\"potentialAction\":[{\"@type\":\"SearchAction\",\"target\":{\"@type\":\"EntryPoint\",\"urlTemplate\":\"https:\\\/\\\/gohike.lv\\\/ru\\\/?s={search_term_string}\"},\"query-input\":{\"@type\":\"PropertyValueSpecification\",\"valueRequired\":true,\"valueName\":\"search_term_string\"}}],\"inLanguage\":\"ru-RU\"},{\"@type\":\"Organization\",\"@id\":\"https:\\\/\\\/gohike.lv\\\/ru\\\/#organization\",\"name\":\"GoHike\",\"url\":\"https:\\\/\\\/gohike.lv\\\/ru\\\/\",\"logo\":{\"@type\":\"ImageObject\",\"inLanguage\":\"ru-RU\",\"@id\":\"https:\\\/\\\/gohike.lv\\\/ru\\\/#\\\/schema\\\/logo\\\/image\\\/\",\"url\":\"https:\\\/\\\/gohike.lv\\\/wp-content\\\/uploads\\\/2023\\\/08\\\/Logo_GoHike.webp\",\"contentUrl\":\"https:\\\/\\\/gohike.lv\\\/wp-content\\\/uploads\\\/2023\\\/08\\\/Logo_GoHike.webp\",\"width\":512,\"height\":512,\"caption\":\"GoHike\"},\"image\":{\"@id\":\"https:\\\/\\\/gohike.lv\\\/ru\\\/#\\\/schema\\\/logo\\\/image\\\/\"},\"sameAs\":[\"https:\\\/\\\/www.facebook.com\\\/gohike.shop\\\/\",\"https:\\\/\\\/www.instagram.com\\\/gohike.shop\\\/\"]}]}<\/script>\n<!-- \/ Yoast SEO plugin. -->","yoast_head_json":{"title":"Dripcoffee - Brazil\u012bjas drip kafijas maisi\u0146\u0161","description":"Izbaudiet Braz\u012blijas kafijas smalko gar\u0161o.","robots":{"index":"index","follow":"follow","max-snippet":"max-snippet:-1","max-image-preview":"max-image-preview:large","max-video-preview":"max-video-preview:-1"},"canonical":"https:\/\/gohike.lv\/ru\/produkts\/dripcoffee-brazilija-drip-kafijas-maisins\/","og_locale":"ru_RU","og_type":"article","og_title":"Dripcoffee - Brazil\u012bjas drip kafijas maisi\u0146\u0161","og_description":"Izbaudiet Braz\u012blijas kafijas smalko gar\u0161o.","og_url":"https:\/\/gohike.lv\/ru\/produkts\/dripcoffee-brazilija-drip-kafijas-maisins\/","og_site_name":"GoHike","article_publisher":"https:\/\/www.facebook.com\/gohike.shop\/","article_modified_time":"2026-04-10T16:34:38+00:00","og_image":[{"width":713,"height":713,"url":"https:\/\/gohike.lv\/wp-content\/uploads\/2024\/06\/fyhinitue6uyogqxuytnlot1eryzb9iq.jpg","type":"image\/jpeg"}],"twitter_card":"summary_large_image","twitter_misc":{"\u041f\u0440\u0438\u043c\u0435\u0440\u043d\u043e\u0435 \u0432\u0440\u0435\u043c\u044f \u0434\u043b\u044f \u0447\u0442\u0435\u043d\u0438\u044f":"1 \u043c\u0438\u043d\u0443\u0442\u0430"},"schema":{"@context":"https:\/\/schema.org","@graph":[{"@type":["WebPage","ItemPage"],"@id":"https:\/\/gohike.lv\/ru\/produkts\/dripcoffee-brazilija-drip-kafijas-maisins\/","url":"https:\/\/gohike.lv\/ru\/produkts\/dripcoffee-brazilija-drip-kafijas-maisins\/","name":"Dripcoffee - Brazil\u012bjas drip kafijas maisi\u0146\u0161","isPartOf":{"@id":"https:\/\/gohike.lv\/ru\/#website"},"primaryImageOfPage":{"@id":"https:\/\/gohike.lv\/ru\/produkts\/dripcoffee-brazilija-drip-kafijas-maisins\/#primaryimage"},"image":{"@id":"https:\/\/gohike.lv\/ru\/produkts\/dripcoffee-brazilija-drip-kafijas-maisins\/#primaryimage"},"thumbnailUrl":"https:\/\/gohike.lv\/wp-content\/uploads\/2024\/06\/fyhinitue6uyogqxuytnlot1eryzb9iq.jpg","datePublished":"2024-09-06T13:17:07+00:00","dateModified":"2026-04-10T16:34:38+00:00","description":"Izbaudiet Braz\u012blijas kafijas smalko gar\u0161o.","breadcrumb":{"@id":"https:\/\/gohike.lv\/ru\/produkts\/dripcoffee-brazilija-drip-kafijas-maisins\/#breadcrumb"},"inLanguage":"ru-RU","potentialAction":[{"@type":"ReadAction","target":["https:\/\/gohike.lv\/ru\/produkts\/dripcoffee-brazilija-drip-kafijas-maisins\/"]}]},{"@type":"ImageObject","inLanguage":"ru-RU","@id":"https:\/\/gohike.lv\/ru\/produkts\/dripcoffee-brazilija-drip-kafijas-maisins\/#primaryimage","url":"https:\/\/gohike.lv\/wp-content\/uploads\/2024\/06\/fyhinitue6uyogqxuytnlot1eryzb9iq.jpg","contentUrl":"https:\/\/gohike.lv\/wp-content\/uploads\/2024\/06\/fyhinitue6uyogqxuytnlot1eryzb9iq.jpg","width":713,"height":713},{"@type":"BreadcrumbList","@id":"https:\/\/gohike.lv\/ru\/produkts\/dripcoffee-brazilija-drip-kafijas-maisins\/#breadcrumb","itemListElement":[{"@type":"ListItem","position":1,"name":"\u0413\u043b\u0430\u0432\u043d\u0430\u044f","item":"https:\/\/gohike.lv\/ru\/"},{"@type":"ListItem","position":2,"name":"\u041a\u0430\u0442\u0435\u0433\u043e\u0440\u0438\u0438 \u0442\u043e\u0432\u0430\u0440\u043e\u0432","item":"https:\/\/gohike.lv\/%d0%ba%d0%b0%d1%82%d0%b5%d0%b3%d0%be%d1%80%d0%b8%d0%b8-%d1%82%d0%be%d0%b2%d0%b0%d1%80%d0%be%d0%b2\/"},{"@type":"ListItem","position":3,"name":"Dripcoffee &#8211; Brazil\u012bjas drip kafijas maisi\u0146\u0161"}]},{"@type":"WebSite","@id":"https:\/\/gohike.lv\/ru\/#website","url":"https:\/\/gohike.lv\/ru\/","name":"GoHike","description":"","publisher":{"@id":"https:\/\/gohike.lv\/ru\/#organization"},"potentialAction":[{"@type":"SearchAction","target":{"@type":"EntryPoint","urlTemplate":"https:\/\/gohike.lv\/ru\/?s={search_term_string}"},"query-input":{"@type":"PropertyValueSpecification","valueRequired":true,"valueName":"search_term_string"}}],"inLanguage":"ru-RU"},{"@type":"Organization","@id":"https:\/\/gohike.lv\/ru\/#organization","name":"GoHike","url":"https:\/\/gohike.lv\/ru\/","logo":{"@type":"ImageObject","inLanguage":"ru-RU","@id":"https:\/\/gohike.lv\/ru\/#\/schema\/logo\/image\/","url":"https:\/\/gohike.lv\/wp-content\/uploads\/2023\/08\/Logo_GoHike.webp","contentUrl":"https:\/\/gohike.lv\/wp-content\/uploads\/2023\/08\/Logo_GoHike.webp","width":512,"height":512,"caption":"GoHike"},"image":{"@id":"https:\/\/gohike.lv\/ru\/#\/schema\/logo\/image\/"},"sameAs":["https:\/\/www.facebook.com\/gohike.shop\/","https:\/\/www.instagram.com\/gohike.shop\/"]}]}},"jetpack_sharing_enabled":true,"_links":{"self":[{"href":"https:\/\/gohike.lv\/ru\/wp-json\/wp\/v2\/product\/55416","targetHints":{"allow":["GET"]}}],"collection":[{"href":"https:\/\/gohike.lv\/ru\/wp-json\/wp\/v2\/product"}],"about":[{"href":"https:\/\/gohike.lv\/ru\/wp-json\/wp\/v2\/types\/product"}],"version-history":[{"count":0,"href":"https:\/\/gohike.lv\/ru\/wp-json\/wp\/v2\/product\/55416\/revisions"}],"wp:featuredmedia":[{"embeddable":true,"href":"https:\/\/gohike.lv\/ru\/wp-json\/wp\/v2\/media\/55417"}],"wp:attachment":[{"href":"https:\/\/gohike.lv\/ru\/wp-json\/wp\/v2\/media?parent=55416"}],"wp:term":[{"taxonomy":"product_brand","embeddable":true,"href":"https:\/\/gohike.lv\/ru\/wp-json\/wp\/v2\/product_brand?post=55416"},{"taxonomy":"product_cat","embeddable":true,"href":"https:\/\/gohike.lv\/ru\/wp-json\/wp\/v2\/product_cat?post=55416"},{"taxonomy":"product_tag","embeddable":true,"href":"https:\/\/gohike.lv\/ru\/wp-json\/wp\/v2\/product_tag?post=55416"}],"curies":[{"name":"wp","href":"https:\/\/api.w.org\/{rel}","templated":true}]}}