{"id":55308,"date":"2024-06-06T11:28:58","date_gmt":"2024-06-06T08:28:58","guid":{"rendered":"https:\/\/gohike.lv\/produkts\/bens-max-odu-atbaidisanas-lidzeklis-37ml\/"},"modified":"2026-04-04T19:25:14","modified_gmt":"2026-04-04T16:25:14","slug":"bens-max-odu-atbaidisanas-lidzeklis-37ml","status":"publish","type":"product","link":"https:\/\/gohike.lv\/ru\/produkts\/bens-max-odu-atbaidisanas-lidzeklis-37ml\/","title":{"rendered":"Ben\u2019s \u2013 Max Odu atbaid\u012b\u0161anas l\u012bdzeklis, 37ml"},"content":{"rendered":"<p>Ben&#8217;s\u00ae MAX ar (50% DEET akt\u012bvo vielu) \u0113r\u010du un insektu atbaid\u012bt\u0101js pied\u0101v\u0101 aizsardz\u012bbu no \u0113rc\u0113m un da\u017e\u0101diem kukai\u0146iem, kuri var b\u016bt da\u017e\u0101du v\u012brusu p\u0101rn\u0113s\u0101t\u0101ji, piem\u0113ram, Zika v\u012bruss, Rietumn\u012blas v\u012brusu (WNV), Laima slim\u012bba, mal\u0101rija, Austrumu zirgu encefal\u012bta (EEI), k\u0101 ar\u012b citu infekcijas slim\u012bbu ierosin\u0101t\u0101ji.<br \/>\nNodro\u0161ina l\u012bdz pat 5 h aizsardz\u012bbu.<br \/>\n\u0160is l\u012bdzeklis ir izgatavots uz \u016bdens b\u0101zes ar l\u0113nu iztvaiko\u0161anas \u0101trumu, l\u012bdz ar to l\u012bdzeklis ilgi darbojas ar minim\u0101lu uzs\u016bk\u0161anos \u0101d\u0101.<br \/>\nAkt\u012bv\u0101 viela DEET (N, N-dimethyl-m-toluamide) ir 50% no aerosola sast\u0101va.<br \/>\nBez smar\u017eas.<br \/>\nRa\u017eot\u0101jvalsts &#8212; ASV.<br \/>\nPretinsektu l\u012bdzeklis ir j\u0101uzp\u016b\u0161 uz atkl\u0101tas \u0101das un ar rok\u0101m vienm\u0113r\u012bgi j\u0101izkl\u0101j pa visu \u0101du, ko v\u0113laties aizsarg\u0101t.<br \/>\nTilpums &#8212; 37ml.<\/p>\n","protected":false},"excerpt":{"rendered":"<p class=\"page-title\" style=\"margin-top: 8px;margin-bottom: 40px\">DEET l\u012bdzeklis pret odiem un \u0113rc\u0113m<\/p>\n","protected":false},"featured_media":55309,"template":"","meta":[],"product_brand":[9426],"product_cat":[1389],"product_tag":[],"class_list":{"0":"post-55308","1":"product","2":"type-product","3":"status-publish","4":"has-post-thumbnail","6":"product_brand-bens-lv","7":"product_cat-pret-insektiem","8":"pa_produkta-tips-moskitu-repellenti","10":"first","11":"instock","12":"taxable","13":"shipping-taxable","14":"purchasable","15":"product-type-simple"},"raw_content":{"name":"Ben\u2019s \u2013 Max Odu atbaid\u012b\u0161anas l\u012bdzeklis, 37ml","description":"Ben's\u00ae MAX ar (50% DEET akt\u012bvo vielu) \u0113r\u010du un insektu atbaid\u012bt\u0101js pied\u0101v\u0101 aizsardz\u012bbu no \u0113rc\u0113m un da\u017e\u0101diem kukai\u0146iem, kuri var b\u016bt da\u017e\u0101du v\u012brusu p\u0101rn\u0113s\u0101t\u0101ji, piem\u0113ram, Zika v\u012bruss, Rietumn\u012blas v\u012brusu (WNV), Laima slim\u012bba, mal\u0101rija, Austrumu zirgu encefal\u012bta (EEI), k\u0101 ar\u012b citu infekcijas slim\u012bbu ierosin\u0101t\u0101ji.\nNodro\u0161ina l\u012bdz pat 5 h aizsardz\u012bbu.\n\u0160is l\u012bdzeklis ir izgatavots uz \u016bdens b\u0101zes ar l\u0113nu iztvaiko\u0161anas \u0101trumu, l\u012bdz ar to l\u012bdzeklis ilgi darbojas ar minim\u0101lu uzs\u016bk\u0161anos \u0101d\u0101.\nAkt\u012bv\u0101 viela DEET (N, N-dimethyl-m-toluamide) ir 50% no aerosola sast\u0101va.\nBez smar\u017eas.\nRa\u017eot\u0101jvalsts - ASV.\nPretinsektu l\u012bdzeklis ir j\u0101uzp\u016b\u0161 uz atkl\u0101tas \u0101das un ar rok\u0101m vienm\u0113r\u012bgi j\u0101izkl\u0101j pa visu \u0101du, ko v\u0113laties aizsarg\u0101t.\nTilpums - 37ml.","short_description":"<p class=\"page-title\" style=\"margin-top: 8px;margin-bottom: 40px\">DEET l\u012bdzeklis pret odiem un \u0113rc\u0113m<\/p>","status":"publish","sku":"0044224070692","original":55308},"wpml":{"translation_type":1,"has_translations":true,"original":55308,"duplicates":[],"translations":{"lv":55308,"en":67644,"ru":null}},"supplier_id":null,"supplier_sku":"","barcode":null,"atum_controlled":true,"out_stock_date":null,"out_stock_threshold":null,"inheritable":false,"inbound_stock":0,"stock_on_hold":2,"sold_today":0,"sales_last_days":0,"reserved_stock":0,"customer_returns":0,"warehouse_damage":0,"lost_in_post":0,"other_logs":0,"out_stock_days":0,"lost_sales":0,"has_location":false,"update_date":"2026-04-04T16:25:23","atum_locations":[],"atum_stock_status":"instock","restock_status":false,"low_stock_amount":"","sales_update_date":"2026-04-04T08:48:21","calc_backorders":null,"yoast_head":"<!-- This site is optimized with the Yoast SEO plugin v27.3 - https:\/\/yoast.com\/product\/yoast-seo-wordpress\/ -->\n<title>Ben\u2019s \u2013 Max Odu atbaid\u012b\u0161anas l\u012bdzeklis, 37ml<\/title>\n<meta name=\"description\" content=\"DEET l\u012bdzeklis pret odiem un \u0113rc\u0113m.. Nodro\u0161ina l\u012bdz pat 5 stundu aizsardz\u012bbu.\" \/>\n<meta name=\"robots\" content=\"index, follow, max-snippet:-1, max-image-preview:large, max-video-preview:-1\" \/>\n<link rel=\"canonical\" href=\"https:\/\/gohike.lv\/ru\/produkts\/bens-max-odu-atbaidisanas-lidzeklis-37ml\/\" \/>\n<meta property=\"og:locale\" content=\"ru_RU\" \/>\n<meta property=\"og:type\" content=\"article\" \/>\n<meta property=\"og:title\" content=\"Ben\u2019s \u2013 Max Odu atbaid\u012b\u0161anas l\u012bdzeklis, 37ml\" \/>\n<meta property=\"og:description\" content=\"DEET l\u012bdzeklis pret odiem un \u0113rc\u0113m.. Nodro\u0161ina l\u012bdz pat 5 stundu aizsardz\u012bbu.\" \/>\n<meta property=\"og:url\" content=\"https:\/\/gohike.lv\/ru\/produkts\/bens-max-odu-atbaidisanas-lidzeklis-37ml\/\" \/>\n<meta property=\"og:site_name\" content=\"GoHike\" \/>\n<meta property=\"article:publisher\" content=\"https:\/\/www.facebook.com\/gohike.shop\/\" \/>\n<meta property=\"article:modified_time\" content=\"2026-04-04T16:25:14+00:00\" \/>\n<meta property=\"og:image\" content=\"https:\/\/gohike.lv\/wp-content\/uploads\/2024\/06\/y4zy0jkp73wirmo3q00qrerk3ng0dips.jpg\" \/>\n\t<meta property=\"og:image:width\" content=\"1080\" \/>\n\t<meta property=\"og:image:height\" content=\"1080\" \/>\n\t<meta property=\"og:image:type\" content=\"image\/jpeg\" \/>\n<meta name=\"twitter:card\" content=\"summary_large_image\" \/>\n<meta name=\"twitter:label1\" content=\"\u041f\u0440\u0438\u043c\u0435\u0440\u043d\u043e\u0435 \u0432\u0440\u0435\u043c\u044f \u0434\u043b\u044f \u0447\u0442\u0435\u043d\u0438\u044f\" \/>\n\t<meta name=\"twitter:data1\" content=\"1 \u043c\u0438\u043d\u0443\u0442\u0430\" \/>\n<script type=\"application\/ld+json\" class=\"yoast-schema-graph\">{\"@context\":\"https:\\\/\\\/schema.org\",\"@graph\":[{\"@type\":[\"WebPage\",\"ItemPage\"],\"@id\":\"https:\\\/\\\/gohike.lv\\\/ru\\\/produkts\\\/bens-max-odu-atbaidisanas-lidzeklis-37ml\\\/\",\"url\":\"https:\\\/\\\/gohike.lv\\\/ru\\\/produkts\\\/bens-max-odu-atbaidisanas-lidzeklis-37ml\\\/\",\"name\":\"Ben\u2019s \u2013 Max Odu atbaid\u012b\u0161anas l\u012bdzeklis, 37ml\",\"isPartOf\":{\"@id\":\"https:\\\/\\\/gohike.lv\\\/ru\\\/#website\"},\"primaryImageOfPage\":{\"@id\":\"https:\\\/\\\/gohike.lv\\\/ru\\\/produkts\\\/bens-max-odu-atbaidisanas-lidzeklis-37ml\\\/#primaryimage\"},\"image\":{\"@id\":\"https:\\\/\\\/gohike.lv\\\/ru\\\/produkts\\\/bens-max-odu-atbaidisanas-lidzeklis-37ml\\\/#primaryimage\"},\"thumbnailUrl\":\"https:\\\/\\\/gohike.lv\\\/wp-content\\\/uploads\\\/2024\\\/06\\\/y4zy0jkp73wirmo3q00qrerk3ng0dips.jpg\",\"datePublished\":\"2024-06-06T08:28:58+00:00\",\"dateModified\":\"2026-04-04T16:25:14+00:00\",\"description\":\"DEET l\u012bdzeklis pret odiem un \u0113rc\u0113m.. Nodro\u0161ina l\u012bdz pat 5 stundu aizsardz\u012bbu.\",\"breadcrumb\":{\"@id\":\"https:\\\/\\\/gohike.lv\\\/ru\\\/produkts\\\/bens-max-odu-atbaidisanas-lidzeklis-37ml\\\/#breadcrumb\"},\"inLanguage\":\"ru-RU\",\"potentialAction\":[{\"@type\":\"ReadAction\",\"target\":[\"https:\\\/\\\/gohike.lv\\\/ru\\\/produkts\\\/bens-max-odu-atbaidisanas-lidzeklis-37ml\\\/\"]}]},{\"@type\":\"ImageObject\",\"inLanguage\":\"ru-RU\",\"@id\":\"https:\\\/\\\/gohike.lv\\\/ru\\\/produkts\\\/bens-max-odu-atbaidisanas-lidzeklis-37ml\\\/#primaryimage\",\"url\":\"https:\\\/\\\/gohike.lv\\\/wp-content\\\/uploads\\\/2024\\\/06\\\/y4zy0jkp73wirmo3q00qrerk3ng0dips.jpg\",\"contentUrl\":\"https:\\\/\\\/gohike.lv\\\/wp-content\\\/uploads\\\/2024\\\/06\\\/y4zy0jkp73wirmo3q00qrerk3ng0dips.jpg\",\"width\":1080,\"height\":1080},{\"@type\":\"BreadcrumbList\",\"@id\":\"https:\\\/\\\/gohike.lv\\\/ru\\\/produkts\\\/bens-max-odu-atbaidisanas-lidzeklis-37ml\\\/#breadcrumb\",\"itemListElement\":[{\"@type\":\"ListItem\",\"position\":1,\"name\":\"\u0413\u043b\u0430\u0432\u043d\u0430\u044f\",\"item\":\"https:\\\/\\\/gohike.lv\\\/ru\\\/\"},{\"@type\":\"ListItem\",\"position\":2,\"name\":\"\u041a\u0430\u0442\u0435\u0433\u043e\u0440\u0438\u0438 \u0442\u043e\u0432\u0430\u0440\u043e\u0432\",\"item\":\"https:\\\/\\\/gohike.lv\\\/%d0%ba%d0%b0%d1%82%d0%b5%d0%b3%d0%be%d1%80%d0%b8%d0%b8-%d1%82%d0%be%d0%b2%d0%b0%d1%80%d0%be%d0%b2\\\/\"},{\"@type\":\"ListItem\",\"position\":3,\"name\":\"Ben\u2019s \u2013 Max Odu atbaid\u012b\u0161anas l\u012bdzeklis, 37ml\"}]},{\"@type\":\"WebSite\",\"@id\":\"https:\\\/\\\/gohike.lv\\\/ru\\\/#website\",\"url\":\"https:\\\/\\\/gohike.lv\\\/ru\\\/\",\"name\":\"GoHike\",\"description\":\"\",\"publisher\":{\"@id\":\"https:\\\/\\\/gohike.lv\\\/ru\\\/#organization\"},\"potentialAction\":[{\"@type\":\"SearchAction\",\"target\":{\"@type\":\"EntryPoint\",\"urlTemplate\":\"https:\\\/\\\/gohike.lv\\\/ru\\\/?s={search_term_string}\"},\"query-input\":{\"@type\":\"PropertyValueSpecification\",\"valueRequired\":true,\"valueName\":\"search_term_string\"}}],\"inLanguage\":\"ru-RU\"},{\"@type\":\"Organization\",\"@id\":\"https:\\\/\\\/gohike.lv\\\/ru\\\/#organization\",\"name\":\"GoHike\",\"url\":\"https:\\\/\\\/gohike.lv\\\/ru\\\/\",\"logo\":{\"@type\":\"ImageObject\",\"inLanguage\":\"ru-RU\",\"@id\":\"https:\\\/\\\/gohike.lv\\\/ru\\\/#\\\/schema\\\/logo\\\/image\\\/\",\"url\":\"https:\\\/\\\/gohike.lv\\\/wp-content\\\/uploads\\\/2023\\\/08\\\/Logo_GoHike.webp\",\"contentUrl\":\"https:\\\/\\\/gohike.lv\\\/wp-content\\\/uploads\\\/2023\\\/08\\\/Logo_GoHike.webp\",\"width\":512,\"height\":512,\"caption\":\"GoHike\"},\"image\":{\"@id\":\"https:\\\/\\\/gohike.lv\\\/ru\\\/#\\\/schema\\\/logo\\\/image\\\/\"},\"sameAs\":[\"https:\\\/\\\/www.facebook.com\\\/gohike.shop\\\/\",\"https:\\\/\\\/www.instagram.com\\\/gohike.shop\\\/\"]}]}<\/script>\n<!-- \/ Yoast SEO plugin. -->","yoast_head_json":{"title":"Ben\u2019s \u2013 Max Odu atbaid\u012b\u0161anas l\u012bdzeklis, 37ml","description":"DEET l\u012bdzeklis pret odiem un \u0113rc\u0113m.. Nodro\u0161ina l\u012bdz pat 5 stundu aizsardz\u012bbu.","robots":{"index":"index","follow":"follow","max-snippet":"max-snippet:-1","max-image-preview":"max-image-preview:large","max-video-preview":"max-video-preview:-1"},"canonical":"https:\/\/gohike.lv\/ru\/produkts\/bens-max-odu-atbaidisanas-lidzeklis-37ml\/","og_locale":"ru_RU","og_type":"article","og_title":"Ben\u2019s \u2013 Max Odu atbaid\u012b\u0161anas l\u012bdzeklis, 37ml","og_description":"DEET l\u012bdzeklis pret odiem un \u0113rc\u0113m.. Nodro\u0161ina l\u012bdz pat 5 stundu aizsardz\u012bbu.","og_url":"https:\/\/gohike.lv\/ru\/produkts\/bens-max-odu-atbaidisanas-lidzeklis-37ml\/","og_site_name":"GoHike","article_publisher":"https:\/\/www.facebook.com\/gohike.shop\/","article_modified_time":"2026-04-04T16:25:14+00:00","og_image":[{"width":1080,"height":1080,"url":"https:\/\/gohike.lv\/wp-content\/uploads\/2024\/06\/y4zy0jkp73wirmo3q00qrerk3ng0dips.jpg","type":"image\/jpeg"}],"twitter_card":"summary_large_image","twitter_misc":{"\u041f\u0440\u0438\u043c\u0435\u0440\u043d\u043e\u0435 \u0432\u0440\u0435\u043c\u044f \u0434\u043b\u044f \u0447\u0442\u0435\u043d\u0438\u044f":"1 \u043c\u0438\u043d\u0443\u0442\u0430"},"schema":{"@context":"https:\/\/schema.org","@graph":[{"@type":["WebPage","ItemPage"],"@id":"https:\/\/gohike.lv\/ru\/produkts\/bens-max-odu-atbaidisanas-lidzeklis-37ml\/","url":"https:\/\/gohike.lv\/ru\/produkts\/bens-max-odu-atbaidisanas-lidzeklis-37ml\/","name":"Ben\u2019s \u2013 Max Odu atbaid\u012b\u0161anas l\u012bdzeklis, 37ml","isPartOf":{"@id":"https:\/\/gohike.lv\/ru\/#website"},"primaryImageOfPage":{"@id":"https:\/\/gohike.lv\/ru\/produkts\/bens-max-odu-atbaidisanas-lidzeklis-37ml\/#primaryimage"},"image":{"@id":"https:\/\/gohike.lv\/ru\/produkts\/bens-max-odu-atbaidisanas-lidzeklis-37ml\/#primaryimage"},"thumbnailUrl":"https:\/\/gohike.lv\/wp-content\/uploads\/2024\/06\/y4zy0jkp73wirmo3q00qrerk3ng0dips.jpg","datePublished":"2024-06-06T08:28:58+00:00","dateModified":"2026-04-04T16:25:14+00:00","description":"DEET l\u012bdzeklis pret odiem un \u0113rc\u0113m.. Nodro\u0161ina l\u012bdz pat 5 stundu aizsardz\u012bbu.","breadcrumb":{"@id":"https:\/\/gohike.lv\/ru\/produkts\/bens-max-odu-atbaidisanas-lidzeklis-37ml\/#breadcrumb"},"inLanguage":"ru-RU","potentialAction":[{"@type":"ReadAction","target":["https:\/\/gohike.lv\/ru\/produkts\/bens-max-odu-atbaidisanas-lidzeklis-37ml\/"]}]},{"@type":"ImageObject","inLanguage":"ru-RU","@id":"https:\/\/gohike.lv\/ru\/produkts\/bens-max-odu-atbaidisanas-lidzeklis-37ml\/#primaryimage","url":"https:\/\/gohike.lv\/wp-content\/uploads\/2024\/06\/y4zy0jkp73wirmo3q00qrerk3ng0dips.jpg","contentUrl":"https:\/\/gohike.lv\/wp-content\/uploads\/2024\/06\/y4zy0jkp73wirmo3q00qrerk3ng0dips.jpg","width":1080,"height":1080},{"@type":"BreadcrumbList","@id":"https:\/\/gohike.lv\/ru\/produkts\/bens-max-odu-atbaidisanas-lidzeklis-37ml\/#breadcrumb","itemListElement":[{"@type":"ListItem","position":1,"name":"\u0413\u043b\u0430\u0432\u043d\u0430\u044f","item":"https:\/\/gohike.lv\/ru\/"},{"@type":"ListItem","position":2,"name":"\u041a\u0430\u0442\u0435\u0433\u043e\u0440\u0438\u0438 \u0442\u043e\u0432\u0430\u0440\u043e\u0432","item":"https:\/\/gohike.lv\/%d0%ba%d0%b0%d1%82%d0%b5%d0%b3%d0%be%d1%80%d0%b8%d0%b8-%d1%82%d0%be%d0%b2%d0%b0%d1%80%d0%be%d0%b2\/"},{"@type":"ListItem","position":3,"name":"Ben\u2019s \u2013 Max Odu atbaid\u012b\u0161anas l\u012bdzeklis, 37ml"}]},{"@type":"WebSite","@id":"https:\/\/gohike.lv\/ru\/#website","url":"https:\/\/gohike.lv\/ru\/","name":"GoHike","description":"","publisher":{"@id":"https:\/\/gohike.lv\/ru\/#organization"},"potentialAction":[{"@type":"SearchAction","target":{"@type":"EntryPoint","urlTemplate":"https:\/\/gohike.lv\/ru\/?s={search_term_string}"},"query-input":{"@type":"PropertyValueSpecification","valueRequired":true,"valueName":"search_term_string"}}],"inLanguage":"ru-RU"},{"@type":"Organization","@id":"https:\/\/gohike.lv\/ru\/#organization","name":"GoHike","url":"https:\/\/gohike.lv\/ru\/","logo":{"@type":"ImageObject","inLanguage":"ru-RU","@id":"https:\/\/gohike.lv\/ru\/#\/schema\/logo\/image\/","url":"https:\/\/gohike.lv\/wp-content\/uploads\/2023\/08\/Logo_GoHike.webp","contentUrl":"https:\/\/gohike.lv\/wp-content\/uploads\/2023\/08\/Logo_GoHike.webp","width":512,"height":512,"caption":"GoHike"},"image":{"@id":"https:\/\/gohike.lv\/ru\/#\/schema\/logo\/image\/"},"sameAs":["https:\/\/www.facebook.com\/gohike.shop\/","https:\/\/www.instagram.com\/gohike.shop\/"]}]}},"jetpack_sharing_enabled":true,"_links":{"self":[{"href":"https:\/\/gohike.lv\/ru\/wp-json\/wp\/v2\/product\/55308","targetHints":{"allow":["GET"]}}],"collection":[{"href":"https:\/\/gohike.lv\/ru\/wp-json\/wp\/v2\/product"}],"about":[{"href":"https:\/\/gohike.lv\/ru\/wp-json\/wp\/v2\/types\/product"}],"version-history":[{"count":1,"href":"https:\/\/gohike.lv\/ru\/wp-json\/wp\/v2\/product\/55308\/revisions"}],"predecessor-version":[{"id":119090,"href":"https:\/\/gohike.lv\/ru\/wp-json\/wp\/v2\/product\/55308\/revisions\/119090"}],"wp:featuredmedia":[{"embeddable":true,"href":"https:\/\/gohike.lv\/ru\/wp-json\/wp\/v2\/media\/55309"}],"wp:attachment":[{"href":"https:\/\/gohike.lv\/ru\/wp-json\/wp\/v2\/media?parent=55308"}],"wp:term":[{"taxonomy":"product_brand","embeddable":true,"href":"https:\/\/gohike.lv\/ru\/wp-json\/wp\/v2\/product_brand?post=55308"},{"taxonomy":"product_cat","embeddable":true,"href":"https:\/\/gohike.lv\/ru\/wp-json\/wp\/v2\/product_cat?post=55308"},{"taxonomy":"product_tag","embeddable":true,"href":"https:\/\/gohike.lv\/ru\/wp-json\/wp\/v2\/product_tag?post=55308"}],"curies":[{"name":"wp","href":"https:\/\/api.w.org\/{rel}","templated":true}]}}