{"id":54777,"date":"2024-05-23T13:20:44","date_gmt":"2024-05-23T10:20:44","guid":{"rendered":"https:\/\/gohike.lv\/produkts\/oxygen-forest-ultraskanas-aluminija-pleves-piknika-paklajins\/"},"modified":"2025-12-30T17:24:34","modified_gmt":"2025-12-30T14:24:34","slug":"oxygen-forest-ultraskanas-aluminija-pleves-piknika-paklajins","status":"publish","type":"product","link":"https:\/\/gohike.lv\/ru\/produkts\/oxygen-forest-ultraskanas-aluminija-pleves-piknika-paklajins\/","title":{"rendered":"(Oxygen forest) ultraska\u0146as alum\u012bnija pl\u0113ves piknika pakl\u0101ji\u0146\u0161"},"content":{"rendered":"<p>Pakl\u0101ji\u0146\u0161 piem\u0113rots lielai grupai \u2013 ar to pietiek aptuveni 5 cilv\u0113kiem.<br \/>\nTaj\u0101 pa\u0161\u0101 laik\u0101 plat\u012bbu var palielin\u0101t pievienojot v\u0113l \u0161\u0101dus pakl\u0101jus.<br \/>\nPakl\u0101js izce\u013cas ar savu nevainojamo kvalit\u0101ti.<br \/>\nTr\u012bssl\u0101\u0146u strukt\u016bra nodro\u0161ina komfortu un neuzs\u016bc mitrumu no zemes.<br \/>\nProdukta virs\u0113jais sl\u0101nis ir izgatavots no pongee.<br \/>\nAudums ir viegli kopjams &#8212; ja uz t\u0101 veidojas dz\u0113rienu vai p\u0101rtikas traipi, tos var viegli no\u0146emt ar mitru dr\u0101nu.<br \/>\nPakl\u0101ja iek\u0161puse ir izkl\u0101ta ar kokvilnu. Un apak\u0161\u0113jais sl\u0101nis ir mitrumiztur\u012bga alum\u012bnija pl\u0113ve.<br \/>\nGar mal\u0101m ir speci\u0101la apmale.<br \/>\nPakl\u0101js ir viegli kopjams &#8212; to var mazg\u0101t ve\u013casma\u0161\u012bn\u0101.<br \/>\nProduktu ir viegli transport\u0113t. Pakl\u0101ji\u0146u ir viegli uzglab\u0101t, kad tas ir savilkts, izmantojot siksnas.<br \/>\nRaksturlielumi:<br \/>\nModelis &#8212; Naturehike CNH22DZ14004;<br \/>\nIzm\u0113rs atloc\u012bt\u0101 veid\u0101: 180&#215;200 cm;<br \/>\nIzm\u0113rs saloc\u012bt\u0101 veid\u0101: 15&#215;40 cm;<br \/>\nSvars: 950 grami;<br \/>\nParedz\u0113ts l\u012bdz 5 cilv\u0113kiem;<br \/>\nMateri\u0101ls: tr\u012bssl\u0101\u0146u strukt\u016bra: aug\u0161\u0113jais sl\u0101nis &#8212; pongee, iek\u0161puse &#8212; kokvilnas odere, apak\u0161\u0101 &#8212; mitrumiztur\u012bga alum\u012bnija pl\u0113ve.<\/p>\n","protected":false},"excerpt":{"rendered":"<p>Alum\u012bnija pl\u0113ves piknika pakl\u0101ji\u0146\u0161.<\/p>\n","protected":false},"featured_media":54775,"template":"","meta":[],"product_brand":[],"product_cat":[2964],"product_tag":[],"class_list":{"0":"post-54777","1":"product","2":"type-product","3":"status-publish","4":"has-post-thumbnail","6":"product_cat-pludmales-un-piknika-paklajini","7":"pa_izmeriscm-180x200","8":"pa_materiali-aluminija-pleve","9":"pa_materiali-kokvilnas-odere","10":"pa_materiali-pongee","11":"pa_produkta-tips-pludmales-un-piknika-paklajini","12":"pa_saliktas-preces-izmerscm-15x40","14":"first","15":"instock","16":"taxable","17":"shipping-taxable","18":"purchasable","19":"product-type-simple"},"raw_content":{"name":"(Oxygen forest) ultraska\u0146as alum\u012bnija pl\u0113ves piknika pakl\u0101ji\u0146\u0161","description":"Pakl\u0101ji\u0146\u0161 piem\u0113rots lielai grupai \u2013 ar to pietiek aptuveni 5 cilv\u0113kiem.\nTaj\u0101 pa\u0161\u0101 laik\u0101 plat\u012bbu var palielin\u0101t pievienojot v\u0113l \u0161\u0101dus pakl\u0101jus.\nPakl\u0101js izce\u013cas ar savu nevainojamo kvalit\u0101ti.\nTr\u012bssl\u0101\u0146u strukt\u016bra nodro\u0161ina komfortu un neuzs\u016bc mitrumu no zemes.\nProdukta virs\u0113jais sl\u0101nis ir izgatavots no pongee.\nAudums ir viegli kopjams - ja uz t\u0101 veidojas dz\u0113rienu vai p\u0101rtikas traipi, tos var viegli no\u0146emt ar mitru dr\u0101nu.\nPakl\u0101ja iek\u0161puse ir izkl\u0101ta ar kokvilnu. Un apak\u0161\u0113jais sl\u0101nis ir mitrumiztur\u012bga alum\u012bnija pl\u0113ve.\nGar mal\u0101m ir speci\u0101la apmale.\nPakl\u0101js ir viegli kopjams - to var mazg\u0101t ve\u013casma\u0161\u012bn\u0101.\nProduktu ir viegli transport\u0113t. Pakl\u0101ji\u0146u ir viegli uzglab\u0101t, kad tas ir savilkts, izmantojot siksnas.\nRaksturlielumi:\nModelis - Naturehike CNH22DZ14004;\nIzm\u0113rs atloc\u012bt\u0101 veid\u0101: 180x200 cm;\nIzm\u0113rs saloc\u012bt\u0101 veid\u0101: 15x40 cm;\nSvars: 950 grami;\nParedz\u0113ts l\u012bdz 5 cilv\u0113kiem;\nMateri\u0101ls: tr\u012bssl\u0101\u0146u strukt\u016bra: aug\u0161\u0113jais sl\u0101nis - pongee, iek\u0161puse - kokvilnas odere, apak\u0161\u0101 - mitrumiztur\u012bga alum\u012bnija pl\u0113ve.","short_description":"Alum\u012bnija pl\u0113ves piknika pakl\u0101ji\u0146\u0161.","status":"publish","sku":"6976023922930","original":54777},"wpml":{"translation_type":1,"has_translations":true,"original":54777,"duplicates":[],"translations":{"lv":54777,"en":67641,"ru":null}},"supplier_id":null,"supplier_sku":"","barcode":null,"atum_controlled":true,"out_stock_date":null,"out_stock_threshold":null,"inheritable":false,"inbound_stock":0,"stock_on_hold":0,"sold_today":0,"sales_last_days":0,"reserved_stock":0,"customer_returns":0,"warehouse_damage":0,"lost_in_post":0,"other_logs":0,"out_stock_days":0,"lost_sales":0,"has_location":false,"update_date":"2025-12-30T14:30:34","atum_locations":[],"atum_stock_status":"instock","restock_status":false,"low_stock_amount":"","sales_update_date":"2025-11-13T14:08:14","calc_backorders":null,"yoast_head":"<!-- This site is optimized with the Yoast SEO plugin v27.3 - https:\/\/yoast.com\/product\/yoast-seo-wordpress\/ -->\n<title>(Oxygen forest) ultraska\u0146as alum\u012bnija pl\u0113ves piknika pakl\u0101ji\u0146\u0161<\/title>\n<meta name=\"description\" content=\"Alum\u012bnija pl\u0113ves piknika pakl\u0101ji\u0146\u0161.\" \/>\n<meta name=\"robots\" content=\"index, follow, max-snippet:-1, max-image-preview:large, max-video-preview:-1\" \/>\n<link rel=\"canonical\" href=\"https:\/\/gohike.lv\/ru\/produkts\/oxygen-forest-ultraskanas-aluminija-pleves-piknika-paklajins\/\" \/>\n<meta property=\"og:locale\" content=\"ru_RU\" \/>\n<meta property=\"og:type\" content=\"article\" \/>\n<meta property=\"og:title\" content=\"(Oxygen forest) ultraska\u0146as alum\u012bnija pl\u0113ves piknika pakl\u0101ji\u0146\u0161\" \/>\n<meta property=\"og:description\" content=\"Alum\u012bnija pl\u0113ves piknika pakl\u0101ji\u0146\u0161.\" \/>\n<meta property=\"og:url\" content=\"https:\/\/gohike.lv\/ru\/produkts\/oxygen-forest-ultraskanas-aluminija-pleves-piknika-paklajins\/\" \/>\n<meta property=\"og:site_name\" content=\"GoHike\" \/>\n<meta property=\"article:publisher\" content=\"https:\/\/www.facebook.com\/gohike.shop\/\" \/>\n<meta property=\"article:modified_time\" content=\"2025-12-30T14:24:34+00:00\" \/>\n<meta property=\"og:image\" content=\"https:\/\/gohike.lv\/wp-content\/uploads\/2024\/05\/1487-otbqwers-large.png\" \/>\n\t<meta property=\"og:image:width\" content=\"600\" \/>\n\t<meta property=\"og:image:height\" content=\"600\" \/>\n\t<meta property=\"og:image:type\" content=\"image\/png\" \/>\n<meta name=\"twitter:card\" content=\"summary_large_image\" \/>\n<meta name=\"twitter:label1\" content=\"\u041f\u0440\u0438\u043c\u0435\u0440\u043d\u043e\u0435 \u0432\u0440\u0435\u043c\u044f \u0434\u043b\u044f \u0447\u0442\u0435\u043d\u0438\u044f\" \/>\n\t<meta name=\"twitter:data1\" content=\"1 \u043c\u0438\u043d\u0443\u0442\u0430\" \/>\n<script type=\"application\/ld+json\" class=\"yoast-schema-graph\">{\"@context\":\"https:\\\/\\\/schema.org\",\"@graph\":[{\"@type\":[\"WebPage\",\"ItemPage\"],\"@id\":\"https:\\\/\\\/gohike.lv\\\/ru\\\/produkts\\\/oxygen-forest-ultraskanas-aluminija-pleves-piknika-paklajins\\\/\",\"url\":\"https:\\\/\\\/gohike.lv\\\/ru\\\/produkts\\\/oxygen-forest-ultraskanas-aluminija-pleves-piknika-paklajins\\\/\",\"name\":\"(Oxygen forest) ultraska\u0146as alum\u012bnija pl\u0113ves piknika pakl\u0101ji\u0146\u0161\",\"isPartOf\":{\"@id\":\"https:\\\/\\\/gohike.lv\\\/ru\\\/#website\"},\"primaryImageOfPage\":{\"@id\":\"https:\\\/\\\/gohike.lv\\\/ru\\\/produkts\\\/oxygen-forest-ultraskanas-aluminija-pleves-piknika-paklajins\\\/#primaryimage\"},\"image\":{\"@id\":\"https:\\\/\\\/gohike.lv\\\/ru\\\/produkts\\\/oxygen-forest-ultraskanas-aluminija-pleves-piknika-paklajins\\\/#primaryimage\"},\"thumbnailUrl\":\"https:\\\/\\\/gohike.lv\\\/wp-content\\\/uploads\\\/2024\\\/05\\\/1487-otbqwers-large.png\",\"datePublished\":\"2024-05-23T10:20:44+00:00\",\"dateModified\":\"2025-12-30T14:24:34+00:00\",\"description\":\"Alum\u012bnija pl\u0113ves piknika pakl\u0101ji\u0146\u0161.\",\"breadcrumb\":{\"@id\":\"https:\\\/\\\/gohike.lv\\\/ru\\\/produkts\\\/oxygen-forest-ultraskanas-aluminija-pleves-piknika-paklajins\\\/#breadcrumb\"},\"inLanguage\":\"ru-RU\",\"potentialAction\":[{\"@type\":\"ReadAction\",\"target\":[\"https:\\\/\\\/gohike.lv\\\/ru\\\/produkts\\\/oxygen-forest-ultraskanas-aluminija-pleves-piknika-paklajins\\\/\"]}]},{\"@type\":\"ImageObject\",\"inLanguage\":\"ru-RU\",\"@id\":\"https:\\\/\\\/gohike.lv\\\/ru\\\/produkts\\\/oxygen-forest-ultraskanas-aluminija-pleves-piknika-paklajins\\\/#primaryimage\",\"url\":\"https:\\\/\\\/gohike.lv\\\/wp-content\\\/uploads\\\/2024\\\/05\\\/1487-otbqwers-large.png\",\"contentUrl\":\"https:\\\/\\\/gohike.lv\\\/wp-content\\\/uploads\\\/2024\\\/05\\\/1487-otbqwers-large.png\",\"width\":600,\"height\":600},{\"@type\":\"BreadcrumbList\",\"@id\":\"https:\\\/\\\/gohike.lv\\\/ru\\\/produkts\\\/oxygen-forest-ultraskanas-aluminija-pleves-piknika-paklajins\\\/#breadcrumb\",\"itemListElement\":[{\"@type\":\"ListItem\",\"position\":1,\"name\":\"\u0413\u043b\u0430\u0432\u043d\u0430\u044f\",\"item\":\"https:\\\/\\\/gohike.lv\\\/ru\\\/\"},{\"@type\":\"ListItem\",\"position\":2,\"name\":\"\u041a\u0430\u0442\u0435\u0433\u043e\u0440\u0438\u0438 \u0442\u043e\u0432\u0430\u0440\u043e\u0432\",\"item\":\"https:\\\/\\\/gohike.lv\\\/%d0%ba%d0%b0%d1%82%d0%b5%d0%b3%d0%be%d1%80%d0%b8%d0%b8-%d1%82%d0%be%d0%b2%d0%b0%d1%80%d0%be%d0%b2\\\/\"},{\"@type\":\"ListItem\",\"position\":3,\"name\":\"(Oxygen forest) ultraska\u0146as alum\u012bnija pl\u0113ves piknika pakl\u0101ji\u0146\u0161\"}]},{\"@type\":\"WebSite\",\"@id\":\"https:\\\/\\\/gohike.lv\\\/ru\\\/#website\",\"url\":\"https:\\\/\\\/gohike.lv\\\/ru\\\/\",\"name\":\"GoHike\",\"description\":\"\",\"publisher\":{\"@id\":\"https:\\\/\\\/gohike.lv\\\/ru\\\/#organization\"},\"potentialAction\":[{\"@type\":\"SearchAction\",\"target\":{\"@type\":\"EntryPoint\",\"urlTemplate\":\"https:\\\/\\\/gohike.lv\\\/ru\\\/?s={search_term_string}\"},\"query-input\":{\"@type\":\"PropertyValueSpecification\",\"valueRequired\":true,\"valueName\":\"search_term_string\"}}],\"inLanguage\":\"ru-RU\"},{\"@type\":\"Organization\",\"@id\":\"https:\\\/\\\/gohike.lv\\\/ru\\\/#organization\",\"name\":\"GoHike\",\"url\":\"https:\\\/\\\/gohike.lv\\\/ru\\\/\",\"logo\":{\"@type\":\"ImageObject\",\"inLanguage\":\"ru-RU\",\"@id\":\"https:\\\/\\\/gohike.lv\\\/ru\\\/#\\\/schema\\\/logo\\\/image\\\/\",\"url\":\"https:\\\/\\\/gohike.lv\\\/wp-content\\\/uploads\\\/2023\\\/08\\\/Logo_GoHike.webp\",\"contentUrl\":\"https:\\\/\\\/gohike.lv\\\/wp-content\\\/uploads\\\/2023\\\/08\\\/Logo_GoHike.webp\",\"width\":512,\"height\":512,\"caption\":\"GoHike\"},\"image\":{\"@id\":\"https:\\\/\\\/gohike.lv\\\/ru\\\/#\\\/schema\\\/logo\\\/image\\\/\"},\"sameAs\":[\"https:\\\/\\\/www.facebook.com\\\/gohike.shop\\\/\",\"https:\\\/\\\/www.instagram.com\\\/gohike.shop\\\/\"]}]}<\/script>\n<!-- \/ Yoast SEO plugin. -->","yoast_head_json":{"title":"(Oxygen forest) ultraska\u0146as alum\u012bnija pl\u0113ves piknika pakl\u0101ji\u0146\u0161","description":"Alum\u012bnija pl\u0113ves piknika pakl\u0101ji\u0146\u0161.","robots":{"index":"index","follow":"follow","max-snippet":"max-snippet:-1","max-image-preview":"max-image-preview:large","max-video-preview":"max-video-preview:-1"},"canonical":"https:\/\/gohike.lv\/ru\/produkts\/oxygen-forest-ultraskanas-aluminija-pleves-piknika-paklajins\/","og_locale":"ru_RU","og_type":"article","og_title":"(Oxygen forest) ultraska\u0146as alum\u012bnija pl\u0113ves piknika pakl\u0101ji\u0146\u0161","og_description":"Alum\u012bnija pl\u0113ves piknika pakl\u0101ji\u0146\u0161.","og_url":"https:\/\/gohike.lv\/ru\/produkts\/oxygen-forest-ultraskanas-aluminija-pleves-piknika-paklajins\/","og_site_name":"GoHike","article_publisher":"https:\/\/www.facebook.com\/gohike.shop\/","article_modified_time":"2025-12-30T14:24:34+00:00","og_image":[{"width":600,"height":600,"url":"https:\/\/gohike.lv\/wp-content\/uploads\/2024\/05\/1487-otbqwers-large.png","type":"image\/png"}],"twitter_card":"summary_large_image","twitter_misc":{"\u041f\u0440\u0438\u043c\u0435\u0440\u043d\u043e\u0435 \u0432\u0440\u0435\u043c\u044f \u0434\u043b\u044f \u0447\u0442\u0435\u043d\u0438\u044f":"1 \u043c\u0438\u043d\u0443\u0442\u0430"},"schema":{"@context":"https:\/\/schema.org","@graph":[{"@type":["WebPage","ItemPage"],"@id":"https:\/\/gohike.lv\/ru\/produkts\/oxygen-forest-ultraskanas-aluminija-pleves-piknika-paklajins\/","url":"https:\/\/gohike.lv\/ru\/produkts\/oxygen-forest-ultraskanas-aluminija-pleves-piknika-paklajins\/","name":"(Oxygen forest) ultraska\u0146as alum\u012bnija pl\u0113ves piknika pakl\u0101ji\u0146\u0161","isPartOf":{"@id":"https:\/\/gohike.lv\/ru\/#website"},"primaryImageOfPage":{"@id":"https:\/\/gohike.lv\/ru\/produkts\/oxygen-forest-ultraskanas-aluminija-pleves-piknika-paklajins\/#primaryimage"},"image":{"@id":"https:\/\/gohike.lv\/ru\/produkts\/oxygen-forest-ultraskanas-aluminija-pleves-piknika-paklajins\/#primaryimage"},"thumbnailUrl":"https:\/\/gohike.lv\/wp-content\/uploads\/2024\/05\/1487-otbqwers-large.png","datePublished":"2024-05-23T10:20:44+00:00","dateModified":"2025-12-30T14:24:34+00:00","description":"Alum\u012bnija pl\u0113ves piknika pakl\u0101ji\u0146\u0161.","breadcrumb":{"@id":"https:\/\/gohike.lv\/ru\/produkts\/oxygen-forest-ultraskanas-aluminija-pleves-piknika-paklajins\/#breadcrumb"},"inLanguage":"ru-RU","potentialAction":[{"@type":"ReadAction","target":["https:\/\/gohike.lv\/ru\/produkts\/oxygen-forest-ultraskanas-aluminija-pleves-piknika-paklajins\/"]}]},{"@type":"ImageObject","inLanguage":"ru-RU","@id":"https:\/\/gohike.lv\/ru\/produkts\/oxygen-forest-ultraskanas-aluminija-pleves-piknika-paklajins\/#primaryimage","url":"https:\/\/gohike.lv\/wp-content\/uploads\/2024\/05\/1487-otbqwers-large.png","contentUrl":"https:\/\/gohike.lv\/wp-content\/uploads\/2024\/05\/1487-otbqwers-large.png","width":600,"height":600},{"@type":"BreadcrumbList","@id":"https:\/\/gohike.lv\/ru\/produkts\/oxygen-forest-ultraskanas-aluminija-pleves-piknika-paklajins\/#breadcrumb","itemListElement":[{"@type":"ListItem","position":1,"name":"\u0413\u043b\u0430\u0432\u043d\u0430\u044f","item":"https:\/\/gohike.lv\/ru\/"},{"@type":"ListItem","position":2,"name":"\u041a\u0430\u0442\u0435\u0433\u043e\u0440\u0438\u0438 \u0442\u043e\u0432\u0430\u0440\u043e\u0432","item":"https:\/\/gohike.lv\/%d0%ba%d0%b0%d1%82%d0%b5%d0%b3%d0%be%d1%80%d0%b8%d0%b8-%d1%82%d0%be%d0%b2%d0%b0%d1%80%d0%be%d0%b2\/"},{"@type":"ListItem","position":3,"name":"(Oxygen forest) ultraska\u0146as alum\u012bnija pl\u0113ves piknika pakl\u0101ji\u0146\u0161"}]},{"@type":"WebSite","@id":"https:\/\/gohike.lv\/ru\/#website","url":"https:\/\/gohike.lv\/ru\/","name":"GoHike","description":"","publisher":{"@id":"https:\/\/gohike.lv\/ru\/#organization"},"potentialAction":[{"@type":"SearchAction","target":{"@type":"EntryPoint","urlTemplate":"https:\/\/gohike.lv\/ru\/?s={search_term_string}"},"query-input":{"@type":"PropertyValueSpecification","valueRequired":true,"valueName":"search_term_string"}}],"inLanguage":"ru-RU"},{"@type":"Organization","@id":"https:\/\/gohike.lv\/ru\/#organization","name":"GoHike","url":"https:\/\/gohike.lv\/ru\/","logo":{"@type":"ImageObject","inLanguage":"ru-RU","@id":"https:\/\/gohike.lv\/ru\/#\/schema\/logo\/image\/","url":"https:\/\/gohike.lv\/wp-content\/uploads\/2023\/08\/Logo_GoHike.webp","contentUrl":"https:\/\/gohike.lv\/wp-content\/uploads\/2023\/08\/Logo_GoHike.webp","width":512,"height":512,"caption":"GoHike"},"image":{"@id":"https:\/\/gohike.lv\/ru\/#\/schema\/logo\/image\/"},"sameAs":["https:\/\/www.facebook.com\/gohike.shop\/","https:\/\/www.instagram.com\/gohike.shop\/"]}]}},"jetpack_sharing_enabled":true,"_links":{"self":[{"href":"https:\/\/gohike.lv\/ru\/wp-json\/wp\/v2\/product\/54777","targetHints":{"allow":["GET"]}}],"collection":[{"href":"https:\/\/gohike.lv\/ru\/wp-json\/wp\/v2\/product"}],"about":[{"href":"https:\/\/gohike.lv\/ru\/wp-json\/wp\/v2\/types\/product"}],"version-history":[{"count":0,"href":"https:\/\/gohike.lv\/ru\/wp-json\/wp\/v2\/product\/54777\/revisions"}],"wp:featuredmedia":[{"embeddable":true,"href":"https:\/\/gohike.lv\/ru\/wp-json\/wp\/v2\/media\/54775"}],"wp:attachment":[{"href":"https:\/\/gohike.lv\/ru\/wp-json\/wp\/v2\/media?parent=54777"}],"wp:term":[{"taxonomy":"product_brand","embeddable":true,"href":"https:\/\/gohike.lv\/ru\/wp-json\/wp\/v2\/product_brand?post=54777"},{"taxonomy":"product_cat","embeddable":true,"href":"https:\/\/gohike.lv\/ru\/wp-json\/wp\/v2\/product_cat?post=54777"},{"taxonomy":"product_tag","embeddable":true,"href":"https:\/\/gohike.lv\/ru\/wp-json\/wp\/v2\/product_tag?post=54777"}],"curies":[{"name":"wp","href":"https:\/\/api.w.org\/{rel}","templated":true}]}}