{"id":54731,"date":"2024-05-21T16:56:15","date_gmt":"2024-05-21T13:56:15","guid":{"rendered":"https:\/\/gohike.lv\/produkts\/due-cigni-zagis-300mm\/"},"modified":"2026-03-06T21:37:32","modified_gmt":"2026-03-06T18:37:32","slug":"due-cigni-zagis-300mm","status":"publish","type":"product","link":"https:\/\/gohike.lv\/ru\/produkts\/due-cigni-zagis-300mm\/","title":{"rendered":"Due Cigni &#8212; Z\u0101\u0123is 300mm"},"content":{"rendered":"<p>Rokturis ir izgatavots no termoplastiskas gumijas.<br \/>\nZ\u0101\u0123is ir apr\u012bkots ar plastmasas apvalku dro\u0161ai uzglab\u0101\u0161anai un transport\u0113\u0161anai kabat\u0101, som\u0101 vai automa\u0161\u012bn\u0101.<br \/>\nKorpusam ir cilpa \u0101trai piestiprin\u0101\u0161anai pie jostas, un roktur\u012b ir caurums \u0161tropei.<br \/>\nDue Cigni fiks\u0113tais z\u0101\u0123is k\u013c\u016bs par uzticamu pal\u012bgu ne tikai d\u0101rz\u0101, bet ar\u012b atp\u016bt\u0101 br\u012bv\u0101 dab\u0101 un kemping\u0101.<\/p>\n","protected":false},"excerpt":{"rendered":"<p>Mode\u013ca asmens ir izgatavots no Jap\u0101\u0146u augstas oglek\u013ca t\u0113rauda markas SK-5 ar Rokvela ciet\u012bbu 52-55 HRC p\u0113c Rokvela skalas.<\/p>\n","protected":false},"featured_media":54733,"template":"","meta":[],"product_brand":[15367],"product_cat":[9447,1056],"product_tag":[],"class_list":{"0":"post-54731","1":"product","2":"type-product","3":"status-publish","4":"has-post-thumbnail","6":"product_brand-due-cigni-ru","7":"product_cat-izpardosana","8":"product_cat-nazi-un-zagi","9":"pa_produkta-tips-zagi","11":"first","12":"instock","13":"sale","14":"taxable","15":"shipping-taxable","16":"purchasable","17":"product-type-simple"},"raw_content":{"name":"Due Cigni - Z\u0101\u0123is 300mm","description":"Rokturis ir izgatavots no termoplastiskas gumijas.\nZ\u0101\u0123is ir apr\u012bkots ar plastmasas apvalku dro\u0161ai uzglab\u0101\u0161anai un transport\u0113\u0161anai kabat\u0101, som\u0101 vai automa\u0161\u012bn\u0101.\nKorpusam ir cilpa \u0101trai piestiprin\u0101\u0161anai pie jostas, un roktur\u012b ir caurums \u0161tropei.\nDue Cigni fiks\u0113tais z\u0101\u0123is k\u013c\u016bs par uzticamu pal\u012bgu ne tikai d\u0101rz\u0101, bet ar\u012b atp\u016bt\u0101 br\u012bv\u0101 dab\u0101 un kemping\u0101.","short_description":"Mode\u013ca asmens ir izgatavots no Jap\u0101\u0146u augstas oglek\u013ca t\u0113rauda markas SK-5 ar Rokvela ciet\u012bbu 52-55 HRC p\u0113c Rokvela skalas.","status":"publish","sku":"2C365\/30","original":54731},"wpml":{"translation_type":1,"has_translations":true,"original":54731,"duplicates":[],"translations":{"lv":54731,"en":67293,"ru":null}},"supplier_id":null,"supplier_sku":"","barcode":null,"atum_controlled":true,"out_stock_date":null,"out_stock_threshold":null,"inheritable":false,"inbound_stock":0,"stock_on_hold":0,"sold_today":0,"sales_last_days":0,"reserved_stock":0,"customer_returns":0,"warehouse_damage":0,"lost_in_post":0,"other_logs":0,"out_stock_days":0,"lost_sales":0,"has_location":false,"update_date":"2026-03-06T18:37:34","atum_locations":[],"atum_stock_status":"instock","restock_status":false,"low_stock_amount":"","sales_update_date":"2025-11-13T14:08:26","calc_backorders":null,"yoast_head":"<!-- This site is optimized with the Yoast SEO plugin v27.3 - https:\/\/yoast.com\/product\/yoast-seo-wordpress\/ -->\n<title>Due Cigni - Z\u0101\u0123is 300mm<\/title>\n<meta name=\"description\" content=\"Mode\u013ca asmens ir izgatavots no Jap\u0101\u0146u augstas oglek\u013ca t\u0113rauda markas SK-5 ar Rokvela ciet\u012bbu 52-55 HRC p\u0113c Rokvela skalas.\" \/>\n<meta name=\"robots\" content=\"index, follow, max-snippet:-1, max-image-preview:large, max-video-preview:-1\" \/>\n<link rel=\"canonical\" href=\"https:\/\/gohike.lv\/ru\/produkts\/due-cigni-zagis-300mm\/\" \/>\n<meta property=\"og:locale\" content=\"ru_RU\" \/>\n<meta property=\"og:type\" content=\"article\" \/>\n<meta property=\"og:title\" content=\"Due Cigni - N\u0101\u017ei un z\u0101\u0123i - Z\u0101\u0123i\" \/>\n<meta property=\"og:description\" content=\"Mode\u013ca asmens ir izgatavots no Jap\u0101\u0146u augstas oglek\u013ca t\u0113rauda markas SK-5 ar Rokvela ciet\u012bbu 52-55 HRC p\u0113c Rokvela skalas.\" \/>\n<meta property=\"og:url\" content=\"https:\/\/gohike.lv\/ru\/produkts\/due-cigni-zagis-300mm\/\" \/>\n<meta property=\"og:site_name\" content=\"GoHike\" \/>\n<meta property=\"article:publisher\" content=\"https:\/\/www.facebook.com\/gohike.shop\/\" \/>\n<meta property=\"article:modified_time\" content=\"2026-03-06T18:37:32+00:00\" \/>\n<meta property=\"og:image\" content=\"https:\/\/gohike.lv\/wp-content\/uploads\/2024\/05\/DC30saw.webp\" \/>\n\t<meta property=\"og:image:width\" content=\"970\" \/>\n\t<meta property=\"og:image:height\" content=\"970\" \/>\n\t<meta property=\"og:image:type\" content=\"image\/webp\" \/>\n<meta name=\"twitter:card\" content=\"summary_large_image\" \/>\n<meta name=\"twitter:title\" content=\"Due Cigni - N\u0101\u017ei un z\u0101\u0123i - Z\u0101\u0123i\" \/>\n<meta name=\"twitter:label1\" content=\"\u041f\u0440\u0438\u043c\u0435\u0440\u043d\u043e\u0435 \u0432\u0440\u0435\u043c\u044f \u0434\u043b\u044f \u0447\u0442\u0435\u043d\u0438\u044f\" \/>\n\t<meta name=\"twitter:data1\" content=\"1 \u043c\u0438\u043d\u0443\u0442\u0430\" \/>\n<script type=\"application\/ld+json\" class=\"yoast-schema-graph\">{\"@context\":\"https:\\\/\\\/schema.org\",\"@graph\":[{\"@type\":[\"WebPage\",\"ItemPage\"],\"@id\":\"https:\\\/\\\/gohike.lv\\\/ru\\\/produkts\\\/due-cigni-zagis-300mm\\\/\",\"url\":\"https:\\\/\\\/gohike.lv\\\/ru\\\/produkts\\\/due-cigni-zagis-300mm\\\/\",\"name\":\"Due Cigni - Z\u0101\u0123is 300mm\",\"isPartOf\":{\"@id\":\"https:\\\/\\\/gohike.lv\\\/ru\\\/#website\"},\"primaryImageOfPage\":{\"@id\":\"https:\\\/\\\/gohike.lv\\\/ru\\\/produkts\\\/due-cigni-zagis-300mm\\\/#primaryimage\"},\"image\":{\"@id\":\"https:\\\/\\\/gohike.lv\\\/ru\\\/produkts\\\/due-cigni-zagis-300mm\\\/#primaryimage\"},\"thumbnailUrl\":\"https:\\\/\\\/gohike.lv\\\/wp-content\\\/uploads\\\/2024\\\/05\\\/DC30saw.webp\",\"datePublished\":\"2024-05-21T13:56:15+00:00\",\"dateModified\":\"2026-03-06T18:37:32+00:00\",\"description\":\"Mode\u013ca asmens ir izgatavots no Jap\u0101\u0146u augstas oglek\u013ca t\u0113rauda markas SK-5 ar Rokvela ciet\u012bbu 52-55 HRC p\u0113c Rokvela skalas.\",\"breadcrumb\":{\"@id\":\"https:\\\/\\\/gohike.lv\\\/ru\\\/produkts\\\/due-cigni-zagis-300mm\\\/#breadcrumb\"},\"inLanguage\":\"ru-RU\",\"potentialAction\":[{\"@type\":\"ReadAction\",\"target\":[\"https:\\\/\\\/gohike.lv\\\/ru\\\/produkts\\\/due-cigni-zagis-300mm\\\/\"]}]},{\"@type\":\"ImageObject\",\"inLanguage\":\"ru-RU\",\"@id\":\"https:\\\/\\\/gohike.lv\\\/ru\\\/produkts\\\/due-cigni-zagis-300mm\\\/#primaryimage\",\"url\":\"https:\\\/\\\/gohike.lv\\\/wp-content\\\/uploads\\\/2024\\\/05\\\/DC30saw.webp\",\"contentUrl\":\"https:\\\/\\\/gohike.lv\\\/wp-content\\\/uploads\\\/2024\\\/05\\\/DC30saw.webp\",\"width\":970,\"height\":970},{\"@type\":\"BreadcrumbList\",\"@id\":\"https:\\\/\\\/gohike.lv\\\/ru\\\/produkts\\\/due-cigni-zagis-300mm\\\/#breadcrumb\",\"itemListElement\":[{\"@type\":\"ListItem\",\"position\":1,\"name\":\"\u0413\u043b\u0430\u0432\u043d\u0430\u044f\",\"item\":\"https:\\\/\\\/gohike.lv\\\/ru\\\/\"},{\"@type\":\"ListItem\",\"position\":2,\"name\":\"\u041a\u0430\u0442\u0435\u0433\u043e\u0440\u0438\u0438 \u0442\u043e\u0432\u0430\u0440\u043e\u0432\",\"item\":\"https:\\\/\\\/gohike.lv\\\/%d0%ba%d0%b0%d1%82%d0%b5%d0%b3%d0%be%d1%80%d0%b8%d0%b8-%d1%82%d0%be%d0%b2%d0%b0%d1%80%d0%be%d0%b2\\\/\"},{\"@type\":\"ListItem\",\"position\":3,\"name\":\"Due Cigni &#8211; Z\u0101\u0123is 300mm\"}]},{\"@type\":\"WebSite\",\"@id\":\"https:\\\/\\\/gohike.lv\\\/ru\\\/#website\",\"url\":\"https:\\\/\\\/gohike.lv\\\/ru\\\/\",\"name\":\"GoHike\",\"description\":\"\",\"publisher\":{\"@id\":\"https:\\\/\\\/gohike.lv\\\/ru\\\/#organization\"},\"potentialAction\":[{\"@type\":\"SearchAction\",\"target\":{\"@type\":\"EntryPoint\",\"urlTemplate\":\"https:\\\/\\\/gohike.lv\\\/ru\\\/?s={search_term_string}\"},\"query-input\":{\"@type\":\"PropertyValueSpecification\",\"valueRequired\":true,\"valueName\":\"search_term_string\"}}],\"inLanguage\":\"ru-RU\"},{\"@type\":\"Organization\",\"@id\":\"https:\\\/\\\/gohike.lv\\\/ru\\\/#organization\",\"name\":\"GoHike\",\"url\":\"https:\\\/\\\/gohike.lv\\\/ru\\\/\",\"logo\":{\"@type\":\"ImageObject\",\"inLanguage\":\"ru-RU\",\"@id\":\"https:\\\/\\\/gohike.lv\\\/ru\\\/#\\\/schema\\\/logo\\\/image\\\/\",\"url\":\"https:\\\/\\\/gohike.lv\\\/wp-content\\\/uploads\\\/2023\\\/08\\\/Logo_GoHike.webp\",\"contentUrl\":\"https:\\\/\\\/gohike.lv\\\/wp-content\\\/uploads\\\/2023\\\/08\\\/Logo_GoHike.webp\",\"width\":512,\"height\":512,\"caption\":\"GoHike\"},\"image\":{\"@id\":\"https:\\\/\\\/gohike.lv\\\/ru\\\/#\\\/schema\\\/logo\\\/image\\\/\"},\"sameAs\":[\"https:\\\/\\\/www.facebook.com\\\/gohike.shop\\\/\",\"https:\\\/\\\/www.instagram.com\\\/gohike.shop\\\/\"]}]}<\/script>\n<!-- \/ Yoast SEO plugin. -->","yoast_head_json":{"title":"Due Cigni - Z\u0101\u0123is 300mm","description":"Mode\u013ca asmens ir izgatavots no Jap\u0101\u0146u augstas oglek\u013ca t\u0113rauda markas SK-5 ar Rokvela ciet\u012bbu 52-55 HRC p\u0113c Rokvela skalas.","robots":{"index":"index","follow":"follow","max-snippet":"max-snippet:-1","max-image-preview":"max-image-preview:large","max-video-preview":"max-video-preview:-1"},"canonical":"https:\/\/gohike.lv\/ru\/produkts\/due-cigni-zagis-300mm\/","og_locale":"ru_RU","og_type":"article","og_title":"Due Cigni - N\u0101\u017ei un z\u0101\u0123i - Z\u0101\u0123i","og_description":"Mode\u013ca asmens ir izgatavots no Jap\u0101\u0146u augstas oglek\u013ca t\u0113rauda markas SK-5 ar Rokvela ciet\u012bbu 52-55 HRC p\u0113c Rokvela skalas.","og_url":"https:\/\/gohike.lv\/ru\/produkts\/due-cigni-zagis-300mm\/","og_site_name":"GoHike","article_publisher":"https:\/\/www.facebook.com\/gohike.shop\/","article_modified_time":"2026-03-06T18:37:32+00:00","og_image":[{"width":970,"height":970,"url":"https:\/\/gohike.lv\/wp-content\/uploads\/2024\/05\/DC30saw.webp","type":"image\/webp"}],"twitter_card":"summary_large_image","twitter_title":"Due Cigni - N\u0101\u017ei un z\u0101\u0123i - Z\u0101\u0123i","twitter_misc":{"\u041f\u0440\u0438\u043c\u0435\u0440\u043d\u043e\u0435 \u0432\u0440\u0435\u043c\u044f \u0434\u043b\u044f \u0447\u0442\u0435\u043d\u0438\u044f":"1 \u043c\u0438\u043d\u0443\u0442\u0430"},"schema":{"@context":"https:\/\/schema.org","@graph":[{"@type":["WebPage","ItemPage"],"@id":"https:\/\/gohike.lv\/ru\/produkts\/due-cigni-zagis-300mm\/","url":"https:\/\/gohike.lv\/ru\/produkts\/due-cigni-zagis-300mm\/","name":"Due Cigni - Z\u0101\u0123is 300mm","isPartOf":{"@id":"https:\/\/gohike.lv\/ru\/#website"},"primaryImageOfPage":{"@id":"https:\/\/gohike.lv\/ru\/produkts\/due-cigni-zagis-300mm\/#primaryimage"},"image":{"@id":"https:\/\/gohike.lv\/ru\/produkts\/due-cigni-zagis-300mm\/#primaryimage"},"thumbnailUrl":"https:\/\/gohike.lv\/wp-content\/uploads\/2024\/05\/DC30saw.webp","datePublished":"2024-05-21T13:56:15+00:00","dateModified":"2026-03-06T18:37:32+00:00","description":"Mode\u013ca asmens ir izgatavots no Jap\u0101\u0146u augstas oglek\u013ca t\u0113rauda markas SK-5 ar Rokvela ciet\u012bbu 52-55 HRC p\u0113c Rokvela skalas.","breadcrumb":{"@id":"https:\/\/gohike.lv\/ru\/produkts\/due-cigni-zagis-300mm\/#breadcrumb"},"inLanguage":"ru-RU","potentialAction":[{"@type":"ReadAction","target":["https:\/\/gohike.lv\/ru\/produkts\/due-cigni-zagis-300mm\/"]}]},{"@type":"ImageObject","inLanguage":"ru-RU","@id":"https:\/\/gohike.lv\/ru\/produkts\/due-cigni-zagis-300mm\/#primaryimage","url":"https:\/\/gohike.lv\/wp-content\/uploads\/2024\/05\/DC30saw.webp","contentUrl":"https:\/\/gohike.lv\/wp-content\/uploads\/2024\/05\/DC30saw.webp","width":970,"height":970},{"@type":"BreadcrumbList","@id":"https:\/\/gohike.lv\/ru\/produkts\/due-cigni-zagis-300mm\/#breadcrumb","itemListElement":[{"@type":"ListItem","position":1,"name":"\u0413\u043b\u0430\u0432\u043d\u0430\u044f","item":"https:\/\/gohike.lv\/ru\/"},{"@type":"ListItem","position":2,"name":"\u041a\u0430\u0442\u0435\u0433\u043e\u0440\u0438\u0438 \u0442\u043e\u0432\u0430\u0440\u043e\u0432","item":"https:\/\/gohike.lv\/%d0%ba%d0%b0%d1%82%d0%b5%d0%b3%d0%be%d1%80%d0%b8%d0%b8-%d1%82%d0%be%d0%b2%d0%b0%d1%80%d0%be%d0%b2\/"},{"@type":"ListItem","position":3,"name":"Due Cigni &#8211; Z\u0101\u0123is 300mm"}]},{"@type":"WebSite","@id":"https:\/\/gohike.lv\/ru\/#website","url":"https:\/\/gohike.lv\/ru\/","name":"GoHike","description":"","publisher":{"@id":"https:\/\/gohike.lv\/ru\/#organization"},"potentialAction":[{"@type":"SearchAction","target":{"@type":"EntryPoint","urlTemplate":"https:\/\/gohike.lv\/ru\/?s={search_term_string}"},"query-input":{"@type":"PropertyValueSpecification","valueRequired":true,"valueName":"search_term_string"}}],"inLanguage":"ru-RU"},{"@type":"Organization","@id":"https:\/\/gohike.lv\/ru\/#organization","name":"GoHike","url":"https:\/\/gohike.lv\/ru\/","logo":{"@type":"ImageObject","inLanguage":"ru-RU","@id":"https:\/\/gohike.lv\/ru\/#\/schema\/logo\/image\/","url":"https:\/\/gohike.lv\/wp-content\/uploads\/2023\/08\/Logo_GoHike.webp","contentUrl":"https:\/\/gohike.lv\/wp-content\/uploads\/2023\/08\/Logo_GoHike.webp","width":512,"height":512,"caption":"GoHike"},"image":{"@id":"https:\/\/gohike.lv\/ru\/#\/schema\/logo\/image\/"},"sameAs":["https:\/\/www.facebook.com\/gohike.shop\/","https:\/\/www.instagram.com\/gohike.shop\/"]}]}},"jetpack_sharing_enabled":true,"_links":{"self":[{"href":"https:\/\/gohike.lv\/ru\/wp-json\/wp\/v2\/product\/54731","targetHints":{"allow":["GET"]}}],"collection":[{"href":"https:\/\/gohike.lv\/ru\/wp-json\/wp\/v2\/product"}],"about":[{"href":"https:\/\/gohike.lv\/ru\/wp-json\/wp\/v2\/types\/product"}],"version-history":[{"count":0,"href":"https:\/\/gohike.lv\/ru\/wp-json\/wp\/v2\/product\/54731\/revisions"}],"wp:featuredmedia":[{"embeddable":true,"href":"https:\/\/gohike.lv\/ru\/wp-json\/wp\/v2\/media\/54733"}],"wp:attachment":[{"href":"https:\/\/gohike.lv\/ru\/wp-json\/wp\/v2\/media?parent=54731"}],"wp:term":[{"taxonomy":"product_brand","embeddable":true,"href":"https:\/\/gohike.lv\/ru\/wp-json\/wp\/v2\/product_brand?post=54731"},{"taxonomy":"product_cat","embeddable":true,"href":"https:\/\/gohike.lv\/ru\/wp-json\/wp\/v2\/product_cat?post=54731"},{"taxonomy":"product_tag","embeddable":true,"href":"https:\/\/gohike.lv\/ru\/wp-json\/wp\/v2\/product_tag?post=54731"}],"curies":[{"name":"wp","href":"https:\/\/api.w.org\/{rel}","templated":true}]}}